{"id":28907,"date":"2026-04-27T15:09:01","date_gmt":"2026-04-27T15:09:01","guid":{"rendered":""},"modified":"2026-04-27T15:09:01","modified_gmt":"2026-04-27T15:09:01","slug":"zlevneny-bruckner-schmitz-stojankova-drezova-baterie-chrom-28907","status":"publish","type":"product","link":"https:\/\/www.domstavpro.com\/produkt\/zlevneny-bruckner-schmitz-stojankova-drezova-baterie-chrom-28907\/","title":{"rendered":"Zlevn\u011bn\u00fd BRUCKNER SCHMITZ stoj\u00e1nkov\u00e1 d\u0159ezov\u00e1 baterie, chrom"},"content":{"rendered":"<div id=\"e7859039\" class=\"pages\">\n<div>\n<div id=\"PDDescription\" class=\"UserContentView userContent v1a v1 bs-view dcon dc164 PDDescription\" ><dc-con><dc-con><bs-empty><\/bs-empty><\/dc-con><dc-con>        <\/p>\n<div class=\"customDescription\">                    <\/div>\n<p><\/dc-con><dc-con><\/p>\n<h2 class=\"props-title\">Vlastnosti<\/h2>\n<table>\n<tr>\n<th>Zna\u010dka<\/th>\n<td>BRUCKNER<\/td>\n<\/tr>\n<tr>\n<th>S\u00e9rie<\/th>\n<td>SCHMITZ<\/td>\n<\/tr>\n<tr>\n<th>3D model<\/th>\n<td>ANO<\/td>\n<\/tr>\n<tr>\n<th>\u0160\u00ed\u0159ka<\/th>\n<td>48&nbsp;mm<\/td>\n<\/tr>\n<tr>\n<th>V\u00fd\u0161ka<\/th>\n<td>387&nbsp;mm<\/td>\n<\/tr>\n<tr>\n<th>Hloubka<\/th>\n<td>186&nbsp;mm<\/td>\n<\/tr>\n<tr>\n<th>Barva<\/th>\n<td>Chrom<\/td>\n<\/tr>\n<tr>\n<th>Materi\u00e1l<\/th>\n<td>Mosaz<\/td>\n<\/tr>\n<tr>\n<th>Tvar<\/th>\n<td>Kruhov\u00e9<\/td>\n<\/tr>\n<tr>\n<th>Instalace<\/th>\n<td>Stoj\u00e1nkov\u00e1<\/td>\n<\/tr>\n<tr>\n<th>Druh ovl\u00e1d\u00e1n\u00ed<\/th>\n<td>P\u00e1ka<\/td>\n<\/tr>\n<tr>\n<th>Pr\u016fm\u011br kartu\u0161e<\/th>\n<td>35&nbsp;mm<\/td>\n<\/tr>\n<tr>\n<th>V\u00fd\u0161ka v\u00fdtoku<\/th>\n<td>284&nbsp;mm<\/td>\n<\/tr>\n<tr>\n<th>Ostatn\u00ed<\/th>\n<td>Oto\u010dn\u00e9 ram\u00ednko<\/td>\n<\/tr>\n<tr>\n<th>Pr\u016ftok (3 bar)<\/th>\n<td>12.600&nbsp;l\/min<\/td>\n<\/tr>\n<tr>\n<th>Hmotnost \/ ks<\/th>\n<td>1.4900&nbsp;kg<\/td>\n<\/tr>\n<tr>\n<th>Balen\u00ed<\/th>\n<td>1&nbsp;ks<\/td>\n<\/tr>\n<tr>\n<th>EAN<\/th>\n<td>8590913878411<\/td>\n<\/tr>\n<tr>\n<th>Taric<\/th>\n<td>84818011<\/td>\n<\/tr>\n<tr>\n<th>Z\u00e1ruka<\/th>\n<td>7 let<\/td>\n<\/tr>\n<\/table>\n<p><\/dc-con><\/dc-con><\/div>\n<\/p><\/div>\n<div id=\"PDTable3\" class=\"ProductDetailTableView v3a v3 bs-view dcon dc185 PDTable3\" >\n<table>\n<thead><\/thead>\n<tbody>\n<tr class=\"attribute attr_ovladani\">\n<td class=\"caption\">Ovl\u00e1d\u00e1n\u00ed<\/td>\n<td class=\"value\">P\u00e1kov\u00e9<\/td>\n<\/tr>\n<tr class=\"attribute attr_typ\">\n<td class=\"caption\">Typ<\/td>\n<td class=\"value\">Stoj\u00e1nkov\u00e9 baterie<\/td>\n<\/tr>\n<tr class=\"attribute attr_pouziti\">\n<td class=\"caption\">Pou\u017eit\u00ed<\/td>\n<td class=\"value\">Umyvadlov\u00e9\/ D\u0159ezov\u00e9 baterie<\/td>\n<\/tr>\n<tr class=\"attribute attr_bsshop_maker\">\n<td class=\"caption\">V\u00fdrobce<\/td>\n<td class=\"value\">Bruckner<\/td>\n<\/tr>\n<tr class=\"attribute attr_sirka\">\n<td class=\"caption\">\u0160\u00ed\u0159ka v mm<\/td>\n<td class=\"value\">235<\/td>\n<\/tr>\n<tr class=\"attribute attr_Vyska\">\n<td class=\"caption\">V\u00fd\u0161ka v mm<\/td>\n<td class=\"value\">60<\/td>\n<\/tr>\n<tr class=\"weight\">\n<td class=\"caption\"><span>Hmotnost<\/span><\/td>\n<td class=\"value\"><span>1,49 kg<\/span><\/td>\n<\/tr>\n<\/tbody>\n<\/table>\n<\/div>\n<div id=\"ProductMedia\" class=\"ProductMediaView MediaViewBase v1a v1 bs-view dcon dc409 ProductMedia\" ><bs-empty><\/bs-empty><\/p>\n<div class=\"files\">\n<div class=\"title sub\">Soubory<\/div>\n<p><a href=\"\/media\/38547\/41345-navod-na-udrzbu-baterii-bruckner.pdf?&amp;key=ZGpmIyQwNUZfMzg1NDc=\" class=\"pdf\">Dokumenty &#8211; &#218;dr\u017eba_priloha_0<\/a><a href=\"\/media\/46798\/41345-863-060-1.dxf?&amp;key=ZGpmIyQwNUZfNDY3OTg=\" class=\"dxf\">Dokumenty &#8211; 3D modely_priloha_3<\/a><a href=\"\/media\/46799\/41345-863-060-1.3ds?&amp;key=ZGpmIyQwNUZfNDY3OTk=\" class=\"3ds\">Dokumenty &#8211; 3D modely_priloha_1<\/a><a href=\"\/media\/46800\/41345-863-060-1.dwg?&amp;key=ZGpmIyQwNUZfNDY4MDA=\" class=\"dwg\">Dokumenty &#8211; 3D modely_priloha_2<\/a><a href=\"\/media\/48821\/41345-zarucni-list-baterie-cely-bruckner-web.pdf?&amp;key=ZGpmIyQwNUZfNDg4MjE=\" class=\"pdf\">Dokumenty &#8211; Z&#225;ru\u010dn&#237; list_priloha_4<\/a><\/div>\n<p><bs-empty><\/bs-empty><\/div>\n<\/div>\n<div id=\"e7859040\" class=\"tabs\">\n","protected":false},"excerpt":{"rendered":"<p>Vlastnosti Zna\u010dka BRUCKNER S\u00e9rie SCHMITZ 3D model ANO \u0160\u00ed\u0159ka 48&nbsp;mm V\u00fd\u0161ka 387&nbsp;mm Hloubka 186&nbsp;mm Barva Chrom Materi\u00e1l Mosaz Tvar Kruhov\u00e9 Instalace Stoj\u00e1nkov\u00e1 Druh ovl\u00e1d\u00e1n\u00ed P\u00e1ka Pr\u016fm\u011br kartu\u0161e 35&nbsp;mm V\u00fd\u0161ka v\u00fdtoku 284&nbsp;mm Ostatn\u00ed Oto\u010dn\u00e9 ram\u00ednko Pr\u016ftok (3 bar) 12.600&nbsp;l\/min Hmotnost \/ ks 1.4900&nbsp;kg Balen\u00ed 1&nbsp;ks EAN 8590913878411 Taric 84818011 Z\u00e1ruka 7 let Ovl\u00e1d\u00e1n\u00ed P\u00e1kov\u00e9 Typ Stoj\u00e1nkov\u00e9 [&hellip;]<\/p>\n","protected":false},"featured_media":29007,"template":"","meta":[],"product_brand":[],"product_cat":[61],"product_tag":[],"class_list":{"0":"post-28907","1":"product","2":"type-product","3":"status-publish","4":"has-post-thumbnail","6":"product_cat-vybaven-237-koupelny","8":"first","9":"instock","10":"sale","11":"shipping-taxable","12":"purchasable","13":"product-type-simple"},"yoast_head":"<!-- This site is optimized with the Yoast SEO plugin v26.8 - https:\/\/yoast.com\/product\/yoast-seo-wordpress\/ -->\n<title>Zlevn\u011bn\u00fd BRUCKNER SCHMITZ stoj\u00e1nkov\u00e1 d\u0159ezov\u00e1 baterie, chrom -<\/title>\n<meta name=\"robots\" content=\"index, follow, max-snippet:-1, max-image-preview:large, max-video-preview:-1\" \/>\n<link rel=\"canonical\" href=\"https:\/\/www.domstavpro.com\/index.php\/produkt\/zlevneny-bruckner-schmitz-stojankova-drezova-baterie-chrom-28907\/\" \/>\n<meta property=\"og:locale\" content=\"cs_CZ\" \/>\n<meta property=\"og:type\" content=\"article\" \/>\n<meta property=\"og:title\" content=\"Zlevn\u011bn\u00fd BRUCKNER SCHMITZ stoj\u00e1nkov\u00e1 d\u0159ezov\u00e1 baterie, chrom -\" \/>\n<meta property=\"og:description\" content=\"Vlastnosti Zna\u010dka BRUCKNER S\u00e9rie SCHMITZ 3D model ANO \u0160\u00ed\u0159ka 48&nbsp;mm V\u00fd\u0161ka 387&nbsp;mm Hloubka 186&nbsp;mm Barva Chrom Materi\u00e1l Mosaz Tvar Kruhov\u00e9 Instalace Stoj\u00e1nkov\u00e1 Druh ovl\u00e1d\u00e1n\u00ed P\u00e1ka Pr\u016fm\u011br kartu\u0161e 35&nbsp;mm V\u00fd\u0161ka v\u00fdtoku 284&nbsp;mm Ostatn\u00ed Oto\u010dn\u00e9 ram\u00ednko Pr\u016ftok (3 bar) 12.600&nbsp;l\/min Hmotnost \/ ks 1.4900&nbsp;kg Balen\u00ed 1&nbsp;ks EAN 8590913878411 Taric 84818011 Z\u00e1ruka 7 let Ovl\u00e1d\u00e1n\u00ed P\u00e1kov\u00e9 Typ Stoj\u00e1nkov\u00e9 [&hellip;]\" \/>\n<meta property=\"og:url\" content=\"https:\/\/www.domstavpro.com\/index.php\/produkt\/zlevneny-bruckner-schmitz-stojankova-drezova-baterie-chrom-28907\/\" \/>\n<meta property=\"og:image\" content=\"https:\/\/www.domstavpro.com\/wp-content\/uploads\/2026\/SK0027905-CZ20260425-093449-0-1777080896-bruckner-schmitz-stojankova-drezova-baterie-chrom.webp\" \/>\n\t<meta property=\"og:image:width\" content=\"1000\" \/>\n\t<meta property=\"og:image:height\" content=\"525\" \/>\n\t<meta property=\"og:image:type\" content=\"image\/webp\" \/>\n<meta name=\"twitter:card\" content=\"summary_large_image\" \/>\n<meta name=\"twitter:label1\" content=\"Odhadovan\u00e1 doba \u010dten\u00ed\" \/>\n\t<meta name=\"twitter:data1\" content=\"1 minuta\" \/>\n<script type=\"application\/ld+json\" class=\"yoast-schema-graph\">{\"@context\":\"https:\/\/schema.org\",\"@graph\":[{\"@type\":\"WebPage\",\"@id\":\"https:\/\/www.domstavpro.com\/index.php\/produkt\/zlevneny-bruckner-schmitz-stojankova-drezova-baterie-chrom-28907\/\",\"url\":\"https:\/\/www.domstavpro.com\/index.php\/produkt\/zlevneny-bruckner-schmitz-stojankova-drezova-baterie-chrom-28907\/\",\"name\":\"Zlevn\u011bn\u00fd BRUCKNER SCHMITZ stoj\u00e1nkov\u00e1 d\u0159ezov\u00e1 baterie, chrom -\",\"isPartOf\":{\"@id\":\"https:\/\/www.domstavpro.com\/#website\"},\"primaryImageOfPage\":{\"@id\":\"https:\/\/www.domstavpro.com\/index.php\/produkt\/zlevneny-bruckner-schmitz-stojankova-drezova-baterie-chrom-28907\/#primaryimage\"},\"image\":{\"@id\":\"https:\/\/www.domstavpro.com\/index.php\/produkt\/zlevneny-bruckner-schmitz-stojankova-drezova-baterie-chrom-28907\/#primaryimage\"},\"thumbnailUrl\":\"https:\/\/www.domstavpro.com\/wp-content\/uploads\/2026\/SK0027905-CZ20260425-093449-0-1777080896-bruckner-schmitz-stojankova-drezova-baterie-chrom.webp\",\"datePublished\":\"2026-04-27T15:09:01+00:00\",\"breadcrumb\":{\"@id\":\"https:\/\/www.domstavpro.com\/index.php\/produkt\/zlevneny-bruckner-schmitz-stojankova-drezova-baterie-chrom-28907\/#breadcrumb\"},\"inLanguage\":\"cs\",\"potentialAction\":[{\"@type\":\"ReadAction\",\"target\":[\"https:\/\/www.domstavpro.com\/index.php\/produkt\/zlevneny-bruckner-schmitz-stojankova-drezova-baterie-chrom-28907\/\"]}]},{\"@type\":\"ImageObject\",\"inLanguage\":\"cs\",\"@id\":\"https:\/\/www.domstavpro.com\/index.php\/produkt\/zlevneny-bruckner-schmitz-stojankova-drezova-baterie-chrom-28907\/#primaryimage\",\"url\":\"https:\/\/www.domstavpro.com\/wp-content\/uploads\/2026\/SK0027905-CZ20260425-093449-0-1777080896-bruckner-schmitz-stojankova-drezova-baterie-chrom.webp\",\"contentUrl\":\"https:\/\/www.domstavpro.com\/wp-content\/uploads\/2026\/SK0027905-CZ20260425-093449-0-1777080896-bruckner-schmitz-stojankova-drezova-baterie-chrom.webp\",\"width\":1000,\"height\":525},{\"@type\":\"BreadcrumbList\",\"@id\":\"https:\/\/www.domstavpro.com\/index.php\/produkt\/zlevneny-bruckner-schmitz-stojankova-drezova-baterie-chrom-28907\/#breadcrumb\",\"itemListElement\":[{\"@type\":\"ListItem\",\"position\":1,\"name\":\"Home\",\"item\":\"https:\/\/www.domstavpro.com\/\"},{\"@type\":\"ListItem\",\"position\":2,\"name\":\"Products\",\"item\":\"https:\/\/www.domstavpro.com\/products\/\"},{\"@type\":\"ListItem\",\"position\":3,\"name\":\"Zlevn\u011bn\u00fd BRUCKNER SCHMITZ stoj\u00e1nkov\u00e1 d\u0159ezov\u00e1 baterie, chrom\"}]},{\"@type\":\"WebSite\",\"@id\":\"https:\/\/www.domstavpro.com\/#website\",\"url\":\"https:\/\/www.domstavpro.com\/\",\"name\":\"\",\"description\":\"\",\"potentialAction\":[{\"@type\":\"SearchAction\",\"target\":{\"@type\":\"EntryPoint\",\"urlTemplate\":\"https:\/\/www.domstavpro.com\/?s={search_term_string}\"},\"query-input\":{\"@type\":\"PropertyValueSpecification\",\"valueRequired\":true,\"valueName\":\"search_term_string\"}}],\"inLanguage\":\"cs\"}]}<\/script>\n<!-- \/ Yoast SEO plugin. -->","yoast_head_json":{"title":"Zlevn\u011bn\u00fd BRUCKNER SCHMITZ stoj\u00e1nkov\u00e1 d\u0159ezov\u00e1 baterie, chrom -","robots":{"index":"index","follow":"follow","max-snippet":"max-snippet:-1","max-image-preview":"max-image-preview:large","max-video-preview":"max-video-preview:-1"},"canonical":"https:\/\/www.domstavpro.com\/index.php\/produkt\/zlevneny-bruckner-schmitz-stojankova-drezova-baterie-chrom-28907\/","og_locale":"cs_CZ","og_type":"article","og_title":"Zlevn\u011bn\u00fd BRUCKNER SCHMITZ stoj\u00e1nkov\u00e1 d\u0159ezov\u00e1 baterie, chrom -","og_description":"Vlastnosti Zna\u010dka BRUCKNER S\u00e9rie SCHMITZ 3D model ANO \u0160\u00ed\u0159ka 48&nbsp;mm V\u00fd\u0161ka 387&nbsp;mm Hloubka 186&nbsp;mm Barva Chrom Materi\u00e1l Mosaz Tvar Kruhov\u00e9 Instalace Stoj\u00e1nkov\u00e1 Druh ovl\u00e1d\u00e1n\u00ed P\u00e1ka Pr\u016fm\u011br kartu\u0161e 35&nbsp;mm V\u00fd\u0161ka v\u00fdtoku 284&nbsp;mm Ostatn\u00ed Oto\u010dn\u00e9 ram\u00ednko Pr\u016ftok (3 bar) 12.600&nbsp;l\/min Hmotnost \/ ks 1.4900&nbsp;kg Balen\u00ed 1&nbsp;ks EAN 8590913878411 Taric 84818011 Z\u00e1ruka 7 let Ovl\u00e1d\u00e1n\u00ed P\u00e1kov\u00e9 Typ Stoj\u00e1nkov\u00e9 [&hellip;]","og_url":"https:\/\/www.domstavpro.com\/index.php\/produkt\/zlevneny-bruckner-schmitz-stojankova-drezova-baterie-chrom-28907\/","og_image":[{"width":1000,"height":525,"url":"https:\/\/www.domstavpro.com\/wp-content\/uploads\/2026\/SK0027905-CZ20260425-093449-0-1777080896-bruckner-schmitz-stojankova-drezova-baterie-chrom.webp","type":"image\/webp"}],"twitter_card":"summary_large_image","twitter_misc":{"Odhadovan\u00e1 doba \u010dten\u00ed":"1 minuta"},"schema":{"@context":"https:\/\/schema.org","@graph":[{"@type":"WebPage","@id":"https:\/\/www.domstavpro.com\/index.php\/produkt\/zlevneny-bruckner-schmitz-stojankova-drezova-baterie-chrom-28907\/","url":"https:\/\/www.domstavpro.com\/index.php\/produkt\/zlevneny-bruckner-schmitz-stojankova-drezova-baterie-chrom-28907\/","name":"Zlevn\u011bn\u00fd BRUCKNER SCHMITZ stoj\u00e1nkov\u00e1 d\u0159ezov\u00e1 baterie, chrom -","isPartOf":{"@id":"https:\/\/www.domstavpro.com\/#website"},"primaryImageOfPage":{"@id":"https:\/\/www.domstavpro.com\/index.php\/produkt\/zlevneny-bruckner-schmitz-stojankova-drezova-baterie-chrom-28907\/#primaryimage"},"image":{"@id":"https:\/\/www.domstavpro.com\/index.php\/produkt\/zlevneny-bruckner-schmitz-stojankova-drezova-baterie-chrom-28907\/#primaryimage"},"thumbnailUrl":"https:\/\/www.domstavpro.com\/wp-content\/uploads\/2026\/SK0027905-CZ20260425-093449-0-1777080896-bruckner-schmitz-stojankova-drezova-baterie-chrom.webp","datePublished":"2026-04-27T15:09:01+00:00","breadcrumb":{"@id":"https:\/\/www.domstavpro.com\/index.php\/produkt\/zlevneny-bruckner-schmitz-stojankova-drezova-baterie-chrom-28907\/#breadcrumb"},"inLanguage":"cs","potentialAction":[{"@type":"ReadAction","target":["https:\/\/www.domstavpro.com\/index.php\/produkt\/zlevneny-bruckner-schmitz-stojankova-drezova-baterie-chrom-28907\/"]}]},{"@type":"ImageObject","inLanguage":"cs","@id":"https:\/\/www.domstavpro.com\/index.php\/produkt\/zlevneny-bruckner-schmitz-stojankova-drezova-baterie-chrom-28907\/#primaryimage","url":"https:\/\/www.domstavpro.com\/wp-content\/uploads\/2026\/SK0027905-CZ20260425-093449-0-1777080896-bruckner-schmitz-stojankova-drezova-baterie-chrom.webp","contentUrl":"https:\/\/www.domstavpro.com\/wp-content\/uploads\/2026\/SK0027905-CZ20260425-093449-0-1777080896-bruckner-schmitz-stojankova-drezova-baterie-chrom.webp","width":1000,"height":525},{"@type":"BreadcrumbList","@id":"https:\/\/www.domstavpro.com\/index.php\/produkt\/zlevneny-bruckner-schmitz-stojankova-drezova-baterie-chrom-28907\/#breadcrumb","itemListElement":[{"@type":"ListItem","position":1,"name":"Home","item":"https:\/\/www.domstavpro.com\/"},{"@type":"ListItem","position":2,"name":"Products","item":"https:\/\/www.domstavpro.com\/products\/"},{"@type":"ListItem","position":3,"name":"Zlevn\u011bn\u00fd BRUCKNER SCHMITZ stoj\u00e1nkov\u00e1 d\u0159ezov\u00e1 baterie, chrom"}]},{"@type":"WebSite","@id":"https:\/\/www.domstavpro.com\/#website","url":"https:\/\/www.domstavpro.com\/","name":"","description":"","potentialAction":[{"@type":"SearchAction","target":{"@type":"EntryPoint","urlTemplate":"https:\/\/www.domstavpro.com\/?s={search_term_string}"},"query-input":{"@type":"PropertyValueSpecification","valueRequired":true,"valueName":"search_term_string"}}],"inLanguage":"cs"}]}},"_links":{"self":[{"href":"https:\/\/www.domstavpro.com\/wp-json\/wp\/v2\/product\/28907","targetHints":{"allow":["GET"]}}],"collection":[{"href":"https:\/\/www.domstavpro.com\/wp-json\/wp\/v2\/product"}],"about":[{"href":"https:\/\/www.domstavpro.com\/wp-json\/wp\/v2\/types\/product"}],"wp:featuredmedia":[{"embeddable":true,"href":"https:\/\/www.domstavpro.com\/wp-json\/wp\/v2\/media\/29007"}],"wp:attachment":[{"href":"https:\/\/www.domstavpro.com\/wp-json\/wp\/v2\/media?parent=28907"}],"wp:term":[{"taxonomy":"product_brand","embeddable":true,"href":"https:\/\/www.domstavpro.com\/wp-json\/wp\/v2\/product_brand?post=28907"},{"taxonomy":"product_cat","embeddable":true,"href":"https:\/\/www.domstavpro.com\/wp-json\/wp\/v2\/product_cat?post=28907"},{"taxonomy":"product_tag","embeddable":true,"href":"https:\/\/www.domstavpro.com\/wp-json\/wp\/v2\/product_tag?post=28907"}],"curies":[{"name":"wp","href":"https:\/\/api.w.org\/{rel}","templated":true}]}}