{"id":28720,"date":"2026-04-27T15:09:01","date_gmt":"2026-04-27T15:09:01","guid":{"rendered":""},"modified":"2026-04-27T15:09:01","modified_gmt":"2026-04-27T15:09:01","slug":"znackovy-sapho-kirke-nastenna-sprchova-baterie-zlato-28720","status":"publish","type":"product","link":"https:\/\/www.domstavpro.com\/index.php\/produkt\/znackovy-sapho-kirke-nastenna-sprchova-baterie-zlato-28720\/","title":{"rendered":"Zna\u010dkov\u00fd SAPHO KIRK\u00c9 n\u00e1st\u011bnn\u00e1 sprchov\u00e1 baterie, zlato"},"content":{"rendered":"<div id=\"e8441517\" class=\"pages\">\n<div>\n<div id=\"PDDescription\" class=\"UserContentView userContent v1a v1 bs-view dcon dc164 PDDescription\" ><dc-con><dc-con><bs-empty><\/bs-empty><\/dc-con><dc-con>        <\/p>\n<div class=\"customDescription\">                    <\/div>\n<p><\/dc-con><dc-con><\/p>\n<p style=\"text-align: justify;\">Vodovodn\u00ed baterie KIRK\u00c9 se sv\u00fdm designem \u0159ad\u00ed mezi baterie, kter\u00e9 m\u016f\u017eete pou\u017e\u00edt jak v koupeln\u011b modern\u00ed, tak i v koupeln\u011b za\u0159\u00edzen\u00e9 v retro stylu. Oproti kohoutkov\u00fdm retro bateri\u00edm poskytuj\u00ed v\u00fdhodu v p\u00e1kov\u00e9m ovl\u00e1d\u00e1n\u00ed. Proto je mnohem snadn\u011bj\u0161\u00ed nastavit teplotu i&nbsp;pr\u016ftok vody. Baterie maj\u00ed tak\u00e9 mnoho \u201etv\u00e1\u0159\u00ed\u201c ve smyslu barevn\u00e9ho proveden\u00ed. V na\u0161\u00ed nab\u00eddce je naleznete v chromu, bronzu a zlat\u011b.<\/p>\n<h2 class=\"props-title\">Vlastnosti<\/h2>\n<table>\n<tr>\n<th>Zna\u010dka<\/th>\n<td>SAPHO<\/td>\n<\/tr>\n<tr>\n<th>S\u00e9rie<\/th>\n<td>KIRK\u00c9<\/td>\n<\/tr>\n<tr>\n<th>V\u00fd\u0161ka<\/th>\n<td>135&nbsp;mm<\/td>\n<\/tr>\n<tr>\n<th>Hloubka<\/th>\n<td>164&nbsp;mm<\/td>\n<\/tr>\n<tr>\n<th>Barva<\/th>\n<td>Zlato<\/td>\n<\/tr>\n<tr>\n<th>Materi\u00e1l<\/th>\n<td>Mosaz<\/td>\n<\/tr>\n<tr>\n<th>Tvar<\/th>\n<td>Retro<\/td>\n<\/tr>\n<tr>\n<th>Instalace<\/th>\n<td>N\u00e1st\u011bnn\u00e1 150 mm<\/td>\n<\/tr>\n<tr>\n<th>Druh ovl\u00e1d\u00e1n\u00ed<\/th>\n<td>P\u00e1ka<\/td>\n<\/tr>\n<tr>\n<th>Pr\u016fm\u011br kartu\u0161e<\/th>\n<td>42&nbsp;mm<\/td>\n<\/tr>\n<tr>\n<th>Hmotnost \/ ks<\/th>\n<td>1.8300&nbsp;kg<\/td>\n<\/tr>\n<tr>\n<th>Balen\u00ed<\/th>\n<td>1&nbsp;ks<\/td>\n<\/tr>\n<tr>\n<th>EAN<\/th>\n<td>8590913844874<\/td>\n<\/tr>\n<tr>\n<th>Taric<\/th>\n<td>84818011<\/td>\n<\/tr>\n<tr>\n<th>Z\u00e1ruka<\/th>\n<td>6 let<\/td>\n<\/tr>\n<\/table>\n<p><\/dc-con><\/dc-con><\/div>\n<\/p><\/div>\n<div id=\"PDTable3\" class=\"ProductDetailTableView v3a v3 bs-view dcon dc185 PDTable3\" >\n<table>\n<thead><\/thead>\n<tbody>\n<tr class=\"attribute attr_ovladani\">\n<td class=\"caption\">Ovl\u00e1d\u00e1n\u00ed<\/td>\n<td class=\"value\">P\u00e1kov\u00e9<\/td>\n<\/tr>\n<tr class=\"attribute attr_pouziti\">\n<td class=\"caption\">Pou\u017eit\u00ed<\/td>\n<td class=\"value\">Sprchov\u00e9 baterie<\/td>\n<\/tr>\n<tr class=\"attribute attr_typ\">\n<td class=\"caption\">Typ<\/td>\n<td class=\"value\">N\u00e1st\u011bnn\u00e9 baterie<\/td>\n<\/tr>\n<tr class=\"attribute attr_roztecpripojeni\">\n<td class=\"caption\">Rozte\u010d p\u0159ipojen\u00ed v mm<\/td>\n<td class=\"value\">150 mm<\/td>\n<\/tr>\n<tr class=\"attribute attr_bsshop_maker\">\n<td class=\"caption\">V\u00fdrobce<\/td>\n<td class=\"value\">Sapho<\/td>\n<\/tr>\n<tr class=\"attribute attr_sirka\">\n<td class=\"caption\">\u0160\u00ed\u0159ka v mm<\/td>\n<td class=\"value\">220<\/td>\n<\/tr>\n<tr class=\"attribute attr_Vyska\">\n<td class=\"caption\">V\u00fd\u0161ka v mm<\/td>\n<td class=\"value\">125<\/td>\n<\/tr>\n<tr class=\"weight\">\n<td class=\"caption\"><span>Hmotnost<\/span><\/td>\n<td class=\"value\"><span>1,83 kg<\/span><\/td>\n<\/tr>\n<\/tbody>\n<\/table>\n<\/div>\n<div id=\"ProductMedia\" class=\"ProductMediaView MediaViewBase v1a v1 bs-view dcon dc409 ProductMedia\" ><bs-empty><\/bs-empty><\/p>\n<div class=\"files\">\n<div class=\"title sub\">Soubory<\/div>\n<p><a href=\"\/media\/19097\/27405-navod-baterie.PDF?&amp;key=ZGpmIyQwNUZfMTkwOTc=\" class=\"PDF\">Dokumenty &#8211; N&#225;vod_priloha_0<\/a><a href=\"\/media\/38286\/27405-navod-na-udrzbu-baterii-sapho.pdf?&amp;key=ZGpmIyQwNUZfMzgyODY=\" class=\"pdf\">Dokumenty &#8211; &#218;dr\u017eba_priloha_1<\/a><a href=\"\/media\/49132\/27405-zarucni-list-baterie-cely-sapho-web.pdf?&amp;key=ZGpmIyQwNUZfNDkxMzI=\" class=\"pdf\">Dokumenty &#8211; Z&#225;ru\u010dn&#237; list_priloha_2<\/a><\/div>\n<p><bs-empty><\/bs-empty><\/div>\n<div id=\"PdProductGpsr\" class=\"ProductGpsrView v1a v1 bs-view dcon dc217 PdProductGpsr\" >\n<div class=\"subject\"><dc-root class=\"dcon dc219\"><span class=\"title\">Zodpov\u011bdn&#253; subjekt:<\/span><dc-con><dc-con><span class=\"company\">UBC s.r.o.<\/span><span class=\"name\">Sapho<\/span><\/dc-con><dc-con><span class=\"street\">M\u011blnick&#225; 87<\/span><span class=\"city\">L&#237;beznice<\/span><span class=\"zip\">250 65<\/span><span class=\"country\">\u010cesko<\/span><\/dc-con><span class=\"email\">info@ubc-group.cz<\/span><span class=\"phone\">283 090 704<\/span><bs-empty><\/bs-empty><a href=\"https:\/\/www.ubc-group.cz\/#kontakt\" class=\"link\" target=\"_blank\">https:\/\/www.ubc-group.cz\/#kontakt<\/a><\/dc-con><bs-empty><\/bs-empty><\/dc-root><\/div>\n<p><bs-empty><\/bs-empty><\/div>\n<\/div>\n<div id=\"e8441518\" class=\"tabs\">\n","protected":false},"excerpt":{"rendered":"<p>Vodovodn\u00ed baterie KIRK\u00c9 se sv\u00fdm designem \u0159ad\u00ed mezi baterie, kter\u00e9 m\u016f\u017eete pou\u017e\u00edt jak v koupeln\u011b modern\u00ed, tak i v koupeln\u011b za\u0159\u00edzen\u00e9 v retro stylu. Oproti kohoutkov\u00fdm retro bateri\u00edm poskytuj\u00ed v\u00fdhodu v p\u00e1kov\u00e9m ovl\u00e1d\u00e1n\u00ed. Proto je mnohem snadn\u011bj\u0161\u00ed nastavit teplotu i&nbsp;pr\u016ftok vody. Baterie maj\u00ed tak\u00e9 mnoho \u201etv\u00e1\u0159\u00ed\u201c ve smyslu barevn\u00e9ho proveden\u00ed. V na\u0161\u00ed nab\u00eddce je naleznete [&hellip;]<\/p>\n","protected":false},"featured_media":28820,"comment_status":"open","ping_status":"open","template":"","meta":[],"product_brand":[],"product_cat":[61],"product_tag":[],"class_list":{"0":"post-28720","1":"product","2":"type-product","3":"status-publish","4":"has-post-thumbnail","6":"product_cat-vybaven-237-koupelny","8":"first","9":"instock","10":"sale","11":"shipping-taxable","12":"purchasable","13":"product-type-simple"},"yoast_head":"<!-- This site is optimized with the Yoast SEO plugin v26.8 - https:\/\/yoast.com\/product\/yoast-seo-wordpress\/ -->\n<title>Zna\u010dkov\u00fd SAPHO KIRK\u00c9 n\u00e1st\u011bnn\u00e1 sprchov\u00e1 baterie, zlato -<\/title>\n<meta name=\"robots\" content=\"index, follow, max-snippet:-1, max-image-preview:large, max-video-preview:-1\" \/>\n<link rel=\"canonical\" href=\"https:\/\/www.domstavpro.com\/index.php\/produkt\/znackovy-sapho-kirke-nastenna-sprchova-baterie-zlato-28720\/\" \/>\n<meta property=\"og:locale\" content=\"cs_CZ\" \/>\n<meta property=\"og:type\" content=\"article\" \/>\n<meta property=\"og:title\" content=\"Zna\u010dkov\u00fd SAPHO KIRK\u00c9 n\u00e1st\u011bnn\u00e1 sprchov\u00e1 baterie, zlato -\" \/>\n<meta property=\"og:description\" content=\"Vodovodn\u00ed baterie KIRK\u00c9 se sv\u00fdm designem \u0159ad\u00ed mezi baterie, kter\u00e9 m\u016f\u017eete pou\u017e\u00edt jak v koupeln\u011b modern\u00ed, tak i v koupeln\u011b za\u0159\u00edzen\u00e9 v retro stylu. Oproti kohoutkov\u00fdm retro bateri\u00edm poskytuj\u00ed v\u00fdhodu v p\u00e1kov\u00e9m ovl\u00e1d\u00e1n\u00ed. Proto je mnohem snadn\u011bj\u0161\u00ed nastavit teplotu i&nbsp;pr\u016ftok vody. Baterie maj\u00ed tak\u00e9 mnoho \u201etv\u00e1\u0159\u00ed\u201c ve smyslu barevn\u00e9ho proveden\u00ed. V na\u0161\u00ed nab\u00eddce je naleznete [&hellip;]\" \/>\n<meta property=\"og:url\" content=\"https:\/\/www.domstavpro.com\/index.php\/produkt\/znackovy-sapho-kirke-nastenna-sprchova-baterie-zlato-28720\/\" \/>\n<meta property=\"og:image\" content=\"https:\/\/www.domstavpro.com\/wp-content\/uploads\/2026\/SK0027806-CZ20260425-093449-0-1777080896-sapho-kirke-nastenna-sprchova-baterie-zlato.webp\" \/>\n\t<meta property=\"og:image:width\" content=\"1000\" \/>\n\t<meta property=\"og:image:height\" content=\"525\" \/>\n\t<meta property=\"og:image:type\" content=\"image\/webp\" \/>\n<meta name=\"twitter:card\" content=\"summary_large_image\" \/>\n<meta name=\"twitter:label1\" content=\"Odhadovan\u00e1 doba \u010dten\u00ed\" \/>\n\t<meta name=\"twitter:data1\" content=\"1 minuta\" \/>\n<script type=\"application\/ld+json\" class=\"yoast-schema-graph\">{\"@context\":\"https:\/\/schema.org\",\"@graph\":[{\"@type\":\"WebPage\",\"@id\":\"https:\/\/www.domstavpro.com\/index.php\/produkt\/znackovy-sapho-kirke-nastenna-sprchova-baterie-zlato-28720\/\",\"url\":\"https:\/\/www.domstavpro.com\/index.php\/produkt\/znackovy-sapho-kirke-nastenna-sprchova-baterie-zlato-28720\/\",\"name\":\"Zna\u010dkov\u00fd SAPHO KIRK\u00c9 n\u00e1st\u011bnn\u00e1 sprchov\u00e1 baterie, zlato -\",\"isPartOf\":{\"@id\":\"https:\/\/www.domstavpro.com\/#website\"},\"primaryImageOfPage\":{\"@id\":\"https:\/\/www.domstavpro.com\/index.php\/produkt\/znackovy-sapho-kirke-nastenna-sprchova-baterie-zlato-28720\/#primaryimage\"},\"image\":{\"@id\":\"https:\/\/www.domstavpro.com\/index.php\/produkt\/znackovy-sapho-kirke-nastenna-sprchova-baterie-zlato-28720\/#primaryimage\"},\"thumbnailUrl\":\"https:\/\/www.domstavpro.com\/wp-content\/uploads\/2026\/SK0027806-CZ20260425-093449-0-1777080896-sapho-kirke-nastenna-sprchova-baterie-zlato.webp\",\"datePublished\":\"2026-04-27T15:09:01+00:00\",\"breadcrumb\":{\"@id\":\"https:\/\/www.domstavpro.com\/index.php\/produkt\/znackovy-sapho-kirke-nastenna-sprchova-baterie-zlato-28720\/#breadcrumb\"},\"inLanguage\":\"cs\",\"potentialAction\":[{\"@type\":\"ReadAction\",\"target\":[\"https:\/\/www.domstavpro.com\/index.php\/produkt\/znackovy-sapho-kirke-nastenna-sprchova-baterie-zlato-28720\/\"]}]},{\"@type\":\"ImageObject\",\"inLanguage\":\"cs\",\"@id\":\"https:\/\/www.domstavpro.com\/index.php\/produkt\/znackovy-sapho-kirke-nastenna-sprchova-baterie-zlato-28720\/#primaryimage\",\"url\":\"https:\/\/www.domstavpro.com\/wp-content\/uploads\/2026\/SK0027806-CZ20260425-093449-0-1777080896-sapho-kirke-nastenna-sprchova-baterie-zlato.webp\",\"contentUrl\":\"https:\/\/www.domstavpro.com\/wp-content\/uploads\/2026\/SK0027806-CZ20260425-093449-0-1777080896-sapho-kirke-nastenna-sprchova-baterie-zlato.webp\",\"width\":1000,\"height\":525},{\"@type\":\"BreadcrumbList\",\"@id\":\"https:\/\/www.domstavpro.com\/index.php\/produkt\/znackovy-sapho-kirke-nastenna-sprchova-baterie-zlato-28720\/#breadcrumb\",\"itemListElement\":[{\"@type\":\"ListItem\",\"position\":1,\"name\":\"Home\",\"item\":\"https:\/\/www.domstavpro.com\/\"},{\"@type\":\"ListItem\",\"position\":2,\"name\":\"Products\",\"item\":\"https:\/\/www.domstavpro.com\/index.php\/products\/\"},{\"@type\":\"ListItem\",\"position\":3,\"name\":\"Zna\u010dkov\u00fd SAPHO KIRK\u00c9 n\u00e1st\u011bnn\u00e1 sprchov\u00e1 baterie, zlato\"}]},{\"@type\":\"WebSite\",\"@id\":\"https:\/\/www.domstavpro.com\/#website\",\"url\":\"https:\/\/www.domstavpro.com\/\",\"name\":\"\",\"description\":\"\",\"potentialAction\":[{\"@type\":\"SearchAction\",\"target\":{\"@type\":\"EntryPoint\",\"urlTemplate\":\"https:\/\/www.domstavpro.com\/?s={search_term_string}\"},\"query-input\":{\"@type\":\"PropertyValueSpecification\",\"valueRequired\":true,\"valueName\":\"search_term_string\"}}],\"inLanguage\":\"cs\"}]}<\/script>\n<!-- \/ Yoast SEO plugin. -->","yoast_head_json":{"title":"Zna\u010dkov\u00fd SAPHO KIRK\u00c9 n\u00e1st\u011bnn\u00e1 sprchov\u00e1 baterie, zlato -","robots":{"index":"index","follow":"follow","max-snippet":"max-snippet:-1","max-image-preview":"max-image-preview:large","max-video-preview":"max-video-preview:-1"},"canonical":"https:\/\/www.domstavpro.com\/index.php\/produkt\/znackovy-sapho-kirke-nastenna-sprchova-baterie-zlato-28720\/","og_locale":"cs_CZ","og_type":"article","og_title":"Zna\u010dkov\u00fd SAPHO KIRK\u00c9 n\u00e1st\u011bnn\u00e1 sprchov\u00e1 baterie, zlato -","og_description":"Vodovodn\u00ed baterie KIRK\u00c9 se sv\u00fdm designem \u0159ad\u00ed mezi baterie, kter\u00e9 m\u016f\u017eete pou\u017e\u00edt jak v koupeln\u011b modern\u00ed, tak i v koupeln\u011b za\u0159\u00edzen\u00e9 v retro stylu. Oproti kohoutkov\u00fdm retro bateri\u00edm poskytuj\u00ed v\u00fdhodu v p\u00e1kov\u00e9m ovl\u00e1d\u00e1n\u00ed. Proto je mnohem snadn\u011bj\u0161\u00ed nastavit teplotu i&nbsp;pr\u016ftok vody. Baterie maj\u00ed tak\u00e9 mnoho \u201etv\u00e1\u0159\u00ed\u201c ve smyslu barevn\u00e9ho proveden\u00ed. V na\u0161\u00ed nab\u00eddce je naleznete [&hellip;]","og_url":"https:\/\/www.domstavpro.com\/index.php\/produkt\/znackovy-sapho-kirke-nastenna-sprchova-baterie-zlato-28720\/","og_image":[{"width":1000,"height":525,"url":"https:\/\/www.domstavpro.com\/wp-content\/uploads\/2026\/SK0027806-CZ20260425-093449-0-1777080896-sapho-kirke-nastenna-sprchova-baterie-zlato.webp","type":"image\/webp"}],"twitter_card":"summary_large_image","twitter_misc":{"Odhadovan\u00e1 doba \u010dten\u00ed":"1 minuta"},"schema":{"@context":"https:\/\/schema.org","@graph":[{"@type":"WebPage","@id":"https:\/\/www.domstavpro.com\/index.php\/produkt\/znackovy-sapho-kirke-nastenna-sprchova-baterie-zlato-28720\/","url":"https:\/\/www.domstavpro.com\/index.php\/produkt\/znackovy-sapho-kirke-nastenna-sprchova-baterie-zlato-28720\/","name":"Zna\u010dkov\u00fd SAPHO KIRK\u00c9 n\u00e1st\u011bnn\u00e1 sprchov\u00e1 baterie, zlato -","isPartOf":{"@id":"https:\/\/www.domstavpro.com\/#website"},"primaryImageOfPage":{"@id":"https:\/\/www.domstavpro.com\/index.php\/produkt\/znackovy-sapho-kirke-nastenna-sprchova-baterie-zlato-28720\/#primaryimage"},"image":{"@id":"https:\/\/www.domstavpro.com\/index.php\/produkt\/znackovy-sapho-kirke-nastenna-sprchova-baterie-zlato-28720\/#primaryimage"},"thumbnailUrl":"https:\/\/www.domstavpro.com\/wp-content\/uploads\/2026\/SK0027806-CZ20260425-093449-0-1777080896-sapho-kirke-nastenna-sprchova-baterie-zlato.webp","datePublished":"2026-04-27T15:09:01+00:00","breadcrumb":{"@id":"https:\/\/www.domstavpro.com\/index.php\/produkt\/znackovy-sapho-kirke-nastenna-sprchova-baterie-zlato-28720\/#breadcrumb"},"inLanguage":"cs","potentialAction":[{"@type":"ReadAction","target":["https:\/\/www.domstavpro.com\/index.php\/produkt\/znackovy-sapho-kirke-nastenna-sprchova-baterie-zlato-28720\/"]}]},{"@type":"ImageObject","inLanguage":"cs","@id":"https:\/\/www.domstavpro.com\/index.php\/produkt\/znackovy-sapho-kirke-nastenna-sprchova-baterie-zlato-28720\/#primaryimage","url":"https:\/\/www.domstavpro.com\/wp-content\/uploads\/2026\/SK0027806-CZ20260425-093449-0-1777080896-sapho-kirke-nastenna-sprchova-baterie-zlato.webp","contentUrl":"https:\/\/www.domstavpro.com\/wp-content\/uploads\/2026\/SK0027806-CZ20260425-093449-0-1777080896-sapho-kirke-nastenna-sprchova-baterie-zlato.webp","width":1000,"height":525},{"@type":"BreadcrumbList","@id":"https:\/\/www.domstavpro.com\/index.php\/produkt\/znackovy-sapho-kirke-nastenna-sprchova-baterie-zlato-28720\/#breadcrumb","itemListElement":[{"@type":"ListItem","position":1,"name":"Home","item":"https:\/\/www.domstavpro.com\/"},{"@type":"ListItem","position":2,"name":"Products","item":"https:\/\/www.domstavpro.com\/index.php\/products\/"},{"@type":"ListItem","position":3,"name":"Zna\u010dkov\u00fd SAPHO KIRK\u00c9 n\u00e1st\u011bnn\u00e1 sprchov\u00e1 baterie, zlato"}]},{"@type":"WebSite","@id":"https:\/\/www.domstavpro.com\/#website","url":"https:\/\/www.domstavpro.com\/","name":"","description":"","potentialAction":[{"@type":"SearchAction","target":{"@type":"EntryPoint","urlTemplate":"https:\/\/www.domstavpro.com\/?s={search_term_string}"},"query-input":{"@type":"PropertyValueSpecification","valueRequired":true,"valueName":"search_term_string"}}],"inLanguage":"cs"}]}},"_links":{"self":[{"href":"https:\/\/www.domstavpro.com\/index.php\/wp-json\/wp\/v2\/product\/28720","targetHints":{"allow":["GET"]}}],"collection":[{"href":"https:\/\/www.domstavpro.com\/index.php\/wp-json\/wp\/v2\/product"}],"about":[{"href":"https:\/\/www.domstavpro.com\/index.php\/wp-json\/wp\/v2\/types\/product"}],"replies":[{"embeddable":true,"href":"https:\/\/www.domstavpro.com\/index.php\/wp-json\/wp\/v2\/comments?post=28720"}],"wp:featuredmedia":[{"embeddable":true,"href":"https:\/\/www.domstavpro.com\/index.php\/wp-json\/wp\/v2\/media\/28820"}],"wp:attachment":[{"href":"https:\/\/www.domstavpro.com\/index.php\/wp-json\/wp\/v2\/media?parent=28720"}],"wp:term":[{"taxonomy":"product_brand","embeddable":true,"href":"https:\/\/www.domstavpro.com\/index.php\/wp-json\/wp\/v2\/product_brand?post=28720"},{"taxonomy":"product_cat","embeddable":true,"href":"https:\/\/www.domstavpro.com\/index.php\/wp-json\/wp\/v2\/product_cat?post=28720"},{"taxonomy":"product_tag","embeddable":true,"href":"https:\/\/www.domstavpro.com\/index.php\/wp-json\/wp\/v2\/product_tag?post=28720"}],"curies":[{"name":"wp","href":"https:\/\/api.w.org\/{rel}","templated":true}]}}