{"id":23905,"date":"2026-04-27T15:08:49","date_gmt":"2026-04-27T15:08:49","guid":{"rendered":""},"modified":"2026-04-27T15:08:49","modified_gmt":"2026-04-27T15:08:49","slug":"znackovy-mexen-s-lunar-vanova-zastena-2-kridlova-leva-120-x-150-transparent-med-kartacovana-897-120-100-65-00-l-23905","status":"publish","type":"product","link":"https:\/\/www.domstavpro.com\/index.php\/produkt\/znackovy-mexen-s-lunar-vanova-zastena-2-kridlova-leva-120-x-150-transparent-med-kartacovana-897-120-100-65-00-l-23905\/","title":{"rendered":"Zna\u010dkov\u00fd MEXEN\/S &#8211; Lunar vanov\u00e1 z\u00e1st\u011bna 2-k\u0159\u00eddlov\u00e1 lev\u00e1 120 x 150, transparent, m\u011b\u010f kart\u00e1\u010dovan\u00e1 897-120-100-65-00-L"},"content":{"rendered":"<div class=\"basic-description\">\n<h3>Detailn\u00ed popis produktu<\/h3>\n<p>                                    Specifikace produktu:<\/p>\n<p> \u0160\u00ed\u0159ka: 120 cm<\/p>\n<p> V\u00fd\u0161ka: 150 cm<\/p>\n<p> 2k\u0159\u00eddl\u00fd typ<\/p>\n<p> Strana mont\u00e1\u017ee: Lev\u00e1<\/p>\n<p> Typ: Pohybliv\u00fd\/Nakl\u00e1p\u011bc\u00ed<\/p>\n<p> Typ skla: Tvrzen\u00e9<\/p>\n<p> Barva skla: Pr\u016fhledn\u00e1<\/p>\n<p> Tlou\u0161\u0165ka skla: 8 mm<\/p>\n<p> Povrchov\u00e1 \u00faprava: Kart\u00e1\u010dovan\u00e1 m\u011b\u010f<\/p>\n<p> Snadno \u010distiteln\u00fd povlak<\/p>\n<p> Mo\u017enost nastaven\u00ed \u0161\u00ed\u0159ky<\/p>\n<p> Mosazn\u00e9 spony a panty v jedn\u00e9 rovin\u011b se sklen\u011bnou tabul\u00ed<\/p>\n<p> Elastomerov\u00e1 t\u011bsn\u011bn\u00ed pro odvod vody<\/p>\n<p> Dva mont\u00e1\u017en\u00ed syst\u00e9my:<\/p>\n<p> &#8211; S profilem, kter\u00fd umo\u017e\u0148uje vyrovn\u00e1n\u00ed nerovnost\u00ed st\u011bn<\/p>\n<p> &#8211; Bez profilu pro dokonale rovn\u00e9 st\u011bny<\/p>\n<\/p><\/div>\n<div class=\"extended-description\">\n<h3>Dopl\u0148kov\u00e9 parametry<\/h3>\n<table class=\"detail-parameters\">\n<tbody>\n<tr>\n<th>        <span class=\"row-header-label\">            Kategorie<span class=\"row-header-label-colon\">:<\/span>        <\/span>    <\/th>\n<td>            <\/td>\n<\/tr>\n<tr>\n<th>            <span class=\"row-header-label\">                Z\u00e1ruka<span class=\"row-header-label-colon\">:<\/span>            <\/span>        <\/th>\n<td>            24        <\/td>\n<\/tr>\n<tr>\n<th>            <span class=\"row-header-label\">                Hmotnost<span class=\"row-header-label-colon\">:<\/span>            <\/span>        <\/th>\n<td>            7 kg        <\/td>\n<\/tr>\n<tr class=\"productEan\">\n<th>          <span class=\"row-header-label productEan__label\">              EAN<span class=\"row-header-label-colon\">:<\/span>          <\/span>      <\/th>\n<td>          <span class=\"productEan__value\">5905315516831<\/span>      <\/td>\n<\/tr>\n<tr>\n<th>                <span class=\"row-header-label\">                                            Dostupnost<span class=\"row-header-label-colon\">:<\/span>                                    <\/span>            <\/th>\n<td>                                                            Dod\u00e1n\u00ed do 14ti dn\u016f                                                <\/td>\n<\/tr>\n<\/tbody>\n<\/table><\/div>\n<\/p><\/div>\n<\/p><\/div>\n","protected":false},"excerpt":{"rendered":"<p>Detailn\u00ed popis produktu Specifikace produktu: \u0160\u00ed\u0159ka: 120 cm V\u00fd\u0161ka: 150 cm 2k\u0159\u00eddl\u00fd typ Strana mont\u00e1\u017ee: Lev\u00e1 Typ: Pohybliv\u00fd\/Nakl\u00e1p\u011bc\u00ed Typ skla: Tvrzen\u00e9 Barva skla: Pr\u016fhledn\u00e1 Tlou\u0161\u0165ka skla: 8 mm Povrchov\u00e1 \u00faprava: Kart\u00e1\u010dovan\u00e1 m\u011b\u010f Snadno \u010distiteln\u00fd povlak Mo\u017enost nastaven\u00ed \u0161\u00ed\u0159ky Mosazn\u00e9 spony a panty v jedn\u00e9 rovin\u011b se sklen\u011bnou tabul\u00ed Elastomerov\u00e1 t\u011bsn\u011bn\u00ed pro odvod vody Dva mont\u00e1\u017en\u00ed [&hellip;]<\/p>\n","protected":false},"featured_media":24005,"comment_status":"open","ping_status":"open","template":"","meta":[],"product_brand":[],"product_cat":[75],"product_tag":[],"class_list":{"0":"post-23905","1":"product","2":"type-product","3":"status-publish","4":"has-post-thumbnail","6":"product_cat-vanove-zasteny","8":"first","9":"instock","10":"sale","11":"shipping-taxable","12":"purchasable","13":"product-type-simple"},"yoast_head":"<!-- This site is optimized with the Yoast SEO plugin v26.8 - https:\/\/yoast.com\/product\/yoast-seo-wordpress\/ -->\n<title>Zna\u010dkov\u00fd MEXEN\/S - Lunar vanov\u00e1 z\u00e1st\u011bna 2-k\u0159\u00eddlov\u00e1 lev\u00e1 120 x 150, transparent, m\u011b\u010f kart\u00e1\u010dovan\u00e1 897-120-100-65-00-L -<\/title>\n<meta name=\"robots\" content=\"index, follow, max-snippet:-1, max-image-preview:large, max-video-preview:-1\" \/>\n<link rel=\"canonical\" href=\"https:\/\/www.domstavpro.com\/index.php\/produkt\/znackovy-mexen-s-lunar-vanova-zastena-2-kridlova-leva-120-x-150-transparent-med-kartacovana-897-120-100-65-00-l-23905\/\" \/>\n<meta property=\"og:locale\" content=\"cs_CZ\" \/>\n<meta property=\"og:type\" content=\"article\" \/>\n<meta property=\"og:title\" content=\"Zna\u010dkov\u00fd MEXEN\/S - Lunar vanov\u00e1 z\u00e1st\u011bna 2-k\u0159\u00eddlov\u00e1 lev\u00e1 120 x 150, transparent, m\u011b\u010f kart\u00e1\u010dovan\u00e1 897-120-100-65-00-L -\" \/>\n<meta property=\"og:description\" content=\"Detailn\u00ed popis produktu Specifikace produktu: \u0160\u00ed\u0159ka: 120 cm V\u00fd\u0161ka: 150 cm 2k\u0159\u00eddl\u00fd typ Strana mont\u00e1\u017ee: Lev\u00e1 Typ: Pohybliv\u00fd\/Nakl\u00e1p\u011bc\u00ed Typ skla: Tvrzen\u00e9 Barva skla: Pr\u016fhledn\u00e1 Tlou\u0161\u0165ka skla: 8 mm Povrchov\u00e1 \u00faprava: Kart\u00e1\u010dovan\u00e1 m\u011b\u010f Snadno \u010distiteln\u00fd povlak Mo\u017enost nastaven\u00ed \u0161\u00ed\u0159ky Mosazn\u00e9 spony a panty v jedn\u00e9 rovin\u011b se sklen\u011bnou tabul\u00ed Elastomerov\u00e1 t\u011bsn\u011bn\u00ed pro odvod vody Dva mont\u00e1\u017en\u00ed [&hellip;]\" \/>\n<meta property=\"og:url\" content=\"https:\/\/www.domstavpro.com\/index.php\/produkt\/znackovy-mexen-s-lunar-vanova-zastena-2-kridlova-leva-120-x-150-transparent-med-kartacovana-897-120-100-65-00-l-23905\/\" \/>\n<meta property=\"og:image\" content=\"https:\/\/www.domstavpro.com\/wp-content\/uploads\/2026\/SK0030547-CZ20260425-092556-0-1777080363-1950130-7_mexen-s-lunar-vanova-zastena-2-kridlova-leva-120-.webp\" \/>\n\t<meta property=\"og:image:width\" content=\"1000\" \/>\n\t<meta property=\"og:image:height\" content=\"750\" \/>\n\t<meta property=\"og:image:type\" content=\"image\/webp\" \/>\n<meta name=\"twitter:card\" content=\"summary_large_image\" \/>\n<meta name=\"twitter:label1\" content=\"Odhadovan\u00e1 doba \u010dten\u00ed\" \/>\n\t<meta name=\"twitter:data1\" content=\"1 minuta\" \/>\n<script type=\"application\/ld+json\" class=\"yoast-schema-graph\">{\"@context\":\"https:\/\/schema.org\",\"@graph\":[{\"@type\":\"WebPage\",\"@id\":\"https:\/\/www.domstavpro.com\/index.php\/produkt\/znackovy-mexen-s-lunar-vanova-zastena-2-kridlova-leva-120-x-150-transparent-med-kartacovana-897-120-100-65-00-l-23905\/\",\"url\":\"https:\/\/www.domstavpro.com\/index.php\/produkt\/znackovy-mexen-s-lunar-vanova-zastena-2-kridlova-leva-120-x-150-transparent-med-kartacovana-897-120-100-65-00-l-23905\/\",\"name\":\"Zna\u010dkov\u00fd MEXEN\/S - Lunar vanov\u00e1 z\u00e1st\u011bna 2-k\u0159\u00eddlov\u00e1 lev\u00e1 120 x 150, transparent, m\u011b\u010f kart\u00e1\u010dovan\u00e1 897-120-100-65-00-L -\",\"isPartOf\":{\"@id\":\"https:\/\/www.domstavpro.com\/#website\"},\"primaryImageOfPage\":{\"@id\":\"https:\/\/www.domstavpro.com\/index.php\/produkt\/znackovy-mexen-s-lunar-vanova-zastena-2-kridlova-leva-120-x-150-transparent-med-kartacovana-897-120-100-65-00-l-23905\/#primaryimage\"},\"image\":{\"@id\":\"https:\/\/www.domstavpro.com\/index.php\/produkt\/znackovy-mexen-s-lunar-vanova-zastena-2-kridlova-leva-120-x-150-transparent-med-kartacovana-897-120-100-65-00-l-23905\/#primaryimage\"},\"thumbnailUrl\":\"https:\/\/www.domstavpro.com\/wp-content\/uploads\/2026\/SK0030547-CZ20260425-092556-0-1777080363-1950130-7_mexen-s-lunar-vanova-zastena-2-kridlova-leva-120-.webp\",\"datePublished\":\"2026-04-27T15:08:49+00:00\",\"breadcrumb\":{\"@id\":\"https:\/\/www.domstavpro.com\/index.php\/produkt\/znackovy-mexen-s-lunar-vanova-zastena-2-kridlova-leva-120-x-150-transparent-med-kartacovana-897-120-100-65-00-l-23905\/#breadcrumb\"},\"inLanguage\":\"cs\",\"potentialAction\":[{\"@type\":\"ReadAction\",\"target\":[\"https:\/\/www.domstavpro.com\/index.php\/produkt\/znackovy-mexen-s-lunar-vanova-zastena-2-kridlova-leva-120-x-150-transparent-med-kartacovana-897-120-100-65-00-l-23905\/\"]}]},{\"@type\":\"ImageObject\",\"inLanguage\":\"cs\",\"@id\":\"https:\/\/www.domstavpro.com\/index.php\/produkt\/znackovy-mexen-s-lunar-vanova-zastena-2-kridlova-leva-120-x-150-transparent-med-kartacovana-897-120-100-65-00-l-23905\/#primaryimage\",\"url\":\"https:\/\/www.domstavpro.com\/wp-content\/uploads\/2026\/SK0030547-CZ20260425-092556-0-1777080363-1950130-7_mexen-s-lunar-vanova-zastena-2-kridlova-leva-120-.webp\",\"contentUrl\":\"https:\/\/www.domstavpro.com\/wp-content\/uploads\/2026\/SK0030547-CZ20260425-092556-0-1777080363-1950130-7_mexen-s-lunar-vanova-zastena-2-kridlova-leva-120-.webp\",\"width\":1000,\"height\":750},{\"@type\":\"BreadcrumbList\",\"@id\":\"https:\/\/www.domstavpro.com\/index.php\/produkt\/znackovy-mexen-s-lunar-vanova-zastena-2-kridlova-leva-120-x-150-transparent-med-kartacovana-897-120-100-65-00-l-23905\/#breadcrumb\",\"itemListElement\":[{\"@type\":\"ListItem\",\"position\":1,\"name\":\"Home\",\"item\":\"https:\/\/www.domstavpro.com\/\"},{\"@type\":\"ListItem\",\"position\":2,\"name\":\"Products\",\"item\":\"https:\/\/www.domstavpro.com\/index.php\/products\/\"},{\"@type\":\"ListItem\",\"position\":3,\"name\":\"Zna\u010dkov\u00fd MEXEN\/S &#8211; Lunar vanov\u00e1 z\u00e1st\u011bna 2-k\u0159\u00eddlov\u00e1 lev\u00e1 120 x 150, transparent, m\u011b\u010f kart\u00e1\u010dovan\u00e1 897-120-100-65-00-L\"}]},{\"@type\":\"WebSite\",\"@id\":\"https:\/\/www.domstavpro.com\/#website\",\"url\":\"https:\/\/www.domstavpro.com\/\",\"name\":\"\",\"description\":\"\",\"potentialAction\":[{\"@type\":\"SearchAction\",\"target\":{\"@type\":\"EntryPoint\",\"urlTemplate\":\"https:\/\/www.domstavpro.com\/?s={search_term_string}\"},\"query-input\":{\"@type\":\"PropertyValueSpecification\",\"valueRequired\":true,\"valueName\":\"search_term_string\"}}],\"inLanguage\":\"cs\"}]}<\/script>\n<!-- \/ Yoast SEO plugin. -->","yoast_head_json":{"title":"Zna\u010dkov\u00fd MEXEN\/S - Lunar vanov\u00e1 z\u00e1st\u011bna 2-k\u0159\u00eddlov\u00e1 lev\u00e1 120 x 150, transparent, m\u011b\u010f kart\u00e1\u010dovan\u00e1 897-120-100-65-00-L -","robots":{"index":"index","follow":"follow","max-snippet":"max-snippet:-1","max-image-preview":"max-image-preview:large","max-video-preview":"max-video-preview:-1"},"canonical":"https:\/\/www.domstavpro.com\/index.php\/produkt\/znackovy-mexen-s-lunar-vanova-zastena-2-kridlova-leva-120-x-150-transparent-med-kartacovana-897-120-100-65-00-l-23905\/","og_locale":"cs_CZ","og_type":"article","og_title":"Zna\u010dkov\u00fd MEXEN\/S - Lunar vanov\u00e1 z\u00e1st\u011bna 2-k\u0159\u00eddlov\u00e1 lev\u00e1 120 x 150, transparent, m\u011b\u010f kart\u00e1\u010dovan\u00e1 897-120-100-65-00-L -","og_description":"Detailn\u00ed popis produktu Specifikace produktu: \u0160\u00ed\u0159ka: 120 cm V\u00fd\u0161ka: 150 cm 2k\u0159\u00eddl\u00fd typ Strana mont\u00e1\u017ee: Lev\u00e1 Typ: Pohybliv\u00fd\/Nakl\u00e1p\u011bc\u00ed Typ skla: Tvrzen\u00e9 Barva skla: Pr\u016fhledn\u00e1 Tlou\u0161\u0165ka skla: 8 mm Povrchov\u00e1 \u00faprava: Kart\u00e1\u010dovan\u00e1 m\u011b\u010f Snadno \u010distiteln\u00fd povlak Mo\u017enost nastaven\u00ed \u0161\u00ed\u0159ky Mosazn\u00e9 spony a panty v jedn\u00e9 rovin\u011b se sklen\u011bnou tabul\u00ed Elastomerov\u00e1 t\u011bsn\u011bn\u00ed pro odvod vody Dva mont\u00e1\u017en\u00ed [&hellip;]","og_url":"https:\/\/www.domstavpro.com\/index.php\/produkt\/znackovy-mexen-s-lunar-vanova-zastena-2-kridlova-leva-120-x-150-transparent-med-kartacovana-897-120-100-65-00-l-23905\/","og_image":[{"width":1000,"height":750,"url":"https:\/\/www.domstavpro.com\/wp-content\/uploads\/2026\/SK0030547-CZ20260425-092556-0-1777080363-1950130-7_mexen-s-lunar-vanova-zastena-2-kridlova-leva-120-.webp","type":"image\/webp"}],"twitter_card":"summary_large_image","twitter_misc":{"Odhadovan\u00e1 doba \u010dten\u00ed":"1 minuta"},"schema":{"@context":"https:\/\/schema.org","@graph":[{"@type":"WebPage","@id":"https:\/\/www.domstavpro.com\/index.php\/produkt\/znackovy-mexen-s-lunar-vanova-zastena-2-kridlova-leva-120-x-150-transparent-med-kartacovana-897-120-100-65-00-l-23905\/","url":"https:\/\/www.domstavpro.com\/index.php\/produkt\/znackovy-mexen-s-lunar-vanova-zastena-2-kridlova-leva-120-x-150-transparent-med-kartacovana-897-120-100-65-00-l-23905\/","name":"Zna\u010dkov\u00fd MEXEN\/S - Lunar vanov\u00e1 z\u00e1st\u011bna 2-k\u0159\u00eddlov\u00e1 lev\u00e1 120 x 150, transparent, m\u011b\u010f kart\u00e1\u010dovan\u00e1 897-120-100-65-00-L -","isPartOf":{"@id":"https:\/\/www.domstavpro.com\/#website"},"primaryImageOfPage":{"@id":"https:\/\/www.domstavpro.com\/index.php\/produkt\/znackovy-mexen-s-lunar-vanova-zastena-2-kridlova-leva-120-x-150-transparent-med-kartacovana-897-120-100-65-00-l-23905\/#primaryimage"},"image":{"@id":"https:\/\/www.domstavpro.com\/index.php\/produkt\/znackovy-mexen-s-lunar-vanova-zastena-2-kridlova-leva-120-x-150-transparent-med-kartacovana-897-120-100-65-00-l-23905\/#primaryimage"},"thumbnailUrl":"https:\/\/www.domstavpro.com\/wp-content\/uploads\/2026\/SK0030547-CZ20260425-092556-0-1777080363-1950130-7_mexen-s-lunar-vanova-zastena-2-kridlova-leva-120-.webp","datePublished":"2026-04-27T15:08:49+00:00","breadcrumb":{"@id":"https:\/\/www.domstavpro.com\/index.php\/produkt\/znackovy-mexen-s-lunar-vanova-zastena-2-kridlova-leva-120-x-150-transparent-med-kartacovana-897-120-100-65-00-l-23905\/#breadcrumb"},"inLanguage":"cs","potentialAction":[{"@type":"ReadAction","target":["https:\/\/www.domstavpro.com\/index.php\/produkt\/znackovy-mexen-s-lunar-vanova-zastena-2-kridlova-leva-120-x-150-transparent-med-kartacovana-897-120-100-65-00-l-23905\/"]}]},{"@type":"ImageObject","inLanguage":"cs","@id":"https:\/\/www.domstavpro.com\/index.php\/produkt\/znackovy-mexen-s-lunar-vanova-zastena-2-kridlova-leva-120-x-150-transparent-med-kartacovana-897-120-100-65-00-l-23905\/#primaryimage","url":"https:\/\/www.domstavpro.com\/wp-content\/uploads\/2026\/SK0030547-CZ20260425-092556-0-1777080363-1950130-7_mexen-s-lunar-vanova-zastena-2-kridlova-leva-120-.webp","contentUrl":"https:\/\/www.domstavpro.com\/wp-content\/uploads\/2026\/SK0030547-CZ20260425-092556-0-1777080363-1950130-7_mexen-s-lunar-vanova-zastena-2-kridlova-leva-120-.webp","width":1000,"height":750},{"@type":"BreadcrumbList","@id":"https:\/\/www.domstavpro.com\/index.php\/produkt\/znackovy-mexen-s-lunar-vanova-zastena-2-kridlova-leva-120-x-150-transparent-med-kartacovana-897-120-100-65-00-l-23905\/#breadcrumb","itemListElement":[{"@type":"ListItem","position":1,"name":"Home","item":"https:\/\/www.domstavpro.com\/"},{"@type":"ListItem","position":2,"name":"Products","item":"https:\/\/www.domstavpro.com\/index.php\/products\/"},{"@type":"ListItem","position":3,"name":"Zna\u010dkov\u00fd MEXEN\/S &#8211; Lunar vanov\u00e1 z\u00e1st\u011bna 2-k\u0159\u00eddlov\u00e1 lev\u00e1 120 x 150, transparent, m\u011b\u010f kart\u00e1\u010dovan\u00e1 897-120-100-65-00-L"}]},{"@type":"WebSite","@id":"https:\/\/www.domstavpro.com\/#website","url":"https:\/\/www.domstavpro.com\/","name":"","description":"","potentialAction":[{"@type":"SearchAction","target":{"@type":"EntryPoint","urlTemplate":"https:\/\/www.domstavpro.com\/?s={search_term_string}"},"query-input":{"@type":"PropertyValueSpecification","valueRequired":true,"valueName":"search_term_string"}}],"inLanguage":"cs"}]}},"_links":{"self":[{"href":"https:\/\/www.domstavpro.com\/index.php\/wp-json\/wp\/v2\/product\/23905","targetHints":{"allow":["GET"]}}],"collection":[{"href":"https:\/\/www.domstavpro.com\/index.php\/wp-json\/wp\/v2\/product"}],"about":[{"href":"https:\/\/www.domstavpro.com\/index.php\/wp-json\/wp\/v2\/types\/product"}],"replies":[{"embeddable":true,"href":"https:\/\/www.domstavpro.com\/index.php\/wp-json\/wp\/v2\/comments?post=23905"}],"wp:featuredmedia":[{"embeddable":true,"href":"https:\/\/www.domstavpro.com\/index.php\/wp-json\/wp\/v2\/media\/24005"}],"wp:attachment":[{"href":"https:\/\/www.domstavpro.com\/index.php\/wp-json\/wp\/v2\/media?parent=23905"}],"wp:term":[{"taxonomy":"product_brand","embeddable":true,"href":"https:\/\/www.domstavpro.com\/index.php\/wp-json\/wp\/v2\/product_brand?post=23905"},{"taxonomy":"product_cat","embeddable":true,"href":"https:\/\/www.domstavpro.com\/index.php\/wp-json\/wp\/v2\/product_cat?post=23905"},{"taxonomy":"product_tag","embeddable":true,"href":"https:\/\/www.domstavpro.com\/index.php\/wp-json\/wp\/v2\/product_tag?post=23905"}],"curies":[{"name":"wp","href":"https:\/\/api.w.org\/{rel}","templated":true}]}}