{"id":23343,"date":"2026-04-27T15:08:48","date_gmt":"2026-04-27T15:08:48","guid":{"rendered":""},"modified":"2026-04-27T15:08:48","modified_gmt":"2026-04-27T15:08:48","slug":"opitmum-stolni-vrtacka-optidrill-dq-14-novinka-23343","status":"publish","type":"product","link":"https:\/\/www.domstavpro.com\/index.php\/produkt\/opitmum-stolni-vrtacka-optidrill-dq-14-novinka-23343\/","title":{"rendered":"Opitmum Stoln\u00ed vrta\u010dka OPTIdrill DQ 14 Novinka"},"content":{"rendered":"<table>\n<div class=\"tab-pane active product-description\" id=\"popis\" role=\"tabpanel\">\n<div class=\"short-description\" itemprop=\"description\"><\/div>\n<div class=\"description\">\n<ul>\n<li>P\u0159esn\u011b obroben\u00fd pracovn\u00ed st\u016fl s dr\u00e1\u017ekami do X, je sklopn\u00fd od -45\u00b0 do +45\u00b0 a oto\u010dn\u00fd o 360\u00b0<br \/>&nbsp;<\/li>\n<li>Kvalitn\u00ed ozuben\u00e9 kl\u00ednov\u00e9 \u0159emeny Gates zlep\u0161uj\u00ed p\u0159enos s\u00edly a sni\u017euj\u00ed v\u00fdkonovou ztr\u00e1tu<br \/>&nbsp;<\/li>\n<li>V\u0159eteno s p\u0159esn\u00fdmi kuli\u010dkov\u00fdmi lo\u017eisky<br \/>&nbsp;<\/li>\n<li>Hlin\u00edkov\u00e9 rukojeti s ukon\u010den\u00edm&nbsp; \u201eSoftgrip\u201d&nbsp; poskytuj\u00ed jist\u00e9 dr\u017een\u00ed<br \/>&nbsp;<\/li>\n<li>Bezpe\u010dnostn\u00ed elektronika v proveden\u00ed 24 V<br \/>&nbsp;<\/li>\n<li>Nouzov\u00fd vyp\u00edna\u010d<br \/>&nbsp;<\/li>\n<li>LED osv\u011btlen\u00ed pracovn\u00edho stolu<br \/>&nbsp;<\/li>\n<li>Z\u00e1kladna s T-dr\u00e1\u017ekami, na spodn\u00ed stran\u011b \u017eebrovan\u00e1<\/li>\n<\/ul>\n<\/div>\n<div class=\"parameters\">\n<tr>\n<td>Vrtac\u00ed v\u00fdkon trval\u00fd | ocel<\/td>\n<td>12 mm<\/td>\n<\/tr>\n<tr>\n<td>Vrtac\u00ed v\u00fdkon max. | ocel<\/td>\n<td>13 mm<\/td>\n<\/tr>\n<tr>\n<td>Max. vrtac\u00ed hloubka<\/td>\n<td>52 mm<\/td>\n<\/tr>\n<tr>\n<td>Vylo\u017een\u00ed<\/td>\n<td>104 mm<\/td>\n<\/tr>\n<tr>\n<td>Rozm\u011bry pracovn\u00edho stolu<\/td>\n<td>170 \u00d7 170 mm<\/td>\n<\/tr>\n<tr>\n<td>Max. zat\u00ed\u017een\u00ed stolu<\/td>\n<td>8 kg<\/td>\n<\/tr>\n<tr>\n<td>T-dr\u00e1\u017eky | velikost dr\u00e1\u017eky<\/td>\n<td>14 mm<\/td>\n<\/tr>\n<tr>\n<td>Ku\u017eel v\u0159etene<\/td>\n<td>B16<\/td>\n<\/tr>\n<tr>\n<td>Ot\u00e1\u010dky<\/td>\n<td>700 \u2013 2500 ot\/min<\/td>\n<\/tr>\n<tr>\n<td>Plynul\u00e1 zm\u011bna ot\u00e1\u010dek<\/td>\n<td>Ne<\/td>\n<\/tr>\n<tr>\n<td>Po\u010det rychlostn\u00edch stup\u0148\u016f<\/td>\n<td>5<\/td>\n<\/tr>\n<tr>\n<td>Max. vzd\u00e1lenost v\u0159etene a stolu<\/td>\n<td>250 mm<\/td>\n<\/tr>\n<tr>\n<td>Max. vzd\u00e1lenost v\u0159etene a z\u00e1kladny<\/td>\n<td>340 mm<\/td>\n<\/tr>\n<tr>\n<td>\u00dahel naklopen\u00ed stolu vlevo\/vpravo<\/td>\n<td>45 \u00b0 a\u017e 45 \u00b0<\/td>\n<\/tr>\n<tr>\n<td>\u00dahel ot\u00e1\u010den\u00ed vtac\u00edho stolu<\/td>\n<td>360 \u00b0<\/td>\n<\/tr>\n<tr>\n<td>Pr\u016fm\u011br sloupu<\/td>\n<td>46 mm<\/td>\n<\/tr>\n<tr>\n<td>P\u0159\u00edkon<\/td>\n<td>350 W<\/td>\n<\/tr>\n<tr>\n<td>Elektrick\u00e9 p\u0159ipojen\u00ed<\/td>\n<td>230 V<\/td>\n<\/tr>\n<tr>\n<td>Rozm\u011bry (\u0161 \u00d7 v \u00d7 h)<\/td>\n<td>472 \u00d7 634 \u00d7 283 mm<\/td>\n<\/tr>\n<tr>\n<td>Hmotnost<\/td>\n<td>19 kg<\/td>\n<\/tr><\/div>\n<\/table>\n","protected":false},"excerpt":{"rendered":"<p>P\u0159esn\u011b obroben\u00fd pracovn\u00ed st\u016fl s dr\u00e1\u017ekami do X, je sklopn\u00fd od -45\u00b0 do +45\u00b0 a oto\u010dn\u00fd o 360\u00b0&nbsp; Kvalitn\u00ed ozuben\u00e9 kl\u00ednov\u00e9 \u0159emeny Gates zlep\u0161uj\u00ed p\u0159enos s\u00edly a sni\u017euj\u00ed v\u00fdkonovou ztr\u00e1tu&nbsp; V\u0159eteno s p\u0159esn\u00fdmi kuli\u010dkov\u00fdmi lo\u017eisky&nbsp; Hlin\u00edkov\u00e9 rukojeti s ukon\u010den\u00edm&nbsp; \u201eSoftgrip\u201d&nbsp; poskytuj\u00ed jist\u00e9 dr\u017een\u00ed&nbsp; Bezpe\u010dnostn\u00ed elektronika v proveden\u00ed 24 V&nbsp; Nouzov\u00fd vyp\u00edna\u010d&nbsp; LED osv\u011btlen\u00ed pracovn\u00edho stolu&nbsp; [&hellip;]<\/p>\n","protected":false},"featured_media":23443,"comment_status":"open","ping_status":"open","template":"","meta":[],"product_brand":[],"product_cat":[41],"product_tag":[],"class_list":{"0":"post-23343","1":"product","2":"type-product","3":"status-publish","4":"has-post-thumbnail","6":"product_cat-stroje","8":"first","9":"instock","10":"sale","11":"shipping-taxable","12":"purchasable","13":"product-type-simple"},"yoast_head":"<!-- This site is optimized with the Yoast SEO plugin v26.8 - https:\/\/yoast.com\/product\/yoast-seo-wordpress\/ -->\n<title>Opitmum Stoln\u00ed vrta\u010dka OPTIdrill DQ 14 Novinka -<\/title>\n<meta name=\"robots\" content=\"index, follow, max-snippet:-1, max-image-preview:large, max-video-preview:-1\" \/>\n<link rel=\"canonical\" href=\"https:\/\/www.domstavpro.com\/index.php\/produkt\/opitmum-stolni-vrtacka-optidrill-dq-14-novinka-23343\/\" \/>\n<meta property=\"og:locale\" content=\"cs_CZ\" \/>\n<meta property=\"og:type\" content=\"article\" \/>\n<meta property=\"og:title\" content=\"Opitmum Stoln\u00ed vrta\u010dka OPTIdrill DQ 14 Novinka -\" \/>\n<meta property=\"og:description\" content=\"P\u0159esn\u011b obroben\u00fd pracovn\u00ed st\u016fl s dr\u00e1\u017ekami do X, je sklopn\u00fd od -45\u00b0 do +45\u00b0 a oto\u010dn\u00fd o 360\u00b0&nbsp; Kvalitn\u00ed ozuben\u00e9 kl\u00ednov\u00e9 \u0159emeny Gates zlep\u0161uj\u00ed p\u0159enos s\u00edly a sni\u017euj\u00ed v\u00fdkonovou ztr\u00e1tu&nbsp; V\u0159eteno s p\u0159esn\u00fdmi kuli\u010dkov\u00fdmi lo\u017eisky&nbsp; Hlin\u00edkov\u00e9 rukojeti s ukon\u010den\u00edm&nbsp; \u201eSoftgrip\u201d&nbsp; poskytuj\u00ed jist\u00e9 dr\u017een\u00ed&nbsp; Bezpe\u010dnostn\u00ed elektronika v proveden\u00ed 24 V&nbsp; Nouzov\u00fd vyp\u00edna\u010d&nbsp; LED osv\u011btlen\u00ed pracovn\u00edho stolu&nbsp; [&hellip;]\" \/>\n<meta property=\"og:url\" content=\"https:\/\/www.domstavpro.com\/index.php\/produkt\/opitmum-stolni-vrtacka-optidrill-dq-14-novinka-23343\/\" \/>\n<meta property=\"og:image\" content=\"https:\/\/www.domstavpro.com\/wp-content\/uploads\/2026\/SK0030973-CZ20260425-092328-0-1777080210-snimek-obrazovky-2025-04-06-135051.webp\" \/>\n\t<meta property=\"og:image:width\" content=\"510\" \/>\n\t<meta property=\"og:image:height\" content=\"694\" \/>\n\t<meta property=\"og:image:type\" content=\"image\/webp\" \/>\n<meta name=\"twitter:card\" content=\"summary_large_image\" \/>\n<meta name=\"twitter:label1\" content=\"Odhadovan\u00e1 doba \u010dten\u00ed\" \/>\n\t<meta name=\"twitter:data1\" content=\"1 minuta\" \/>\n<script type=\"application\/ld+json\" class=\"yoast-schema-graph\">{\"@context\":\"https:\/\/schema.org\",\"@graph\":[{\"@type\":\"WebPage\",\"@id\":\"https:\/\/www.domstavpro.com\/index.php\/produkt\/opitmum-stolni-vrtacka-optidrill-dq-14-novinka-23343\/\",\"url\":\"https:\/\/www.domstavpro.com\/index.php\/produkt\/opitmum-stolni-vrtacka-optidrill-dq-14-novinka-23343\/\",\"name\":\"Opitmum Stoln\u00ed vrta\u010dka OPTIdrill DQ 14 Novinka -\",\"isPartOf\":{\"@id\":\"https:\/\/www.domstavpro.com\/#website\"},\"primaryImageOfPage\":{\"@id\":\"https:\/\/www.domstavpro.com\/index.php\/produkt\/opitmum-stolni-vrtacka-optidrill-dq-14-novinka-23343\/#primaryimage\"},\"image\":{\"@id\":\"https:\/\/www.domstavpro.com\/index.php\/produkt\/opitmum-stolni-vrtacka-optidrill-dq-14-novinka-23343\/#primaryimage\"},\"thumbnailUrl\":\"https:\/\/www.domstavpro.com\/wp-content\/uploads\/2026\/SK0030973-CZ20260425-092328-0-1777080210-snimek-obrazovky-2025-04-06-135051.webp\",\"datePublished\":\"2026-04-27T15:08:48+00:00\",\"breadcrumb\":{\"@id\":\"https:\/\/www.domstavpro.com\/index.php\/produkt\/opitmum-stolni-vrtacka-optidrill-dq-14-novinka-23343\/#breadcrumb\"},\"inLanguage\":\"cs\",\"potentialAction\":[{\"@type\":\"ReadAction\",\"target\":[\"https:\/\/www.domstavpro.com\/index.php\/produkt\/opitmum-stolni-vrtacka-optidrill-dq-14-novinka-23343\/\"]}]},{\"@type\":\"ImageObject\",\"inLanguage\":\"cs\",\"@id\":\"https:\/\/www.domstavpro.com\/index.php\/produkt\/opitmum-stolni-vrtacka-optidrill-dq-14-novinka-23343\/#primaryimage\",\"url\":\"https:\/\/www.domstavpro.com\/wp-content\/uploads\/2026\/SK0030973-CZ20260425-092328-0-1777080210-snimek-obrazovky-2025-04-06-135051.webp\",\"contentUrl\":\"https:\/\/www.domstavpro.com\/wp-content\/uploads\/2026\/SK0030973-CZ20260425-092328-0-1777080210-snimek-obrazovky-2025-04-06-135051.webp\",\"width\":510,\"height\":694},{\"@type\":\"BreadcrumbList\",\"@id\":\"https:\/\/www.domstavpro.com\/index.php\/produkt\/opitmum-stolni-vrtacka-optidrill-dq-14-novinka-23343\/#breadcrumb\",\"itemListElement\":[{\"@type\":\"ListItem\",\"position\":1,\"name\":\"Home\",\"item\":\"https:\/\/www.domstavpro.com\/\"},{\"@type\":\"ListItem\",\"position\":2,\"name\":\"Products\",\"item\":\"https:\/\/www.domstavpro.com\/index.php\/products\/\"},{\"@type\":\"ListItem\",\"position\":3,\"name\":\"Opitmum Stoln\u00ed vrta\u010dka OPTIdrill DQ 14 Novinka\"}]},{\"@type\":\"WebSite\",\"@id\":\"https:\/\/www.domstavpro.com\/#website\",\"url\":\"https:\/\/www.domstavpro.com\/\",\"name\":\"\",\"description\":\"\",\"potentialAction\":[{\"@type\":\"SearchAction\",\"target\":{\"@type\":\"EntryPoint\",\"urlTemplate\":\"https:\/\/www.domstavpro.com\/?s={search_term_string}\"},\"query-input\":{\"@type\":\"PropertyValueSpecification\",\"valueRequired\":true,\"valueName\":\"search_term_string\"}}],\"inLanguage\":\"cs\"}]}<\/script>\n<!-- \/ Yoast SEO plugin. -->","yoast_head_json":{"title":"Opitmum Stoln\u00ed vrta\u010dka OPTIdrill DQ 14 Novinka -","robots":{"index":"index","follow":"follow","max-snippet":"max-snippet:-1","max-image-preview":"max-image-preview:large","max-video-preview":"max-video-preview:-1"},"canonical":"https:\/\/www.domstavpro.com\/index.php\/produkt\/opitmum-stolni-vrtacka-optidrill-dq-14-novinka-23343\/","og_locale":"cs_CZ","og_type":"article","og_title":"Opitmum Stoln\u00ed vrta\u010dka OPTIdrill DQ 14 Novinka -","og_description":"P\u0159esn\u011b obroben\u00fd pracovn\u00ed st\u016fl s dr\u00e1\u017ekami do X, je sklopn\u00fd od -45\u00b0 do +45\u00b0 a oto\u010dn\u00fd o 360\u00b0&nbsp; Kvalitn\u00ed ozuben\u00e9 kl\u00ednov\u00e9 \u0159emeny Gates zlep\u0161uj\u00ed p\u0159enos s\u00edly a sni\u017euj\u00ed v\u00fdkonovou ztr\u00e1tu&nbsp; V\u0159eteno s p\u0159esn\u00fdmi kuli\u010dkov\u00fdmi lo\u017eisky&nbsp; Hlin\u00edkov\u00e9 rukojeti s ukon\u010den\u00edm&nbsp; \u201eSoftgrip\u201d&nbsp; poskytuj\u00ed jist\u00e9 dr\u017een\u00ed&nbsp; Bezpe\u010dnostn\u00ed elektronika v proveden\u00ed 24 V&nbsp; Nouzov\u00fd vyp\u00edna\u010d&nbsp; LED osv\u011btlen\u00ed pracovn\u00edho stolu&nbsp; [&hellip;]","og_url":"https:\/\/www.domstavpro.com\/index.php\/produkt\/opitmum-stolni-vrtacka-optidrill-dq-14-novinka-23343\/","og_image":[{"width":510,"height":694,"url":"https:\/\/www.domstavpro.com\/wp-content\/uploads\/2026\/SK0030973-CZ20260425-092328-0-1777080210-snimek-obrazovky-2025-04-06-135051.webp","type":"image\/webp"}],"twitter_card":"summary_large_image","twitter_misc":{"Odhadovan\u00e1 doba \u010dten\u00ed":"1 minuta"},"schema":{"@context":"https:\/\/schema.org","@graph":[{"@type":"WebPage","@id":"https:\/\/www.domstavpro.com\/index.php\/produkt\/opitmum-stolni-vrtacka-optidrill-dq-14-novinka-23343\/","url":"https:\/\/www.domstavpro.com\/index.php\/produkt\/opitmum-stolni-vrtacka-optidrill-dq-14-novinka-23343\/","name":"Opitmum Stoln\u00ed vrta\u010dka OPTIdrill DQ 14 Novinka -","isPartOf":{"@id":"https:\/\/www.domstavpro.com\/#website"},"primaryImageOfPage":{"@id":"https:\/\/www.domstavpro.com\/index.php\/produkt\/opitmum-stolni-vrtacka-optidrill-dq-14-novinka-23343\/#primaryimage"},"image":{"@id":"https:\/\/www.domstavpro.com\/index.php\/produkt\/opitmum-stolni-vrtacka-optidrill-dq-14-novinka-23343\/#primaryimage"},"thumbnailUrl":"https:\/\/www.domstavpro.com\/wp-content\/uploads\/2026\/SK0030973-CZ20260425-092328-0-1777080210-snimek-obrazovky-2025-04-06-135051.webp","datePublished":"2026-04-27T15:08:48+00:00","breadcrumb":{"@id":"https:\/\/www.domstavpro.com\/index.php\/produkt\/opitmum-stolni-vrtacka-optidrill-dq-14-novinka-23343\/#breadcrumb"},"inLanguage":"cs","potentialAction":[{"@type":"ReadAction","target":["https:\/\/www.domstavpro.com\/index.php\/produkt\/opitmum-stolni-vrtacka-optidrill-dq-14-novinka-23343\/"]}]},{"@type":"ImageObject","inLanguage":"cs","@id":"https:\/\/www.domstavpro.com\/index.php\/produkt\/opitmum-stolni-vrtacka-optidrill-dq-14-novinka-23343\/#primaryimage","url":"https:\/\/www.domstavpro.com\/wp-content\/uploads\/2026\/SK0030973-CZ20260425-092328-0-1777080210-snimek-obrazovky-2025-04-06-135051.webp","contentUrl":"https:\/\/www.domstavpro.com\/wp-content\/uploads\/2026\/SK0030973-CZ20260425-092328-0-1777080210-snimek-obrazovky-2025-04-06-135051.webp","width":510,"height":694},{"@type":"BreadcrumbList","@id":"https:\/\/www.domstavpro.com\/index.php\/produkt\/opitmum-stolni-vrtacka-optidrill-dq-14-novinka-23343\/#breadcrumb","itemListElement":[{"@type":"ListItem","position":1,"name":"Home","item":"https:\/\/www.domstavpro.com\/"},{"@type":"ListItem","position":2,"name":"Products","item":"https:\/\/www.domstavpro.com\/index.php\/products\/"},{"@type":"ListItem","position":3,"name":"Opitmum Stoln\u00ed vrta\u010dka OPTIdrill DQ 14 Novinka"}]},{"@type":"WebSite","@id":"https:\/\/www.domstavpro.com\/#website","url":"https:\/\/www.domstavpro.com\/","name":"","description":"","potentialAction":[{"@type":"SearchAction","target":{"@type":"EntryPoint","urlTemplate":"https:\/\/www.domstavpro.com\/?s={search_term_string}"},"query-input":{"@type":"PropertyValueSpecification","valueRequired":true,"valueName":"search_term_string"}}],"inLanguage":"cs"}]}},"_links":{"self":[{"href":"https:\/\/www.domstavpro.com\/index.php\/wp-json\/wp\/v2\/product\/23343","targetHints":{"allow":["GET"]}}],"collection":[{"href":"https:\/\/www.domstavpro.com\/index.php\/wp-json\/wp\/v2\/product"}],"about":[{"href":"https:\/\/www.domstavpro.com\/index.php\/wp-json\/wp\/v2\/types\/product"}],"replies":[{"embeddable":true,"href":"https:\/\/www.domstavpro.com\/index.php\/wp-json\/wp\/v2\/comments?post=23343"}],"wp:featuredmedia":[{"embeddable":true,"href":"https:\/\/www.domstavpro.com\/index.php\/wp-json\/wp\/v2\/media\/23443"}],"wp:attachment":[{"href":"https:\/\/www.domstavpro.com\/index.php\/wp-json\/wp\/v2\/media?parent=23343"}],"wp:term":[{"taxonomy":"product_brand","embeddable":true,"href":"https:\/\/www.domstavpro.com\/index.php\/wp-json\/wp\/v2\/product_brand?post=23343"},{"taxonomy":"product_cat","embeddable":true,"href":"https:\/\/www.domstavpro.com\/index.php\/wp-json\/wp\/v2\/product_cat?post=23343"},{"taxonomy":"product_tag","embeddable":true,"href":"https:\/\/www.domstavpro.com\/index.php\/wp-json\/wp\/v2\/product_tag?post=23343"}],"curies":[{"name":"wp","href":"https:\/\/api.w.org\/{rel}","templated":true}]}}