{"id":23338,"date":"2026-04-27T15:08:48","date_gmt":"2026-04-27T15:08:48","guid":{"rendered":""},"modified":"2026-04-27T15:08:48","modified_gmt":"2026-04-27T15:08:48","slug":"aircraft-bezolejovy-kompresor-airboy-silence-221-of-e-ihned-k-objednani-23338","status":"publish","type":"product","link":"https:\/\/www.domstavpro.com\/index.php\/produkt\/aircraft-bezolejovy-kompresor-airboy-silence-221-of-e-ihned-k-objednani-23338\/","title":{"rendered":"Aircraft Bezolejov\u00fd kompresor Airboy Silence 221 OF E Ihned K Objedn\u00e1n\u00ed"},"content":{"rendered":"<table>\n<div class=\"tab-pane active product-description\" id=\"popis\" role=\"tabpanel\">\n<div class=\"short-description\" itemprop=\"description\"><\/div>\n<div class=\"description\">\n<ul>\n<li>Mal\u00e1, kompaktn\u00ed konstrukce<br \/>&nbsp;<\/li>\n<li><strong>Dvouv\u00e1lcov\u00fd agreg\u00e1t<\/strong><br \/>&nbsp;<\/li>\n<li>Velmi klidn\u00fd a t\u00edm tich\u00fd chod<br \/>&nbsp;<\/li>\n<li><strong>Bezolejov\u00fd<\/strong> p\u00edstov\u00fd kompresor, kter\u00fd nevy\u017eaduje \u017e\u00e1dnou v\u00fdm\u011bnu oleje a nezp\u016fsobuje olej v kondenz\u00e1tu<br \/>&nbsp;<\/li>\n<li>Odb\u011br stla\u010den\u00e9ho vzduchu p\u0159es rychlospojku<br \/>&nbsp;<\/li>\n<li>Regul\u00e1tor tlaku pro plynul\u00e9 nastaven\u00ed po\u017eadovan\u00e9ho pracovn\u00edho tlaku<br \/>&nbsp;<\/li>\n<li>Dva manometry ukazuj\u00ed tlak v n\u00e1dob\u011b a pracovn\u00ed tlak<br \/>&nbsp;<\/li>\n<li>Elektromotor s motorov\u00fdm jisti\u010dem<br \/>&nbsp;<\/li>\n<li>Gumov\u00e9 no\u017eky pohlcuj\u00edc\u00ed vibrace<br \/>&nbsp;<\/li>\n<li>Gumov\u00e9 dr\u017eadlo pro jist\u00e9 dr\u017een\u00ed<br \/>&nbsp;<\/li>\n<li>Tlakov\u00e1 n\u00e1doba je chr\u00e1n\u011bna pr\u00e1\u0161kovou barvou<\/li>\n<\/ul>\n<\/div>\n<div class=\"parameters\">\n<tr>\n<td>Max. provozn\u00ed tlak<\/td>\n<td>8 bar<\/td>\n<\/tr>\n<tr>\n<td>Objem tlakov\u00e9 n\u00e1doby<\/td>\n<td>6 l<\/td>\n<\/tr>\n<tr>\n<td>Pln\u00edc\u00ed v\u00fdkon cca<\/td>\n<td>120 l\/min<\/td>\n<\/tr>\n<tr>\n<td>Sac\u00ed v\u00fdkon cca<\/td>\n<td>220 l\/min<\/td>\n<\/tr>\n<tr>\n<td>Kompresn\u00ed syst\u00e9m<\/td>\n<td>WDS<\/td>\n<\/tr>\n<tr>\n<td>V\u00e1lce\/stupn\u011b<\/td>\n<td>2\/1<\/td>\n<\/tr>\n<tr>\n<td>Ot\u00e1\u010dky<\/td>\n<td>2800 ot\/min<\/td>\n<\/tr>\n<tr>\n<td>P\u0159\u00edkon<\/td>\n<td>1,13 kW<\/td>\n<\/tr>\n<tr>\n<td>Elektrick\u00e9 p\u0159ipojen\u00ed<\/td>\n<td>230 V<\/td>\n<\/tr>\n<tr>\n<td>Rozm\u011bry (\u0161 \u00d7 v \u00d7 h)<\/td>\n<td>370 \u00d7 355 \u00d7 330 mm<\/td>\n<\/tr>\n<tr>\n<td>Hmotnost<\/td>\n<td>16,4 kg<\/td>\n<\/tr>\n<tr>\n<td>Hladina akustick\u00e9ho tlaku LpA<\/td>\n<td>67 dB(A)<\/td>\n<\/tr><\/div>\n<\/table>\n","protected":false},"excerpt":{"rendered":"<p>Mal\u00e1, kompaktn\u00ed konstrukce&nbsp; Dvouv\u00e1lcov\u00fd agreg\u00e1t&nbsp; Velmi klidn\u00fd a t\u00edm tich\u00fd chod&nbsp; Bezolejov\u00fd p\u00edstov\u00fd kompresor, kter\u00fd nevy\u017eaduje \u017e\u00e1dnou v\u00fdm\u011bnu oleje a nezp\u016fsobuje olej v kondenz\u00e1tu&nbsp; Odb\u011br stla\u010den\u00e9ho vzduchu p\u0159es rychlospojku&nbsp; Regul\u00e1tor tlaku pro plynul\u00e9 nastaven\u00ed po\u017eadovan\u00e9ho pracovn\u00edho tlaku&nbsp; Dva manometry ukazuj\u00ed tlak v n\u00e1dob\u011b a pracovn\u00ed tlak&nbsp; Elektromotor s motorov\u00fdm jisti\u010dem&nbsp; Gumov\u00e9 no\u017eky pohlcuj\u00edc\u00ed vibrace&nbsp; Gumov\u00e9 [&hellip;]<\/p>\n","protected":false},"featured_media":23438,"comment_status":"open","ping_status":"open","template":"","meta":[],"product_brand":[],"product_cat":[38],"product_tag":[],"class_list":{"0":"post-23338","1":"product","2":"type-product","3":"status-publish","4":"has-post-thumbnail","6":"product_cat-naradi","8":"first","9":"instock","10":"sale","11":"shipping-taxable","12":"purchasable","13":"product-type-simple"},"yoast_head":"<!-- This site is optimized with the Yoast SEO plugin v26.8 - https:\/\/yoast.com\/product\/yoast-seo-wordpress\/ -->\n<title>Aircraft Bezolejov\u00fd kompresor Airboy Silence 221 OF E Ihned K Objedn\u00e1n\u00ed -<\/title>\n<meta name=\"robots\" content=\"index, follow, max-snippet:-1, max-image-preview:large, max-video-preview:-1\" \/>\n<link rel=\"canonical\" href=\"https:\/\/www.domstavpro.com\/index.php\/produkt\/aircraft-bezolejovy-kompresor-airboy-silence-221-of-e-ihned-k-objednani-23338\/\" \/>\n<meta property=\"og:locale\" content=\"cs_CZ\" \/>\n<meta property=\"og:type\" content=\"article\" \/>\n<meta property=\"og:title\" content=\"Aircraft Bezolejov\u00fd kompresor Airboy Silence 221 OF E Ihned K Objedn\u00e1n\u00ed -\" \/>\n<meta property=\"og:description\" content=\"Mal\u00e1, kompaktn\u00ed konstrukce&nbsp; Dvouv\u00e1lcov\u00fd agreg\u00e1t&nbsp; Velmi klidn\u00fd a t\u00edm tich\u00fd chod&nbsp; Bezolejov\u00fd p\u00edstov\u00fd kompresor, kter\u00fd nevy\u017eaduje \u017e\u00e1dnou v\u00fdm\u011bnu oleje a nezp\u016fsobuje olej v kondenz\u00e1tu&nbsp; Odb\u011br stla\u010den\u00e9ho vzduchu p\u0159es rychlospojku&nbsp; Regul\u00e1tor tlaku pro plynul\u00e9 nastaven\u00ed po\u017eadovan\u00e9ho pracovn\u00edho tlaku&nbsp; Dva manometry ukazuj\u00ed tlak v n\u00e1dob\u011b a pracovn\u00ed tlak&nbsp; Elektromotor s motorov\u00fdm jisti\u010dem&nbsp; Gumov\u00e9 no\u017eky pohlcuj\u00edc\u00ed vibrace&nbsp; Gumov\u00e9 [&hellip;]\" \/>\n<meta property=\"og:url\" content=\"https:\/\/www.domstavpro.com\/index.php\/produkt\/aircraft-bezolejovy-kompresor-airboy-silence-221-of-e-ihned-k-objednani-23338\/\" \/>\n<meta property=\"og:image\" content=\"https:\/\/www.domstavpro.com\/wp-content\/uploads\/2026\/SK0030966-CZ20260425-092328-0-1777080210-snimek-obrazovky-2025-03-17-162313.webp\" \/>\n\t<meta property=\"og:image:width\" content=\"700\" \/>\n\t<meta property=\"og:image:height\" content=\"586\" \/>\n\t<meta property=\"og:image:type\" content=\"image\/webp\" \/>\n<meta name=\"twitter:card\" content=\"summary_large_image\" \/>\n<meta name=\"twitter:label1\" content=\"Odhadovan\u00e1 doba \u010dten\u00ed\" \/>\n\t<meta name=\"twitter:data1\" content=\"1 minuta\" \/>\n<script type=\"application\/ld+json\" class=\"yoast-schema-graph\">{\"@context\":\"https:\/\/schema.org\",\"@graph\":[{\"@type\":\"WebPage\",\"@id\":\"https:\/\/www.domstavpro.com\/index.php\/produkt\/aircraft-bezolejovy-kompresor-airboy-silence-221-of-e-ihned-k-objednani-23338\/\",\"url\":\"https:\/\/www.domstavpro.com\/index.php\/produkt\/aircraft-bezolejovy-kompresor-airboy-silence-221-of-e-ihned-k-objednani-23338\/\",\"name\":\"Aircraft Bezolejov\u00fd kompresor Airboy Silence 221 OF E Ihned K Objedn\u00e1n\u00ed -\",\"isPartOf\":{\"@id\":\"https:\/\/www.domstavpro.com\/#website\"},\"primaryImageOfPage\":{\"@id\":\"https:\/\/www.domstavpro.com\/index.php\/produkt\/aircraft-bezolejovy-kompresor-airboy-silence-221-of-e-ihned-k-objednani-23338\/#primaryimage\"},\"image\":{\"@id\":\"https:\/\/www.domstavpro.com\/index.php\/produkt\/aircraft-bezolejovy-kompresor-airboy-silence-221-of-e-ihned-k-objednani-23338\/#primaryimage\"},\"thumbnailUrl\":\"https:\/\/www.domstavpro.com\/wp-content\/uploads\/2026\/SK0030966-CZ20260425-092328-0-1777080210-snimek-obrazovky-2025-03-17-162313.webp\",\"datePublished\":\"2026-04-27T15:08:48+00:00\",\"breadcrumb\":{\"@id\":\"https:\/\/www.domstavpro.com\/index.php\/produkt\/aircraft-bezolejovy-kompresor-airboy-silence-221-of-e-ihned-k-objednani-23338\/#breadcrumb\"},\"inLanguage\":\"cs\",\"potentialAction\":[{\"@type\":\"ReadAction\",\"target\":[\"https:\/\/www.domstavpro.com\/index.php\/produkt\/aircraft-bezolejovy-kompresor-airboy-silence-221-of-e-ihned-k-objednani-23338\/\"]}]},{\"@type\":\"ImageObject\",\"inLanguage\":\"cs\",\"@id\":\"https:\/\/www.domstavpro.com\/index.php\/produkt\/aircraft-bezolejovy-kompresor-airboy-silence-221-of-e-ihned-k-objednani-23338\/#primaryimage\",\"url\":\"https:\/\/www.domstavpro.com\/wp-content\/uploads\/2026\/SK0030966-CZ20260425-092328-0-1777080210-snimek-obrazovky-2025-03-17-162313.webp\",\"contentUrl\":\"https:\/\/www.domstavpro.com\/wp-content\/uploads\/2026\/SK0030966-CZ20260425-092328-0-1777080210-snimek-obrazovky-2025-03-17-162313.webp\",\"width\":700,\"height\":586},{\"@type\":\"BreadcrumbList\",\"@id\":\"https:\/\/www.domstavpro.com\/index.php\/produkt\/aircraft-bezolejovy-kompresor-airboy-silence-221-of-e-ihned-k-objednani-23338\/#breadcrumb\",\"itemListElement\":[{\"@type\":\"ListItem\",\"position\":1,\"name\":\"Home\",\"item\":\"https:\/\/www.domstavpro.com\/\"},{\"@type\":\"ListItem\",\"position\":2,\"name\":\"Products\",\"item\":\"https:\/\/www.domstavpro.com\/index.php\/products\/\"},{\"@type\":\"ListItem\",\"position\":3,\"name\":\"Aircraft Bezolejov\u00fd kompresor Airboy Silence 221 OF E Ihned K Objedn\u00e1n\u00ed\"}]},{\"@type\":\"WebSite\",\"@id\":\"https:\/\/www.domstavpro.com\/#website\",\"url\":\"https:\/\/www.domstavpro.com\/\",\"name\":\"\",\"description\":\"\",\"potentialAction\":[{\"@type\":\"SearchAction\",\"target\":{\"@type\":\"EntryPoint\",\"urlTemplate\":\"https:\/\/www.domstavpro.com\/?s={search_term_string}\"},\"query-input\":{\"@type\":\"PropertyValueSpecification\",\"valueRequired\":true,\"valueName\":\"search_term_string\"}}],\"inLanguage\":\"cs\"}]}<\/script>\n<!-- \/ Yoast SEO plugin. -->","yoast_head_json":{"title":"Aircraft Bezolejov\u00fd kompresor Airboy Silence 221 OF E Ihned K Objedn\u00e1n\u00ed -","robots":{"index":"index","follow":"follow","max-snippet":"max-snippet:-1","max-image-preview":"max-image-preview:large","max-video-preview":"max-video-preview:-1"},"canonical":"https:\/\/www.domstavpro.com\/index.php\/produkt\/aircraft-bezolejovy-kompresor-airboy-silence-221-of-e-ihned-k-objednani-23338\/","og_locale":"cs_CZ","og_type":"article","og_title":"Aircraft Bezolejov\u00fd kompresor Airboy Silence 221 OF E Ihned K Objedn\u00e1n\u00ed -","og_description":"Mal\u00e1, kompaktn\u00ed konstrukce&nbsp; Dvouv\u00e1lcov\u00fd agreg\u00e1t&nbsp; Velmi klidn\u00fd a t\u00edm tich\u00fd chod&nbsp; Bezolejov\u00fd p\u00edstov\u00fd kompresor, kter\u00fd nevy\u017eaduje \u017e\u00e1dnou v\u00fdm\u011bnu oleje a nezp\u016fsobuje olej v kondenz\u00e1tu&nbsp; Odb\u011br stla\u010den\u00e9ho vzduchu p\u0159es rychlospojku&nbsp; Regul\u00e1tor tlaku pro plynul\u00e9 nastaven\u00ed po\u017eadovan\u00e9ho pracovn\u00edho tlaku&nbsp; Dva manometry ukazuj\u00ed tlak v n\u00e1dob\u011b a pracovn\u00ed tlak&nbsp; Elektromotor s motorov\u00fdm jisti\u010dem&nbsp; Gumov\u00e9 no\u017eky pohlcuj\u00edc\u00ed vibrace&nbsp; Gumov\u00e9 [&hellip;]","og_url":"https:\/\/www.domstavpro.com\/index.php\/produkt\/aircraft-bezolejovy-kompresor-airboy-silence-221-of-e-ihned-k-objednani-23338\/","og_image":[{"width":700,"height":586,"url":"https:\/\/www.domstavpro.com\/wp-content\/uploads\/2026\/SK0030966-CZ20260425-092328-0-1777080210-snimek-obrazovky-2025-03-17-162313.webp","type":"image\/webp"}],"twitter_card":"summary_large_image","twitter_misc":{"Odhadovan\u00e1 doba \u010dten\u00ed":"1 minuta"},"schema":{"@context":"https:\/\/schema.org","@graph":[{"@type":"WebPage","@id":"https:\/\/www.domstavpro.com\/index.php\/produkt\/aircraft-bezolejovy-kompresor-airboy-silence-221-of-e-ihned-k-objednani-23338\/","url":"https:\/\/www.domstavpro.com\/index.php\/produkt\/aircraft-bezolejovy-kompresor-airboy-silence-221-of-e-ihned-k-objednani-23338\/","name":"Aircraft Bezolejov\u00fd kompresor Airboy Silence 221 OF E Ihned K Objedn\u00e1n\u00ed -","isPartOf":{"@id":"https:\/\/www.domstavpro.com\/#website"},"primaryImageOfPage":{"@id":"https:\/\/www.domstavpro.com\/index.php\/produkt\/aircraft-bezolejovy-kompresor-airboy-silence-221-of-e-ihned-k-objednani-23338\/#primaryimage"},"image":{"@id":"https:\/\/www.domstavpro.com\/index.php\/produkt\/aircraft-bezolejovy-kompresor-airboy-silence-221-of-e-ihned-k-objednani-23338\/#primaryimage"},"thumbnailUrl":"https:\/\/www.domstavpro.com\/wp-content\/uploads\/2026\/SK0030966-CZ20260425-092328-0-1777080210-snimek-obrazovky-2025-03-17-162313.webp","datePublished":"2026-04-27T15:08:48+00:00","breadcrumb":{"@id":"https:\/\/www.domstavpro.com\/index.php\/produkt\/aircraft-bezolejovy-kompresor-airboy-silence-221-of-e-ihned-k-objednani-23338\/#breadcrumb"},"inLanguage":"cs","potentialAction":[{"@type":"ReadAction","target":["https:\/\/www.domstavpro.com\/index.php\/produkt\/aircraft-bezolejovy-kompresor-airboy-silence-221-of-e-ihned-k-objednani-23338\/"]}]},{"@type":"ImageObject","inLanguage":"cs","@id":"https:\/\/www.domstavpro.com\/index.php\/produkt\/aircraft-bezolejovy-kompresor-airboy-silence-221-of-e-ihned-k-objednani-23338\/#primaryimage","url":"https:\/\/www.domstavpro.com\/wp-content\/uploads\/2026\/SK0030966-CZ20260425-092328-0-1777080210-snimek-obrazovky-2025-03-17-162313.webp","contentUrl":"https:\/\/www.domstavpro.com\/wp-content\/uploads\/2026\/SK0030966-CZ20260425-092328-0-1777080210-snimek-obrazovky-2025-03-17-162313.webp","width":700,"height":586},{"@type":"BreadcrumbList","@id":"https:\/\/www.domstavpro.com\/index.php\/produkt\/aircraft-bezolejovy-kompresor-airboy-silence-221-of-e-ihned-k-objednani-23338\/#breadcrumb","itemListElement":[{"@type":"ListItem","position":1,"name":"Home","item":"https:\/\/www.domstavpro.com\/"},{"@type":"ListItem","position":2,"name":"Products","item":"https:\/\/www.domstavpro.com\/index.php\/products\/"},{"@type":"ListItem","position":3,"name":"Aircraft Bezolejov\u00fd kompresor Airboy Silence 221 OF E Ihned K Objedn\u00e1n\u00ed"}]},{"@type":"WebSite","@id":"https:\/\/www.domstavpro.com\/#website","url":"https:\/\/www.domstavpro.com\/","name":"","description":"","potentialAction":[{"@type":"SearchAction","target":{"@type":"EntryPoint","urlTemplate":"https:\/\/www.domstavpro.com\/?s={search_term_string}"},"query-input":{"@type":"PropertyValueSpecification","valueRequired":true,"valueName":"search_term_string"}}],"inLanguage":"cs"}]}},"_links":{"self":[{"href":"https:\/\/www.domstavpro.com\/index.php\/wp-json\/wp\/v2\/product\/23338","targetHints":{"allow":["GET"]}}],"collection":[{"href":"https:\/\/www.domstavpro.com\/index.php\/wp-json\/wp\/v2\/product"}],"about":[{"href":"https:\/\/www.domstavpro.com\/index.php\/wp-json\/wp\/v2\/types\/product"}],"replies":[{"embeddable":true,"href":"https:\/\/www.domstavpro.com\/index.php\/wp-json\/wp\/v2\/comments?post=23338"}],"wp:featuredmedia":[{"embeddable":true,"href":"https:\/\/www.domstavpro.com\/index.php\/wp-json\/wp\/v2\/media\/23438"}],"wp:attachment":[{"href":"https:\/\/www.domstavpro.com\/index.php\/wp-json\/wp\/v2\/media?parent=23338"}],"wp:term":[{"taxonomy":"product_brand","embeddable":true,"href":"https:\/\/www.domstavpro.com\/index.php\/wp-json\/wp\/v2\/product_brand?post=23338"},{"taxonomy":"product_cat","embeddable":true,"href":"https:\/\/www.domstavpro.com\/index.php\/wp-json\/wp\/v2\/product_cat?post=23338"},{"taxonomy":"product_tag","embeddable":true,"href":"https:\/\/www.domstavpro.com\/index.php\/wp-json\/wp\/v2\/product_tag?post=23338"}],"curies":[{"name":"wp","href":"https:\/\/api.w.org\/{rel}","templated":true}]}}