{"id":23336,"date":"2026-04-27T15:08:48","date_gmt":"2026-04-27T15:08:48","guid":{"rendered":""},"modified":"2026-04-27T15:08:48","modified_gmt":"2026-04-27T15:08:48","slug":"znackovy-makita-djv185z-aku-bezuhlikova-primocara-pila-li-ion-lxt-18v-bez-aku-z-23336","status":"publish","type":"product","link":"https:\/\/www.domstavpro.com\/index.php\/produkt\/znackovy-makita-djv185z-aku-bezuhlikova-primocara-pila-li-ion-lxt-18v-bez-aku-z-23336\/","title":{"rendered":"Zna\u010dkov\u00fd Makita DJV185Z aku bezuhl\u00edkov\u00e1 p\u0159\u00edmo\u010dar\u00e1 pila Li-ion LXT 18V, bez aku Z"},"content":{"rendered":"<table>\n<div class=\"tab-pane active product-description\" id=\"popis\" role=\"tabpanel\">\n<div class=\"short-description\" itemprop=\"description\"><\/div>\n<div class=\"description\">\n<ul>\n<li>Siln\u00e1 aku p\u0159\u00edmo\u010dar\u00e1 pila Li-ion 18V LXT srovnateln\u00e1 s AC verz\u00ed<\/li>\n<li>Pozvoln\u00fd start umo\u017e\u0148uje velmi p\u0159esnou pr\u00e1ci<\/li>\n<li>Spolehliv\u00fd bezuhl\u00edkov\u00fd motor umo\u017e\u0148uj\u00edc\u00ed del\u0161\u00ed pou\u017eit\u00ed na jedno nabit\u00ed akumul\u00e1toru<\/li>\n<li>Mo\u017enost pou\u017eit\u00ed vyp\u00edna\u010de z obou stran stroje<\/li>\n<li>Mo\u017enost aretace vyp\u00edna\u010de pro st\u00e1l\u00fd chod<\/li>\n<li>Regulace rychlosti<\/li>\n<li>Omezen\u00ed rychlosti p\u0159i zah\u00e1jen\u00ed \u0159ezu &#8211; funkci je mo\u017en\u00e9 vypnout<\/li>\n<li>Bezn\u00e1strojov\u00e1 v\u00fdm\u011bna pilov\u00e9ho listu<\/li>\n<li>Elektronick\u00e1 kontrola zat\u00ed\u017een\u00ed stroje<\/li>\n<li>Motorov\u00e1 brzda a bezpe\u010dnostn\u00ed vyp\u00edna\u010d<\/li>\n<li>Mo\u017enost nastaven\u00ed 4 stup\u0148\u016f p\u0159edkyvu<\/li>\n<li>Kompaktn\u00ed tvar a n\u00edzk\u00e1 hmotnost<\/li>\n<li>LED osv\u011btlen\u00ed pracovn\u00ed plochy s funkc\u00ed redukce intenzity v p\u0159\u00edpad\u011b \u0159ezu veden\u00e9ho vzh\u016fru<\/li>\n<li>Ofukov\u00e1n\u00ed linie \u0159ezu<\/li>\n<li>Mo\u017enost p\u0159ipojen\u00ed k vysava\u010di<\/li>\n<li>P\u0159ipojen\u00ed vod\u00edc\u00ed li\u0161ty je mo\u017en\u00e9 pomoc\u00ed adapt\u00e9ru 193517-1<\/li>\n<li>Dod\u00e1vka bez akumul\u00e1toru a nab\u00edje\u010dky<\/li>\n<li>P\u0159\u00edslu\u0161enstv\u00ed\n<ul>\n<li>Adapt\u00e9r ods\u00e1v\u00e1n\u00ed (413F05-1)<\/li>\n<li>Deska proti po\u0161kr\u00e1b\u00e1n\u00ed (457867-1)<\/li>\n<li>Kl\u00ed\u010d (783201-2)<\/li>\n<li>Pilov\u00fd pl\u00e1tek<\/li>\n<\/ul>\n<\/li>\n<\/ul>\n<\/div>\n<div class=\"parameters\">\n<tr>\n<td>Akumul\u00e1tor<\/td>\n<td>Li-ion 18V<\/td>\n<\/tr>\n<tr>\n<td>Po\u010det zdvih\u016f<\/td>\n<td>800-3.000 min-1<\/td>\n<\/tr>\n<tr>\n<td>V\u00fd\u0161ka zdvihu<\/td>\n<td>23 mm<\/td>\n<\/tr>\n<tr>\n<td>P\u0159edkyv<\/td>\n<td>4 stupn\u011b<\/td>\n<\/tr>\n<tr>\n<td>\u0158ezn\u00fd v\u00fdkon (d\u0159evo)<\/td>\n<td>135 mm<\/td>\n<\/tr>\n<tr>\n<td>\u0158ezn\u00fd v\u00fdkon (ocel)<\/td>\n<td>10 mm<\/td>\n<\/tr>\n<tr>\n<td>Hmotnost<\/td>\n<td>1,7 \/ 2,3 kg<\/td>\n<\/tr>\n<tr>\n<td>Rozm\u011bry (Dx\u0160xV)<\/td>\n<td>259 x 77 x 183 mm<\/td>\n<\/tr><\/div>\n<\/table>\n","protected":false},"excerpt":{"rendered":"<p>Siln\u00e1 aku p\u0159\u00edmo\u010dar\u00e1 pila Li-ion 18V LXT srovnateln\u00e1 s AC verz\u00ed Pozvoln\u00fd start umo\u017e\u0148uje velmi p\u0159esnou pr\u00e1ci Spolehliv\u00fd bezuhl\u00edkov\u00fd motor umo\u017e\u0148uj\u00edc\u00ed del\u0161\u00ed pou\u017eit\u00ed na jedno nabit\u00ed akumul\u00e1toru Mo\u017enost pou\u017eit\u00ed vyp\u00edna\u010de z obou stran stroje Mo\u017enost aretace vyp\u00edna\u010de pro st\u00e1l\u00fd chod Regulace rychlosti Omezen\u00ed rychlosti p\u0159i zah\u00e1jen\u00ed \u0159ezu &#8211; funkci je mo\u017en\u00e9 vypnout Bezn\u00e1strojov\u00e1 v\u00fdm\u011bna pilov\u00e9ho [&hellip;]<\/p>\n","protected":false},"featured_media":23436,"comment_status":"open","ping_status":"open","template":"","meta":[],"product_brand":[],"product_cat":[38],"product_tag":[],"class_list":{"0":"post-23336","1":"product","2":"type-product","3":"status-publish","4":"has-post-thumbnail","6":"product_cat-naradi","8":"first","9":"instock","10":"sale","11":"shipping-taxable","12":"purchasable","13":"product-type-simple"},"yoast_head":"<!-- This site is optimized with the Yoast SEO plugin v26.8 - https:\/\/yoast.com\/product\/yoast-seo-wordpress\/ -->\n<title>Zna\u010dkov\u00fd Makita DJV185Z aku bezuhl\u00edkov\u00e1 p\u0159\u00edmo\u010dar\u00e1 pila Li-ion LXT 18V, bez aku Z -<\/title>\n<meta name=\"robots\" content=\"index, follow, max-snippet:-1, max-image-preview:large, max-video-preview:-1\" \/>\n<link rel=\"canonical\" href=\"https:\/\/www.domstavpro.com\/index.php\/produkt\/znackovy-makita-djv185z-aku-bezuhlikova-primocara-pila-li-ion-lxt-18v-bez-aku-z-23336\/\" \/>\n<meta property=\"og:locale\" content=\"cs_CZ\" \/>\n<meta property=\"og:type\" content=\"article\" \/>\n<meta property=\"og:title\" content=\"Zna\u010dkov\u00fd Makita DJV185Z aku bezuhl\u00edkov\u00e1 p\u0159\u00edmo\u010dar\u00e1 pila Li-ion LXT 18V, bez aku Z -\" \/>\n<meta property=\"og:description\" content=\"Siln\u00e1 aku p\u0159\u00edmo\u010dar\u00e1 pila Li-ion 18V LXT srovnateln\u00e1 s AC verz\u00ed Pozvoln\u00fd start umo\u017e\u0148uje velmi p\u0159esnou pr\u00e1ci Spolehliv\u00fd bezuhl\u00edkov\u00fd motor umo\u017e\u0148uj\u00edc\u00ed del\u0161\u00ed pou\u017eit\u00ed na jedno nabit\u00ed akumul\u00e1toru Mo\u017enost pou\u017eit\u00ed vyp\u00edna\u010de z obou stran stroje Mo\u017enost aretace vyp\u00edna\u010de pro st\u00e1l\u00fd chod Regulace rychlosti Omezen\u00ed rychlosti p\u0159i zah\u00e1jen\u00ed \u0159ezu &#8211; funkci je mo\u017en\u00e9 vypnout Bezn\u00e1strojov\u00e1 v\u00fdm\u011bna pilov\u00e9ho [&hellip;]\" \/>\n<meta property=\"og:url\" content=\"https:\/\/www.domstavpro.com\/index.php\/produkt\/znackovy-makita-djv185z-aku-bezuhlikova-primocara-pila-li-ion-lxt-18v-bez-aku-z-23336\/\" \/>\n<meta property=\"og:image\" content=\"https:\/\/www.domstavpro.com\/wp-content\/uploads\/2026\/SK0030964-CZ20260425-092328-0-1777080210-djv185z_c1l0_s100.webp\" \/>\n\t<meta property=\"og:image:width\" content=\"1000\" \/>\n\t<meta property=\"og:image:height\" content=\"761\" \/>\n\t<meta property=\"og:image:type\" content=\"image\/webp\" \/>\n<meta name=\"twitter:card\" content=\"summary_large_image\" \/>\n<meta name=\"twitter:label1\" content=\"Odhadovan\u00e1 doba \u010dten\u00ed\" \/>\n\t<meta name=\"twitter:data1\" content=\"1 minuta\" \/>\n<script type=\"application\/ld+json\" class=\"yoast-schema-graph\">{\"@context\":\"https:\/\/schema.org\",\"@graph\":[{\"@type\":\"WebPage\",\"@id\":\"https:\/\/www.domstavpro.com\/index.php\/produkt\/znackovy-makita-djv185z-aku-bezuhlikova-primocara-pila-li-ion-lxt-18v-bez-aku-z-23336\/\",\"url\":\"https:\/\/www.domstavpro.com\/index.php\/produkt\/znackovy-makita-djv185z-aku-bezuhlikova-primocara-pila-li-ion-lxt-18v-bez-aku-z-23336\/\",\"name\":\"Zna\u010dkov\u00fd Makita DJV185Z aku bezuhl\u00edkov\u00e1 p\u0159\u00edmo\u010dar\u00e1 pila Li-ion LXT 18V, bez aku Z -\",\"isPartOf\":{\"@id\":\"https:\/\/www.domstavpro.com\/#website\"},\"primaryImageOfPage\":{\"@id\":\"https:\/\/www.domstavpro.com\/index.php\/produkt\/znackovy-makita-djv185z-aku-bezuhlikova-primocara-pila-li-ion-lxt-18v-bez-aku-z-23336\/#primaryimage\"},\"image\":{\"@id\":\"https:\/\/www.domstavpro.com\/index.php\/produkt\/znackovy-makita-djv185z-aku-bezuhlikova-primocara-pila-li-ion-lxt-18v-bez-aku-z-23336\/#primaryimage\"},\"thumbnailUrl\":\"https:\/\/www.domstavpro.com\/wp-content\/uploads\/2026\/SK0030964-CZ20260425-092328-0-1777080210-djv185z_c1l0_s100.webp\",\"datePublished\":\"2026-04-27T15:08:48+00:00\",\"breadcrumb\":{\"@id\":\"https:\/\/www.domstavpro.com\/index.php\/produkt\/znackovy-makita-djv185z-aku-bezuhlikova-primocara-pila-li-ion-lxt-18v-bez-aku-z-23336\/#breadcrumb\"},\"inLanguage\":\"cs\",\"potentialAction\":[{\"@type\":\"ReadAction\",\"target\":[\"https:\/\/www.domstavpro.com\/index.php\/produkt\/znackovy-makita-djv185z-aku-bezuhlikova-primocara-pila-li-ion-lxt-18v-bez-aku-z-23336\/\"]}]},{\"@type\":\"ImageObject\",\"inLanguage\":\"cs\",\"@id\":\"https:\/\/www.domstavpro.com\/index.php\/produkt\/znackovy-makita-djv185z-aku-bezuhlikova-primocara-pila-li-ion-lxt-18v-bez-aku-z-23336\/#primaryimage\",\"url\":\"https:\/\/www.domstavpro.com\/wp-content\/uploads\/2026\/SK0030964-CZ20260425-092328-0-1777080210-djv185z_c1l0_s100.webp\",\"contentUrl\":\"https:\/\/www.domstavpro.com\/wp-content\/uploads\/2026\/SK0030964-CZ20260425-092328-0-1777080210-djv185z_c1l0_s100.webp\",\"width\":1000,\"height\":761},{\"@type\":\"BreadcrumbList\",\"@id\":\"https:\/\/www.domstavpro.com\/index.php\/produkt\/znackovy-makita-djv185z-aku-bezuhlikova-primocara-pila-li-ion-lxt-18v-bez-aku-z-23336\/#breadcrumb\",\"itemListElement\":[{\"@type\":\"ListItem\",\"position\":1,\"name\":\"Home\",\"item\":\"https:\/\/www.domstavpro.com\/\"},{\"@type\":\"ListItem\",\"position\":2,\"name\":\"Products\",\"item\":\"https:\/\/www.domstavpro.com\/index.php\/products\/\"},{\"@type\":\"ListItem\",\"position\":3,\"name\":\"Zna\u010dkov\u00fd Makita DJV185Z aku bezuhl\u00edkov\u00e1 p\u0159\u00edmo\u010dar\u00e1 pila Li-ion LXT 18V, bez aku Z\"}]},{\"@type\":\"WebSite\",\"@id\":\"https:\/\/www.domstavpro.com\/#website\",\"url\":\"https:\/\/www.domstavpro.com\/\",\"name\":\"\",\"description\":\"\",\"potentialAction\":[{\"@type\":\"SearchAction\",\"target\":{\"@type\":\"EntryPoint\",\"urlTemplate\":\"https:\/\/www.domstavpro.com\/?s={search_term_string}\"},\"query-input\":{\"@type\":\"PropertyValueSpecification\",\"valueRequired\":true,\"valueName\":\"search_term_string\"}}],\"inLanguage\":\"cs\"}]}<\/script>\n<!-- \/ Yoast SEO plugin. -->","yoast_head_json":{"title":"Zna\u010dkov\u00fd Makita DJV185Z aku bezuhl\u00edkov\u00e1 p\u0159\u00edmo\u010dar\u00e1 pila Li-ion LXT 18V, bez aku Z -","robots":{"index":"index","follow":"follow","max-snippet":"max-snippet:-1","max-image-preview":"max-image-preview:large","max-video-preview":"max-video-preview:-1"},"canonical":"https:\/\/www.domstavpro.com\/index.php\/produkt\/znackovy-makita-djv185z-aku-bezuhlikova-primocara-pila-li-ion-lxt-18v-bez-aku-z-23336\/","og_locale":"cs_CZ","og_type":"article","og_title":"Zna\u010dkov\u00fd Makita DJV185Z aku bezuhl\u00edkov\u00e1 p\u0159\u00edmo\u010dar\u00e1 pila Li-ion LXT 18V, bez aku Z -","og_description":"Siln\u00e1 aku p\u0159\u00edmo\u010dar\u00e1 pila Li-ion 18V LXT srovnateln\u00e1 s AC verz\u00ed Pozvoln\u00fd start umo\u017e\u0148uje velmi p\u0159esnou pr\u00e1ci Spolehliv\u00fd bezuhl\u00edkov\u00fd motor umo\u017e\u0148uj\u00edc\u00ed del\u0161\u00ed pou\u017eit\u00ed na jedno nabit\u00ed akumul\u00e1toru Mo\u017enost pou\u017eit\u00ed vyp\u00edna\u010de z obou stran stroje Mo\u017enost aretace vyp\u00edna\u010de pro st\u00e1l\u00fd chod Regulace rychlosti Omezen\u00ed rychlosti p\u0159i zah\u00e1jen\u00ed \u0159ezu &#8211; funkci je mo\u017en\u00e9 vypnout Bezn\u00e1strojov\u00e1 v\u00fdm\u011bna pilov\u00e9ho [&hellip;]","og_url":"https:\/\/www.domstavpro.com\/index.php\/produkt\/znackovy-makita-djv185z-aku-bezuhlikova-primocara-pila-li-ion-lxt-18v-bez-aku-z-23336\/","og_image":[{"width":1000,"height":761,"url":"https:\/\/www.domstavpro.com\/wp-content\/uploads\/2026\/SK0030964-CZ20260425-092328-0-1777080210-djv185z_c1l0_s100.webp","type":"image\/webp"}],"twitter_card":"summary_large_image","twitter_misc":{"Odhadovan\u00e1 doba \u010dten\u00ed":"1 minuta"},"schema":{"@context":"https:\/\/schema.org","@graph":[{"@type":"WebPage","@id":"https:\/\/www.domstavpro.com\/index.php\/produkt\/znackovy-makita-djv185z-aku-bezuhlikova-primocara-pila-li-ion-lxt-18v-bez-aku-z-23336\/","url":"https:\/\/www.domstavpro.com\/index.php\/produkt\/znackovy-makita-djv185z-aku-bezuhlikova-primocara-pila-li-ion-lxt-18v-bez-aku-z-23336\/","name":"Zna\u010dkov\u00fd Makita DJV185Z aku bezuhl\u00edkov\u00e1 p\u0159\u00edmo\u010dar\u00e1 pila Li-ion LXT 18V, bez aku Z -","isPartOf":{"@id":"https:\/\/www.domstavpro.com\/#website"},"primaryImageOfPage":{"@id":"https:\/\/www.domstavpro.com\/index.php\/produkt\/znackovy-makita-djv185z-aku-bezuhlikova-primocara-pila-li-ion-lxt-18v-bez-aku-z-23336\/#primaryimage"},"image":{"@id":"https:\/\/www.domstavpro.com\/index.php\/produkt\/znackovy-makita-djv185z-aku-bezuhlikova-primocara-pila-li-ion-lxt-18v-bez-aku-z-23336\/#primaryimage"},"thumbnailUrl":"https:\/\/www.domstavpro.com\/wp-content\/uploads\/2026\/SK0030964-CZ20260425-092328-0-1777080210-djv185z_c1l0_s100.webp","datePublished":"2026-04-27T15:08:48+00:00","breadcrumb":{"@id":"https:\/\/www.domstavpro.com\/index.php\/produkt\/znackovy-makita-djv185z-aku-bezuhlikova-primocara-pila-li-ion-lxt-18v-bez-aku-z-23336\/#breadcrumb"},"inLanguage":"cs","potentialAction":[{"@type":"ReadAction","target":["https:\/\/www.domstavpro.com\/index.php\/produkt\/znackovy-makita-djv185z-aku-bezuhlikova-primocara-pila-li-ion-lxt-18v-bez-aku-z-23336\/"]}]},{"@type":"ImageObject","inLanguage":"cs","@id":"https:\/\/www.domstavpro.com\/index.php\/produkt\/znackovy-makita-djv185z-aku-bezuhlikova-primocara-pila-li-ion-lxt-18v-bez-aku-z-23336\/#primaryimage","url":"https:\/\/www.domstavpro.com\/wp-content\/uploads\/2026\/SK0030964-CZ20260425-092328-0-1777080210-djv185z_c1l0_s100.webp","contentUrl":"https:\/\/www.domstavpro.com\/wp-content\/uploads\/2026\/SK0030964-CZ20260425-092328-0-1777080210-djv185z_c1l0_s100.webp","width":1000,"height":761},{"@type":"BreadcrumbList","@id":"https:\/\/www.domstavpro.com\/index.php\/produkt\/znackovy-makita-djv185z-aku-bezuhlikova-primocara-pila-li-ion-lxt-18v-bez-aku-z-23336\/#breadcrumb","itemListElement":[{"@type":"ListItem","position":1,"name":"Home","item":"https:\/\/www.domstavpro.com\/"},{"@type":"ListItem","position":2,"name":"Products","item":"https:\/\/www.domstavpro.com\/index.php\/products\/"},{"@type":"ListItem","position":3,"name":"Zna\u010dkov\u00fd Makita DJV185Z aku bezuhl\u00edkov\u00e1 p\u0159\u00edmo\u010dar\u00e1 pila Li-ion LXT 18V, bez aku Z"}]},{"@type":"WebSite","@id":"https:\/\/www.domstavpro.com\/#website","url":"https:\/\/www.domstavpro.com\/","name":"","description":"","potentialAction":[{"@type":"SearchAction","target":{"@type":"EntryPoint","urlTemplate":"https:\/\/www.domstavpro.com\/?s={search_term_string}"},"query-input":{"@type":"PropertyValueSpecification","valueRequired":true,"valueName":"search_term_string"}}],"inLanguage":"cs"}]}},"_links":{"self":[{"href":"https:\/\/www.domstavpro.com\/index.php\/wp-json\/wp\/v2\/product\/23336","targetHints":{"allow":["GET"]}}],"collection":[{"href":"https:\/\/www.domstavpro.com\/index.php\/wp-json\/wp\/v2\/product"}],"about":[{"href":"https:\/\/www.domstavpro.com\/index.php\/wp-json\/wp\/v2\/types\/product"}],"replies":[{"embeddable":true,"href":"https:\/\/www.domstavpro.com\/index.php\/wp-json\/wp\/v2\/comments?post=23336"}],"wp:featuredmedia":[{"embeddable":true,"href":"https:\/\/www.domstavpro.com\/index.php\/wp-json\/wp\/v2\/media\/23436"}],"wp:attachment":[{"href":"https:\/\/www.domstavpro.com\/index.php\/wp-json\/wp\/v2\/media?parent=23336"}],"wp:term":[{"taxonomy":"product_brand","embeddable":true,"href":"https:\/\/www.domstavpro.com\/index.php\/wp-json\/wp\/v2\/product_brand?post=23336"},{"taxonomy":"product_cat","embeddable":true,"href":"https:\/\/www.domstavpro.com\/index.php\/wp-json\/wp\/v2\/product_cat?post=23336"},{"taxonomy":"product_tag","embeddable":true,"href":"https:\/\/www.domstavpro.com\/index.php\/wp-json\/wp\/v2\/product_tag?post=23336"}],"curies":[{"name":"wp","href":"https:\/\/api.w.org\/{rel}","templated":true}]}}