{"id":23188,"date":"2026-04-27T15:08:47","date_gmt":"2026-04-27T15:08:47","guid":{"rendered":""},"modified":"2026-04-27T15:08:47","modified_gmt":"2026-04-27T15:08:47","slug":"horka-nabidka-cleancraft-vysokotlaky-cistic-hdr-k-66-20-bl-23188","status":"publish","type":"product","link":"https:\/\/www.domstavpro.com\/index.php\/produkt\/horka-nabidka-cleancraft-vysokotlaky-cistic-hdr-k-66-20-bl-23188\/","title":{"rendered":"Hork\u00e1 Nab\u00eddka Cleancraft Vysokotlak\u00fd \u010disti\u010d HDR-K 66-20 BL"},"content":{"rendered":"<table>\n<div class=\"tab-pane active product-description\" id=\"popis\" role=\"tabpanel\">\n<div class=\"short-description\" itemprop=\"description\"><\/div>\n<div class=\"description\">\n<ul>\n<li>Poj\u00edzdn\u00fd \u010disti\u010d s hlin\u00edkov\u00fdm r\u00e1mem, dv\u011bma gumov\u00fdmi koly, antivibra\u010dn\u00edmi no\u017ekami a rukojet\u00ed s dr\u017e\u00e1kem p\u0159\u00edslu\u0161enstv\u00ed<br \/>&nbsp;<\/li>\n<li>Total Stop \u0159\u00edzen\u00ed \u010derpadla: Spu\u0161t\u011bn\u00ed a zastaven\u00ed motoru \u010derpadla bez zpo\u017ed\u011bn\u00ed p\u0159i otev\u0159en\u00ed \u010di zav\u0159en\u00ed pistole<br \/>&nbsp;<\/li>\n<li>Spolehliv\u00e9 \u010derpadlo s hlin\u00edkovou hlavou a sn\u00edma\u010dem hladiny oleje<br \/>&nbsp;<\/li>\n<li>Praktick\u00e9 dr\u017e\u00e1ky pro ru\u010dn\u00ed st\u0159\u00edkac\u00ed pistoli, hadici a p\u0159\u00edslu\u0161enstv\u00ed<br \/>&nbsp;<\/li>\n<li>Vestav\u011bn\u00e1 n\u00e1dr\u017e na \u010dist\u00edc\u00ed prost\u0159edek s jednoduch\u00fdm d\u00e1vkov\u00e1n\u00edm<br \/>&nbsp;<\/li>\n<li>Vysoce kvalitn\u00ed z\u00e1vitov\u00e9 spoje<br \/>&nbsp;<\/li>\n<li>Vestav\u011bn\u00fd vodn\u00ed filtr chr\u00e1n\u00ed \u010derpadlo p\u0159ed ne\u010distotami ve vod\u011b<br \/>&nbsp;<\/li>\n<li>Nastaviteln\u00fd pracovn\u00ed tlak pro p\u0159izp\u016fsoben\u00ed p\u0159\u00edslu\u0161n\u00e9mu \u00fakolu \u010di\u0161t\u011bn\u00ed<br \/>&nbsp;<\/li>\n<li>Pr\u016fzor hladiny oleje<br \/>&nbsp;<\/li>\n<li>Vypou\u0161t\u011bc\u00ed z\u00e1tky usnad\u0148uj\u00ed \u00fadr\u017ebu a v\u00fdm\u011bnu oleje<br \/>&nbsp;<\/li>\n<li>Automatick\u00e9 s\u00e1n\u00ed \u010distic\u00edho prost\u0159edku<\/li>\n<\/ul>\n<\/div>\n<div class=\"parameters\">\n<tr>\n<td>Max. provozn\u00ed tlak<\/td>\n<td>200 bar<\/td>\n<\/tr>\n<tr>\n<td>Max. \u010derpan\u00e9 mno\u017estv\u00ed<\/td>\n<td>660 l\/h<\/td>\n<\/tr>\n<tr>\n<td>Max. p\u0159\u00edvodn\u00ed teplota<\/td>\n<td>50 \u00b0C<\/td>\n<\/tr>\n<tr>\n<td>V\u00fdstu\u017e tlakov\u00e9 hadice<\/td>\n<td>Ocelov\u00e1<\/td>\n<\/tr>\n<tr>\n<td>D\u00e9lka hadice<\/td>\n<td>8 m<\/td>\n<\/tr>\n<tr>\n<td>N\u00e1dr\u017e na benz\u00edn<\/td>\n<td>3,6 l<\/td>\n<\/tr>\n<tr>\n<td>Ot\u00e1\u010dky<\/td>\n<td>3400 ot\/min<\/td>\n<\/tr>\n<tr>\n<td>Motor<\/td>\n<td>LONCIN<\/td>\n<\/tr>\n<tr>\n<td>P\u0159\u00edkon<\/td>\n<td>3,6 kW<\/td>\n<\/tr>\n<tr>\n<td>Rozm\u011bry (\u0161 \u00d7 v \u00d7 h)<\/td>\n<td>520 \u00d7 690 \u00d7 565 mm<\/td>\n<\/tr>\n<tr>\n<td>Hmotnost<\/td>\n<td>32 kg<\/td>\n<\/tr><\/div>\n<\/table>\n","protected":false},"excerpt":{"rendered":"<p>Poj\u00edzdn\u00fd \u010disti\u010d s hlin\u00edkov\u00fdm r\u00e1mem, dv\u011bma gumov\u00fdmi koly, antivibra\u010dn\u00edmi no\u017ekami a rukojet\u00ed s dr\u017e\u00e1kem p\u0159\u00edslu\u0161enstv\u00ed&nbsp; Total Stop \u0159\u00edzen\u00ed \u010derpadla: Spu\u0161t\u011bn\u00ed a zastaven\u00ed motoru \u010derpadla bez zpo\u017ed\u011bn\u00ed p\u0159i otev\u0159en\u00ed \u010di zav\u0159en\u00ed pistole&nbsp; Spolehliv\u00e9 \u010derpadlo s hlin\u00edkovou hlavou a sn\u00edma\u010dem hladiny oleje&nbsp; Praktick\u00e9 dr\u017e\u00e1ky pro ru\u010dn\u00ed st\u0159\u00edkac\u00ed pistoli, hadici a p\u0159\u00edslu\u0161enstv\u00ed&nbsp; Vestav\u011bn\u00e1 n\u00e1dr\u017e na \u010dist\u00edc\u00ed prost\u0159edek s [&hellip;]<\/p>\n","protected":false},"featured_media":23288,"comment_status":"open","ping_status":"open","template":"","meta":[],"product_brand":[],"product_cat":[44],"product_tag":[],"class_list":{"0":"post-23188","1":"product","2":"type-product","3":"status-publish","4":"has-post-thumbnail","6":"product_cat-cistici-technika","8":"first","9":"instock","10":"sale","11":"shipping-taxable","12":"purchasable","13":"product-type-simple"},"yoast_head":"<!-- This site is optimized with the Yoast SEO plugin v26.8 - https:\/\/yoast.com\/product\/yoast-seo-wordpress\/ -->\n<title>Hork\u00e1 Nab\u00eddka Cleancraft Vysokotlak\u00fd \u010disti\u010d HDR-K 66-20 BL -<\/title>\n<meta name=\"robots\" content=\"index, follow, max-snippet:-1, max-image-preview:large, max-video-preview:-1\" \/>\n<link rel=\"canonical\" href=\"https:\/\/www.domstavpro.com\/index.php\/produkt\/horka-nabidka-cleancraft-vysokotlaky-cistic-hdr-k-66-20-bl-23188\/\" \/>\n<meta property=\"og:locale\" content=\"cs_CZ\" \/>\n<meta property=\"og:type\" content=\"article\" \/>\n<meta property=\"og:title\" content=\"Hork\u00e1 Nab\u00eddka Cleancraft Vysokotlak\u00fd \u010disti\u010d HDR-K 66-20 BL -\" \/>\n<meta property=\"og:description\" content=\"Poj\u00edzdn\u00fd \u010disti\u010d s hlin\u00edkov\u00fdm r\u00e1mem, dv\u011bma gumov\u00fdmi koly, antivibra\u010dn\u00edmi no\u017ekami a rukojet\u00ed s dr\u017e\u00e1kem p\u0159\u00edslu\u0161enstv\u00ed&nbsp; Total Stop \u0159\u00edzen\u00ed \u010derpadla: Spu\u0161t\u011bn\u00ed a zastaven\u00ed motoru \u010derpadla bez zpo\u017ed\u011bn\u00ed p\u0159i otev\u0159en\u00ed \u010di zav\u0159en\u00ed pistole&nbsp; Spolehliv\u00e9 \u010derpadlo s hlin\u00edkovou hlavou a sn\u00edma\u010dem hladiny oleje&nbsp; Praktick\u00e9 dr\u017e\u00e1ky pro ru\u010dn\u00ed st\u0159\u00edkac\u00ed pistoli, hadici a p\u0159\u00edslu\u0161enstv\u00ed&nbsp; Vestav\u011bn\u00e1 n\u00e1dr\u017e na \u010dist\u00edc\u00ed prost\u0159edek s [&hellip;]\" \/>\n<meta property=\"og:url\" content=\"https:\/\/www.domstavpro.com\/index.php\/produkt\/horka-nabidka-cleancraft-vysokotlaky-cistic-hdr-k-66-20-bl-23188\/\" \/>\n<meta property=\"og:image\" content=\"https:\/\/www.domstavpro.com\/wp-content\/uploads\/2026\/SK0030915-CZ20260425-092328-0-1777080210-hdr01.webp\" \/>\n\t<meta property=\"og:image:width\" content=\"594\" \/>\n\t<meta property=\"og:image:height\" content=\"699\" \/>\n\t<meta property=\"og:image:type\" content=\"image\/webp\" \/>\n<meta name=\"twitter:card\" content=\"summary_large_image\" \/>\n<meta name=\"twitter:label1\" content=\"Odhadovan\u00e1 doba \u010dten\u00ed\" \/>\n\t<meta name=\"twitter:data1\" content=\"1 minuta\" \/>\n<script type=\"application\/ld+json\" class=\"yoast-schema-graph\">{\"@context\":\"https:\/\/schema.org\",\"@graph\":[{\"@type\":\"WebPage\",\"@id\":\"https:\/\/www.domstavpro.com\/index.php\/produkt\/horka-nabidka-cleancraft-vysokotlaky-cistic-hdr-k-66-20-bl-23188\/\",\"url\":\"https:\/\/www.domstavpro.com\/index.php\/produkt\/horka-nabidka-cleancraft-vysokotlaky-cistic-hdr-k-66-20-bl-23188\/\",\"name\":\"Hork\u00e1 Nab\u00eddka Cleancraft Vysokotlak\u00fd \u010disti\u010d HDR-K 66-20 BL -\",\"isPartOf\":{\"@id\":\"https:\/\/www.domstavpro.com\/#website\"},\"primaryImageOfPage\":{\"@id\":\"https:\/\/www.domstavpro.com\/index.php\/produkt\/horka-nabidka-cleancraft-vysokotlaky-cistic-hdr-k-66-20-bl-23188\/#primaryimage\"},\"image\":{\"@id\":\"https:\/\/www.domstavpro.com\/index.php\/produkt\/horka-nabidka-cleancraft-vysokotlaky-cistic-hdr-k-66-20-bl-23188\/#primaryimage\"},\"thumbnailUrl\":\"https:\/\/www.domstavpro.com\/wp-content\/uploads\/2026\/SK0030915-CZ20260425-092328-0-1777080210-hdr01.webp\",\"datePublished\":\"2026-04-27T15:08:47+00:00\",\"breadcrumb\":{\"@id\":\"https:\/\/www.domstavpro.com\/index.php\/produkt\/horka-nabidka-cleancraft-vysokotlaky-cistic-hdr-k-66-20-bl-23188\/#breadcrumb\"},\"inLanguage\":\"cs\",\"potentialAction\":[{\"@type\":\"ReadAction\",\"target\":[\"https:\/\/www.domstavpro.com\/index.php\/produkt\/horka-nabidka-cleancraft-vysokotlaky-cistic-hdr-k-66-20-bl-23188\/\"]}]},{\"@type\":\"ImageObject\",\"inLanguage\":\"cs\",\"@id\":\"https:\/\/www.domstavpro.com\/index.php\/produkt\/horka-nabidka-cleancraft-vysokotlaky-cistic-hdr-k-66-20-bl-23188\/#primaryimage\",\"url\":\"https:\/\/www.domstavpro.com\/wp-content\/uploads\/2026\/SK0030915-CZ20260425-092328-0-1777080210-hdr01.webp\",\"contentUrl\":\"https:\/\/www.domstavpro.com\/wp-content\/uploads\/2026\/SK0030915-CZ20260425-092328-0-1777080210-hdr01.webp\",\"width\":594,\"height\":699},{\"@type\":\"BreadcrumbList\",\"@id\":\"https:\/\/www.domstavpro.com\/index.php\/produkt\/horka-nabidka-cleancraft-vysokotlaky-cistic-hdr-k-66-20-bl-23188\/#breadcrumb\",\"itemListElement\":[{\"@type\":\"ListItem\",\"position\":1,\"name\":\"Home\",\"item\":\"https:\/\/www.domstavpro.com\/\"},{\"@type\":\"ListItem\",\"position\":2,\"name\":\"Products\",\"item\":\"https:\/\/www.domstavpro.com\/index.php\/products\/\"},{\"@type\":\"ListItem\",\"position\":3,\"name\":\"Hork\u00e1 Nab\u00eddka Cleancraft Vysokotlak\u00fd \u010disti\u010d HDR-K 66-20 BL\"}]},{\"@type\":\"WebSite\",\"@id\":\"https:\/\/www.domstavpro.com\/#website\",\"url\":\"https:\/\/www.domstavpro.com\/\",\"name\":\"\",\"description\":\"\",\"potentialAction\":[{\"@type\":\"SearchAction\",\"target\":{\"@type\":\"EntryPoint\",\"urlTemplate\":\"https:\/\/www.domstavpro.com\/?s={search_term_string}\"},\"query-input\":{\"@type\":\"PropertyValueSpecification\",\"valueRequired\":true,\"valueName\":\"search_term_string\"}}],\"inLanguage\":\"cs\"}]}<\/script>\n<!-- \/ Yoast SEO plugin. -->","yoast_head_json":{"title":"Hork\u00e1 Nab\u00eddka Cleancraft Vysokotlak\u00fd \u010disti\u010d HDR-K 66-20 BL -","robots":{"index":"index","follow":"follow","max-snippet":"max-snippet:-1","max-image-preview":"max-image-preview:large","max-video-preview":"max-video-preview:-1"},"canonical":"https:\/\/www.domstavpro.com\/index.php\/produkt\/horka-nabidka-cleancraft-vysokotlaky-cistic-hdr-k-66-20-bl-23188\/","og_locale":"cs_CZ","og_type":"article","og_title":"Hork\u00e1 Nab\u00eddka Cleancraft Vysokotlak\u00fd \u010disti\u010d HDR-K 66-20 BL -","og_description":"Poj\u00edzdn\u00fd \u010disti\u010d s hlin\u00edkov\u00fdm r\u00e1mem, dv\u011bma gumov\u00fdmi koly, antivibra\u010dn\u00edmi no\u017ekami a rukojet\u00ed s dr\u017e\u00e1kem p\u0159\u00edslu\u0161enstv\u00ed&nbsp; Total Stop \u0159\u00edzen\u00ed \u010derpadla: Spu\u0161t\u011bn\u00ed a zastaven\u00ed motoru \u010derpadla bez zpo\u017ed\u011bn\u00ed p\u0159i otev\u0159en\u00ed \u010di zav\u0159en\u00ed pistole&nbsp; Spolehliv\u00e9 \u010derpadlo s hlin\u00edkovou hlavou a sn\u00edma\u010dem hladiny oleje&nbsp; Praktick\u00e9 dr\u017e\u00e1ky pro ru\u010dn\u00ed st\u0159\u00edkac\u00ed pistoli, hadici a p\u0159\u00edslu\u0161enstv\u00ed&nbsp; Vestav\u011bn\u00e1 n\u00e1dr\u017e na \u010dist\u00edc\u00ed prost\u0159edek s [&hellip;]","og_url":"https:\/\/www.domstavpro.com\/index.php\/produkt\/horka-nabidka-cleancraft-vysokotlaky-cistic-hdr-k-66-20-bl-23188\/","og_image":[{"width":594,"height":699,"url":"https:\/\/www.domstavpro.com\/wp-content\/uploads\/2026\/SK0030915-CZ20260425-092328-0-1777080210-hdr01.webp","type":"image\/webp"}],"twitter_card":"summary_large_image","twitter_misc":{"Odhadovan\u00e1 doba \u010dten\u00ed":"1 minuta"},"schema":{"@context":"https:\/\/schema.org","@graph":[{"@type":"WebPage","@id":"https:\/\/www.domstavpro.com\/index.php\/produkt\/horka-nabidka-cleancraft-vysokotlaky-cistic-hdr-k-66-20-bl-23188\/","url":"https:\/\/www.domstavpro.com\/index.php\/produkt\/horka-nabidka-cleancraft-vysokotlaky-cistic-hdr-k-66-20-bl-23188\/","name":"Hork\u00e1 Nab\u00eddka Cleancraft Vysokotlak\u00fd \u010disti\u010d HDR-K 66-20 BL -","isPartOf":{"@id":"https:\/\/www.domstavpro.com\/#website"},"primaryImageOfPage":{"@id":"https:\/\/www.domstavpro.com\/index.php\/produkt\/horka-nabidka-cleancraft-vysokotlaky-cistic-hdr-k-66-20-bl-23188\/#primaryimage"},"image":{"@id":"https:\/\/www.domstavpro.com\/index.php\/produkt\/horka-nabidka-cleancraft-vysokotlaky-cistic-hdr-k-66-20-bl-23188\/#primaryimage"},"thumbnailUrl":"https:\/\/www.domstavpro.com\/wp-content\/uploads\/2026\/SK0030915-CZ20260425-092328-0-1777080210-hdr01.webp","datePublished":"2026-04-27T15:08:47+00:00","breadcrumb":{"@id":"https:\/\/www.domstavpro.com\/index.php\/produkt\/horka-nabidka-cleancraft-vysokotlaky-cistic-hdr-k-66-20-bl-23188\/#breadcrumb"},"inLanguage":"cs","potentialAction":[{"@type":"ReadAction","target":["https:\/\/www.domstavpro.com\/index.php\/produkt\/horka-nabidka-cleancraft-vysokotlaky-cistic-hdr-k-66-20-bl-23188\/"]}]},{"@type":"ImageObject","inLanguage":"cs","@id":"https:\/\/www.domstavpro.com\/index.php\/produkt\/horka-nabidka-cleancraft-vysokotlaky-cistic-hdr-k-66-20-bl-23188\/#primaryimage","url":"https:\/\/www.domstavpro.com\/wp-content\/uploads\/2026\/SK0030915-CZ20260425-092328-0-1777080210-hdr01.webp","contentUrl":"https:\/\/www.domstavpro.com\/wp-content\/uploads\/2026\/SK0030915-CZ20260425-092328-0-1777080210-hdr01.webp","width":594,"height":699},{"@type":"BreadcrumbList","@id":"https:\/\/www.domstavpro.com\/index.php\/produkt\/horka-nabidka-cleancraft-vysokotlaky-cistic-hdr-k-66-20-bl-23188\/#breadcrumb","itemListElement":[{"@type":"ListItem","position":1,"name":"Home","item":"https:\/\/www.domstavpro.com\/"},{"@type":"ListItem","position":2,"name":"Products","item":"https:\/\/www.domstavpro.com\/index.php\/products\/"},{"@type":"ListItem","position":3,"name":"Hork\u00e1 Nab\u00eddka Cleancraft Vysokotlak\u00fd \u010disti\u010d HDR-K 66-20 BL"}]},{"@type":"WebSite","@id":"https:\/\/www.domstavpro.com\/#website","url":"https:\/\/www.domstavpro.com\/","name":"","description":"","potentialAction":[{"@type":"SearchAction","target":{"@type":"EntryPoint","urlTemplate":"https:\/\/www.domstavpro.com\/?s={search_term_string}"},"query-input":{"@type":"PropertyValueSpecification","valueRequired":true,"valueName":"search_term_string"}}],"inLanguage":"cs"}]}},"_links":{"self":[{"href":"https:\/\/www.domstavpro.com\/index.php\/wp-json\/wp\/v2\/product\/23188","targetHints":{"allow":["GET"]}}],"collection":[{"href":"https:\/\/www.domstavpro.com\/index.php\/wp-json\/wp\/v2\/product"}],"about":[{"href":"https:\/\/www.domstavpro.com\/index.php\/wp-json\/wp\/v2\/types\/product"}],"replies":[{"embeddable":true,"href":"https:\/\/www.domstavpro.com\/index.php\/wp-json\/wp\/v2\/comments?post=23188"}],"wp:featuredmedia":[{"embeddable":true,"href":"https:\/\/www.domstavpro.com\/index.php\/wp-json\/wp\/v2\/media\/23288"}],"wp:attachment":[{"href":"https:\/\/www.domstavpro.com\/index.php\/wp-json\/wp\/v2\/media?parent=23188"}],"wp:term":[{"taxonomy":"product_brand","embeddable":true,"href":"https:\/\/www.domstavpro.com\/index.php\/wp-json\/wp\/v2\/product_brand?post=23188"},{"taxonomy":"product_cat","embeddable":true,"href":"https:\/\/www.domstavpro.com\/index.php\/wp-json\/wp\/v2\/product_cat?post=23188"},{"taxonomy":"product_tag","embeddable":true,"href":"https:\/\/www.domstavpro.com\/index.php\/wp-json\/wp\/v2\/product_tag?post=23188"}],"curies":[{"name":"wp","href":"https:\/\/api.w.org\/{rel}","templated":true}]}}