{"id":23172,"date":"2026-04-27T15:08:47","date_gmt":"2026-04-27T15:08:47","guid":{"rendered":""},"modified":"2026-04-27T15:08:47","modified_gmt":"2026-04-27T15:08:47","slug":"znackovy-bosch-pilovy-kotouc-expert-for-high-pressure-laminate-210-x-30-x-2-6-mm-60-23172","status":"publish","type":"product","link":"https:\/\/www.domstavpro.com\/index.php\/produkt\/znackovy-bosch-pilovy-kotouc-expert-for-high-pressure-laminate-210-x-30-x-2-6-mm-60-23172\/","title":{"rendered":"Zna\u010dkov\u00fd BOSCH  pilov\u00fd kotou\u010d Expert for High Pressure Laminate 210 x 30 x 2,6 mm, 60"},"content":{"rendered":"<table>\n<div class=\"tab-pane active product-description\" id=\"popis\" role=\"tabpanel\">\n<div class=\"short-description\" itemprop=\"description\"><\/div>\n<div class=\"description\">Dokonal\u00fd v\u00fdkon p\u0159i \u0159ez\u00e1n\u00ed vysokotlak\u00e9ho lamin\u00e1tu<\/p>\n<p>Pilov\u00fd kotou\u010d Expert for High Pressure Laminate dosahuje dokonal\u00fdch v\u00fdkon\u016f p\u0159i \u0159ez\u00e1n\u00ed vysokotlak\u00e9ho lamin\u00e1tu<\/p>\n<p>    Velmi tvrd\u00e9 zuby z materi\u00e1lu MicroteQ (vyr\u00e1b\u00ed Bosch) z velmi odoln\u00fdch zrn ze slinut\u00e9ho karbidu zvl\u00e1dnou i extr\u00e9mn\u00ed podm\u00ednky<br \/>    Protivibra\u010dn\u00ed v\u00fd\u0159ezy umo\u017e\u0148uj\u00ed hladk\u00e9 \u0159ez\u00e1n\u00ed, v\u00fdrazn\u011b sni\u017euj\u00ed hlu\u010dnost a redukuj\u00ed vibrace<br \/>    Zuby HLTCG (High-Low Triple Chip Ground) d\u00e1vaj\u00ed kotou\u010di robustnost k pr\u00e1ci s abrazivn\u00edmi materi\u00e1ly<\/p>\n<p>Robustn\u00ed pilov\u00fd kotou\u010d Expert for High Pressure Laminate je opat\u0159en zuby HLTCG (High-Low Triple Chip Ground) a je ur\u010den k pr\u00e1ci s abrazivn\u00edmi materi\u00e1ly.<\/p>\n<p>Je kompatibiln\u00ed s ponorn\u00fdmi a ru\u010dn\u00edmi pilami.<\/p><\/div>\n<div class=\"parameters\">\n<tr>\n<td>Vn\u011bj\u0161\u00ed pr\u016fm\u011br mm<\/td>\n<td>210<\/td>\n<\/tr>\n<tr>\n<td>Otvor mm<\/td>\n<td>30<\/td>\n<\/tr>\n<tr>\n<td>Otvor s reduk\u010dn\u00edm krou\u017ekem mm<\/td>\n<td>25,4<\/td>\n<\/tr>\n<tr>\n<td>\u0160\u00ed\u0159ka \u0159ezu (b1) mm \/ tlou\u0161\u0165ka t\u011bla pilov\u00e9ho kotou\u010de (b2) mm<\/td>\n<td>2,8\/1,8<\/td>\n<\/tr>\n<tr>\n<td>Po\u010det zub\u016f<\/td>\n<td>60<\/td>\n<\/tr>\n<tr>\n<td>Tvar zub\u016f<\/td>\n<td>HLTCG<\/td>\n<\/tr>\n<tr>\n<td>Max. ot\u00e1\u010dky (ot\/min)<\/td>\n<td>9000<\/td>\n<\/tr>\n<tr>\n<td>O\u0159\u00edznut\u00ed<\/td>\n<td>Velmi hrub\u00fd \u0159ez<\/td>\n<\/tr>\n<tr>\n<td>NL \/ pr\u016fm\u011br d\u011blic\u00edho pilov\u00e9ho kotou\u010de (TKS)<\/td>\n<td>2\/7\/42<\/td>\n<\/tr>\n<tr>\n<td>\u00dahel \u010dela \u00b0 w1<\/td>\n<td>0<\/td>\n<\/tr>\n<tr>\n<td>\u00dahel h\u0159betu \u00b0 w2<\/td>\n<td>17<\/td>\n<\/tr><\/div>\n<\/table>\n","protected":false},"excerpt":{"rendered":"<p>Dokonal\u00fd v\u00fdkon p\u0159i \u0159ez\u00e1n\u00ed vysokotlak\u00e9ho lamin\u00e1tu Pilov\u00fd kotou\u010d Expert for High Pressure Laminate dosahuje dokonal\u00fdch v\u00fdkon\u016f p\u0159i \u0159ez\u00e1n\u00ed vysokotlak\u00e9ho lamin\u00e1tu Velmi tvrd\u00e9 zuby z materi\u00e1lu MicroteQ (vyr\u00e1b\u00ed Bosch) z velmi odoln\u00fdch zrn ze slinut\u00e9ho karbidu zvl\u00e1dnou i extr\u00e9mn\u00ed podm\u00ednky Protivibra\u010dn\u00ed v\u00fd\u0159ezy umo\u017e\u0148uj\u00ed hladk\u00e9 \u0159ez\u00e1n\u00ed, v\u00fdrazn\u011b sni\u017euj\u00ed hlu\u010dnost a redukuj\u00ed vibrace Zuby HLTCG (High-Low Triple Chip [&hellip;]<\/p>\n","protected":false},"featured_media":23272,"comment_status":"open","ping_status":"open","template":"","meta":[],"product_brand":[],"product_cat":[38],"product_tag":[],"class_list":{"0":"post-23172","1":"product","2":"type-product","3":"status-publish","4":"has-post-thumbnail","6":"product_cat-naradi","8":"first","9":"instock","10":"sale","11":"shipping-taxable","12":"purchasable","13":"product-type-simple"},"yoast_head":"<!-- This site is optimized with the Yoast SEO plugin v26.8 - https:\/\/yoast.com\/product\/yoast-seo-wordpress\/ -->\n<title>Zna\u010dkov\u00fd BOSCH pilov\u00fd kotou\u010d Expert for High Pressure Laminate 210 x 30 x 2,6 mm, 60 -<\/title>\n<meta name=\"robots\" content=\"index, follow, max-snippet:-1, max-image-preview:large, max-video-preview:-1\" \/>\n<link rel=\"canonical\" href=\"https:\/\/www.domstavpro.com\/index.php\/produkt\/znackovy-bosch-pilovy-kotouc-expert-for-high-pressure-laminate-210-x-30-x-2-6-mm-60-23172\/\" \/>\n<meta property=\"og:locale\" content=\"cs_CZ\" \/>\n<meta property=\"og:type\" content=\"article\" \/>\n<meta property=\"og:title\" content=\"Zna\u010dkov\u00fd BOSCH pilov\u00fd kotou\u010d Expert for High Pressure Laminate 210 x 30 x 2,6 mm, 60 -\" \/>\n<meta property=\"og:description\" content=\"Dokonal\u00fd v\u00fdkon p\u0159i \u0159ez\u00e1n\u00ed vysokotlak\u00e9ho lamin\u00e1tu Pilov\u00fd kotou\u010d Expert for High Pressure Laminate dosahuje dokonal\u00fdch v\u00fdkon\u016f p\u0159i \u0159ez\u00e1n\u00ed vysokotlak\u00e9ho lamin\u00e1tu Velmi tvrd\u00e9 zuby z materi\u00e1lu MicroteQ (vyr\u00e1b\u00ed Bosch) z velmi odoln\u00fdch zrn ze slinut\u00e9ho karbidu zvl\u00e1dnou i extr\u00e9mn\u00ed podm\u00ednky Protivibra\u010dn\u00ed v\u00fd\u0159ezy umo\u017e\u0148uj\u00ed hladk\u00e9 \u0159ez\u00e1n\u00ed, v\u00fdrazn\u011b sni\u017euj\u00ed hlu\u010dnost a redukuj\u00ed vibrace Zuby HLTCG (High-Low Triple Chip [&hellip;]\" \/>\n<meta property=\"og:url\" content=\"https:\/\/www.domstavpro.com\/index.php\/produkt\/znackovy-bosch-pilovy-kotouc-expert-for-high-pressure-laminate-210-x-30-x-2-6-mm-60-23172\/\" \/>\n<meta property=\"og:image\" content=\"https:\/\/www.domstavpro.com\/wp-content\/uploads\/2026\/SK0030899-CZ20260425-092328-0-1777080210-bosch-ex-wo-t-254x30-54-2608644342.webp\" \/>\n\t<meta property=\"og:image:width\" content=\"160\" \/>\n\t<meta property=\"og:image:height\" content=\"160\" \/>\n\t<meta property=\"og:image:type\" content=\"image\/webp\" \/>\n<meta name=\"twitter:card\" content=\"summary_large_image\" \/>\n<meta name=\"twitter:label1\" content=\"Odhadovan\u00e1 doba \u010dten\u00ed\" \/>\n\t<meta name=\"twitter:data1\" content=\"1 minuta\" \/>\n<script type=\"application\/ld+json\" class=\"yoast-schema-graph\">{\"@context\":\"https:\/\/schema.org\",\"@graph\":[{\"@type\":\"WebPage\",\"@id\":\"https:\/\/www.domstavpro.com\/index.php\/produkt\/znackovy-bosch-pilovy-kotouc-expert-for-high-pressure-laminate-210-x-30-x-2-6-mm-60-23172\/\",\"url\":\"https:\/\/www.domstavpro.com\/index.php\/produkt\/znackovy-bosch-pilovy-kotouc-expert-for-high-pressure-laminate-210-x-30-x-2-6-mm-60-23172\/\",\"name\":\"Zna\u010dkov\u00fd BOSCH pilov\u00fd kotou\u010d Expert for High Pressure Laminate 210 x 30 x 2,6 mm, 60 -\",\"isPartOf\":{\"@id\":\"https:\/\/www.domstavpro.com\/#website\"},\"primaryImageOfPage\":{\"@id\":\"https:\/\/www.domstavpro.com\/index.php\/produkt\/znackovy-bosch-pilovy-kotouc-expert-for-high-pressure-laminate-210-x-30-x-2-6-mm-60-23172\/#primaryimage\"},\"image\":{\"@id\":\"https:\/\/www.domstavpro.com\/index.php\/produkt\/znackovy-bosch-pilovy-kotouc-expert-for-high-pressure-laminate-210-x-30-x-2-6-mm-60-23172\/#primaryimage\"},\"thumbnailUrl\":\"https:\/\/www.domstavpro.com\/wp-content\/uploads\/2026\/SK0030899-CZ20260425-092328-0-1777080210-bosch-ex-wo-t-254x30-54-2608644342.webp\",\"datePublished\":\"2026-04-27T15:08:47+00:00\",\"breadcrumb\":{\"@id\":\"https:\/\/www.domstavpro.com\/index.php\/produkt\/znackovy-bosch-pilovy-kotouc-expert-for-high-pressure-laminate-210-x-30-x-2-6-mm-60-23172\/#breadcrumb\"},\"inLanguage\":\"cs\",\"potentialAction\":[{\"@type\":\"ReadAction\",\"target\":[\"https:\/\/www.domstavpro.com\/index.php\/produkt\/znackovy-bosch-pilovy-kotouc-expert-for-high-pressure-laminate-210-x-30-x-2-6-mm-60-23172\/\"]}]},{\"@type\":\"ImageObject\",\"inLanguage\":\"cs\",\"@id\":\"https:\/\/www.domstavpro.com\/index.php\/produkt\/znackovy-bosch-pilovy-kotouc-expert-for-high-pressure-laminate-210-x-30-x-2-6-mm-60-23172\/#primaryimage\",\"url\":\"https:\/\/www.domstavpro.com\/wp-content\/uploads\/2026\/SK0030899-CZ20260425-092328-0-1777080210-bosch-ex-wo-t-254x30-54-2608644342.webp\",\"contentUrl\":\"https:\/\/www.domstavpro.com\/wp-content\/uploads\/2026\/SK0030899-CZ20260425-092328-0-1777080210-bosch-ex-wo-t-254x30-54-2608644342.webp\",\"width\":160,\"height\":160},{\"@type\":\"BreadcrumbList\",\"@id\":\"https:\/\/www.domstavpro.com\/index.php\/produkt\/znackovy-bosch-pilovy-kotouc-expert-for-high-pressure-laminate-210-x-30-x-2-6-mm-60-23172\/#breadcrumb\",\"itemListElement\":[{\"@type\":\"ListItem\",\"position\":1,\"name\":\"Home\",\"item\":\"https:\/\/www.domstavpro.com\/\"},{\"@type\":\"ListItem\",\"position\":2,\"name\":\"Products\",\"item\":\"https:\/\/www.domstavpro.com\/index.php\/products\/\"},{\"@type\":\"ListItem\",\"position\":3,\"name\":\"Zna\u010dkov\u00fd BOSCH pilov\u00fd kotou\u010d Expert for High Pressure Laminate 210 x 30 x 2,6 mm, 60\"}]},{\"@type\":\"WebSite\",\"@id\":\"https:\/\/www.domstavpro.com\/#website\",\"url\":\"https:\/\/www.domstavpro.com\/\",\"name\":\"\",\"description\":\"\",\"potentialAction\":[{\"@type\":\"SearchAction\",\"target\":{\"@type\":\"EntryPoint\",\"urlTemplate\":\"https:\/\/www.domstavpro.com\/?s={search_term_string}\"},\"query-input\":{\"@type\":\"PropertyValueSpecification\",\"valueRequired\":true,\"valueName\":\"search_term_string\"}}],\"inLanguage\":\"cs\"}]}<\/script>\n<!-- \/ Yoast SEO plugin. -->","yoast_head_json":{"title":"Zna\u010dkov\u00fd BOSCH pilov\u00fd kotou\u010d Expert for High Pressure Laminate 210 x 30 x 2,6 mm, 60 -","robots":{"index":"index","follow":"follow","max-snippet":"max-snippet:-1","max-image-preview":"max-image-preview:large","max-video-preview":"max-video-preview:-1"},"canonical":"https:\/\/www.domstavpro.com\/index.php\/produkt\/znackovy-bosch-pilovy-kotouc-expert-for-high-pressure-laminate-210-x-30-x-2-6-mm-60-23172\/","og_locale":"cs_CZ","og_type":"article","og_title":"Zna\u010dkov\u00fd BOSCH pilov\u00fd kotou\u010d Expert for High Pressure Laminate 210 x 30 x 2,6 mm, 60 -","og_description":"Dokonal\u00fd v\u00fdkon p\u0159i \u0159ez\u00e1n\u00ed vysokotlak\u00e9ho lamin\u00e1tu Pilov\u00fd kotou\u010d Expert for High Pressure Laminate dosahuje dokonal\u00fdch v\u00fdkon\u016f p\u0159i \u0159ez\u00e1n\u00ed vysokotlak\u00e9ho lamin\u00e1tu Velmi tvrd\u00e9 zuby z materi\u00e1lu MicroteQ (vyr\u00e1b\u00ed Bosch) z velmi odoln\u00fdch zrn ze slinut\u00e9ho karbidu zvl\u00e1dnou i extr\u00e9mn\u00ed podm\u00ednky Protivibra\u010dn\u00ed v\u00fd\u0159ezy umo\u017e\u0148uj\u00ed hladk\u00e9 \u0159ez\u00e1n\u00ed, v\u00fdrazn\u011b sni\u017euj\u00ed hlu\u010dnost a redukuj\u00ed vibrace Zuby HLTCG (High-Low Triple Chip [&hellip;]","og_url":"https:\/\/www.domstavpro.com\/index.php\/produkt\/znackovy-bosch-pilovy-kotouc-expert-for-high-pressure-laminate-210-x-30-x-2-6-mm-60-23172\/","og_image":[{"width":160,"height":160,"url":"https:\/\/www.domstavpro.com\/wp-content\/uploads\/2026\/SK0030899-CZ20260425-092328-0-1777080210-bosch-ex-wo-t-254x30-54-2608644342.webp","type":"image\/webp"}],"twitter_card":"summary_large_image","twitter_misc":{"Odhadovan\u00e1 doba \u010dten\u00ed":"1 minuta"},"schema":{"@context":"https:\/\/schema.org","@graph":[{"@type":"WebPage","@id":"https:\/\/www.domstavpro.com\/index.php\/produkt\/znackovy-bosch-pilovy-kotouc-expert-for-high-pressure-laminate-210-x-30-x-2-6-mm-60-23172\/","url":"https:\/\/www.domstavpro.com\/index.php\/produkt\/znackovy-bosch-pilovy-kotouc-expert-for-high-pressure-laminate-210-x-30-x-2-6-mm-60-23172\/","name":"Zna\u010dkov\u00fd BOSCH pilov\u00fd kotou\u010d Expert for High Pressure Laminate 210 x 30 x 2,6 mm, 60 -","isPartOf":{"@id":"https:\/\/www.domstavpro.com\/#website"},"primaryImageOfPage":{"@id":"https:\/\/www.domstavpro.com\/index.php\/produkt\/znackovy-bosch-pilovy-kotouc-expert-for-high-pressure-laminate-210-x-30-x-2-6-mm-60-23172\/#primaryimage"},"image":{"@id":"https:\/\/www.domstavpro.com\/index.php\/produkt\/znackovy-bosch-pilovy-kotouc-expert-for-high-pressure-laminate-210-x-30-x-2-6-mm-60-23172\/#primaryimage"},"thumbnailUrl":"https:\/\/www.domstavpro.com\/wp-content\/uploads\/2026\/SK0030899-CZ20260425-092328-0-1777080210-bosch-ex-wo-t-254x30-54-2608644342.webp","datePublished":"2026-04-27T15:08:47+00:00","breadcrumb":{"@id":"https:\/\/www.domstavpro.com\/index.php\/produkt\/znackovy-bosch-pilovy-kotouc-expert-for-high-pressure-laminate-210-x-30-x-2-6-mm-60-23172\/#breadcrumb"},"inLanguage":"cs","potentialAction":[{"@type":"ReadAction","target":["https:\/\/www.domstavpro.com\/index.php\/produkt\/znackovy-bosch-pilovy-kotouc-expert-for-high-pressure-laminate-210-x-30-x-2-6-mm-60-23172\/"]}]},{"@type":"ImageObject","inLanguage":"cs","@id":"https:\/\/www.domstavpro.com\/index.php\/produkt\/znackovy-bosch-pilovy-kotouc-expert-for-high-pressure-laminate-210-x-30-x-2-6-mm-60-23172\/#primaryimage","url":"https:\/\/www.domstavpro.com\/wp-content\/uploads\/2026\/SK0030899-CZ20260425-092328-0-1777080210-bosch-ex-wo-t-254x30-54-2608644342.webp","contentUrl":"https:\/\/www.domstavpro.com\/wp-content\/uploads\/2026\/SK0030899-CZ20260425-092328-0-1777080210-bosch-ex-wo-t-254x30-54-2608644342.webp","width":160,"height":160},{"@type":"BreadcrumbList","@id":"https:\/\/www.domstavpro.com\/index.php\/produkt\/znackovy-bosch-pilovy-kotouc-expert-for-high-pressure-laminate-210-x-30-x-2-6-mm-60-23172\/#breadcrumb","itemListElement":[{"@type":"ListItem","position":1,"name":"Home","item":"https:\/\/www.domstavpro.com\/"},{"@type":"ListItem","position":2,"name":"Products","item":"https:\/\/www.domstavpro.com\/index.php\/products\/"},{"@type":"ListItem","position":3,"name":"Zna\u010dkov\u00fd BOSCH pilov\u00fd kotou\u010d Expert for High Pressure Laminate 210 x 30 x 2,6 mm, 60"}]},{"@type":"WebSite","@id":"https:\/\/www.domstavpro.com\/#website","url":"https:\/\/www.domstavpro.com\/","name":"","description":"","potentialAction":[{"@type":"SearchAction","target":{"@type":"EntryPoint","urlTemplate":"https:\/\/www.domstavpro.com\/?s={search_term_string}"},"query-input":{"@type":"PropertyValueSpecification","valueRequired":true,"valueName":"search_term_string"}}],"inLanguage":"cs"}]}},"_links":{"self":[{"href":"https:\/\/www.domstavpro.com\/index.php\/wp-json\/wp\/v2\/product\/23172","targetHints":{"allow":["GET"]}}],"collection":[{"href":"https:\/\/www.domstavpro.com\/index.php\/wp-json\/wp\/v2\/product"}],"about":[{"href":"https:\/\/www.domstavpro.com\/index.php\/wp-json\/wp\/v2\/types\/product"}],"replies":[{"embeddable":true,"href":"https:\/\/www.domstavpro.com\/index.php\/wp-json\/wp\/v2\/comments?post=23172"}],"wp:featuredmedia":[{"embeddable":true,"href":"https:\/\/www.domstavpro.com\/index.php\/wp-json\/wp\/v2\/media\/23272"}],"wp:attachment":[{"href":"https:\/\/www.domstavpro.com\/index.php\/wp-json\/wp\/v2\/media?parent=23172"}],"wp:term":[{"taxonomy":"product_brand","embeddable":true,"href":"https:\/\/www.domstavpro.com\/index.php\/wp-json\/wp\/v2\/product_brand?post=23172"},{"taxonomy":"product_cat","embeddable":true,"href":"https:\/\/www.domstavpro.com\/index.php\/wp-json\/wp\/v2\/product_cat?post=23172"},{"taxonomy":"product_tag","embeddable":true,"href":"https:\/\/www.domstavpro.com\/index.php\/wp-json\/wp\/v2\/product_tag?post=23172"}],"curies":[{"name":"wp","href":"https:\/\/api.w.org\/{rel}","templated":true}]}}