{"id":23157,"date":"2026-04-27T15:08:47","date_gmt":"2026-04-27T15:08:47","guid":{"rendered":""},"modified":"2026-04-27T15:08:47","modified_gmt":"2026-04-27T15:08:47","slug":"akce-schneider-eko-190-8-25-wof-kompresor-23157","status":"publish","type":"product","link":"https:\/\/www.domstavpro.com\/index.php\/produkt\/akce-schneider-eko-190-8-25-wof-kompresor-23157\/","title":{"rendered":"Akce Schneider EKO 190-8-25 WOF kompresor"},"content":{"rendered":"<table>\n<div class=\"tab-pane active product-description\" id=\"popis\" role=\"tabpanel\">\n<div class=\"short-description\" itemprop=\"description\"><\/div>\n<div class=\"description\">\n<p><span class=\"bullet-line\">R\u00e1di bychom v\u00e1m p\u0159edstavili novou bezolejovou verzi kompresoru EKO 190-8-25 WOF s v\u00fdkonem 60 litr\u016f za minutu a 24litrov\u00fdm vzdu\u0161n\u00edkem.&nbsp;<\/span><br \/><span class=\"bullet-line\">Tento kompresor nab\u00edz\u00ed spolehliv\u00fd a \u010dist\u00fd v\u00fdkon pro va\u0161e pot\u0159eby.<\/span><br \/><span class=\"bullet-line\">Jedn\u00e1 se o ide\u00e1ln\u00edho spole\u010dn\u00edka pro r\u016fzn\u00e9 \u00fakoly, jako ofukov\u00e1n\u00ed va\u0161eho pracovi\u0161t\u011b, vy\u010di\u0161t\u011bn\u00ed seka\u010dky od star\u00fdch zbytk\u016f tr\u00e1vy, nafukov\u00e1n\u00ed pneumatik\u2026 zkr\u00e1tka co V\u00e1s napadne doma, v gar\u00e1\u017ei, nebo na zahrad\u011b.<\/span><br \/><span class=\"bullet-line\">D\u00edky bezolejov\u00e9mu proveden\u00ed u\u0161et\u0159\u00edte na servisn\u00edch n\u00e1kladech spojen\u00fdch s v\u00fdm\u011bnou leje.<\/span><br \/><span class=\"bullet-line\">Kompaktn\u00ed design zaru\u010duje, \u017ee tento kompresor m\u016f\u017eete snadno p\u0159em\u00eds\u0165ovat tam, kde ho pr\u00e1v\u011b pot\u0159ebujete.&nbsp;<\/span><br \/><span class=\"bullet-line\">S na\u0161\u00ed cenou je tento bezolejov\u00fd kompresor s v\u00fdkonem 60 l\/min a 24litrov\u00fdm vzdu\u0161n\u00edkem tou spr\u00e1vnou volbou<\/span><\/p>\n<\/div>\n<div class=\"parameters\">\n<tr>\n<td>V\u00fdkon<\/td>\n<td>1,1 kW<\/td>\n<\/tr>\n<tr>\n<td>Maxim\u00e1ln\u00ed tlak<\/td>\n<td>8bar<\/td>\n<\/tr>\n<tr>\n<td>Objem vzdu\u0161n\u00edku<\/td>\n<td>24l<\/td>\n<\/tr>\n<tr>\n<td>Pln\u00edc\u00ed v\u00fdkon<\/td>\n<td>60l\/min<\/td>\n<\/tr>\n<tr>\n<td>Nap\u011bt\u00ed<\/td>\n<td>230V<\/td>\n<\/tr>\n<tr>\n<td>Sac\u00ed v\u00fdkon<\/td>\n<td>160l\/min<\/td>\n<\/tr>\n<tr>\n<td>Po\u010det ot\u00e1\u010dek<\/td>\n<td>2450min\u207b\u00b9<\/td>\n<\/tr>\n<tr>\n<td>Hlu\u010dnost<\/td>\n<td>70dB(A)<\/td>\n<\/tr>\n<tr>\n<td>Hmotnost<\/td>\n<td>18kg<\/td>\n<\/tr>\n<tr>\n<td>Rozm\u011bry (\u0160 x H x V)<\/td>\n<td>580 x 250 x 590mm<\/td>\n<\/tr><\/div>\n<\/table>\n","protected":false},"excerpt":{"rendered":"<p>R\u00e1di bychom v\u00e1m p\u0159edstavili novou bezolejovou verzi kompresoru EKO 190-8-25 WOF s v\u00fdkonem 60 litr\u016f za minutu a 24litrov\u00fdm vzdu\u0161n\u00edkem.&nbsp;Tento kompresor nab\u00edz\u00ed spolehliv\u00fd a \u010dist\u00fd v\u00fdkon pro va\u0161e pot\u0159eby.Jedn\u00e1 se o ide\u00e1ln\u00edho spole\u010dn\u00edka pro r\u016fzn\u00e9 \u00fakoly, jako ofukov\u00e1n\u00ed va\u0161eho pracovi\u0161t\u011b, vy\u010di\u0161t\u011bn\u00ed seka\u010dky od star\u00fdch zbytk\u016f tr\u00e1vy, nafukov\u00e1n\u00ed pneumatik\u2026 zkr\u00e1tka co V\u00e1s napadne doma, v gar\u00e1\u017ei, [&hellip;]<\/p>\n","protected":false},"featured_media":23257,"comment_status":"open","ping_status":"open","template":"","meta":[],"product_brand":[],"product_cat":[38],"product_tag":[],"class_list":{"0":"post-23157","1":"product","2":"type-product","3":"status-publish","4":"has-post-thumbnail","6":"product_cat-naradi","8":"first","9":"instock","10":"sale","11":"shipping-taxable","12":"purchasable","13":"product-type-simple"},"yoast_head":"<!-- This site is optimized with the Yoast SEO plugin v26.8 - https:\/\/yoast.com\/product\/yoast-seo-wordpress\/ -->\n<title>Akce Schneider EKO 190-8-25 WOF kompresor -<\/title>\n<meta name=\"robots\" content=\"index, follow, max-snippet:-1, max-image-preview:large, max-video-preview:-1\" \/>\n<link rel=\"canonical\" href=\"https:\/\/www.domstavpro.com\/index.php\/produkt\/akce-schneider-eko-190-8-25-wof-kompresor-23157\/\" \/>\n<meta property=\"og:locale\" content=\"cs_CZ\" \/>\n<meta property=\"og:type\" content=\"article\" \/>\n<meta property=\"og:title\" content=\"Akce Schneider EKO 190-8-25 WOF kompresor -\" \/>\n<meta property=\"og:description\" content=\"R\u00e1di bychom v\u00e1m p\u0159edstavili novou bezolejovou verzi kompresoru EKO 190-8-25 WOF s v\u00fdkonem 60 litr\u016f za minutu a 24litrov\u00fdm vzdu\u0161n\u00edkem.&nbsp;Tento kompresor nab\u00edz\u00ed spolehliv\u00fd a \u010dist\u00fd v\u00fdkon pro va\u0161e pot\u0159eby.Jedn\u00e1 se o ide\u00e1ln\u00edho spole\u010dn\u00edka pro r\u016fzn\u00e9 \u00fakoly, jako ofukov\u00e1n\u00ed va\u0161eho pracovi\u0161t\u011b, vy\u010di\u0161t\u011bn\u00ed seka\u010dky od star\u00fdch zbytk\u016f tr\u00e1vy, nafukov\u00e1n\u00ed pneumatik\u2026 zkr\u00e1tka co V\u00e1s napadne doma, v gar\u00e1\u017ei, [&hellip;]\" \/>\n<meta property=\"og:url\" content=\"https:\/\/www.domstavpro.com\/index.php\/produkt\/akce-schneider-eko-190-8-25-wof-kompresor-23157\/\" \/>\n<meta property=\"og:image\" content=\"https:\/\/www.domstavpro.com\/wp-content\/uploads\/2026\/SK0030884-CZ20260425-092328-0-1777080210-1259100-3_131737.webp\" \/>\n\t<meta property=\"og:image:width\" content=\"1000\" \/>\n\t<meta property=\"og:image:height\" content=\"668\" \/>\n\t<meta property=\"og:image:type\" content=\"image\/webp\" \/>\n<meta name=\"twitter:card\" content=\"summary_large_image\" \/>\n<meta name=\"twitter:label1\" content=\"Odhadovan\u00e1 doba \u010dten\u00ed\" \/>\n\t<meta name=\"twitter:data1\" content=\"1 minuta\" \/>\n<script type=\"application\/ld+json\" class=\"yoast-schema-graph\">{\"@context\":\"https:\/\/schema.org\",\"@graph\":[{\"@type\":\"WebPage\",\"@id\":\"https:\/\/www.domstavpro.com\/index.php\/produkt\/akce-schneider-eko-190-8-25-wof-kompresor-23157\/\",\"url\":\"https:\/\/www.domstavpro.com\/index.php\/produkt\/akce-schneider-eko-190-8-25-wof-kompresor-23157\/\",\"name\":\"Akce Schneider EKO 190-8-25 WOF kompresor -\",\"isPartOf\":{\"@id\":\"https:\/\/www.domstavpro.com\/#website\"},\"primaryImageOfPage\":{\"@id\":\"https:\/\/www.domstavpro.com\/index.php\/produkt\/akce-schneider-eko-190-8-25-wof-kompresor-23157\/#primaryimage\"},\"image\":{\"@id\":\"https:\/\/www.domstavpro.com\/index.php\/produkt\/akce-schneider-eko-190-8-25-wof-kompresor-23157\/#primaryimage\"},\"thumbnailUrl\":\"https:\/\/www.domstavpro.com\/wp-content\/uploads\/2026\/SK0030884-CZ20260425-092328-0-1777080210-1259100-3_131737.webp\",\"datePublished\":\"2026-04-27T15:08:47+00:00\",\"breadcrumb\":{\"@id\":\"https:\/\/www.domstavpro.com\/index.php\/produkt\/akce-schneider-eko-190-8-25-wof-kompresor-23157\/#breadcrumb\"},\"inLanguage\":\"cs\",\"potentialAction\":[{\"@type\":\"ReadAction\",\"target\":[\"https:\/\/www.domstavpro.com\/index.php\/produkt\/akce-schneider-eko-190-8-25-wof-kompresor-23157\/\"]}]},{\"@type\":\"ImageObject\",\"inLanguage\":\"cs\",\"@id\":\"https:\/\/www.domstavpro.com\/index.php\/produkt\/akce-schneider-eko-190-8-25-wof-kompresor-23157\/#primaryimage\",\"url\":\"https:\/\/www.domstavpro.com\/wp-content\/uploads\/2026\/SK0030884-CZ20260425-092328-0-1777080210-1259100-3_131737.webp\",\"contentUrl\":\"https:\/\/www.domstavpro.com\/wp-content\/uploads\/2026\/SK0030884-CZ20260425-092328-0-1777080210-1259100-3_131737.webp\",\"width\":1000,\"height\":668},{\"@type\":\"BreadcrumbList\",\"@id\":\"https:\/\/www.domstavpro.com\/index.php\/produkt\/akce-schneider-eko-190-8-25-wof-kompresor-23157\/#breadcrumb\",\"itemListElement\":[{\"@type\":\"ListItem\",\"position\":1,\"name\":\"Home\",\"item\":\"https:\/\/www.domstavpro.com\/\"},{\"@type\":\"ListItem\",\"position\":2,\"name\":\"Products\",\"item\":\"https:\/\/www.domstavpro.com\/index.php\/products\/\"},{\"@type\":\"ListItem\",\"position\":3,\"name\":\"Akce Schneider EKO 190-8-25 WOF kompresor\"}]},{\"@type\":\"WebSite\",\"@id\":\"https:\/\/www.domstavpro.com\/#website\",\"url\":\"https:\/\/www.domstavpro.com\/\",\"name\":\"\",\"description\":\"\",\"potentialAction\":[{\"@type\":\"SearchAction\",\"target\":{\"@type\":\"EntryPoint\",\"urlTemplate\":\"https:\/\/www.domstavpro.com\/?s={search_term_string}\"},\"query-input\":{\"@type\":\"PropertyValueSpecification\",\"valueRequired\":true,\"valueName\":\"search_term_string\"}}],\"inLanguage\":\"cs\"}]}<\/script>\n<!-- \/ Yoast SEO plugin. -->","yoast_head_json":{"title":"Akce Schneider EKO 190-8-25 WOF kompresor -","robots":{"index":"index","follow":"follow","max-snippet":"max-snippet:-1","max-image-preview":"max-image-preview:large","max-video-preview":"max-video-preview:-1"},"canonical":"https:\/\/www.domstavpro.com\/index.php\/produkt\/akce-schneider-eko-190-8-25-wof-kompresor-23157\/","og_locale":"cs_CZ","og_type":"article","og_title":"Akce Schneider EKO 190-8-25 WOF kompresor -","og_description":"R\u00e1di bychom v\u00e1m p\u0159edstavili novou bezolejovou verzi kompresoru EKO 190-8-25 WOF s v\u00fdkonem 60 litr\u016f za minutu a 24litrov\u00fdm vzdu\u0161n\u00edkem.&nbsp;Tento kompresor nab\u00edz\u00ed spolehliv\u00fd a \u010dist\u00fd v\u00fdkon pro va\u0161e pot\u0159eby.Jedn\u00e1 se o ide\u00e1ln\u00edho spole\u010dn\u00edka pro r\u016fzn\u00e9 \u00fakoly, jako ofukov\u00e1n\u00ed va\u0161eho pracovi\u0161t\u011b, vy\u010di\u0161t\u011bn\u00ed seka\u010dky od star\u00fdch zbytk\u016f tr\u00e1vy, nafukov\u00e1n\u00ed pneumatik\u2026 zkr\u00e1tka co V\u00e1s napadne doma, v gar\u00e1\u017ei, [&hellip;]","og_url":"https:\/\/www.domstavpro.com\/index.php\/produkt\/akce-schneider-eko-190-8-25-wof-kompresor-23157\/","og_image":[{"width":1000,"height":668,"url":"https:\/\/www.domstavpro.com\/wp-content\/uploads\/2026\/SK0030884-CZ20260425-092328-0-1777080210-1259100-3_131737.webp","type":"image\/webp"}],"twitter_card":"summary_large_image","twitter_misc":{"Odhadovan\u00e1 doba \u010dten\u00ed":"1 minuta"},"schema":{"@context":"https:\/\/schema.org","@graph":[{"@type":"WebPage","@id":"https:\/\/www.domstavpro.com\/index.php\/produkt\/akce-schneider-eko-190-8-25-wof-kompresor-23157\/","url":"https:\/\/www.domstavpro.com\/index.php\/produkt\/akce-schneider-eko-190-8-25-wof-kompresor-23157\/","name":"Akce Schneider EKO 190-8-25 WOF kompresor -","isPartOf":{"@id":"https:\/\/www.domstavpro.com\/#website"},"primaryImageOfPage":{"@id":"https:\/\/www.domstavpro.com\/index.php\/produkt\/akce-schneider-eko-190-8-25-wof-kompresor-23157\/#primaryimage"},"image":{"@id":"https:\/\/www.domstavpro.com\/index.php\/produkt\/akce-schneider-eko-190-8-25-wof-kompresor-23157\/#primaryimage"},"thumbnailUrl":"https:\/\/www.domstavpro.com\/wp-content\/uploads\/2026\/SK0030884-CZ20260425-092328-0-1777080210-1259100-3_131737.webp","datePublished":"2026-04-27T15:08:47+00:00","breadcrumb":{"@id":"https:\/\/www.domstavpro.com\/index.php\/produkt\/akce-schneider-eko-190-8-25-wof-kompresor-23157\/#breadcrumb"},"inLanguage":"cs","potentialAction":[{"@type":"ReadAction","target":["https:\/\/www.domstavpro.com\/index.php\/produkt\/akce-schneider-eko-190-8-25-wof-kompresor-23157\/"]}]},{"@type":"ImageObject","inLanguage":"cs","@id":"https:\/\/www.domstavpro.com\/index.php\/produkt\/akce-schneider-eko-190-8-25-wof-kompresor-23157\/#primaryimage","url":"https:\/\/www.domstavpro.com\/wp-content\/uploads\/2026\/SK0030884-CZ20260425-092328-0-1777080210-1259100-3_131737.webp","contentUrl":"https:\/\/www.domstavpro.com\/wp-content\/uploads\/2026\/SK0030884-CZ20260425-092328-0-1777080210-1259100-3_131737.webp","width":1000,"height":668},{"@type":"BreadcrumbList","@id":"https:\/\/www.domstavpro.com\/index.php\/produkt\/akce-schneider-eko-190-8-25-wof-kompresor-23157\/#breadcrumb","itemListElement":[{"@type":"ListItem","position":1,"name":"Home","item":"https:\/\/www.domstavpro.com\/"},{"@type":"ListItem","position":2,"name":"Products","item":"https:\/\/www.domstavpro.com\/index.php\/products\/"},{"@type":"ListItem","position":3,"name":"Akce Schneider EKO 190-8-25 WOF kompresor"}]},{"@type":"WebSite","@id":"https:\/\/www.domstavpro.com\/#website","url":"https:\/\/www.domstavpro.com\/","name":"","description":"","potentialAction":[{"@type":"SearchAction","target":{"@type":"EntryPoint","urlTemplate":"https:\/\/www.domstavpro.com\/?s={search_term_string}"},"query-input":{"@type":"PropertyValueSpecification","valueRequired":true,"valueName":"search_term_string"}}],"inLanguage":"cs"}]}},"_links":{"self":[{"href":"https:\/\/www.domstavpro.com\/index.php\/wp-json\/wp\/v2\/product\/23157","targetHints":{"allow":["GET"]}}],"collection":[{"href":"https:\/\/www.domstavpro.com\/index.php\/wp-json\/wp\/v2\/product"}],"about":[{"href":"https:\/\/www.domstavpro.com\/index.php\/wp-json\/wp\/v2\/types\/product"}],"replies":[{"embeddable":true,"href":"https:\/\/www.domstavpro.com\/index.php\/wp-json\/wp\/v2\/comments?post=23157"}],"wp:featuredmedia":[{"embeddable":true,"href":"https:\/\/www.domstavpro.com\/index.php\/wp-json\/wp\/v2\/media\/23257"}],"wp:attachment":[{"href":"https:\/\/www.domstavpro.com\/index.php\/wp-json\/wp\/v2\/media?parent=23157"}],"wp:term":[{"taxonomy":"product_brand","embeddable":true,"href":"https:\/\/www.domstavpro.com\/index.php\/wp-json\/wp\/v2\/product_brand?post=23157"},{"taxonomy":"product_cat","embeddable":true,"href":"https:\/\/www.domstavpro.com\/index.php\/wp-json\/wp\/v2\/product_cat?post=23157"},{"taxonomy":"product_tag","embeddable":true,"href":"https:\/\/www.domstavpro.com\/index.php\/wp-json\/wp\/v2\/product_tag?post=23157"}],"curies":[{"name":"wp","href":"https:\/\/api.w.org\/{rel}","templated":true}]}}