{"id":23142,"date":"2026-04-27T15:08:47","date_gmt":"2026-04-27T15:08:47","guid":{"rendered":""},"modified":"2026-04-27T15:08:47","modified_gmt":"2026-04-27T15:08:47","slug":"zlevneny-dewalt-dcs356e1t-bezuhlikove-oscilacni-naradi-18-v-xr-1-x-kompaktni-baterie-powerstack-23142","status":"publish","type":"product","link":"https:\/\/www.domstavpro.com\/produkt\/zlevneny-dewalt-dcs356e1t-bezuhlikove-oscilacni-naradi-18-v-xr-1-x-kompaktni-baterie-powerstack-23142\/","title":{"rendered":"Zlevn\u011bn\u00fd DeWALT DCS356E1T bezuhl\u00edkov\u00e9 oscila\u010dn\u00ed n\u00e1\u0159ad\u00ed 18 V XR, 1 X kompaktn\u00ed baterie POWERSTACK"},"content":{"rendered":"<table>\n<div class=\"tab-pane active product-description\" id=\"popis\" role=\"tabpanel\">\n<div class=\"short-description\" itemprop=\"description\"><\/div>\n<div class=\"description\"><span class='bullet-line'>Adapt\u00e9r pro p\u0159ipojen\u00ed ods\u00e1v\u00e1n\u00ed p\u0159ipraven\u00fd pro syst\u00e9m AirLock nebo standardn\u00ed 35 mm<\/span><span class='bullet-line'>35d\u00edln\u00e1 sada p\u0159\u00edslu\u0161enstv\u00ed pro podporu p\u0159i \u0159ez\u00e1n\u00ed a brou\u0161en\u00ed<\/span><span class='bullet-line'>Vod\u00edtko pro regulaci hloubky p\u0159\u00edm\u00e9ho \u0159ezu zvy\u0161uje p\u0159esnost \u0159ez\u00e1n\u00ed p\u0159i detailn\u00ed pr\u00e1ci<\/span><span class='bullet-line'>Oscila\u010dn\u00ed multifunk\u010dn\u00ed n\u00e1\u0159ad\u00ed, kter\u00e9 je nap\u00e1jeno 18V XR bateri\u00ed a nab\u00edz\u00ed a\u017e 20 000 ot.\/min, dok\u00e1\u017ee prov\u00e1d\u011bt v\u00fdjime\u010dnou \u0161k\u00e1lu aplikac\u00ed \u0159ez\u00e1n\u00ed a brou\u0161en\u00ed.<\/span><span class='bullet-line'>Nov\u00fd 3-stup\u0148ov\u00fd voli\u010d rychlost\u00ed poskytuje maxim\u00e1ln\u00ed rychlost a ovl\u00e1d\u00e1n\u00ed aplikace. <\/span><span class='bullet-line'>Baterie POWERSTACK poskytuj\u00ed o 50 % vy\u0161\u0161\u00ed v\u00fdkon p\u0159i rozm\u011brech men\u0161\u00edch o 25 % a funguj\u00ed se v\u0161\u00edm n\u00e1\u0159ad\u00edm 18 V XR, kter\u00e9 ji\u017e m\u00e1te.<\/span><span class='bullet-line'>O 50 % vy\u0161\u0161\u00ed v\u00fdkon: ve srovn\u00e1n\u00ed s bateri\u00ed DCB183, ne p\u0159i aplikaci. <\/span><span class='bullet-line'>O 25% men\u0161\u00ed baterie a kompaktn\u011bj\u0161\u00ed proveden\u00ed: rozm\u011bry v porovn\u00e1n\u00ed s bateri\u00ed DCB183.<\/span><br \/>\u27a4 Dal\u0161\u00ed Funkce<span class='bullet-line'>Jasn\u00e9 LED sv\u011btlo osv\u011btluje tmav\u00e9 pracovn\u00ed plochy, aby se zajistilo p\u0159esn\u00e9 \u0159ez\u00e1n\u00ed<\/span><span class='bullet-line'>Sp\u00edna\u010d regulace ot\u00e1\u010dek DUAL-GRIP poskytuje maxim\u00e1ln\u00ed kontrolu nad ot\u00e1\u010dkami a pou\u017e\u00edv\u00e1n\u00edm<\/span><span class='bullet-line'>Univerz\u00e1ln\u00ed adapt\u00e9r pro p\u0159\u00edslu\u0161enstv\u00ed k pou\u017eit\u00ed s \u200b\u200bv\u011bt\u0161inou zna\u010dek p\u0159\u00edslu\u0161enstv\u00ed pro oscila\u010dn\u00ed n\u00e1\u0159ad\u00ed<\/span><span class='bullet-line'>Syst\u00e9m rychl\u00e9 v\u00fdm\u011bny p\u0159\u00edslu\u0161enstv\u00ed QUICK-CHANGE umo\u017e\u0148uje rychlou v\u00fdm\u011bnu kotou\u010d\u016f a n\u00e1stavc\u016f bez pou\u017eit\u00ed n\u00e1\u0159ad\u00ed<\/span><br \/>\u27a4 Zahrnuje<br \/>(1) Kufr T-STAK II<br \/>(1) Vod\u00edtko pro regulaci hloubky p\u0159\u00edm\u00e9ho \u0159ezu<br \/>(1) \u010cepel na d\u0159evo s h\u0159eb\u00edky 31 x 43 mm<br \/>(1) \u010cepel na opracov\u00e1n\u00ed d\u0159eva<br \/>(1) Karbidov\u00fd n\u016f\u017e na odstra\u0148ov\u00e1n\u00ed malty<br \/>(1) \u010cepel pro rychl\u00e9 \u0159ez\u00e1n\u00ed d\u0159eva 31 x 43 mm<br \/>(1) Pevn\u00e1 \u0161krabka<br \/>(1) Polokruhov\u00e1 \u010depel<br \/>(1) Univerz\u00e1ln\u00ed adapt\u00e9r na \u010depel<br \/>(1) Adapt\u00e9r pro ods\u00e1v\u00e1n\u00ed prachu<br \/>(1) Brusn\u00e1 podlo\u017eka<br \/>(25) R\u016fzn\u00e9 listy brusn\u00e9ho pap\u00edru<br \/>(1) Baterie PowerStack 1,7 Ah<\/div>\n<\/table>\n","protected":false},"excerpt":{"rendered":"<p>Adapt\u00e9r pro p\u0159ipojen\u00ed ods\u00e1v\u00e1n\u00ed p\u0159ipraven\u00fd pro syst\u00e9m AirLock nebo standardn\u00ed 35 mm35d\u00edln\u00e1 sada p\u0159\u00edslu\u0161enstv\u00ed pro podporu p\u0159i \u0159ez\u00e1n\u00ed a brou\u0161en\u00edVod\u00edtko pro regulaci hloubky p\u0159\u00edm\u00e9ho \u0159ezu zvy\u0161uje p\u0159esnost \u0159ez\u00e1n\u00ed p\u0159i detailn\u00ed pr\u00e1ciOscila\u010dn\u00ed multifunk\u010dn\u00ed n\u00e1\u0159ad\u00ed, kter\u00e9 je nap\u00e1jeno 18V XR bateri\u00ed a nab\u00edz\u00ed a\u017e 20 000 ot.\/min, dok\u00e1\u017ee prov\u00e1d\u011bt v\u00fdjime\u010dnou \u0161k\u00e1lu aplikac\u00ed \u0159ez\u00e1n\u00ed a brou\u0161en\u00ed.Nov\u00fd 3-stup\u0148ov\u00fd voli\u010d [&hellip;]<\/p>\n","protected":false},"featured_media":23242,"template":"","meta":[],"product_brand":[],"product_cat":[38],"product_tag":[],"class_list":{"0":"post-23142","1":"product","2":"type-product","3":"status-publish","4":"has-post-thumbnail","6":"product_cat-naradi","8":"first","9":"instock","10":"sale","11":"shipping-taxable","12":"purchasable","13":"product-type-simple"},"yoast_head":"<!-- This site is optimized with the Yoast SEO plugin v26.8 - https:\/\/yoast.com\/product\/yoast-seo-wordpress\/ -->\n<title>Zlevn\u011bn\u00fd DeWALT DCS356E1T bezuhl\u00edkov\u00e9 oscila\u010dn\u00ed n\u00e1\u0159ad\u00ed 18 V XR, 1 X kompaktn\u00ed baterie POWERSTACK - Hlavn\u00ed kl\u00ed\u010dov\u00e1 slova<\/title>\n<meta name=\"robots\" content=\"index, follow, max-snippet:-1, max-image-preview:large, max-video-preview:-1\" \/>\n<link rel=\"canonical\" href=\"https:\/\/www.domstavpro.com\/index.php\/produkt\/zlevneny-dewalt-dcs356e1t-bezuhlikove-oscilacni-naradi-18-v-xr-1-x-kompaktni-baterie-powerstack-23142\/\" \/>\n<meta property=\"og:locale\" content=\"cs_CZ\" \/>\n<meta property=\"og:type\" content=\"article\" \/>\n<meta property=\"og:title\" content=\"Zlevn\u011bn\u00fd DeWALT DCS356E1T bezuhl\u00edkov\u00e9 oscila\u010dn\u00ed n\u00e1\u0159ad\u00ed 18 V XR, 1 X kompaktn\u00ed baterie POWERSTACK - Hlavn\u00ed kl\u00ed\u010dov\u00e1 slova\" \/>\n<meta property=\"og:description\" content=\"Adapt\u00e9r pro p\u0159ipojen\u00ed ods\u00e1v\u00e1n\u00ed p\u0159ipraven\u00fd pro syst\u00e9m AirLock nebo standardn\u00ed 35 mm35d\u00edln\u00e1 sada p\u0159\u00edslu\u0161enstv\u00ed pro podporu p\u0159i \u0159ez\u00e1n\u00ed a brou\u0161en\u00edVod\u00edtko pro regulaci hloubky p\u0159\u00edm\u00e9ho \u0159ezu zvy\u0161uje p\u0159esnost \u0159ez\u00e1n\u00ed p\u0159i detailn\u00ed pr\u00e1ciOscila\u010dn\u00ed multifunk\u010dn\u00ed n\u00e1\u0159ad\u00ed, kter\u00e9 je nap\u00e1jeno 18V XR bateri\u00ed a nab\u00edz\u00ed a\u017e 20 000 ot.\/min, dok\u00e1\u017ee prov\u00e1d\u011bt v\u00fdjime\u010dnou \u0161k\u00e1lu aplikac\u00ed \u0159ez\u00e1n\u00ed a brou\u0161en\u00ed.Nov\u00fd 3-stup\u0148ov\u00fd voli\u010d [&hellip;]\" \/>\n<meta property=\"og:url\" content=\"https:\/\/www.domstavpro.com\/index.php\/produkt\/zlevneny-dewalt-dcs356e1t-bezuhlikove-oscilacni-naradi-18-v-xr-1-x-kompaktni-baterie-powerstack-23142\/\" \/>\n<meta property=\"og:site_name\" content=\"Hlavn\u00ed kl\u00ed\u010dov\u00e1 slova\" \/>\n<meta property=\"og:image\" content=\"https:\/\/www.domstavpro.com\/wp-content\/uploads\/2026\/SK0030869-CZ20260425-092328-0-1777080210-1259082-1_080825.webp\" \/>\n\t<meta property=\"og:image:width\" content=\"530\" \/>\n\t<meta property=\"og:image:height\" content=\"530\" \/>\n\t<meta property=\"og:image:type\" content=\"image\/webp\" \/>\n<meta name=\"twitter:card\" content=\"summary_large_image\" \/>\n<meta name=\"twitter:label1\" content=\"Odhadovan\u00e1 doba \u010dten\u00ed\" \/>\n\t<meta name=\"twitter:data1\" content=\"2 minuty\" \/>\n<script type=\"application\/ld+json\" class=\"yoast-schema-graph\">{\"@context\":\"https:\/\/schema.org\",\"@graph\":[{\"@type\":\"WebPage\",\"@id\":\"https:\/\/www.domstavpro.com\/index.php\/produkt\/zlevneny-dewalt-dcs356e1t-bezuhlikove-oscilacni-naradi-18-v-xr-1-x-kompaktni-baterie-powerstack-23142\/\",\"url\":\"https:\/\/www.domstavpro.com\/index.php\/produkt\/zlevneny-dewalt-dcs356e1t-bezuhlikove-oscilacni-naradi-18-v-xr-1-x-kompaktni-baterie-powerstack-23142\/\",\"name\":\"Zlevn\u011bn\u00fd DeWALT DCS356E1T bezuhl\u00edkov\u00e9 oscila\u010dn\u00ed n\u00e1\u0159ad\u00ed 18 V XR, 1 X kompaktn\u00ed baterie POWERSTACK - Hlavn\u00ed kl\u00ed\u010dov\u00e1 slova\",\"isPartOf\":{\"@id\":\"https:\/\/www.domstavpro.com\/#website\"},\"primaryImageOfPage\":{\"@id\":\"https:\/\/www.domstavpro.com\/index.php\/produkt\/zlevneny-dewalt-dcs356e1t-bezuhlikove-oscilacni-naradi-18-v-xr-1-x-kompaktni-baterie-powerstack-23142\/#primaryimage\"},\"image\":{\"@id\":\"https:\/\/www.domstavpro.com\/index.php\/produkt\/zlevneny-dewalt-dcs356e1t-bezuhlikove-oscilacni-naradi-18-v-xr-1-x-kompaktni-baterie-powerstack-23142\/#primaryimage\"},\"thumbnailUrl\":\"https:\/\/www.domstavpro.com\/wp-content\/uploads\/2026\/SK0030869-CZ20260425-092328-0-1777080210-1259082-1_080825.webp\",\"datePublished\":\"2026-04-27T15:08:47+00:00\",\"breadcrumb\":{\"@id\":\"https:\/\/www.domstavpro.com\/index.php\/produkt\/zlevneny-dewalt-dcs356e1t-bezuhlikove-oscilacni-naradi-18-v-xr-1-x-kompaktni-baterie-powerstack-23142\/#breadcrumb\"},\"inLanguage\":\"cs\",\"potentialAction\":[{\"@type\":\"ReadAction\",\"target\":[\"https:\/\/www.domstavpro.com\/index.php\/produkt\/zlevneny-dewalt-dcs356e1t-bezuhlikove-oscilacni-naradi-18-v-xr-1-x-kompaktni-baterie-powerstack-23142\/\"]}]},{\"@type\":\"ImageObject\",\"inLanguage\":\"cs\",\"@id\":\"https:\/\/www.domstavpro.com\/index.php\/produkt\/zlevneny-dewalt-dcs356e1t-bezuhlikove-oscilacni-naradi-18-v-xr-1-x-kompaktni-baterie-powerstack-23142\/#primaryimage\",\"url\":\"https:\/\/www.domstavpro.com\/wp-content\/uploads\/2026\/SK0030869-CZ20260425-092328-0-1777080210-1259082-1_080825.webp\",\"contentUrl\":\"https:\/\/www.domstavpro.com\/wp-content\/uploads\/2026\/SK0030869-CZ20260425-092328-0-1777080210-1259082-1_080825.webp\",\"width\":530,\"height\":530},{\"@type\":\"BreadcrumbList\",\"@id\":\"https:\/\/www.domstavpro.com\/index.php\/produkt\/zlevneny-dewalt-dcs356e1t-bezuhlikove-oscilacni-naradi-18-v-xr-1-x-kompaktni-baterie-powerstack-23142\/#breadcrumb\",\"itemListElement\":[{\"@type\":\"ListItem\",\"position\":1,\"name\":\"Home\",\"item\":\"https:\/\/www.domstavpro.com\/\"},{\"@type\":\"ListItem\",\"position\":2,\"name\":\"Products\",\"item\":\"https:\/\/www.domstavpro.com\/products\/\"},{\"@type\":\"ListItem\",\"position\":3,\"name\":\"Zlevn\u011bn\u00fd DeWALT DCS356E1T bezuhl\u00edkov\u00e9 oscila\u010dn\u00ed n\u00e1\u0159ad\u00ed 18 V XR, 1 X kompaktn\u00ed baterie POWERSTACK\"}]},{\"@type\":\"WebSite\",\"@id\":\"https:\/\/www.domstavpro.com\/#website\",\"url\":\"https:\/\/www.domstavpro.com\/\",\"name\":\"Hlavn\u00ed kl\u00ed\u010dov\u00e1 slova\",\"description\":\"Hlavn\u00ed kl\u00ed\u010dov\u00e1 slova\",\"publisher\":{\"@id\":\"https:\/\/www.domstavpro.com\/#organization\"},\"potentialAction\":[{\"@type\":\"SearchAction\",\"target\":{\"@type\":\"EntryPoint\",\"urlTemplate\":\"https:\/\/www.domstavpro.com\/?s={search_term_string}\"},\"query-input\":{\"@type\":\"PropertyValueSpecification\",\"valueRequired\":true,\"valueName\":\"search_term_string\"}}],\"inLanguage\":\"cs\"},{\"@type\":\"Organization\",\"@id\":\"https:\/\/www.domstavpro.com\/#organization\",\"name\":\"Hlavn\u00ed kl\u00ed\u010dov\u00e1 slova\",\"url\":\"https:\/\/www.domstavpro.com\/\",\"logo\":{\"@type\":\"ImageObject\",\"inLanguage\":\"cs\",\"@id\":\"https:\/\/www.domstavpro.com\/#\/schema\/logo\/image\/\",\"url\":\"https:\/\/www.domstavpro.com\/wp-content\/uploads\/2026\/04\/domstavpro_vector_logo.svg\",\"contentUrl\":\"https:\/\/www.domstavpro.com\/wp-content\/uploads\/2026\/04\/domstavpro_vector_logo.svg\",\"width\":820,\"height\":180,\"caption\":\"Hlavn\u00ed kl\u00ed\u010dov\u00e1 slova\"},\"image\":{\"@id\":\"https:\/\/www.domstavpro.com\/#\/schema\/logo\/image\/\"}}]}<\/script>\n<!-- \/ Yoast SEO plugin. -->","yoast_head_json":{"title":"Zlevn\u011bn\u00fd DeWALT DCS356E1T bezuhl\u00edkov\u00e9 oscila\u010dn\u00ed n\u00e1\u0159ad\u00ed 18 V XR, 1 X kompaktn\u00ed baterie POWERSTACK - Hlavn\u00ed kl\u00ed\u010dov\u00e1 slova","robots":{"index":"index","follow":"follow","max-snippet":"max-snippet:-1","max-image-preview":"max-image-preview:large","max-video-preview":"max-video-preview:-1"},"canonical":"https:\/\/www.domstavpro.com\/index.php\/produkt\/zlevneny-dewalt-dcs356e1t-bezuhlikove-oscilacni-naradi-18-v-xr-1-x-kompaktni-baterie-powerstack-23142\/","og_locale":"cs_CZ","og_type":"article","og_title":"Zlevn\u011bn\u00fd DeWALT DCS356E1T bezuhl\u00edkov\u00e9 oscila\u010dn\u00ed n\u00e1\u0159ad\u00ed 18 V XR, 1 X kompaktn\u00ed baterie POWERSTACK - Hlavn\u00ed kl\u00ed\u010dov\u00e1 slova","og_description":"Adapt\u00e9r pro p\u0159ipojen\u00ed ods\u00e1v\u00e1n\u00ed p\u0159ipraven\u00fd pro syst\u00e9m AirLock nebo standardn\u00ed 35 mm35d\u00edln\u00e1 sada p\u0159\u00edslu\u0161enstv\u00ed pro podporu p\u0159i \u0159ez\u00e1n\u00ed a brou\u0161en\u00edVod\u00edtko pro regulaci hloubky p\u0159\u00edm\u00e9ho \u0159ezu zvy\u0161uje p\u0159esnost \u0159ez\u00e1n\u00ed p\u0159i detailn\u00ed pr\u00e1ciOscila\u010dn\u00ed multifunk\u010dn\u00ed n\u00e1\u0159ad\u00ed, kter\u00e9 je nap\u00e1jeno 18V XR bateri\u00ed a nab\u00edz\u00ed a\u017e 20 000 ot.\/min, dok\u00e1\u017ee prov\u00e1d\u011bt v\u00fdjime\u010dnou \u0161k\u00e1lu aplikac\u00ed \u0159ez\u00e1n\u00ed a brou\u0161en\u00ed.Nov\u00fd 3-stup\u0148ov\u00fd voli\u010d [&hellip;]","og_url":"https:\/\/www.domstavpro.com\/index.php\/produkt\/zlevneny-dewalt-dcs356e1t-bezuhlikove-oscilacni-naradi-18-v-xr-1-x-kompaktni-baterie-powerstack-23142\/","og_site_name":"Hlavn\u00ed kl\u00ed\u010dov\u00e1 slova","og_image":[{"width":530,"height":530,"url":"https:\/\/www.domstavpro.com\/wp-content\/uploads\/2026\/SK0030869-CZ20260425-092328-0-1777080210-1259082-1_080825.webp","type":"image\/webp"}],"twitter_card":"summary_large_image","twitter_misc":{"Odhadovan\u00e1 doba \u010dten\u00ed":"2 minuty"},"schema":{"@context":"https:\/\/schema.org","@graph":[{"@type":"WebPage","@id":"https:\/\/www.domstavpro.com\/index.php\/produkt\/zlevneny-dewalt-dcs356e1t-bezuhlikove-oscilacni-naradi-18-v-xr-1-x-kompaktni-baterie-powerstack-23142\/","url":"https:\/\/www.domstavpro.com\/index.php\/produkt\/zlevneny-dewalt-dcs356e1t-bezuhlikove-oscilacni-naradi-18-v-xr-1-x-kompaktni-baterie-powerstack-23142\/","name":"Zlevn\u011bn\u00fd DeWALT DCS356E1T bezuhl\u00edkov\u00e9 oscila\u010dn\u00ed n\u00e1\u0159ad\u00ed 18 V XR, 1 X kompaktn\u00ed baterie POWERSTACK - Hlavn\u00ed kl\u00ed\u010dov\u00e1 slova","isPartOf":{"@id":"https:\/\/www.domstavpro.com\/#website"},"primaryImageOfPage":{"@id":"https:\/\/www.domstavpro.com\/index.php\/produkt\/zlevneny-dewalt-dcs356e1t-bezuhlikove-oscilacni-naradi-18-v-xr-1-x-kompaktni-baterie-powerstack-23142\/#primaryimage"},"image":{"@id":"https:\/\/www.domstavpro.com\/index.php\/produkt\/zlevneny-dewalt-dcs356e1t-bezuhlikove-oscilacni-naradi-18-v-xr-1-x-kompaktni-baterie-powerstack-23142\/#primaryimage"},"thumbnailUrl":"https:\/\/www.domstavpro.com\/wp-content\/uploads\/2026\/SK0030869-CZ20260425-092328-0-1777080210-1259082-1_080825.webp","datePublished":"2026-04-27T15:08:47+00:00","breadcrumb":{"@id":"https:\/\/www.domstavpro.com\/index.php\/produkt\/zlevneny-dewalt-dcs356e1t-bezuhlikove-oscilacni-naradi-18-v-xr-1-x-kompaktni-baterie-powerstack-23142\/#breadcrumb"},"inLanguage":"cs","potentialAction":[{"@type":"ReadAction","target":["https:\/\/www.domstavpro.com\/index.php\/produkt\/zlevneny-dewalt-dcs356e1t-bezuhlikove-oscilacni-naradi-18-v-xr-1-x-kompaktni-baterie-powerstack-23142\/"]}]},{"@type":"ImageObject","inLanguage":"cs","@id":"https:\/\/www.domstavpro.com\/index.php\/produkt\/zlevneny-dewalt-dcs356e1t-bezuhlikove-oscilacni-naradi-18-v-xr-1-x-kompaktni-baterie-powerstack-23142\/#primaryimage","url":"https:\/\/www.domstavpro.com\/wp-content\/uploads\/2026\/SK0030869-CZ20260425-092328-0-1777080210-1259082-1_080825.webp","contentUrl":"https:\/\/www.domstavpro.com\/wp-content\/uploads\/2026\/SK0030869-CZ20260425-092328-0-1777080210-1259082-1_080825.webp","width":530,"height":530},{"@type":"BreadcrumbList","@id":"https:\/\/www.domstavpro.com\/index.php\/produkt\/zlevneny-dewalt-dcs356e1t-bezuhlikove-oscilacni-naradi-18-v-xr-1-x-kompaktni-baterie-powerstack-23142\/#breadcrumb","itemListElement":[{"@type":"ListItem","position":1,"name":"Home","item":"https:\/\/www.domstavpro.com\/"},{"@type":"ListItem","position":2,"name":"Products","item":"https:\/\/www.domstavpro.com\/products\/"},{"@type":"ListItem","position":3,"name":"Zlevn\u011bn\u00fd DeWALT DCS356E1T bezuhl\u00edkov\u00e9 oscila\u010dn\u00ed n\u00e1\u0159ad\u00ed 18 V XR, 1 X kompaktn\u00ed baterie POWERSTACK"}]},{"@type":"WebSite","@id":"https:\/\/www.domstavpro.com\/#website","url":"https:\/\/www.domstavpro.com\/","name":"Hlavn\u00ed kl\u00ed\u010dov\u00e1 slova","description":"Hlavn\u00ed kl\u00ed\u010dov\u00e1 slova","publisher":{"@id":"https:\/\/www.domstavpro.com\/#organization"},"potentialAction":[{"@type":"SearchAction","target":{"@type":"EntryPoint","urlTemplate":"https:\/\/www.domstavpro.com\/?s={search_term_string}"},"query-input":{"@type":"PropertyValueSpecification","valueRequired":true,"valueName":"search_term_string"}}],"inLanguage":"cs"},{"@type":"Organization","@id":"https:\/\/www.domstavpro.com\/#organization","name":"Hlavn\u00ed kl\u00ed\u010dov\u00e1 slova","url":"https:\/\/www.domstavpro.com\/","logo":{"@type":"ImageObject","inLanguage":"cs","@id":"https:\/\/www.domstavpro.com\/#\/schema\/logo\/image\/","url":"https:\/\/www.domstavpro.com\/wp-content\/uploads\/2026\/04\/domstavpro_vector_logo.svg","contentUrl":"https:\/\/www.domstavpro.com\/wp-content\/uploads\/2026\/04\/domstavpro_vector_logo.svg","width":820,"height":180,"caption":"Hlavn\u00ed kl\u00ed\u010dov\u00e1 slova"},"image":{"@id":"https:\/\/www.domstavpro.com\/#\/schema\/logo\/image\/"}}]}},"_links":{"self":[{"href":"https:\/\/www.domstavpro.com\/wp-json\/wp\/v2\/product\/23142","targetHints":{"allow":["GET"]}}],"collection":[{"href":"https:\/\/www.domstavpro.com\/wp-json\/wp\/v2\/product"}],"about":[{"href":"https:\/\/www.domstavpro.com\/wp-json\/wp\/v2\/types\/product"}],"wp:featuredmedia":[{"embeddable":true,"href":"https:\/\/www.domstavpro.com\/wp-json\/wp\/v2\/media\/23242"}],"wp:attachment":[{"href":"https:\/\/www.domstavpro.com\/wp-json\/wp\/v2\/media?parent=23142"}],"wp:term":[{"taxonomy":"product_brand","embeddable":true,"href":"https:\/\/www.domstavpro.com\/wp-json\/wp\/v2\/product_brand?post=23142"},{"taxonomy":"product_cat","embeddable":true,"href":"https:\/\/www.domstavpro.com\/wp-json\/wp\/v2\/product_cat?post=23142"},{"taxonomy":"product_tag","embeddable":true,"href":"https:\/\/www.domstavpro.com\/wp-json\/wp\/v2\/product_tag?post=23142"}],"curies":[{"name":"wp","href":"https:\/\/api.w.org\/{rel}","templated":true}]}}