{"id":22949,"date":"2026-04-27T15:08:47","date_gmt":"2026-04-27T15:08:47","guid":{"rendered":""},"modified":"2026-04-27T15:08:47","modified_gmt":"2026-04-27T15:08:47","slug":"znackovy-bosch-gcm-18v-216-d-solo-pokosova-pila-22949","status":"publish","type":"product","link":"https:\/\/www.domstavpro.com\/index.php\/produkt\/znackovy-bosch-gcm-18v-216-d-solo-pokosova-pila-22949\/","title":{"rendered":"Zna\u010dkov\u00fd Bosch GCM 18V-216 D solo pokosov\u00e1 pila"},"content":{"rendered":"<table>\n<div class=\"tab-pane active product-description\" id=\"popis\" role=\"tabpanel\">\n<div class=\"short-description\" itemprop=\"description\"><\/div>\n<div class=\"description\">\u27a4 bez akumul\u00e1toru a nab\u00edje\u010dky<span class='bullet-line'>Nov\u00fd standard v ot\u00e1zce ergonomie: mobiln\u00ed akumul\u00e1torov\u00e1 pokosov\u00e1 pila s \u0159eznou kapacitou 66 \u00d7 305 mm<br \/><\/span><span class='bullet-line'>\u0158ezn\u00fd v\u00fdkon jako u s\u00ed\u0165ov\u00e9ho n\u00e1\u0159ad\u00ed d\u00edky pohonu BITURBO Brushless<br \/><\/span><span class='bullet-line'>Snadn\u00e1 kontrola dlouh\u00fdch materi\u00e1l\u016f b\u011bhem \u0159ez\u00e1n\u00ed<br \/><\/span><span class='bullet-line'>Vy\u0161\u0161\u00ed pohodl\u00ed a flexibilita p\u0159i n\u00e1ro\u010dn\u00fdch \u0159ezech d\u00edky funkci oboustrann\u00e9ho n\u00e1klonu<br \/><\/span><br \/>\u27a4 Rozsah dod\u00e1vky<span class='bullet-line'>1\u00d7 kotou\u010d do okru\u017en\u00ed pily, Standard for Wood, 216 \u00d7 30 \u00d7 1,7 mm, 24<br \/><\/span>2 608 837 721<span class='bullet-line'>2\u00d7 podp\u011bra obrobku (s flexibiln\u00edm p\u0159ipojov\u00e1n\u00edm)<br \/><\/span>1 609 B07 675<span class='bullet-line'>S\u00e1\u010dek na prach<br \/><\/span>2 608 000 841<span class='bullet-line'>Up\u00ednac\u00ed svorka<br \/><\/span>1 609 B06 930<\/div>\n<div class=\"parameters\">\n<tr>\n<td>\u00darove\u0148 hluku<\/td>\n<td>\u00darove\u0148 hluku elektrick\u00e9ho n\u00e1\u0159ad\u00ed s hodnocen\u00edm A \u010din\u00ed typicky: hladina akustick\u00e9ho tlaku 93 dB(A), hladina akustick\u00e9ho v\u00fdkonu 107 dB(A). Nejistota K= 3 dB.<\/td>\n<\/tr>\n<tr>\n<td>Nap\u011bt\u00ed akumul\u00e1toru<\/td>\n<td>18,0 V<\/td>\n<\/tr>\n<tr>\n<td>Pr\u016fm\u011br pilov\u00e9ho kotou\u010de<\/td>\n<td>216 mm<\/td>\n<\/tr>\n<tr>\n<td>Hmotnost<\/td>\n<td>16,2 kg<\/td>\n<\/tr>\n<tr>\n<td>\u00darove\u0148 akustick\u00e9ho tlaku<\/td>\n<td>93 dB(A)<\/td>\n<\/tr>\n<tr>\n<td>\u00darove\u0148 akustick\u00e9ho v\u00fdkonu<\/td>\n<td>107 dB(A)<\/td>\n<\/tr>\n<tr>\n<td>Nep\u0159esnost K<\/td>\n<td>3 dB<\/td>\n<\/tr>\n<tr>\n<td>\u0158ezn\u00e1 kapacita 0\u00b0<\/td>\n<td>66 x 305 mm<\/td>\n<\/tr>\n<tr>\n<td>\u0158ezn\u00e1 kapacita 45\u00b0 pokos<\/td>\n<td>66 x 215 mm<\/td>\n<\/tr>\n<tr>\n<td>\u0158ezn\u00e1 kapacita 45\u00b0 sklon<\/td>\n<td>42 x 305 mm<\/td>\n<\/tr>\n<tr>\n<td>Nastaven\u00ed pokosov\u00e9ho \u00fahlu<\/td>\n<td>48 \u00b0 L \/ 48 \u00b0 P<\/td>\n<\/tr>\n<tr>\n<td>Nastaven\u00ed \u00fahlu sklonu<\/td>\n<td>47 \u00b0 L \/ 47 \u00b0 P<\/td>\n<\/tr>\n<tr>\n<td>Rozm\u011bry n\u00e1\u0159ad\u00ed (\u0161\u00ed\u0159ka \u00d7 d\u00e9lka \u00d7 v\u00fd\u0161ka)<\/td>\n<td>464 x 770 x 594 mm<\/td>\n<\/tr>\n<tr>\n<td>Volnob\u011b\u017en\u00e9 ot\u00e1\u010dky<\/td>\n<td>5.000 ot\/min<\/td>\n<\/tr>\n<tr>\n<td>\u00d8 otvoru pilov\u00e9ho kotou\u010de<\/td>\n<td>30 mm<\/td>\n<\/tr>\n<tr>\n<td>Podsekce kategorie produkt\u016f<\/td>\n<td>Akumul\u00e1torov\u00e1 pokosov\u00e1 pila BITURBO<\/td>\n<\/tr><\/div>\n<\/table>\n","protected":false},"excerpt":{"rendered":"<p>\u27a4 bez akumul\u00e1toru a nab\u00edje\u010dkyNov\u00fd standard v ot\u00e1zce ergonomie: mobiln\u00ed akumul\u00e1torov\u00e1 pokosov\u00e1 pila s \u0159eznou kapacitou 66 \u00d7 305 mm\u0158ezn\u00fd v\u00fdkon jako u s\u00ed\u0165ov\u00e9ho n\u00e1\u0159ad\u00ed d\u00edky pohonu BITURBO BrushlessSnadn\u00e1 kontrola dlouh\u00fdch materi\u00e1l\u016f b\u011bhem \u0159ez\u00e1n\u00edVy\u0161\u0161\u00ed pohodl\u00ed a flexibilita p\u0159i n\u00e1ro\u010dn\u00fdch \u0159ezech d\u00edky funkci oboustrann\u00e9ho n\u00e1klonu\u27a4 Rozsah dod\u00e1vky1\u00d7 kotou\u010d do okru\u017en\u00ed pily, Standard for Wood, 216 \u00d7 [&hellip;]<\/p>\n","protected":false},"featured_media":23049,"comment_status":"open","ping_status":"open","template":"","meta":[],"product_brand":[],"product_cat":[38],"product_tag":[],"class_list":{"0":"post-22949","1":"product","2":"type-product","3":"status-publish","4":"has-post-thumbnail","6":"product_cat-naradi","8":"first","9":"instock","10":"sale","11":"shipping-taxable","12":"purchasable","13":"product-type-simple"},"yoast_head":"<!-- This site is optimized with the Yoast SEO plugin v26.8 - https:\/\/yoast.com\/product\/yoast-seo-wordpress\/ -->\n<title>Zna\u010dkov\u00fd Bosch GCM 18V-216 D solo pokosov\u00e1 pila -<\/title>\n<meta name=\"robots\" content=\"index, follow, max-snippet:-1, max-image-preview:large, max-video-preview:-1\" \/>\n<link rel=\"canonical\" href=\"https:\/\/www.domstavpro.com\/index.php\/produkt\/znackovy-bosch-gcm-18v-216-d-solo-pokosova-pila-22949\/\" \/>\n<meta property=\"og:locale\" content=\"cs_CZ\" \/>\n<meta property=\"og:type\" content=\"article\" \/>\n<meta property=\"og:title\" content=\"Zna\u010dkov\u00fd Bosch GCM 18V-216 D solo pokosov\u00e1 pila -\" \/>\n<meta property=\"og:description\" content=\"\u27a4 bez akumul\u00e1toru a nab\u00edje\u010dkyNov\u00fd standard v ot\u00e1zce ergonomie: mobiln\u00ed akumul\u00e1torov\u00e1 pokosov\u00e1 pila s \u0159eznou kapacitou 66 \u00d7 305 mm\u0158ezn\u00fd v\u00fdkon jako u s\u00ed\u0165ov\u00e9ho n\u00e1\u0159ad\u00ed d\u00edky pohonu BITURBO BrushlessSnadn\u00e1 kontrola dlouh\u00fdch materi\u00e1l\u016f b\u011bhem \u0159ez\u00e1n\u00edVy\u0161\u0161\u00ed pohodl\u00ed a flexibilita p\u0159i n\u00e1ro\u010dn\u00fdch \u0159ezech d\u00edky funkci oboustrann\u00e9ho n\u00e1klonu\u27a4 Rozsah dod\u00e1vky1\u00d7 kotou\u010d do okru\u017en\u00ed pily, Standard for Wood, 216 \u00d7 [&hellip;]\" \/>\n<meta property=\"og:url\" content=\"https:\/\/www.domstavpro.com\/index.php\/produkt\/znackovy-bosch-gcm-18v-216-d-solo-pokosova-pila-22949\/\" \/>\n<meta property=\"og:image\" content=\"https:\/\/www.domstavpro.com\/wp-content\/uploads\/2026\/SK0030775-CZ20260425-092328-0-1777080210-1258978-1_134417.webp\" \/>\n\t<meta property=\"og:image:width\" content=\"800\" \/>\n\t<meta property=\"og:image:height\" content=\"800\" \/>\n\t<meta property=\"og:image:type\" content=\"image\/webp\" \/>\n<meta name=\"twitter:card\" content=\"summary_large_image\" \/>\n<meta name=\"twitter:label1\" content=\"Odhadovan\u00e1 doba \u010dten\u00ed\" \/>\n\t<meta name=\"twitter:data1\" content=\"1 minuta\" \/>\n<script type=\"application\/ld+json\" class=\"yoast-schema-graph\">{\"@context\":\"https:\/\/schema.org\",\"@graph\":[{\"@type\":\"WebPage\",\"@id\":\"https:\/\/www.domstavpro.com\/index.php\/produkt\/znackovy-bosch-gcm-18v-216-d-solo-pokosova-pila-22949\/\",\"url\":\"https:\/\/www.domstavpro.com\/index.php\/produkt\/znackovy-bosch-gcm-18v-216-d-solo-pokosova-pila-22949\/\",\"name\":\"Zna\u010dkov\u00fd Bosch GCM 18V-216 D solo pokosov\u00e1 pila -\",\"isPartOf\":{\"@id\":\"https:\/\/www.domstavpro.com\/#website\"},\"primaryImageOfPage\":{\"@id\":\"https:\/\/www.domstavpro.com\/index.php\/produkt\/znackovy-bosch-gcm-18v-216-d-solo-pokosova-pila-22949\/#primaryimage\"},\"image\":{\"@id\":\"https:\/\/www.domstavpro.com\/index.php\/produkt\/znackovy-bosch-gcm-18v-216-d-solo-pokosova-pila-22949\/#primaryimage\"},\"thumbnailUrl\":\"https:\/\/www.domstavpro.com\/wp-content\/uploads\/2026\/SK0030775-CZ20260425-092328-0-1777080210-1258978-1_134417.webp\",\"datePublished\":\"2026-04-27T15:08:47+00:00\",\"breadcrumb\":{\"@id\":\"https:\/\/www.domstavpro.com\/index.php\/produkt\/znackovy-bosch-gcm-18v-216-d-solo-pokosova-pila-22949\/#breadcrumb\"},\"inLanguage\":\"cs\",\"potentialAction\":[{\"@type\":\"ReadAction\",\"target\":[\"https:\/\/www.domstavpro.com\/index.php\/produkt\/znackovy-bosch-gcm-18v-216-d-solo-pokosova-pila-22949\/\"]}]},{\"@type\":\"ImageObject\",\"inLanguage\":\"cs\",\"@id\":\"https:\/\/www.domstavpro.com\/index.php\/produkt\/znackovy-bosch-gcm-18v-216-d-solo-pokosova-pila-22949\/#primaryimage\",\"url\":\"https:\/\/www.domstavpro.com\/wp-content\/uploads\/2026\/SK0030775-CZ20260425-092328-0-1777080210-1258978-1_134417.webp\",\"contentUrl\":\"https:\/\/www.domstavpro.com\/wp-content\/uploads\/2026\/SK0030775-CZ20260425-092328-0-1777080210-1258978-1_134417.webp\",\"width\":800,\"height\":800},{\"@type\":\"BreadcrumbList\",\"@id\":\"https:\/\/www.domstavpro.com\/index.php\/produkt\/znackovy-bosch-gcm-18v-216-d-solo-pokosova-pila-22949\/#breadcrumb\",\"itemListElement\":[{\"@type\":\"ListItem\",\"position\":1,\"name\":\"Home\",\"item\":\"https:\/\/www.domstavpro.com\/\"},{\"@type\":\"ListItem\",\"position\":2,\"name\":\"Products\",\"item\":\"https:\/\/www.domstavpro.com\/index.php\/products\/\"},{\"@type\":\"ListItem\",\"position\":3,\"name\":\"Zna\u010dkov\u00fd Bosch GCM 18V-216 D solo pokosov\u00e1 pila\"}]},{\"@type\":\"WebSite\",\"@id\":\"https:\/\/www.domstavpro.com\/#website\",\"url\":\"https:\/\/www.domstavpro.com\/\",\"name\":\"\",\"description\":\"\",\"potentialAction\":[{\"@type\":\"SearchAction\",\"target\":{\"@type\":\"EntryPoint\",\"urlTemplate\":\"https:\/\/www.domstavpro.com\/?s={search_term_string}\"},\"query-input\":{\"@type\":\"PropertyValueSpecification\",\"valueRequired\":true,\"valueName\":\"search_term_string\"}}],\"inLanguage\":\"cs\"}]}<\/script>\n<!-- \/ Yoast SEO plugin. -->","yoast_head_json":{"title":"Zna\u010dkov\u00fd Bosch GCM 18V-216 D solo pokosov\u00e1 pila -","robots":{"index":"index","follow":"follow","max-snippet":"max-snippet:-1","max-image-preview":"max-image-preview:large","max-video-preview":"max-video-preview:-1"},"canonical":"https:\/\/www.domstavpro.com\/index.php\/produkt\/znackovy-bosch-gcm-18v-216-d-solo-pokosova-pila-22949\/","og_locale":"cs_CZ","og_type":"article","og_title":"Zna\u010dkov\u00fd Bosch GCM 18V-216 D solo pokosov\u00e1 pila -","og_description":"\u27a4 bez akumul\u00e1toru a nab\u00edje\u010dkyNov\u00fd standard v ot\u00e1zce ergonomie: mobiln\u00ed akumul\u00e1torov\u00e1 pokosov\u00e1 pila s \u0159eznou kapacitou 66 \u00d7 305 mm\u0158ezn\u00fd v\u00fdkon jako u s\u00ed\u0165ov\u00e9ho n\u00e1\u0159ad\u00ed d\u00edky pohonu BITURBO BrushlessSnadn\u00e1 kontrola dlouh\u00fdch materi\u00e1l\u016f b\u011bhem \u0159ez\u00e1n\u00edVy\u0161\u0161\u00ed pohodl\u00ed a flexibilita p\u0159i n\u00e1ro\u010dn\u00fdch \u0159ezech d\u00edky funkci oboustrann\u00e9ho n\u00e1klonu\u27a4 Rozsah dod\u00e1vky1\u00d7 kotou\u010d do okru\u017en\u00ed pily, Standard for Wood, 216 \u00d7 [&hellip;]","og_url":"https:\/\/www.domstavpro.com\/index.php\/produkt\/znackovy-bosch-gcm-18v-216-d-solo-pokosova-pila-22949\/","og_image":[{"width":800,"height":800,"url":"https:\/\/www.domstavpro.com\/wp-content\/uploads\/2026\/SK0030775-CZ20260425-092328-0-1777080210-1258978-1_134417.webp","type":"image\/webp"}],"twitter_card":"summary_large_image","twitter_misc":{"Odhadovan\u00e1 doba \u010dten\u00ed":"1 minuta"},"schema":{"@context":"https:\/\/schema.org","@graph":[{"@type":"WebPage","@id":"https:\/\/www.domstavpro.com\/index.php\/produkt\/znackovy-bosch-gcm-18v-216-d-solo-pokosova-pila-22949\/","url":"https:\/\/www.domstavpro.com\/index.php\/produkt\/znackovy-bosch-gcm-18v-216-d-solo-pokosova-pila-22949\/","name":"Zna\u010dkov\u00fd Bosch GCM 18V-216 D solo pokosov\u00e1 pila -","isPartOf":{"@id":"https:\/\/www.domstavpro.com\/#website"},"primaryImageOfPage":{"@id":"https:\/\/www.domstavpro.com\/index.php\/produkt\/znackovy-bosch-gcm-18v-216-d-solo-pokosova-pila-22949\/#primaryimage"},"image":{"@id":"https:\/\/www.domstavpro.com\/index.php\/produkt\/znackovy-bosch-gcm-18v-216-d-solo-pokosova-pila-22949\/#primaryimage"},"thumbnailUrl":"https:\/\/www.domstavpro.com\/wp-content\/uploads\/2026\/SK0030775-CZ20260425-092328-0-1777080210-1258978-1_134417.webp","datePublished":"2026-04-27T15:08:47+00:00","breadcrumb":{"@id":"https:\/\/www.domstavpro.com\/index.php\/produkt\/znackovy-bosch-gcm-18v-216-d-solo-pokosova-pila-22949\/#breadcrumb"},"inLanguage":"cs","potentialAction":[{"@type":"ReadAction","target":["https:\/\/www.domstavpro.com\/index.php\/produkt\/znackovy-bosch-gcm-18v-216-d-solo-pokosova-pila-22949\/"]}]},{"@type":"ImageObject","inLanguage":"cs","@id":"https:\/\/www.domstavpro.com\/index.php\/produkt\/znackovy-bosch-gcm-18v-216-d-solo-pokosova-pila-22949\/#primaryimage","url":"https:\/\/www.domstavpro.com\/wp-content\/uploads\/2026\/SK0030775-CZ20260425-092328-0-1777080210-1258978-1_134417.webp","contentUrl":"https:\/\/www.domstavpro.com\/wp-content\/uploads\/2026\/SK0030775-CZ20260425-092328-0-1777080210-1258978-1_134417.webp","width":800,"height":800},{"@type":"BreadcrumbList","@id":"https:\/\/www.domstavpro.com\/index.php\/produkt\/znackovy-bosch-gcm-18v-216-d-solo-pokosova-pila-22949\/#breadcrumb","itemListElement":[{"@type":"ListItem","position":1,"name":"Home","item":"https:\/\/www.domstavpro.com\/"},{"@type":"ListItem","position":2,"name":"Products","item":"https:\/\/www.domstavpro.com\/index.php\/products\/"},{"@type":"ListItem","position":3,"name":"Zna\u010dkov\u00fd Bosch GCM 18V-216 D solo pokosov\u00e1 pila"}]},{"@type":"WebSite","@id":"https:\/\/www.domstavpro.com\/#website","url":"https:\/\/www.domstavpro.com\/","name":"","description":"","potentialAction":[{"@type":"SearchAction","target":{"@type":"EntryPoint","urlTemplate":"https:\/\/www.domstavpro.com\/?s={search_term_string}"},"query-input":{"@type":"PropertyValueSpecification","valueRequired":true,"valueName":"search_term_string"}}],"inLanguage":"cs"}]}},"_links":{"self":[{"href":"https:\/\/www.domstavpro.com\/index.php\/wp-json\/wp\/v2\/product\/22949","targetHints":{"allow":["GET"]}}],"collection":[{"href":"https:\/\/www.domstavpro.com\/index.php\/wp-json\/wp\/v2\/product"}],"about":[{"href":"https:\/\/www.domstavpro.com\/index.php\/wp-json\/wp\/v2\/types\/product"}],"replies":[{"embeddable":true,"href":"https:\/\/www.domstavpro.com\/index.php\/wp-json\/wp\/v2\/comments?post=22949"}],"wp:featuredmedia":[{"embeddable":true,"href":"https:\/\/www.domstavpro.com\/index.php\/wp-json\/wp\/v2\/media\/23049"}],"wp:attachment":[{"href":"https:\/\/www.domstavpro.com\/index.php\/wp-json\/wp\/v2\/media?parent=22949"}],"wp:term":[{"taxonomy":"product_brand","embeddable":true,"href":"https:\/\/www.domstavpro.com\/index.php\/wp-json\/wp\/v2\/product_brand?post=22949"},{"taxonomy":"product_cat","embeddable":true,"href":"https:\/\/www.domstavpro.com\/index.php\/wp-json\/wp\/v2\/product_cat?post=22949"},{"taxonomy":"product_tag","embeddable":true,"href":"https:\/\/www.domstavpro.com\/index.php\/wp-json\/wp\/v2\/product_tag?post=22949"}],"curies":[{"name":"wp","href":"https:\/\/api.w.org\/{rel}","templated":true}]}}