{"id":22895,"date":"2026-04-27T15:08:47","date_gmt":"2026-04-27T15:08:47","guid":{"rendered":""},"modified":"2026-04-27T15:08:47","modified_gmt":"2026-04-27T15:08:47","slug":"dewalt-dcmpw1600n-18v-tlakova-mycka-bez-aku-a-nabijecky-novinka-22895","status":"publish","type":"product","link":"https:\/\/www.domstavpro.com\/index.php\/produkt\/dewalt-dcmpw1600n-18v-tlakova-mycka-bez-aku-a-nabijecky-novinka-22895\/","title":{"rendered":"DeWALT DCMPW1600N 18V tlakov\u00e1 my\u010dka,  bez aku a nab\u00edje\u010dky Novinka"},"content":{"rendered":"<table>\n<div class=\"tab-pane active product-description\" id=\"popis\" role=\"tabpanel\">\n<div class=\"short-description\" itemprop=\"description\"><\/div>\n<div class=\"description\"><span class='bullet-line'>Zcela bez\u0161\u0148\u016frov\u00fd \u010distic\u00ed roztok \u2013 nen\u00ed nutn\u00fd p\u0159\u00edstup k nap\u00e1jen\u00ed ani k vodovodn\u00ed s\u00edti. <br \/><\/span><span class='bullet-line'>Nap\u00e1jen\u00ed 2 x 18V XR bateriemi, samonas\u00e1vac\u00ed funkce<br \/><\/span><span class='bullet-line'>Vhodn\u00e9 pro \u010di\u0161t\u011bn\u00ed n\u00e1\u0159ad\u00ed, vozidel a \u010di\u0161t\u011bn\u00ed staveni\u0161t\u011b.<br \/><\/span><span class='bullet-line'>Bezkart\u00e1\u010dov\u00fd motor poskytuje del\u0161\u00ed dobu chodu a odolnost.<br \/><\/span><span class='bullet-line'>Hlin\u00edkov\u00e9 \u010derpadlo \u2013 Vysoce odoln\u00e9 a odoln\u00e9 pro dlouhou \u017eivotnost produktu.<br \/><\/span><span class='bullet-line'>3 re\u017eimy tlaku: N\u00edzk\u00fd (70 Bar), Vysok\u00fd (85 Bar), Boost (110 Bar).<br \/><\/span><span class='bullet-line'>Palubn\u00ed \u00falo\u017ei\u0161t\u011b p\u0159\u00edslu\u0161enstv\u00ed \u2013 Rychl\u00fd a snadn\u00fd p\u0159\u00edstup, men\u0161\u00ed \u0161ance na ztr\u00e1tu je.<br \/><\/span><span class='bullet-line'>Konstrukce rolovac\u00ed klece je vysoce odoln\u00e1 a chr\u00e1n\u00ed stroj p\u0159ed n\u00e1razy a n\u00e1razy na m\u00edst\u011b, usnad\u0148uje tak\u00e9 zved\u00e1n\u00ed a p\u0159en\u00e1\u0161en\u00ed.<br \/><\/span><span class='bullet-line'>Teleskopick\u00e1 rukoje\u0165 \u2013 Pro snadnou p\u0159epravu a skladov\u00e1n\u00ed. <br \/><\/span><span class='bullet-line'>A\u017e 63 minut provozu* (*na jedno nabit\u00ed pomoc\u00ed dvou bateri\u00ed DEWALT DCB548 XR FLEXVOLT 12Ah v re\u017eimu Low s turbo hubic\u00ed)<br \/><\/span><span class='bullet-line'>N Verze dod\u00e1v\u00e1na jako hol\u00e1 jednotka v kartonu (bez bateri\u00ed nebo nab\u00edje\u010dky sou\u010d\u00e1st\u00ed balen\u00ed).<br \/><\/span><br \/>\u27a4 Zahrnuje<span class='bullet-line'>Vysokotlak\u00e1 hadice (6m)<br \/><\/span><span class='bullet-line'>P\u011bnov\u00e1 l\u00e1hev 0,6L<br \/><\/span><span class='bullet-line'>Sada samonas\u00e1vac\u00ed hadice (3 m)<br \/><\/span><span class='bullet-line'>Turbo\/rotuj\u00edc\u00ed tryska<br \/><\/span><span class='bullet-line'>Nastaviteln\u00e1 tryska (tu\u017eka\/ventil\u00e1tor).<br \/><\/span><span class='bullet-line'>Filtr p\u0159\u00edvodu vody<br \/><\/span><span class='bullet-line'>Univerz\u00e1ln\u00ed adapt\u00e9r na zahradn\u00ed hadici<br \/><\/span><span class='bullet-line'>\u010cistic\u00ed kol\u00edk trysky<\/span><\/div>\n<div class=\"parameters\">\n<tr>\n<td>max pr\u016ftok vody<\/td>\n<td>4.6 l\/min<\/td>\n<\/tr><\/div>\n<\/table>\n","protected":false},"excerpt":{"rendered":"<p>Zcela bez\u0161\u0148\u016frov\u00fd \u010distic\u00ed roztok \u2013 nen\u00ed nutn\u00fd p\u0159\u00edstup k nap\u00e1jen\u00ed ani k vodovodn\u00ed s\u00edti. Nap\u00e1jen\u00ed 2 x 18V XR bateriemi, samonas\u00e1vac\u00ed funkceVhodn\u00e9 pro \u010di\u0161t\u011bn\u00ed n\u00e1\u0159ad\u00ed, vozidel a \u010di\u0161t\u011bn\u00ed staveni\u0161t\u011b.Bezkart\u00e1\u010dov\u00fd motor poskytuje del\u0161\u00ed dobu chodu a odolnost.Hlin\u00edkov\u00e9 \u010derpadlo \u2013 Vysoce odoln\u00e9 a odoln\u00e9 pro dlouhou \u017eivotnost produktu.3 re\u017eimy tlaku: N\u00edzk\u00fd (70 Bar), Vysok\u00fd (85 Bar), Boost [&hellip;]<\/p>\n","protected":false},"featured_media":22995,"comment_status":"open","ping_status":"open","template":"","meta":[],"product_brand":[],"product_cat":[44],"product_tag":[],"class_list":{"0":"post-22895","1":"product","2":"type-product","3":"status-publish","4":"has-post-thumbnail","6":"product_cat-cistici-technika","8":"first","9":"instock","10":"sale","11":"shipping-taxable","12":"purchasable","13":"product-type-simple"},"yoast_head":"<!-- This site is optimized with the Yoast SEO plugin v26.8 - https:\/\/yoast.com\/product\/yoast-seo-wordpress\/ -->\n<title>DeWALT DCMPW1600N 18V tlakov\u00e1 my\u010dka, bez aku a nab\u00edje\u010dky Novinka -<\/title>\n<meta name=\"robots\" content=\"index, follow, max-snippet:-1, max-image-preview:large, max-video-preview:-1\" \/>\n<link rel=\"canonical\" href=\"https:\/\/www.domstavpro.com\/index.php\/produkt\/dewalt-dcmpw1600n-18v-tlakova-mycka-bez-aku-a-nabijecky-novinka-22895\/\" \/>\n<meta property=\"og:locale\" content=\"cs_CZ\" \/>\n<meta property=\"og:type\" content=\"article\" \/>\n<meta property=\"og:title\" content=\"DeWALT DCMPW1600N 18V tlakov\u00e1 my\u010dka, bez aku a nab\u00edje\u010dky Novinka -\" \/>\n<meta property=\"og:description\" content=\"Zcela bez\u0161\u0148\u016frov\u00fd \u010distic\u00ed roztok \u2013 nen\u00ed nutn\u00fd p\u0159\u00edstup k nap\u00e1jen\u00ed ani k vodovodn\u00ed s\u00edti. Nap\u00e1jen\u00ed 2 x 18V XR bateriemi, samonas\u00e1vac\u00ed funkceVhodn\u00e9 pro \u010di\u0161t\u011bn\u00ed n\u00e1\u0159ad\u00ed, vozidel a \u010di\u0161t\u011bn\u00ed staveni\u0161t\u011b.Bezkart\u00e1\u010dov\u00fd motor poskytuje del\u0161\u00ed dobu chodu a odolnost.Hlin\u00edkov\u00e9 \u010derpadlo \u2013 Vysoce odoln\u00e9 a odoln\u00e9 pro dlouhou \u017eivotnost produktu.3 re\u017eimy tlaku: N\u00edzk\u00fd (70 Bar), Vysok\u00fd (85 Bar), Boost [&hellip;]\" \/>\n<meta property=\"og:url\" content=\"https:\/\/www.domstavpro.com\/index.php\/produkt\/dewalt-dcmpw1600n-18v-tlakova-mycka-bez-aku-a-nabijecky-novinka-22895\/\" \/>\n<meta property=\"og:image\" content=\"https:\/\/www.domstavpro.com\/wp-content\/uploads\/2026\/SK0030717-CZ20260425-092328-0-1777080210-1258909-1_152616.webp\" \/>\n\t<meta property=\"og:image:width\" content=\"530\" \/>\n\t<meta property=\"og:image:height\" content=\"530\" \/>\n\t<meta property=\"og:image:type\" content=\"image\/webp\" \/>\n<meta name=\"twitter:card\" content=\"summary_large_image\" \/>\n<meta name=\"twitter:label1\" content=\"Odhadovan\u00e1 doba \u010dten\u00ed\" \/>\n\t<meta name=\"twitter:data1\" content=\"1 minuta\" \/>\n<script type=\"application\/ld+json\" class=\"yoast-schema-graph\">{\"@context\":\"https:\/\/schema.org\",\"@graph\":[{\"@type\":\"WebPage\",\"@id\":\"https:\/\/www.domstavpro.com\/index.php\/produkt\/dewalt-dcmpw1600n-18v-tlakova-mycka-bez-aku-a-nabijecky-novinka-22895\/\",\"url\":\"https:\/\/www.domstavpro.com\/index.php\/produkt\/dewalt-dcmpw1600n-18v-tlakova-mycka-bez-aku-a-nabijecky-novinka-22895\/\",\"name\":\"DeWALT DCMPW1600N 18V tlakov\u00e1 my\u010dka, bez aku a nab\u00edje\u010dky Novinka -\",\"isPartOf\":{\"@id\":\"https:\/\/www.domstavpro.com\/#website\"},\"primaryImageOfPage\":{\"@id\":\"https:\/\/www.domstavpro.com\/index.php\/produkt\/dewalt-dcmpw1600n-18v-tlakova-mycka-bez-aku-a-nabijecky-novinka-22895\/#primaryimage\"},\"image\":{\"@id\":\"https:\/\/www.domstavpro.com\/index.php\/produkt\/dewalt-dcmpw1600n-18v-tlakova-mycka-bez-aku-a-nabijecky-novinka-22895\/#primaryimage\"},\"thumbnailUrl\":\"https:\/\/www.domstavpro.com\/wp-content\/uploads\/2026\/SK0030717-CZ20260425-092328-0-1777080210-1258909-1_152616.webp\",\"datePublished\":\"2026-04-27T15:08:47+00:00\",\"breadcrumb\":{\"@id\":\"https:\/\/www.domstavpro.com\/index.php\/produkt\/dewalt-dcmpw1600n-18v-tlakova-mycka-bez-aku-a-nabijecky-novinka-22895\/#breadcrumb\"},\"inLanguage\":\"cs\",\"potentialAction\":[{\"@type\":\"ReadAction\",\"target\":[\"https:\/\/www.domstavpro.com\/index.php\/produkt\/dewalt-dcmpw1600n-18v-tlakova-mycka-bez-aku-a-nabijecky-novinka-22895\/\"]}]},{\"@type\":\"ImageObject\",\"inLanguage\":\"cs\",\"@id\":\"https:\/\/www.domstavpro.com\/index.php\/produkt\/dewalt-dcmpw1600n-18v-tlakova-mycka-bez-aku-a-nabijecky-novinka-22895\/#primaryimage\",\"url\":\"https:\/\/www.domstavpro.com\/wp-content\/uploads\/2026\/SK0030717-CZ20260425-092328-0-1777080210-1258909-1_152616.webp\",\"contentUrl\":\"https:\/\/www.domstavpro.com\/wp-content\/uploads\/2026\/SK0030717-CZ20260425-092328-0-1777080210-1258909-1_152616.webp\",\"width\":530,\"height\":530},{\"@type\":\"BreadcrumbList\",\"@id\":\"https:\/\/www.domstavpro.com\/index.php\/produkt\/dewalt-dcmpw1600n-18v-tlakova-mycka-bez-aku-a-nabijecky-novinka-22895\/#breadcrumb\",\"itemListElement\":[{\"@type\":\"ListItem\",\"position\":1,\"name\":\"Home\",\"item\":\"https:\/\/www.domstavpro.com\/\"},{\"@type\":\"ListItem\",\"position\":2,\"name\":\"Products\",\"item\":\"https:\/\/www.domstavpro.com\/index.php\/products\/\"},{\"@type\":\"ListItem\",\"position\":3,\"name\":\"DeWALT DCMPW1600N 18V tlakov\u00e1 my\u010dka, bez aku a nab\u00edje\u010dky Novinka\"}]},{\"@type\":\"WebSite\",\"@id\":\"https:\/\/www.domstavpro.com\/#website\",\"url\":\"https:\/\/www.domstavpro.com\/\",\"name\":\"\",\"description\":\"\",\"potentialAction\":[{\"@type\":\"SearchAction\",\"target\":{\"@type\":\"EntryPoint\",\"urlTemplate\":\"https:\/\/www.domstavpro.com\/?s={search_term_string}\"},\"query-input\":{\"@type\":\"PropertyValueSpecification\",\"valueRequired\":true,\"valueName\":\"search_term_string\"}}],\"inLanguage\":\"cs\"}]}<\/script>\n<!-- \/ Yoast SEO plugin. -->","yoast_head_json":{"title":"DeWALT DCMPW1600N 18V tlakov\u00e1 my\u010dka, bez aku a nab\u00edje\u010dky Novinka -","robots":{"index":"index","follow":"follow","max-snippet":"max-snippet:-1","max-image-preview":"max-image-preview:large","max-video-preview":"max-video-preview:-1"},"canonical":"https:\/\/www.domstavpro.com\/index.php\/produkt\/dewalt-dcmpw1600n-18v-tlakova-mycka-bez-aku-a-nabijecky-novinka-22895\/","og_locale":"cs_CZ","og_type":"article","og_title":"DeWALT DCMPW1600N 18V tlakov\u00e1 my\u010dka, bez aku a nab\u00edje\u010dky Novinka -","og_description":"Zcela bez\u0161\u0148\u016frov\u00fd \u010distic\u00ed roztok \u2013 nen\u00ed nutn\u00fd p\u0159\u00edstup k nap\u00e1jen\u00ed ani k vodovodn\u00ed s\u00edti. Nap\u00e1jen\u00ed 2 x 18V XR bateriemi, samonas\u00e1vac\u00ed funkceVhodn\u00e9 pro \u010di\u0161t\u011bn\u00ed n\u00e1\u0159ad\u00ed, vozidel a \u010di\u0161t\u011bn\u00ed staveni\u0161t\u011b.Bezkart\u00e1\u010dov\u00fd motor poskytuje del\u0161\u00ed dobu chodu a odolnost.Hlin\u00edkov\u00e9 \u010derpadlo \u2013 Vysoce odoln\u00e9 a odoln\u00e9 pro dlouhou \u017eivotnost produktu.3 re\u017eimy tlaku: N\u00edzk\u00fd (70 Bar), Vysok\u00fd (85 Bar), Boost [&hellip;]","og_url":"https:\/\/www.domstavpro.com\/index.php\/produkt\/dewalt-dcmpw1600n-18v-tlakova-mycka-bez-aku-a-nabijecky-novinka-22895\/","og_image":[{"width":530,"height":530,"url":"https:\/\/www.domstavpro.com\/wp-content\/uploads\/2026\/SK0030717-CZ20260425-092328-0-1777080210-1258909-1_152616.webp","type":"image\/webp"}],"twitter_card":"summary_large_image","twitter_misc":{"Odhadovan\u00e1 doba \u010dten\u00ed":"1 minuta"},"schema":{"@context":"https:\/\/schema.org","@graph":[{"@type":"WebPage","@id":"https:\/\/www.domstavpro.com\/index.php\/produkt\/dewalt-dcmpw1600n-18v-tlakova-mycka-bez-aku-a-nabijecky-novinka-22895\/","url":"https:\/\/www.domstavpro.com\/index.php\/produkt\/dewalt-dcmpw1600n-18v-tlakova-mycka-bez-aku-a-nabijecky-novinka-22895\/","name":"DeWALT DCMPW1600N 18V tlakov\u00e1 my\u010dka, bez aku a nab\u00edje\u010dky Novinka -","isPartOf":{"@id":"https:\/\/www.domstavpro.com\/#website"},"primaryImageOfPage":{"@id":"https:\/\/www.domstavpro.com\/index.php\/produkt\/dewalt-dcmpw1600n-18v-tlakova-mycka-bez-aku-a-nabijecky-novinka-22895\/#primaryimage"},"image":{"@id":"https:\/\/www.domstavpro.com\/index.php\/produkt\/dewalt-dcmpw1600n-18v-tlakova-mycka-bez-aku-a-nabijecky-novinka-22895\/#primaryimage"},"thumbnailUrl":"https:\/\/www.domstavpro.com\/wp-content\/uploads\/2026\/SK0030717-CZ20260425-092328-0-1777080210-1258909-1_152616.webp","datePublished":"2026-04-27T15:08:47+00:00","breadcrumb":{"@id":"https:\/\/www.domstavpro.com\/index.php\/produkt\/dewalt-dcmpw1600n-18v-tlakova-mycka-bez-aku-a-nabijecky-novinka-22895\/#breadcrumb"},"inLanguage":"cs","potentialAction":[{"@type":"ReadAction","target":["https:\/\/www.domstavpro.com\/index.php\/produkt\/dewalt-dcmpw1600n-18v-tlakova-mycka-bez-aku-a-nabijecky-novinka-22895\/"]}]},{"@type":"ImageObject","inLanguage":"cs","@id":"https:\/\/www.domstavpro.com\/index.php\/produkt\/dewalt-dcmpw1600n-18v-tlakova-mycka-bez-aku-a-nabijecky-novinka-22895\/#primaryimage","url":"https:\/\/www.domstavpro.com\/wp-content\/uploads\/2026\/SK0030717-CZ20260425-092328-0-1777080210-1258909-1_152616.webp","contentUrl":"https:\/\/www.domstavpro.com\/wp-content\/uploads\/2026\/SK0030717-CZ20260425-092328-0-1777080210-1258909-1_152616.webp","width":530,"height":530},{"@type":"BreadcrumbList","@id":"https:\/\/www.domstavpro.com\/index.php\/produkt\/dewalt-dcmpw1600n-18v-tlakova-mycka-bez-aku-a-nabijecky-novinka-22895\/#breadcrumb","itemListElement":[{"@type":"ListItem","position":1,"name":"Home","item":"https:\/\/www.domstavpro.com\/"},{"@type":"ListItem","position":2,"name":"Products","item":"https:\/\/www.domstavpro.com\/index.php\/products\/"},{"@type":"ListItem","position":3,"name":"DeWALT DCMPW1600N 18V tlakov\u00e1 my\u010dka, bez aku a nab\u00edje\u010dky Novinka"}]},{"@type":"WebSite","@id":"https:\/\/www.domstavpro.com\/#website","url":"https:\/\/www.domstavpro.com\/","name":"","description":"","potentialAction":[{"@type":"SearchAction","target":{"@type":"EntryPoint","urlTemplate":"https:\/\/www.domstavpro.com\/?s={search_term_string}"},"query-input":{"@type":"PropertyValueSpecification","valueRequired":true,"valueName":"search_term_string"}}],"inLanguage":"cs"}]}},"_links":{"self":[{"href":"https:\/\/www.domstavpro.com\/index.php\/wp-json\/wp\/v2\/product\/22895","targetHints":{"allow":["GET"]}}],"collection":[{"href":"https:\/\/www.domstavpro.com\/index.php\/wp-json\/wp\/v2\/product"}],"about":[{"href":"https:\/\/www.domstavpro.com\/index.php\/wp-json\/wp\/v2\/types\/product"}],"replies":[{"embeddable":true,"href":"https:\/\/www.domstavpro.com\/index.php\/wp-json\/wp\/v2\/comments?post=22895"}],"wp:featuredmedia":[{"embeddable":true,"href":"https:\/\/www.domstavpro.com\/index.php\/wp-json\/wp\/v2\/media\/22995"}],"wp:attachment":[{"href":"https:\/\/www.domstavpro.com\/index.php\/wp-json\/wp\/v2\/media?parent=22895"}],"wp:term":[{"taxonomy":"product_brand","embeddable":true,"href":"https:\/\/www.domstavpro.com\/index.php\/wp-json\/wp\/v2\/product_brand?post=22895"},{"taxonomy":"product_cat","embeddable":true,"href":"https:\/\/www.domstavpro.com\/index.php\/wp-json\/wp\/v2\/product_cat?post=22895"},{"taxonomy":"product_tag","embeddable":true,"href":"https:\/\/www.domstavpro.com\/index.php\/wp-json\/wp\/v2\/product_tag?post=22895"}],"curies":[{"name":"wp","href":"https:\/\/api.w.org\/{rel}","templated":true}]}}