{"id":22894,"date":"2026-04-27T15:08:47","date_gmt":"2026-04-27T15:08:47","guid":{"rendered":""},"modified":"2026-04-27T15:08:47","modified_gmt":"2026-04-27T15:08:47","slug":"akce-dewalt-dcf961h2t-18v-1-2-razovy-utahovak-22894","status":"publish","type":"product","link":"https:\/\/www.domstavpro.com\/index.php\/produkt\/akce-dewalt-dcf961h2t-18v-1-2-razovy-utahovak-22894\/","title":{"rendered":"Akce DeWALT DCF961H2T 18V 1.2&#8220; r\u00e1zov\u00fd utahov\u00e1k"},"content":{"rendered":"<table>\n<div class=\"tab-pane active product-description\" id=\"popis\" role=\"tabpanel\">\n<div class=\"short-description\" itemprop=\"description\">* V\u00edce info k d\u00e1rku ZDARMA v kategorii AK\u010cN\u00cd NAB\u00cdDKA \/ Z\u00edskejte ZDARMA baterii 18V XR DEWALT DCB184-XJ 5,0 Ah<\/div>\n<div class=\"description\">\n<p><span class=\"bullet-line\">Nejnov\u011bj\u0161\u00ed generace v\u00fdkonn\u00e9ho 4stup\u0148ov\u00e9ho akumul\u00e1torov\u00e9ho r\u00e1zov\u00e9ho utahov\u00e1ku s nejvy\u0161\u0161\u00edm utahovac\u00edm momentem a\u017e 1 632 Nm nebo utahovac\u00edm momentem a\u017e 2 373 Nm<\/span><br \/><span class=\"bullet-line\">Del\u0161\u00ed doba chodu na jedno nabit\u00ed baterie a del\u0161\u00ed \u017eivotnost d\u00edky inovativn\u00ed technologii bezkomut\u00e1torov\u00e9ho motoru<\/span><br \/><span class=\"bullet-line\">Rychlost a rychlost zdvihu, stejn\u011b jako s\u00edlu to\u010div\u00e9ho momentu lze elektronicky regulovat ve 3 stupn\u00edch pomoc\u00ed jemn\u011b nastaviteln\u00e9ho sp\u00edna\u010de akceler\u00e1toru a t\u00edm maxim\u00e1ln\u00ed kontrolu ve v\u0161ech aplikac\u00edch<\/span><br \/><span class=\"bullet-line\">Dodate\u010dn\u00e1 elektronick\u00e1 \u00farove\u0148 v\u00fdkonu reguluje ot\u00e1\u010dky po dobu 4 sekund p\u0159i zachov\u00e1n\u00ed stejn\u00e9ho to\u010div\u00e9ho momentu. Po vypr\u0161en\u00ed \u010dasova\u010de se rychlost zv\u00fd\u0161\u00ed a aktivuje se re\u017eim nap\u00e1jen\u00ed<\/span><br \/><span class=\"bullet-line\">V\u0161echny 4 \u00farovn\u011b lze rychle a bezpe\u010dn\u011b nastavit elektronicky pomoc\u00ed sp\u00edna\u010de<\/span><br \/><span class=\"bullet-line\">Ide\u00e1ln\u00ed pro pou\u017eit\u00ed p\u0159i extr\u00e9mn\u011b t\u011b\u017ek\u00fdch \u0161roubovac\u00edch prac\u00edch<\/span><br \/><span class=\"bullet-line\">Bezprobl\u00e9mov\u00e9 dlouhodob\u00e9 pou\u017e\u00edv\u00e1n\u00ed d\u00edky bezpe\u010dnostn\u00ed elektronice (trval\u00e1 kontrola teploty baterie, odb\u011br proudu a ochrana proti vybit\u00ed)<\/span><br \/><span class=\"bullet-line\">Vysoce kvalitn\u00ed a robustn\u00ed hlin\u00edkov\u00e9 pouzdro n\u00e1razov\u00e9ho mechanismu umo\u017e\u0148uje optim\u00e1ln\u00ed v\u00fdm\u011bnu tepla a zvy\u0161uje tak \u017eivotnost za\u0159\u00edzen\u00ed<\/span><br \/><span class=\"bullet-line\">Robustn\u00ed \u00bd\u201d vn\u011bj\u0161\u00ed \u010dtvercov\u00fd dr\u017e\u00e1k se z\u00e1padkou nebo krou\u017ekem HOG pro rychlou v\u00fdm\u011bnu a bezpe\u010dn\u00e9 uchycen\u00ed n\u00e1\u0159ad\u00ed<\/span><br \/><span class=\"bullet-line\">Navzdory extr\u00e9mn\u011b vysok\u00e9mu to\u010div\u00e9mu momentu a v\u00fdkonn\u00e9mu motoru a robustn\u00edmu p\u0159\u00edklepov\u00e9mu mechanismu m\u00e1 kompaktn\u00ed rozm\u011bry pouh\u00fdch 213 mm, n\u00edzkou hmotnost a tedy snadnou manipulaci i v nep\u0159etr\u017eit\u00e9m provozu<\/span><br \/><span class=\"bullet-line\">Velmi v\u00fdkonn\u00e1 LED s individu\u00e1ln\u011b nastavitelnou intenzitou sv\u011btla pro optim\u00e1ln\u00ed viditelnost na pracovi\u0161ti<\/span><\/p>\n<p>\u27a4 Obsahuje<span class=\"bullet-line\">Aku r\u00e1zov\u00fd utahov\u00e1k<\/span><br \/><span class=\"bullet-line\">18V \/ 5Ah baterie Powerstack (DCBP518-XJ)<\/span><br \/><span class=\"bullet-line\">Syst\u00e9mov\u00e1 rychlonab\u00edje\u010dka<\/span><br \/><span class=\"bullet-line\">Krabice T STAK<\/span><\/p>\n<\/div>\n<div class=\"parameters\">\n<tr>\n<td>max trhac\u00ed moment<\/td>\n<td>2373 Nm<\/td>\n<\/tr><\/div>\n<\/table>\n","protected":false},"excerpt":{"rendered":"<p>* V\u00edce info k d\u00e1rku ZDARMA v kategorii AK\u010cN\u00cd NAB\u00cdDKA \/ Z\u00edskejte ZDARMA baterii 18V XR DEWALT DCB184-XJ 5,0 Ah Nejnov\u011bj\u0161\u00ed generace v\u00fdkonn\u00e9ho 4stup\u0148ov\u00e9ho akumul\u00e1torov\u00e9ho r\u00e1zov\u00e9ho utahov\u00e1ku s nejvy\u0161\u0161\u00edm utahovac\u00edm momentem a\u017e 1 632 Nm nebo utahovac\u00edm momentem a\u017e 2 373 NmDel\u0161\u00ed doba chodu na jedno nabit\u00ed baterie a del\u0161\u00ed \u017eivotnost d\u00edky inovativn\u00ed technologii bezkomut\u00e1torov\u00e9ho [&hellip;]<\/p>\n","protected":false},"featured_media":22994,"comment_status":"open","ping_status":"open","template":"","meta":[],"product_brand":[],"product_cat":[38],"product_tag":[],"class_list":{"0":"post-22894","1":"product","2":"type-product","3":"status-publish","4":"has-post-thumbnail","6":"product_cat-naradi","8":"first","9":"instock","10":"sale","11":"shipping-taxable","12":"purchasable","13":"product-type-simple"},"yoast_head":"<!-- This site is optimized with the Yoast SEO plugin v26.8 - https:\/\/yoast.com\/product\/yoast-seo-wordpress\/ -->\n<title>Akce DeWALT DCF961H2T 18V 1.2&#039;&#039; r\u00e1zov\u00fd utahov\u00e1k -<\/title>\n<meta name=\"robots\" content=\"index, follow, max-snippet:-1, max-image-preview:large, max-video-preview:-1\" \/>\n<link rel=\"canonical\" href=\"https:\/\/www.domstavpro.com\/index.php\/produkt\/akce-dewalt-dcf961h2t-18v-1-2-razovy-utahovak-22894\/\" \/>\n<meta property=\"og:locale\" content=\"cs_CZ\" \/>\n<meta property=\"og:type\" content=\"article\" \/>\n<meta property=\"og:title\" content=\"Akce DeWALT DCF961H2T 18V 1.2&#039;&#039; r\u00e1zov\u00fd utahov\u00e1k -\" \/>\n<meta property=\"og:description\" content=\"* V\u00edce info k d\u00e1rku ZDARMA v kategorii AK\u010cN\u00cd NAB\u00cdDKA \/ Z\u00edskejte ZDARMA baterii 18V XR DEWALT DCB184-XJ 5,0 Ah Nejnov\u011bj\u0161\u00ed generace v\u00fdkonn\u00e9ho 4stup\u0148ov\u00e9ho akumul\u00e1torov\u00e9ho r\u00e1zov\u00e9ho utahov\u00e1ku s nejvy\u0161\u0161\u00edm utahovac\u00edm momentem a\u017e 1 632 Nm nebo utahovac\u00edm momentem a\u017e 2 373 NmDel\u0161\u00ed doba chodu na jedno nabit\u00ed baterie a del\u0161\u00ed \u017eivotnost d\u00edky inovativn\u00ed technologii bezkomut\u00e1torov\u00e9ho [&hellip;]\" \/>\n<meta property=\"og:url\" content=\"https:\/\/www.domstavpro.com\/index.php\/produkt\/akce-dewalt-dcf961h2t-18v-1-2-razovy-utahovak-22894\/\" \/>\n<meta property=\"og:image\" content=\"https:\/\/www.domstavpro.com\/wp-content\/uploads\/2026\/SK0030716-CZ20260425-092328-0-1777080210-1258908-5_151916.webp\" \/>\n\t<meta property=\"og:image:width\" content=\"800\" \/>\n\t<meta property=\"og:image:height\" content=\"594\" \/>\n\t<meta property=\"og:image:type\" content=\"image\/webp\" \/>\n<meta name=\"twitter:card\" content=\"summary_large_image\" \/>\n<meta name=\"twitter:label1\" content=\"Odhadovan\u00e1 doba \u010dten\u00ed\" \/>\n\t<meta name=\"twitter:data1\" content=\"2 minuty\" \/>\n<script type=\"application\/ld+json\" class=\"yoast-schema-graph\">{\"@context\":\"https:\/\/schema.org\",\"@graph\":[{\"@type\":\"WebPage\",\"@id\":\"https:\/\/www.domstavpro.com\/index.php\/produkt\/akce-dewalt-dcf961h2t-18v-1-2-razovy-utahovak-22894\/\",\"url\":\"https:\/\/www.domstavpro.com\/index.php\/produkt\/akce-dewalt-dcf961h2t-18v-1-2-razovy-utahovak-22894\/\",\"name\":\"Akce DeWALT DCF961H2T 18V 1.2'' r\u00e1zov\u00fd utahov\u00e1k -\",\"isPartOf\":{\"@id\":\"https:\/\/www.domstavpro.com\/#website\"},\"primaryImageOfPage\":{\"@id\":\"https:\/\/www.domstavpro.com\/index.php\/produkt\/akce-dewalt-dcf961h2t-18v-1-2-razovy-utahovak-22894\/#primaryimage\"},\"image\":{\"@id\":\"https:\/\/www.domstavpro.com\/index.php\/produkt\/akce-dewalt-dcf961h2t-18v-1-2-razovy-utahovak-22894\/#primaryimage\"},\"thumbnailUrl\":\"https:\/\/www.domstavpro.com\/wp-content\/uploads\/2026\/SK0030716-CZ20260425-092328-0-1777080210-1258908-5_151916.webp\",\"datePublished\":\"2026-04-27T15:08:47+00:00\",\"breadcrumb\":{\"@id\":\"https:\/\/www.domstavpro.com\/index.php\/produkt\/akce-dewalt-dcf961h2t-18v-1-2-razovy-utahovak-22894\/#breadcrumb\"},\"inLanguage\":\"cs\",\"potentialAction\":[{\"@type\":\"ReadAction\",\"target\":[\"https:\/\/www.domstavpro.com\/index.php\/produkt\/akce-dewalt-dcf961h2t-18v-1-2-razovy-utahovak-22894\/\"]}]},{\"@type\":\"ImageObject\",\"inLanguage\":\"cs\",\"@id\":\"https:\/\/www.domstavpro.com\/index.php\/produkt\/akce-dewalt-dcf961h2t-18v-1-2-razovy-utahovak-22894\/#primaryimage\",\"url\":\"https:\/\/www.domstavpro.com\/wp-content\/uploads\/2026\/SK0030716-CZ20260425-092328-0-1777080210-1258908-5_151916.webp\",\"contentUrl\":\"https:\/\/www.domstavpro.com\/wp-content\/uploads\/2026\/SK0030716-CZ20260425-092328-0-1777080210-1258908-5_151916.webp\",\"width\":800,\"height\":594},{\"@type\":\"BreadcrumbList\",\"@id\":\"https:\/\/www.domstavpro.com\/index.php\/produkt\/akce-dewalt-dcf961h2t-18v-1-2-razovy-utahovak-22894\/#breadcrumb\",\"itemListElement\":[{\"@type\":\"ListItem\",\"position\":1,\"name\":\"Home\",\"item\":\"https:\/\/www.domstavpro.com\/\"},{\"@type\":\"ListItem\",\"position\":2,\"name\":\"Products\",\"item\":\"https:\/\/www.domstavpro.com\/index.php\/products\/\"},{\"@type\":\"ListItem\",\"position\":3,\"name\":\"Akce DeWALT DCF961H2T 18V 1.2&#8220; r\u00e1zov\u00fd utahov\u00e1k\"}]},{\"@type\":\"WebSite\",\"@id\":\"https:\/\/www.domstavpro.com\/#website\",\"url\":\"https:\/\/www.domstavpro.com\/\",\"name\":\"\",\"description\":\"\",\"potentialAction\":[{\"@type\":\"SearchAction\",\"target\":{\"@type\":\"EntryPoint\",\"urlTemplate\":\"https:\/\/www.domstavpro.com\/?s={search_term_string}\"},\"query-input\":{\"@type\":\"PropertyValueSpecification\",\"valueRequired\":true,\"valueName\":\"search_term_string\"}}],\"inLanguage\":\"cs\"}]}<\/script>\n<!-- \/ Yoast SEO plugin. -->","yoast_head_json":{"title":"Akce DeWALT DCF961H2T 18V 1.2'' r\u00e1zov\u00fd utahov\u00e1k -","robots":{"index":"index","follow":"follow","max-snippet":"max-snippet:-1","max-image-preview":"max-image-preview:large","max-video-preview":"max-video-preview:-1"},"canonical":"https:\/\/www.domstavpro.com\/index.php\/produkt\/akce-dewalt-dcf961h2t-18v-1-2-razovy-utahovak-22894\/","og_locale":"cs_CZ","og_type":"article","og_title":"Akce DeWALT DCF961H2T 18V 1.2'' r\u00e1zov\u00fd utahov\u00e1k -","og_description":"* V\u00edce info k d\u00e1rku ZDARMA v kategorii AK\u010cN\u00cd NAB\u00cdDKA \/ Z\u00edskejte ZDARMA baterii 18V XR DEWALT DCB184-XJ 5,0 Ah Nejnov\u011bj\u0161\u00ed generace v\u00fdkonn\u00e9ho 4stup\u0148ov\u00e9ho akumul\u00e1torov\u00e9ho r\u00e1zov\u00e9ho utahov\u00e1ku s nejvy\u0161\u0161\u00edm utahovac\u00edm momentem a\u017e 1 632 Nm nebo utahovac\u00edm momentem a\u017e 2 373 NmDel\u0161\u00ed doba chodu na jedno nabit\u00ed baterie a del\u0161\u00ed \u017eivotnost d\u00edky inovativn\u00ed technologii bezkomut\u00e1torov\u00e9ho [&hellip;]","og_url":"https:\/\/www.domstavpro.com\/index.php\/produkt\/akce-dewalt-dcf961h2t-18v-1-2-razovy-utahovak-22894\/","og_image":[{"width":800,"height":594,"url":"https:\/\/www.domstavpro.com\/wp-content\/uploads\/2026\/SK0030716-CZ20260425-092328-0-1777080210-1258908-5_151916.webp","type":"image\/webp"}],"twitter_card":"summary_large_image","twitter_misc":{"Odhadovan\u00e1 doba \u010dten\u00ed":"2 minuty"},"schema":{"@context":"https:\/\/schema.org","@graph":[{"@type":"WebPage","@id":"https:\/\/www.domstavpro.com\/index.php\/produkt\/akce-dewalt-dcf961h2t-18v-1-2-razovy-utahovak-22894\/","url":"https:\/\/www.domstavpro.com\/index.php\/produkt\/akce-dewalt-dcf961h2t-18v-1-2-razovy-utahovak-22894\/","name":"Akce DeWALT DCF961H2T 18V 1.2'' r\u00e1zov\u00fd utahov\u00e1k -","isPartOf":{"@id":"https:\/\/www.domstavpro.com\/#website"},"primaryImageOfPage":{"@id":"https:\/\/www.domstavpro.com\/index.php\/produkt\/akce-dewalt-dcf961h2t-18v-1-2-razovy-utahovak-22894\/#primaryimage"},"image":{"@id":"https:\/\/www.domstavpro.com\/index.php\/produkt\/akce-dewalt-dcf961h2t-18v-1-2-razovy-utahovak-22894\/#primaryimage"},"thumbnailUrl":"https:\/\/www.domstavpro.com\/wp-content\/uploads\/2026\/SK0030716-CZ20260425-092328-0-1777080210-1258908-5_151916.webp","datePublished":"2026-04-27T15:08:47+00:00","breadcrumb":{"@id":"https:\/\/www.domstavpro.com\/index.php\/produkt\/akce-dewalt-dcf961h2t-18v-1-2-razovy-utahovak-22894\/#breadcrumb"},"inLanguage":"cs","potentialAction":[{"@type":"ReadAction","target":["https:\/\/www.domstavpro.com\/index.php\/produkt\/akce-dewalt-dcf961h2t-18v-1-2-razovy-utahovak-22894\/"]}]},{"@type":"ImageObject","inLanguage":"cs","@id":"https:\/\/www.domstavpro.com\/index.php\/produkt\/akce-dewalt-dcf961h2t-18v-1-2-razovy-utahovak-22894\/#primaryimage","url":"https:\/\/www.domstavpro.com\/wp-content\/uploads\/2026\/SK0030716-CZ20260425-092328-0-1777080210-1258908-5_151916.webp","contentUrl":"https:\/\/www.domstavpro.com\/wp-content\/uploads\/2026\/SK0030716-CZ20260425-092328-0-1777080210-1258908-5_151916.webp","width":800,"height":594},{"@type":"BreadcrumbList","@id":"https:\/\/www.domstavpro.com\/index.php\/produkt\/akce-dewalt-dcf961h2t-18v-1-2-razovy-utahovak-22894\/#breadcrumb","itemListElement":[{"@type":"ListItem","position":1,"name":"Home","item":"https:\/\/www.domstavpro.com\/"},{"@type":"ListItem","position":2,"name":"Products","item":"https:\/\/www.domstavpro.com\/index.php\/products\/"},{"@type":"ListItem","position":3,"name":"Akce DeWALT DCF961H2T 18V 1.2&#8220; r\u00e1zov\u00fd utahov\u00e1k"}]},{"@type":"WebSite","@id":"https:\/\/www.domstavpro.com\/#website","url":"https:\/\/www.domstavpro.com\/","name":"","description":"","potentialAction":[{"@type":"SearchAction","target":{"@type":"EntryPoint","urlTemplate":"https:\/\/www.domstavpro.com\/?s={search_term_string}"},"query-input":{"@type":"PropertyValueSpecification","valueRequired":true,"valueName":"search_term_string"}}],"inLanguage":"cs"}]}},"_links":{"self":[{"href":"https:\/\/www.domstavpro.com\/index.php\/wp-json\/wp\/v2\/product\/22894","targetHints":{"allow":["GET"]}}],"collection":[{"href":"https:\/\/www.domstavpro.com\/index.php\/wp-json\/wp\/v2\/product"}],"about":[{"href":"https:\/\/www.domstavpro.com\/index.php\/wp-json\/wp\/v2\/types\/product"}],"replies":[{"embeddable":true,"href":"https:\/\/www.domstavpro.com\/index.php\/wp-json\/wp\/v2\/comments?post=22894"}],"wp:featuredmedia":[{"embeddable":true,"href":"https:\/\/www.domstavpro.com\/index.php\/wp-json\/wp\/v2\/media\/22994"}],"wp:attachment":[{"href":"https:\/\/www.domstavpro.com\/index.php\/wp-json\/wp\/v2\/media?parent=22894"}],"wp:term":[{"taxonomy":"product_brand","embeddable":true,"href":"https:\/\/www.domstavpro.com\/index.php\/wp-json\/wp\/v2\/product_brand?post=22894"},{"taxonomy":"product_cat","embeddable":true,"href":"https:\/\/www.domstavpro.com\/index.php\/wp-json\/wp\/v2\/product_cat?post=22894"},{"taxonomy":"product_tag","embeddable":true,"href":"https:\/\/www.domstavpro.com\/index.php\/wp-json\/wp\/v2\/product_tag?post=22894"}],"curies":[{"name":"wp","href":"https:\/\/api.w.org\/{rel}","templated":true}]}}