{"id":22765,"date":"2026-04-27T15:08:46","date_gmt":"2026-04-27T15:08:46","guid":{"rendered":""},"modified":"2026-04-27T15:08:46","modified_gmt":"2026-04-27T15:08:46","slug":"znackovy-projahn-398232-power-led-celova-lampa-pj-sl-400-22765","status":"publish","type":"product","link":"https:\/\/www.domstavpro.com\/index.php\/produkt\/znackovy-projahn-398232-power-led-celova-lampa-pj-sl-400-22765\/","title":{"rendered":"Zna\u010dkov\u00fd PROJAHN 398232 POWER LED \u010delov\u00e1 lampa PJ-SL 400"},"content":{"rendered":"<table>\n<div class=\"tab-pane active product-description\" id=\"popis\" role=\"tabpanel\">\n<div class=\"short-description\" itemprop=\"description\"><\/div>\n<div class=\"description\">\n<p><span class=\"bullet-line\">dob\u00edjec\u00ed \u010delov\u00e1 sv\u00edtilna<\/span><br \/><span class=\"bullet-line\">4 re\u017eimy sv\u00edcen\u00ed voliteln\u00e9 pomoc\u00ed sp\u00edna\u010de<\/span><\/p>\n<\/div>\n<div class=\"parameters\">\n<tr>\n<td>sv\u011bteln\u00fd tok:<\/td>\n<td>200 &#8211; 400 lumen<\/td>\n<\/tr>\n<tr>\n<td>dosvit:<\/td>\n<td>120 m<\/td>\n<\/tr>\n<tr>\n<td>doba provozu:<\/td>\n<td>a\u017e 6 hod.<\/td>\n<\/tr>\n<tr>\n<td>t\u0159\u00edda ochrany:<\/td>\n<td>IP65<\/td>\n<\/tr>\n<tr>\n<td>baterie:<\/td>\n<td>3,7 V \/ 1200 mAh Li-ion, dob\u00edjec\u00ed<\/td>\n<\/tr><\/div>\n<\/table>\n","protected":false},"excerpt":{"rendered":"<p>dob\u00edjec\u00ed \u010delov\u00e1 sv\u00edtilna4 re\u017eimy sv\u00edcen\u00ed voliteln\u00e9 pomoc\u00ed sp\u00edna\u010de sv\u011bteln\u00fd tok: 200 &#8211; 400 lumen dosvit: 120 m doba provozu: a\u017e 6 hod. t\u0159\u00edda ochrany: IP65 baterie: 3,7 V \/ 1200 mAh Li-ion, dob\u00edjec\u00ed<\/p>\n","protected":false},"featured_media":22865,"comment_status":"open","ping_status":"open","template":"","meta":[],"product_brand":[],"product_cat":[37],"product_tag":[],"class_list":{"0":"post-22765","1":"product","2":"type-product","3":"status-publish","4":"has-post-thumbnail","6":"product_cat-dilna","8":"first","9":"instock","10":"sale","11":"shipping-taxable","12":"purchasable","13":"product-type-simple"},"yoast_head":"<!-- This site is optimized with the Yoast SEO plugin v26.8 - https:\/\/yoast.com\/product\/yoast-seo-wordpress\/ -->\n<title>Zna\u010dkov\u00fd PROJAHN 398232 POWER LED \u010delov\u00e1 lampa PJ-SL 400 -<\/title>\n<meta name=\"robots\" content=\"index, follow, max-snippet:-1, max-image-preview:large, max-video-preview:-1\" \/>\n<link rel=\"canonical\" href=\"https:\/\/www.domstavpro.com\/index.php\/produkt\/znackovy-projahn-398232-power-led-celova-lampa-pj-sl-400-22765\/\" \/>\n<meta property=\"og:locale\" content=\"cs_CZ\" \/>\n<meta property=\"og:type\" content=\"article\" \/>\n<meta property=\"og:title\" content=\"Zna\u010dkov\u00fd PROJAHN 398232 POWER LED \u010delov\u00e1 lampa PJ-SL 400 -\" \/>\n<meta property=\"og:description\" content=\"dob\u00edjec\u00ed \u010delov\u00e1 sv\u00edtilna4 re\u017eimy sv\u00edcen\u00ed voliteln\u00e9 pomoc\u00ed sp\u00edna\u010de sv\u011bteln\u00fd tok: 200 &#8211; 400 lumen dosvit: 120 m doba provozu: a\u017e 6 hod. t\u0159\u00edda ochrany: IP65 baterie: 3,7 V \/ 1200 mAh Li-ion, dob\u00edjec\u00ed\" \/>\n<meta property=\"og:url\" content=\"https:\/\/www.domstavpro.com\/index.php\/produkt\/znackovy-projahn-398232-power-led-celova-lampa-pj-sl-400-22765\/\" \/>\n<meta property=\"og:image\" content=\"https:\/\/www.domstavpro.com\/wp-content\/uploads\/2026\/SK0030686-CZ20260425-092328-0-1777080210-snimek-obrazovky-2023-11-23-094453.webp\" \/>\n\t<meta property=\"og:image:width\" content=\"592\" \/>\n\t<meta property=\"og:image:height\" content=\"593\" \/>\n\t<meta property=\"og:image:type\" content=\"image\/webp\" \/>\n<meta name=\"twitter:card\" content=\"summary_large_image\" \/>\n<script type=\"application\/ld+json\" class=\"yoast-schema-graph\">{\"@context\":\"https:\/\/schema.org\",\"@graph\":[{\"@type\":\"WebPage\",\"@id\":\"https:\/\/www.domstavpro.com\/index.php\/produkt\/znackovy-projahn-398232-power-led-celova-lampa-pj-sl-400-22765\/\",\"url\":\"https:\/\/www.domstavpro.com\/index.php\/produkt\/znackovy-projahn-398232-power-led-celova-lampa-pj-sl-400-22765\/\",\"name\":\"Zna\u010dkov\u00fd PROJAHN 398232 POWER LED \u010delov\u00e1 lampa PJ-SL 400 -\",\"isPartOf\":{\"@id\":\"https:\/\/www.domstavpro.com\/#website\"},\"primaryImageOfPage\":{\"@id\":\"https:\/\/www.domstavpro.com\/index.php\/produkt\/znackovy-projahn-398232-power-led-celova-lampa-pj-sl-400-22765\/#primaryimage\"},\"image\":{\"@id\":\"https:\/\/www.domstavpro.com\/index.php\/produkt\/znackovy-projahn-398232-power-led-celova-lampa-pj-sl-400-22765\/#primaryimage\"},\"thumbnailUrl\":\"https:\/\/www.domstavpro.com\/wp-content\/uploads\/2026\/SK0030686-CZ20260425-092328-0-1777080210-snimek-obrazovky-2023-11-23-094453.webp\",\"datePublished\":\"2026-04-27T15:08:46+00:00\",\"breadcrumb\":{\"@id\":\"https:\/\/www.domstavpro.com\/index.php\/produkt\/znackovy-projahn-398232-power-led-celova-lampa-pj-sl-400-22765\/#breadcrumb\"},\"inLanguage\":\"cs\",\"potentialAction\":[{\"@type\":\"ReadAction\",\"target\":[\"https:\/\/www.domstavpro.com\/index.php\/produkt\/znackovy-projahn-398232-power-led-celova-lampa-pj-sl-400-22765\/\"]}]},{\"@type\":\"ImageObject\",\"inLanguage\":\"cs\",\"@id\":\"https:\/\/www.domstavpro.com\/index.php\/produkt\/znackovy-projahn-398232-power-led-celova-lampa-pj-sl-400-22765\/#primaryimage\",\"url\":\"https:\/\/www.domstavpro.com\/wp-content\/uploads\/2026\/SK0030686-CZ20260425-092328-0-1777080210-snimek-obrazovky-2023-11-23-094453.webp\",\"contentUrl\":\"https:\/\/www.domstavpro.com\/wp-content\/uploads\/2026\/SK0030686-CZ20260425-092328-0-1777080210-snimek-obrazovky-2023-11-23-094453.webp\",\"width\":592,\"height\":593},{\"@type\":\"BreadcrumbList\",\"@id\":\"https:\/\/www.domstavpro.com\/index.php\/produkt\/znackovy-projahn-398232-power-led-celova-lampa-pj-sl-400-22765\/#breadcrumb\",\"itemListElement\":[{\"@type\":\"ListItem\",\"position\":1,\"name\":\"Home\",\"item\":\"https:\/\/www.domstavpro.com\/\"},{\"@type\":\"ListItem\",\"position\":2,\"name\":\"Products\",\"item\":\"https:\/\/www.domstavpro.com\/index.php\/products\/\"},{\"@type\":\"ListItem\",\"position\":3,\"name\":\"Zna\u010dkov\u00fd PROJAHN 398232 POWER LED \u010delov\u00e1 lampa PJ-SL 400\"}]},{\"@type\":\"WebSite\",\"@id\":\"https:\/\/www.domstavpro.com\/#website\",\"url\":\"https:\/\/www.domstavpro.com\/\",\"name\":\"\",\"description\":\"\",\"potentialAction\":[{\"@type\":\"SearchAction\",\"target\":{\"@type\":\"EntryPoint\",\"urlTemplate\":\"https:\/\/www.domstavpro.com\/?s={search_term_string}\"},\"query-input\":{\"@type\":\"PropertyValueSpecification\",\"valueRequired\":true,\"valueName\":\"search_term_string\"}}],\"inLanguage\":\"cs\"}]}<\/script>\n<!-- \/ Yoast SEO plugin. -->","yoast_head_json":{"title":"Zna\u010dkov\u00fd PROJAHN 398232 POWER LED \u010delov\u00e1 lampa PJ-SL 400 -","robots":{"index":"index","follow":"follow","max-snippet":"max-snippet:-1","max-image-preview":"max-image-preview:large","max-video-preview":"max-video-preview:-1"},"canonical":"https:\/\/www.domstavpro.com\/index.php\/produkt\/znackovy-projahn-398232-power-led-celova-lampa-pj-sl-400-22765\/","og_locale":"cs_CZ","og_type":"article","og_title":"Zna\u010dkov\u00fd PROJAHN 398232 POWER LED \u010delov\u00e1 lampa PJ-SL 400 -","og_description":"dob\u00edjec\u00ed \u010delov\u00e1 sv\u00edtilna4 re\u017eimy sv\u00edcen\u00ed voliteln\u00e9 pomoc\u00ed sp\u00edna\u010de sv\u011bteln\u00fd tok: 200 &#8211; 400 lumen dosvit: 120 m doba provozu: a\u017e 6 hod. t\u0159\u00edda ochrany: IP65 baterie: 3,7 V \/ 1200 mAh Li-ion, dob\u00edjec\u00ed","og_url":"https:\/\/www.domstavpro.com\/index.php\/produkt\/znackovy-projahn-398232-power-led-celova-lampa-pj-sl-400-22765\/","og_image":[{"width":592,"height":593,"url":"https:\/\/www.domstavpro.com\/wp-content\/uploads\/2026\/SK0030686-CZ20260425-092328-0-1777080210-snimek-obrazovky-2023-11-23-094453.webp","type":"image\/webp"}],"twitter_card":"summary_large_image","schema":{"@context":"https:\/\/schema.org","@graph":[{"@type":"WebPage","@id":"https:\/\/www.domstavpro.com\/index.php\/produkt\/znackovy-projahn-398232-power-led-celova-lampa-pj-sl-400-22765\/","url":"https:\/\/www.domstavpro.com\/index.php\/produkt\/znackovy-projahn-398232-power-led-celova-lampa-pj-sl-400-22765\/","name":"Zna\u010dkov\u00fd PROJAHN 398232 POWER LED \u010delov\u00e1 lampa PJ-SL 400 -","isPartOf":{"@id":"https:\/\/www.domstavpro.com\/#website"},"primaryImageOfPage":{"@id":"https:\/\/www.domstavpro.com\/index.php\/produkt\/znackovy-projahn-398232-power-led-celova-lampa-pj-sl-400-22765\/#primaryimage"},"image":{"@id":"https:\/\/www.domstavpro.com\/index.php\/produkt\/znackovy-projahn-398232-power-led-celova-lampa-pj-sl-400-22765\/#primaryimage"},"thumbnailUrl":"https:\/\/www.domstavpro.com\/wp-content\/uploads\/2026\/SK0030686-CZ20260425-092328-0-1777080210-snimek-obrazovky-2023-11-23-094453.webp","datePublished":"2026-04-27T15:08:46+00:00","breadcrumb":{"@id":"https:\/\/www.domstavpro.com\/index.php\/produkt\/znackovy-projahn-398232-power-led-celova-lampa-pj-sl-400-22765\/#breadcrumb"},"inLanguage":"cs","potentialAction":[{"@type":"ReadAction","target":["https:\/\/www.domstavpro.com\/index.php\/produkt\/znackovy-projahn-398232-power-led-celova-lampa-pj-sl-400-22765\/"]}]},{"@type":"ImageObject","inLanguage":"cs","@id":"https:\/\/www.domstavpro.com\/index.php\/produkt\/znackovy-projahn-398232-power-led-celova-lampa-pj-sl-400-22765\/#primaryimage","url":"https:\/\/www.domstavpro.com\/wp-content\/uploads\/2026\/SK0030686-CZ20260425-092328-0-1777080210-snimek-obrazovky-2023-11-23-094453.webp","contentUrl":"https:\/\/www.domstavpro.com\/wp-content\/uploads\/2026\/SK0030686-CZ20260425-092328-0-1777080210-snimek-obrazovky-2023-11-23-094453.webp","width":592,"height":593},{"@type":"BreadcrumbList","@id":"https:\/\/www.domstavpro.com\/index.php\/produkt\/znackovy-projahn-398232-power-led-celova-lampa-pj-sl-400-22765\/#breadcrumb","itemListElement":[{"@type":"ListItem","position":1,"name":"Home","item":"https:\/\/www.domstavpro.com\/"},{"@type":"ListItem","position":2,"name":"Products","item":"https:\/\/www.domstavpro.com\/index.php\/products\/"},{"@type":"ListItem","position":3,"name":"Zna\u010dkov\u00fd PROJAHN 398232 POWER LED \u010delov\u00e1 lampa PJ-SL 400"}]},{"@type":"WebSite","@id":"https:\/\/www.domstavpro.com\/#website","url":"https:\/\/www.domstavpro.com\/","name":"","description":"","potentialAction":[{"@type":"SearchAction","target":{"@type":"EntryPoint","urlTemplate":"https:\/\/www.domstavpro.com\/?s={search_term_string}"},"query-input":{"@type":"PropertyValueSpecification","valueRequired":true,"valueName":"search_term_string"}}],"inLanguage":"cs"}]}},"_links":{"self":[{"href":"https:\/\/www.domstavpro.com\/index.php\/wp-json\/wp\/v2\/product\/22765","targetHints":{"allow":["GET"]}}],"collection":[{"href":"https:\/\/www.domstavpro.com\/index.php\/wp-json\/wp\/v2\/product"}],"about":[{"href":"https:\/\/www.domstavpro.com\/index.php\/wp-json\/wp\/v2\/types\/product"}],"replies":[{"embeddable":true,"href":"https:\/\/www.domstavpro.com\/index.php\/wp-json\/wp\/v2\/comments?post=22765"}],"wp:featuredmedia":[{"embeddable":true,"href":"https:\/\/www.domstavpro.com\/index.php\/wp-json\/wp\/v2\/media\/22865"}],"wp:attachment":[{"href":"https:\/\/www.domstavpro.com\/index.php\/wp-json\/wp\/v2\/media?parent=22765"}],"wp:term":[{"taxonomy":"product_brand","embeddable":true,"href":"https:\/\/www.domstavpro.com\/index.php\/wp-json\/wp\/v2\/product_brand?post=22765"},{"taxonomy":"product_cat","embeddable":true,"href":"https:\/\/www.domstavpro.com\/index.php\/wp-json\/wp\/v2\/product_cat?post=22765"},{"taxonomy":"product_tag","embeddable":true,"href":"https:\/\/www.domstavpro.com\/index.php\/wp-json\/wp\/v2\/product_tag?post=22765"}],"curies":[{"name":"wp","href":"https:\/\/api.w.org\/{rel}","templated":true}]}}