{"id":22733,"date":"2026-04-27T15:08:46","date_gmt":"2026-04-27T15:08:46","guid":{"rendered":""},"modified":"2026-04-27T15:08:46","modified_gmt":"2026-04-27T15:08:46","slug":"xtline-xt0929-visaci-zamek-litinovy-45-mm-cenova-bomba-22733","status":"publish","type":"product","link":"https:\/\/www.domstavpro.com\/index.php\/produkt\/xtline-xt0929-visaci-zamek-litinovy-45-mm-cenova-bomba-22733\/","title":{"rendered":"XTline XT0929 visac\u00ed z\u00e1mek litinov\u00fd | 45 mm Cenov\u00e1 Bomba"},"content":{"rendered":"<table>\n<div class=\"tab-pane active product-description\" id=\"popis\" role=\"tabpanel\">\n<div class=\"short-description\" itemprop=\"description\"><\/div>\n<div class=\"description\">\n<p><span class=\"bullet-line\">Litinov\u00fd visac\u00ed z\u00e1mek s antikorozn\u00ed \u00fapravou.<\/span><\/p>\n<\/div>\n<div class=\"parameters\">\n<tr>\n<td>\u0160\u00ed\u0159ka<\/td>\n<td>45 mm<\/td>\n<\/tr>\n<tr>\n<td>Pr\u016fm\u011br oka<\/td>\n<td>7 mm<\/td>\n<\/tr>\n<tr>\n<td>Po\u010det kl\u00ed\u010d\u016f<\/td>\n<td>4<\/td>\n<\/tr><\/div>\n<\/table>\n","protected":false},"excerpt":{"rendered":"<p>Litinov\u00fd visac\u00ed z\u00e1mek s antikorozn\u00ed \u00fapravou. \u0160\u00ed\u0159ka 45 mm Pr\u016fm\u011br oka 7 mm Po\u010det kl\u00ed\u010d\u016f 4<\/p>\n","protected":false},"featured_media":22833,"comment_status":"open","ping_status":"open","template":"","meta":[],"product_brand":[],"product_cat":[53],"product_tag":[],"class_list":{"0":"post-22733","1":"product","2":"type-product","3":"status-publish","4":"has-post-thumbnail","6":"product_cat-ochranne-pomucky","8":"first","9":"instock","10":"sale","11":"shipping-taxable","12":"purchasable","13":"product-type-simple"},"yoast_head":"<!-- This site is optimized with the Yoast SEO plugin v26.8 - https:\/\/yoast.com\/product\/yoast-seo-wordpress\/ -->\n<title>XTline XT0929 visac\u00ed z\u00e1mek litinov\u00fd | 45 mm Cenov\u00e1 Bomba -<\/title>\n<meta name=\"robots\" content=\"index, follow, max-snippet:-1, max-image-preview:large, max-video-preview:-1\" \/>\n<link rel=\"canonical\" href=\"https:\/\/www.domstavpro.com\/index.php\/produkt\/xtline-xt0929-visaci-zamek-litinovy-45-mm-cenova-bomba-22733\/\" \/>\n<meta property=\"og:locale\" content=\"cs_CZ\" \/>\n<meta property=\"og:type\" content=\"article\" \/>\n<meta property=\"og:title\" content=\"XTline XT0929 visac\u00ed z\u00e1mek litinov\u00fd | 45 mm Cenov\u00e1 Bomba -\" \/>\n<meta property=\"og:description\" content=\"Litinov\u00fd visac\u00ed z\u00e1mek s antikorozn\u00ed \u00fapravou. \u0160\u00ed\u0159ka 45 mm Pr\u016fm\u011br oka 7 mm Po\u010det kl\u00ed\u010d\u016f 4\" \/>\n<meta property=\"og:url\" content=\"https:\/\/www.domstavpro.com\/index.php\/produkt\/xtline-xt0929-visaci-zamek-litinovy-45-mm-cenova-bomba-22733\/\" \/>\n<meta property=\"og:image\" content=\"https:\/\/www.domstavpro.com\/wp-content\/uploads\/2026\/SK0030654-CZ20260425-092328-0-1777080210-1258834-1_100433.webp\" \/>\n\t<meta property=\"og:image:width\" content=\"800\" \/>\n\t<meta property=\"og:image:height\" content=\"800\" \/>\n\t<meta property=\"og:image:type\" content=\"image\/webp\" \/>\n<meta name=\"twitter:card\" content=\"summary_large_image\" \/>\n<script type=\"application\/ld+json\" class=\"yoast-schema-graph\">{\"@context\":\"https:\/\/schema.org\",\"@graph\":[{\"@type\":\"WebPage\",\"@id\":\"https:\/\/www.domstavpro.com\/index.php\/produkt\/xtline-xt0929-visaci-zamek-litinovy-45-mm-cenova-bomba-22733\/\",\"url\":\"https:\/\/www.domstavpro.com\/index.php\/produkt\/xtline-xt0929-visaci-zamek-litinovy-45-mm-cenova-bomba-22733\/\",\"name\":\"XTline XT0929 visac\u00ed z\u00e1mek litinov\u00fd | 45 mm Cenov\u00e1 Bomba -\",\"isPartOf\":{\"@id\":\"https:\/\/www.domstavpro.com\/#website\"},\"primaryImageOfPage\":{\"@id\":\"https:\/\/www.domstavpro.com\/index.php\/produkt\/xtline-xt0929-visaci-zamek-litinovy-45-mm-cenova-bomba-22733\/#primaryimage\"},\"image\":{\"@id\":\"https:\/\/www.domstavpro.com\/index.php\/produkt\/xtline-xt0929-visaci-zamek-litinovy-45-mm-cenova-bomba-22733\/#primaryimage\"},\"thumbnailUrl\":\"https:\/\/www.domstavpro.com\/wp-content\/uploads\/2026\/SK0030654-CZ20260425-092328-0-1777080210-1258834-1_100433.webp\",\"datePublished\":\"2026-04-27T15:08:46+00:00\",\"breadcrumb\":{\"@id\":\"https:\/\/www.domstavpro.com\/index.php\/produkt\/xtline-xt0929-visaci-zamek-litinovy-45-mm-cenova-bomba-22733\/#breadcrumb\"},\"inLanguage\":\"cs\",\"potentialAction\":[{\"@type\":\"ReadAction\",\"target\":[\"https:\/\/www.domstavpro.com\/index.php\/produkt\/xtline-xt0929-visaci-zamek-litinovy-45-mm-cenova-bomba-22733\/\"]}]},{\"@type\":\"ImageObject\",\"inLanguage\":\"cs\",\"@id\":\"https:\/\/www.domstavpro.com\/index.php\/produkt\/xtline-xt0929-visaci-zamek-litinovy-45-mm-cenova-bomba-22733\/#primaryimage\",\"url\":\"https:\/\/www.domstavpro.com\/wp-content\/uploads\/2026\/SK0030654-CZ20260425-092328-0-1777080210-1258834-1_100433.webp\",\"contentUrl\":\"https:\/\/www.domstavpro.com\/wp-content\/uploads\/2026\/SK0030654-CZ20260425-092328-0-1777080210-1258834-1_100433.webp\",\"width\":800,\"height\":800},{\"@type\":\"BreadcrumbList\",\"@id\":\"https:\/\/www.domstavpro.com\/index.php\/produkt\/xtline-xt0929-visaci-zamek-litinovy-45-mm-cenova-bomba-22733\/#breadcrumb\",\"itemListElement\":[{\"@type\":\"ListItem\",\"position\":1,\"name\":\"Home\",\"item\":\"https:\/\/www.domstavpro.com\/\"},{\"@type\":\"ListItem\",\"position\":2,\"name\":\"Products\",\"item\":\"https:\/\/www.domstavpro.com\/index.php\/products\/\"},{\"@type\":\"ListItem\",\"position\":3,\"name\":\"XTline XT0929 visac\u00ed z\u00e1mek litinov\u00fd | 45 mm Cenov\u00e1 Bomba\"}]},{\"@type\":\"WebSite\",\"@id\":\"https:\/\/www.domstavpro.com\/#website\",\"url\":\"https:\/\/www.domstavpro.com\/\",\"name\":\"\",\"description\":\"\",\"potentialAction\":[{\"@type\":\"SearchAction\",\"target\":{\"@type\":\"EntryPoint\",\"urlTemplate\":\"https:\/\/www.domstavpro.com\/?s={search_term_string}\"},\"query-input\":{\"@type\":\"PropertyValueSpecification\",\"valueRequired\":true,\"valueName\":\"search_term_string\"}}],\"inLanguage\":\"cs\"}]}<\/script>\n<!-- \/ Yoast SEO plugin. -->","yoast_head_json":{"title":"XTline XT0929 visac\u00ed z\u00e1mek litinov\u00fd | 45 mm Cenov\u00e1 Bomba -","robots":{"index":"index","follow":"follow","max-snippet":"max-snippet:-1","max-image-preview":"max-image-preview:large","max-video-preview":"max-video-preview:-1"},"canonical":"https:\/\/www.domstavpro.com\/index.php\/produkt\/xtline-xt0929-visaci-zamek-litinovy-45-mm-cenova-bomba-22733\/","og_locale":"cs_CZ","og_type":"article","og_title":"XTline XT0929 visac\u00ed z\u00e1mek litinov\u00fd | 45 mm Cenov\u00e1 Bomba -","og_description":"Litinov\u00fd visac\u00ed z\u00e1mek s antikorozn\u00ed \u00fapravou. \u0160\u00ed\u0159ka 45 mm Pr\u016fm\u011br oka 7 mm Po\u010det kl\u00ed\u010d\u016f 4","og_url":"https:\/\/www.domstavpro.com\/index.php\/produkt\/xtline-xt0929-visaci-zamek-litinovy-45-mm-cenova-bomba-22733\/","og_image":[{"width":800,"height":800,"url":"https:\/\/www.domstavpro.com\/wp-content\/uploads\/2026\/SK0030654-CZ20260425-092328-0-1777080210-1258834-1_100433.webp","type":"image\/webp"}],"twitter_card":"summary_large_image","schema":{"@context":"https:\/\/schema.org","@graph":[{"@type":"WebPage","@id":"https:\/\/www.domstavpro.com\/index.php\/produkt\/xtline-xt0929-visaci-zamek-litinovy-45-mm-cenova-bomba-22733\/","url":"https:\/\/www.domstavpro.com\/index.php\/produkt\/xtline-xt0929-visaci-zamek-litinovy-45-mm-cenova-bomba-22733\/","name":"XTline XT0929 visac\u00ed z\u00e1mek litinov\u00fd | 45 mm Cenov\u00e1 Bomba -","isPartOf":{"@id":"https:\/\/www.domstavpro.com\/#website"},"primaryImageOfPage":{"@id":"https:\/\/www.domstavpro.com\/index.php\/produkt\/xtline-xt0929-visaci-zamek-litinovy-45-mm-cenova-bomba-22733\/#primaryimage"},"image":{"@id":"https:\/\/www.domstavpro.com\/index.php\/produkt\/xtline-xt0929-visaci-zamek-litinovy-45-mm-cenova-bomba-22733\/#primaryimage"},"thumbnailUrl":"https:\/\/www.domstavpro.com\/wp-content\/uploads\/2026\/SK0030654-CZ20260425-092328-0-1777080210-1258834-1_100433.webp","datePublished":"2026-04-27T15:08:46+00:00","breadcrumb":{"@id":"https:\/\/www.domstavpro.com\/index.php\/produkt\/xtline-xt0929-visaci-zamek-litinovy-45-mm-cenova-bomba-22733\/#breadcrumb"},"inLanguage":"cs","potentialAction":[{"@type":"ReadAction","target":["https:\/\/www.domstavpro.com\/index.php\/produkt\/xtline-xt0929-visaci-zamek-litinovy-45-mm-cenova-bomba-22733\/"]}]},{"@type":"ImageObject","inLanguage":"cs","@id":"https:\/\/www.domstavpro.com\/index.php\/produkt\/xtline-xt0929-visaci-zamek-litinovy-45-mm-cenova-bomba-22733\/#primaryimage","url":"https:\/\/www.domstavpro.com\/wp-content\/uploads\/2026\/SK0030654-CZ20260425-092328-0-1777080210-1258834-1_100433.webp","contentUrl":"https:\/\/www.domstavpro.com\/wp-content\/uploads\/2026\/SK0030654-CZ20260425-092328-0-1777080210-1258834-1_100433.webp","width":800,"height":800},{"@type":"BreadcrumbList","@id":"https:\/\/www.domstavpro.com\/index.php\/produkt\/xtline-xt0929-visaci-zamek-litinovy-45-mm-cenova-bomba-22733\/#breadcrumb","itemListElement":[{"@type":"ListItem","position":1,"name":"Home","item":"https:\/\/www.domstavpro.com\/"},{"@type":"ListItem","position":2,"name":"Products","item":"https:\/\/www.domstavpro.com\/index.php\/products\/"},{"@type":"ListItem","position":3,"name":"XTline XT0929 visac\u00ed z\u00e1mek litinov\u00fd | 45 mm Cenov\u00e1 Bomba"}]},{"@type":"WebSite","@id":"https:\/\/www.domstavpro.com\/#website","url":"https:\/\/www.domstavpro.com\/","name":"","description":"","potentialAction":[{"@type":"SearchAction","target":{"@type":"EntryPoint","urlTemplate":"https:\/\/www.domstavpro.com\/?s={search_term_string}"},"query-input":{"@type":"PropertyValueSpecification","valueRequired":true,"valueName":"search_term_string"}}],"inLanguage":"cs"}]}},"_links":{"self":[{"href":"https:\/\/www.domstavpro.com\/index.php\/wp-json\/wp\/v2\/product\/22733","targetHints":{"allow":["GET"]}}],"collection":[{"href":"https:\/\/www.domstavpro.com\/index.php\/wp-json\/wp\/v2\/product"}],"about":[{"href":"https:\/\/www.domstavpro.com\/index.php\/wp-json\/wp\/v2\/types\/product"}],"replies":[{"embeddable":true,"href":"https:\/\/www.domstavpro.com\/index.php\/wp-json\/wp\/v2\/comments?post=22733"}],"wp:featuredmedia":[{"embeddable":true,"href":"https:\/\/www.domstavpro.com\/index.php\/wp-json\/wp\/v2\/media\/22833"}],"wp:attachment":[{"href":"https:\/\/www.domstavpro.com\/index.php\/wp-json\/wp\/v2\/media?parent=22733"}],"wp:term":[{"taxonomy":"product_brand","embeddable":true,"href":"https:\/\/www.domstavpro.com\/index.php\/wp-json\/wp\/v2\/product_brand?post=22733"},{"taxonomy":"product_cat","embeddable":true,"href":"https:\/\/www.domstavpro.com\/index.php\/wp-json\/wp\/v2\/product_cat?post=22733"},{"taxonomy":"product_tag","embeddable":true,"href":"https:\/\/www.domstavpro.com\/index.php\/wp-json\/wp\/v2\/product_tag?post=22733"}],"curies":[{"name":"wp","href":"https:\/\/api.w.org\/{rel}","templated":true}]}}