{"id":22354,"date":"2026-04-27T15:08:45","date_gmt":"2026-04-27T15:08:45","guid":{"rendered":""},"modified":"2026-04-27T15:08:45","modified_gmt":"2026-04-27T15:08:45","slug":"znackovy-stavtool-zn31041-hladitko-nerezove-zubove-270x127-mm-zub-8x8-mm-22354","status":"publish","type":"product","link":"https:\/\/www.domstavpro.com\/index.php\/produkt\/znackovy-stavtool-zn31041-hladitko-nerezove-zubove-270x127-mm-zub-8x8-mm-22354\/","title":{"rendered":"Zna\u010dkov\u00fd Stavtool ZN31041 hlad\u00edtko nerezov\u00e9 zubov\u00e9 | 270&#215;127 mm, zub 8&#215;8 mm"},"content":{"rendered":"<table>\n<div class=\"tab-pane active product-description\" id=\"popis\" role=\"tabpanel\">\n<div class=\"short-description\" itemprop=\"description\"><\/div>\n<div class=\"description\"><span class='bullet-line'>Nerezov\u00e9 hlad\u00edtko s PVC rukojet\u00ed, vhodn\u00e9 pro nan\u00e1\u0161en\u00ed lepidel, malty atd.<\/span><\/div>\n<div class=\"parameters\">\n<tr>\n<td>Rozm\u011br<\/td>\n<td>270&#215;127 mm<\/td>\n<\/tr>\n<tr>\n<td>Rozm\u011br zubu<\/td>\n<td>8&#215;8 mm<\/td>\n<\/tr><\/div>\n<\/table>\n","protected":false},"excerpt":{"rendered":"<p>Nerezov\u00e9 hlad\u00edtko s PVC rukojet\u00ed, vhodn\u00e9 pro nan\u00e1\u0161en\u00ed lepidel, malty atd. Rozm\u011br 270&#215;127 mm Rozm\u011br zubu 8&#215;8 mm<\/p>\n","protected":false},"featured_media":22454,"comment_status":"open","ping_status":"open","template":"","meta":[],"product_brand":[],"product_cat":[40],"product_tag":[],"class_list":{"0":"post-22354","1":"product","2":"type-product","3":"status-publish","4":"has-post-thumbnail","6":"product_cat-stavebni-technika","8":"first","9":"instock","10":"sale","11":"shipping-taxable","12":"purchasable","13":"product-type-simple"},"yoast_head":"<!-- This site is optimized with the Yoast SEO plugin v26.8 - https:\/\/yoast.com\/product\/yoast-seo-wordpress\/ -->\n<title>Zna\u010dkov\u00fd Stavtool ZN31041 hlad\u00edtko nerezov\u00e9 zubov\u00e9 | 270x127 mm, zub 8x8 mm -<\/title>\n<meta name=\"robots\" content=\"index, follow, max-snippet:-1, max-image-preview:large, max-video-preview:-1\" \/>\n<link rel=\"canonical\" href=\"https:\/\/www.domstavpro.com\/index.php\/produkt\/znackovy-stavtool-zn31041-hladitko-nerezove-zubove-270x127-mm-zub-8x8-mm-22354\/\" \/>\n<meta property=\"og:locale\" content=\"cs_CZ\" \/>\n<meta property=\"og:type\" content=\"article\" \/>\n<meta property=\"og:title\" content=\"Zna\u010dkov\u00fd Stavtool ZN31041 hlad\u00edtko nerezov\u00e9 zubov\u00e9 | 270x127 mm, zub 8x8 mm -\" \/>\n<meta property=\"og:description\" content=\"Nerezov\u00e9 hlad\u00edtko s PVC rukojet\u00ed, vhodn\u00e9 pro nan\u00e1\u0161en\u00ed lepidel, malty atd. Rozm\u011br 270&#215;127 mm Rozm\u011br zubu 8&#215;8 mm\" \/>\n<meta property=\"og:url\" content=\"https:\/\/www.domstavpro.com\/index.php\/produkt\/znackovy-stavtool-zn31041-hladitko-nerezove-zubove-270x127-mm-zub-8x8-mm-22354\/\" \/>\n<meta property=\"og:image\" content=\"https:\/\/www.domstavpro.com\/wp-content\/uploads\/2026\/SK0030475-CZ20260425-092328-0-1777080210-1258653-1_103232.webp\" \/>\n\t<meta property=\"og:image:width\" content=\"800\" \/>\n\t<meta property=\"og:image:height\" content=\"800\" \/>\n\t<meta property=\"og:image:type\" content=\"image\/webp\" \/>\n<meta name=\"twitter:card\" content=\"summary_large_image\" \/>\n<script type=\"application\/ld+json\" class=\"yoast-schema-graph\">{\"@context\":\"https:\/\/schema.org\",\"@graph\":[{\"@type\":\"WebPage\",\"@id\":\"https:\/\/www.domstavpro.com\/index.php\/produkt\/znackovy-stavtool-zn31041-hladitko-nerezove-zubove-270x127-mm-zub-8x8-mm-22354\/\",\"url\":\"https:\/\/www.domstavpro.com\/index.php\/produkt\/znackovy-stavtool-zn31041-hladitko-nerezove-zubove-270x127-mm-zub-8x8-mm-22354\/\",\"name\":\"Zna\u010dkov\u00fd Stavtool ZN31041 hlad\u00edtko nerezov\u00e9 zubov\u00e9 | 270x127 mm, zub 8x8 mm -\",\"isPartOf\":{\"@id\":\"https:\/\/www.domstavpro.com\/#website\"},\"primaryImageOfPage\":{\"@id\":\"https:\/\/www.domstavpro.com\/index.php\/produkt\/znackovy-stavtool-zn31041-hladitko-nerezove-zubove-270x127-mm-zub-8x8-mm-22354\/#primaryimage\"},\"image\":{\"@id\":\"https:\/\/www.domstavpro.com\/index.php\/produkt\/znackovy-stavtool-zn31041-hladitko-nerezove-zubove-270x127-mm-zub-8x8-mm-22354\/#primaryimage\"},\"thumbnailUrl\":\"https:\/\/www.domstavpro.com\/wp-content\/uploads\/2026\/SK0030475-CZ20260425-092328-0-1777080210-1258653-1_103232.webp\",\"datePublished\":\"2026-04-27T15:08:45+00:00\",\"breadcrumb\":{\"@id\":\"https:\/\/www.domstavpro.com\/index.php\/produkt\/znackovy-stavtool-zn31041-hladitko-nerezove-zubove-270x127-mm-zub-8x8-mm-22354\/#breadcrumb\"},\"inLanguage\":\"cs\",\"potentialAction\":[{\"@type\":\"ReadAction\",\"target\":[\"https:\/\/www.domstavpro.com\/index.php\/produkt\/znackovy-stavtool-zn31041-hladitko-nerezove-zubove-270x127-mm-zub-8x8-mm-22354\/\"]}]},{\"@type\":\"ImageObject\",\"inLanguage\":\"cs\",\"@id\":\"https:\/\/www.domstavpro.com\/index.php\/produkt\/znackovy-stavtool-zn31041-hladitko-nerezove-zubove-270x127-mm-zub-8x8-mm-22354\/#primaryimage\",\"url\":\"https:\/\/www.domstavpro.com\/wp-content\/uploads\/2026\/SK0030475-CZ20260425-092328-0-1777080210-1258653-1_103232.webp\",\"contentUrl\":\"https:\/\/www.domstavpro.com\/wp-content\/uploads\/2026\/SK0030475-CZ20260425-092328-0-1777080210-1258653-1_103232.webp\",\"width\":800,\"height\":800},{\"@type\":\"BreadcrumbList\",\"@id\":\"https:\/\/www.domstavpro.com\/index.php\/produkt\/znackovy-stavtool-zn31041-hladitko-nerezove-zubove-270x127-mm-zub-8x8-mm-22354\/#breadcrumb\",\"itemListElement\":[{\"@type\":\"ListItem\",\"position\":1,\"name\":\"Home\",\"item\":\"https:\/\/www.domstavpro.com\/\"},{\"@type\":\"ListItem\",\"position\":2,\"name\":\"Products\",\"item\":\"https:\/\/www.domstavpro.com\/index.php\/products\/\"},{\"@type\":\"ListItem\",\"position\":3,\"name\":\"Zna\u010dkov\u00fd Stavtool ZN31041 hlad\u00edtko nerezov\u00e9 zubov\u00e9 | 270&#215;127 mm, zub 8&#215;8 mm\"}]},{\"@type\":\"WebSite\",\"@id\":\"https:\/\/www.domstavpro.com\/#website\",\"url\":\"https:\/\/www.domstavpro.com\/\",\"name\":\"\",\"description\":\"\",\"potentialAction\":[{\"@type\":\"SearchAction\",\"target\":{\"@type\":\"EntryPoint\",\"urlTemplate\":\"https:\/\/www.domstavpro.com\/?s={search_term_string}\"},\"query-input\":{\"@type\":\"PropertyValueSpecification\",\"valueRequired\":true,\"valueName\":\"search_term_string\"}}],\"inLanguage\":\"cs\"}]}<\/script>\n<!-- \/ Yoast SEO plugin. -->","yoast_head_json":{"title":"Zna\u010dkov\u00fd Stavtool ZN31041 hlad\u00edtko nerezov\u00e9 zubov\u00e9 | 270x127 mm, zub 8x8 mm -","robots":{"index":"index","follow":"follow","max-snippet":"max-snippet:-1","max-image-preview":"max-image-preview:large","max-video-preview":"max-video-preview:-1"},"canonical":"https:\/\/www.domstavpro.com\/index.php\/produkt\/znackovy-stavtool-zn31041-hladitko-nerezove-zubove-270x127-mm-zub-8x8-mm-22354\/","og_locale":"cs_CZ","og_type":"article","og_title":"Zna\u010dkov\u00fd Stavtool ZN31041 hlad\u00edtko nerezov\u00e9 zubov\u00e9 | 270x127 mm, zub 8x8 mm -","og_description":"Nerezov\u00e9 hlad\u00edtko s PVC rukojet\u00ed, vhodn\u00e9 pro nan\u00e1\u0161en\u00ed lepidel, malty atd. Rozm\u011br 270&#215;127 mm Rozm\u011br zubu 8&#215;8 mm","og_url":"https:\/\/www.domstavpro.com\/index.php\/produkt\/znackovy-stavtool-zn31041-hladitko-nerezove-zubove-270x127-mm-zub-8x8-mm-22354\/","og_image":[{"width":800,"height":800,"url":"https:\/\/www.domstavpro.com\/wp-content\/uploads\/2026\/SK0030475-CZ20260425-092328-0-1777080210-1258653-1_103232.webp","type":"image\/webp"}],"twitter_card":"summary_large_image","schema":{"@context":"https:\/\/schema.org","@graph":[{"@type":"WebPage","@id":"https:\/\/www.domstavpro.com\/index.php\/produkt\/znackovy-stavtool-zn31041-hladitko-nerezove-zubove-270x127-mm-zub-8x8-mm-22354\/","url":"https:\/\/www.domstavpro.com\/index.php\/produkt\/znackovy-stavtool-zn31041-hladitko-nerezove-zubove-270x127-mm-zub-8x8-mm-22354\/","name":"Zna\u010dkov\u00fd Stavtool ZN31041 hlad\u00edtko nerezov\u00e9 zubov\u00e9 | 270x127 mm, zub 8x8 mm -","isPartOf":{"@id":"https:\/\/www.domstavpro.com\/#website"},"primaryImageOfPage":{"@id":"https:\/\/www.domstavpro.com\/index.php\/produkt\/znackovy-stavtool-zn31041-hladitko-nerezove-zubove-270x127-mm-zub-8x8-mm-22354\/#primaryimage"},"image":{"@id":"https:\/\/www.domstavpro.com\/index.php\/produkt\/znackovy-stavtool-zn31041-hladitko-nerezove-zubove-270x127-mm-zub-8x8-mm-22354\/#primaryimage"},"thumbnailUrl":"https:\/\/www.domstavpro.com\/wp-content\/uploads\/2026\/SK0030475-CZ20260425-092328-0-1777080210-1258653-1_103232.webp","datePublished":"2026-04-27T15:08:45+00:00","breadcrumb":{"@id":"https:\/\/www.domstavpro.com\/index.php\/produkt\/znackovy-stavtool-zn31041-hladitko-nerezove-zubove-270x127-mm-zub-8x8-mm-22354\/#breadcrumb"},"inLanguage":"cs","potentialAction":[{"@type":"ReadAction","target":["https:\/\/www.domstavpro.com\/index.php\/produkt\/znackovy-stavtool-zn31041-hladitko-nerezove-zubove-270x127-mm-zub-8x8-mm-22354\/"]}]},{"@type":"ImageObject","inLanguage":"cs","@id":"https:\/\/www.domstavpro.com\/index.php\/produkt\/znackovy-stavtool-zn31041-hladitko-nerezove-zubove-270x127-mm-zub-8x8-mm-22354\/#primaryimage","url":"https:\/\/www.domstavpro.com\/wp-content\/uploads\/2026\/SK0030475-CZ20260425-092328-0-1777080210-1258653-1_103232.webp","contentUrl":"https:\/\/www.domstavpro.com\/wp-content\/uploads\/2026\/SK0030475-CZ20260425-092328-0-1777080210-1258653-1_103232.webp","width":800,"height":800},{"@type":"BreadcrumbList","@id":"https:\/\/www.domstavpro.com\/index.php\/produkt\/znackovy-stavtool-zn31041-hladitko-nerezove-zubove-270x127-mm-zub-8x8-mm-22354\/#breadcrumb","itemListElement":[{"@type":"ListItem","position":1,"name":"Home","item":"https:\/\/www.domstavpro.com\/"},{"@type":"ListItem","position":2,"name":"Products","item":"https:\/\/www.domstavpro.com\/index.php\/products\/"},{"@type":"ListItem","position":3,"name":"Zna\u010dkov\u00fd Stavtool ZN31041 hlad\u00edtko nerezov\u00e9 zubov\u00e9 | 270&#215;127 mm, zub 8&#215;8 mm"}]},{"@type":"WebSite","@id":"https:\/\/www.domstavpro.com\/#website","url":"https:\/\/www.domstavpro.com\/","name":"","description":"","potentialAction":[{"@type":"SearchAction","target":{"@type":"EntryPoint","urlTemplate":"https:\/\/www.domstavpro.com\/?s={search_term_string}"},"query-input":{"@type":"PropertyValueSpecification","valueRequired":true,"valueName":"search_term_string"}}],"inLanguage":"cs"}]}},"_links":{"self":[{"href":"https:\/\/www.domstavpro.com\/index.php\/wp-json\/wp\/v2\/product\/22354","targetHints":{"allow":["GET"]}}],"collection":[{"href":"https:\/\/www.domstavpro.com\/index.php\/wp-json\/wp\/v2\/product"}],"about":[{"href":"https:\/\/www.domstavpro.com\/index.php\/wp-json\/wp\/v2\/types\/product"}],"replies":[{"embeddable":true,"href":"https:\/\/www.domstavpro.com\/index.php\/wp-json\/wp\/v2\/comments?post=22354"}],"wp:featuredmedia":[{"embeddable":true,"href":"https:\/\/www.domstavpro.com\/index.php\/wp-json\/wp\/v2\/media\/22454"}],"wp:attachment":[{"href":"https:\/\/www.domstavpro.com\/index.php\/wp-json\/wp\/v2\/media?parent=22354"}],"wp:term":[{"taxonomy":"product_brand","embeddable":true,"href":"https:\/\/www.domstavpro.com\/index.php\/wp-json\/wp\/v2\/product_brand?post=22354"},{"taxonomy":"product_cat","embeddable":true,"href":"https:\/\/www.domstavpro.com\/index.php\/wp-json\/wp\/v2\/product_cat?post=22354"},{"taxonomy":"product_tag","embeddable":true,"href":"https:\/\/www.domstavpro.com\/index.php\/wp-json\/wp\/v2\/product_tag?post=22354"}],"curies":[{"name":"wp","href":"https:\/\/api.w.org\/{rel}","templated":true}]}}