{"id":19344,"date":"2026-04-27T15:08:37","date_gmt":"2026-04-27T15:08:37","guid":{"rendered":""},"modified":"2026-04-27T15:08:37","modified_gmt":"2026-04-27T15:08:37","slug":"3-numinos-r-dali-l-3fazove-systemove-svitidlo-cerna-cerna-2700-k-24deg-big-white-slv-pouze-dnes-19344","status":"publish","type":"product","link":"https:\/\/www.domstavpro.com\/index.php\/produkt\/3-numinos-r-dali-l-3fazove-systemove-svitidlo-cerna-cerna-2700-k-24deg-big-white-slv-pouze-dnes-19344\/","title":{"rendered":"3~ NUMINOS\u00ae DALI L 3f\u00e1zov\u00e9 syst\u00e9mov\u00e9 sv\u00edtidlo \u010dern\u00e1\/\u010dern\u00e1 2700 K 24\u00b0 &#8211; BIG WHITE (SLV) Pouze Dnes"},"content":{"rendered":"<h3 class=\"product-h3\">Popis produktu<\/h3>\n<p><h2>NUMINOS\u00ae DALI L 3f\u00e1zov\u00e9 syst\u00e9mov\u00e9 sv\u00edtidlo \u010dern\u00e1\/\u010dern\u00e1 2700 K 24\u00b0 \u2013 Precizn\u00ed sv\u011btlo pro n\u00e1ro\u010dn\u00e9 projekty<\/h2>\n<p>Objevte sv\u00edtidlo <strong>NUMINOS\u00ae DALI L<\/strong> od SLV \u2013 sofistikovan\u00e9 \u0159e\u0161en\u00ed pro profesion\u00e1ln\u00ed osv\u011btlen\u00ed, kter\u00e9 spojuje \u0161pi\u010dkovou technologii, precizn\u00ed design a maxim\u00e1ln\u00ed flexibilitu. Tento modul\u00e1rn\u00ed bodov\u00fd reflektor v elegantn\u00edm \u010dern\u00e9m proveden\u00ed je navr\u017een pro 3f\u00e1zov\u00e9 li\u0161tov\u00e9 syst\u00e9my a ide\u00e1ln\u011b se hod\u00ed pro projekty, kde je \u017e\u00e1douc\u00ed jednotn\u00fd vizu\u00e1ln\u00ed jazyk a perfektn\u00ed sv\u011bteln\u00e9 pod\u00e1n\u00ed.<\/p>\n<h3>Pro\u010d zvolit syst\u00e9m NUMINOS\u00ae?<\/h3>\n<ul>\n<li><strong>Modul\u00e1rn\u00ed koncepce<\/strong> \u2013 v\u00edce ne\u017e tis\u00edc kombinac\u00ed pro jedine\u010dn\u00e9 projekty<\/li>\n<li><strong>Oto\u010dn\u00fd a v\u00fdklopn\u00fd reflektor<\/strong> \u2013 ide\u00e1ln\u00ed pro sm\u011brov\u00e1n\u00ed sv\u011btla p\u0159esn\u011b tam, kde je pot\u0159eba<\/li>\n<li><strong>V\u00fdb\u011br z r\u016fzn\u00fdch v\u00fdkon\u016f, tvar\u016f a \u00fahl\u016f vyza\u0159ov\u00e1n\u00ed<\/strong> \u2013 flexibilita i pro slo\u017eit\u00e9 prostory<\/li>\n<li><strong>Stm\u00edv\u00e1n\u00ed pomoc\u00ed DALI<\/strong> \u2013 mo\u017enost centr\u00e1ln\u00ed inteligentn\u00ed spr\u00e1vy osv\u011btlen\u00ed<\/li>\n<li><strong>Vysok\u00e9 CRI \u226590<\/strong> \u2013 v\u011brn\u00e9 pod\u00e1n\u00ed barev pro reprezentativn\u00ed prostory<\/li>\n<\/ul>\n<h3>Charakteristika a doporu\u010den\u00e9 pou\u017eit\u00ed<\/h3>\n<p>Toto stropn\u00ed sv\u00edtidlo s \u00fahlem vyza\u0159ov\u00e1n\u00ed <strong>24\u00b0<\/strong> a teplotou barvy <strong>2700 K (tepl\u00e1 b\u00edl\u00e1)<\/strong> je skv\u011blou volbou pro zv\u00fdrazn\u011bn\u00ed objekt\u016f, nasv\u00edcen\u00ed reg\u00e1l\u016f, v\u00fdloh, um\u011bleck\u00fdch d\u011bl nebo vytvo\u0159en\u00ed akcent\u016f v obytn\u00fdch, obchodn\u00edch i restaura\u010dn\u00edch interi\u00e9rech. Minimalistick\u00fd design a kvalitn\u00ed hlin\u00edkov\u00e1 konstrukce podtrhuj\u00ed luxusn\u00ed charakter sv\u00edtidla.<\/p>\n<ul>\n<li><strong>V\u00fdkon:<\/strong> 28 W<\/li>\n<li><strong>Sv\u011bteln\u00fd tok:<\/strong> 2430 lm<\/li>\n<li><strong>Stm\u00edvateln\u00e9 (DALI):<\/strong> ano, LED driver je sou\u010d\u00e1st\u00ed<\/li>\n<li><strong>Rozm\u011bry:<\/strong> pr\u016fm\u011br 100 mm, d\u00e9lka 213 mm, v\u00fd\u0161ka 180 mm<\/li>\n<li><strong>Vhodn\u00e9 pro:<\/strong> hotely, kancel\u00e1\u0159e, galerie, komer\u010dn\u00ed i soukrom\u00e9 interi\u00e9ry<\/li>\n<\/ul>\n<h3>Z\u00e1ruky a certifikace<\/h3>\n<ul>\n<li><strong>\u017divotnost LED:<\/strong> 50&nbsp;000 h<\/li>\n<li><strong>Z\u00e1ruka:<\/strong> 2 roky<\/li>\n<li><strong>Certifikace:<\/strong> CE<\/li>\n<li><strong>Energetick\u00e1 t\u0159\u00edda:<\/strong> E<\/li>\n<\/ul>\n<h3>Inspirace &#038; doporu\u010den\u00ed architekta<\/h3>\n<p>D\u00edky koncepci 3f\u00e1zov\u00e9ho syst\u00e9mu snadno kombinujte r\u016fzn\u00e9 typy sv\u00edtidel v jedn\u00e9 linii a vytv\u00e1\u0159ejte sc\u00e9n\u00e1\u0159e s r\u016fzn\u00fdmi n\u00e1ladami \u2013 nap\u0159\u00edklad kombinac\u00ed tepl\u00fdch a neutr\u00e1ln\u00edch odst\u00edn\u016f sv\u011btla nebo \u00fahl\u016f vyza\u0159ov\u00e1n\u00ed. Ocen\u00edte snadnou instalaci a dokonalou n\u00e1vaznost na dal\u0161\u00ed produkty \u0159ady NUMINOS\u00ae. Pokud hled\u00e1te konzultaci nad komplexn\u00edm \u0159e\u0161en\u00edm pro sv\u016fj projekt, nev\u00e1hejte se obr\u00e1tit na na\u0161e sv\u011bteln\u00e9 studio.<\/p>\n<p>Konfigurovat sv\u00e9 sv\u00edtidlo m\u016f\u017eete na AULIX-SLV.<\/p>\n<\/p><\/div>\n<\/p><\/div>\n<p><\/p>\n<div class=\"top-params\">\n<h3 class=\"product-h3 collapse-header \" data-toggle=\"collapse\" data-target=\"#collapseOne\" aria-expanded=\"true\" aria-controls=\"collapseOne\">Parametry<\/h3>\n<div id=\"collapseOne\" class=\"collapse show\" aria-labelledby=\"headingOne\" data-parent=\"#product-info-accordion1\">\n<table class=\"table-striped\">\n<tr>\n<td>                U v\u00fdrobce dostupn\u00fdch            <\/td>\n<td>                0                    ks            <\/td>\n<\/tr>\n<tr>\n<td>                V\u00fd\u0161ka v mm            <\/td>\n<td>                180            <\/td>\n<\/tr>\n<tr>\n<td>                \u00dahel z\u00e1\u0159en\u00ed            <\/td>\n<td>                24\u00b0            <\/td>\n<\/tr>\n<tr>\n<td>                Stm\u00edvateln\u00e9            <\/td>\n<td>                ano, DALI            <\/td>\n<\/tr>\n<tr>\n<td>                \u017divotnost            <\/td>\n<td>                50000h            <\/td>\n<\/tr>\n<tr>\n<td>                Hmotnost g            <\/td>\n<td>                1000            <\/td>\n<\/tr>\n<tr>\n<td>                Pr\u016fm\u011br v mm            <\/td>\n<td>                100            <\/td>\n<\/tr>\n<tr>\n<td>                D\u00e9lka v mm            <\/td>\n<td>                213            <\/td>\n<\/tr>\n<tr>\n<td>                Sv\u011bteln\u00fd tok            <\/td>\n<td>                2430lm            <\/td>\n<\/tr>\n<tr>\n<td>                Teplota barvy sv\u011btla            <\/td>\n<td>                2700K            <\/td>\n<\/tr>\n<tr>\n<td>                V\u00fdkon            <\/td>\n<td>                28W            <\/td>\n<\/tr>\n<tr>\n<td>                Nap\u00e1jec\u00ed nap\u011bt\u00ed            <\/td>\n<td>                220-240V            <\/td>\n<\/tr>\n<tr>\n<td>                Patice            <\/td>\n<td>                LED            <\/td>\n<\/tr>\n<tr>\n<td>                Proudov\u00e9 zat\u00ed\u017een\u00ed            <\/td>\n<td>                700mA            <\/td>\n<\/tr>\n<tr>\n<td>                V\u010detn\u011b sv\u011bteln\u00e9ho zdroje            <\/td>\n<td>                ano            <\/td>\n<\/tr>\n<tr>\n<td>                Materi\u00e1l            <\/td>\n<td>                hlin\u00edk            <\/td>\n<\/tr>\n<tr>\n<td>                Barva            <\/td>\n<td>                \u010dern\u00e1            <\/td>\n<\/tr>\n<tr>\n<td>                Kolekce            <\/td>\n<td>                NUMINOS L            <\/td>\n<\/tr>\n<tr>\n<td>                V\u00fdrobce            <\/td>\n<td>                SLV &#8211; BIG WHITE            <\/td>\n<\/tr>\n<tr>\n<td>                Energetick\u00e1 \u00fa\u010dinnost            <\/td>\n<td>                E            <\/td>\n<\/tr>\n<tr>\n<td>                Index pod\u00e1n\u00ed barev            <\/td>\n<td>                90            <\/td>\n<\/tr>\n<\/table>\n<\/div><\/div>\n<\/div>\n<div class=\"accordion\" id=\"product-info-accordion2\">\n","protected":false},"excerpt":{"rendered":"<p>Popis produktu NUMINOS\u00ae DALI L 3f\u00e1zov\u00e9 syst\u00e9mov\u00e9 sv\u00edtidlo \u010dern\u00e1\/\u010dern\u00e1 2700 K 24\u00b0 \u2013 Precizn\u00ed sv\u011btlo pro n\u00e1ro\u010dn\u00e9 projekty Objevte sv\u00edtidlo NUMINOS\u00ae DALI L od SLV \u2013 sofistikovan\u00e9 \u0159e\u0161en\u00ed pro profesion\u00e1ln\u00ed osv\u011btlen\u00ed, kter\u00e9 spojuje \u0161pi\u010dkovou technologii, precizn\u00ed design a maxim\u00e1ln\u00ed flexibilitu. Tento modul\u00e1rn\u00ed bodov\u00fd reflektor v elegantn\u00edm \u010dern\u00e9m proveden\u00ed je navr\u017een pro 3f\u00e1zov\u00e9 li\u0161tov\u00e9 syst\u00e9my a [&hellip;]<\/p>\n","protected":false},"featured_media":19444,"comment_status":"open","ping_status":"open","template":"","meta":[],"product_brand":[],"product_cat":[35],"product_tag":[],"class_list":{"0":"post-19344","1":"product","2":"type-product","3":"status-publish","4":"has-post-thumbnail","6":"product_cat-systemy","8":"first","9":"instock","10":"sale","11":"shipping-taxable","12":"purchasable","13":"product-type-simple"},"yoast_head":"<!-- This site is optimized with the Yoast SEO plugin v26.8 - https:\/\/yoast.com\/product\/yoast-seo-wordpress\/ -->\n<title>3~ NUMINOS\u00ae DALI L 3f\u00e1zov\u00e9 syst\u00e9mov\u00e9 sv\u00edtidlo \u010dern\u00e1\/\u010dern\u00e1 2700 K 24\u00b0 - BIG WHITE (SLV) Pouze Dnes -<\/title>\n<meta name=\"robots\" content=\"index, follow, max-snippet:-1, max-image-preview:large, max-video-preview:-1\" \/>\n<link rel=\"canonical\" href=\"https:\/\/www.domstavpro.com\/index.php\/produkt\/3-numinos-r-dali-l-3fazove-systemove-svitidlo-cerna-cerna-2700-k-24deg-big-white-slv-pouze-dnes-19344\/\" \/>\n<meta property=\"og:locale\" content=\"cs_CZ\" \/>\n<meta property=\"og:type\" content=\"article\" \/>\n<meta property=\"og:title\" content=\"3~ NUMINOS\u00ae DALI L 3f\u00e1zov\u00e9 syst\u00e9mov\u00e9 sv\u00edtidlo \u010dern\u00e1\/\u010dern\u00e1 2700 K 24\u00b0 - BIG WHITE (SLV) Pouze Dnes -\" \/>\n<meta property=\"og:description\" content=\"Popis produktu NUMINOS\u00ae DALI L 3f\u00e1zov\u00e9 syst\u00e9mov\u00e9 sv\u00edtidlo \u010dern\u00e1\/\u010dern\u00e1 2700 K 24\u00b0 \u2013 Precizn\u00ed sv\u011btlo pro n\u00e1ro\u010dn\u00e9 projekty Objevte sv\u00edtidlo NUMINOS\u00ae DALI L od SLV \u2013 sofistikovan\u00e9 \u0159e\u0161en\u00ed pro profesion\u00e1ln\u00ed osv\u011btlen\u00ed, kter\u00e9 spojuje \u0161pi\u010dkovou technologii, precizn\u00ed design a maxim\u00e1ln\u00ed flexibilitu. Tento modul\u00e1rn\u00ed bodov\u00fd reflektor v elegantn\u00edm \u010dern\u00e9m proveden\u00ed je navr\u017een pro 3f\u00e1zov\u00e9 li\u0161tov\u00e9 syst\u00e9my a [&hellip;]\" \/>\n<meta property=\"og:url\" content=\"https:\/\/www.domstavpro.com\/index.php\/produkt\/3-numinos-r-dali-l-3fazove-systemove-svitidlo-cerna-cerna-2700-k-24deg-big-white-slv-pouze-dnes-19344\/\" \/>\n<meta property=\"og:image\" content=\"https:\/\/www.domstavpro.com\/wp-content\/uploads\/2026\/SK0026346-CZ20260425-091535-0-1777079744-LA-1004554.webp\" \/>\n\t<meta property=\"og:image:width\" content=\"800\" \/>\n\t<meta property=\"og:image:height\" content=\"800\" \/>\n\t<meta property=\"og:image:type\" content=\"image\/webp\" \/>\n<meta name=\"twitter:card\" content=\"summary_large_image\" \/>\n<meta name=\"twitter:label1\" content=\"Odhadovan\u00e1 doba \u010dten\u00ed\" \/>\n\t<meta name=\"twitter:data1\" content=\"2 minuty\" \/>\n<script type=\"application\/ld+json\" class=\"yoast-schema-graph\">{\"@context\":\"https:\/\/schema.org\",\"@graph\":[{\"@type\":\"WebPage\",\"@id\":\"https:\/\/www.domstavpro.com\/index.php\/produkt\/3-numinos-r-dali-l-3fazove-systemove-svitidlo-cerna-cerna-2700-k-24deg-big-white-slv-pouze-dnes-19344\/\",\"url\":\"https:\/\/www.domstavpro.com\/index.php\/produkt\/3-numinos-r-dali-l-3fazove-systemove-svitidlo-cerna-cerna-2700-k-24deg-big-white-slv-pouze-dnes-19344\/\",\"name\":\"3~ NUMINOS\u00ae DALI L 3f\u00e1zov\u00e9 syst\u00e9mov\u00e9 sv\u00edtidlo \u010dern\u00e1\/\u010dern\u00e1 2700 K 24\u00b0 - BIG WHITE (SLV) Pouze Dnes -\",\"isPartOf\":{\"@id\":\"https:\/\/www.domstavpro.com\/#website\"},\"primaryImageOfPage\":{\"@id\":\"https:\/\/www.domstavpro.com\/index.php\/produkt\/3-numinos-r-dali-l-3fazove-systemove-svitidlo-cerna-cerna-2700-k-24deg-big-white-slv-pouze-dnes-19344\/#primaryimage\"},\"image\":{\"@id\":\"https:\/\/www.domstavpro.com\/index.php\/produkt\/3-numinos-r-dali-l-3fazove-systemove-svitidlo-cerna-cerna-2700-k-24deg-big-white-slv-pouze-dnes-19344\/#primaryimage\"},\"thumbnailUrl\":\"https:\/\/www.domstavpro.com\/wp-content\/uploads\/2026\/SK0026346-CZ20260425-091535-0-1777079744-LA-1004554.webp\",\"datePublished\":\"2026-04-27T15:08:37+00:00\",\"breadcrumb\":{\"@id\":\"https:\/\/www.domstavpro.com\/index.php\/produkt\/3-numinos-r-dali-l-3fazove-systemove-svitidlo-cerna-cerna-2700-k-24deg-big-white-slv-pouze-dnes-19344\/#breadcrumb\"},\"inLanguage\":\"cs\",\"potentialAction\":[{\"@type\":\"ReadAction\",\"target\":[\"https:\/\/www.domstavpro.com\/index.php\/produkt\/3-numinos-r-dali-l-3fazove-systemove-svitidlo-cerna-cerna-2700-k-24deg-big-white-slv-pouze-dnes-19344\/\"]}]},{\"@type\":\"ImageObject\",\"inLanguage\":\"cs\",\"@id\":\"https:\/\/www.domstavpro.com\/index.php\/produkt\/3-numinos-r-dali-l-3fazove-systemove-svitidlo-cerna-cerna-2700-k-24deg-big-white-slv-pouze-dnes-19344\/#primaryimage\",\"url\":\"https:\/\/www.domstavpro.com\/wp-content\/uploads\/2026\/SK0026346-CZ20260425-091535-0-1777079744-LA-1004554.webp\",\"contentUrl\":\"https:\/\/www.domstavpro.com\/wp-content\/uploads\/2026\/SK0026346-CZ20260425-091535-0-1777079744-LA-1004554.webp\",\"width\":800,\"height\":800},{\"@type\":\"BreadcrumbList\",\"@id\":\"https:\/\/www.domstavpro.com\/index.php\/produkt\/3-numinos-r-dali-l-3fazove-systemove-svitidlo-cerna-cerna-2700-k-24deg-big-white-slv-pouze-dnes-19344\/#breadcrumb\",\"itemListElement\":[{\"@type\":\"ListItem\",\"position\":1,\"name\":\"Home\",\"item\":\"https:\/\/www.domstavpro.com\/\"},{\"@type\":\"ListItem\",\"position\":2,\"name\":\"Products\",\"item\":\"https:\/\/www.domstavpro.com\/index.php\/products\/\"},{\"@type\":\"ListItem\",\"position\":3,\"name\":\"3~ NUMINOS\u00ae DALI L 3f\u00e1zov\u00e9 syst\u00e9mov\u00e9 sv\u00edtidlo \u010dern\u00e1\/\u010dern\u00e1 2700 K 24\u00b0 &#8211; BIG WHITE (SLV) Pouze Dnes\"}]},{\"@type\":\"WebSite\",\"@id\":\"https:\/\/www.domstavpro.com\/#website\",\"url\":\"https:\/\/www.domstavpro.com\/\",\"name\":\"\",\"description\":\"\",\"potentialAction\":[{\"@type\":\"SearchAction\",\"target\":{\"@type\":\"EntryPoint\",\"urlTemplate\":\"https:\/\/www.domstavpro.com\/?s={search_term_string}\"},\"query-input\":{\"@type\":\"PropertyValueSpecification\",\"valueRequired\":true,\"valueName\":\"search_term_string\"}}],\"inLanguage\":\"cs\"}]}<\/script>\n<!-- \/ Yoast SEO plugin. -->","yoast_head_json":{"title":"3~ NUMINOS\u00ae DALI L 3f\u00e1zov\u00e9 syst\u00e9mov\u00e9 sv\u00edtidlo \u010dern\u00e1\/\u010dern\u00e1 2700 K 24\u00b0 - BIG WHITE (SLV) Pouze Dnes -","robots":{"index":"index","follow":"follow","max-snippet":"max-snippet:-1","max-image-preview":"max-image-preview:large","max-video-preview":"max-video-preview:-1"},"canonical":"https:\/\/www.domstavpro.com\/index.php\/produkt\/3-numinos-r-dali-l-3fazove-systemove-svitidlo-cerna-cerna-2700-k-24deg-big-white-slv-pouze-dnes-19344\/","og_locale":"cs_CZ","og_type":"article","og_title":"3~ NUMINOS\u00ae DALI L 3f\u00e1zov\u00e9 syst\u00e9mov\u00e9 sv\u00edtidlo \u010dern\u00e1\/\u010dern\u00e1 2700 K 24\u00b0 - BIG WHITE (SLV) Pouze Dnes -","og_description":"Popis produktu NUMINOS\u00ae DALI L 3f\u00e1zov\u00e9 syst\u00e9mov\u00e9 sv\u00edtidlo \u010dern\u00e1\/\u010dern\u00e1 2700 K 24\u00b0 \u2013 Precizn\u00ed sv\u011btlo pro n\u00e1ro\u010dn\u00e9 projekty Objevte sv\u00edtidlo NUMINOS\u00ae DALI L od SLV \u2013 sofistikovan\u00e9 \u0159e\u0161en\u00ed pro profesion\u00e1ln\u00ed osv\u011btlen\u00ed, kter\u00e9 spojuje \u0161pi\u010dkovou technologii, precizn\u00ed design a maxim\u00e1ln\u00ed flexibilitu. Tento modul\u00e1rn\u00ed bodov\u00fd reflektor v elegantn\u00edm \u010dern\u00e9m proveden\u00ed je navr\u017een pro 3f\u00e1zov\u00e9 li\u0161tov\u00e9 syst\u00e9my a [&hellip;]","og_url":"https:\/\/www.domstavpro.com\/index.php\/produkt\/3-numinos-r-dali-l-3fazove-systemove-svitidlo-cerna-cerna-2700-k-24deg-big-white-slv-pouze-dnes-19344\/","og_image":[{"width":800,"height":800,"url":"https:\/\/www.domstavpro.com\/wp-content\/uploads\/2026\/SK0026346-CZ20260425-091535-0-1777079744-LA-1004554.webp","type":"image\/webp"}],"twitter_card":"summary_large_image","twitter_misc":{"Odhadovan\u00e1 doba \u010dten\u00ed":"2 minuty"},"schema":{"@context":"https:\/\/schema.org","@graph":[{"@type":"WebPage","@id":"https:\/\/www.domstavpro.com\/index.php\/produkt\/3-numinos-r-dali-l-3fazove-systemove-svitidlo-cerna-cerna-2700-k-24deg-big-white-slv-pouze-dnes-19344\/","url":"https:\/\/www.domstavpro.com\/index.php\/produkt\/3-numinos-r-dali-l-3fazove-systemove-svitidlo-cerna-cerna-2700-k-24deg-big-white-slv-pouze-dnes-19344\/","name":"3~ NUMINOS\u00ae DALI L 3f\u00e1zov\u00e9 syst\u00e9mov\u00e9 sv\u00edtidlo \u010dern\u00e1\/\u010dern\u00e1 2700 K 24\u00b0 - BIG WHITE (SLV) Pouze Dnes -","isPartOf":{"@id":"https:\/\/www.domstavpro.com\/#website"},"primaryImageOfPage":{"@id":"https:\/\/www.domstavpro.com\/index.php\/produkt\/3-numinos-r-dali-l-3fazove-systemove-svitidlo-cerna-cerna-2700-k-24deg-big-white-slv-pouze-dnes-19344\/#primaryimage"},"image":{"@id":"https:\/\/www.domstavpro.com\/index.php\/produkt\/3-numinos-r-dali-l-3fazove-systemove-svitidlo-cerna-cerna-2700-k-24deg-big-white-slv-pouze-dnes-19344\/#primaryimage"},"thumbnailUrl":"https:\/\/www.domstavpro.com\/wp-content\/uploads\/2026\/SK0026346-CZ20260425-091535-0-1777079744-LA-1004554.webp","datePublished":"2026-04-27T15:08:37+00:00","breadcrumb":{"@id":"https:\/\/www.domstavpro.com\/index.php\/produkt\/3-numinos-r-dali-l-3fazove-systemove-svitidlo-cerna-cerna-2700-k-24deg-big-white-slv-pouze-dnes-19344\/#breadcrumb"},"inLanguage":"cs","potentialAction":[{"@type":"ReadAction","target":["https:\/\/www.domstavpro.com\/index.php\/produkt\/3-numinos-r-dali-l-3fazove-systemove-svitidlo-cerna-cerna-2700-k-24deg-big-white-slv-pouze-dnes-19344\/"]}]},{"@type":"ImageObject","inLanguage":"cs","@id":"https:\/\/www.domstavpro.com\/index.php\/produkt\/3-numinos-r-dali-l-3fazove-systemove-svitidlo-cerna-cerna-2700-k-24deg-big-white-slv-pouze-dnes-19344\/#primaryimage","url":"https:\/\/www.domstavpro.com\/wp-content\/uploads\/2026\/SK0026346-CZ20260425-091535-0-1777079744-LA-1004554.webp","contentUrl":"https:\/\/www.domstavpro.com\/wp-content\/uploads\/2026\/SK0026346-CZ20260425-091535-0-1777079744-LA-1004554.webp","width":800,"height":800},{"@type":"BreadcrumbList","@id":"https:\/\/www.domstavpro.com\/index.php\/produkt\/3-numinos-r-dali-l-3fazove-systemove-svitidlo-cerna-cerna-2700-k-24deg-big-white-slv-pouze-dnes-19344\/#breadcrumb","itemListElement":[{"@type":"ListItem","position":1,"name":"Home","item":"https:\/\/www.domstavpro.com\/"},{"@type":"ListItem","position":2,"name":"Products","item":"https:\/\/www.domstavpro.com\/index.php\/products\/"},{"@type":"ListItem","position":3,"name":"3~ NUMINOS\u00ae DALI L 3f\u00e1zov\u00e9 syst\u00e9mov\u00e9 sv\u00edtidlo \u010dern\u00e1\/\u010dern\u00e1 2700 K 24\u00b0 &#8211; BIG WHITE (SLV) Pouze Dnes"}]},{"@type":"WebSite","@id":"https:\/\/www.domstavpro.com\/#website","url":"https:\/\/www.domstavpro.com\/","name":"","description":"","potentialAction":[{"@type":"SearchAction","target":{"@type":"EntryPoint","urlTemplate":"https:\/\/www.domstavpro.com\/?s={search_term_string}"},"query-input":{"@type":"PropertyValueSpecification","valueRequired":true,"valueName":"search_term_string"}}],"inLanguage":"cs"}]}},"_links":{"self":[{"href":"https:\/\/www.domstavpro.com\/index.php\/wp-json\/wp\/v2\/product\/19344","targetHints":{"allow":["GET"]}}],"collection":[{"href":"https:\/\/www.domstavpro.com\/index.php\/wp-json\/wp\/v2\/product"}],"about":[{"href":"https:\/\/www.domstavpro.com\/index.php\/wp-json\/wp\/v2\/types\/product"}],"replies":[{"embeddable":true,"href":"https:\/\/www.domstavpro.com\/index.php\/wp-json\/wp\/v2\/comments?post=19344"}],"wp:featuredmedia":[{"embeddable":true,"href":"https:\/\/www.domstavpro.com\/index.php\/wp-json\/wp\/v2\/media\/19444"}],"wp:attachment":[{"href":"https:\/\/www.domstavpro.com\/index.php\/wp-json\/wp\/v2\/media?parent=19344"}],"wp:term":[{"taxonomy":"product_brand","embeddable":true,"href":"https:\/\/www.domstavpro.com\/index.php\/wp-json\/wp\/v2\/product_brand?post=19344"},{"taxonomy":"product_cat","embeddable":true,"href":"https:\/\/www.domstavpro.com\/index.php\/wp-json\/wp\/v2\/product_cat?post=19344"},{"taxonomy":"product_tag","embeddable":true,"href":"https:\/\/www.domstavpro.com\/index.php\/wp-json\/wp\/v2\/product_tag?post=19344"}],"curies":[{"name":"wp","href":"https:\/\/api.w.org\/{rel}","templated":true}]}}