{"id":19110,"date":"2026-04-27T15:08:37","date_gmt":"2026-04-27T15:08:37","guid":{"rendered":""},"modified":"2026-04-27T15:08:37","modified_gmt":"2026-04-27T15:08:37","slug":"3-numinos-r-dali-s-3fazove-systemove-svitidlo-bila-cerna-3000-k-36deg-big-white-slv-levny-19110","status":"publish","type":"product","link":"https:\/\/www.domstavpro.com\/index.php\/produkt\/3-numinos-r-dali-s-3fazove-systemove-svitidlo-bila-cerna-3000-k-36deg-big-white-slv-levny-19110\/","title":{"rendered":"3~ NUMINOS\u00ae DALI S 3f\u00e1zov\u00e9 syst\u00e9mov\u00e9 sv\u00edtidlo b\u00edl\u00e1\/\u010dern\u00e1 3000 K 36\u00b0 &#8211; BIG WHITE (SLV) Levn\u00fd"},"content":{"rendered":"<h3 class=\"product-h3\">Popis produktu<\/h3>\n<p><h2>Designov\u00e9 3f\u00e1zov\u00e9 syst\u00e9mov\u00e9 sv\u00edtidlo NUMINOS\u00ae DALI S \u2013 b\u00edl\u00e1\/\u010dern\u00e1, 3000 K, 36\u00b0<\/h2>\n<p>Objevte profesion\u00e1ln\u00ed \u0159e\u0161en\u00ed pro modern\u00ed osv\u011btlen\u00ed s <strong>NUMINOS\u00ae DALI S<\/strong> \u2013 \u0161pi\u010dkov\u00fdm t\u0159\u00edf\u00e1zov\u00fdm bodov\u00fdm sv\u00edtidlem z kolekce SLV BIG WHITE. Tento produkt je navr\u017een pro n\u00e1ro\u010dn\u00e9 interi\u00e9ry, kde je kladen d\u016fraz na estetiku, funkci a flexibilitu. <\/p>\n<h3>Pro\u010d si vybrat pr\u00e1v\u011b toto sv\u00edtidlo?<\/h3>\n<ul>\n<li><strong>Modul\u00e1rn\u00ed syst\u00e9m:<\/strong> NUMINOS\u00ae umo\u017e\u0148uje konfigurovat a kombinovat sv\u00edtidla podle pot\u0159eb konkr\u00e9tn\u00edho projektu \u2013 od hotel\u016f, kancel\u00e1\u0159\u00ed, galeri\u00ed a\u017e po reziden\u010dn\u00ed prostory.<\/li>\n<li><strong>Profesion\u00e1ln\u00ed sv\u011bteln\u00fd v\u00fdkon:<\/strong> S \u00fahlem vyza\u0159ov\u00e1n\u00ed 36\u00b0 a sv\u011bteln\u00fdm tokem 1020 lm poskytuje dokonale sm\u011brovan\u00e9, tepl\u00e9 b\u00edl\u00e9 sv\u011btlo (3000 K) pro zv\u00fdrazn\u011bn\u00ed architektury nebo produkt\u016f.<\/li>\n<li><strong>Centr\u00e1ln\u00ed ovl\u00e1d\u00e1n\u00ed a stm\u00edv\u00e1n\u00ed:<\/strong> D\u00edky integrovan\u00e9mu LED driveru s podporou DALI m\u016f\u017eete sv\u011btlo centr\u00e1ln\u011b ovl\u00e1dat a plynule stm\u00edvat podle aktu\u00e1ln\u00ed atmosf\u00e9ry.<\/li>\n<li><strong>Luxusn\u00ed zpracov\u00e1n\u00ed:<\/strong> Minimalistick\u00e9 linie, kombinace b\u00edl\u00e9 a \u010dern\u00e9, t\u011blo z kvalitn\u00edho hlin\u00edku \u2013 ide\u00e1ln\u00ed pro modern\u00ed interi\u00e9ry a nad\u010dasov\u00fd vzhled.<\/li>\n<li><strong>Snadn\u00e1 instalace:<\/strong> Jednoduch\u00e9 uchycen\u00ed do t\u0159\u00edf\u00e1zov\u00e9 li\u0161ty umo\u017e\u0148uje flexibiln\u00ed rozm\u00edst\u011bn\u00ed a snadn\u00e9 zm\u011bny podle budouc\u00edch pot\u0159eb prostoru.<\/li>\n<\/ul>\n<h3>Technick\u00e9 parametry<\/h3>\n<ul>\n<li>V\u00fd\u0161ka: 145 mm<\/li>\n<li>Pr\u016fm\u011br: 65 mm<\/li>\n<li>D\u00e9lka: 162 mm<\/li>\n<li>Hmotnost: 530 g<\/li>\n<li>Materi\u00e1l: hlin\u00edk<\/li>\n<li>Barva: b\u00edl\u00e1\/\u010dern\u00e1<\/li>\n<li>Sv\u011bteln\u00fd tok: 1020 lm<\/li>\n<li>Teplota chromati\u010dnosti: 3000 K (tepl\u00e1 b\u00edl\u00e1)<\/li>\n<li>CRI (index pod\u00e1n\u00ed barev): 90 \u2013 v\u011brn\u00e9 pod\u00e1n\u00ed barev<\/li>\n<li>\u00dahel vyza\u0159ov\u00e1n\u00ed: 36\u00b0<\/li>\n<li>V\u00fdkon: 10,42 W<\/li>\n<li>Nap\u00e1jen\u00ed: 220\u2013240 V<\/li>\n<li>Stm\u00edvateln\u00e9: ano, protokol DALI<\/li>\n<li>Typ sv\u011bteln\u00e9ho zdroje: integrovan\u00e1 LED<\/li>\n<li>Energetick\u00e1 t\u0159\u00edda: E<\/li>\n<\/ul>\n<h3>Z\u00e1ruky a certifikace<\/h3>\n<ul>\n<li><strong>\u017divotnost:<\/strong> 50 000 h<\/li>\n<li><strong>Z\u00e1ruka:<\/strong> 2 roky<\/li>\n<li><strong>Certifikace:<\/strong> CE<\/li>\n<\/ul>\n<h3>Doporu\u010den\u00ed architekta<\/h3>\n<p>Toto sv\u00edtidlo doporu\u010dujeme pro ty, kte\u0159\u00ed hledaj\u00ed maxim\u00e1ln\u00ed flexibilitu, \u010dist\u00fd design a spolehliv\u00fd sv\u011bteln\u00fd v\u00fdkon pro komer\u010dn\u00ed i reziden\u010dn\u00ed prostory. Ide\u00e1ln\u00ed do modern\u00edch interi\u00e9r\u016f, kde je kladen d\u016fraz na detail a precizn\u00ed nasv\u011btlen\u00ed z\u00f3n \u010di exponovan\u00fdch m\u00edst. Pro konfiguraci cel\u00e9ho syst\u00e9mu vyu\u017eijteonline konfigur\u00e1tor NUMINOS\u00ae.<\/p>\n<\/p><\/div>\n<\/p><\/div>\n<p><\/p>\n<div class=\"top-params\">\n<h3 class=\"product-h3 collapse-header \" data-toggle=\"collapse\" data-target=\"#collapseOne\" aria-expanded=\"true\" aria-controls=\"collapseOne\">Parametry<\/h3>\n<div id=\"collapseOne\" class=\"collapse show\" aria-labelledby=\"headingOne\" data-parent=\"#product-info-accordion1\">\n<table class=\"table-striped\">\n<tr>\n<td>                V\u00fd\u0161ka v mm            <\/td>\n<td>                145            <\/td>\n<\/tr>\n<tr>\n<td>                \u00dahel z\u00e1\u0159en\u00ed            <\/td>\n<td>                36\u00b0            <\/td>\n<\/tr>\n<tr>\n<td>                Stm\u00edvateln\u00e9            <\/td>\n<td>                ano, DALI            <\/td>\n<\/tr>\n<tr>\n<td>                \u017divotnost            <\/td>\n<td>                50000h            <\/td>\n<\/tr>\n<tr>\n<td>                Hmotnost g            <\/td>\n<td>                530            <\/td>\n<\/tr>\n<tr>\n<td>                Pr\u016fm\u011br v mm            <\/td>\n<td>                65            <\/td>\n<\/tr>\n<tr>\n<td>                D\u00e9lka v mm            <\/td>\n<td>                162            <\/td>\n<\/tr>\n<tr>\n<td>                Sv\u011bteln\u00fd tok            <\/td>\n<td>                1020lm            <\/td>\n<\/tr>\n<tr>\n<td>                Teplota barvy sv\u011btla            <\/td>\n<td>                3000K            <\/td>\n<\/tr>\n<tr>\n<td>                V\u00fdkon            <\/td>\n<td>                10,42W            <\/td>\n<\/tr>\n<tr>\n<td>                Nap\u00e1jec\u00ed nap\u011bt\u00ed            <\/td>\n<td>                220-240V            <\/td>\n<\/tr>\n<tr>\n<td>                Patice            <\/td>\n<td>                LED            <\/td>\n<\/tr>\n<tr>\n<td>                Proudov\u00e9 zat\u00ed\u017een\u00ed            <\/td>\n<td>                250mA            <\/td>\n<\/tr>\n<tr>\n<td>                V\u010detn\u011b sv\u011bteln\u00e9ho zdroje            <\/td>\n<td>                ano            <\/td>\n<\/tr>\n<tr>\n<td>                Materi\u00e1l            <\/td>\n<td>                hlin\u00edk            <\/td>\n<\/tr>\n<tr>\n<td>                Barva            <\/td>\n<td>                b\u00edl\u00e1            <\/td>\n<\/tr>\n<tr>\n<td>                Kolekce            <\/td>\n<td>                NUMINOS S            <\/td>\n<\/tr>\n<tr>\n<td>                V\u00fdrobce            <\/td>\n<td>                SLV &#8211; BIG WHITE            <\/td>\n<\/tr>\n<tr>\n<td>                Energetick\u00e1 \u00fa\u010dinnost            <\/td>\n<td>                E            <\/td>\n<\/tr>\n<tr>\n<td>                U v\u00fdrobce dostupn\u00fdch            <\/td>\n<td>                489                    ks            <\/td>\n<\/tr>\n<tr>\n<td>                Index pod\u00e1n\u00ed barev            <\/td>\n<td>                90            <\/td>\n<\/tr>\n<\/table>\n<\/div><\/div>\n<\/div>\n<div class=\"accordion\" id=\"product-info-accordion2\">\n","protected":false},"excerpt":{"rendered":"<p>Popis produktu Designov\u00e9 3f\u00e1zov\u00e9 syst\u00e9mov\u00e9 sv\u00edtidlo NUMINOS\u00ae DALI S \u2013 b\u00edl\u00e1\/\u010dern\u00e1, 3000 K, 36\u00b0 Objevte profesion\u00e1ln\u00ed \u0159e\u0161en\u00ed pro modern\u00ed osv\u011btlen\u00ed s NUMINOS\u00ae DALI S \u2013 \u0161pi\u010dkov\u00fdm t\u0159\u00edf\u00e1zov\u00fdm bodov\u00fdm sv\u00edtidlem z kolekce SLV BIG WHITE. Tento produkt je navr\u017een pro n\u00e1ro\u010dn\u00e9 interi\u00e9ry, kde je kladen d\u016fraz na estetiku, funkci a flexibilitu. Pro\u010d si vybrat pr\u00e1v\u011b toto [&hellip;]<\/p>\n","protected":false},"featured_media":19210,"comment_status":"open","ping_status":"open","template":"","meta":[],"product_brand":[],"product_cat":[35],"product_tag":[],"class_list":{"0":"post-19110","1":"product","2":"type-product","3":"status-publish","4":"has-post-thumbnail","6":"product_cat-systemy","8":"first","9":"instock","10":"sale","11":"shipping-taxable","12":"purchasable","13":"product-type-simple"},"yoast_head":"<!-- This site is optimized with the Yoast SEO plugin v26.8 - https:\/\/yoast.com\/product\/yoast-seo-wordpress\/ -->\n<title>3~ NUMINOS\u00ae DALI S 3f\u00e1zov\u00e9 syst\u00e9mov\u00e9 sv\u00edtidlo b\u00edl\u00e1\/\u010dern\u00e1 3000 K 36\u00b0 - BIG WHITE (SLV) Levn\u00fd -<\/title>\n<meta name=\"robots\" content=\"index, follow, max-snippet:-1, max-image-preview:large, max-video-preview:-1\" \/>\n<link rel=\"canonical\" href=\"https:\/\/www.domstavpro.com\/index.php\/produkt\/3-numinos-r-dali-s-3fazove-systemove-svitidlo-bila-cerna-3000-k-36deg-big-white-slv-levny-19110\/\" \/>\n<meta property=\"og:locale\" content=\"cs_CZ\" \/>\n<meta property=\"og:type\" content=\"article\" \/>\n<meta property=\"og:title\" content=\"3~ NUMINOS\u00ae DALI S 3f\u00e1zov\u00e9 syst\u00e9mov\u00e9 sv\u00edtidlo b\u00edl\u00e1\/\u010dern\u00e1 3000 K 36\u00b0 - BIG WHITE (SLV) Levn\u00fd -\" \/>\n<meta property=\"og:description\" content=\"Popis produktu Designov\u00e9 3f\u00e1zov\u00e9 syst\u00e9mov\u00e9 sv\u00edtidlo NUMINOS\u00ae DALI S \u2013 b\u00edl\u00e1\/\u010dern\u00e1, 3000 K, 36\u00b0 Objevte profesion\u00e1ln\u00ed \u0159e\u0161en\u00ed pro modern\u00ed osv\u011btlen\u00ed s NUMINOS\u00ae DALI S \u2013 \u0161pi\u010dkov\u00fdm t\u0159\u00edf\u00e1zov\u00fdm bodov\u00fdm sv\u00edtidlem z kolekce SLV BIG WHITE. Tento produkt je navr\u017een pro n\u00e1ro\u010dn\u00e9 interi\u00e9ry, kde je kladen d\u016fraz na estetiku, funkci a flexibilitu. Pro\u010d si vybrat pr\u00e1v\u011b toto [&hellip;]\" \/>\n<meta property=\"og:url\" content=\"https:\/\/www.domstavpro.com\/index.php\/produkt\/3-numinos-r-dali-s-3fazove-systemove-svitidlo-bila-cerna-3000-k-36deg-big-white-slv-levny-19110\/\" \/>\n<meta property=\"og:image\" content=\"https:\/\/www.domstavpro.com\/wp-content\/uploads\/2026\/SK0026212-CZ20260425-091535-0-1777079744-LA-1004375.webp\" \/>\n\t<meta property=\"og:image:width\" content=\"800\" \/>\n\t<meta property=\"og:image:height\" content=\"800\" \/>\n\t<meta property=\"og:image:type\" content=\"image\/webp\" \/>\n<meta name=\"twitter:card\" content=\"summary_large_image\" \/>\n<meta name=\"twitter:label1\" content=\"Odhadovan\u00e1 doba \u010dten\u00ed\" \/>\n\t<meta name=\"twitter:data1\" content=\"2 minuty\" \/>\n<script type=\"application\/ld+json\" class=\"yoast-schema-graph\">{\"@context\":\"https:\/\/schema.org\",\"@graph\":[{\"@type\":\"WebPage\",\"@id\":\"https:\/\/www.domstavpro.com\/index.php\/produkt\/3-numinos-r-dali-s-3fazove-systemove-svitidlo-bila-cerna-3000-k-36deg-big-white-slv-levny-19110\/\",\"url\":\"https:\/\/www.domstavpro.com\/index.php\/produkt\/3-numinos-r-dali-s-3fazove-systemove-svitidlo-bila-cerna-3000-k-36deg-big-white-slv-levny-19110\/\",\"name\":\"3~ NUMINOS\u00ae DALI S 3f\u00e1zov\u00e9 syst\u00e9mov\u00e9 sv\u00edtidlo b\u00edl\u00e1\/\u010dern\u00e1 3000 K 36\u00b0 - BIG WHITE (SLV) Levn\u00fd -\",\"isPartOf\":{\"@id\":\"https:\/\/www.domstavpro.com\/#website\"},\"primaryImageOfPage\":{\"@id\":\"https:\/\/www.domstavpro.com\/index.php\/produkt\/3-numinos-r-dali-s-3fazove-systemove-svitidlo-bila-cerna-3000-k-36deg-big-white-slv-levny-19110\/#primaryimage\"},\"image\":{\"@id\":\"https:\/\/www.domstavpro.com\/index.php\/produkt\/3-numinos-r-dali-s-3fazove-systemove-svitidlo-bila-cerna-3000-k-36deg-big-white-slv-levny-19110\/#primaryimage\"},\"thumbnailUrl\":\"https:\/\/www.domstavpro.com\/wp-content\/uploads\/2026\/SK0026212-CZ20260425-091535-0-1777079744-LA-1004375.webp\",\"datePublished\":\"2026-04-27T15:08:37+00:00\",\"breadcrumb\":{\"@id\":\"https:\/\/www.domstavpro.com\/index.php\/produkt\/3-numinos-r-dali-s-3fazove-systemove-svitidlo-bila-cerna-3000-k-36deg-big-white-slv-levny-19110\/#breadcrumb\"},\"inLanguage\":\"cs\",\"potentialAction\":[{\"@type\":\"ReadAction\",\"target\":[\"https:\/\/www.domstavpro.com\/index.php\/produkt\/3-numinos-r-dali-s-3fazove-systemove-svitidlo-bila-cerna-3000-k-36deg-big-white-slv-levny-19110\/\"]}]},{\"@type\":\"ImageObject\",\"inLanguage\":\"cs\",\"@id\":\"https:\/\/www.domstavpro.com\/index.php\/produkt\/3-numinos-r-dali-s-3fazove-systemove-svitidlo-bila-cerna-3000-k-36deg-big-white-slv-levny-19110\/#primaryimage\",\"url\":\"https:\/\/www.domstavpro.com\/wp-content\/uploads\/2026\/SK0026212-CZ20260425-091535-0-1777079744-LA-1004375.webp\",\"contentUrl\":\"https:\/\/www.domstavpro.com\/wp-content\/uploads\/2026\/SK0026212-CZ20260425-091535-0-1777079744-LA-1004375.webp\",\"width\":800,\"height\":800},{\"@type\":\"BreadcrumbList\",\"@id\":\"https:\/\/www.domstavpro.com\/index.php\/produkt\/3-numinos-r-dali-s-3fazove-systemove-svitidlo-bila-cerna-3000-k-36deg-big-white-slv-levny-19110\/#breadcrumb\",\"itemListElement\":[{\"@type\":\"ListItem\",\"position\":1,\"name\":\"Home\",\"item\":\"https:\/\/www.domstavpro.com\/\"},{\"@type\":\"ListItem\",\"position\":2,\"name\":\"Products\",\"item\":\"https:\/\/www.domstavpro.com\/index.php\/products\/\"},{\"@type\":\"ListItem\",\"position\":3,\"name\":\"3~ NUMINOS\u00ae DALI S 3f\u00e1zov\u00e9 syst\u00e9mov\u00e9 sv\u00edtidlo b\u00edl\u00e1\/\u010dern\u00e1 3000 K 36\u00b0 &#8211; BIG WHITE (SLV) Levn\u00fd\"}]},{\"@type\":\"WebSite\",\"@id\":\"https:\/\/www.domstavpro.com\/#website\",\"url\":\"https:\/\/www.domstavpro.com\/\",\"name\":\"\",\"description\":\"\",\"potentialAction\":[{\"@type\":\"SearchAction\",\"target\":{\"@type\":\"EntryPoint\",\"urlTemplate\":\"https:\/\/www.domstavpro.com\/?s={search_term_string}\"},\"query-input\":{\"@type\":\"PropertyValueSpecification\",\"valueRequired\":true,\"valueName\":\"search_term_string\"}}],\"inLanguage\":\"cs\"}]}<\/script>\n<!-- \/ Yoast SEO plugin. -->","yoast_head_json":{"title":"3~ NUMINOS\u00ae DALI S 3f\u00e1zov\u00e9 syst\u00e9mov\u00e9 sv\u00edtidlo b\u00edl\u00e1\/\u010dern\u00e1 3000 K 36\u00b0 - BIG WHITE (SLV) Levn\u00fd -","robots":{"index":"index","follow":"follow","max-snippet":"max-snippet:-1","max-image-preview":"max-image-preview:large","max-video-preview":"max-video-preview:-1"},"canonical":"https:\/\/www.domstavpro.com\/index.php\/produkt\/3-numinos-r-dali-s-3fazove-systemove-svitidlo-bila-cerna-3000-k-36deg-big-white-slv-levny-19110\/","og_locale":"cs_CZ","og_type":"article","og_title":"3~ NUMINOS\u00ae DALI S 3f\u00e1zov\u00e9 syst\u00e9mov\u00e9 sv\u00edtidlo b\u00edl\u00e1\/\u010dern\u00e1 3000 K 36\u00b0 - BIG WHITE (SLV) Levn\u00fd -","og_description":"Popis produktu Designov\u00e9 3f\u00e1zov\u00e9 syst\u00e9mov\u00e9 sv\u00edtidlo NUMINOS\u00ae DALI S \u2013 b\u00edl\u00e1\/\u010dern\u00e1, 3000 K, 36\u00b0 Objevte profesion\u00e1ln\u00ed \u0159e\u0161en\u00ed pro modern\u00ed osv\u011btlen\u00ed s NUMINOS\u00ae DALI S \u2013 \u0161pi\u010dkov\u00fdm t\u0159\u00edf\u00e1zov\u00fdm bodov\u00fdm sv\u00edtidlem z kolekce SLV BIG WHITE. Tento produkt je navr\u017een pro n\u00e1ro\u010dn\u00e9 interi\u00e9ry, kde je kladen d\u016fraz na estetiku, funkci a flexibilitu. Pro\u010d si vybrat pr\u00e1v\u011b toto [&hellip;]","og_url":"https:\/\/www.domstavpro.com\/index.php\/produkt\/3-numinos-r-dali-s-3fazove-systemove-svitidlo-bila-cerna-3000-k-36deg-big-white-slv-levny-19110\/","og_image":[{"width":800,"height":800,"url":"https:\/\/www.domstavpro.com\/wp-content\/uploads\/2026\/SK0026212-CZ20260425-091535-0-1777079744-LA-1004375.webp","type":"image\/webp"}],"twitter_card":"summary_large_image","twitter_misc":{"Odhadovan\u00e1 doba \u010dten\u00ed":"2 minuty"},"schema":{"@context":"https:\/\/schema.org","@graph":[{"@type":"WebPage","@id":"https:\/\/www.domstavpro.com\/index.php\/produkt\/3-numinos-r-dali-s-3fazove-systemove-svitidlo-bila-cerna-3000-k-36deg-big-white-slv-levny-19110\/","url":"https:\/\/www.domstavpro.com\/index.php\/produkt\/3-numinos-r-dali-s-3fazove-systemove-svitidlo-bila-cerna-3000-k-36deg-big-white-slv-levny-19110\/","name":"3~ NUMINOS\u00ae DALI S 3f\u00e1zov\u00e9 syst\u00e9mov\u00e9 sv\u00edtidlo b\u00edl\u00e1\/\u010dern\u00e1 3000 K 36\u00b0 - BIG WHITE (SLV) Levn\u00fd -","isPartOf":{"@id":"https:\/\/www.domstavpro.com\/#website"},"primaryImageOfPage":{"@id":"https:\/\/www.domstavpro.com\/index.php\/produkt\/3-numinos-r-dali-s-3fazove-systemove-svitidlo-bila-cerna-3000-k-36deg-big-white-slv-levny-19110\/#primaryimage"},"image":{"@id":"https:\/\/www.domstavpro.com\/index.php\/produkt\/3-numinos-r-dali-s-3fazove-systemove-svitidlo-bila-cerna-3000-k-36deg-big-white-slv-levny-19110\/#primaryimage"},"thumbnailUrl":"https:\/\/www.domstavpro.com\/wp-content\/uploads\/2026\/SK0026212-CZ20260425-091535-0-1777079744-LA-1004375.webp","datePublished":"2026-04-27T15:08:37+00:00","breadcrumb":{"@id":"https:\/\/www.domstavpro.com\/index.php\/produkt\/3-numinos-r-dali-s-3fazove-systemove-svitidlo-bila-cerna-3000-k-36deg-big-white-slv-levny-19110\/#breadcrumb"},"inLanguage":"cs","potentialAction":[{"@type":"ReadAction","target":["https:\/\/www.domstavpro.com\/index.php\/produkt\/3-numinos-r-dali-s-3fazove-systemove-svitidlo-bila-cerna-3000-k-36deg-big-white-slv-levny-19110\/"]}]},{"@type":"ImageObject","inLanguage":"cs","@id":"https:\/\/www.domstavpro.com\/index.php\/produkt\/3-numinos-r-dali-s-3fazove-systemove-svitidlo-bila-cerna-3000-k-36deg-big-white-slv-levny-19110\/#primaryimage","url":"https:\/\/www.domstavpro.com\/wp-content\/uploads\/2026\/SK0026212-CZ20260425-091535-0-1777079744-LA-1004375.webp","contentUrl":"https:\/\/www.domstavpro.com\/wp-content\/uploads\/2026\/SK0026212-CZ20260425-091535-0-1777079744-LA-1004375.webp","width":800,"height":800},{"@type":"BreadcrumbList","@id":"https:\/\/www.domstavpro.com\/index.php\/produkt\/3-numinos-r-dali-s-3fazove-systemove-svitidlo-bila-cerna-3000-k-36deg-big-white-slv-levny-19110\/#breadcrumb","itemListElement":[{"@type":"ListItem","position":1,"name":"Home","item":"https:\/\/www.domstavpro.com\/"},{"@type":"ListItem","position":2,"name":"Products","item":"https:\/\/www.domstavpro.com\/index.php\/products\/"},{"@type":"ListItem","position":3,"name":"3~ NUMINOS\u00ae DALI S 3f\u00e1zov\u00e9 syst\u00e9mov\u00e9 sv\u00edtidlo b\u00edl\u00e1\/\u010dern\u00e1 3000 K 36\u00b0 &#8211; BIG WHITE (SLV) Levn\u00fd"}]},{"@type":"WebSite","@id":"https:\/\/www.domstavpro.com\/#website","url":"https:\/\/www.domstavpro.com\/","name":"","description":"","potentialAction":[{"@type":"SearchAction","target":{"@type":"EntryPoint","urlTemplate":"https:\/\/www.domstavpro.com\/?s={search_term_string}"},"query-input":{"@type":"PropertyValueSpecification","valueRequired":true,"valueName":"search_term_string"}}],"inLanguage":"cs"}]}},"_links":{"self":[{"href":"https:\/\/www.domstavpro.com\/index.php\/wp-json\/wp\/v2\/product\/19110","targetHints":{"allow":["GET"]}}],"collection":[{"href":"https:\/\/www.domstavpro.com\/index.php\/wp-json\/wp\/v2\/product"}],"about":[{"href":"https:\/\/www.domstavpro.com\/index.php\/wp-json\/wp\/v2\/types\/product"}],"replies":[{"embeddable":true,"href":"https:\/\/www.domstavpro.com\/index.php\/wp-json\/wp\/v2\/comments?post=19110"}],"wp:featuredmedia":[{"embeddable":true,"href":"https:\/\/www.domstavpro.com\/index.php\/wp-json\/wp\/v2\/media\/19210"}],"wp:attachment":[{"href":"https:\/\/www.domstavpro.com\/index.php\/wp-json\/wp\/v2\/media?parent=19110"}],"wp:term":[{"taxonomy":"product_brand","embeddable":true,"href":"https:\/\/www.domstavpro.com\/index.php\/wp-json\/wp\/v2\/product_brand?post=19110"},{"taxonomy":"product_cat","embeddable":true,"href":"https:\/\/www.domstavpro.com\/index.php\/wp-json\/wp\/v2\/product_cat?post=19110"},{"taxonomy":"product_tag","embeddable":true,"href":"https:\/\/www.domstavpro.com\/index.php\/wp-json\/wp\/v2\/product_tag?post=19110"}],"curies":[{"name":"wp","href":"https:\/\/api.w.org\/{rel}","templated":true}]}}