{"id":19108,"date":"2026-04-27T15:08:37","date_gmt":"2026-04-27T15:08:37","guid":{"rendered":""},"modified":"2026-04-27T15:08:37","modified_gmt":"2026-04-27T15:08:37","slug":"3-numinos-r-dali-s-3fazove-systemove-svitidlo-cerna-cerna-3000-k-60deg-big-white-slv-koupit-online-19108","status":"publish","type":"product","link":"https:\/\/www.domstavpro.com\/index.php\/produkt\/3-numinos-r-dali-s-3fazove-systemove-svitidlo-cerna-cerna-3000-k-60deg-big-white-slv-koupit-online-19108\/","title":{"rendered":"3~ NUMINOS\u00ae DALI S 3f\u00e1zov\u00e9 syst\u00e9mov\u00e9 sv\u00edtidlo \u010dern\u00e1\/\u010dern\u00e1 3000 K 60\u00b0 &#8211; BIG WHITE (SLV) Koupit Online"},"content":{"rendered":"<h3 class=\"product-h3\">Popis produktu<\/h3>\n<p><h2>NUMINOS\u00ae DALI S \u2013 3f\u00e1zov\u00e9 syst\u00e9mov\u00e9 sv\u00edtidlo \u010dern\u00e1\/\u010dern\u00e1 3000 K 60\u00b0<\/h2>\n<h3>Profesion\u00e1ln\u00ed osv\u011btlen\u00ed pro modern\u00ed projekty<\/h3>\n<p>Objevte unik\u00e1tn\u00ed syst\u00e9mov\u00e9 sv\u00edtidlo <strong>NUMINOS\u00ae DALI S<\/strong> z designov\u00e9 kolekce SLV \u2013 BIG WHITE, kter\u00e9 p\u0159in\u00e1\u0161\u00ed dokonalou harmonii mezi funk\u010dnost\u00ed, estetikou a nejmodern\u011bj\u0161\u00edmi technologiemi \u0159\u00edzen\u00ed osv\u011btlen\u00ed. Toto t\u0159\u00edf\u00e1zov\u00e9 li\u0161tov\u00e9 bodov\u00e9 sv\u00edtidlo je ide\u00e1ln\u00ed volbou pro architekty, interi\u00e9rov\u00e9 design\u00e9ry i n\u00e1ro\u010dn\u00e9 investory, kte\u0159\u00ed hledaj\u00ed univerz\u00e1ln\u00ed a modul\u00e1rn\u00ed \u0159e\u0161en\u00ed do ve\u0159ejn\u00fdch, komer\u010dn\u00edch i reziden\u010dn\u00edch prostor.<\/p>\n<h3>Hlavn\u00ed v\u00fdhody a doporu\u010den\u00ed pro pou\u017eit\u00ed<\/h3>\n<ul>\n<li><strong>Modul\u00e1rn\u00ed koncepce:<\/strong> NUMINOS\u00ae umo\u017e\u0148uje snadnou konfiguraci a kombinaci reflektor\u016f p\u0159esn\u011b podle va\u0161ich po\u017eadavk\u016f a architektonick\u00fdch podm\u00ednek.<\/li>\n<li><strong>Stm\u00edv\u00e1n\u00ed DALI:<\/strong> Vestav\u011bn\u00fd LED driver umo\u017e\u0148uje centr\u00e1ln\u00ed a flexibiln\u00ed ovl\u00e1d\u00e1n\u00ed intenzity sv\u011btla, co\u017e je ide\u00e1ln\u00ed pro dynamick\u00e9 prost\u0159ed\u00ed hotel\u016f, galeri\u00ed, showroom\u016f nebo modern\u00edch kancel\u00e1\u0159\u00ed.<\/li>\n<li><strong>Vysok\u00e1 kvalita sv\u011btla:<\/strong> Tepl\u00e1 b\u00edl\u00e1 barva (3000 K) s vysok\u00fdm indexem pod\u00e1n\u00ed barev (CRI 90) zaji\u0161\u0165uje v\u011brnost barev a p\u0159\u00edjemnou atmosf\u00e9ru.<\/li>\n<li><strong>\u00dahel vyza\u0159ov\u00e1n\u00ed 60\u00b0:<\/strong> Perfektn\u00ed pro akcentn\u00ed nasv\u00edcen\u00ed i plo\u0161n\u00e9 osv\u011btlen\u00ed bez ru\u0161iv\u00fdch st\u00edn\u016f.<\/li>\n<li><strong>Elegantn\u00ed design:<\/strong> Minimalistick\u00e9 t\u011blo z \u010dern\u00e9ho hlin\u00edku podtrhuje ka\u017ed\u00fd interi\u00e9r a z\u00e1rove\u0148 zaru\u010duje dlouhou \u017eivotnost.<\/li>\n<li><strong>Rychl\u00e1 instalace:<\/strong> Promy\u0161len\u00e1 konstrukce umo\u017e\u0148uje profesion\u00e1ln\u00ed a \u010distou mont\u00e1\u017e v minim\u00e1ln\u00edm \u010dase.<\/li>\n<\/ul>\n<p>Doporu\u010dujeme toto sv\u00edtidlo zejm\u00e9na tam, kde je \u017e\u00e1douc\u00ed flexibilita, precizn\u00ed ovl\u00e1d\u00e1n\u00ed sv\u011btla a estetick\u00e1 \u010distota \u2013 od galeri\u00ed p\u0159es hotelov\u00e9 lobby a\u017e po reprezentativn\u00ed firemn\u00ed prostory.<\/p>\n<h3>Technick\u00e9 parametry<\/h3>\n<ul>\n<li><strong>V\u00fdkon:<\/strong> 10,42 W<\/li>\n<li><strong>Sv\u011bteln\u00fd tok:<\/strong> 1020 lm<\/li>\n<li><strong>Teplota chromati\u010dnosti:<\/strong> 3000 K (tepl\u00e1 b\u00edl\u00e1)<\/li>\n<li><strong>Index pod\u00e1n\u00ed barev (CRI):<\/strong> 90<\/li>\n<li><strong>Nap\u00e1jec\u00ed nap\u011bt\u00ed:<\/strong> 220\u2013240 V<\/li>\n<li><strong>\u00dahel vyza\u0159ov\u00e1n\u00ed:<\/strong> 60\u00b0<\/li>\n<li><strong>Stm\u00edvateln\u00e9 (DALI):<\/strong> Ano<\/li>\n<li><strong>Rozm\u011bry:<\/strong> Pr\u016fm\u011br 65 mm, v\u00fd\u0161ka 145 mm, d\u00e9lka 162 mm<\/li>\n<li><strong>Hmotnost:<\/strong> 530 g<\/li>\n<li><strong>Materi\u00e1l:<\/strong> Hlin\u00edk (\u010dern\u00fd)<\/li>\n<li><strong>P\u0159\u00edslu\u0161enstv\u00ed:<\/strong> V\u010detn\u011b integrovan\u00e9ho LED zdroje<\/li>\n<li><strong>Kolekce:<\/strong> NUMINOS S<\/li>\n<li><strong>Energetick\u00e1 t\u0159\u00edda:<\/strong> E<\/li>\n<\/ul>\n<h3>Z\u00e1ruky a certifikace<\/h3>\n<ul>\n<li><strong>\u017divotnost LED:<\/strong> 50 000 h<\/li>\n<li><strong>Z\u00e1ruka:<\/strong> 2 roky<\/li>\n<li><strong>Certifikace:<\/strong> CE<\/li>\n<\/ul>\n<h3>Pro\u010d zvolit NUMINOS\u00ae?<\/h3>\n<p>NUMINOS\u00ae je v\u00e1\u0161 spolehliv\u00fd partner pro sv\u011bteln\u011b-technick\u00e9 \u0159e\u0161en\u00ed na m\u00edru, kter\u00e9 se p\u0159izp\u016fsob\u00ed i t\u011bm nejn\u00e1ro\u010dn\u011bj\u0161\u00edm po\u017eadavk\u016fm na design a funk\u010dnost. Vyu\u017eijte mo\u017enost konfigurace a objevte skute\u010dnou svobodu v architektonick\u00e9m osv\u011btlen\u00ed.<\/p>\n<p><strong>Chcete navrhnout ide\u00e1ln\u00ed syst\u00e9m?<\/strong> Vyzkou\u0161ejte konfigur\u00e1tor NUMINOS\u00ae a sestavte si vlastn\u00ed \u0159e\u0161en\u00ed p\u0159esn\u011b podle va\u0161ich pot\u0159eb.<\/p>\n<\/p><\/div>\n<\/p><\/div>\n<p><\/p>\n<div class=\"top-params\">\n<h3 class=\"product-h3 collapse-header \" data-toggle=\"collapse\" data-target=\"#collapseOne\" aria-expanded=\"true\" aria-controls=\"collapseOne\">Parametry<\/h3>\n<div id=\"collapseOne\" class=\"collapse show\" aria-labelledby=\"headingOne\" data-parent=\"#product-info-accordion1\">\n<table class=\"table-striped\">\n<tr>\n<td>                V\u00fd\u0161ka v mm            <\/td>\n<td>                145            <\/td>\n<\/tr>\n<tr>\n<td>                \u00dahel z\u00e1\u0159en\u00ed            <\/td>\n<td>                60\u00b0            <\/td>\n<\/tr>\n<tr>\n<td>                Stm\u00edvateln\u00e9            <\/td>\n<td>                ano, DALI            <\/td>\n<\/tr>\n<tr>\n<td>                \u017divotnost            <\/td>\n<td>                50000h            <\/td>\n<\/tr>\n<tr>\n<td>                Hmotnost g            <\/td>\n<td>                530            <\/td>\n<\/tr>\n<tr>\n<td>                Index pod\u00e1n\u00ed barev            <\/td>\n<td>                90            <\/td>\n<\/tr>\n<tr>\n<td>                Pr\u016fm\u011br v mm            <\/td>\n<td>                65            <\/td>\n<\/tr>\n<tr>\n<td>                D\u00e9lka v mm            <\/td>\n<td>                162            <\/td>\n<\/tr>\n<tr>\n<td>                Sv\u011bteln\u00fd tok            <\/td>\n<td>                1020lm            <\/td>\n<\/tr>\n<tr>\n<td>                Teplota barvy sv\u011btla            <\/td>\n<td>                3000K            <\/td>\n<\/tr>\n<tr>\n<td>                V\u00fdkon            <\/td>\n<td>                10,42W            <\/td>\n<\/tr>\n<tr>\n<td>                Nap\u00e1jec\u00ed nap\u011bt\u00ed            <\/td>\n<td>                220-240V            <\/td>\n<\/tr>\n<tr>\n<td>                Patice            <\/td>\n<td>                LED            <\/td>\n<\/tr>\n<tr>\n<td>                Proudov\u00e9 zat\u00ed\u017een\u00ed            <\/td>\n<td>                250mA            <\/td>\n<\/tr>\n<tr>\n<td>                V\u010detn\u011b sv\u011bteln\u00e9ho zdroje            <\/td>\n<td>                ano            <\/td>\n<\/tr>\n<tr>\n<td>                Materi\u00e1l            <\/td>\n<td>                hlin\u00edk            <\/td>\n<\/tr>\n<tr>\n<td>                Barva            <\/td>\n<td>                \u010dern\u00e1            <\/td>\n<\/tr>\n<tr>\n<td>                Kolekce            <\/td>\n<td>                NUMINOS S            <\/td>\n<\/tr>\n<tr>\n<td>                V\u00fdrobce            <\/td>\n<td>                SLV &#8211; BIG WHITE            <\/td>\n<\/tr>\n<tr>\n<td>                U v\u00fdrobce dostupn\u00fdch            <\/td>\n<td>                419                    ks            <\/td>\n<\/tr>\n<tr>\n<td>                Energetick\u00e1 \u00fa\u010dinnost            <\/td>\n<td>                E            <\/td>\n<\/tr>\n<\/table>\n<\/div><\/div>\n<\/div>\n<div class=\"accordion\" id=\"product-info-accordion2\">\n","protected":false},"excerpt":{"rendered":"<p>Popis produktu NUMINOS\u00ae DALI S \u2013 3f\u00e1zov\u00e9 syst\u00e9mov\u00e9 sv\u00edtidlo \u010dern\u00e1\/\u010dern\u00e1 3000 K 60\u00b0 Profesion\u00e1ln\u00ed osv\u011btlen\u00ed pro modern\u00ed projekty Objevte unik\u00e1tn\u00ed syst\u00e9mov\u00e9 sv\u00edtidlo NUMINOS\u00ae DALI S z designov\u00e9 kolekce SLV \u2013 BIG WHITE, kter\u00e9 p\u0159in\u00e1\u0161\u00ed dokonalou harmonii mezi funk\u010dnost\u00ed, estetikou a nejmodern\u011bj\u0161\u00edmi technologiemi \u0159\u00edzen\u00ed osv\u011btlen\u00ed. Toto t\u0159\u00edf\u00e1zov\u00e9 li\u0161tov\u00e9 bodov\u00e9 sv\u00edtidlo je ide\u00e1ln\u00ed volbou pro architekty, interi\u00e9rov\u00e9 [&hellip;]<\/p>\n","protected":false},"featured_media":19208,"comment_status":"open","ping_status":"open","template":"","meta":[],"product_brand":[],"product_cat":[35],"product_tag":[],"class_list":{"0":"post-19108","1":"product","2":"type-product","3":"status-publish","4":"has-post-thumbnail","6":"product_cat-systemy","8":"first","9":"instock","10":"sale","11":"shipping-taxable","12":"purchasable","13":"product-type-simple"},"yoast_head":"<!-- This site is optimized with the Yoast SEO plugin v26.8 - https:\/\/yoast.com\/product\/yoast-seo-wordpress\/ -->\n<title>3~ NUMINOS\u00ae DALI S 3f\u00e1zov\u00e9 syst\u00e9mov\u00e9 sv\u00edtidlo \u010dern\u00e1\/\u010dern\u00e1 3000 K 60\u00b0 - BIG WHITE (SLV) Koupit Online -<\/title>\n<meta name=\"robots\" content=\"index, follow, max-snippet:-1, max-image-preview:large, max-video-preview:-1\" \/>\n<link rel=\"canonical\" href=\"https:\/\/www.domstavpro.com\/index.php\/produkt\/3-numinos-r-dali-s-3fazove-systemove-svitidlo-cerna-cerna-3000-k-60deg-big-white-slv-koupit-online-19108\/\" \/>\n<meta property=\"og:locale\" content=\"cs_CZ\" \/>\n<meta property=\"og:type\" content=\"article\" \/>\n<meta property=\"og:title\" content=\"3~ NUMINOS\u00ae DALI S 3f\u00e1zov\u00e9 syst\u00e9mov\u00e9 sv\u00edtidlo \u010dern\u00e1\/\u010dern\u00e1 3000 K 60\u00b0 - BIG WHITE (SLV) Koupit Online -\" \/>\n<meta property=\"og:description\" content=\"Popis produktu NUMINOS\u00ae DALI S \u2013 3f\u00e1zov\u00e9 syst\u00e9mov\u00e9 sv\u00edtidlo \u010dern\u00e1\/\u010dern\u00e1 3000 K 60\u00b0 Profesion\u00e1ln\u00ed osv\u011btlen\u00ed pro modern\u00ed projekty Objevte unik\u00e1tn\u00ed syst\u00e9mov\u00e9 sv\u00edtidlo NUMINOS\u00ae DALI S z designov\u00e9 kolekce SLV \u2013 BIG WHITE, kter\u00e9 p\u0159in\u00e1\u0161\u00ed dokonalou harmonii mezi funk\u010dnost\u00ed, estetikou a nejmodern\u011bj\u0161\u00edmi technologiemi \u0159\u00edzen\u00ed osv\u011btlen\u00ed. Toto t\u0159\u00edf\u00e1zov\u00e9 li\u0161tov\u00e9 bodov\u00e9 sv\u00edtidlo je ide\u00e1ln\u00ed volbou pro architekty, interi\u00e9rov\u00e9 [&hellip;]\" \/>\n<meta property=\"og:url\" content=\"https:\/\/www.domstavpro.com\/index.php\/produkt\/3-numinos-r-dali-s-3fazove-systemove-svitidlo-cerna-cerna-3000-k-60deg-big-white-slv-koupit-online-19108\/\" \/>\n<meta property=\"og:image\" content=\"https:\/\/www.domstavpro.com\/wp-content\/uploads\/2026\/SK0026210-CZ20260425-091535-0-1777079744-LA-1004372.webp\" \/>\n\t<meta property=\"og:image:width\" content=\"800\" \/>\n\t<meta property=\"og:image:height\" content=\"800\" \/>\n\t<meta property=\"og:image:type\" content=\"image\/webp\" \/>\n<meta name=\"twitter:card\" content=\"summary_large_image\" \/>\n<meta name=\"twitter:label1\" content=\"Odhadovan\u00e1 doba \u010dten\u00ed\" \/>\n\t<meta name=\"twitter:data1\" content=\"3 minuty\" \/>\n<script type=\"application\/ld+json\" class=\"yoast-schema-graph\">{\"@context\":\"https:\/\/schema.org\",\"@graph\":[{\"@type\":\"WebPage\",\"@id\":\"https:\/\/www.domstavpro.com\/index.php\/produkt\/3-numinos-r-dali-s-3fazove-systemove-svitidlo-cerna-cerna-3000-k-60deg-big-white-slv-koupit-online-19108\/\",\"url\":\"https:\/\/www.domstavpro.com\/index.php\/produkt\/3-numinos-r-dali-s-3fazove-systemove-svitidlo-cerna-cerna-3000-k-60deg-big-white-slv-koupit-online-19108\/\",\"name\":\"3~ NUMINOS\u00ae DALI S 3f\u00e1zov\u00e9 syst\u00e9mov\u00e9 sv\u00edtidlo \u010dern\u00e1\/\u010dern\u00e1 3000 K 60\u00b0 - BIG WHITE (SLV) Koupit Online -\",\"isPartOf\":{\"@id\":\"https:\/\/www.domstavpro.com\/#website\"},\"primaryImageOfPage\":{\"@id\":\"https:\/\/www.domstavpro.com\/index.php\/produkt\/3-numinos-r-dali-s-3fazove-systemove-svitidlo-cerna-cerna-3000-k-60deg-big-white-slv-koupit-online-19108\/#primaryimage\"},\"image\":{\"@id\":\"https:\/\/www.domstavpro.com\/index.php\/produkt\/3-numinos-r-dali-s-3fazove-systemove-svitidlo-cerna-cerna-3000-k-60deg-big-white-slv-koupit-online-19108\/#primaryimage\"},\"thumbnailUrl\":\"https:\/\/www.domstavpro.com\/wp-content\/uploads\/2026\/SK0026210-CZ20260425-091535-0-1777079744-LA-1004372.webp\",\"datePublished\":\"2026-04-27T15:08:37+00:00\",\"breadcrumb\":{\"@id\":\"https:\/\/www.domstavpro.com\/index.php\/produkt\/3-numinos-r-dali-s-3fazove-systemove-svitidlo-cerna-cerna-3000-k-60deg-big-white-slv-koupit-online-19108\/#breadcrumb\"},\"inLanguage\":\"cs\",\"potentialAction\":[{\"@type\":\"ReadAction\",\"target\":[\"https:\/\/www.domstavpro.com\/index.php\/produkt\/3-numinos-r-dali-s-3fazove-systemove-svitidlo-cerna-cerna-3000-k-60deg-big-white-slv-koupit-online-19108\/\"]}]},{\"@type\":\"ImageObject\",\"inLanguage\":\"cs\",\"@id\":\"https:\/\/www.domstavpro.com\/index.php\/produkt\/3-numinos-r-dali-s-3fazove-systemove-svitidlo-cerna-cerna-3000-k-60deg-big-white-slv-koupit-online-19108\/#primaryimage\",\"url\":\"https:\/\/www.domstavpro.com\/wp-content\/uploads\/2026\/SK0026210-CZ20260425-091535-0-1777079744-LA-1004372.webp\",\"contentUrl\":\"https:\/\/www.domstavpro.com\/wp-content\/uploads\/2026\/SK0026210-CZ20260425-091535-0-1777079744-LA-1004372.webp\",\"width\":800,\"height\":800},{\"@type\":\"BreadcrumbList\",\"@id\":\"https:\/\/www.domstavpro.com\/index.php\/produkt\/3-numinos-r-dali-s-3fazove-systemove-svitidlo-cerna-cerna-3000-k-60deg-big-white-slv-koupit-online-19108\/#breadcrumb\",\"itemListElement\":[{\"@type\":\"ListItem\",\"position\":1,\"name\":\"Home\",\"item\":\"https:\/\/www.domstavpro.com\/\"},{\"@type\":\"ListItem\",\"position\":2,\"name\":\"Products\",\"item\":\"https:\/\/www.domstavpro.com\/index.php\/products\/\"},{\"@type\":\"ListItem\",\"position\":3,\"name\":\"3~ NUMINOS\u00ae DALI S 3f\u00e1zov\u00e9 syst\u00e9mov\u00e9 sv\u00edtidlo \u010dern\u00e1\/\u010dern\u00e1 3000 K 60\u00b0 &#8211; BIG WHITE (SLV) Koupit Online\"}]},{\"@type\":\"WebSite\",\"@id\":\"https:\/\/www.domstavpro.com\/#website\",\"url\":\"https:\/\/www.domstavpro.com\/\",\"name\":\"\",\"description\":\"\",\"potentialAction\":[{\"@type\":\"SearchAction\",\"target\":{\"@type\":\"EntryPoint\",\"urlTemplate\":\"https:\/\/www.domstavpro.com\/?s={search_term_string}\"},\"query-input\":{\"@type\":\"PropertyValueSpecification\",\"valueRequired\":true,\"valueName\":\"search_term_string\"}}],\"inLanguage\":\"cs\"}]}<\/script>\n<!-- \/ Yoast SEO plugin. -->","yoast_head_json":{"title":"3~ NUMINOS\u00ae DALI S 3f\u00e1zov\u00e9 syst\u00e9mov\u00e9 sv\u00edtidlo \u010dern\u00e1\/\u010dern\u00e1 3000 K 60\u00b0 - BIG WHITE (SLV) Koupit Online -","robots":{"index":"index","follow":"follow","max-snippet":"max-snippet:-1","max-image-preview":"max-image-preview:large","max-video-preview":"max-video-preview:-1"},"canonical":"https:\/\/www.domstavpro.com\/index.php\/produkt\/3-numinos-r-dali-s-3fazove-systemove-svitidlo-cerna-cerna-3000-k-60deg-big-white-slv-koupit-online-19108\/","og_locale":"cs_CZ","og_type":"article","og_title":"3~ NUMINOS\u00ae DALI S 3f\u00e1zov\u00e9 syst\u00e9mov\u00e9 sv\u00edtidlo \u010dern\u00e1\/\u010dern\u00e1 3000 K 60\u00b0 - BIG WHITE (SLV) Koupit Online -","og_description":"Popis produktu NUMINOS\u00ae DALI S \u2013 3f\u00e1zov\u00e9 syst\u00e9mov\u00e9 sv\u00edtidlo \u010dern\u00e1\/\u010dern\u00e1 3000 K 60\u00b0 Profesion\u00e1ln\u00ed osv\u011btlen\u00ed pro modern\u00ed projekty Objevte unik\u00e1tn\u00ed syst\u00e9mov\u00e9 sv\u00edtidlo NUMINOS\u00ae DALI S z designov\u00e9 kolekce SLV \u2013 BIG WHITE, kter\u00e9 p\u0159in\u00e1\u0161\u00ed dokonalou harmonii mezi funk\u010dnost\u00ed, estetikou a nejmodern\u011bj\u0161\u00edmi technologiemi \u0159\u00edzen\u00ed osv\u011btlen\u00ed. Toto t\u0159\u00edf\u00e1zov\u00e9 li\u0161tov\u00e9 bodov\u00e9 sv\u00edtidlo je ide\u00e1ln\u00ed volbou pro architekty, interi\u00e9rov\u00e9 [&hellip;]","og_url":"https:\/\/www.domstavpro.com\/index.php\/produkt\/3-numinos-r-dali-s-3fazove-systemove-svitidlo-cerna-cerna-3000-k-60deg-big-white-slv-koupit-online-19108\/","og_image":[{"width":800,"height":800,"url":"https:\/\/www.domstavpro.com\/wp-content\/uploads\/2026\/SK0026210-CZ20260425-091535-0-1777079744-LA-1004372.webp","type":"image\/webp"}],"twitter_card":"summary_large_image","twitter_misc":{"Odhadovan\u00e1 doba \u010dten\u00ed":"3 minuty"},"schema":{"@context":"https:\/\/schema.org","@graph":[{"@type":"WebPage","@id":"https:\/\/www.domstavpro.com\/index.php\/produkt\/3-numinos-r-dali-s-3fazove-systemove-svitidlo-cerna-cerna-3000-k-60deg-big-white-slv-koupit-online-19108\/","url":"https:\/\/www.domstavpro.com\/index.php\/produkt\/3-numinos-r-dali-s-3fazove-systemove-svitidlo-cerna-cerna-3000-k-60deg-big-white-slv-koupit-online-19108\/","name":"3~ NUMINOS\u00ae DALI S 3f\u00e1zov\u00e9 syst\u00e9mov\u00e9 sv\u00edtidlo \u010dern\u00e1\/\u010dern\u00e1 3000 K 60\u00b0 - BIG WHITE (SLV) Koupit Online -","isPartOf":{"@id":"https:\/\/www.domstavpro.com\/#website"},"primaryImageOfPage":{"@id":"https:\/\/www.domstavpro.com\/index.php\/produkt\/3-numinos-r-dali-s-3fazove-systemove-svitidlo-cerna-cerna-3000-k-60deg-big-white-slv-koupit-online-19108\/#primaryimage"},"image":{"@id":"https:\/\/www.domstavpro.com\/index.php\/produkt\/3-numinos-r-dali-s-3fazove-systemove-svitidlo-cerna-cerna-3000-k-60deg-big-white-slv-koupit-online-19108\/#primaryimage"},"thumbnailUrl":"https:\/\/www.domstavpro.com\/wp-content\/uploads\/2026\/SK0026210-CZ20260425-091535-0-1777079744-LA-1004372.webp","datePublished":"2026-04-27T15:08:37+00:00","breadcrumb":{"@id":"https:\/\/www.domstavpro.com\/index.php\/produkt\/3-numinos-r-dali-s-3fazove-systemove-svitidlo-cerna-cerna-3000-k-60deg-big-white-slv-koupit-online-19108\/#breadcrumb"},"inLanguage":"cs","potentialAction":[{"@type":"ReadAction","target":["https:\/\/www.domstavpro.com\/index.php\/produkt\/3-numinos-r-dali-s-3fazove-systemove-svitidlo-cerna-cerna-3000-k-60deg-big-white-slv-koupit-online-19108\/"]}]},{"@type":"ImageObject","inLanguage":"cs","@id":"https:\/\/www.domstavpro.com\/index.php\/produkt\/3-numinos-r-dali-s-3fazove-systemove-svitidlo-cerna-cerna-3000-k-60deg-big-white-slv-koupit-online-19108\/#primaryimage","url":"https:\/\/www.domstavpro.com\/wp-content\/uploads\/2026\/SK0026210-CZ20260425-091535-0-1777079744-LA-1004372.webp","contentUrl":"https:\/\/www.domstavpro.com\/wp-content\/uploads\/2026\/SK0026210-CZ20260425-091535-0-1777079744-LA-1004372.webp","width":800,"height":800},{"@type":"BreadcrumbList","@id":"https:\/\/www.domstavpro.com\/index.php\/produkt\/3-numinos-r-dali-s-3fazove-systemove-svitidlo-cerna-cerna-3000-k-60deg-big-white-slv-koupit-online-19108\/#breadcrumb","itemListElement":[{"@type":"ListItem","position":1,"name":"Home","item":"https:\/\/www.domstavpro.com\/"},{"@type":"ListItem","position":2,"name":"Products","item":"https:\/\/www.domstavpro.com\/index.php\/products\/"},{"@type":"ListItem","position":3,"name":"3~ NUMINOS\u00ae DALI S 3f\u00e1zov\u00e9 syst\u00e9mov\u00e9 sv\u00edtidlo \u010dern\u00e1\/\u010dern\u00e1 3000 K 60\u00b0 &#8211; BIG WHITE (SLV) Koupit Online"}]},{"@type":"WebSite","@id":"https:\/\/www.domstavpro.com\/#website","url":"https:\/\/www.domstavpro.com\/","name":"","description":"","potentialAction":[{"@type":"SearchAction","target":{"@type":"EntryPoint","urlTemplate":"https:\/\/www.domstavpro.com\/?s={search_term_string}"},"query-input":{"@type":"PropertyValueSpecification","valueRequired":true,"valueName":"search_term_string"}}],"inLanguage":"cs"}]}},"_links":{"self":[{"href":"https:\/\/www.domstavpro.com\/index.php\/wp-json\/wp\/v2\/product\/19108","targetHints":{"allow":["GET"]}}],"collection":[{"href":"https:\/\/www.domstavpro.com\/index.php\/wp-json\/wp\/v2\/product"}],"about":[{"href":"https:\/\/www.domstavpro.com\/index.php\/wp-json\/wp\/v2\/types\/product"}],"replies":[{"embeddable":true,"href":"https:\/\/www.domstavpro.com\/index.php\/wp-json\/wp\/v2\/comments?post=19108"}],"wp:featuredmedia":[{"embeddable":true,"href":"https:\/\/www.domstavpro.com\/index.php\/wp-json\/wp\/v2\/media\/19208"}],"wp:attachment":[{"href":"https:\/\/www.domstavpro.com\/index.php\/wp-json\/wp\/v2\/media?parent=19108"}],"wp:term":[{"taxonomy":"product_brand","embeddable":true,"href":"https:\/\/www.domstavpro.com\/index.php\/wp-json\/wp\/v2\/product_brand?post=19108"},{"taxonomy":"product_cat","embeddable":true,"href":"https:\/\/www.domstavpro.com\/index.php\/wp-json\/wp\/v2\/product_cat?post=19108"},{"taxonomy":"product_tag","embeddable":true,"href":"https:\/\/www.domstavpro.com\/index.php\/wp-json\/wp\/v2\/product_tag?post=19108"}],"curies":[{"name":"wp","href":"https:\/\/api.w.org\/{rel}","templated":true}]}}