{"id":18930,"date":"2026-04-27T15:08:37","date_gmt":"2026-04-27T15:08:37","guid":{"rendered":""},"modified":"2026-04-27T15:08:37","modified_gmt":"2026-04-27T15:08:37","slug":"3-numinos-r-phase-l-3fazove-systemove-svitidlo-cerna-cerna-2700-k-60deg-big-white-slv-nova-kolekce-18930","status":"publish","type":"product","link":"https:\/\/www.domstavpro.com\/index.php\/produkt\/3-numinos-r-phase-l-3fazove-systemove-svitidlo-cerna-cerna-2700-k-60deg-big-white-slv-nova-kolekce-18930\/","title":{"rendered":"3~ NUMINOS\u00ae PHASE L 3f\u00e1zov\u00e9 syst\u00e9mov\u00e9 sv\u00edtidlo \u010dern\u00e1\/\u010dern\u00e1 2700 K 60\u00b0 &#8211; BIG WHITE (SLV) Nov\u00e1 Kolekce"},"content":{"rendered":"<h3 class=\"product-h3\">Popis produktu<\/h3>\n<p><h2>3~ NUMINOS\u00ae PHASE L \u2013 3f\u00e1zov\u00e9 syst\u00e9mov\u00e9 sv\u00edtidlo \u010dern\u00e1\/\u010dern\u00e1 2700 K 60\u00b0<\/h2>\n<h3>Designov\u00e1 sv\u011bteln\u00e1 flexibilita pro modern\u00ed interi\u00e9ry<\/h3>\n<p>Objevte univerz\u00e1ln\u00ed a sofistikovan\u00e9 \u0159e\u0161en\u00ed pro komplexn\u00ed sv\u011bteln\u00e9 koncepty \u2013 sv\u00edtidlo <strong>NUMINOS\u00ae PHASE L<\/strong> z kolekce SLV &#8211; BIG WHITE je sou\u010d\u00e1st\u00ed modul\u00e1rn\u00edho 3f\u00e1zov\u00e9ho syst\u00e9mu, kter\u00fd kombinuje \u0161pi\u010dkov\u00fd design, perfektn\u00ed sv\u011btelnou techniku i snadnou instalaci. Je navr\u017eeno pro ty nejn\u00e1ro\u010dn\u011bj\u0161\u00ed projekty v hotelnictv\u00ed, kancel\u00e1\u0159sk\u00fdch i komer\u010dn\u00edch prostorech, stejn\u011b jako pro stylov\u00e9 dom\u00e1c\u00ed interi\u00e9ry.<\/p>\n<p>T\u011blo sv\u00edtidla z pr\u00e9miov\u00e9ho hlin\u00edku v matn\u00e9 \u010dern\u00e9 barv\u011b p\u016fsob\u00ed minimalisticky a nad\u010dasov\u011b. \u00dahel sv\u00edcen\u00ed 60\u00b0 vytv\u00e1\u0159\u00ed dokonal\u00fd sv\u011bteln\u00fd ku\u017eel, ide\u00e1ln\u00ed pro akcentn\u00ed osv\u011btlen\u00ed stolk\u016f, pult\u016f i v\u00fdrazn\u00fdch prvk\u016f interi\u00e9ru. Tepl\u00e1 b\u00edl\u00e1 barva sv\u011btla (2700 K) a vysok\u00fd index pod\u00e1n\u00ed barev (CRI &ge; 90) zaji\u0161\u0165uj\u00ed p\u0159\u00edjemnou a v\u011brnou atmosf\u00e9ru.<\/p>\n<h3>Funkce a v\u00fdhody<\/h3>\n<ul>\n<li><strong>Stm\u00edvatelnost:<\/strong> Plynul\u00e9 \u0159\u00edzen\u00ed intenzity sv\u011btla d\u00edky vestav\u011bn\u00e9mu LED driveru (f\u00e1zov\u00fd stm\u00edva\u010d), ide\u00e1ln\u00ed pro prom\u011bnliv\u00e9 sv\u011bteln\u00e9 sc\u00e9ny.<\/li>\n<li><strong>V\u00fdkon a \u00faspora:<\/strong> V\u00fdkon 28 W p\u0159i sv\u011bteln\u00e9m toku 2475 lm nab\u00edz\u00ed efektivn\u00ed \u0159e\u0161en\u00ed s energetickou t\u0159\u00eddou E.<\/li>\n<li><strong>Modul\u00e1rn\u00ed syst\u00e9m:<\/strong> NUMINOS\u00ae syst\u00e9m nab\u00edz\u00ed mo\u017enost konfigurace a kombinace s dal\u0161\u00edmi sv\u00edtidly dle konkr\u00e9tn\u00edch projektov\u00fdch po\u017eadavk\u016f.<\/li>\n<li><strong>Snadn\u00e1 mont\u00e1\u017e:<\/strong> Rychl\u00e1 a efektivn\u00ed instalace v r\u00e1mci 3f\u00e1zov\u00e9ho li\u0161tov\u00e9ho syst\u00e9mu.<\/li>\n<li><strong>Kvalitn\u00ed zpracov\u00e1n\u00ed:<\/strong> Robustn\u00ed konstrukce z hlin\u00edku pro dlouhou \u017eivotnost a st\u00e1lost vzhledu.<\/li>\n<\/ul>\n<h3>Doporu\u010den\u00ed architekta<\/h3>\n<p>Toto sv\u00edtidlo doporu\u010dujeme do v\u0161ech projekt\u016f, kde je d\u016fle\u017eit\u00e1 nejen sv\u011bteln\u00e1 efektivita, ale i flexibilita a designov\u00e1 \u010distota. Skv\u011ble vynikne ve v\u011bt\u0161\u00edch prostorech \u2013 lobby, galeri\u00edch, kancel\u00e1\u0159sk\u00fdch open space i stylov\u00fdch dom\u00e1cnostech. Modul\u00e1rn\u00ed syst\u00e9m NUMINOS\u00ae umo\u017e\u0148uje snadno roz\u0161\u00ed\u0159it nebo zm\u011bnit sv\u011bteln\u00fd koncept dle pot\u0159eb va\u0161eho projektu.<\/p>\n<p>Pro individu\u00e1ln\u00ed konfiguraci vyu\u017eijte ofici\u00e1ln\u00ed online konfigur\u00e1tor NUMINOS\u00ae.<\/p>\n<h3>Technick\u00e9 parametry<\/h3>\n<ul>\n<li><strong>Rozm\u011bry:<\/strong> V\u00fd\u0161ka 180 mm, pr\u016fm\u011br 100 mm, d\u00e9lka 213 mm<\/li>\n<li><strong>Materi\u00e1l:<\/strong> Hlin\u00edk<\/li>\n<li><strong>Barva:<\/strong> \u010cern\u00e1 (matn\u00e1)<\/li>\n<li><strong>Nap\u00e1jen\u00ed:<\/strong> 220\u2013240 V \/ 700 mA<\/li>\n<li><strong>Patice:<\/strong> Integrovan\u00fd LED zdroj (sou\u010d\u00e1st\u00ed balen\u00ed)<\/li>\n<li><strong>Sv\u011bteln\u00fd tok:<\/strong> 2475 lm<\/li>\n<li><strong>Teplota chromati\u010dnosti:<\/strong> 2700 K (tepl\u00e1 b\u00edl\u00e1)<\/li>\n<li><strong>Index pod\u00e1n\u00ed barev (CRI):<\/strong> \u2265 90<\/li>\n<li><strong>Stm\u00edvatelnost:<\/strong> Ano (f\u00e1zov\u00fd stm\u00edva\u010d)<\/li>\n<li><strong>Hmotnost:<\/strong> 1000 g<\/li>\n<li><strong>Energetick\u00e1 t\u0159\u00edda:<\/strong> E<\/li>\n<\/ul>\n<h3>Z\u00e1ruky a certifikace<\/h3>\n<ul>\n<li><strong>\u017divotnost:<\/strong> 50 000 h<\/li>\n<li><strong>Z\u00e1ruka:<\/strong> 2 roky<\/li>\n<li><strong>Certifikace:<\/strong> CE<\/li>\n<\/ul>\n<h3>Pro\u010d zvolit NUMINOS\u00ae od SLV?<\/h3>\n<p>Pokud hled\u00e1te spolehliv\u00e9, elegantn\u00ed a pln\u011b variabiln\u00ed sv\u011bteln\u00e9 \u0159e\u0161en\u00ed s dlouhou \u017eivotnost\u00ed a vysokou sv\u011btelnou \u00fa\u010dinnost\u00ed, NUMINOS\u00ae je tou spr\u00e1vnou volbou pro v\u00e1\u0161 interi\u00e9r. Oslovte n\u00e1\u0161 t\u00fdm design\u00e9r\u016f pro n\u00e1vrh sv\u011bteln\u00e9 koncepce na m\u00edru va\u0161emu projektu.<\/p>\n<\/p><\/div>\n<\/p><\/div>\n<p><\/p>\n<div class=\"top-params\">\n<h3 class=\"product-h3 collapse-header \" data-toggle=\"collapse\" data-target=\"#collapseOne\" aria-expanded=\"true\" aria-controls=\"collapseOne\">Parametry<\/h3>\n<div id=\"collapseOne\" class=\"collapse show\" aria-labelledby=\"headingOne\" data-parent=\"#product-info-accordion1\">\n<table class=\"table-striped\">\n<tr>\n<td>                V\u00fd\u0161ka v mm            <\/td>\n<td>                180            <\/td>\n<\/tr>\n<tr>\n<td>                Stm\u00edvateln\u00e9            <\/td>\n<td>                ano            <\/td>\n<\/tr>\n<tr>\n<td>                \u017divotnost            <\/td>\n<td>                50000h            <\/td>\n<\/tr>\n<tr>\n<td>                Hmotnost g            <\/td>\n<td>                1000            <\/td>\n<\/tr>\n<tr>\n<td>                Index pod\u00e1n\u00ed barev            <\/td>\n<td>                90            <\/td>\n<\/tr>\n<tr>\n<td>                Pr\u016fm\u011br v mm            <\/td>\n<td>                100            <\/td>\n<\/tr>\n<tr>\n<td>                D\u00e9lka v mm            <\/td>\n<td>                213            <\/td>\n<\/tr>\n<tr>\n<td>                Sv\u011bteln\u00fd tok            <\/td>\n<td>                2475lm            <\/td>\n<\/tr>\n<tr>\n<td>                Teplota barvy sv\u011btla            <\/td>\n<td>                2700K            <\/td>\n<\/tr>\n<tr>\n<td>                V\u00fdkon            <\/td>\n<td>                28W            <\/td>\n<\/tr>\n<tr>\n<td>                Nap\u00e1jec\u00ed nap\u011bt\u00ed            <\/td>\n<td>                220-240V            <\/td>\n<\/tr>\n<tr>\n<td>                Patice            <\/td>\n<td>                LED            <\/td>\n<\/tr>\n<tr>\n<td>                Proudov\u00e9 zat\u00ed\u017een\u00ed            <\/td>\n<td>                700mA            <\/td>\n<\/tr>\n<tr>\n<td>                V\u010detn\u011b sv\u011bteln\u00e9ho zdroje            <\/td>\n<td>                ano            <\/td>\n<\/tr>\n<tr>\n<td>                Materi\u00e1l            <\/td>\n<td>                hlin\u00edk            <\/td>\n<\/tr>\n<tr>\n<td>                Barva            <\/td>\n<td>                \u010dern\u00e1            <\/td>\n<\/tr>\n<tr>\n<td>                Kolekce            <\/td>\n<td>                NUMINOS L            <\/td>\n<\/tr>\n<tr>\n<td>                V\u00fdrobce            <\/td>\n<td>                SLV &#8211; BIG WHITE            <\/td>\n<\/tr>\n<tr>\n<td>                U v\u00fdrobce dostupn\u00fdch            <\/td>\n<td>                40                    ks            <\/td>\n<\/tr>\n<tr>\n<td>                Energetick\u00e1 \u00fa\u010dinnost            <\/td>\n<td>                E            <\/td>\n<\/tr>\n<\/table>\n<\/div><\/div>\n<\/div>\n<div class=\"accordion\" id=\"product-info-accordion2\">\n","protected":false},"excerpt":{"rendered":"<p>Popis produktu 3~ NUMINOS\u00ae PHASE L \u2013 3f\u00e1zov\u00e9 syst\u00e9mov\u00e9 sv\u00edtidlo \u010dern\u00e1\/\u010dern\u00e1 2700 K 60\u00b0 Designov\u00e1 sv\u011bteln\u00e1 flexibilita pro modern\u00ed interi\u00e9ry Objevte univerz\u00e1ln\u00ed a sofistikovan\u00e9 \u0159e\u0161en\u00ed pro komplexn\u00ed sv\u011bteln\u00e9 koncepty \u2013 sv\u00edtidlo NUMINOS\u00ae PHASE L z kolekce SLV &#8211; BIG WHITE je sou\u010d\u00e1st\u00ed modul\u00e1rn\u00edho 3f\u00e1zov\u00e9ho syst\u00e9mu, kter\u00fd kombinuje \u0161pi\u010dkov\u00fd design, perfektn\u00ed sv\u011btelnou techniku i snadnou instalaci. [&hellip;]<\/p>\n","protected":false},"featured_media":19030,"comment_status":"open","ping_status":"open","template":"","meta":[],"product_brand":[],"product_cat":[35],"product_tag":[],"class_list":{"0":"post-18930","1":"product","2":"type-product","3":"status-publish","4":"has-post-thumbnail","6":"product_cat-systemy","8":"first","9":"instock","10":"sale","11":"shipping-taxable","12":"purchasable","13":"product-type-simple"},"yoast_head":"<!-- This site is optimized with the Yoast SEO plugin v26.8 - https:\/\/yoast.com\/product\/yoast-seo-wordpress\/ -->\n<title>3~ NUMINOS\u00ae PHASE L 3f\u00e1zov\u00e9 syst\u00e9mov\u00e9 sv\u00edtidlo \u010dern\u00e1\/\u010dern\u00e1 2700 K 60\u00b0 - BIG WHITE (SLV) Nov\u00e1 Kolekce -<\/title>\n<meta name=\"robots\" content=\"index, follow, max-snippet:-1, max-image-preview:large, max-video-preview:-1\" \/>\n<link rel=\"canonical\" href=\"https:\/\/www.domstavpro.com\/index.php\/produkt\/3-numinos-r-phase-l-3fazove-systemove-svitidlo-cerna-cerna-2700-k-60deg-big-white-slv-nova-kolekce-18930\/\" \/>\n<meta property=\"og:locale\" content=\"cs_CZ\" \/>\n<meta property=\"og:type\" content=\"article\" \/>\n<meta property=\"og:title\" content=\"3~ NUMINOS\u00ae PHASE L 3f\u00e1zov\u00e9 syst\u00e9mov\u00e9 sv\u00edtidlo \u010dern\u00e1\/\u010dern\u00e1 2700 K 60\u00b0 - BIG WHITE (SLV) Nov\u00e1 Kolekce -\" \/>\n<meta property=\"og:description\" content=\"Popis produktu 3~ NUMINOS\u00ae PHASE L \u2013 3f\u00e1zov\u00e9 syst\u00e9mov\u00e9 sv\u00edtidlo \u010dern\u00e1\/\u010dern\u00e1 2700 K 60\u00b0 Designov\u00e1 sv\u011bteln\u00e1 flexibilita pro modern\u00ed interi\u00e9ry Objevte univerz\u00e1ln\u00ed a sofistikovan\u00e9 \u0159e\u0161en\u00ed pro komplexn\u00ed sv\u011bteln\u00e9 koncepty \u2013 sv\u00edtidlo NUMINOS\u00ae PHASE L z kolekce SLV &#8211; BIG WHITE je sou\u010d\u00e1st\u00ed modul\u00e1rn\u00edho 3f\u00e1zov\u00e9ho syst\u00e9mu, kter\u00fd kombinuje \u0161pi\u010dkov\u00fd design, perfektn\u00ed sv\u011btelnou techniku i snadnou instalaci. [&hellip;]\" \/>\n<meta property=\"og:url\" content=\"https:\/\/www.domstavpro.com\/index.php\/produkt\/3-numinos-r-phase-l-3fazove-systemove-svitidlo-cerna-cerna-2700-k-60deg-big-white-slv-nova-kolekce-18930\/\" \/>\n<meta property=\"og:image\" content=\"https:\/\/www.domstavpro.com\/wp-content\/uploads\/2026\/SK0026132-CZ20260425-091535-0-1777079744-LA-1004268.webp\" \/>\n\t<meta property=\"og:image:width\" content=\"800\" \/>\n\t<meta property=\"og:image:height\" content=\"800\" \/>\n\t<meta property=\"og:image:type\" content=\"image\/webp\" \/>\n<meta name=\"twitter:card\" content=\"summary_large_image\" \/>\n<meta name=\"twitter:label1\" content=\"Odhadovan\u00e1 doba \u010dten\u00ed\" \/>\n\t<meta name=\"twitter:data1\" content=\"3 minuty\" \/>\n<script type=\"application\/ld+json\" class=\"yoast-schema-graph\">{\"@context\":\"https:\/\/schema.org\",\"@graph\":[{\"@type\":\"WebPage\",\"@id\":\"https:\/\/www.domstavpro.com\/index.php\/produkt\/3-numinos-r-phase-l-3fazove-systemove-svitidlo-cerna-cerna-2700-k-60deg-big-white-slv-nova-kolekce-18930\/\",\"url\":\"https:\/\/www.domstavpro.com\/index.php\/produkt\/3-numinos-r-phase-l-3fazove-systemove-svitidlo-cerna-cerna-2700-k-60deg-big-white-slv-nova-kolekce-18930\/\",\"name\":\"3~ NUMINOS\u00ae PHASE L 3f\u00e1zov\u00e9 syst\u00e9mov\u00e9 sv\u00edtidlo \u010dern\u00e1\/\u010dern\u00e1 2700 K 60\u00b0 - BIG WHITE (SLV) Nov\u00e1 Kolekce -\",\"isPartOf\":{\"@id\":\"https:\/\/www.domstavpro.com\/#website\"},\"primaryImageOfPage\":{\"@id\":\"https:\/\/www.domstavpro.com\/index.php\/produkt\/3-numinos-r-phase-l-3fazove-systemove-svitidlo-cerna-cerna-2700-k-60deg-big-white-slv-nova-kolekce-18930\/#primaryimage\"},\"image\":{\"@id\":\"https:\/\/www.domstavpro.com\/index.php\/produkt\/3-numinos-r-phase-l-3fazove-systemove-svitidlo-cerna-cerna-2700-k-60deg-big-white-slv-nova-kolekce-18930\/#primaryimage\"},\"thumbnailUrl\":\"https:\/\/www.domstavpro.com\/wp-content\/uploads\/2026\/SK0026132-CZ20260425-091535-0-1777079744-LA-1004268.webp\",\"datePublished\":\"2026-04-27T15:08:37+00:00\",\"breadcrumb\":{\"@id\":\"https:\/\/www.domstavpro.com\/index.php\/produkt\/3-numinos-r-phase-l-3fazove-systemove-svitidlo-cerna-cerna-2700-k-60deg-big-white-slv-nova-kolekce-18930\/#breadcrumb\"},\"inLanguage\":\"cs\",\"potentialAction\":[{\"@type\":\"ReadAction\",\"target\":[\"https:\/\/www.domstavpro.com\/index.php\/produkt\/3-numinos-r-phase-l-3fazove-systemove-svitidlo-cerna-cerna-2700-k-60deg-big-white-slv-nova-kolekce-18930\/\"]}]},{\"@type\":\"ImageObject\",\"inLanguage\":\"cs\",\"@id\":\"https:\/\/www.domstavpro.com\/index.php\/produkt\/3-numinos-r-phase-l-3fazove-systemove-svitidlo-cerna-cerna-2700-k-60deg-big-white-slv-nova-kolekce-18930\/#primaryimage\",\"url\":\"https:\/\/www.domstavpro.com\/wp-content\/uploads\/2026\/SK0026132-CZ20260425-091535-0-1777079744-LA-1004268.webp\",\"contentUrl\":\"https:\/\/www.domstavpro.com\/wp-content\/uploads\/2026\/SK0026132-CZ20260425-091535-0-1777079744-LA-1004268.webp\",\"width\":800,\"height\":800},{\"@type\":\"BreadcrumbList\",\"@id\":\"https:\/\/www.domstavpro.com\/index.php\/produkt\/3-numinos-r-phase-l-3fazove-systemove-svitidlo-cerna-cerna-2700-k-60deg-big-white-slv-nova-kolekce-18930\/#breadcrumb\",\"itemListElement\":[{\"@type\":\"ListItem\",\"position\":1,\"name\":\"Home\",\"item\":\"https:\/\/www.domstavpro.com\/\"},{\"@type\":\"ListItem\",\"position\":2,\"name\":\"Products\",\"item\":\"https:\/\/www.domstavpro.com\/index.php\/products\/\"},{\"@type\":\"ListItem\",\"position\":3,\"name\":\"3~ NUMINOS\u00ae PHASE L 3f\u00e1zov\u00e9 syst\u00e9mov\u00e9 sv\u00edtidlo \u010dern\u00e1\/\u010dern\u00e1 2700 K 60\u00b0 &#8211; BIG WHITE (SLV) Nov\u00e1 Kolekce\"}]},{\"@type\":\"WebSite\",\"@id\":\"https:\/\/www.domstavpro.com\/#website\",\"url\":\"https:\/\/www.domstavpro.com\/\",\"name\":\"\",\"description\":\"\",\"potentialAction\":[{\"@type\":\"SearchAction\",\"target\":{\"@type\":\"EntryPoint\",\"urlTemplate\":\"https:\/\/www.domstavpro.com\/?s={search_term_string}\"},\"query-input\":{\"@type\":\"PropertyValueSpecification\",\"valueRequired\":true,\"valueName\":\"search_term_string\"}}],\"inLanguage\":\"cs\"}]}<\/script>\n<!-- \/ Yoast SEO plugin. -->","yoast_head_json":{"title":"3~ NUMINOS\u00ae PHASE L 3f\u00e1zov\u00e9 syst\u00e9mov\u00e9 sv\u00edtidlo \u010dern\u00e1\/\u010dern\u00e1 2700 K 60\u00b0 - BIG WHITE (SLV) Nov\u00e1 Kolekce -","robots":{"index":"index","follow":"follow","max-snippet":"max-snippet:-1","max-image-preview":"max-image-preview:large","max-video-preview":"max-video-preview:-1"},"canonical":"https:\/\/www.domstavpro.com\/index.php\/produkt\/3-numinos-r-phase-l-3fazove-systemove-svitidlo-cerna-cerna-2700-k-60deg-big-white-slv-nova-kolekce-18930\/","og_locale":"cs_CZ","og_type":"article","og_title":"3~ NUMINOS\u00ae PHASE L 3f\u00e1zov\u00e9 syst\u00e9mov\u00e9 sv\u00edtidlo \u010dern\u00e1\/\u010dern\u00e1 2700 K 60\u00b0 - BIG WHITE (SLV) Nov\u00e1 Kolekce -","og_description":"Popis produktu 3~ NUMINOS\u00ae PHASE L \u2013 3f\u00e1zov\u00e9 syst\u00e9mov\u00e9 sv\u00edtidlo \u010dern\u00e1\/\u010dern\u00e1 2700 K 60\u00b0 Designov\u00e1 sv\u011bteln\u00e1 flexibilita pro modern\u00ed interi\u00e9ry Objevte univerz\u00e1ln\u00ed a sofistikovan\u00e9 \u0159e\u0161en\u00ed pro komplexn\u00ed sv\u011bteln\u00e9 koncepty \u2013 sv\u00edtidlo NUMINOS\u00ae PHASE L z kolekce SLV &#8211; BIG WHITE je sou\u010d\u00e1st\u00ed modul\u00e1rn\u00edho 3f\u00e1zov\u00e9ho syst\u00e9mu, kter\u00fd kombinuje \u0161pi\u010dkov\u00fd design, perfektn\u00ed sv\u011btelnou techniku i snadnou instalaci. [&hellip;]","og_url":"https:\/\/www.domstavpro.com\/index.php\/produkt\/3-numinos-r-phase-l-3fazove-systemove-svitidlo-cerna-cerna-2700-k-60deg-big-white-slv-nova-kolekce-18930\/","og_image":[{"width":800,"height":800,"url":"https:\/\/www.domstavpro.com\/wp-content\/uploads\/2026\/SK0026132-CZ20260425-091535-0-1777079744-LA-1004268.webp","type":"image\/webp"}],"twitter_card":"summary_large_image","twitter_misc":{"Odhadovan\u00e1 doba \u010dten\u00ed":"3 minuty"},"schema":{"@context":"https:\/\/schema.org","@graph":[{"@type":"WebPage","@id":"https:\/\/www.domstavpro.com\/index.php\/produkt\/3-numinos-r-phase-l-3fazove-systemove-svitidlo-cerna-cerna-2700-k-60deg-big-white-slv-nova-kolekce-18930\/","url":"https:\/\/www.domstavpro.com\/index.php\/produkt\/3-numinos-r-phase-l-3fazove-systemove-svitidlo-cerna-cerna-2700-k-60deg-big-white-slv-nova-kolekce-18930\/","name":"3~ NUMINOS\u00ae PHASE L 3f\u00e1zov\u00e9 syst\u00e9mov\u00e9 sv\u00edtidlo \u010dern\u00e1\/\u010dern\u00e1 2700 K 60\u00b0 - BIG WHITE (SLV) Nov\u00e1 Kolekce -","isPartOf":{"@id":"https:\/\/www.domstavpro.com\/#website"},"primaryImageOfPage":{"@id":"https:\/\/www.domstavpro.com\/index.php\/produkt\/3-numinos-r-phase-l-3fazove-systemove-svitidlo-cerna-cerna-2700-k-60deg-big-white-slv-nova-kolekce-18930\/#primaryimage"},"image":{"@id":"https:\/\/www.domstavpro.com\/index.php\/produkt\/3-numinos-r-phase-l-3fazove-systemove-svitidlo-cerna-cerna-2700-k-60deg-big-white-slv-nova-kolekce-18930\/#primaryimage"},"thumbnailUrl":"https:\/\/www.domstavpro.com\/wp-content\/uploads\/2026\/SK0026132-CZ20260425-091535-0-1777079744-LA-1004268.webp","datePublished":"2026-04-27T15:08:37+00:00","breadcrumb":{"@id":"https:\/\/www.domstavpro.com\/index.php\/produkt\/3-numinos-r-phase-l-3fazove-systemove-svitidlo-cerna-cerna-2700-k-60deg-big-white-slv-nova-kolekce-18930\/#breadcrumb"},"inLanguage":"cs","potentialAction":[{"@type":"ReadAction","target":["https:\/\/www.domstavpro.com\/index.php\/produkt\/3-numinos-r-phase-l-3fazove-systemove-svitidlo-cerna-cerna-2700-k-60deg-big-white-slv-nova-kolekce-18930\/"]}]},{"@type":"ImageObject","inLanguage":"cs","@id":"https:\/\/www.domstavpro.com\/index.php\/produkt\/3-numinos-r-phase-l-3fazove-systemove-svitidlo-cerna-cerna-2700-k-60deg-big-white-slv-nova-kolekce-18930\/#primaryimage","url":"https:\/\/www.domstavpro.com\/wp-content\/uploads\/2026\/SK0026132-CZ20260425-091535-0-1777079744-LA-1004268.webp","contentUrl":"https:\/\/www.domstavpro.com\/wp-content\/uploads\/2026\/SK0026132-CZ20260425-091535-0-1777079744-LA-1004268.webp","width":800,"height":800},{"@type":"BreadcrumbList","@id":"https:\/\/www.domstavpro.com\/index.php\/produkt\/3-numinos-r-phase-l-3fazove-systemove-svitidlo-cerna-cerna-2700-k-60deg-big-white-slv-nova-kolekce-18930\/#breadcrumb","itemListElement":[{"@type":"ListItem","position":1,"name":"Home","item":"https:\/\/www.domstavpro.com\/"},{"@type":"ListItem","position":2,"name":"Products","item":"https:\/\/www.domstavpro.com\/index.php\/products\/"},{"@type":"ListItem","position":3,"name":"3~ NUMINOS\u00ae PHASE L 3f\u00e1zov\u00e9 syst\u00e9mov\u00e9 sv\u00edtidlo \u010dern\u00e1\/\u010dern\u00e1 2700 K 60\u00b0 &#8211; BIG WHITE (SLV) Nov\u00e1 Kolekce"}]},{"@type":"WebSite","@id":"https:\/\/www.domstavpro.com\/#website","url":"https:\/\/www.domstavpro.com\/","name":"","description":"","potentialAction":[{"@type":"SearchAction","target":{"@type":"EntryPoint","urlTemplate":"https:\/\/www.domstavpro.com\/?s={search_term_string}"},"query-input":{"@type":"PropertyValueSpecification","valueRequired":true,"valueName":"search_term_string"}}],"inLanguage":"cs"}]}},"_links":{"self":[{"href":"https:\/\/www.domstavpro.com\/index.php\/wp-json\/wp\/v2\/product\/18930","targetHints":{"allow":["GET"]}}],"collection":[{"href":"https:\/\/www.domstavpro.com\/index.php\/wp-json\/wp\/v2\/product"}],"about":[{"href":"https:\/\/www.domstavpro.com\/index.php\/wp-json\/wp\/v2\/types\/product"}],"replies":[{"embeddable":true,"href":"https:\/\/www.domstavpro.com\/index.php\/wp-json\/wp\/v2\/comments?post=18930"}],"wp:featuredmedia":[{"embeddable":true,"href":"https:\/\/www.domstavpro.com\/index.php\/wp-json\/wp\/v2\/media\/19030"}],"wp:attachment":[{"href":"https:\/\/www.domstavpro.com\/index.php\/wp-json\/wp\/v2\/media?parent=18930"}],"wp:term":[{"taxonomy":"product_brand","embeddable":true,"href":"https:\/\/www.domstavpro.com\/index.php\/wp-json\/wp\/v2\/product_brand?post=18930"},{"taxonomy":"product_cat","embeddable":true,"href":"https:\/\/www.domstavpro.com\/index.php\/wp-json\/wp\/v2\/product_cat?post=18930"},{"taxonomy":"product_tag","embeddable":true,"href":"https:\/\/www.domstavpro.com\/index.php\/wp-json\/wp\/v2\/product_tag?post=18930"}],"curies":[{"name":"wp","href":"https:\/\/api.w.org\/{rel}","templated":true}]}}