{"id":18767,"date":"2026-04-27T15:08:36","date_gmt":"2026-04-27T15:08:36","guid":{"rendered":""},"modified":"2026-04-27T15:08:36","modified_gmt":"2026-04-27T15:08:36","slug":"3-numinos-r-phase-m-3fazove-systemove-svitidlo-bila-cerna-3000-k-60deg-big-white-slv-novinka-18767","status":"publish","type":"product","link":"https:\/\/www.domstavpro.com\/index.php\/produkt\/3-numinos-r-phase-m-3fazove-systemove-svitidlo-bila-cerna-3000-k-60deg-big-white-slv-novinka-18767\/","title":{"rendered":"3~ NUMINOS\u00ae PHASE M 3f\u00e1zov\u00e9 syst\u00e9mov\u00e9 sv\u00edtidlo b\u00edl\u00e1\/\u010dern\u00e1 3000 K 60\u00b0 &#8211; BIG WHITE (SLV) Novinka"},"content":{"rendered":"<h3 class=\"product-h3\">Popis produktu<\/h3>\n<p><h2>3f\u00e1zov\u00e9 syst\u00e9mov\u00e9 sv\u00edtidlo NUMINOS\u00ae PHASE M \u2013 Perfektn\u00ed volba pro designov\u00e9 osv\u011btlen\u00ed<\/h2>\n<p>Objevte jedine\u010dn\u00e9 mo\u017enosti modul\u00e1rn\u00edho syst\u00e9mu osv\u011btlen\u00ed <strong>NUMINOS\u00ae PHASE M<\/strong> od renomovan\u00e9ho v\u00fdrobce SLV \u2013 BIG WHITE. Toto t\u0159\u00edf\u00e1zov\u00e9 sv\u00edtidlo v barevn\u00e9m proveden\u00ed b\u00edl\u00e1\/\u010dern\u00e1 s teplotou chromati\u010dnosti 3000 K a \u00fahlem vyza\u0159ov\u00e1n\u00ed 60\u00b0 je navr\u017eeno pro realizaci soudob\u00fdch i nad\u010dasov\u00fdch interi\u00e9r\u016f s d\u016frazem na funkci, design a nejnov\u011bj\u0161\u00ed technologie.<\/p>\n<h3>V\u0161estrannost a individualita pro ka\u017ed\u00fd projekt<\/h3>\n<p>\u0158ada NUMINOS\u00ae je ide\u00e1ln\u00edm \u0159e\u0161en\u00edm pro projekty, kter\u00e9 vy\u017eaduj\u00ed jednotn\u00fd koncept osv\u011btlen\u00ed, a\u0165 u\u017e v hotel\u00edch, kancel\u00e1\u0159\u00edch, obchodech, restaurac\u00edch, \u010di soukrom\u00fdch rezidenc\u00edch. D\u00edky \u0161irok\u00e9mu v\u00fdb\u011bru modul\u016f si m\u016f\u017eete nakonfigurovat sv\u011btlo p\u0159esn\u011b podle pot\u0159eb va\u0161eho prostoru i estetick\u00fdch preferenc\u00ed. Sv\u00edtidlo vych\u00e1z\u00ed vst\u0159\u00edc po\u017eadavk\u016fm architekt\u016f i n\u00e1ro\u010dn\u00fdch klient\u016f \u2013 je vhodn\u00e9 pro p\u0159\u00edm\u00e9 nasv\u00edcen\u00ed stol\u016f, pult\u016f i akcentaci konkr\u00e9tn\u00edch z\u00f3n interi\u00e9ru.<\/p>\n<h3>Technick\u00e9 parametry a hlavn\u00ed v\u00fdhody<\/h3>\n<ul>\n<li><strong>Teplota sv\u011btla:<\/strong> 3000 K (tepl\u00e1 b\u00edl\u00e1) \u2013 ide\u00e1ln\u00ed pro p\u0159\u00edjemnou atmosf\u00e9ru i reprezentativn\u00ed prostory<\/li>\n<li><strong>Sv\u011bteln\u00fd tok:<\/strong> 1870 lm \u2013 vysok\u00e1 \u00fa\u010dinnost pro dokonal\u00e9 osv\u011btlen\u00ed<\/li>\n<li><strong>V\u00fdkon:<\/strong> 20,1 W<\/li>\n<li><strong>Stm\u00edvateln\u00e9:<\/strong> ano (f\u00e1zov\u00fd stm\u00edva\u010d) \u2013 mo\u017enost regulace intenzity sv\u011btla podle n\u00e1lady a pot\u0159eby<\/li>\n<li><strong>Index pod\u00e1n\u00ed barev (CRI):<\/strong> 90 \u2013 vynikaj\u00edc\u00ed v\u011brnost barev, vhodn\u00e9 i pro galerijn\u00ed prostory \u010di komer\u010dn\u00ed prezentace<\/li>\n<li><strong>\u00dahel vyza\u0159ov\u00e1n\u00ed:<\/strong> 60\u00b0 \u2013 optim\u00e1ln\u00ed pro akcentov\u00e9 i plo\u0161n\u00e9 nasv\u00edcen\u00ed<\/li>\n<li><strong>Mont\u00e1\u017e:<\/strong> 3f\u00e1zov\u00fd syst\u00e9m \u2013 maxim\u00e1ln\u00ed flexibilita a jednoduch\u00e1 instalace<\/li>\n<li><strong>Materi\u00e1l:<\/strong> hlin\u00edk \u2013 precizn\u00ed zpracov\u00e1n\u00ed a dlouh\u00e1 \u017eivotnost<\/li>\n<li><strong>Rozm\u011bry:<\/strong> v\u00fd\u0161ka 165 mm, pr\u016fm\u011br 85 mm, d\u00e9lka 185 mm<\/li>\n<li><strong>Barva:<\/strong> b\u00edl\u00e1\/\u010dern\u00e1 \u2013 nad\u010dasov\u00e1 kombinace pro modern\u00ed i klasick\u00e9 interi\u00e9ry<\/li>\n<li><strong>Energetick\u00e1 t\u0159\u00edda:<\/strong> E<\/li>\n<\/ul>\n<h3>Doporu\u010den\u00ed architekta<\/h3>\n<p>Syst\u00e9m NUMINOS\u00ae doporu\u010dujeme pro v\u0161echny projekty, kde je kl\u00ed\u010dov\u00e1 mo\u017enost <strong>modul\u00e1rn\u00ed kombinace, snadn\u00e9 stm\u00edv\u00e1n\u00ed a \u0161pi\u010dkov\u00e1 sv\u011bteln\u00e1 kvalita<\/strong>. Tento model je vhodn\u00fd nejen pro komer\u010dn\u00ed prostory, ale tak\u00e9 pro pr\u00e9miov\u00e9 rezidence, kde ocen\u00edte jeho \u010dist\u00fd design, univerz\u00e1lnost a mo\u017enost individu\u00e1ln\u00ed konfigurace. Ide\u00e1ln\u00ed pro akcentace um\u011bleck\u00fdch d\u011bl, nasv\u00edcen\u00ed pracovn\u00edch ploch i dominantn\u00edch architektonick\u00fdch prvk\u016f.<\/p>\n<h3>Z\u00e1ruky a certifikace<\/h3>\n<ul>\n<li><strong>\u017divotnost:<\/strong> 50 000 hodin<\/li>\n<li><strong>Z\u00e1ruka:<\/strong> 2 roky<\/li>\n<li><strong>Certifikace:<\/strong> CE<\/li>\n<\/ul>\n<p>Vyu\u017eijte mo\u017enost individu\u00e1ln\u00ed konfigurace a navrhn\u011bte si osv\u011btlen\u00ed p\u0159esn\u011b podle sv\u00fdch p\u0159edstav. V\u00edce informac\u00ed a konfigur\u00e1tor najdete na aulix.cz.<\/p>\n<\/p><\/div>\n<\/p><\/div>\n<p><\/p>\n<div class=\"top-params\">\n<h3 class=\"product-h3 collapse-header \" data-toggle=\"collapse\" data-target=\"#collapseOne\" aria-expanded=\"true\" aria-controls=\"collapseOne\">Parametry<\/h3>\n<div id=\"collapseOne\" class=\"collapse show\" aria-labelledby=\"headingOne\" data-parent=\"#product-info-accordion1\">\n<table class=\"table-striped\">\n<tr>\n<td>                V\u00fd\u0161ka v mm            <\/td>\n<td>                165            <\/td>\n<\/tr>\n<tr>\n<td>                Stm\u00edvateln\u00e9            <\/td>\n<td>                ano            <\/td>\n<\/tr>\n<tr>\n<td>                \u017divotnost            <\/td>\n<td>                50000h            <\/td>\n<\/tr>\n<tr>\n<td>                Hmotnost g            <\/td>\n<td>                720            <\/td>\n<\/tr>\n<tr>\n<td>                Index pod\u00e1n\u00ed barev            <\/td>\n<td>                90            <\/td>\n<\/tr>\n<tr>\n<td>                Pr\u016fm\u011br v mm            <\/td>\n<td>                85            <\/td>\n<\/tr>\n<tr>\n<td>                D\u00e9lka v mm            <\/td>\n<td>                185            <\/td>\n<\/tr>\n<tr>\n<td>                Sv\u011bteln\u00fd tok            <\/td>\n<td>                1870lm            <\/td>\n<\/tr>\n<tr>\n<td>                Teplota barvy sv\u011btla            <\/td>\n<td>                3000K            <\/td>\n<\/tr>\n<tr>\n<td>                V\u00fdkon            <\/td>\n<td>                20,1W            <\/td>\n<\/tr>\n<tr>\n<td>                Nap\u00e1jec\u00ed nap\u011bt\u00ed            <\/td>\n<td>                220-240V            <\/td>\n<\/tr>\n<tr>\n<td>                Patice            <\/td>\n<td>                LED            <\/td>\n<\/tr>\n<tr>\n<td>                Proudov\u00e9 zat\u00ed\u017een\u00ed            <\/td>\n<td>                500mA            <\/td>\n<\/tr>\n<tr>\n<td>                V\u010detn\u011b sv\u011bteln\u00e9ho zdroje            <\/td>\n<td>                ano            <\/td>\n<\/tr>\n<tr>\n<td>                Materi\u00e1l            <\/td>\n<td>                hlin\u00edk            <\/td>\n<\/tr>\n<tr>\n<td>                Barva            <\/td>\n<td>                b\u00edl\u00e1            <\/td>\n<\/tr>\n<tr>\n<td>                Kolekce            <\/td>\n<td>                NUMINOS M            <\/td>\n<\/tr>\n<tr>\n<td>                V\u00fdrobce            <\/td>\n<td>                SLV &#8211; BIG WHITE            <\/td>\n<\/tr>\n<tr>\n<td>                Energetick\u00e1 \u00fa\u010dinnost            <\/td>\n<td>                E            <\/td>\n<\/tr>\n<tr>\n<td>                U v\u00fdrobce dostupn\u00fdch            <\/td>\n<td>                176                    ks            <\/td>\n<\/tr>\n<\/table>\n<\/div><\/div>\n<\/div>\n<div class=\"accordion\" id=\"product-info-accordion2\">\n","protected":false},"excerpt":{"rendered":"<p>Popis produktu 3f\u00e1zov\u00e9 syst\u00e9mov\u00e9 sv\u00edtidlo NUMINOS\u00ae PHASE M \u2013 Perfektn\u00ed volba pro designov\u00e9 osv\u011btlen\u00ed Objevte jedine\u010dn\u00e9 mo\u017enosti modul\u00e1rn\u00edho syst\u00e9mu osv\u011btlen\u00ed NUMINOS\u00ae PHASE M od renomovan\u00e9ho v\u00fdrobce SLV \u2013 BIG WHITE. Toto t\u0159\u00edf\u00e1zov\u00e9 sv\u00edtidlo v barevn\u00e9m proveden\u00ed b\u00edl\u00e1\/\u010dern\u00e1 s teplotou chromati\u010dnosti 3000 K a \u00fahlem vyza\u0159ov\u00e1n\u00ed 60\u00b0 je navr\u017eeno pro realizaci soudob\u00fdch i nad\u010dasov\u00fdch interi\u00e9r\u016f s [&hellip;]<\/p>\n","protected":false},"featured_media":18867,"comment_status":"open","ping_status":"open","template":"","meta":[],"product_brand":[],"product_cat":[35],"product_tag":[],"class_list":{"0":"post-18767","1":"product","2":"type-product","3":"status-publish","4":"has-post-thumbnail","6":"product_cat-systemy","8":"first","9":"instock","10":"sale","11":"shipping-taxable","12":"purchasable","13":"product-type-simple"},"yoast_head":"<!-- This site is optimized with the Yoast SEO plugin v26.8 - https:\/\/yoast.com\/product\/yoast-seo-wordpress\/ -->\n<title>3~ NUMINOS\u00ae PHASE M 3f\u00e1zov\u00e9 syst\u00e9mov\u00e9 sv\u00edtidlo b\u00edl\u00e1\/\u010dern\u00e1 3000 K 60\u00b0 - BIG WHITE (SLV) Novinka -<\/title>\n<meta name=\"robots\" content=\"index, follow, max-snippet:-1, max-image-preview:large, max-video-preview:-1\" \/>\n<link rel=\"canonical\" href=\"https:\/\/www.domstavpro.com\/index.php\/produkt\/3-numinos-r-phase-m-3fazove-systemove-svitidlo-bila-cerna-3000-k-60deg-big-white-slv-novinka-18767\/\" \/>\n<meta property=\"og:locale\" content=\"cs_CZ\" \/>\n<meta property=\"og:type\" content=\"article\" \/>\n<meta property=\"og:title\" content=\"3~ NUMINOS\u00ae PHASE M 3f\u00e1zov\u00e9 syst\u00e9mov\u00e9 sv\u00edtidlo b\u00edl\u00e1\/\u010dern\u00e1 3000 K 60\u00b0 - BIG WHITE (SLV) Novinka -\" \/>\n<meta property=\"og:description\" content=\"Popis produktu 3f\u00e1zov\u00e9 syst\u00e9mov\u00e9 sv\u00edtidlo NUMINOS\u00ae PHASE M \u2013 Perfektn\u00ed volba pro designov\u00e9 osv\u011btlen\u00ed Objevte jedine\u010dn\u00e9 mo\u017enosti modul\u00e1rn\u00edho syst\u00e9mu osv\u011btlen\u00ed NUMINOS\u00ae PHASE M od renomovan\u00e9ho v\u00fdrobce SLV \u2013 BIG WHITE. Toto t\u0159\u00edf\u00e1zov\u00e9 sv\u00edtidlo v barevn\u00e9m proveden\u00ed b\u00edl\u00e1\/\u010dern\u00e1 s teplotou chromati\u010dnosti 3000 K a \u00fahlem vyza\u0159ov\u00e1n\u00ed 60\u00b0 je navr\u017eeno pro realizaci soudob\u00fdch i nad\u010dasov\u00fdch interi\u00e9r\u016f s [&hellip;]\" \/>\n<meta property=\"og:url\" content=\"https:\/\/www.domstavpro.com\/index.php\/produkt\/3-numinos-r-phase-m-3fazove-systemove-svitidlo-bila-cerna-3000-k-60deg-big-white-slv-novinka-18767\/\" \/>\n<meta property=\"og:image\" content=\"https:\/\/www.domstavpro.com\/wp-content\/uploads\/2026\/SK0026069-CZ20260425-091535-0-1777079744-LA-1004184.webp\" \/>\n\t<meta property=\"og:image:width\" content=\"800\" \/>\n\t<meta property=\"og:image:height\" content=\"800\" \/>\n\t<meta property=\"og:image:type\" content=\"image\/webp\" \/>\n<meta name=\"twitter:card\" content=\"summary_large_image\" \/>\n<meta name=\"twitter:label1\" content=\"Odhadovan\u00e1 doba \u010dten\u00ed\" \/>\n\t<meta name=\"twitter:data1\" content=\"3 minuty\" \/>\n<script type=\"application\/ld+json\" class=\"yoast-schema-graph\">{\"@context\":\"https:\/\/schema.org\",\"@graph\":[{\"@type\":\"WebPage\",\"@id\":\"https:\/\/www.domstavpro.com\/index.php\/produkt\/3-numinos-r-phase-m-3fazove-systemove-svitidlo-bila-cerna-3000-k-60deg-big-white-slv-novinka-18767\/\",\"url\":\"https:\/\/www.domstavpro.com\/index.php\/produkt\/3-numinos-r-phase-m-3fazove-systemove-svitidlo-bila-cerna-3000-k-60deg-big-white-slv-novinka-18767\/\",\"name\":\"3~ NUMINOS\u00ae PHASE M 3f\u00e1zov\u00e9 syst\u00e9mov\u00e9 sv\u00edtidlo b\u00edl\u00e1\/\u010dern\u00e1 3000 K 60\u00b0 - BIG WHITE (SLV) Novinka -\",\"isPartOf\":{\"@id\":\"https:\/\/www.domstavpro.com\/#website\"},\"primaryImageOfPage\":{\"@id\":\"https:\/\/www.domstavpro.com\/index.php\/produkt\/3-numinos-r-phase-m-3fazove-systemove-svitidlo-bila-cerna-3000-k-60deg-big-white-slv-novinka-18767\/#primaryimage\"},\"image\":{\"@id\":\"https:\/\/www.domstavpro.com\/index.php\/produkt\/3-numinos-r-phase-m-3fazove-systemove-svitidlo-bila-cerna-3000-k-60deg-big-white-slv-novinka-18767\/#primaryimage\"},\"thumbnailUrl\":\"https:\/\/www.domstavpro.com\/wp-content\/uploads\/2026\/SK0026069-CZ20260425-091535-0-1777079744-LA-1004184.webp\",\"datePublished\":\"2026-04-27T15:08:36+00:00\",\"breadcrumb\":{\"@id\":\"https:\/\/www.domstavpro.com\/index.php\/produkt\/3-numinos-r-phase-m-3fazove-systemove-svitidlo-bila-cerna-3000-k-60deg-big-white-slv-novinka-18767\/#breadcrumb\"},\"inLanguage\":\"cs\",\"potentialAction\":[{\"@type\":\"ReadAction\",\"target\":[\"https:\/\/www.domstavpro.com\/index.php\/produkt\/3-numinos-r-phase-m-3fazove-systemove-svitidlo-bila-cerna-3000-k-60deg-big-white-slv-novinka-18767\/\"]}]},{\"@type\":\"ImageObject\",\"inLanguage\":\"cs\",\"@id\":\"https:\/\/www.domstavpro.com\/index.php\/produkt\/3-numinos-r-phase-m-3fazove-systemove-svitidlo-bila-cerna-3000-k-60deg-big-white-slv-novinka-18767\/#primaryimage\",\"url\":\"https:\/\/www.domstavpro.com\/wp-content\/uploads\/2026\/SK0026069-CZ20260425-091535-0-1777079744-LA-1004184.webp\",\"contentUrl\":\"https:\/\/www.domstavpro.com\/wp-content\/uploads\/2026\/SK0026069-CZ20260425-091535-0-1777079744-LA-1004184.webp\",\"width\":800,\"height\":800},{\"@type\":\"BreadcrumbList\",\"@id\":\"https:\/\/www.domstavpro.com\/index.php\/produkt\/3-numinos-r-phase-m-3fazove-systemove-svitidlo-bila-cerna-3000-k-60deg-big-white-slv-novinka-18767\/#breadcrumb\",\"itemListElement\":[{\"@type\":\"ListItem\",\"position\":1,\"name\":\"Home\",\"item\":\"https:\/\/www.domstavpro.com\/\"},{\"@type\":\"ListItem\",\"position\":2,\"name\":\"Products\",\"item\":\"https:\/\/www.domstavpro.com\/index.php\/products\/\"},{\"@type\":\"ListItem\",\"position\":3,\"name\":\"3~ NUMINOS\u00ae PHASE M 3f\u00e1zov\u00e9 syst\u00e9mov\u00e9 sv\u00edtidlo b\u00edl\u00e1\/\u010dern\u00e1 3000 K 60\u00b0 &#8211; BIG WHITE (SLV) Novinka\"}]},{\"@type\":\"WebSite\",\"@id\":\"https:\/\/www.domstavpro.com\/#website\",\"url\":\"https:\/\/www.domstavpro.com\/\",\"name\":\"\",\"description\":\"\",\"potentialAction\":[{\"@type\":\"SearchAction\",\"target\":{\"@type\":\"EntryPoint\",\"urlTemplate\":\"https:\/\/www.domstavpro.com\/?s={search_term_string}\"},\"query-input\":{\"@type\":\"PropertyValueSpecification\",\"valueRequired\":true,\"valueName\":\"search_term_string\"}}],\"inLanguage\":\"cs\"}]}<\/script>\n<!-- \/ Yoast SEO plugin. -->","yoast_head_json":{"title":"3~ NUMINOS\u00ae PHASE M 3f\u00e1zov\u00e9 syst\u00e9mov\u00e9 sv\u00edtidlo b\u00edl\u00e1\/\u010dern\u00e1 3000 K 60\u00b0 - BIG WHITE (SLV) Novinka -","robots":{"index":"index","follow":"follow","max-snippet":"max-snippet:-1","max-image-preview":"max-image-preview:large","max-video-preview":"max-video-preview:-1"},"canonical":"https:\/\/www.domstavpro.com\/index.php\/produkt\/3-numinos-r-phase-m-3fazove-systemove-svitidlo-bila-cerna-3000-k-60deg-big-white-slv-novinka-18767\/","og_locale":"cs_CZ","og_type":"article","og_title":"3~ NUMINOS\u00ae PHASE M 3f\u00e1zov\u00e9 syst\u00e9mov\u00e9 sv\u00edtidlo b\u00edl\u00e1\/\u010dern\u00e1 3000 K 60\u00b0 - BIG WHITE (SLV) Novinka -","og_description":"Popis produktu 3f\u00e1zov\u00e9 syst\u00e9mov\u00e9 sv\u00edtidlo NUMINOS\u00ae PHASE M \u2013 Perfektn\u00ed volba pro designov\u00e9 osv\u011btlen\u00ed Objevte jedine\u010dn\u00e9 mo\u017enosti modul\u00e1rn\u00edho syst\u00e9mu osv\u011btlen\u00ed NUMINOS\u00ae PHASE M od renomovan\u00e9ho v\u00fdrobce SLV \u2013 BIG WHITE. Toto t\u0159\u00edf\u00e1zov\u00e9 sv\u00edtidlo v barevn\u00e9m proveden\u00ed b\u00edl\u00e1\/\u010dern\u00e1 s teplotou chromati\u010dnosti 3000 K a \u00fahlem vyza\u0159ov\u00e1n\u00ed 60\u00b0 je navr\u017eeno pro realizaci soudob\u00fdch i nad\u010dasov\u00fdch interi\u00e9r\u016f s [&hellip;]","og_url":"https:\/\/www.domstavpro.com\/index.php\/produkt\/3-numinos-r-phase-m-3fazove-systemove-svitidlo-bila-cerna-3000-k-60deg-big-white-slv-novinka-18767\/","og_image":[{"width":800,"height":800,"url":"https:\/\/www.domstavpro.com\/wp-content\/uploads\/2026\/SK0026069-CZ20260425-091535-0-1777079744-LA-1004184.webp","type":"image\/webp"}],"twitter_card":"summary_large_image","twitter_misc":{"Odhadovan\u00e1 doba \u010dten\u00ed":"3 minuty"},"schema":{"@context":"https:\/\/schema.org","@graph":[{"@type":"WebPage","@id":"https:\/\/www.domstavpro.com\/index.php\/produkt\/3-numinos-r-phase-m-3fazove-systemove-svitidlo-bila-cerna-3000-k-60deg-big-white-slv-novinka-18767\/","url":"https:\/\/www.domstavpro.com\/index.php\/produkt\/3-numinos-r-phase-m-3fazove-systemove-svitidlo-bila-cerna-3000-k-60deg-big-white-slv-novinka-18767\/","name":"3~ NUMINOS\u00ae PHASE M 3f\u00e1zov\u00e9 syst\u00e9mov\u00e9 sv\u00edtidlo b\u00edl\u00e1\/\u010dern\u00e1 3000 K 60\u00b0 - BIG WHITE (SLV) Novinka -","isPartOf":{"@id":"https:\/\/www.domstavpro.com\/#website"},"primaryImageOfPage":{"@id":"https:\/\/www.domstavpro.com\/index.php\/produkt\/3-numinos-r-phase-m-3fazove-systemove-svitidlo-bila-cerna-3000-k-60deg-big-white-slv-novinka-18767\/#primaryimage"},"image":{"@id":"https:\/\/www.domstavpro.com\/index.php\/produkt\/3-numinos-r-phase-m-3fazove-systemove-svitidlo-bila-cerna-3000-k-60deg-big-white-slv-novinka-18767\/#primaryimage"},"thumbnailUrl":"https:\/\/www.domstavpro.com\/wp-content\/uploads\/2026\/SK0026069-CZ20260425-091535-0-1777079744-LA-1004184.webp","datePublished":"2026-04-27T15:08:36+00:00","breadcrumb":{"@id":"https:\/\/www.domstavpro.com\/index.php\/produkt\/3-numinos-r-phase-m-3fazove-systemove-svitidlo-bila-cerna-3000-k-60deg-big-white-slv-novinka-18767\/#breadcrumb"},"inLanguage":"cs","potentialAction":[{"@type":"ReadAction","target":["https:\/\/www.domstavpro.com\/index.php\/produkt\/3-numinos-r-phase-m-3fazove-systemove-svitidlo-bila-cerna-3000-k-60deg-big-white-slv-novinka-18767\/"]}]},{"@type":"ImageObject","inLanguage":"cs","@id":"https:\/\/www.domstavpro.com\/index.php\/produkt\/3-numinos-r-phase-m-3fazove-systemove-svitidlo-bila-cerna-3000-k-60deg-big-white-slv-novinka-18767\/#primaryimage","url":"https:\/\/www.domstavpro.com\/wp-content\/uploads\/2026\/SK0026069-CZ20260425-091535-0-1777079744-LA-1004184.webp","contentUrl":"https:\/\/www.domstavpro.com\/wp-content\/uploads\/2026\/SK0026069-CZ20260425-091535-0-1777079744-LA-1004184.webp","width":800,"height":800},{"@type":"BreadcrumbList","@id":"https:\/\/www.domstavpro.com\/index.php\/produkt\/3-numinos-r-phase-m-3fazove-systemove-svitidlo-bila-cerna-3000-k-60deg-big-white-slv-novinka-18767\/#breadcrumb","itemListElement":[{"@type":"ListItem","position":1,"name":"Home","item":"https:\/\/www.domstavpro.com\/"},{"@type":"ListItem","position":2,"name":"Products","item":"https:\/\/www.domstavpro.com\/index.php\/products\/"},{"@type":"ListItem","position":3,"name":"3~ NUMINOS\u00ae PHASE M 3f\u00e1zov\u00e9 syst\u00e9mov\u00e9 sv\u00edtidlo b\u00edl\u00e1\/\u010dern\u00e1 3000 K 60\u00b0 &#8211; BIG WHITE (SLV) Novinka"}]},{"@type":"WebSite","@id":"https:\/\/www.domstavpro.com\/#website","url":"https:\/\/www.domstavpro.com\/","name":"","description":"","potentialAction":[{"@type":"SearchAction","target":{"@type":"EntryPoint","urlTemplate":"https:\/\/www.domstavpro.com\/?s={search_term_string}"},"query-input":{"@type":"PropertyValueSpecification","valueRequired":true,"valueName":"search_term_string"}}],"inLanguage":"cs"}]}},"_links":{"self":[{"href":"https:\/\/www.domstavpro.com\/index.php\/wp-json\/wp\/v2\/product\/18767","targetHints":{"allow":["GET"]}}],"collection":[{"href":"https:\/\/www.domstavpro.com\/index.php\/wp-json\/wp\/v2\/product"}],"about":[{"href":"https:\/\/www.domstavpro.com\/index.php\/wp-json\/wp\/v2\/types\/product"}],"replies":[{"embeddable":true,"href":"https:\/\/www.domstavpro.com\/index.php\/wp-json\/wp\/v2\/comments?post=18767"}],"wp:featuredmedia":[{"embeddable":true,"href":"https:\/\/www.domstavpro.com\/index.php\/wp-json\/wp\/v2\/media\/18867"}],"wp:attachment":[{"href":"https:\/\/www.domstavpro.com\/index.php\/wp-json\/wp\/v2\/media?parent=18767"}],"wp:term":[{"taxonomy":"product_brand","embeddable":true,"href":"https:\/\/www.domstavpro.com\/index.php\/wp-json\/wp\/v2\/product_brand?post=18767"},{"taxonomy":"product_cat","embeddable":true,"href":"https:\/\/www.domstavpro.com\/index.php\/wp-json\/wp\/v2\/product_cat?post=18767"},{"taxonomy":"product_tag","embeddable":true,"href":"https:\/\/www.domstavpro.com\/index.php\/wp-json\/wp\/v2\/product_tag?post=18767"}],"curies":[{"name":"wp","href":"https:\/\/api.w.org\/{rel}","templated":true}]}}