{"id":18757,"date":"2026-04-27T15:08:36","date_gmt":"2026-04-27T15:08:36","guid":{"rendered":""},"modified":"2026-04-27T15:08:36","modified_gmt":"2026-04-27T15:08:36","slug":"3-numinos-r-phase-m-3fazove-systemove-svitidlo-cerna-cerna-2700-k-36deg-big-white-slv-omezena-nabidka-18757","status":"publish","type":"product","link":"https:\/\/www.domstavpro.com\/index.php\/produkt\/3-numinos-r-phase-m-3fazove-systemove-svitidlo-cerna-cerna-2700-k-36deg-big-white-slv-omezena-nabidka-18757\/","title":{"rendered":"3~ NUMINOS\u00ae PHASE M 3f\u00e1zov\u00e9 syst\u00e9mov\u00e9 sv\u00edtidlo \u010dern\u00e1\/\u010dern\u00e1 2700 K 36\u00b0 &#8211; BIG WHITE (SLV) Omezen\u00e1 Nab\u00eddka"},"content":{"rendered":"<h3 class=\"product-h3\">Popis produktu<\/h3>\n<p><h2>3~ NUMINOS\u00ae PHASE M \u2013 3f\u00e1zov\u00e9 syst\u00e9mov\u00e9 sv\u00edtidlo \u010dern\u00e1\/\u010dern\u00e1 2700 K 36\u00b0<\/h2>\n<h3>Profesion\u00e1ln\u00ed sv\u011bteln\u00fd syst\u00e9m pro modern\u00ed interi\u00e9ry<\/h3>\n<p>Syst\u00e9mov\u00e9 sv\u00edtidlo <strong>NUMINOS\u00ae PHASE M<\/strong> p\u0159edstavuje \u0161pi\u010dkov\u00e9 \u0159e\u0161en\u00ed pro architekty a design\u00e9ry, kte\u0159\u00ed vy\u017eaduj\u00ed nejen vysokou funk\u010dnost, ale tak\u00e9 designovou \u010distotu a technologickou flexibilitu. Toto t\u0159\u00edf\u00e1zov\u00e9 sv\u00edtidlo v elegantn\u00edm \u010dern\u00e9m proveden\u00ed vynik\u00e1 ve v\u0161ech typech komer\u010dn\u00edch i priv\u00e1tn\u00edch interi\u00e9r\u016f \u2013 od hotel\u016f, kancel\u00e1\u0159\u00ed a\u017e po luxusn\u00ed rezidence \u010di stylov\u00e9 restaurace.<\/p>\n<h3>Unik\u00e1tn\u00ed vlastnosti a v\u00fdhody<\/h3>\n<ul>\n<li><strong>Modul\u00e1rn\u00ed syst\u00e9m<\/strong> \u2013 NUMINOS\u00ae umo\u017e\u0148uje konfiguraci na m\u00edru podle konkr\u00e9tn\u00edch po\u017eadavk\u016f projektu i prostoru.<\/li>\n<li><strong>Akcenta\u010dn\u00ed osv\u011btlen\u00ed<\/strong> \u2013 \u00fahel vyza\u0159ov\u00e1n\u00ed 36\u00b0 ide\u00e1ln\u00ed pro zv\u00fdrazn\u011bn\u00ed designov\u00fdch prvk\u016f, obraz\u016f, stol\u016f \u010di pult\u016f.<\/li>\n<li><strong>Plynul\u00e9 stm\u00edv\u00e1n\u00ed<\/strong> \u2013 d\u00edky vestav\u011bn\u00e9mu LED driveru s f\u00e1zov\u00fdm stm\u00edva\u010dem snadno nastav\u00edte atmosf\u00e9ru prostoru.<\/li>\n<li><strong>Vysok\u00e1 kvalita sv\u011btla<\/strong> \u2013 tepl\u00e1 b\u00edl\u00e1 (2700 K) s vynikaj\u00edc\u00edm pod\u00e1n\u00edm barev (CRI 90) pro p\u0159irozen\u00fd vzhled materi\u00e1l\u016f i osob.<\/li>\n<li><strong>Snadn\u00e1 instalace<\/strong> \u2013 syst\u00e9mov\u00e9 \u0159e\u0161en\u00ed pro rychlou mont\u00e1\u017e bez kompromis\u016f v estetice i funkci.<\/li>\n<li><strong>Pr\u00e9miov\u00e9 materi\u00e1ly<\/strong> \u2013 robustn\u00ed t\u011blo z hlin\u00edku zaru\u010duje dlouhou \u017eivotnost a bezchybn\u00fd vzhled.<\/li>\n<\/ul>\n<h3>Technick\u00e9 parametry<\/h3>\n<ul>\n<li><strong>V\u00fdkon:<\/strong> 20,1 W<\/li>\n<li><strong>Sv\u011bteln\u00fd tok:<\/strong> 1935 lm<\/li>\n<li><strong>Teplota chromati\u010dnosti:<\/strong> 2700 K \u2013 p\u0159\u00edjemn\u00e9 tepl\u00e9 b\u00edl\u00e9 sv\u011btlo<\/li>\n<li><strong>\u00dahel vyza\u0159ov\u00e1n\u00ed:<\/strong> 36\u00b0<\/li>\n<li><strong>Index pod\u00e1n\u00ed barev (CRI):<\/strong> 90<\/li>\n<li><strong>\u017divotnost:<\/strong> 50 000 h<\/li>\n<li><strong>Stm\u00edvateln\u00e9:<\/strong> Ano (f\u00e1zov\u00e9 stm\u00edv\u00e1n\u00ed)<\/li>\n<li><strong>Rozm\u011bry:<\/strong> v\u00fd\u0161ka 165 mm, pr\u016fm\u011br 85 mm, d\u00e9lka 185 mm<\/li>\n<li><strong>Hmotnost:<\/strong> 720 g<\/li>\n<li><strong>Nap\u00e1jen\u00ed:<\/strong> 220\u2013240 V, 500 mA<\/li>\n<li><strong>Energetick\u00e1 t\u0159\u00edda:<\/strong> E<\/li>\n<li><strong>Materi\u00e1l:<\/strong> hlin\u00edk<\/li>\n<li><strong>Barva:<\/strong> \u010dern\u00e1\/\u010dern\u00e1<\/li>\n<li><strong>Kolekce:<\/strong> NUMINOS\u00ae M<\/li>\n<li><strong>V\u00fdrobce:<\/strong> SLV \u2013 BIG WHITE<\/li>\n<\/ul>\n<h3>Z\u00e1ruky a certifikace<\/h3>\n<ul>\n<li><strong>\u017divotnost:<\/strong> 50 000 hodin<\/li>\n<li><strong>Z\u00e1ruka:<\/strong> 2 roky<\/li>\n<li><strong>Certifikace:<\/strong> CE<\/li>\n<\/ul>\n<h3>Doporu\u010den\u00ed architekta<\/h3>\n<p>\u0158ada NUMINOS\u00ae je ide\u00e1ln\u00ed volbou pro v\u0161echny, kdo cht\u011bj\u00ed vytv\u00e1\u0159et jednotn\u00e9, p\u0159esto variabiln\u00ed sv\u011bteln\u00e9 koncepty v modern\u00edm stylu. D\u00edky precizn\u00edmu sm\u011brov\u00e1n\u00ed sv\u011bteln\u00e9ho ku\u017eelu a vysok\u00e9 kvalit\u011b zpracov\u00e1n\u00ed doporu\u010dujeme tento model p\u0159edev\u0161\u00edm nad pracovn\u00ed stoly, bary, recepce nebo do galeri\u00ed, kde ocen\u00edte jak funk\u010dnost, tak estetiku.<br \/><strong>Tip:<\/strong> Pro n\u00e1vrh cel\u00e9ho syst\u00e9mu vyu\u017eijte konfigur\u00e1tor NUMINOS\u00ae a z\u00edskejte \u0159e\u0161en\u00ed na m\u00edru Va\u0161emu prostoru.<\/p>\n<\/p><\/div>\n<\/p><\/div>\n<p><\/p>\n<div class=\"top-params\">\n<h3 class=\"product-h3 collapse-header \" data-toggle=\"collapse\" data-target=\"#collapseOne\" aria-expanded=\"true\" aria-controls=\"collapseOne\">Parametry<\/h3>\n<div id=\"collapseOne\" class=\"collapse show\" aria-labelledby=\"headingOne\" data-parent=\"#product-info-accordion1\">\n<table class=\"table-striped\">\n<tr>\n<td>                V\u00fd\u0161ka v mm            <\/td>\n<td>                165            <\/td>\n<\/tr>\n<tr>\n<td>                Stm\u00edvateln\u00e9            <\/td>\n<td>                ano            <\/td>\n<\/tr>\n<tr>\n<td>                \u017divotnost            <\/td>\n<td>                50000h            <\/td>\n<\/tr>\n<tr>\n<td>                Hmotnost g            <\/td>\n<td>                720            <\/td>\n<\/tr>\n<tr>\n<td>                Pr\u016fm\u011br v mm            <\/td>\n<td>                85            <\/td>\n<\/tr>\n<tr>\n<td>                D\u00e9lka v mm            <\/td>\n<td>                185            <\/td>\n<\/tr>\n<tr>\n<td>                Sv\u011bteln\u00fd tok            <\/td>\n<td>                1935lm            <\/td>\n<\/tr>\n<tr>\n<td>                Teplota barvy sv\u011btla            <\/td>\n<td>                2700K            <\/td>\n<\/tr>\n<tr>\n<td>                V\u00fdkon            <\/td>\n<td>                20,1W            <\/td>\n<\/tr>\n<tr>\n<td>                Nap\u00e1jec\u00ed nap\u011bt\u00ed            <\/td>\n<td>                220-240V            <\/td>\n<\/tr>\n<tr>\n<td>                Patice            <\/td>\n<td>                LED            <\/td>\n<\/tr>\n<tr>\n<td>                Proudov\u00e9 zat\u00ed\u017een\u00ed            <\/td>\n<td>                500mA            <\/td>\n<\/tr>\n<tr>\n<td>                V\u010detn\u011b sv\u011bteln\u00e9ho zdroje            <\/td>\n<td>                ano            <\/td>\n<\/tr>\n<tr>\n<td>                Materi\u00e1l            <\/td>\n<td>                hlin\u00edk            <\/td>\n<\/tr>\n<tr>\n<td>                Barva            <\/td>\n<td>                \u010dern\u00e1            <\/td>\n<\/tr>\n<tr>\n<td>                Kolekce            <\/td>\n<td>                NUMINOS M            <\/td>\n<\/tr>\n<tr>\n<td>                V\u00fdrobce            <\/td>\n<td>                SLV &#8211; BIG WHITE            <\/td>\n<\/tr>\n<tr>\n<td>                Energetick\u00e1 \u00fa\u010dinnost            <\/td>\n<td>                E            <\/td>\n<\/tr>\n<tr>\n<td>                U v\u00fdrobce dostupn\u00fdch            <\/td>\n<td>                338                    ks            <\/td>\n<\/tr>\n<tr>\n<td>                Vystaveno na studiu            <\/td>\n<td>                ano            <\/td>\n<\/tr>\n<tr>\n<td>                Index pod\u00e1n\u00ed barev            <\/td>\n<td>                90            <\/td>\n<\/tr>\n<\/table>\n<\/div><\/div>\n<\/div>\n<div class=\"accordion\" id=\"product-info-accordion2\">\n","protected":false},"excerpt":{"rendered":"<p>Popis produktu 3~ NUMINOS\u00ae PHASE M \u2013 3f\u00e1zov\u00e9 syst\u00e9mov\u00e9 sv\u00edtidlo \u010dern\u00e1\/\u010dern\u00e1 2700 K 36\u00b0 Profesion\u00e1ln\u00ed sv\u011bteln\u00fd syst\u00e9m pro modern\u00ed interi\u00e9ry Syst\u00e9mov\u00e9 sv\u00edtidlo NUMINOS\u00ae PHASE M p\u0159edstavuje \u0161pi\u010dkov\u00e9 \u0159e\u0161en\u00ed pro architekty a design\u00e9ry, kte\u0159\u00ed vy\u017eaduj\u00ed nejen vysokou funk\u010dnost, ale tak\u00e9 designovou \u010distotu a technologickou flexibilitu. Toto t\u0159\u00edf\u00e1zov\u00e9 sv\u00edtidlo v elegantn\u00edm \u010dern\u00e9m proveden\u00ed vynik\u00e1 ve v\u0161ech typech [&hellip;]<\/p>\n","protected":false},"featured_media":18857,"comment_status":"open","ping_status":"open","template":"","meta":[],"product_brand":[],"product_cat":[35],"product_tag":[],"class_list":{"0":"post-18757","1":"product","2":"type-product","3":"status-publish","4":"has-post-thumbnail","6":"product_cat-systemy","8":"first","9":"instock","10":"sale","11":"shipping-taxable","12":"purchasable","13":"product-type-simple"},"yoast_head":"<!-- This site is optimized with the Yoast SEO plugin v26.8 - https:\/\/yoast.com\/product\/yoast-seo-wordpress\/ -->\n<title>3~ NUMINOS\u00ae PHASE M 3f\u00e1zov\u00e9 syst\u00e9mov\u00e9 sv\u00edtidlo \u010dern\u00e1\/\u010dern\u00e1 2700 K 36\u00b0 - BIG WHITE (SLV) Omezen\u00e1 Nab\u00eddka -<\/title>\n<meta name=\"robots\" content=\"index, follow, max-snippet:-1, max-image-preview:large, max-video-preview:-1\" \/>\n<link rel=\"canonical\" href=\"https:\/\/www.domstavpro.com\/index.php\/produkt\/3-numinos-r-phase-m-3fazove-systemove-svitidlo-cerna-cerna-2700-k-36deg-big-white-slv-omezena-nabidka-18757\/\" \/>\n<meta property=\"og:locale\" content=\"cs_CZ\" \/>\n<meta property=\"og:type\" content=\"article\" \/>\n<meta property=\"og:title\" content=\"3~ NUMINOS\u00ae PHASE M 3f\u00e1zov\u00e9 syst\u00e9mov\u00e9 sv\u00edtidlo \u010dern\u00e1\/\u010dern\u00e1 2700 K 36\u00b0 - BIG WHITE (SLV) Omezen\u00e1 Nab\u00eddka -\" \/>\n<meta property=\"og:description\" content=\"Popis produktu 3~ NUMINOS\u00ae PHASE M \u2013 3f\u00e1zov\u00e9 syst\u00e9mov\u00e9 sv\u00edtidlo \u010dern\u00e1\/\u010dern\u00e1 2700 K 36\u00b0 Profesion\u00e1ln\u00ed sv\u011bteln\u00fd syst\u00e9m pro modern\u00ed interi\u00e9ry Syst\u00e9mov\u00e9 sv\u00edtidlo NUMINOS\u00ae PHASE M p\u0159edstavuje \u0161pi\u010dkov\u00e9 \u0159e\u0161en\u00ed pro architekty a design\u00e9ry, kte\u0159\u00ed vy\u017eaduj\u00ed nejen vysokou funk\u010dnost, ale tak\u00e9 designovou \u010distotu a technologickou flexibilitu. Toto t\u0159\u00edf\u00e1zov\u00e9 sv\u00edtidlo v elegantn\u00edm \u010dern\u00e9m proveden\u00ed vynik\u00e1 ve v\u0161ech typech [&hellip;]\" \/>\n<meta property=\"og:url\" content=\"https:\/\/www.domstavpro.com\/index.php\/produkt\/3-numinos-r-phase-m-3fazove-systemove-svitidlo-cerna-cerna-2700-k-36deg-big-white-slv-omezena-nabidka-18757\/\" \/>\n<meta property=\"og:image\" content=\"https:\/\/www.domstavpro.com\/wp-content\/uploads\/2026\/SK0026059-CZ20260425-091535-0-1777079744-LA-1004171.webp\" \/>\n\t<meta property=\"og:image:width\" content=\"800\" \/>\n\t<meta property=\"og:image:height\" content=\"800\" \/>\n\t<meta property=\"og:image:type\" content=\"image\/webp\" \/>\n<meta name=\"twitter:card\" content=\"summary_large_image\" \/>\n<meta name=\"twitter:label1\" content=\"Odhadovan\u00e1 doba \u010dten\u00ed\" \/>\n\t<meta name=\"twitter:data1\" content=\"2 minuty\" \/>\n<script type=\"application\/ld+json\" class=\"yoast-schema-graph\">{\"@context\":\"https:\/\/schema.org\",\"@graph\":[{\"@type\":\"WebPage\",\"@id\":\"https:\/\/www.domstavpro.com\/index.php\/produkt\/3-numinos-r-phase-m-3fazove-systemove-svitidlo-cerna-cerna-2700-k-36deg-big-white-slv-omezena-nabidka-18757\/\",\"url\":\"https:\/\/www.domstavpro.com\/index.php\/produkt\/3-numinos-r-phase-m-3fazove-systemove-svitidlo-cerna-cerna-2700-k-36deg-big-white-slv-omezena-nabidka-18757\/\",\"name\":\"3~ NUMINOS\u00ae PHASE M 3f\u00e1zov\u00e9 syst\u00e9mov\u00e9 sv\u00edtidlo \u010dern\u00e1\/\u010dern\u00e1 2700 K 36\u00b0 - BIG WHITE (SLV) Omezen\u00e1 Nab\u00eddka -\",\"isPartOf\":{\"@id\":\"https:\/\/www.domstavpro.com\/#website\"},\"primaryImageOfPage\":{\"@id\":\"https:\/\/www.domstavpro.com\/index.php\/produkt\/3-numinos-r-phase-m-3fazove-systemove-svitidlo-cerna-cerna-2700-k-36deg-big-white-slv-omezena-nabidka-18757\/#primaryimage\"},\"image\":{\"@id\":\"https:\/\/www.domstavpro.com\/index.php\/produkt\/3-numinos-r-phase-m-3fazove-systemove-svitidlo-cerna-cerna-2700-k-36deg-big-white-slv-omezena-nabidka-18757\/#primaryimage\"},\"thumbnailUrl\":\"https:\/\/www.domstavpro.com\/wp-content\/uploads\/2026\/SK0026059-CZ20260425-091535-0-1777079744-LA-1004171.webp\",\"datePublished\":\"2026-04-27T15:08:36+00:00\",\"breadcrumb\":{\"@id\":\"https:\/\/www.domstavpro.com\/index.php\/produkt\/3-numinos-r-phase-m-3fazove-systemove-svitidlo-cerna-cerna-2700-k-36deg-big-white-slv-omezena-nabidka-18757\/#breadcrumb\"},\"inLanguage\":\"cs\",\"potentialAction\":[{\"@type\":\"ReadAction\",\"target\":[\"https:\/\/www.domstavpro.com\/index.php\/produkt\/3-numinos-r-phase-m-3fazove-systemove-svitidlo-cerna-cerna-2700-k-36deg-big-white-slv-omezena-nabidka-18757\/\"]}]},{\"@type\":\"ImageObject\",\"inLanguage\":\"cs\",\"@id\":\"https:\/\/www.domstavpro.com\/index.php\/produkt\/3-numinos-r-phase-m-3fazove-systemove-svitidlo-cerna-cerna-2700-k-36deg-big-white-slv-omezena-nabidka-18757\/#primaryimage\",\"url\":\"https:\/\/www.domstavpro.com\/wp-content\/uploads\/2026\/SK0026059-CZ20260425-091535-0-1777079744-LA-1004171.webp\",\"contentUrl\":\"https:\/\/www.domstavpro.com\/wp-content\/uploads\/2026\/SK0026059-CZ20260425-091535-0-1777079744-LA-1004171.webp\",\"width\":800,\"height\":800},{\"@type\":\"BreadcrumbList\",\"@id\":\"https:\/\/www.domstavpro.com\/index.php\/produkt\/3-numinos-r-phase-m-3fazove-systemove-svitidlo-cerna-cerna-2700-k-36deg-big-white-slv-omezena-nabidka-18757\/#breadcrumb\",\"itemListElement\":[{\"@type\":\"ListItem\",\"position\":1,\"name\":\"Home\",\"item\":\"https:\/\/www.domstavpro.com\/\"},{\"@type\":\"ListItem\",\"position\":2,\"name\":\"Products\",\"item\":\"https:\/\/www.domstavpro.com\/index.php\/products\/\"},{\"@type\":\"ListItem\",\"position\":3,\"name\":\"3~ NUMINOS\u00ae PHASE M 3f\u00e1zov\u00e9 syst\u00e9mov\u00e9 sv\u00edtidlo \u010dern\u00e1\/\u010dern\u00e1 2700 K 36\u00b0 &#8211; BIG WHITE (SLV) Omezen\u00e1 Nab\u00eddka\"}]},{\"@type\":\"WebSite\",\"@id\":\"https:\/\/www.domstavpro.com\/#website\",\"url\":\"https:\/\/www.domstavpro.com\/\",\"name\":\"\",\"description\":\"\",\"potentialAction\":[{\"@type\":\"SearchAction\",\"target\":{\"@type\":\"EntryPoint\",\"urlTemplate\":\"https:\/\/www.domstavpro.com\/?s={search_term_string}\"},\"query-input\":{\"@type\":\"PropertyValueSpecification\",\"valueRequired\":true,\"valueName\":\"search_term_string\"}}],\"inLanguage\":\"cs\"}]}<\/script>\n<!-- \/ Yoast SEO plugin. -->","yoast_head_json":{"title":"3~ NUMINOS\u00ae PHASE M 3f\u00e1zov\u00e9 syst\u00e9mov\u00e9 sv\u00edtidlo \u010dern\u00e1\/\u010dern\u00e1 2700 K 36\u00b0 - BIG WHITE (SLV) Omezen\u00e1 Nab\u00eddka -","robots":{"index":"index","follow":"follow","max-snippet":"max-snippet:-1","max-image-preview":"max-image-preview:large","max-video-preview":"max-video-preview:-1"},"canonical":"https:\/\/www.domstavpro.com\/index.php\/produkt\/3-numinos-r-phase-m-3fazove-systemove-svitidlo-cerna-cerna-2700-k-36deg-big-white-slv-omezena-nabidka-18757\/","og_locale":"cs_CZ","og_type":"article","og_title":"3~ NUMINOS\u00ae PHASE M 3f\u00e1zov\u00e9 syst\u00e9mov\u00e9 sv\u00edtidlo \u010dern\u00e1\/\u010dern\u00e1 2700 K 36\u00b0 - BIG WHITE (SLV) Omezen\u00e1 Nab\u00eddka -","og_description":"Popis produktu 3~ NUMINOS\u00ae PHASE M \u2013 3f\u00e1zov\u00e9 syst\u00e9mov\u00e9 sv\u00edtidlo \u010dern\u00e1\/\u010dern\u00e1 2700 K 36\u00b0 Profesion\u00e1ln\u00ed sv\u011bteln\u00fd syst\u00e9m pro modern\u00ed interi\u00e9ry Syst\u00e9mov\u00e9 sv\u00edtidlo NUMINOS\u00ae PHASE M p\u0159edstavuje \u0161pi\u010dkov\u00e9 \u0159e\u0161en\u00ed pro architekty a design\u00e9ry, kte\u0159\u00ed vy\u017eaduj\u00ed nejen vysokou funk\u010dnost, ale tak\u00e9 designovou \u010distotu a technologickou flexibilitu. Toto t\u0159\u00edf\u00e1zov\u00e9 sv\u00edtidlo v elegantn\u00edm \u010dern\u00e9m proveden\u00ed vynik\u00e1 ve v\u0161ech typech [&hellip;]","og_url":"https:\/\/www.domstavpro.com\/index.php\/produkt\/3-numinos-r-phase-m-3fazove-systemove-svitidlo-cerna-cerna-2700-k-36deg-big-white-slv-omezena-nabidka-18757\/","og_image":[{"width":800,"height":800,"url":"https:\/\/www.domstavpro.com\/wp-content\/uploads\/2026\/SK0026059-CZ20260425-091535-0-1777079744-LA-1004171.webp","type":"image\/webp"}],"twitter_card":"summary_large_image","twitter_misc":{"Odhadovan\u00e1 doba \u010dten\u00ed":"2 minuty"},"schema":{"@context":"https:\/\/schema.org","@graph":[{"@type":"WebPage","@id":"https:\/\/www.domstavpro.com\/index.php\/produkt\/3-numinos-r-phase-m-3fazove-systemove-svitidlo-cerna-cerna-2700-k-36deg-big-white-slv-omezena-nabidka-18757\/","url":"https:\/\/www.domstavpro.com\/index.php\/produkt\/3-numinos-r-phase-m-3fazove-systemove-svitidlo-cerna-cerna-2700-k-36deg-big-white-slv-omezena-nabidka-18757\/","name":"3~ NUMINOS\u00ae PHASE M 3f\u00e1zov\u00e9 syst\u00e9mov\u00e9 sv\u00edtidlo \u010dern\u00e1\/\u010dern\u00e1 2700 K 36\u00b0 - BIG WHITE (SLV) Omezen\u00e1 Nab\u00eddka -","isPartOf":{"@id":"https:\/\/www.domstavpro.com\/#website"},"primaryImageOfPage":{"@id":"https:\/\/www.domstavpro.com\/index.php\/produkt\/3-numinos-r-phase-m-3fazove-systemove-svitidlo-cerna-cerna-2700-k-36deg-big-white-slv-omezena-nabidka-18757\/#primaryimage"},"image":{"@id":"https:\/\/www.domstavpro.com\/index.php\/produkt\/3-numinos-r-phase-m-3fazove-systemove-svitidlo-cerna-cerna-2700-k-36deg-big-white-slv-omezena-nabidka-18757\/#primaryimage"},"thumbnailUrl":"https:\/\/www.domstavpro.com\/wp-content\/uploads\/2026\/SK0026059-CZ20260425-091535-0-1777079744-LA-1004171.webp","datePublished":"2026-04-27T15:08:36+00:00","breadcrumb":{"@id":"https:\/\/www.domstavpro.com\/index.php\/produkt\/3-numinos-r-phase-m-3fazove-systemove-svitidlo-cerna-cerna-2700-k-36deg-big-white-slv-omezena-nabidka-18757\/#breadcrumb"},"inLanguage":"cs","potentialAction":[{"@type":"ReadAction","target":["https:\/\/www.domstavpro.com\/index.php\/produkt\/3-numinos-r-phase-m-3fazove-systemove-svitidlo-cerna-cerna-2700-k-36deg-big-white-slv-omezena-nabidka-18757\/"]}]},{"@type":"ImageObject","inLanguage":"cs","@id":"https:\/\/www.domstavpro.com\/index.php\/produkt\/3-numinos-r-phase-m-3fazove-systemove-svitidlo-cerna-cerna-2700-k-36deg-big-white-slv-omezena-nabidka-18757\/#primaryimage","url":"https:\/\/www.domstavpro.com\/wp-content\/uploads\/2026\/SK0026059-CZ20260425-091535-0-1777079744-LA-1004171.webp","contentUrl":"https:\/\/www.domstavpro.com\/wp-content\/uploads\/2026\/SK0026059-CZ20260425-091535-0-1777079744-LA-1004171.webp","width":800,"height":800},{"@type":"BreadcrumbList","@id":"https:\/\/www.domstavpro.com\/index.php\/produkt\/3-numinos-r-phase-m-3fazove-systemove-svitidlo-cerna-cerna-2700-k-36deg-big-white-slv-omezena-nabidka-18757\/#breadcrumb","itemListElement":[{"@type":"ListItem","position":1,"name":"Home","item":"https:\/\/www.domstavpro.com\/"},{"@type":"ListItem","position":2,"name":"Products","item":"https:\/\/www.domstavpro.com\/index.php\/products\/"},{"@type":"ListItem","position":3,"name":"3~ NUMINOS\u00ae PHASE M 3f\u00e1zov\u00e9 syst\u00e9mov\u00e9 sv\u00edtidlo \u010dern\u00e1\/\u010dern\u00e1 2700 K 36\u00b0 &#8211; BIG WHITE (SLV) Omezen\u00e1 Nab\u00eddka"}]},{"@type":"WebSite","@id":"https:\/\/www.domstavpro.com\/#website","url":"https:\/\/www.domstavpro.com\/","name":"","description":"","potentialAction":[{"@type":"SearchAction","target":{"@type":"EntryPoint","urlTemplate":"https:\/\/www.domstavpro.com\/?s={search_term_string}"},"query-input":{"@type":"PropertyValueSpecification","valueRequired":true,"valueName":"search_term_string"}}],"inLanguage":"cs"}]}},"_links":{"self":[{"href":"https:\/\/www.domstavpro.com\/index.php\/wp-json\/wp\/v2\/product\/18757","targetHints":{"allow":["GET"]}}],"collection":[{"href":"https:\/\/www.domstavpro.com\/index.php\/wp-json\/wp\/v2\/product"}],"about":[{"href":"https:\/\/www.domstavpro.com\/index.php\/wp-json\/wp\/v2\/types\/product"}],"replies":[{"embeddable":true,"href":"https:\/\/www.domstavpro.com\/index.php\/wp-json\/wp\/v2\/comments?post=18757"}],"wp:featuredmedia":[{"embeddable":true,"href":"https:\/\/www.domstavpro.com\/index.php\/wp-json\/wp\/v2\/media\/18857"}],"wp:attachment":[{"href":"https:\/\/www.domstavpro.com\/index.php\/wp-json\/wp\/v2\/media?parent=18757"}],"wp:term":[{"taxonomy":"product_brand","embeddable":true,"href":"https:\/\/www.domstavpro.com\/index.php\/wp-json\/wp\/v2\/product_brand?post=18757"},{"taxonomy":"product_cat","embeddable":true,"href":"https:\/\/www.domstavpro.com\/index.php\/wp-json\/wp\/v2\/product_cat?post=18757"},{"taxonomy":"product_tag","embeddable":true,"href":"https:\/\/www.domstavpro.com\/index.php\/wp-json\/wp\/v2\/product_tag?post=18757"}],"curies":[{"name":"wp","href":"https:\/\/api.w.org\/{rel}","templated":true}]}}