{"id":18701,"date":"2026-04-27T15:08:36","date_gmt":"2026-04-27T15:08:36","guid":{"rendered":""},"modified":"2026-04-27T15:08:36","modified_gmt":"2026-04-27T15:08:36","slug":"3-numinos-r-phase-s-3fazove-systemove-svitidlo-bila-cerna-4000-k-60deg-big-white-slv-aktualni-18701","status":"publish","type":"product","link":"https:\/\/www.domstavpro.com\/index.php\/produkt\/3-numinos-r-phase-s-3fazove-systemove-svitidlo-bila-cerna-4000-k-60deg-big-white-slv-aktualni-18701\/","title":{"rendered":"3~ NUMINOS\u00ae PHASE S 3f\u00e1zov\u00e9 syst\u00e9mov\u00e9 sv\u00edtidlo b\u00edl\u00e1\/\u010dern\u00e1 4000 K 60\u00b0 &#8211; BIG WHITE (SLV) Aktu\u00e1ln\u00ed"},"content":{"rendered":"<h3 class=\"product-h3\">Popis produktu<\/h3>\n<p><h2>3~ NUMINOS\u00ae PHASE S \u2013 3f\u00e1zov\u00e9 syst\u00e9mov\u00e9 sv\u00edtidlo b\u00edl\u00e1\/\u010dern\u00e1, 4000 K, 60\u00b0<\/h2>\n<p>Objevte modul\u00e1rn\u00ed sv\u011bteln\u00fd syst\u00e9m SLV NUMINOS\u00ae, kter\u00fd je navr\u017een tak, aby splnil i ty nejn\u00e1ro\u010dn\u011bj\u0161\u00ed po\u017eadavky na jednotn\u00fd design, funk\u010dnost a \u0161pi\u010dkovou technologii. Toto t\u0159\u00edf\u00e1zov\u00e9 li\u0161tov\u00e9 bodov\u00e9 sv\u00edtidlo v elegantn\u00ed kombinaci b\u00edl\u00e9 a \u010dern\u00e9 barvy je ide\u00e1ln\u00ed volbou pro osv\u011btlen\u00ed hotel\u016f, kancel\u00e1\u0159\u00ed, komer\u010dn\u00edch i priv\u00e1tn\u00edch prostor. V\u00fdrazn\u00fdm benefitem je snadn\u00e1 konfigurovatelnost a mo\u017enost p\u0159izp\u016fsoben\u00ed p\u0159esn\u011b dle pot\u0159eb konkr\u00e9tn\u00edho projektu \u2013 a\u0165 u\u017e pot\u0159ebujete downlight nebo spotlight \u0159e\u0161en\u00ed.<\/p>\n<h3>Vlastnosti a v\u00fdhody sv\u00edtidla NUMINOS\u00ae PHASE S<\/h3>\n<ul>\n<li><strong>Flexibilita a modularita<\/strong> \u2013 syst\u00e9m NUMINOS\u00ae nab\u00edz\u00ed v\u00edce ne\u017e tis\u00edc kombinac\u00ed sv\u00edtidel, kter\u00e9 lze vz\u00e1jemn\u011b konfigurovat a p\u0159izp\u016fsobit ka\u017ed\u00e9mu prostoru.<\/li>\n<li><strong>Profesion\u00e1ln\u00ed sv\u011bteln\u00fd v\u00fdkon<\/strong> \u2013 sv\u011bteln\u00fd tok 1100 lm a \u00fazk\u00fd \u00fahel vyza\u0159ov\u00e1n\u00ed 60\u00b0 zaji\u0161\u0165uj\u00ed p\u0159esn\u00e9 nasv\u00edcen\u00ed po\u017eadovan\u00fdch z\u00f3n \u010di objekt\u016f.<\/li>\n<li><strong>Stm\u00edvateln\u00e9 proveden\u00ed<\/strong> \u2013 vestav\u011bn\u00fd LED driver s mo\u017enost\u00ed plynul\u00e9 regulace intenzity sv\u011btla (f\u00e1zov\u00fd stm\u00edva\u010d) pro dokonalou atmosf\u00e9ru v ka\u017ed\u00e9 situaci.<\/li>\n<li><strong>Vysok\u00e1 kvalita sv\u011btla<\/strong> \u2013 teplota chromati\u010dnosti 4000 K (studen\u00e1 b\u00edl\u00e1) a vysok\u00fd index pod\u00e1n\u00ed barev CRI 90 pro perfektn\u00ed reprodukci barev v interi\u00e9ru.<\/li>\n<li><strong>Modern\u00ed design<\/strong> \u2013 minimalistick\u00e9 v\u00e1lcov\u00e9 t\u011blo z kvalitn\u00edho hlin\u00edku v kombinaci b\u00edl\u00e1\/\u010dern\u00e1 podtrhne hodnotn\u00fd charakter prostoru.<\/li>\n<li><strong>Rychl\u00e1 mont\u00e1\u017e<\/strong> \u2013 jednoduch\u00e9 osazen\u00ed do t\u0159\u00edf\u00e1zov\u00e9 li\u0161ty v\u00fdrazn\u011b usnad\u0148uje instalaci a flexibiln\u00ed zm\u011bny rozm\u00edst\u011bn\u00ed dle pot\u0159eby.<\/li>\n<\/ul>\n<h3>Technick\u00e9 parametry<\/h3>\n<ul>\n<li>V\u00fd\u0161ka: 145 mm<\/li>\n<li>Pr\u016fm\u011br: 65 mm<\/li>\n<li>D\u00e9lka: 162 mm<\/li>\n<li>Hmotnost: 530 g<\/li>\n<li>V\u00fdkon: 10,42 W<\/li>\n<li>Nap\u00e1jen\u00ed: 220\u2013240 V<\/li>\n<li>Proud: 250 mA<\/li>\n<li>Energetick\u00e1 t\u0159\u00edda: E<\/li>\n<li>Materi\u00e1l: hlin\u00edk<\/li>\n<li>Barva: b\u00edl\u00e1\/\u010dern\u00e1<\/li>\n<li>Sv\u011bteln\u00fd zdroj: integrovan\u00fd LED (sou\u010d\u00e1st\u00ed balen\u00ed)<\/li>\n<\/ul>\n<h3>Doporu\u010den\u00ed architekta<\/h3>\n<p>Toto sv\u00edtidlo doporu\u010dujeme v\u0161em, kte\u0159\u00ed hledaj\u00ed maxim\u00e1ln\u00ed variabilitu, dlouhou \u017eivotnost a modern\u00ed, \u010dist\u00fd design. Ide\u00e1ln\u00ed je do galeri\u00ed, obchodn\u00edch provoz\u016f, recepc\u00ed, open space kancel\u00e1\u0159\u00ed i reziden\u010dn\u00edch interi\u00e9r\u016f s d\u016frazem na detail. Snadn\u00e9 nastaven\u00ed sm\u011bru sv\u011btla i intenzity zajist\u00ed v\u017edy optim\u00e1ln\u00ed atmosf\u00e9ru a zv\u00fdrazn\u00ed to nejd\u016fle\u017eit\u011bj\u0161\u00ed ve va\u0161em prostoru.<\/p>\n<p>Pro v\u00edce inspirace a individu\u00e1ln\u00ed konfiguraci nav\u0161tivte: aulix.cz<\/p>\n<h3>Z\u00e1ruky a certifikace<\/h3>\n<ul>\n<li>\u017divotnost LED: 50 000 h<\/li>\n<li>Z\u00e1ruka: 2 roky<\/li>\n<li>Certifikace: CE<\/li>\n<\/ul>\n<\/p><\/div>\n<\/p><\/div>\n<p><\/p>\n<div class=\"top-params\">\n<h3 class=\"product-h3 collapse-header \" data-toggle=\"collapse\" data-target=\"#collapseOne\" aria-expanded=\"true\" aria-controls=\"collapseOne\">Parametry<\/h3>\n<div id=\"collapseOne\" class=\"collapse show\" aria-labelledby=\"headingOne\" data-parent=\"#product-info-accordion1\">\n<table class=\"table-striped\">\n<tr>\n<td>                V\u00fd\u0161ka v mm            <\/td>\n<td>                145            <\/td>\n<\/tr>\n<tr>\n<td>                Stm\u00edvateln\u00e9            <\/td>\n<td>                ano            <\/td>\n<\/tr>\n<tr>\n<td>                \u017divotnost            <\/td>\n<td>                50000h            <\/td>\n<\/tr>\n<tr>\n<td>                Hmotnost g            <\/td>\n<td>                530            <\/td>\n<\/tr>\n<tr>\n<td>                Index pod\u00e1n\u00ed barev            <\/td>\n<td>                90            <\/td>\n<\/tr>\n<tr>\n<td>                Pr\u016fm\u011br v mm            <\/td>\n<td>                65            <\/td>\n<\/tr>\n<tr>\n<td>                D\u00e9lka v mm            <\/td>\n<td>                162            <\/td>\n<\/tr>\n<tr>\n<td>                Sv\u011bteln\u00fd tok            <\/td>\n<td>                1100lm            <\/td>\n<\/tr>\n<tr>\n<td>                Teplota barvy sv\u011btla            <\/td>\n<td>                4000K            <\/td>\n<\/tr>\n<tr>\n<td>                V\u00fdkon            <\/td>\n<td>                10,42W            <\/td>\n<\/tr>\n<tr>\n<td>                Nap\u00e1jec\u00ed nap\u011bt\u00ed            <\/td>\n<td>                220-240V            <\/td>\n<\/tr>\n<tr>\n<td>                Patice            <\/td>\n<td>                LED            <\/td>\n<\/tr>\n<tr>\n<td>                Proudov\u00e9 zat\u00ed\u017een\u00ed            <\/td>\n<td>                250mA            <\/td>\n<\/tr>\n<tr>\n<td>                V\u010detn\u011b sv\u011bteln\u00e9ho zdroje            <\/td>\n<td>                ano            <\/td>\n<\/tr>\n<tr>\n<td>                Materi\u00e1l            <\/td>\n<td>                hlin\u00edk            <\/td>\n<\/tr>\n<tr>\n<td>                Barva            <\/td>\n<td>                b\u00edl\u00e1            <\/td>\n<\/tr>\n<tr>\n<td>                Kolekce            <\/td>\n<td>                NUMINOS S            <\/td>\n<\/tr>\n<tr>\n<td>                V\u00fdrobce            <\/td>\n<td>                SLV &#8211; BIG WHITE            <\/td>\n<\/tr>\n<tr>\n<td>                U v\u00fdrobce dostupn\u00fdch            <\/td>\n<td>                200                    ks            <\/td>\n<\/tr>\n<tr>\n<td>                Energetick\u00e1 \u00fa\u010dinnost            <\/td>\n<td>                E            <\/td>\n<\/tr>\n<\/table>\n<\/div><\/div>\n<\/div>\n<div class=\"accordion\" id=\"product-info-accordion2\">\n","protected":false},"excerpt":{"rendered":"<p>Popis produktu 3~ NUMINOS\u00ae PHASE S \u2013 3f\u00e1zov\u00e9 syst\u00e9mov\u00e9 sv\u00edtidlo b\u00edl\u00e1\/\u010dern\u00e1, 4000 K, 60\u00b0 Objevte modul\u00e1rn\u00ed sv\u011bteln\u00fd syst\u00e9m SLV NUMINOS\u00ae, kter\u00fd je navr\u017een tak, aby splnil i ty nejn\u00e1ro\u010dn\u011bj\u0161\u00ed po\u017eadavky na jednotn\u00fd design, funk\u010dnost a \u0161pi\u010dkovou technologii. Toto t\u0159\u00edf\u00e1zov\u00e9 li\u0161tov\u00e9 bodov\u00e9 sv\u00edtidlo v elegantn\u00ed kombinaci b\u00edl\u00e9 a \u010dern\u00e9 barvy je ide\u00e1ln\u00ed volbou pro osv\u011btlen\u00ed hotel\u016f, [&hellip;]<\/p>\n","protected":false},"featured_media":18801,"comment_status":"open","ping_status":"open","template":"","meta":[],"product_brand":[],"product_cat":[35],"product_tag":[],"class_list":{"0":"post-18701","1":"product","2":"type-product","3":"status-publish","4":"has-post-thumbnail","6":"product_cat-systemy","8":"first","9":"instock","10":"sale","11":"shipping-taxable","12":"purchasable","13":"product-type-simple"},"yoast_head":"<!-- This site is optimized with the Yoast SEO plugin v26.8 - https:\/\/yoast.com\/product\/yoast-seo-wordpress\/ -->\n<title>3~ NUMINOS\u00ae PHASE S 3f\u00e1zov\u00e9 syst\u00e9mov\u00e9 sv\u00edtidlo b\u00edl\u00e1\/\u010dern\u00e1 4000 K 60\u00b0 - BIG WHITE (SLV) Aktu\u00e1ln\u00ed -<\/title>\n<meta name=\"robots\" content=\"index, follow, max-snippet:-1, max-image-preview:large, max-video-preview:-1\" \/>\n<link rel=\"canonical\" href=\"https:\/\/www.domstavpro.com\/index.php\/produkt\/3-numinos-r-phase-s-3fazove-systemove-svitidlo-bila-cerna-4000-k-60deg-big-white-slv-aktualni-18701\/\" \/>\n<meta property=\"og:locale\" content=\"cs_CZ\" \/>\n<meta property=\"og:type\" content=\"article\" \/>\n<meta property=\"og:title\" content=\"3~ NUMINOS\u00ae PHASE S 3f\u00e1zov\u00e9 syst\u00e9mov\u00e9 sv\u00edtidlo b\u00edl\u00e1\/\u010dern\u00e1 4000 K 60\u00b0 - BIG WHITE (SLV) Aktu\u00e1ln\u00ed -\" \/>\n<meta property=\"og:description\" content=\"Popis produktu 3~ NUMINOS\u00ae PHASE S \u2013 3f\u00e1zov\u00e9 syst\u00e9mov\u00e9 sv\u00edtidlo b\u00edl\u00e1\/\u010dern\u00e1, 4000 K, 60\u00b0 Objevte modul\u00e1rn\u00ed sv\u011bteln\u00fd syst\u00e9m SLV NUMINOS\u00ae, kter\u00fd je navr\u017een tak, aby splnil i ty nejn\u00e1ro\u010dn\u011bj\u0161\u00ed po\u017eadavky na jednotn\u00fd design, funk\u010dnost a \u0161pi\u010dkovou technologii. Toto t\u0159\u00edf\u00e1zov\u00e9 li\u0161tov\u00e9 bodov\u00e9 sv\u00edtidlo v elegantn\u00ed kombinaci b\u00edl\u00e9 a \u010dern\u00e9 barvy je ide\u00e1ln\u00ed volbou pro osv\u011btlen\u00ed hotel\u016f, [&hellip;]\" \/>\n<meta property=\"og:url\" content=\"https:\/\/www.domstavpro.com\/index.php\/produkt\/3-numinos-r-phase-s-3fazove-systemove-svitidlo-bila-cerna-4000-k-60deg-big-white-slv-aktualni-18701\/\" \/>\n<meta property=\"og:image\" content=\"https:\/\/www.domstavpro.com\/wp-content\/uploads\/2026\/SK0026003-CZ20260425-091535-0-1777079744-LA-1004096.webp\" \/>\n\t<meta property=\"og:image:width\" content=\"800\" \/>\n\t<meta property=\"og:image:height\" content=\"800\" \/>\n\t<meta property=\"og:image:type\" content=\"image\/webp\" \/>\n<meta name=\"twitter:card\" content=\"summary_large_image\" \/>\n<meta name=\"twitter:label1\" content=\"Odhadovan\u00e1 doba \u010dten\u00ed\" \/>\n\t<meta name=\"twitter:data1\" content=\"2 minuty\" \/>\n<script type=\"application\/ld+json\" class=\"yoast-schema-graph\">{\"@context\":\"https:\/\/schema.org\",\"@graph\":[{\"@type\":\"WebPage\",\"@id\":\"https:\/\/www.domstavpro.com\/index.php\/produkt\/3-numinos-r-phase-s-3fazove-systemove-svitidlo-bila-cerna-4000-k-60deg-big-white-slv-aktualni-18701\/\",\"url\":\"https:\/\/www.domstavpro.com\/index.php\/produkt\/3-numinos-r-phase-s-3fazove-systemove-svitidlo-bila-cerna-4000-k-60deg-big-white-slv-aktualni-18701\/\",\"name\":\"3~ NUMINOS\u00ae PHASE S 3f\u00e1zov\u00e9 syst\u00e9mov\u00e9 sv\u00edtidlo b\u00edl\u00e1\/\u010dern\u00e1 4000 K 60\u00b0 - BIG WHITE (SLV) Aktu\u00e1ln\u00ed -\",\"isPartOf\":{\"@id\":\"https:\/\/www.domstavpro.com\/#website\"},\"primaryImageOfPage\":{\"@id\":\"https:\/\/www.domstavpro.com\/index.php\/produkt\/3-numinos-r-phase-s-3fazove-systemove-svitidlo-bila-cerna-4000-k-60deg-big-white-slv-aktualni-18701\/#primaryimage\"},\"image\":{\"@id\":\"https:\/\/www.domstavpro.com\/index.php\/produkt\/3-numinos-r-phase-s-3fazove-systemove-svitidlo-bila-cerna-4000-k-60deg-big-white-slv-aktualni-18701\/#primaryimage\"},\"thumbnailUrl\":\"https:\/\/www.domstavpro.com\/wp-content\/uploads\/2026\/SK0026003-CZ20260425-091535-0-1777079744-LA-1004096.webp\",\"datePublished\":\"2026-04-27T15:08:36+00:00\",\"breadcrumb\":{\"@id\":\"https:\/\/www.domstavpro.com\/index.php\/produkt\/3-numinos-r-phase-s-3fazove-systemove-svitidlo-bila-cerna-4000-k-60deg-big-white-slv-aktualni-18701\/#breadcrumb\"},\"inLanguage\":\"cs\",\"potentialAction\":[{\"@type\":\"ReadAction\",\"target\":[\"https:\/\/www.domstavpro.com\/index.php\/produkt\/3-numinos-r-phase-s-3fazove-systemove-svitidlo-bila-cerna-4000-k-60deg-big-white-slv-aktualni-18701\/\"]}]},{\"@type\":\"ImageObject\",\"inLanguage\":\"cs\",\"@id\":\"https:\/\/www.domstavpro.com\/index.php\/produkt\/3-numinos-r-phase-s-3fazove-systemove-svitidlo-bila-cerna-4000-k-60deg-big-white-slv-aktualni-18701\/#primaryimage\",\"url\":\"https:\/\/www.domstavpro.com\/wp-content\/uploads\/2026\/SK0026003-CZ20260425-091535-0-1777079744-LA-1004096.webp\",\"contentUrl\":\"https:\/\/www.domstavpro.com\/wp-content\/uploads\/2026\/SK0026003-CZ20260425-091535-0-1777079744-LA-1004096.webp\",\"width\":800,\"height\":800},{\"@type\":\"BreadcrumbList\",\"@id\":\"https:\/\/www.domstavpro.com\/index.php\/produkt\/3-numinos-r-phase-s-3fazove-systemove-svitidlo-bila-cerna-4000-k-60deg-big-white-slv-aktualni-18701\/#breadcrumb\",\"itemListElement\":[{\"@type\":\"ListItem\",\"position\":1,\"name\":\"Home\",\"item\":\"https:\/\/www.domstavpro.com\/\"},{\"@type\":\"ListItem\",\"position\":2,\"name\":\"Products\",\"item\":\"https:\/\/www.domstavpro.com\/index.php\/products\/\"},{\"@type\":\"ListItem\",\"position\":3,\"name\":\"3~ NUMINOS\u00ae PHASE S 3f\u00e1zov\u00e9 syst\u00e9mov\u00e9 sv\u00edtidlo b\u00edl\u00e1\/\u010dern\u00e1 4000 K 60\u00b0 &#8211; BIG WHITE (SLV) Aktu\u00e1ln\u00ed\"}]},{\"@type\":\"WebSite\",\"@id\":\"https:\/\/www.domstavpro.com\/#website\",\"url\":\"https:\/\/www.domstavpro.com\/\",\"name\":\"\",\"description\":\"\",\"potentialAction\":[{\"@type\":\"SearchAction\",\"target\":{\"@type\":\"EntryPoint\",\"urlTemplate\":\"https:\/\/www.domstavpro.com\/?s={search_term_string}\"},\"query-input\":{\"@type\":\"PropertyValueSpecification\",\"valueRequired\":true,\"valueName\":\"search_term_string\"}}],\"inLanguage\":\"cs\"}]}<\/script>\n<!-- \/ Yoast SEO plugin. -->","yoast_head_json":{"title":"3~ NUMINOS\u00ae PHASE S 3f\u00e1zov\u00e9 syst\u00e9mov\u00e9 sv\u00edtidlo b\u00edl\u00e1\/\u010dern\u00e1 4000 K 60\u00b0 - BIG WHITE (SLV) Aktu\u00e1ln\u00ed -","robots":{"index":"index","follow":"follow","max-snippet":"max-snippet:-1","max-image-preview":"max-image-preview:large","max-video-preview":"max-video-preview:-1"},"canonical":"https:\/\/www.domstavpro.com\/index.php\/produkt\/3-numinos-r-phase-s-3fazove-systemove-svitidlo-bila-cerna-4000-k-60deg-big-white-slv-aktualni-18701\/","og_locale":"cs_CZ","og_type":"article","og_title":"3~ NUMINOS\u00ae PHASE S 3f\u00e1zov\u00e9 syst\u00e9mov\u00e9 sv\u00edtidlo b\u00edl\u00e1\/\u010dern\u00e1 4000 K 60\u00b0 - BIG WHITE (SLV) Aktu\u00e1ln\u00ed -","og_description":"Popis produktu 3~ NUMINOS\u00ae PHASE S \u2013 3f\u00e1zov\u00e9 syst\u00e9mov\u00e9 sv\u00edtidlo b\u00edl\u00e1\/\u010dern\u00e1, 4000 K, 60\u00b0 Objevte modul\u00e1rn\u00ed sv\u011bteln\u00fd syst\u00e9m SLV NUMINOS\u00ae, kter\u00fd je navr\u017een tak, aby splnil i ty nejn\u00e1ro\u010dn\u011bj\u0161\u00ed po\u017eadavky na jednotn\u00fd design, funk\u010dnost a \u0161pi\u010dkovou technologii. Toto t\u0159\u00edf\u00e1zov\u00e9 li\u0161tov\u00e9 bodov\u00e9 sv\u00edtidlo v elegantn\u00ed kombinaci b\u00edl\u00e9 a \u010dern\u00e9 barvy je ide\u00e1ln\u00ed volbou pro osv\u011btlen\u00ed hotel\u016f, [&hellip;]","og_url":"https:\/\/www.domstavpro.com\/index.php\/produkt\/3-numinos-r-phase-s-3fazove-systemove-svitidlo-bila-cerna-4000-k-60deg-big-white-slv-aktualni-18701\/","og_image":[{"width":800,"height":800,"url":"https:\/\/www.domstavpro.com\/wp-content\/uploads\/2026\/SK0026003-CZ20260425-091535-0-1777079744-LA-1004096.webp","type":"image\/webp"}],"twitter_card":"summary_large_image","twitter_misc":{"Odhadovan\u00e1 doba \u010dten\u00ed":"2 minuty"},"schema":{"@context":"https:\/\/schema.org","@graph":[{"@type":"WebPage","@id":"https:\/\/www.domstavpro.com\/index.php\/produkt\/3-numinos-r-phase-s-3fazove-systemove-svitidlo-bila-cerna-4000-k-60deg-big-white-slv-aktualni-18701\/","url":"https:\/\/www.domstavpro.com\/index.php\/produkt\/3-numinos-r-phase-s-3fazove-systemove-svitidlo-bila-cerna-4000-k-60deg-big-white-slv-aktualni-18701\/","name":"3~ NUMINOS\u00ae PHASE S 3f\u00e1zov\u00e9 syst\u00e9mov\u00e9 sv\u00edtidlo b\u00edl\u00e1\/\u010dern\u00e1 4000 K 60\u00b0 - BIG WHITE (SLV) Aktu\u00e1ln\u00ed -","isPartOf":{"@id":"https:\/\/www.domstavpro.com\/#website"},"primaryImageOfPage":{"@id":"https:\/\/www.domstavpro.com\/index.php\/produkt\/3-numinos-r-phase-s-3fazove-systemove-svitidlo-bila-cerna-4000-k-60deg-big-white-slv-aktualni-18701\/#primaryimage"},"image":{"@id":"https:\/\/www.domstavpro.com\/index.php\/produkt\/3-numinos-r-phase-s-3fazove-systemove-svitidlo-bila-cerna-4000-k-60deg-big-white-slv-aktualni-18701\/#primaryimage"},"thumbnailUrl":"https:\/\/www.domstavpro.com\/wp-content\/uploads\/2026\/SK0026003-CZ20260425-091535-0-1777079744-LA-1004096.webp","datePublished":"2026-04-27T15:08:36+00:00","breadcrumb":{"@id":"https:\/\/www.domstavpro.com\/index.php\/produkt\/3-numinos-r-phase-s-3fazove-systemove-svitidlo-bila-cerna-4000-k-60deg-big-white-slv-aktualni-18701\/#breadcrumb"},"inLanguage":"cs","potentialAction":[{"@type":"ReadAction","target":["https:\/\/www.domstavpro.com\/index.php\/produkt\/3-numinos-r-phase-s-3fazove-systemove-svitidlo-bila-cerna-4000-k-60deg-big-white-slv-aktualni-18701\/"]}]},{"@type":"ImageObject","inLanguage":"cs","@id":"https:\/\/www.domstavpro.com\/index.php\/produkt\/3-numinos-r-phase-s-3fazove-systemove-svitidlo-bila-cerna-4000-k-60deg-big-white-slv-aktualni-18701\/#primaryimage","url":"https:\/\/www.domstavpro.com\/wp-content\/uploads\/2026\/SK0026003-CZ20260425-091535-0-1777079744-LA-1004096.webp","contentUrl":"https:\/\/www.domstavpro.com\/wp-content\/uploads\/2026\/SK0026003-CZ20260425-091535-0-1777079744-LA-1004096.webp","width":800,"height":800},{"@type":"BreadcrumbList","@id":"https:\/\/www.domstavpro.com\/index.php\/produkt\/3-numinos-r-phase-s-3fazove-systemove-svitidlo-bila-cerna-4000-k-60deg-big-white-slv-aktualni-18701\/#breadcrumb","itemListElement":[{"@type":"ListItem","position":1,"name":"Home","item":"https:\/\/www.domstavpro.com\/"},{"@type":"ListItem","position":2,"name":"Products","item":"https:\/\/www.domstavpro.com\/index.php\/products\/"},{"@type":"ListItem","position":3,"name":"3~ NUMINOS\u00ae PHASE S 3f\u00e1zov\u00e9 syst\u00e9mov\u00e9 sv\u00edtidlo b\u00edl\u00e1\/\u010dern\u00e1 4000 K 60\u00b0 &#8211; BIG WHITE (SLV) Aktu\u00e1ln\u00ed"}]},{"@type":"WebSite","@id":"https:\/\/www.domstavpro.com\/#website","url":"https:\/\/www.domstavpro.com\/","name":"","description":"","potentialAction":[{"@type":"SearchAction","target":{"@type":"EntryPoint","urlTemplate":"https:\/\/www.domstavpro.com\/?s={search_term_string}"},"query-input":{"@type":"PropertyValueSpecification","valueRequired":true,"valueName":"search_term_string"}}],"inLanguage":"cs"}]}},"_links":{"self":[{"href":"https:\/\/www.domstavpro.com\/index.php\/wp-json\/wp\/v2\/product\/18701","targetHints":{"allow":["GET"]}}],"collection":[{"href":"https:\/\/www.domstavpro.com\/index.php\/wp-json\/wp\/v2\/product"}],"about":[{"href":"https:\/\/www.domstavpro.com\/index.php\/wp-json\/wp\/v2\/types\/product"}],"replies":[{"embeddable":true,"href":"https:\/\/www.domstavpro.com\/index.php\/wp-json\/wp\/v2\/comments?post=18701"}],"wp:featuredmedia":[{"embeddable":true,"href":"https:\/\/www.domstavpro.com\/index.php\/wp-json\/wp\/v2\/media\/18801"}],"wp:attachment":[{"href":"https:\/\/www.domstavpro.com\/index.php\/wp-json\/wp\/v2\/media?parent=18701"}],"wp:term":[{"taxonomy":"product_brand","embeddable":true,"href":"https:\/\/www.domstavpro.com\/index.php\/wp-json\/wp\/v2\/product_brand?post=18701"},{"taxonomy":"product_cat","embeddable":true,"href":"https:\/\/www.domstavpro.com\/index.php\/wp-json\/wp\/v2\/product_cat?post=18701"},{"taxonomy":"product_tag","embeddable":true,"href":"https:\/\/www.domstavpro.com\/index.php\/wp-json\/wp\/v2\/product_tag?post=18701"}],"curies":[{"name":"wp","href":"https:\/\/api.w.org\/{rel}","templated":true}]}}