{"id":18299,"date":"2026-04-27T15:08:36","date_gmt":"2026-04-27T15:08:36","guid":{"rendered":""},"modified":"2026-04-27T15:08:36","modified_gmt":"2026-04-27T15:08:36","slug":"znackovy-ukoncena-vyroba-numinos-r-dl-s-vnitrni-led-zapustne-stropni-svitidlo-cerna-bila-4000-k-55deg-vcetne-listovych-pruzin-big-white-slv-18299","status":"publish","type":"product","link":"https:\/\/www.domstavpro.com\/index.php\/produkt\/znackovy-ukoncena-vyroba-numinos-r-dl-s-vnitrni-led-zapustne-stropni-svitidlo-cerna-bila-4000-k-55deg-vcetne-listovych-pruzin-big-white-slv-18299\/","title":{"rendered":"Zna\u010dkov\u00fd UKON\u010cENA V\u00ddROBA NUMINOS\u00ae DL S vnit\u0159n\u00ed LED z\u00e1pustn\u00e9 stropn\u00ed sv\u00edtidlo \u010dern\u00e1\/b\u00edl\u00e1 4000 K 55\u00b0 v\u010detn\u011b listov\u00fdch pru\u017ein &#8211; BIG WHITE (SLV)"},"content":{"rendered":"<h3 class=\"product-h3\">Popis produktu<\/h3>\n<p><h2>NUMINOS\u00ae DL S \u2013 Vnit\u0159n\u00ed LED z\u00e1pustn\u00e9 stropn\u00ed sv\u00edtidlo \u010dern\u00e1\/b\u00edl\u00e1 4000 K 55\u00b0<\/h2>\n<p>Designov\u00e9 z\u00e1pustn\u00e9 sv\u00edtidlo NUMINOS\u00ae DL S od zna\u010dky SLV p\u0159edstavuje \u0161pi\u010dkov\u00e9 \u0159e\u0161en\u00ed pro modern\u00ed interi\u00e9ry, kde je kladen d\u016fraz na funk\u010dnost, minimalistick\u00fd vzhled a vysokou kvalitu sv\u011btla. S\u00e9rie NUMINOS nab\u00edz\u00ed \u0161irok\u00e9 mo\u017enosti konfigurace, aby dokonale vyhov\u011bla individu\u00e1ln\u00edm po\u017eadavk\u016fm architekt\u016f a projektant\u016f \u2013 od hotelov\u00fdch lobby, p\u0159es kancel\u00e1\u0159e a\u017e po soukrom\u00e9 rezidence \u010di komer\u010dn\u00ed prostory.<\/p>\n<h3>Hlavn\u00ed p\u0159ednosti sv\u00edtidla NUMINOS\u00ae DL S<\/h3>\n<ul>\n<li><strong>Univerz\u00e1ln\u00ed pou\u017eit\u00ed<\/strong> \u2013 vhodn\u00e9 pro z\u00e1kladn\u00ed i akcentn\u00ed osv\u011btlen\u00ed v r\u016fzn\u011b velk\u00fdch m\u00edstnostech.<\/li>\n<li><strong>Modul\u00e1rn\u00ed syst\u00e9m<\/strong> \u2013 mo\u017enost kombinace se \u0161irokou \u0159adou driver\u016f (zap.\/vyp., f\u00e1zov\u00e9 stm\u00edv\u00e1n\u00ed, DALI) d\u00edky barevn\u00e9mu k\u00f3dov\u00e1n\u00ed.<\/li>\n<li><strong>Elegantn\u00ed design<\/strong> \u2013 decentn\u00ed \u010dernob\u00edl\u00e1 kombinace a kvalitn\u00ed hlin\u00edkov\u00e9 zpracov\u00e1n\u00ed lad\u00edc\u00ed s modern\u00edmi interi\u00e9ry.<\/li>\n<li><strong>Jednoduch\u00e1 instalace<\/strong> \u2013 rychl\u00e1 mont\u00e1\u017e pomoc\u00ed p\u0159ilo\u017een\u00fdch listov\u00fdch pru\u017ein, ide\u00e1ln\u00ed do masivn\u00edch strop\u016f.<\/li>\n<li><strong>Optim\u00e1ln\u00ed sv\u011btlo<\/strong> \u2013 sv\u011bteln\u00fd tok 790 lm, \u00fahel vyza\u0159ov\u00e1n\u00ed 55\u00b0, studen\u00e1 b\u00edl\u00e1 barva sv\u011btla (4000 K) pro produktivn\u00ed atmosf\u00e9ru.<\/li>\n<li><strong>Vysok\u00e9 CRI<\/strong> \u2013 index pod\u00e1n\u00ed barev CRI 90 zaji\u0161\u0165uje realistick\u00e9 a \u017eiv\u00e9 pod\u00e1n\u00ed barev v prostoru.<\/li>\n<\/ul>\n<h3>Technick\u00e9 parametry<\/h3>\n<ul>\n<li>V\u00fd\u0161ka: 52 mm<\/li>\n<li>Pr\u016fm\u011br: 80 mm<\/li>\n<li>Mont\u00e1\u017en\u00ed otvor: 68 mm<\/li>\n<li>Z\u00e1pustn\u00e1 hloubka: 55 mm<\/li>\n<li>Hmotnost: 120 g<\/li>\n<li>V\u00fdkon: 8,6 W<\/li>\n<li>Proudov\u00e9 zat\u00ed\u017een\u00ed: 250 mA<\/li>\n<li>Ochrana: IP20 (vhodn\u00e9 pro interi\u00e9ry)<\/li>\n<li>Energetick\u00e1 t\u0159\u00edda: E<\/li>\n<li>Materi\u00e1l: hlin\u00edk<\/li>\n<li>Barva: \u010dern\u00e1\/b\u00edl\u00e1<\/li>\n<\/ul>\n<h3>Doporu\u010den\u00ed architekta<\/h3>\n<p>Toto z\u00e1pustn\u00e9 sv\u00edtidlo doporu\u010dujeme pro projekty, kde je pot\u0159eba spojit efektivn\u00ed osv\u011btlen\u00ed s \u010distou estetikou \u2013 nap\u0159\u00edklad v recepc\u00edch hotel\u016f, kancel\u00e1\u0159sk\u00fdch prostorech, showroomu nebo modern\u00edm ob\u00fdvac\u00edm pokoji. D\u00edky vysok\u00e9 \u017eivotnosti a kvalitn\u00edmu pod\u00e1n\u00ed barev je ide\u00e1ln\u00ed volbou pro dlouhodob\u00e9 a intenzivn\u00ed vyu\u017eit\u00ed.<\/p>\n<p>Pro maxim\u00e1ln\u00ed flexibilitu doporu\u010dujeme vyu\u017e\u00edt konfigur\u00e1tor sv\u00edtidel NUMINOS a vybrat si driver dle pot\u0159eb va\u0161eho projektu (stm\u00edv\u00e1n\u00ed, DALI atd.).<\/p>\n<h3>Z\u00e1ruky a certifikace<\/h3>\n<ul>\n<li><strong>\u017divotnost:<\/strong> 50 000 hodin<\/li>\n<li><strong>Z\u00e1ruka:<\/strong> 2 roky<\/li>\n<li><strong>Certifikace:<\/strong> CE<\/li>\n<\/ul>\n<h3>Pro\u010d si vybrat NUMINOS\u00ae?<\/h3>\n<p>Syst\u00e9m NUMINOS je synonymem pro modul\u00e1rn\u00ed rozmanitost, dlouhou \u017eivotnost a \u0161pi\u010dkovou sv\u011btelnou kvalitu. Vytvo\u0159te jedine\u010dnou sv\u011btelnou atmosf\u00e9ru p\u0159esn\u011b na m\u00edru \u2013 jednodu\u0161e, efektivn\u011b a v souladu s aktu\u00e1ln\u00edmi sv\u011bteln\u00fdmi trendy.<\/p>\n<\/p><\/div>\n<\/p><\/div>\n<p><\/p>\n<div class=\"top-params\">\n<h3 class=\"product-h3 collapse-header \" data-toggle=\"collapse\" data-target=\"#collapseOne\" aria-expanded=\"true\" aria-controls=\"collapseOne\">Parametry<\/h3>\n<div id=\"collapseOne\" class=\"collapse show\" aria-labelledby=\"headingOne\" data-parent=\"#product-info-accordion1\">\n<table class=\"table-striped\">\n<tr>\n<td>                V\u00fd\u0161ka v mm            <\/td>\n<td>                52            <\/td>\n<\/tr>\n<tr>\n<td>                \u017divotnost            <\/td>\n<td>                50000h            <\/td>\n<\/tr>\n<tr>\n<td>                Hmotnost g            <\/td>\n<td>                120            <\/td>\n<\/tr>\n<tr>\n<td>                Pr\u016fm\u011br v mm            <\/td>\n<td>                80            <\/td>\n<\/tr>\n<tr>\n<td>                Ochrana IP            <\/td>\n<td>                IP20            <\/td>\n<\/tr>\n<tr>\n<td>                Sv\u011bteln\u00fd tok            <\/td>\n<td>                790lm            <\/td>\n<\/tr>\n<tr>\n<td>                Teplota barvy sv\u011btla            <\/td>\n<td>                4000K            <\/td>\n<\/tr>\n<tr>\n<td>                V\u00fdkon            <\/td>\n<td>                8,6W            <\/td>\n<\/tr>\n<tr>\n<td>                Patice            <\/td>\n<td>                LED            <\/td>\n<\/tr>\n<tr>\n<td>                Mont\u00e1\u017en\u00ed otvor v mm            <\/td>\n<td>                680            <\/td>\n<\/tr>\n<tr>\n<td>                Proudov\u00e9 zat\u00ed\u017een\u00ed            <\/td>\n<td>                250mA            <\/td>\n<\/tr>\n<tr>\n<td>                Z\u00e1pustn\u00e1 hloubka v mm            <\/td>\n<td>                550            <\/td>\n<\/tr>\n<tr>\n<td>                V\u010detn\u011b sv\u011bteln\u00e9ho zdroje            <\/td>\n<td>                ano            <\/td>\n<\/tr>\n<tr>\n<td>                Materi\u00e1l            <\/td>\n<td>                hlin\u00edk            <\/td>\n<\/tr>\n<tr>\n<td>                Barva            <\/td>\n<td>                \u010dern\u00e1            <\/td>\n<\/tr>\n<tr>\n<td>                Kolekce            <\/td>\n<td>                NUMINOS S            <\/td>\n<\/tr>\n<tr>\n<td>                V\u00fdrobce            <\/td>\n<td>                SLV &#8211; BIG WHITE            <\/td>\n<\/tr>\n<tr>\n<td>                Energetick\u00e1 \u00fa\u010dinnost            <\/td>\n<td>                E            <\/td>\n<\/tr>\n<tr>\n<td>                V\u010detn\u011b trafa            <\/td>\n<td>                ne            <\/td>\n<\/tr>\n<tr>\n<td>                U v\u00fdrobce dostupn\u00fdch            <\/td>\n<td>                0                    ks            <\/td>\n<\/tr>\n<tr>\n<td>                Index pod\u00e1n\u00ed barev            <\/td>\n<td>                90            <\/td>\n<\/tr>\n<\/table>\n<\/div><\/div>\n<\/div>\n<div class=\"accordion\" id=\"product-info-accordion2\">\n","protected":false},"excerpt":{"rendered":"<p>Popis produktu NUMINOS\u00ae DL S \u2013 Vnit\u0159n\u00ed LED z\u00e1pustn\u00e9 stropn\u00ed sv\u00edtidlo \u010dern\u00e1\/b\u00edl\u00e1 4000 K 55\u00b0 Designov\u00e9 z\u00e1pustn\u00e9 sv\u00edtidlo NUMINOS\u00ae DL S od zna\u010dky SLV p\u0159edstavuje \u0161pi\u010dkov\u00e9 \u0159e\u0161en\u00ed pro modern\u00ed interi\u00e9ry, kde je kladen d\u016fraz na funk\u010dnost, minimalistick\u00fd vzhled a vysokou kvalitu sv\u011btla. S\u00e9rie NUMINOS nab\u00edz\u00ed \u0161irok\u00e9 mo\u017enosti konfigurace, aby dokonale vyhov\u011bla individu\u00e1ln\u00edm po\u017eadavk\u016fm architekt\u016f a [&hellip;]<\/p>\n","protected":false},"featured_media":18399,"comment_status":"open","ping_status":"open","template":"","meta":[],"product_brand":[],"product_cat":[31],"product_tag":[],"class_list":{"0":"post-18299","1":"product","2":"type-product","3":"status-publish","4":"has-post-thumbnail","6":"product_cat-interierova-svitidla","8":"first","9":"instock","10":"sale","11":"shipping-taxable","12":"purchasable","13":"product-type-simple"},"yoast_head":"<!-- This site is optimized with the Yoast SEO plugin v26.8 - https:\/\/yoast.com\/product\/yoast-seo-wordpress\/ -->\n<title>Zna\u010dkov\u00fd UKON\u010cENA V\u00ddROBA NUMINOS\u00ae DL S vnit\u0159n\u00ed LED z\u00e1pustn\u00e9 stropn\u00ed sv\u00edtidlo \u010dern\u00e1\/b\u00edl\u00e1 4000 K 55\u00b0 v\u010detn\u011b listov\u00fdch pru\u017ein - BIG WHITE (SLV) -<\/title>\n<meta name=\"robots\" content=\"index, follow, max-snippet:-1, max-image-preview:large, max-video-preview:-1\" \/>\n<link rel=\"canonical\" href=\"https:\/\/www.domstavpro.com\/index.php\/produkt\/znackovy-ukoncena-vyroba-numinos-r-dl-s-vnitrni-led-zapustne-stropni-svitidlo-cerna-bila-4000-k-55deg-vcetne-listovych-pruzin-big-white-slv-18299\/\" \/>\n<meta property=\"og:locale\" content=\"cs_CZ\" \/>\n<meta property=\"og:type\" content=\"article\" \/>\n<meta property=\"og:title\" content=\"Zna\u010dkov\u00fd UKON\u010cENA V\u00ddROBA NUMINOS\u00ae DL S vnit\u0159n\u00ed LED z\u00e1pustn\u00e9 stropn\u00ed sv\u00edtidlo \u010dern\u00e1\/b\u00edl\u00e1 4000 K 55\u00b0 v\u010detn\u011b listov\u00fdch pru\u017ein - BIG WHITE (SLV) -\" \/>\n<meta property=\"og:description\" content=\"Popis produktu NUMINOS\u00ae DL S \u2013 Vnit\u0159n\u00ed LED z\u00e1pustn\u00e9 stropn\u00ed sv\u00edtidlo \u010dern\u00e1\/b\u00edl\u00e1 4000 K 55\u00b0 Designov\u00e9 z\u00e1pustn\u00e9 sv\u00edtidlo NUMINOS\u00ae DL S od zna\u010dky SLV p\u0159edstavuje \u0161pi\u010dkov\u00e9 \u0159e\u0161en\u00ed pro modern\u00ed interi\u00e9ry, kde je kladen d\u016fraz na funk\u010dnost, minimalistick\u00fd vzhled a vysokou kvalitu sv\u011btla. S\u00e9rie NUMINOS nab\u00edz\u00ed \u0161irok\u00e9 mo\u017enosti konfigurace, aby dokonale vyhov\u011bla individu\u00e1ln\u00edm po\u017eadavk\u016fm architekt\u016f a [&hellip;]\" \/>\n<meta property=\"og:url\" content=\"https:\/\/www.domstavpro.com\/index.php\/produkt\/znackovy-ukoncena-vyroba-numinos-r-dl-s-vnitrni-led-zapustne-stropni-svitidlo-cerna-bila-4000-k-55deg-vcetne-listovych-pruzin-big-white-slv-18299\/\" \/>\n<meta property=\"og:image\" content=\"https:\/\/www.domstavpro.com\/wp-content\/uploads\/2026\/SK0025801-CZ20260425-091535-0-1777079744-LA-1003824.webp\" \/>\n\t<meta property=\"og:image:width\" content=\"800\" \/>\n\t<meta property=\"og:image:height\" content=\"800\" \/>\n\t<meta property=\"og:image:type\" content=\"image\/webp\" \/>\n<meta name=\"twitter:card\" content=\"summary_large_image\" \/>\n<meta name=\"twitter:label1\" content=\"Odhadovan\u00e1 doba \u010dten\u00ed\" \/>\n\t<meta name=\"twitter:data1\" content=\"2 minuty\" \/>\n<script type=\"application\/ld+json\" class=\"yoast-schema-graph\">{\"@context\":\"https:\/\/schema.org\",\"@graph\":[{\"@type\":\"WebPage\",\"@id\":\"https:\/\/www.domstavpro.com\/index.php\/produkt\/znackovy-ukoncena-vyroba-numinos-r-dl-s-vnitrni-led-zapustne-stropni-svitidlo-cerna-bila-4000-k-55deg-vcetne-listovych-pruzin-big-white-slv-18299\/\",\"url\":\"https:\/\/www.domstavpro.com\/index.php\/produkt\/znackovy-ukoncena-vyroba-numinos-r-dl-s-vnitrni-led-zapustne-stropni-svitidlo-cerna-bila-4000-k-55deg-vcetne-listovych-pruzin-big-white-slv-18299\/\",\"name\":\"Zna\u010dkov\u00fd UKON\u010cENA V\u00ddROBA NUMINOS\u00ae DL S vnit\u0159n\u00ed LED z\u00e1pustn\u00e9 stropn\u00ed sv\u00edtidlo \u010dern\u00e1\/b\u00edl\u00e1 4000 K 55\u00b0 v\u010detn\u011b listov\u00fdch pru\u017ein - BIG WHITE (SLV) -\",\"isPartOf\":{\"@id\":\"https:\/\/www.domstavpro.com\/#website\"},\"primaryImageOfPage\":{\"@id\":\"https:\/\/www.domstavpro.com\/index.php\/produkt\/znackovy-ukoncena-vyroba-numinos-r-dl-s-vnitrni-led-zapustne-stropni-svitidlo-cerna-bila-4000-k-55deg-vcetne-listovych-pruzin-big-white-slv-18299\/#primaryimage\"},\"image\":{\"@id\":\"https:\/\/www.domstavpro.com\/index.php\/produkt\/znackovy-ukoncena-vyroba-numinos-r-dl-s-vnitrni-led-zapustne-stropni-svitidlo-cerna-bila-4000-k-55deg-vcetne-listovych-pruzin-big-white-slv-18299\/#primaryimage\"},\"thumbnailUrl\":\"https:\/\/www.domstavpro.com\/wp-content\/uploads\/2026\/SK0025801-CZ20260425-091535-0-1777079744-LA-1003824.webp\",\"datePublished\":\"2026-04-27T15:08:36+00:00\",\"breadcrumb\":{\"@id\":\"https:\/\/www.domstavpro.com\/index.php\/produkt\/znackovy-ukoncena-vyroba-numinos-r-dl-s-vnitrni-led-zapustne-stropni-svitidlo-cerna-bila-4000-k-55deg-vcetne-listovych-pruzin-big-white-slv-18299\/#breadcrumb\"},\"inLanguage\":\"cs\",\"potentialAction\":[{\"@type\":\"ReadAction\",\"target\":[\"https:\/\/www.domstavpro.com\/index.php\/produkt\/znackovy-ukoncena-vyroba-numinos-r-dl-s-vnitrni-led-zapustne-stropni-svitidlo-cerna-bila-4000-k-55deg-vcetne-listovych-pruzin-big-white-slv-18299\/\"]}]},{\"@type\":\"ImageObject\",\"inLanguage\":\"cs\",\"@id\":\"https:\/\/www.domstavpro.com\/index.php\/produkt\/znackovy-ukoncena-vyroba-numinos-r-dl-s-vnitrni-led-zapustne-stropni-svitidlo-cerna-bila-4000-k-55deg-vcetne-listovych-pruzin-big-white-slv-18299\/#primaryimage\",\"url\":\"https:\/\/www.domstavpro.com\/wp-content\/uploads\/2026\/SK0025801-CZ20260425-091535-0-1777079744-LA-1003824.webp\",\"contentUrl\":\"https:\/\/www.domstavpro.com\/wp-content\/uploads\/2026\/SK0025801-CZ20260425-091535-0-1777079744-LA-1003824.webp\",\"width\":800,\"height\":800},{\"@type\":\"BreadcrumbList\",\"@id\":\"https:\/\/www.domstavpro.com\/index.php\/produkt\/znackovy-ukoncena-vyroba-numinos-r-dl-s-vnitrni-led-zapustne-stropni-svitidlo-cerna-bila-4000-k-55deg-vcetne-listovych-pruzin-big-white-slv-18299\/#breadcrumb\",\"itemListElement\":[{\"@type\":\"ListItem\",\"position\":1,\"name\":\"Home\",\"item\":\"https:\/\/www.domstavpro.com\/\"},{\"@type\":\"ListItem\",\"position\":2,\"name\":\"Products\",\"item\":\"https:\/\/www.domstavpro.com\/index.php\/products\/\"},{\"@type\":\"ListItem\",\"position\":3,\"name\":\"Zna\u010dkov\u00fd UKON\u010cENA V\u00ddROBA NUMINOS\u00ae DL S vnit\u0159n\u00ed LED z\u00e1pustn\u00e9 stropn\u00ed sv\u00edtidlo \u010dern\u00e1\/b\u00edl\u00e1 4000 K 55\u00b0 v\u010detn\u011b listov\u00fdch pru\u017ein &#8211; BIG WHITE (SLV)\"}]},{\"@type\":\"WebSite\",\"@id\":\"https:\/\/www.domstavpro.com\/#website\",\"url\":\"https:\/\/www.domstavpro.com\/\",\"name\":\"\",\"description\":\"\",\"potentialAction\":[{\"@type\":\"SearchAction\",\"target\":{\"@type\":\"EntryPoint\",\"urlTemplate\":\"https:\/\/www.domstavpro.com\/?s={search_term_string}\"},\"query-input\":{\"@type\":\"PropertyValueSpecification\",\"valueRequired\":true,\"valueName\":\"search_term_string\"}}],\"inLanguage\":\"cs\"}]}<\/script>\n<!-- \/ Yoast SEO plugin. -->","yoast_head_json":{"title":"Zna\u010dkov\u00fd UKON\u010cENA V\u00ddROBA NUMINOS\u00ae DL S vnit\u0159n\u00ed LED z\u00e1pustn\u00e9 stropn\u00ed sv\u00edtidlo \u010dern\u00e1\/b\u00edl\u00e1 4000 K 55\u00b0 v\u010detn\u011b listov\u00fdch pru\u017ein - BIG WHITE (SLV) -","robots":{"index":"index","follow":"follow","max-snippet":"max-snippet:-1","max-image-preview":"max-image-preview:large","max-video-preview":"max-video-preview:-1"},"canonical":"https:\/\/www.domstavpro.com\/index.php\/produkt\/znackovy-ukoncena-vyroba-numinos-r-dl-s-vnitrni-led-zapustne-stropni-svitidlo-cerna-bila-4000-k-55deg-vcetne-listovych-pruzin-big-white-slv-18299\/","og_locale":"cs_CZ","og_type":"article","og_title":"Zna\u010dkov\u00fd UKON\u010cENA V\u00ddROBA NUMINOS\u00ae DL S vnit\u0159n\u00ed LED z\u00e1pustn\u00e9 stropn\u00ed sv\u00edtidlo \u010dern\u00e1\/b\u00edl\u00e1 4000 K 55\u00b0 v\u010detn\u011b listov\u00fdch pru\u017ein - BIG WHITE (SLV) -","og_description":"Popis produktu NUMINOS\u00ae DL S \u2013 Vnit\u0159n\u00ed LED z\u00e1pustn\u00e9 stropn\u00ed sv\u00edtidlo \u010dern\u00e1\/b\u00edl\u00e1 4000 K 55\u00b0 Designov\u00e9 z\u00e1pustn\u00e9 sv\u00edtidlo NUMINOS\u00ae DL S od zna\u010dky SLV p\u0159edstavuje \u0161pi\u010dkov\u00e9 \u0159e\u0161en\u00ed pro modern\u00ed interi\u00e9ry, kde je kladen d\u016fraz na funk\u010dnost, minimalistick\u00fd vzhled a vysokou kvalitu sv\u011btla. S\u00e9rie NUMINOS nab\u00edz\u00ed \u0161irok\u00e9 mo\u017enosti konfigurace, aby dokonale vyhov\u011bla individu\u00e1ln\u00edm po\u017eadavk\u016fm architekt\u016f a [&hellip;]","og_url":"https:\/\/www.domstavpro.com\/index.php\/produkt\/znackovy-ukoncena-vyroba-numinos-r-dl-s-vnitrni-led-zapustne-stropni-svitidlo-cerna-bila-4000-k-55deg-vcetne-listovych-pruzin-big-white-slv-18299\/","og_image":[{"width":800,"height":800,"url":"https:\/\/www.domstavpro.com\/wp-content\/uploads\/2026\/SK0025801-CZ20260425-091535-0-1777079744-LA-1003824.webp","type":"image\/webp"}],"twitter_card":"summary_large_image","twitter_misc":{"Odhadovan\u00e1 doba \u010dten\u00ed":"2 minuty"},"schema":{"@context":"https:\/\/schema.org","@graph":[{"@type":"WebPage","@id":"https:\/\/www.domstavpro.com\/index.php\/produkt\/znackovy-ukoncena-vyroba-numinos-r-dl-s-vnitrni-led-zapustne-stropni-svitidlo-cerna-bila-4000-k-55deg-vcetne-listovych-pruzin-big-white-slv-18299\/","url":"https:\/\/www.domstavpro.com\/index.php\/produkt\/znackovy-ukoncena-vyroba-numinos-r-dl-s-vnitrni-led-zapustne-stropni-svitidlo-cerna-bila-4000-k-55deg-vcetne-listovych-pruzin-big-white-slv-18299\/","name":"Zna\u010dkov\u00fd UKON\u010cENA V\u00ddROBA NUMINOS\u00ae DL S vnit\u0159n\u00ed LED z\u00e1pustn\u00e9 stropn\u00ed sv\u00edtidlo \u010dern\u00e1\/b\u00edl\u00e1 4000 K 55\u00b0 v\u010detn\u011b listov\u00fdch pru\u017ein - BIG WHITE (SLV) -","isPartOf":{"@id":"https:\/\/www.domstavpro.com\/#website"},"primaryImageOfPage":{"@id":"https:\/\/www.domstavpro.com\/index.php\/produkt\/znackovy-ukoncena-vyroba-numinos-r-dl-s-vnitrni-led-zapustne-stropni-svitidlo-cerna-bila-4000-k-55deg-vcetne-listovych-pruzin-big-white-slv-18299\/#primaryimage"},"image":{"@id":"https:\/\/www.domstavpro.com\/index.php\/produkt\/znackovy-ukoncena-vyroba-numinos-r-dl-s-vnitrni-led-zapustne-stropni-svitidlo-cerna-bila-4000-k-55deg-vcetne-listovych-pruzin-big-white-slv-18299\/#primaryimage"},"thumbnailUrl":"https:\/\/www.domstavpro.com\/wp-content\/uploads\/2026\/SK0025801-CZ20260425-091535-0-1777079744-LA-1003824.webp","datePublished":"2026-04-27T15:08:36+00:00","breadcrumb":{"@id":"https:\/\/www.domstavpro.com\/index.php\/produkt\/znackovy-ukoncena-vyroba-numinos-r-dl-s-vnitrni-led-zapustne-stropni-svitidlo-cerna-bila-4000-k-55deg-vcetne-listovych-pruzin-big-white-slv-18299\/#breadcrumb"},"inLanguage":"cs","potentialAction":[{"@type":"ReadAction","target":["https:\/\/www.domstavpro.com\/index.php\/produkt\/znackovy-ukoncena-vyroba-numinos-r-dl-s-vnitrni-led-zapustne-stropni-svitidlo-cerna-bila-4000-k-55deg-vcetne-listovych-pruzin-big-white-slv-18299\/"]}]},{"@type":"ImageObject","inLanguage":"cs","@id":"https:\/\/www.domstavpro.com\/index.php\/produkt\/znackovy-ukoncena-vyroba-numinos-r-dl-s-vnitrni-led-zapustne-stropni-svitidlo-cerna-bila-4000-k-55deg-vcetne-listovych-pruzin-big-white-slv-18299\/#primaryimage","url":"https:\/\/www.domstavpro.com\/wp-content\/uploads\/2026\/SK0025801-CZ20260425-091535-0-1777079744-LA-1003824.webp","contentUrl":"https:\/\/www.domstavpro.com\/wp-content\/uploads\/2026\/SK0025801-CZ20260425-091535-0-1777079744-LA-1003824.webp","width":800,"height":800},{"@type":"BreadcrumbList","@id":"https:\/\/www.domstavpro.com\/index.php\/produkt\/znackovy-ukoncena-vyroba-numinos-r-dl-s-vnitrni-led-zapustne-stropni-svitidlo-cerna-bila-4000-k-55deg-vcetne-listovych-pruzin-big-white-slv-18299\/#breadcrumb","itemListElement":[{"@type":"ListItem","position":1,"name":"Home","item":"https:\/\/www.domstavpro.com\/"},{"@type":"ListItem","position":2,"name":"Products","item":"https:\/\/www.domstavpro.com\/index.php\/products\/"},{"@type":"ListItem","position":3,"name":"Zna\u010dkov\u00fd UKON\u010cENA V\u00ddROBA NUMINOS\u00ae DL S vnit\u0159n\u00ed LED z\u00e1pustn\u00e9 stropn\u00ed sv\u00edtidlo \u010dern\u00e1\/b\u00edl\u00e1 4000 K 55\u00b0 v\u010detn\u011b listov\u00fdch pru\u017ein &#8211; BIG WHITE (SLV)"}]},{"@type":"WebSite","@id":"https:\/\/www.domstavpro.com\/#website","url":"https:\/\/www.domstavpro.com\/","name":"","description":"","potentialAction":[{"@type":"SearchAction","target":{"@type":"EntryPoint","urlTemplate":"https:\/\/www.domstavpro.com\/?s={search_term_string}"},"query-input":{"@type":"PropertyValueSpecification","valueRequired":true,"valueName":"search_term_string"}}],"inLanguage":"cs"}]}},"_links":{"self":[{"href":"https:\/\/www.domstavpro.com\/index.php\/wp-json\/wp\/v2\/product\/18299","targetHints":{"allow":["GET"]}}],"collection":[{"href":"https:\/\/www.domstavpro.com\/index.php\/wp-json\/wp\/v2\/product"}],"about":[{"href":"https:\/\/www.domstavpro.com\/index.php\/wp-json\/wp\/v2\/types\/product"}],"replies":[{"embeddable":true,"href":"https:\/\/www.domstavpro.com\/index.php\/wp-json\/wp\/v2\/comments?post=18299"}],"wp:featuredmedia":[{"embeddable":true,"href":"https:\/\/www.domstavpro.com\/index.php\/wp-json\/wp\/v2\/media\/18399"}],"wp:attachment":[{"href":"https:\/\/www.domstavpro.com\/index.php\/wp-json\/wp\/v2\/media?parent=18299"}],"wp:term":[{"taxonomy":"product_brand","embeddable":true,"href":"https:\/\/www.domstavpro.com\/index.php\/wp-json\/wp\/v2\/product_brand?post=18299"},{"taxonomy":"product_cat","embeddable":true,"href":"https:\/\/www.domstavpro.com\/index.php\/wp-json\/wp\/v2\/product_cat?post=18299"},{"taxonomy":"product_tag","embeddable":true,"href":"https:\/\/www.domstavpro.com\/index.php\/wp-json\/wp\/v2\/product_tag?post=18299"}],"curies":[{"name":"wp","href":"https:\/\/api.w.org\/{rel}","templated":true}]}}