{"id":16910,"date":"2026-04-27T15:08:32","date_gmt":"2026-04-27T15:08:32","guid":{"rendered":""},"modified":"2026-04-27T15:08:32","modified_gmt":"2026-04-27T15:08:32","slug":"znackovy-sapho-tiny-pakova-baterie-na-okraj-vany-chrom-16910","status":"publish","type":"product","link":"https:\/\/www.domstavpro.com\/index.php\/produkt\/znackovy-sapho-tiny-pakova-baterie-na-okraj-vany-chrom-16910\/","title":{"rendered":"Zna\u010dkov\u00fd SAPHO TINY p\u00e1kov\u00e1 baterie na okraj vany, chrom"},"content":{"rendered":"<div id=\"e8383805\" class=\"pages\">\n<div>\n<div id=\"PDDescription\" class=\"UserContentView userContent v1a v1 bs-view dcon dc164 PDDescription\" ><dc-con><dc-con><bs-empty><\/bs-empty><\/dc-con><dc-con>        <\/p>\n<div class=\"customDescription\">                    <\/div>\n<p><\/dc-con><dc-con><\/p>\n<h2 class=\"props-title\">Vlastnosti<\/h2>\n<table>\n<tr>\n<th>Zna\u010dka<\/th>\n<td>SAPHO<\/td>\n<\/tr>\n<tr>\n<th>\u0160\u00ed\u0159ka<\/th>\n<td>54&nbsp;mm<\/td>\n<\/tr>\n<tr>\n<th>V\u00fd\u0161ka<\/th>\n<td>65&nbsp;mm<\/td>\n<\/tr>\n<tr>\n<th>Barva<\/th>\n<td>Chrom<\/td>\n<\/tr>\n<tr>\n<th>Materi\u00e1l<\/th>\n<td>Mosaz<\/td>\n<\/tr>\n<tr>\n<th>Tvar<\/th>\n<td>Kruhov\u00e9<\/td>\n<\/tr>\n<tr>\n<th>Instalace<\/th>\n<td>Na okraj vany<\/td>\n<\/tr>\n<tr>\n<th>Druh ovl\u00e1d\u00e1n\u00ed<\/th>\n<td>P\u00e1ka<\/td>\n<\/tr>\n<tr>\n<th>Pr\u016fm\u011br kartu\u0161e<\/th>\n<td>40&nbsp;mm<\/td>\n<\/tr>\n<tr>\n<th>Hmotnost \/ ks<\/th>\n<td>0.8600&nbsp;kg<\/td>\n<\/tr>\n<tr>\n<th>Balen\u00ed<\/th>\n<td>1&nbsp;ks<\/td>\n<\/tr>\n<tr>\n<th>EAN<\/th>\n<td>8590913879135<\/td>\n<\/tr>\n<tr>\n<th>Taric<\/th>\n<td>84818011<\/td>\n<\/tr>\n<tr>\n<th>Z\u00e1ruka<\/th>\n<td>2 roky<\/td>\n<\/tr>\n<\/table>\n<p><\/dc-con><\/dc-con><\/div>\n<\/p><\/div>\n<div id=\"PDTable3\" class=\"ProductDetailTableView v3a v3 bs-view dcon dc185 PDTable3\" >\n<table>\n<thead><\/thead>\n<tbody>\n<tr class=\"attribute attr_ovladani\">\n<td class=\"caption\">Ovl\u00e1d\u00e1n\u00ed<\/td>\n<td class=\"value\">P\u00e1kov\u00e9<\/td>\n<\/tr>\n<tr class=\"attribute attr_typ\">\n<td class=\"caption\">Typ<\/td>\n<td class=\"value\">Stoj\u00e1nkov\u00e9 baterie<\/td>\n<\/tr>\n<tr class=\"attribute attr_pouziti\">\n<td class=\"caption\">Pou\u017eit\u00ed<\/td>\n<td class=\"value\">Vanov\u00e9 baterie<\/td>\n<\/tr>\n<tr class=\"attribute attr_bsshop_maker\">\n<td class=\"caption\">V\u00fdrobce<\/td>\n<td class=\"value\">Sapho<\/td>\n<\/tr>\n<tr class=\"attribute attr_sirka\">\n<td class=\"caption\">\u0160\u00ed\u0159ka v mm<\/td>\n<td class=\"value\">220<\/td>\n<\/tr>\n<tr class=\"attribute attr_Vyska\">\n<td class=\"caption\">V\u00fd\u0161ka v mm<\/td>\n<td class=\"value\">120<\/td>\n<\/tr>\n<tr class=\"weight\">\n<td class=\"caption\"><span>Hmotnost<\/span><\/td>\n<td class=\"value\"><span>0,86 kg<\/span><\/td>\n<\/tr>\n<\/tbody>\n<\/table>\n<\/div>\n<div id=\"ProductMedia\" class=\"ProductMediaView MediaViewBase v1a v1 bs-view dcon dc409 ProductMedia\" ><bs-empty><\/bs-empty><\/p>\n<div class=\"files\">\n<div class=\"title sub\">Soubory<\/div>\n<p><a href=\"\/media\/38507\/39562-navod-na-udrzbu-baterii-sapho.pdf?&amp;key=ZGpmIyQwNUZfMzg1MDc=\" class=\"pdf\">Dokumenty &#8211; &#218;dr\u017eba_priloha_0<\/a><a href=\"\/media\/49299\/39562-zarucni-list-baterie-cely-sapho-web.pdf?&amp;key=ZGpmIyQwNUZfNDkyOTk=\" class=\"pdf\">Dokumenty &#8211; Z&#225;ru\u010dn&#237; list_priloha_1<\/a><\/div>\n<p><bs-empty><\/bs-empty><\/div>\n<div id=\"PdProductGpsr\" class=\"ProductGpsrView v1a v1 bs-view dcon dc217 PdProductGpsr\" >\n<div class=\"subject\"><dc-root class=\"dcon dc219\"><span class=\"title\">Zodpov\u011bdn&#253; subjekt:<\/span><dc-con><dc-con><span class=\"company\">UBC s.r.o.<\/span><span class=\"name\">Sapho<\/span><\/dc-con><dc-con><span class=\"street\">M\u011blnick&#225; 87<\/span><span class=\"city\">L&#237;beznice<\/span><span class=\"zip\">250 65<\/span><span class=\"country\">\u010cesko<\/span><\/dc-con><span class=\"email\">info@ubc-group.cz<\/span><span class=\"phone\">283 090 704<\/span><bs-empty><\/bs-empty><a href=\"https:\/\/www.ubc-group.cz\/#kontakt\" class=\"link\" target=\"_blank\">https:\/\/www.ubc-group.cz\/#kontakt<\/a><\/dc-con><bs-empty><\/bs-empty><\/dc-root><\/div>\n<p><bs-empty><\/bs-empty><\/div>\n<\/div>\n<div id=\"e8383806\" class=\"tabs\">\n","protected":false},"excerpt":{"rendered":"<p>Vlastnosti Zna\u010dka SAPHO \u0160\u00ed\u0159ka 54&nbsp;mm V\u00fd\u0161ka 65&nbsp;mm Barva Chrom Materi\u00e1l Mosaz Tvar Kruhov\u00e9 Instalace Na okraj vany Druh ovl\u00e1d\u00e1n\u00ed P\u00e1ka Pr\u016fm\u011br kartu\u0161e 40&nbsp;mm Hmotnost \/ ks 0.8600&nbsp;kg Balen\u00ed 1&nbsp;ks EAN 8590913879135 Taric 84818011 Z\u00e1ruka 2 roky Ovl\u00e1d\u00e1n\u00ed P\u00e1kov\u00e9 Typ Stoj\u00e1nkov\u00e9 baterie Pou\u017eit\u00ed Vanov\u00e9 baterie V\u00fdrobce Sapho \u0160\u00ed\u0159ka v mm 220 V\u00fd\u0161ka v mm 120 Hmotnost [&hellip;]<\/p>\n","protected":false},"featured_media":17010,"comment_status":"open","ping_status":"open","template":"","meta":[],"product_brand":[],"product_cat":[61],"product_tag":[],"class_list":{"0":"post-16910","1":"product","2":"type-product","3":"status-publish","4":"has-post-thumbnail","6":"product_cat-vybaven-237-koupelny","8":"first","9":"instock","10":"sale","11":"shipping-taxable","12":"purchasable","13":"product-type-simple"},"yoast_head":"<!-- This site is optimized with the Yoast SEO plugin v26.8 - https:\/\/yoast.com\/product\/yoast-seo-wordpress\/ -->\n<title>Zna\u010dkov\u00fd SAPHO TINY p\u00e1kov\u00e1 baterie na okraj vany, chrom -<\/title>\n<meta name=\"robots\" content=\"index, follow, max-snippet:-1, max-image-preview:large, max-video-preview:-1\" \/>\n<link rel=\"canonical\" href=\"https:\/\/www.domstavpro.com\/index.php\/produkt\/znackovy-sapho-tiny-pakova-baterie-na-okraj-vany-chrom-16910\/\" \/>\n<meta property=\"og:locale\" content=\"cs_CZ\" \/>\n<meta property=\"og:type\" content=\"article\" \/>\n<meta property=\"og:title\" content=\"Zna\u010dkov\u00fd SAPHO TINY p\u00e1kov\u00e1 baterie na okraj vany, chrom -\" \/>\n<meta property=\"og:description\" content=\"Vlastnosti Zna\u010dka SAPHO \u0160\u00ed\u0159ka 54&nbsp;mm V\u00fd\u0161ka 65&nbsp;mm Barva Chrom Materi\u00e1l Mosaz Tvar Kruhov\u00e9 Instalace Na okraj vany Druh ovl\u00e1d\u00e1n\u00ed P\u00e1ka Pr\u016fm\u011br kartu\u0161e 40&nbsp;mm Hmotnost \/ ks 0.8600&nbsp;kg Balen\u00ed 1&nbsp;ks EAN 8590913879135 Taric 84818011 Z\u00e1ruka 2 roky Ovl\u00e1d\u00e1n\u00ed P\u00e1kov\u00e9 Typ Stoj\u00e1nkov\u00e9 baterie Pou\u017eit\u00ed Vanov\u00e9 baterie V\u00fdrobce Sapho \u0160\u00ed\u0159ka v mm 220 V\u00fd\u0161ka v mm 120 Hmotnost [&hellip;]\" \/>\n<meta property=\"og:url\" content=\"https:\/\/www.domstavpro.com\/index.php\/produkt\/znackovy-sapho-tiny-pakova-baterie-na-okraj-vany-chrom-16910\/\" \/>\n<meta property=\"og:image\" content=\"https:\/\/www.domstavpro.com\/wp-content\/uploads\/2026\/SK0027679-CZ20260425-093449-0-1777080896-sapho-tiny-pakova-baterie-na-okraj-vany-chrom.webp\" \/>\n\t<meta property=\"og:image:width\" content=\"1000\" \/>\n\t<meta property=\"og:image:height\" content=\"525\" \/>\n\t<meta property=\"og:image:type\" content=\"image\/webp\" \/>\n<meta name=\"twitter:card\" content=\"summary_large_image\" \/>\n<script type=\"application\/ld+json\" class=\"yoast-schema-graph\">{\"@context\":\"https:\/\/schema.org\",\"@graph\":[{\"@type\":\"WebPage\",\"@id\":\"https:\/\/www.domstavpro.com\/index.php\/produkt\/znackovy-sapho-tiny-pakova-baterie-na-okraj-vany-chrom-16910\/\",\"url\":\"https:\/\/www.domstavpro.com\/index.php\/produkt\/znackovy-sapho-tiny-pakova-baterie-na-okraj-vany-chrom-16910\/\",\"name\":\"Zna\u010dkov\u00fd SAPHO TINY p\u00e1kov\u00e1 baterie na okraj vany, chrom -\",\"isPartOf\":{\"@id\":\"https:\/\/www.domstavpro.com\/#website\"},\"primaryImageOfPage\":{\"@id\":\"https:\/\/www.domstavpro.com\/index.php\/produkt\/znackovy-sapho-tiny-pakova-baterie-na-okraj-vany-chrom-16910\/#primaryimage\"},\"image\":{\"@id\":\"https:\/\/www.domstavpro.com\/index.php\/produkt\/znackovy-sapho-tiny-pakova-baterie-na-okraj-vany-chrom-16910\/#primaryimage\"},\"thumbnailUrl\":\"https:\/\/www.domstavpro.com\/wp-content\/uploads\/2026\/SK0027679-CZ20260425-093449-0-1777080896-sapho-tiny-pakova-baterie-na-okraj-vany-chrom.webp\",\"datePublished\":\"2026-04-27T15:08:32+00:00\",\"breadcrumb\":{\"@id\":\"https:\/\/www.domstavpro.com\/index.php\/produkt\/znackovy-sapho-tiny-pakova-baterie-na-okraj-vany-chrom-16910\/#breadcrumb\"},\"inLanguage\":\"cs\",\"potentialAction\":[{\"@type\":\"ReadAction\",\"target\":[\"https:\/\/www.domstavpro.com\/index.php\/produkt\/znackovy-sapho-tiny-pakova-baterie-na-okraj-vany-chrom-16910\/\"]}]},{\"@type\":\"ImageObject\",\"inLanguage\":\"cs\",\"@id\":\"https:\/\/www.domstavpro.com\/index.php\/produkt\/znackovy-sapho-tiny-pakova-baterie-na-okraj-vany-chrom-16910\/#primaryimage\",\"url\":\"https:\/\/www.domstavpro.com\/wp-content\/uploads\/2026\/SK0027679-CZ20260425-093449-0-1777080896-sapho-tiny-pakova-baterie-na-okraj-vany-chrom.webp\",\"contentUrl\":\"https:\/\/www.domstavpro.com\/wp-content\/uploads\/2026\/SK0027679-CZ20260425-093449-0-1777080896-sapho-tiny-pakova-baterie-na-okraj-vany-chrom.webp\",\"width\":1000,\"height\":525},{\"@type\":\"BreadcrumbList\",\"@id\":\"https:\/\/www.domstavpro.com\/index.php\/produkt\/znackovy-sapho-tiny-pakova-baterie-na-okraj-vany-chrom-16910\/#breadcrumb\",\"itemListElement\":[{\"@type\":\"ListItem\",\"position\":1,\"name\":\"Home\",\"item\":\"https:\/\/www.domstavpro.com\/\"},{\"@type\":\"ListItem\",\"position\":2,\"name\":\"Products\",\"item\":\"https:\/\/www.domstavpro.com\/index.php\/products\/\"},{\"@type\":\"ListItem\",\"position\":3,\"name\":\"Zna\u010dkov\u00fd SAPHO TINY p\u00e1kov\u00e1 baterie na okraj vany, chrom\"}]},{\"@type\":\"WebSite\",\"@id\":\"https:\/\/www.domstavpro.com\/#website\",\"url\":\"https:\/\/www.domstavpro.com\/\",\"name\":\"\",\"description\":\"\",\"potentialAction\":[{\"@type\":\"SearchAction\",\"target\":{\"@type\":\"EntryPoint\",\"urlTemplate\":\"https:\/\/www.domstavpro.com\/?s={search_term_string}\"},\"query-input\":{\"@type\":\"PropertyValueSpecification\",\"valueRequired\":true,\"valueName\":\"search_term_string\"}}],\"inLanguage\":\"cs\"}]}<\/script>\n<!-- \/ Yoast SEO plugin. -->","yoast_head_json":{"title":"Zna\u010dkov\u00fd SAPHO TINY p\u00e1kov\u00e1 baterie na okraj vany, chrom -","robots":{"index":"index","follow":"follow","max-snippet":"max-snippet:-1","max-image-preview":"max-image-preview:large","max-video-preview":"max-video-preview:-1"},"canonical":"https:\/\/www.domstavpro.com\/index.php\/produkt\/znackovy-sapho-tiny-pakova-baterie-na-okraj-vany-chrom-16910\/","og_locale":"cs_CZ","og_type":"article","og_title":"Zna\u010dkov\u00fd SAPHO TINY p\u00e1kov\u00e1 baterie na okraj vany, chrom -","og_description":"Vlastnosti Zna\u010dka SAPHO \u0160\u00ed\u0159ka 54&nbsp;mm V\u00fd\u0161ka 65&nbsp;mm Barva Chrom Materi\u00e1l Mosaz Tvar Kruhov\u00e9 Instalace Na okraj vany Druh ovl\u00e1d\u00e1n\u00ed P\u00e1ka Pr\u016fm\u011br kartu\u0161e 40&nbsp;mm Hmotnost \/ ks 0.8600&nbsp;kg Balen\u00ed 1&nbsp;ks EAN 8590913879135 Taric 84818011 Z\u00e1ruka 2 roky Ovl\u00e1d\u00e1n\u00ed P\u00e1kov\u00e9 Typ Stoj\u00e1nkov\u00e9 baterie Pou\u017eit\u00ed Vanov\u00e9 baterie V\u00fdrobce Sapho \u0160\u00ed\u0159ka v mm 220 V\u00fd\u0161ka v mm 120 Hmotnost [&hellip;]","og_url":"https:\/\/www.domstavpro.com\/index.php\/produkt\/znackovy-sapho-tiny-pakova-baterie-na-okraj-vany-chrom-16910\/","og_image":[{"width":1000,"height":525,"url":"https:\/\/www.domstavpro.com\/wp-content\/uploads\/2026\/SK0027679-CZ20260425-093449-0-1777080896-sapho-tiny-pakova-baterie-na-okraj-vany-chrom.webp","type":"image\/webp"}],"twitter_card":"summary_large_image","schema":{"@context":"https:\/\/schema.org","@graph":[{"@type":"WebPage","@id":"https:\/\/www.domstavpro.com\/index.php\/produkt\/znackovy-sapho-tiny-pakova-baterie-na-okraj-vany-chrom-16910\/","url":"https:\/\/www.domstavpro.com\/index.php\/produkt\/znackovy-sapho-tiny-pakova-baterie-na-okraj-vany-chrom-16910\/","name":"Zna\u010dkov\u00fd SAPHO TINY p\u00e1kov\u00e1 baterie na okraj vany, chrom -","isPartOf":{"@id":"https:\/\/www.domstavpro.com\/#website"},"primaryImageOfPage":{"@id":"https:\/\/www.domstavpro.com\/index.php\/produkt\/znackovy-sapho-tiny-pakova-baterie-na-okraj-vany-chrom-16910\/#primaryimage"},"image":{"@id":"https:\/\/www.domstavpro.com\/index.php\/produkt\/znackovy-sapho-tiny-pakova-baterie-na-okraj-vany-chrom-16910\/#primaryimage"},"thumbnailUrl":"https:\/\/www.domstavpro.com\/wp-content\/uploads\/2026\/SK0027679-CZ20260425-093449-0-1777080896-sapho-tiny-pakova-baterie-na-okraj-vany-chrom.webp","datePublished":"2026-04-27T15:08:32+00:00","breadcrumb":{"@id":"https:\/\/www.domstavpro.com\/index.php\/produkt\/znackovy-sapho-tiny-pakova-baterie-na-okraj-vany-chrom-16910\/#breadcrumb"},"inLanguage":"cs","potentialAction":[{"@type":"ReadAction","target":["https:\/\/www.domstavpro.com\/index.php\/produkt\/znackovy-sapho-tiny-pakova-baterie-na-okraj-vany-chrom-16910\/"]}]},{"@type":"ImageObject","inLanguage":"cs","@id":"https:\/\/www.domstavpro.com\/index.php\/produkt\/znackovy-sapho-tiny-pakova-baterie-na-okraj-vany-chrom-16910\/#primaryimage","url":"https:\/\/www.domstavpro.com\/wp-content\/uploads\/2026\/SK0027679-CZ20260425-093449-0-1777080896-sapho-tiny-pakova-baterie-na-okraj-vany-chrom.webp","contentUrl":"https:\/\/www.domstavpro.com\/wp-content\/uploads\/2026\/SK0027679-CZ20260425-093449-0-1777080896-sapho-tiny-pakova-baterie-na-okraj-vany-chrom.webp","width":1000,"height":525},{"@type":"BreadcrumbList","@id":"https:\/\/www.domstavpro.com\/index.php\/produkt\/znackovy-sapho-tiny-pakova-baterie-na-okraj-vany-chrom-16910\/#breadcrumb","itemListElement":[{"@type":"ListItem","position":1,"name":"Home","item":"https:\/\/www.domstavpro.com\/"},{"@type":"ListItem","position":2,"name":"Products","item":"https:\/\/www.domstavpro.com\/index.php\/products\/"},{"@type":"ListItem","position":3,"name":"Zna\u010dkov\u00fd SAPHO TINY p\u00e1kov\u00e1 baterie na okraj vany, chrom"}]},{"@type":"WebSite","@id":"https:\/\/www.domstavpro.com\/#website","url":"https:\/\/www.domstavpro.com\/","name":"","description":"","potentialAction":[{"@type":"SearchAction","target":{"@type":"EntryPoint","urlTemplate":"https:\/\/www.domstavpro.com\/?s={search_term_string}"},"query-input":{"@type":"PropertyValueSpecification","valueRequired":true,"valueName":"search_term_string"}}],"inLanguage":"cs"}]}},"_links":{"self":[{"href":"https:\/\/www.domstavpro.com\/index.php\/wp-json\/wp\/v2\/product\/16910","targetHints":{"allow":["GET"]}}],"collection":[{"href":"https:\/\/www.domstavpro.com\/index.php\/wp-json\/wp\/v2\/product"}],"about":[{"href":"https:\/\/www.domstavpro.com\/index.php\/wp-json\/wp\/v2\/types\/product"}],"replies":[{"embeddable":true,"href":"https:\/\/www.domstavpro.com\/index.php\/wp-json\/wp\/v2\/comments?post=16910"}],"wp:featuredmedia":[{"embeddable":true,"href":"https:\/\/www.domstavpro.com\/index.php\/wp-json\/wp\/v2\/media\/17010"}],"wp:attachment":[{"href":"https:\/\/www.domstavpro.com\/index.php\/wp-json\/wp\/v2\/media?parent=16910"}],"wp:term":[{"taxonomy":"product_brand","embeddable":true,"href":"https:\/\/www.domstavpro.com\/index.php\/wp-json\/wp\/v2\/product_brand?post=16910"},{"taxonomy":"product_cat","embeddable":true,"href":"https:\/\/www.domstavpro.com\/index.php\/wp-json\/wp\/v2\/product_cat?post=16910"},{"taxonomy":"product_tag","embeddable":true,"href":"https:\/\/www.domstavpro.com\/index.php\/wp-json\/wp\/v2\/product_tag?post=16910"}],"curies":[{"name":"wp","href":"https:\/\/api.w.org\/{rel}","templated":true}]}}