{"id":16551,"date":"2026-04-27T15:08:31","date_gmt":"2026-04-27T15:08:31","guid":{"rendered":""},"modified":"2026-04-27T15:08:31","modified_gmt":"2026-04-27T15:08:31","slug":"znackovy-omp-tea-umyvadlova-vypust-5-4-neuzaviratelna-velka-zatka-30-45mm-chrom-16551","status":"publish","type":"product","link":"https:\/\/www.domstavpro.com\/index.php\/produkt\/znackovy-omp-tea-umyvadlova-vypust-5-4-neuzaviratelna-velka-zatka-30-45mm-chrom-16551\/","title":{"rendered":"Zna\u010dkov\u00fd OMP TEA Umyvadlov\u00e1 v\u00fdpust 5\/4\u201c, neuzav\u00edrateln\u00e1, velk\u00e1 z\u00e1tka, 30-45mm, chrom"},"content":{"rendered":"<div id=\"e8287540\" class=\"pages\">\n<div>\n<div id=\"PDDescription\" class=\"UserContentView userContent v1a v1 bs-view dcon dc164 PDDescription\" ><dc-con><dc-con><bs-empty><\/bs-empty><\/dc-con><dc-con>        <\/p>\n<div class=\"customDescription\">                    <\/div>\n<p><\/dc-con><dc-con><\/p>\n<h2 class=\"props-title\">Vlastnosti<\/h2>\n<table>\n<tr>\n<th>Zna\u010dka<\/th>\n<td>OMP TEA<\/td>\n<\/tr>\n<tr>\n<th>Barva<\/th>\n<td>Chrom<\/td>\n<\/tr>\n<tr>\n<th>Materi\u00e1l<\/th>\n<td>Mosaz<\/td>\n<\/tr>\n<tr>\n<th>Velikost z\u00e1vitu<\/th>\n<td>5\/4&#8243;<\/td>\n<\/tr>\n<tr>\n<th>Tlou\u0161\u0165ka umyvadla<\/th>\n<td>30-45&nbsp;mm<\/td>\n<\/tr>\n<tr>\n<th>V\u00fdbava<\/th>\n<td>Neuzav\u00edrateln\u00e1 bez p\u0159epadu<\/td>\n<\/tr>\n<tr>\n<th>Hmotnost \/ ks<\/th>\n<td>0.3600&nbsp;kg<\/td>\n<\/tr>\n<tr>\n<th>Balen\u00ed<\/th>\n<td>1&nbsp;ks<\/td>\n<\/tr>\n<tr>\n<th>EAN<\/th>\n<td>8019952106762<\/td>\n<\/tr>\n<tr>\n<th>Taric<\/th>\n<td>74182000<\/td>\n<\/tr>\n<tr>\n<th>Z\u00e1ruka<\/th>\n<td>2 roky<\/td>\n<\/tr>\n<\/table>\n<p><\/dc-con><\/dc-con><\/div>\n<\/p><\/div>\n<div id=\"PDTable3\" class=\"ProductDetailTableView v3a v3 bs-view dcon dc185 PDTable3\" >\n<table>\n<thead><\/thead>\n<tbody>\n<tr class=\"attribute attr_bsshop_maker\">\n<td class=\"caption\">V\u00fdrobce<\/td>\n<td class=\"value\">Omp Tea<\/td>\n<\/tr>\n<tr class=\"attribute attr_sirka\">\n<td class=\"caption\">\u0160\u00ed\u0159ka v mm<\/td>\n<td class=\"value\">63<\/td>\n<\/tr>\n<tr class=\"attribute attr_Vyska\">\n<td class=\"caption\">V\u00fd\u0161ka v mm<\/td>\n<td class=\"value\">86<\/td>\n<\/tr>\n<tr class=\"weight\">\n<td class=\"caption\"><span>Hmotnost<\/span><\/td>\n<td class=\"value\"><span>0,36 kg<\/span><\/td>\n<\/tr>\n<\/tbody>\n<\/table>\n<\/div>\n<\/div>\n<div id=\"e8287541\" class=\"tabs\">\n","protected":false},"excerpt":{"rendered":"<p>Vlastnosti Zna\u010dka OMP TEA Barva Chrom Materi\u00e1l Mosaz Velikost z\u00e1vitu 5\/4&#8243; Tlou\u0161\u0165ka umyvadla 30-45&nbsp;mm V\u00fdbava Neuzav\u00edrateln\u00e1 bez p\u0159epadu Hmotnost \/ ks 0.3600&nbsp;kg Balen\u00ed 1&nbsp;ks EAN 8019952106762 Taric 74182000 Z\u00e1ruka 2 roky V\u00fdrobce Omp Tea \u0160\u00ed\u0159ka v mm 63 V\u00fd\u0161ka v mm 86 Hmotnost 0,36 kg<\/p>\n","protected":false},"featured_media":16651,"comment_status":"open","ping_status":"open","template":"","meta":[],"product_brand":[],"product_cat":[61],"product_tag":[],"class_list":{"0":"post-16551","1":"product","2":"type-product","3":"status-publish","4":"has-post-thumbnail","6":"product_cat-vybaven-237-koupelny","8":"first","9":"instock","10":"sale","11":"shipping-taxable","12":"purchasable","13":"product-type-simple"},"yoast_head":"<!-- This site is optimized with the Yoast SEO plugin v26.8 - https:\/\/yoast.com\/product\/yoast-seo-wordpress\/ -->\n<title>Zna\u010dkov\u00fd OMP TEA Umyvadlov\u00e1 v\u00fdpust 5\/4\u201c, neuzav\u00edrateln\u00e1, velk\u00e1 z\u00e1tka, 30-45mm, chrom -<\/title>\n<meta name=\"robots\" content=\"index, follow, max-snippet:-1, max-image-preview:large, max-video-preview:-1\" \/>\n<link rel=\"canonical\" href=\"https:\/\/www.domstavpro.com\/index.php\/produkt\/znackovy-omp-tea-umyvadlova-vypust-5-4-neuzaviratelna-velka-zatka-30-45mm-chrom-16551\/\" \/>\n<meta property=\"og:locale\" content=\"cs_CZ\" \/>\n<meta property=\"og:type\" content=\"article\" \/>\n<meta property=\"og:title\" content=\"Zna\u010dkov\u00fd OMP TEA Umyvadlov\u00e1 v\u00fdpust 5\/4\u201c, neuzav\u00edrateln\u00e1, velk\u00e1 z\u00e1tka, 30-45mm, chrom -\" \/>\n<meta property=\"og:description\" content=\"Vlastnosti Zna\u010dka OMP TEA Barva Chrom Materi\u00e1l Mosaz Velikost z\u00e1vitu 5\/4&#8243; Tlou\u0161\u0165ka umyvadla 30-45&nbsp;mm V\u00fdbava Neuzav\u00edrateln\u00e1 bez p\u0159epadu Hmotnost \/ ks 0.3600&nbsp;kg Balen\u00ed 1&nbsp;ks EAN 8019952106762 Taric 74182000 Z\u00e1ruka 2 roky V\u00fdrobce Omp Tea \u0160\u00ed\u0159ka v mm 63 V\u00fd\u0161ka v mm 86 Hmotnost 0,36 kg\" \/>\n<meta property=\"og:url\" content=\"https:\/\/www.domstavpro.com\/index.php\/produkt\/znackovy-omp-tea-umyvadlova-vypust-5-4-neuzaviratelna-velka-zatka-30-45mm-chrom-16551\/\" \/>\n<meta property=\"og:image\" content=\"https:\/\/www.domstavpro.com\/wp-content\/uploads\/2026\/SK0027516-CZ20260425-093449-0-1777080896-omp-tea-umyvadlova-vypust-5-4-neuzaviratelna-velka-zatka-30.webp\" \/>\n\t<meta property=\"og:image:width\" content=\"1000\" \/>\n\t<meta property=\"og:image:height\" content=\"525\" \/>\n\t<meta property=\"og:image:type\" content=\"image\/webp\" \/>\n<meta name=\"twitter:card\" content=\"summary_large_image\" \/>\n<script type=\"application\/ld+json\" class=\"yoast-schema-graph\">{\"@context\":\"https:\/\/schema.org\",\"@graph\":[{\"@type\":\"WebPage\",\"@id\":\"https:\/\/www.domstavpro.com\/index.php\/produkt\/znackovy-omp-tea-umyvadlova-vypust-5-4-neuzaviratelna-velka-zatka-30-45mm-chrom-16551\/\",\"url\":\"https:\/\/www.domstavpro.com\/index.php\/produkt\/znackovy-omp-tea-umyvadlova-vypust-5-4-neuzaviratelna-velka-zatka-30-45mm-chrom-16551\/\",\"name\":\"Zna\u010dkov\u00fd OMP TEA Umyvadlov\u00e1 v\u00fdpust 5\/4\u201c, neuzav\u00edrateln\u00e1, velk\u00e1 z\u00e1tka, 30-45mm, chrom -\",\"isPartOf\":{\"@id\":\"https:\/\/www.domstavpro.com\/#website\"},\"primaryImageOfPage\":{\"@id\":\"https:\/\/www.domstavpro.com\/index.php\/produkt\/znackovy-omp-tea-umyvadlova-vypust-5-4-neuzaviratelna-velka-zatka-30-45mm-chrom-16551\/#primaryimage\"},\"image\":{\"@id\":\"https:\/\/www.domstavpro.com\/index.php\/produkt\/znackovy-omp-tea-umyvadlova-vypust-5-4-neuzaviratelna-velka-zatka-30-45mm-chrom-16551\/#primaryimage\"},\"thumbnailUrl\":\"https:\/\/www.domstavpro.com\/wp-content\/uploads\/2026\/SK0027516-CZ20260425-093449-0-1777080896-omp-tea-umyvadlova-vypust-5-4-neuzaviratelna-velka-zatka-30.webp\",\"datePublished\":\"2026-04-27T15:08:31+00:00\",\"breadcrumb\":{\"@id\":\"https:\/\/www.domstavpro.com\/index.php\/produkt\/znackovy-omp-tea-umyvadlova-vypust-5-4-neuzaviratelna-velka-zatka-30-45mm-chrom-16551\/#breadcrumb\"},\"inLanguage\":\"cs\",\"potentialAction\":[{\"@type\":\"ReadAction\",\"target\":[\"https:\/\/www.domstavpro.com\/index.php\/produkt\/znackovy-omp-tea-umyvadlova-vypust-5-4-neuzaviratelna-velka-zatka-30-45mm-chrom-16551\/\"]}]},{\"@type\":\"ImageObject\",\"inLanguage\":\"cs\",\"@id\":\"https:\/\/www.domstavpro.com\/index.php\/produkt\/znackovy-omp-tea-umyvadlova-vypust-5-4-neuzaviratelna-velka-zatka-30-45mm-chrom-16551\/#primaryimage\",\"url\":\"https:\/\/www.domstavpro.com\/wp-content\/uploads\/2026\/SK0027516-CZ20260425-093449-0-1777080896-omp-tea-umyvadlova-vypust-5-4-neuzaviratelna-velka-zatka-30.webp\",\"contentUrl\":\"https:\/\/www.domstavpro.com\/wp-content\/uploads\/2026\/SK0027516-CZ20260425-093449-0-1777080896-omp-tea-umyvadlova-vypust-5-4-neuzaviratelna-velka-zatka-30.webp\",\"width\":1000,\"height\":525},{\"@type\":\"BreadcrumbList\",\"@id\":\"https:\/\/www.domstavpro.com\/index.php\/produkt\/znackovy-omp-tea-umyvadlova-vypust-5-4-neuzaviratelna-velka-zatka-30-45mm-chrom-16551\/#breadcrumb\",\"itemListElement\":[{\"@type\":\"ListItem\",\"position\":1,\"name\":\"Home\",\"item\":\"https:\/\/www.domstavpro.com\/\"},{\"@type\":\"ListItem\",\"position\":2,\"name\":\"Products\",\"item\":\"https:\/\/www.domstavpro.com\/index.php\/products\/\"},{\"@type\":\"ListItem\",\"position\":3,\"name\":\"Zna\u010dkov\u00fd OMP TEA Umyvadlov\u00e1 v\u00fdpust 5\/4\u201c, neuzav\u00edrateln\u00e1, velk\u00e1 z\u00e1tka, 30-45mm, chrom\"}]},{\"@type\":\"WebSite\",\"@id\":\"https:\/\/www.domstavpro.com\/#website\",\"url\":\"https:\/\/www.domstavpro.com\/\",\"name\":\"\",\"description\":\"\",\"potentialAction\":[{\"@type\":\"SearchAction\",\"target\":{\"@type\":\"EntryPoint\",\"urlTemplate\":\"https:\/\/www.domstavpro.com\/?s={search_term_string}\"},\"query-input\":{\"@type\":\"PropertyValueSpecification\",\"valueRequired\":true,\"valueName\":\"search_term_string\"}}],\"inLanguage\":\"cs\"}]}<\/script>\n<!-- \/ Yoast SEO plugin. -->","yoast_head_json":{"title":"Zna\u010dkov\u00fd OMP TEA Umyvadlov\u00e1 v\u00fdpust 5\/4\u201c, neuzav\u00edrateln\u00e1, velk\u00e1 z\u00e1tka, 30-45mm, chrom -","robots":{"index":"index","follow":"follow","max-snippet":"max-snippet:-1","max-image-preview":"max-image-preview:large","max-video-preview":"max-video-preview:-1"},"canonical":"https:\/\/www.domstavpro.com\/index.php\/produkt\/znackovy-omp-tea-umyvadlova-vypust-5-4-neuzaviratelna-velka-zatka-30-45mm-chrom-16551\/","og_locale":"cs_CZ","og_type":"article","og_title":"Zna\u010dkov\u00fd OMP TEA Umyvadlov\u00e1 v\u00fdpust 5\/4\u201c, neuzav\u00edrateln\u00e1, velk\u00e1 z\u00e1tka, 30-45mm, chrom -","og_description":"Vlastnosti Zna\u010dka OMP TEA Barva Chrom Materi\u00e1l Mosaz Velikost z\u00e1vitu 5\/4&#8243; Tlou\u0161\u0165ka umyvadla 30-45&nbsp;mm V\u00fdbava Neuzav\u00edrateln\u00e1 bez p\u0159epadu Hmotnost \/ ks 0.3600&nbsp;kg Balen\u00ed 1&nbsp;ks EAN 8019952106762 Taric 74182000 Z\u00e1ruka 2 roky V\u00fdrobce Omp Tea \u0160\u00ed\u0159ka v mm 63 V\u00fd\u0161ka v mm 86 Hmotnost 0,36 kg","og_url":"https:\/\/www.domstavpro.com\/index.php\/produkt\/znackovy-omp-tea-umyvadlova-vypust-5-4-neuzaviratelna-velka-zatka-30-45mm-chrom-16551\/","og_image":[{"width":1000,"height":525,"url":"https:\/\/www.domstavpro.com\/wp-content\/uploads\/2026\/SK0027516-CZ20260425-093449-0-1777080896-omp-tea-umyvadlova-vypust-5-4-neuzaviratelna-velka-zatka-30.webp","type":"image\/webp"}],"twitter_card":"summary_large_image","schema":{"@context":"https:\/\/schema.org","@graph":[{"@type":"WebPage","@id":"https:\/\/www.domstavpro.com\/index.php\/produkt\/znackovy-omp-tea-umyvadlova-vypust-5-4-neuzaviratelna-velka-zatka-30-45mm-chrom-16551\/","url":"https:\/\/www.domstavpro.com\/index.php\/produkt\/znackovy-omp-tea-umyvadlova-vypust-5-4-neuzaviratelna-velka-zatka-30-45mm-chrom-16551\/","name":"Zna\u010dkov\u00fd OMP TEA Umyvadlov\u00e1 v\u00fdpust 5\/4\u201c, neuzav\u00edrateln\u00e1, velk\u00e1 z\u00e1tka, 30-45mm, chrom -","isPartOf":{"@id":"https:\/\/www.domstavpro.com\/#website"},"primaryImageOfPage":{"@id":"https:\/\/www.domstavpro.com\/index.php\/produkt\/znackovy-omp-tea-umyvadlova-vypust-5-4-neuzaviratelna-velka-zatka-30-45mm-chrom-16551\/#primaryimage"},"image":{"@id":"https:\/\/www.domstavpro.com\/index.php\/produkt\/znackovy-omp-tea-umyvadlova-vypust-5-4-neuzaviratelna-velka-zatka-30-45mm-chrom-16551\/#primaryimage"},"thumbnailUrl":"https:\/\/www.domstavpro.com\/wp-content\/uploads\/2026\/SK0027516-CZ20260425-093449-0-1777080896-omp-tea-umyvadlova-vypust-5-4-neuzaviratelna-velka-zatka-30.webp","datePublished":"2026-04-27T15:08:31+00:00","breadcrumb":{"@id":"https:\/\/www.domstavpro.com\/index.php\/produkt\/znackovy-omp-tea-umyvadlova-vypust-5-4-neuzaviratelna-velka-zatka-30-45mm-chrom-16551\/#breadcrumb"},"inLanguage":"cs","potentialAction":[{"@type":"ReadAction","target":["https:\/\/www.domstavpro.com\/index.php\/produkt\/znackovy-omp-tea-umyvadlova-vypust-5-4-neuzaviratelna-velka-zatka-30-45mm-chrom-16551\/"]}]},{"@type":"ImageObject","inLanguage":"cs","@id":"https:\/\/www.domstavpro.com\/index.php\/produkt\/znackovy-omp-tea-umyvadlova-vypust-5-4-neuzaviratelna-velka-zatka-30-45mm-chrom-16551\/#primaryimage","url":"https:\/\/www.domstavpro.com\/wp-content\/uploads\/2026\/SK0027516-CZ20260425-093449-0-1777080896-omp-tea-umyvadlova-vypust-5-4-neuzaviratelna-velka-zatka-30.webp","contentUrl":"https:\/\/www.domstavpro.com\/wp-content\/uploads\/2026\/SK0027516-CZ20260425-093449-0-1777080896-omp-tea-umyvadlova-vypust-5-4-neuzaviratelna-velka-zatka-30.webp","width":1000,"height":525},{"@type":"BreadcrumbList","@id":"https:\/\/www.domstavpro.com\/index.php\/produkt\/znackovy-omp-tea-umyvadlova-vypust-5-4-neuzaviratelna-velka-zatka-30-45mm-chrom-16551\/#breadcrumb","itemListElement":[{"@type":"ListItem","position":1,"name":"Home","item":"https:\/\/www.domstavpro.com\/"},{"@type":"ListItem","position":2,"name":"Products","item":"https:\/\/www.domstavpro.com\/index.php\/products\/"},{"@type":"ListItem","position":3,"name":"Zna\u010dkov\u00fd OMP TEA Umyvadlov\u00e1 v\u00fdpust 5\/4\u201c, neuzav\u00edrateln\u00e1, velk\u00e1 z\u00e1tka, 30-45mm, chrom"}]},{"@type":"WebSite","@id":"https:\/\/www.domstavpro.com\/#website","url":"https:\/\/www.domstavpro.com\/","name":"","description":"","potentialAction":[{"@type":"SearchAction","target":{"@type":"EntryPoint","urlTemplate":"https:\/\/www.domstavpro.com\/?s={search_term_string}"},"query-input":{"@type":"PropertyValueSpecification","valueRequired":true,"valueName":"search_term_string"}}],"inLanguage":"cs"}]}},"_links":{"self":[{"href":"https:\/\/www.domstavpro.com\/index.php\/wp-json\/wp\/v2\/product\/16551","targetHints":{"allow":["GET"]}}],"collection":[{"href":"https:\/\/www.domstavpro.com\/index.php\/wp-json\/wp\/v2\/product"}],"about":[{"href":"https:\/\/www.domstavpro.com\/index.php\/wp-json\/wp\/v2\/types\/product"}],"replies":[{"embeddable":true,"href":"https:\/\/www.domstavpro.com\/index.php\/wp-json\/wp\/v2\/comments?post=16551"}],"wp:featuredmedia":[{"embeddable":true,"href":"https:\/\/www.domstavpro.com\/index.php\/wp-json\/wp\/v2\/media\/16651"}],"wp:attachment":[{"href":"https:\/\/www.domstavpro.com\/index.php\/wp-json\/wp\/v2\/media?parent=16551"}],"wp:term":[{"taxonomy":"product_brand","embeddable":true,"href":"https:\/\/www.domstavpro.com\/index.php\/wp-json\/wp\/v2\/product_brand?post=16551"},{"taxonomy":"product_cat","embeddable":true,"href":"https:\/\/www.domstavpro.com\/index.php\/wp-json\/wp\/v2\/product_cat?post=16551"},{"taxonomy":"product_tag","embeddable":true,"href":"https:\/\/www.domstavpro.com\/index.php\/wp-json\/wp\/v2\/product_tag?post=16551"}],"curies":[{"name":"wp","href":"https:\/\/api.w.org\/{rel}","templated":true}]}}