{"id":16317,"date":"2026-04-27T15:08:31","date_gmt":"2026-04-27T15:08:31","guid":{"rendered":""},"modified":"2026-04-27T15:08:31","modified_gmt":"2026-04-27T15:08:31","slug":"vraceni-zdarma-pristresek-na-popelnice-hory-b-1-75-m2-antracit-iwh-10230031-16317","status":"publish","type":"product","link":"https:\/\/www.domstavpro.com\/index.php\/produkt\/vraceni-zdarma-pristresek-na-popelnice-hory-b-1-75-m2-antracit-iwh-10230031-16317\/","title":{"rendered":"Vr\u00e1cen\u00ed Zdarma P\u0159\u00edst\u0159e\u0161ek na popelnice HORY B 1,75 m2 antracit IWH-10230031"},"content":{"rendered":"<div id=\"e8184553\" class=\"pages\">\n<div>\n<div id=\"PDDescription\" class=\"UserContentView userContent v1a v1 bs-view dcon dc164 PDDescription\" ><dc-con><dc-con><bs-empty><\/bs-empty><\/dc-con><dc-con>        <\/p>\n<div class=\"customDescription\">                    <\/div>\n<p><\/dc-con><dc-con>P\u0159\u00edst\u0159e\u0161ek na popelnice HORY B 1,75 m&sup2; antracit IWH-10230031<\/dc-con><\/dc-con><\/div>\n<div id=\"PDDescription2\" class=\"UserContentView userContent v1a v1 bs-view dcon dc165 PDDescription2\" >\n<p><strong>Zahradn\u00ed domek HORY B<\/strong><\/p>\n<p     >D\u00edky v\u00edku s\u00a0asistenc\u00ed plynov\u00e9 pru\u017einy a\u00a0\u00fahledn\u00e9mu designu se jedn\u00e1 o\u00a0 praktick\u00fd univerz\u00e1ln\u00ed p\u0159\u00edst\u0159e\u0161kem na odpadkov\u00e9 ko\u0161e, zahradn\u00ed n\u00e1\u0159ad\u00ed, hra\u010dky atd. Pomoc\u00ed prov\u00e1zk\u016f a\u00a0klip\u016f lze kryt odpadkov\u00e9ho ko\u0161e otev\u00edrat sou\u010dasn\u011b s\u00a0v\u00edkem k\u016flny.\u00a0<\/p>\n<p     ><strong>Hlavn\u00ed p\u0159ednosti:<\/strong><strong><br     \/><\/strong><\/p>\n<p     ><strong>\u017d\u00e1rov\u011b pozinkovan\u00e1 ocel<\/strong><strong><br     \/><\/strong><\/p>\n<p     ><strong>V\u00fdklopn\u00e9 v\u00edko se snadn\u00fdm ovl\u00e1d\u00e1n\u00edm pomoc\u00ed plynov\u00e9 pru\u017einy<\/strong><strong><br     \/><\/strong><\/p>\n<p     ><strong>S\u00a0v\u011btrac\u00edmi otvory<\/strong><strong><br     \/><\/strong><\/p>\n<p     ><strong>Odoln\u00e1 v\u00fdklopn\u00e1 dv\u00ed\u0159ka se z\u00e1padkou pro bezpe\u010dn\u00e9 skladov\u00e1n\u00ed<\/strong><strong><br     \/><\/strong><\/p>\n<p     ><strong>S\u00a0prov\u00e1zky a\u00a0sponami se p\u0159ipojuj\u00ed k\u00a0v\u00edku ko\u0161e<\/strong><strong><br     \/><\/strong><\/p>\n<p     ><strong>Uzamykateln\u00e9 (visac\u00ed z\u00e1mky nejsou sou\u010d\u00e1st\u00ed dod\u00e1vky)<\/strong><\/p>\n<p     ><strong>V\u011btrac\u00ed otvory<\/strong><\/p>\n<p     ><strong>Snadn\u00e9 sestaven\u00ed pomoc\u00ed manu\u00e1lu<\/strong><\/p>\n<p     ><strong>Rozm\u011bry:<\/strong><\/p>\n<ul     >\n<li     >celkov\u00e1 v\u00fd\u0161ka: 131 cm<\/li>\n<li     >v\u00fd\u0161ka dve\u0159\u00ed. 128 cm<\/li>\n<li     >celkov\u00e1 \u0161\u00ed\u0159ka bez st\u0159echy: 171 cm<\/li>\n<li     >celkov\u00e1 \u0161\u00ed\u0159ka se st\u0159echou: 173 cm<\/li>\n<li     >\u0161\u00ed\u0159ka dve\u0159\u00ed: 150 cm<\/li>\n<li     >d\u00e9lka\/hloubka bez st\u0159echy: 97 cm<\/li>\n<li     >d\u00e9lka\/hloubka se st\u0159echou: 97 cm<\/li>\n<\/ul>\n<\/div><\/div>\n<div id=\"PDTable3\" class=\"ProductDetailTableView v3a v3 bs-view dcon dc185 PDTable3\" >\n<table>\n<thead><\/thead>\n<tbody>\n<tr class=\"attribute attr_Podlahova attr_konstrukce\">\n<td class=\"caption\">podlahova konstrukce<\/td>\n<td class=\"value\">Ne<\/td>\n<\/tr>\n<tr class=\"attribute attr_material\">\n<td class=\"caption\">Materi\u00e1l<\/td>\n<td class=\"value\">kov<\/td>\n<\/tr>\n<tr class=\"attribute attr_bsshop_maker\">\n<td class=\"caption\">V\u00fdrobce<\/td>\n<td class=\"value\">IWHome<\/td>\n<\/tr>\n<tr class=\"attribute attr_kategorie\">\n<td class=\"caption\">Kategorie<\/td>\n<td class=\"value\">Zahradn\u00ed domky<\/td>\n<\/tr>\n<tr class=\"attribute attr_vyska attr_cm\">\n<td class=\"caption\">V\u00fd\u0161ka v cm<\/td>\n<td class=\"value\">131<\/td>\n<\/tr>\n<tr class=\"attribute attr_hloubka attr_delka attr_vnitrni attr_cm\">\n<td class=\"caption\">Hloubka \/ D\u00e9lka &#8211; Vnit\u0159n\u00ed (cm)<\/td>\n<td class=\"value\">97<\/td>\n<\/tr>\n<tr class=\"attribute attr_hloubka attr_delka attr_vnejsi attr_cm\">\n<td class=\"caption\">Hloubka \/ D\u00e9lka &#8211; Vn\u011bj\u0161\u00ed (cm)<\/td>\n<td class=\"value\">97<\/td>\n<\/tr>\n<tr class=\"attribute attr_sirka attr_vnitrni attr_cm\">\n<td class=\"caption\">\u0160\u00ed\u0159ka &#8211; Vnit\u0159n\u00ed (cm)<\/td>\n<td class=\"value\">171<\/td>\n<\/tr>\n<tr class=\"attribute attr_sirka attr_vnejsi attr_cm\">\n<td class=\"caption\">\u0160\u00ed\u0159ka &#8211; Vn\u011bj\u0161\u00ed (cm)<\/td>\n<td class=\"value\">173<\/td>\n<\/tr>\n<tr class=\"attribute attr_vyska attr_dveri\">\n<td class=\"caption\">V\u00fd\u0161ka dve\u0159\u00ed (cm)<\/td>\n<td class=\"value\">128<\/td>\n<\/tr>\n<tr class=\"attribute attr_zastavena attr_plocha\">\n<td class=\"caption\">Zastav\u011bn\u00e1 plocha (m2)<\/td>\n<td class=\"value\">1,75<\/td>\n<\/tr>\n<tr class=\"attribute attr_sirka attr_dveri\">\n<td class=\"caption\">\u0160\u00ed\u0159ka dve\u0159\u00ed (cm)<\/td>\n<td class=\"value\">150<\/td>\n<\/tr>\n<tr class=\"weight\">\n<td class=\"caption\"><span>Hmotnost<\/span><\/td>\n<td class=\"value\"><span>34,00 kg<\/span><\/td>\n<\/tr>\n<\/tbody>\n<\/table>\n<\/div>\n<\/div>\n<div id=\"e8184554\" class=\"tabs\">\n","protected":false},"excerpt":{"rendered":"<p>P\u0159\u00edst\u0159e\u0161ek na popelnice HORY B 1,75 m&sup2; antracit IWH-10230031 Zahradn\u00ed domek HORY B D\u00edky v\u00edku s\u00a0asistenc\u00ed plynov\u00e9 pru\u017einy a\u00a0\u00fahledn\u00e9mu designu se jedn\u00e1 o\u00a0 praktick\u00fd univerz\u00e1ln\u00ed p\u0159\u00edst\u0159e\u0161kem na odpadkov\u00e9 ko\u0161e, zahradn\u00ed n\u00e1\u0159ad\u00ed, hra\u010dky atd. Pomoc\u00ed prov\u00e1zk\u016f a\u00a0klip\u016f lze kryt odpadkov\u00e9ho ko\u0161e otev\u00edrat sou\u010dasn\u011b s\u00a0v\u00edkem k\u016flny.\u00a0 Hlavn\u00ed p\u0159ednosti: \u017d\u00e1rov\u011b pozinkovan\u00e1 ocel V\u00fdklopn\u00e9 v\u00edko se snadn\u00fdm ovl\u00e1d\u00e1n\u00edm pomoc\u00ed [&hellip;]<\/p>\n","protected":false},"featured_media":16417,"comment_status":"open","ping_status":"open","template":"","meta":[],"product_brand":[],"product_cat":[66],"product_tag":[],"class_list":{"0":"post-16317","1":"product","2":"type-product","3":"status-publish","4":"has-post-thumbnail","6":"product_cat-pochutiny-dum-a-zahrada","8":"first","9":"instock","10":"sale","11":"shipping-taxable","12":"purchasable","13":"product-type-simple"},"yoast_head":"<!-- This site is optimized with the Yoast SEO plugin v26.8 - https:\/\/yoast.com\/product\/yoast-seo-wordpress\/ -->\n<title>Vr\u00e1cen\u00ed Zdarma P\u0159\u00edst\u0159e\u0161ek na popelnice HORY B 1,75 m2 antracit IWH-10230031 -<\/title>\n<meta name=\"robots\" content=\"index, follow, max-snippet:-1, max-image-preview:large, max-video-preview:-1\" \/>\n<link rel=\"canonical\" href=\"https:\/\/www.domstavpro.com\/index.php\/produkt\/vraceni-zdarma-pristresek-na-popelnice-hory-b-1-75-m2-antracit-iwh-10230031-16317\/\" \/>\n<meta property=\"og:locale\" content=\"cs_CZ\" \/>\n<meta property=\"og:type\" content=\"article\" \/>\n<meta property=\"og:title\" content=\"Vr\u00e1cen\u00ed Zdarma P\u0159\u00edst\u0159e\u0161ek na popelnice HORY B 1,75 m2 antracit IWH-10230031 -\" \/>\n<meta property=\"og:description\" content=\"P\u0159\u00edst\u0159e\u0161ek na popelnice HORY B 1,75 m&sup2; antracit IWH-10230031 Zahradn\u00ed domek HORY B D\u00edky v\u00edku s\u00a0asistenc\u00ed plynov\u00e9 pru\u017einy a\u00a0\u00fahledn\u00e9mu designu se jedn\u00e1 o\u00a0 praktick\u00fd univerz\u00e1ln\u00ed p\u0159\u00edst\u0159e\u0161kem na odpadkov\u00e9 ko\u0161e, zahradn\u00ed n\u00e1\u0159ad\u00ed, hra\u010dky atd. Pomoc\u00ed prov\u00e1zk\u016f a\u00a0klip\u016f lze kryt odpadkov\u00e9ho ko\u0161e otev\u00edrat sou\u010dasn\u011b s\u00a0v\u00edkem k\u016flny.\u00a0 Hlavn\u00ed p\u0159ednosti: \u017d\u00e1rov\u011b pozinkovan\u00e1 ocel V\u00fdklopn\u00e9 v\u00edko se snadn\u00fdm ovl\u00e1d\u00e1n\u00edm pomoc\u00ed [&hellip;]\" \/>\n<meta property=\"og:url\" content=\"https:\/\/www.domstavpro.com\/index.php\/produkt\/vraceni-zdarma-pristresek-na-popelnice-hory-b-1-75-m2-antracit-iwh-10230031-16317\/\" \/>\n<meta property=\"og:image\" content=\"https:\/\/www.domstavpro.com\/wp-content\/uploads\/2026\/SK0027362-CZ20260425-093449-0-1777080896-pristresek-na-popelnice-hory-b-1-75-m2-antracit-iwh-1023003.webp\" \/>\n\t<meta property=\"og:image:width\" content=\"1000\" \/>\n\t<meta property=\"og:image:height\" content=\"525\" \/>\n\t<meta property=\"og:image:type\" content=\"image\/webp\" \/>\n<meta name=\"twitter:card\" content=\"summary_large_image\" \/>\n<meta name=\"twitter:label1\" content=\"Odhadovan\u00e1 doba \u010dten\u00ed\" \/>\n\t<meta name=\"twitter:data1\" content=\"1 minuta\" \/>\n<script type=\"application\/ld+json\" class=\"yoast-schema-graph\">{\"@context\":\"https:\/\/schema.org\",\"@graph\":[{\"@type\":\"WebPage\",\"@id\":\"https:\/\/www.domstavpro.com\/index.php\/produkt\/vraceni-zdarma-pristresek-na-popelnice-hory-b-1-75-m2-antracit-iwh-10230031-16317\/\",\"url\":\"https:\/\/www.domstavpro.com\/index.php\/produkt\/vraceni-zdarma-pristresek-na-popelnice-hory-b-1-75-m2-antracit-iwh-10230031-16317\/\",\"name\":\"Vr\u00e1cen\u00ed Zdarma P\u0159\u00edst\u0159e\u0161ek na popelnice HORY B 1,75 m2 antracit IWH-10230031 -\",\"isPartOf\":{\"@id\":\"https:\/\/www.domstavpro.com\/#website\"},\"primaryImageOfPage\":{\"@id\":\"https:\/\/www.domstavpro.com\/index.php\/produkt\/vraceni-zdarma-pristresek-na-popelnice-hory-b-1-75-m2-antracit-iwh-10230031-16317\/#primaryimage\"},\"image\":{\"@id\":\"https:\/\/www.domstavpro.com\/index.php\/produkt\/vraceni-zdarma-pristresek-na-popelnice-hory-b-1-75-m2-antracit-iwh-10230031-16317\/#primaryimage\"},\"thumbnailUrl\":\"https:\/\/www.domstavpro.com\/wp-content\/uploads\/2026\/SK0027362-CZ20260425-093449-0-1777080896-pristresek-na-popelnice-hory-b-1-75-m2-antracit-iwh-1023003.webp\",\"datePublished\":\"2026-04-27T15:08:31+00:00\",\"breadcrumb\":{\"@id\":\"https:\/\/www.domstavpro.com\/index.php\/produkt\/vraceni-zdarma-pristresek-na-popelnice-hory-b-1-75-m2-antracit-iwh-10230031-16317\/#breadcrumb\"},\"inLanguage\":\"cs\",\"potentialAction\":[{\"@type\":\"ReadAction\",\"target\":[\"https:\/\/www.domstavpro.com\/index.php\/produkt\/vraceni-zdarma-pristresek-na-popelnice-hory-b-1-75-m2-antracit-iwh-10230031-16317\/\"]}]},{\"@type\":\"ImageObject\",\"inLanguage\":\"cs\",\"@id\":\"https:\/\/www.domstavpro.com\/index.php\/produkt\/vraceni-zdarma-pristresek-na-popelnice-hory-b-1-75-m2-antracit-iwh-10230031-16317\/#primaryimage\",\"url\":\"https:\/\/www.domstavpro.com\/wp-content\/uploads\/2026\/SK0027362-CZ20260425-093449-0-1777080896-pristresek-na-popelnice-hory-b-1-75-m2-antracit-iwh-1023003.webp\",\"contentUrl\":\"https:\/\/www.domstavpro.com\/wp-content\/uploads\/2026\/SK0027362-CZ20260425-093449-0-1777080896-pristresek-na-popelnice-hory-b-1-75-m2-antracit-iwh-1023003.webp\",\"width\":1000,\"height\":525},{\"@type\":\"BreadcrumbList\",\"@id\":\"https:\/\/www.domstavpro.com\/index.php\/produkt\/vraceni-zdarma-pristresek-na-popelnice-hory-b-1-75-m2-antracit-iwh-10230031-16317\/#breadcrumb\",\"itemListElement\":[{\"@type\":\"ListItem\",\"position\":1,\"name\":\"Home\",\"item\":\"https:\/\/www.domstavpro.com\/\"},{\"@type\":\"ListItem\",\"position\":2,\"name\":\"Products\",\"item\":\"https:\/\/www.domstavpro.com\/index.php\/products\/\"},{\"@type\":\"ListItem\",\"position\":3,\"name\":\"Vr\u00e1cen\u00ed Zdarma P\u0159\u00edst\u0159e\u0161ek na popelnice HORY B 1,75 m2 antracit IWH-10230031\"}]},{\"@type\":\"WebSite\",\"@id\":\"https:\/\/www.domstavpro.com\/#website\",\"url\":\"https:\/\/www.domstavpro.com\/\",\"name\":\"\",\"description\":\"\",\"potentialAction\":[{\"@type\":\"SearchAction\",\"target\":{\"@type\":\"EntryPoint\",\"urlTemplate\":\"https:\/\/www.domstavpro.com\/?s={search_term_string}\"},\"query-input\":{\"@type\":\"PropertyValueSpecification\",\"valueRequired\":true,\"valueName\":\"search_term_string\"}}],\"inLanguage\":\"cs\"}]}<\/script>\n<!-- \/ Yoast SEO plugin. -->","yoast_head_json":{"title":"Vr\u00e1cen\u00ed Zdarma P\u0159\u00edst\u0159e\u0161ek na popelnice HORY B 1,75 m2 antracit IWH-10230031 -","robots":{"index":"index","follow":"follow","max-snippet":"max-snippet:-1","max-image-preview":"max-image-preview:large","max-video-preview":"max-video-preview:-1"},"canonical":"https:\/\/www.domstavpro.com\/index.php\/produkt\/vraceni-zdarma-pristresek-na-popelnice-hory-b-1-75-m2-antracit-iwh-10230031-16317\/","og_locale":"cs_CZ","og_type":"article","og_title":"Vr\u00e1cen\u00ed Zdarma P\u0159\u00edst\u0159e\u0161ek na popelnice HORY B 1,75 m2 antracit IWH-10230031 -","og_description":"P\u0159\u00edst\u0159e\u0161ek na popelnice HORY B 1,75 m&sup2; antracit IWH-10230031 Zahradn\u00ed domek HORY B D\u00edky v\u00edku s\u00a0asistenc\u00ed plynov\u00e9 pru\u017einy a\u00a0\u00fahledn\u00e9mu designu se jedn\u00e1 o\u00a0 praktick\u00fd univerz\u00e1ln\u00ed p\u0159\u00edst\u0159e\u0161kem na odpadkov\u00e9 ko\u0161e, zahradn\u00ed n\u00e1\u0159ad\u00ed, hra\u010dky atd. Pomoc\u00ed prov\u00e1zk\u016f a\u00a0klip\u016f lze kryt odpadkov\u00e9ho ko\u0161e otev\u00edrat sou\u010dasn\u011b s\u00a0v\u00edkem k\u016flny.\u00a0 Hlavn\u00ed p\u0159ednosti: \u017d\u00e1rov\u011b pozinkovan\u00e1 ocel V\u00fdklopn\u00e9 v\u00edko se snadn\u00fdm ovl\u00e1d\u00e1n\u00edm pomoc\u00ed [&hellip;]","og_url":"https:\/\/www.domstavpro.com\/index.php\/produkt\/vraceni-zdarma-pristresek-na-popelnice-hory-b-1-75-m2-antracit-iwh-10230031-16317\/","og_image":[{"width":1000,"height":525,"url":"https:\/\/www.domstavpro.com\/wp-content\/uploads\/2026\/SK0027362-CZ20260425-093449-0-1777080896-pristresek-na-popelnice-hory-b-1-75-m2-antracit-iwh-1023003.webp","type":"image\/webp"}],"twitter_card":"summary_large_image","twitter_misc":{"Odhadovan\u00e1 doba \u010dten\u00ed":"1 minuta"},"schema":{"@context":"https:\/\/schema.org","@graph":[{"@type":"WebPage","@id":"https:\/\/www.domstavpro.com\/index.php\/produkt\/vraceni-zdarma-pristresek-na-popelnice-hory-b-1-75-m2-antracit-iwh-10230031-16317\/","url":"https:\/\/www.domstavpro.com\/index.php\/produkt\/vraceni-zdarma-pristresek-na-popelnice-hory-b-1-75-m2-antracit-iwh-10230031-16317\/","name":"Vr\u00e1cen\u00ed Zdarma P\u0159\u00edst\u0159e\u0161ek na popelnice HORY B 1,75 m2 antracit IWH-10230031 -","isPartOf":{"@id":"https:\/\/www.domstavpro.com\/#website"},"primaryImageOfPage":{"@id":"https:\/\/www.domstavpro.com\/index.php\/produkt\/vraceni-zdarma-pristresek-na-popelnice-hory-b-1-75-m2-antracit-iwh-10230031-16317\/#primaryimage"},"image":{"@id":"https:\/\/www.domstavpro.com\/index.php\/produkt\/vraceni-zdarma-pristresek-na-popelnice-hory-b-1-75-m2-antracit-iwh-10230031-16317\/#primaryimage"},"thumbnailUrl":"https:\/\/www.domstavpro.com\/wp-content\/uploads\/2026\/SK0027362-CZ20260425-093449-0-1777080896-pristresek-na-popelnice-hory-b-1-75-m2-antracit-iwh-1023003.webp","datePublished":"2026-04-27T15:08:31+00:00","breadcrumb":{"@id":"https:\/\/www.domstavpro.com\/index.php\/produkt\/vraceni-zdarma-pristresek-na-popelnice-hory-b-1-75-m2-antracit-iwh-10230031-16317\/#breadcrumb"},"inLanguage":"cs","potentialAction":[{"@type":"ReadAction","target":["https:\/\/www.domstavpro.com\/index.php\/produkt\/vraceni-zdarma-pristresek-na-popelnice-hory-b-1-75-m2-antracit-iwh-10230031-16317\/"]}]},{"@type":"ImageObject","inLanguage":"cs","@id":"https:\/\/www.domstavpro.com\/index.php\/produkt\/vraceni-zdarma-pristresek-na-popelnice-hory-b-1-75-m2-antracit-iwh-10230031-16317\/#primaryimage","url":"https:\/\/www.domstavpro.com\/wp-content\/uploads\/2026\/SK0027362-CZ20260425-093449-0-1777080896-pristresek-na-popelnice-hory-b-1-75-m2-antracit-iwh-1023003.webp","contentUrl":"https:\/\/www.domstavpro.com\/wp-content\/uploads\/2026\/SK0027362-CZ20260425-093449-0-1777080896-pristresek-na-popelnice-hory-b-1-75-m2-antracit-iwh-1023003.webp","width":1000,"height":525},{"@type":"BreadcrumbList","@id":"https:\/\/www.domstavpro.com\/index.php\/produkt\/vraceni-zdarma-pristresek-na-popelnice-hory-b-1-75-m2-antracit-iwh-10230031-16317\/#breadcrumb","itemListElement":[{"@type":"ListItem","position":1,"name":"Home","item":"https:\/\/www.domstavpro.com\/"},{"@type":"ListItem","position":2,"name":"Products","item":"https:\/\/www.domstavpro.com\/index.php\/products\/"},{"@type":"ListItem","position":3,"name":"Vr\u00e1cen\u00ed Zdarma P\u0159\u00edst\u0159e\u0161ek na popelnice HORY B 1,75 m2 antracit IWH-10230031"}]},{"@type":"WebSite","@id":"https:\/\/www.domstavpro.com\/#website","url":"https:\/\/www.domstavpro.com\/","name":"","description":"","potentialAction":[{"@type":"SearchAction","target":{"@type":"EntryPoint","urlTemplate":"https:\/\/www.domstavpro.com\/?s={search_term_string}"},"query-input":{"@type":"PropertyValueSpecification","valueRequired":true,"valueName":"search_term_string"}}],"inLanguage":"cs"}]}},"_links":{"self":[{"href":"https:\/\/www.domstavpro.com\/index.php\/wp-json\/wp\/v2\/product\/16317","targetHints":{"allow":["GET"]}}],"collection":[{"href":"https:\/\/www.domstavpro.com\/index.php\/wp-json\/wp\/v2\/product"}],"about":[{"href":"https:\/\/www.domstavpro.com\/index.php\/wp-json\/wp\/v2\/types\/product"}],"replies":[{"embeddable":true,"href":"https:\/\/www.domstavpro.com\/index.php\/wp-json\/wp\/v2\/comments?post=16317"}],"wp:featuredmedia":[{"embeddable":true,"href":"https:\/\/www.domstavpro.com\/index.php\/wp-json\/wp\/v2\/media\/16417"}],"wp:attachment":[{"href":"https:\/\/www.domstavpro.com\/index.php\/wp-json\/wp\/v2\/media?parent=16317"}],"wp:term":[{"taxonomy":"product_brand","embeddable":true,"href":"https:\/\/www.domstavpro.com\/index.php\/wp-json\/wp\/v2\/product_brand?post=16317"},{"taxonomy":"product_cat","embeddable":true,"href":"https:\/\/www.domstavpro.com\/index.php\/wp-json\/wp\/v2\/product_cat?post=16317"},{"taxonomy":"product_tag","embeddable":true,"href":"https:\/\/www.domstavpro.com\/index.php\/wp-json\/wp\/v2\/product_tag?post=16317"}],"curies":[{"name":"wp","href":"https:\/\/api.w.org\/{rel}","templated":true}]}}