{"id":16316,"date":"2026-04-27T15:08:31","date_gmt":"2026-04-27T15:08:31","guid":{"rendered":""},"modified":"2026-04-27T15:08:31","modified_gmt":"2026-04-27T15:08:31","slug":"originalni-pristresek-na-jizdni-kola-notos-b-4-02-m2-antracit-iwh-10230030-16316","status":"publish","type":"product","link":"https:\/\/www.domstavpro.com\/index.php\/produkt\/originalni-pristresek-na-jizdni-kola-notos-b-4-02-m2-antracit-iwh-10230030-16316\/","title":{"rendered":"Origin\u00e1ln\u00ed P\u0159\u00edst\u0159e\u0161ek na j\u00edzdn\u00ed kola NOTOS B 4,02 m2 antracit IWH-10230030"},"content":{"rendered":"<div id=\"e8184178\" class=\"pages\">\n<div>\n<div id=\"PDDescription\" class=\"UserContentView userContent v1a v1 bs-view dcon dc164 PDDescription\" ><dc-con><dc-con><bs-empty><\/bs-empty><\/dc-con><dc-con>        <\/p>\n<div class=\"customDescription\">                    <\/div>\n<p><\/dc-con><dc-con>P\u0159\u00edst\u0159e\u0161ek na j\u00edzdn\u00ed kola NOTOS B 4,02 m&sup2; antracit IWH-10230030<\/dc-con><\/dc-con><\/div>\n<div id=\"PDDescription2\" class=\"UserContentView userContent v1a v1 bs-view dcon dc165 PDDescription2\" >\n<p><strong>Zahradn\u00ed domek NOTOS B<\/strong><\/p>\n<p     >je skv\u011bl\u00fdm \u0159e\u0161en\u00edm k\u00a0ukl\u00e1d\u00e1n\u00ed Va\u0161ich kol. Jeho modern\u00ed design se hod\u00ed do ka\u017ed\u00e9 zahrady. Je prostorn\u00fd, odoln\u00fd, bez hniloby a\u00a0hlodavc\u016f, bez \u00fadr\u017eby.\u00a0\u00a0<\/p>\n<p     ><strong>Hlavn\u00ed p\u0159ednosti:<\/strong><\/p>\n<p     ><strong>2\u00a0V\u00fdklopn\u00e9 dve\u0159e .<\/strong><\/p>\n<p     ><strong>Chytr\u00e1 konstrukce kolejnic a\u00a0stojan\u016f s\u00a0jedn\u00edm zasunut\u00edm umo\u017e\u0148uje rychl\u00fd a\u00a0snadn\u00fd p\u0159\u00edstup k\u00a0j\u00edzdn\u00edm kol\u016fm<\/strong><\/p>\n<p     ><strong>Bezpe\u010dn\u00fd z\u00e1mek: ovl\u00e1dan\u00fd kl\u00ed\u010dem, kter\u00fd se p\u0159i\u0161roubuje k\u00a0horn\u00ed i\u00a0spodn\u00ed \u010d\u00e1sti dve\u0159\u00ed (kl\u00ed\u010de jsou sou\u010d\u00e1st\u00ed dod\u00e1vky)<\/strong><\/p>\n<p     ><strong>Pultov\u00e1 st\u0159echa s\u00a0v\u00fdklopn\u00fdmi \u0161irok\u00fdmi dvojit\u00fdmi dve\u0159mi, bez oken pro lep\u0161\u00ed soukrom\u00ed<\/strong><strong><br     \/><\/strong><\/p>\n<p     ><strong>je vyroben z\u00a0\u017e\u00e1rov\u011b pozinkovan\u00e9 oceli a\u00a0je ide\u00e1ln\u00edm \u0159e\u0161en\u00edm pro skladov\u00e1n\u00ed j\u00edzdn\u00edch kol, kter\u00e9 je vybaveno kolejnicemi s\u00a0jedn\u00edm zasunut\u00edm pro rychl\u00e9 a\u00a0snadn\u00e9 skladov\u00e1n\u00ed.\u00a0<\/strong><\/p>\n<p     ><strong>Snadn\u00e9 sestaven\u00ed pomoc\u00ed manu\u00e1lu<\/strong><\/p>\n<p     ><strong>Rozm\u011bry:<\/strong><\/p>\n<ul     >\n<li     >celkov\u00e1 v\u00fd\u0161ka: 157 cm<\/li>\n<li     >v\u00fd\u0161ka dve\u0159\u00ed. 142 cm<\/li>\n<li     >celkov\u00e1 \u0161\u00ed\u0159ka bez st\u0159echy: 203 cm<\/li>\n<li     >celkov\u00e1 \u0161\u00ed\u0159ka se st\u0159echou: 203 cm<\/li>\n<li     >\u0161\u00ed\u0159ka dve\u0159\u00ed: 189 cm<\/li>\n<li     >d\u00e9lka\/hloubka bez st\u0159echy: 189 cm<\/li>\n<li     >d\u00e9lka\/hloubka se st\u0159echou: 189 cm<\/li>\n<\/ul>\n<\/div><\/div>\n<div id=\"PDTable3\" class=\"ProductDetailTableView v3a v3 bs-view dcon dc185 PDTable3\" >\n<table>\n<thead><\/thead>\n<tbody>\n<tr class=\"attribute attr_Podlahova attr_konstrukce\">\n<td class=\"caption\">podlahova konstrukce<\/td>\n<td class=\"value\">Ne<\/td>\n<\/tr>\n<tr class=\"attribute attr_material\">\n<td class=\"caption\">Materi\u00e1l<\/td>\n<td class=\"value\">kov<\/td>\n<\/tr>\n<tr class=\"attribute attr_bsshop_maker\">\n<td class=\"caption\">V\u00fdrobce<\/td>\n<td class=\"value\">IWHome<\/td>\n<\/tr>\n<tr class=\"attribute attr_kategorie\">\n<td class=\"caption\">Kategorie<\/td>\n<td class=\"value\">Zahradn\u00ed domky<\/td>\n<\/tr>\n<tr class=\"attribute attr_vyska attr_cm\">\n<td class=\"caption\">V\u00fd\u0161ka v cm<\/td>\n<td class=\"value\">157<\/td>\n<\/tr>\n<tr class=\"attribute attr_hloubka attr_delka attr_vnitrni attr_cm\">\n<td class=\"caption\">Hloubka \/ D\u00e9lka &#8211; Vnit\u0159n\u00ed (cm)<\/td>\n<td class=\"value\">189<\/td>\n<\/tr>\n<tr class=\"attribute attr_hloubka attr_delka attr_vnejsi attr_cm\">\n<td class=\"caption\">Hloubka \/ D\u00e9lka &#8211; Vn\u011bj\u0161\u00ed (cm)<\/td>\n<td class=\"value\">189<\/td>\n<\/tr>\n<tr class=\"attribute attr_sirka attr_vnitrni attr_cm\">\n<td class=\"caption\">\u0160\u00ed\u0159ka &#8211; Vnit\u0159n\u00ed (cm)<\/td>\n<td class=\"value\">189<\/td>\n<\/tr>\n<tr class=\"attribute attr_sirka attr_vnejsi attr_cm\">\n<td class=\"caption\">\u0160\u00ed\u0159ka &#8211; Vn\u011bj\u0161\u00ed (cm)<\/td>\n<td class=\"value\">203<\/td>\n<\/tr>\n<tr class=\"attribute attr_vyska attr_dveri\">\n<td class=\"caption\">V\u00fd\u0161ka dve\u0159\u00ed (cm)<\/td>\n<td class=\"value\">142<\/td>\n<\/tr>\n<tr class=\"attribute attr_zastavena attr_plocha\">\n<td class=\"caption\">Zastav\u011bn\u00e1 plocha (m2)<\/td>\n<td class=\"value\">4,02<\/td>\n<\/tr>\n<tr class=\"attribute attr_sirka attr_dveri\">\n<td class=\"caption\">\u0160\u00ed\u0159ka dve\u0159\u00ed (cm)<\/td>\n<td class=\"value\">189<\/td>\n<\/tr>\n<tr class=\"weight\">\n<td class=\"caption\"><span>Hmotnost<\/span><\/td>\n<td class=\"value\"><span>60,00 kg<\/span><\/td>\n<\/tr>\n<\/tbody>\n<\/table>\n<\/div>\n<\/div>\n<div id=\"e8184179\" class=\"tabs\">\n","protected":false},"excerpt":{"rendered":"<p>P\u0159\u00edst\u0159e\u0161ek na j\u00edzdn\u00ed kola NOTOS B 4,02 m&sup2; antracit IWH-10230030 Zahradn\u00ed domek NOTOS B je skv\u011bl\u00fdm \u0159e\u0161en\u00edm k\u00a0ukl\u00e1d\u00e1n\u00ed Va\u0161ich kol. Jeho modern\u00ed design se hod\u00ed do ka\u017ed\u00e9 zahrady. Je prostorn\u00fd, odoln\u00fd, bez hniloby a\u00a0hlodavc\u016f, bez \u00fadr\u017eby.\u00a0\u00a0 Hlavn\u00ed p\u0159ednosti: 2\u00a0V\u00fdklopn\u00e9 dve\u0159e . Chytr\u00e1 konstrukce kolejnic a\u00a0stojan\u016f s\u00a0jedn\u00edm zasunut\u00edm umo\u017e\u0148uje rychl\u00fd a\u00a0snadn\u00fd p\u0159\u00edstup k\u00a0j\u00edzdn\u00edm kol\u016fm Bezpe\u010dn\u00fd z\u00e1mek: [&hellip;]<\/p>\n","protected":false},"featured_media":16416,"comment_status":"open","ping_status":"open","template":"","meta":[],"product_brand":[],"product_cat":[66],"product_tag":[],"class_list":{"0":"post-16316","1":"product","2":"type-product","3":"status-publish","4":"has-post-thumbnail","6":"product_cat-pochutiny-dum-a-zahrada","8":"first","9":"instock","10":"sale","11":"shipping-taxable","12":"purchasable","13":"product-type-simple"},"yoast_head":"<!-- This site is optimized with the Yoast SEO plugin v26.8 - https:\/\/yoast.com\/product\/yoast-seo-wordpress\/ -->\n<title>Origin\u00e1ln\u00ed P\u0159\u00edst\u0159e\u0161ek na j\u00edzdn\u00ed kola NOTOS B 4,02 m2 antracit IWH-10230030 -<\/title>\n<meta name=\"robots\" content=\"index, follow, max-snippet:-1, max-image-preview:large, max-video-preview:-1\" \/>\n<link rel=\"canonical\" href=\"https:\/\/www.domstavpro.com\/index.php\/produkt\/originalni-pristresek-na-jizdni-kola-notos-b-4-02-m2-antracit-iwh-10230030-16316\/\" \/>\n<meta property=\"og:locale\" content=\"cs_CZ\" \/>\n<meta property=\"og:type\" content=\"article\" \/>\n<meta property=\"og:title\" content=\"Origin\u00e1ln\u00ed P\u0159\u00edst\u0159e\u0161ek na j\u00edzdn\u00ed kola NOTOS B 4,02 m2 antracit IWH-10230030 -\" \/>\n<meta property=\"og:description\" content=\"P\u0159\u00edst\u0159e\u0161ek na j\u00edzdn\u00ed kola NOTOS B 4,02 m&sup2; antracit IWH-10230030 Zahradn\u00ed domek NOTOS B je skv\u011bl\u00fdm \u0159e\u0161en\u00edm k\u00a0ukl\u00e1d\u00e1n\u00ed Va\u0161ich kol. Jeho modern\u00ed design se hod\u00ed do ka\u017ed\u00e9 zahrady. Je prostorn\u00fd, odoln\u00fd, bez hniloby a\u00a0hlodavc\u016f, bez \u00fadr\u017eby.\u00a0\u00a0 Hlavn\u00ed p\u0159ednosti: 2\u00a0V\u00fdklopn\u00e9 dve\u0159e . Chytr\u00e1 konstrukce kolejnic a\u00a0stojan\u016f s\u00a0jedn\u00edm zasunut\u00edm umo\u017e\u0148uje rychl\u00fd a\u00a0snadn\u00fd p\u0159\u00edstup k\u00a0j\u00edzdn\u00edm kol\u016fm Bezpe\u010dn\u00fd z\u00e1mek: [&hellip;]\" \/>\n<meta property=\"og:url\" content=\"https:\/\/www.domstavpro.com\/index.php\/produkt\/originalni-pristresek-na-jizdni-kola-notos-b-4-02-m2-antracit-iwh-10230030-16316\/\" \/>\n<meta property=\"og:image\" content=\"https:\/\/www.domstavpro.com\/wp-content\/uploads\/2026\/SK0027361-CZ20260425-093449-0-1777080896-pristresek-na-jizdni-kola-notos-b-4-02-m2-antracit-iwh-1023.webp\" \/>\n\t<meta property=\"og:image:width\" content=\"1000\" \/>\n\t<meta property=\"og:image:height\" content=\"525\" \/>\n\t<meta property=\"og:image:type\" content=\"image\/webp\" \/>\n<meta name=\"twitter:card\" content=\"summary_large_image\" \/>\n<meta name=\"twitter:label1\" content=\"Odhadovan\u00e1 doba \u010dten\u00ed\" \/>\n\t<meta name=\"twitter:data1\" content=\"1 minuta\" \/>\n<script type=\"application\/ld+json\" class=\"yoast-schema-graph\">{\"@context\":\"https:\/\/schema.org\",\"@graph\":[{\"@type\":\"WebPage\",\"@id\":\"https:\/\/www.domstavpro.com\/index.php\/produkt\/originalni-pristresek-na-jizdni-kola-notos-b-4-02-m2-antracit-iwh-10230030-16316\/\",\"url\":\"https:\/\/www.domstavpro.com\/index.php\/produkt\/originalni-pristresek-na-jizdni-kola-notos-b-4-02-m2-antracit-iwh-10230030-16316\/\",\"name\":\"Origin\u00e1ln\u00ed P\u0159\u00edst\u0159e\u0161ek na j\u00edzdn\u00ed kola NOTOS B 4,02 m2 antracit IWH-10230030 -\",\"isPartOf\":{\"@id\":\"https:\/\/www.domstavpro.com\/#website\"},\"primaryImageOfPage\":{\"@id\":\"https:\/\/www.domstavpro.com\/index.php\/produkt\/originalni-pristresek-na-jizdni-kola-notos-b-4-02-m2-antracit-iwh-10230030-16316\/#primaryimage\"},\"image\":{\"@id\":\"https:\/\/www.domstavpro.com\/index.php\/produkt\/originalni-pristresek-na-jizdni-kola-notos-b-4-02-m2-antracit-iwh-10230030-16316\/#primaryimage\"},\"thumbnailUrl\":\"https:\/\/www.domstavpro.com\/wp-content\/uploads\/2026\/SK0027361-CZ20260425-093449-0-1777080896-pristresek-na-jizdni-kola-notos-b-4-02-m2-antracit-iwh-1023.webp\",\"datePublished\":\"2026-04-27T15:08:31+00:00\",\"breadcrumb\":{\"@id\":\"https:\/\/www.domstavpro.com\/index.php\/produkt\/originalni-pristresek-na-jizdni-kola-notos-b-4-02-m2-antracit-iwh-10230030-16316\/#breadcrumb\"},\"inLanguage\":\"cs\",\"potentialAction\":[{\"@type\":\"ReadAction\",\"target\":[\"https:\/\/www.domstavpro.com\/index.php\/produkt\/originalni-pristresek-na-jizdni-kola-notos-b-4-02-m2-antracit-iwh-10230030-16316\/\"]}]},{\"@type\":\"ImageObject\",\"inLanguage\":\"cs\",\"@id\":\"https:\/\/www.domstavpro.com\/index.php\/produkt\/originalni-pristresek-na-jizdni-kola-notos-b-4-02-m2-antracit-iwh-10230030-16316\/#primaryimage\",\"url\":\"https:\/\/www.domstavpro.com\/wp-content\/uploads\/2026\/SK0027361-CZ20260425-093449-0-1777080896-pristresek-na-jizdni-kola-notos-b-4-02-m2-antracit-iwh-1023.webp\",\"contentUrl\":\"https:\/\/www.domstavpro.com\/wp-content\/uploads\/2026\/SK0027361-CZ20260425-093449-0-1777080896-pristresek-na-jizdni-kola-notos-b-4-02-m2-antracit-iwh-1023.webp\",\"width\":1000,\"height\":525},{\"@type\":\"BreadcrumbList\",\"@id\":\"https:\/\/www.domstavpro.com\/index.php\/produkt\/originalni-pristresek-na-jizdni-kola-notos-b-4-02-m2-antracit-iwh-10230030-16316\/#breadcrumb\",\"itemListElement\":[{\"@type\":\"ListItem\",\"position\":1,\"name\":\"Home\",\"item\":\"https:\/\/www.domstavpro.com\/\"},{\"@type\":\"ListItem\",\"position\":2,\"name\":\"Products\",\"item\":\"https:\/\/www.domstavpro.com\/index.php\/products\/\"},{\"@type\":\"ListItem\",\"position\":3,\"name\":\"Origin\u00e1ln\u00ed P\u0159\u00edst\u0159e\u0161ek na j\u00edzdn\u00ed kola NOTOS B 4,02 m2 antracit IWH-10230030\"}]},{\"@type\":\"WebSite\",\"@id\":\"https:\/\/www.domstavpro.com\/#website\",\"url\":\"https:\/\/www.domstavpro.com\/\",\"name\":\"\",\"description\":\"\",\"potentialAction\":[{\"@type\":\"SearchAction\",\"target\":{\"@type\":\"EntryPoint\",\"urlTemplate\":\"https:\/\/www.domstavpro.com\/?s={search_term_string}\"},\"query-input\":{\"@type\":\"PropertyValueSpecification\",\"valueRequired\":true,\"valueName\":\"search_term_string\"}}],\"inLanguage\":\"cs\"}]}<\/script>\n<!-- \/ Yoast SEO plugin. -->","yoast_head_json":{"title":"Origin\u00e1ln\u00ed P\u0159\u00edst\u0159e\u0161ek na j\u00edzdn\u00ed kola NOTOS B 4,02 m2 antracit IWH-10230030 -","robots":{"index":"index","follow":"follow","max-snippet":"max-snippet:-1","max-image-preview":"max-image-preview:large","max-video-preview":"max-video-preview:-1"},"canonical":"https:\/\/www.domstavpro.com\/index.php\/produkt\/originalni-pristresek-na-jizdni-kola-notos-b-4-02-m2-antracit-iwh-10230030-16316\/","og_locale":"cs_CZ","og_type":"article","og_title":"Origin\u00e1ln\u00ed P\u0159\u00edst\u0159e\u0161ek na j\u00edzdn\u00ed kola NOTOS B 4,02 m2 antracit IWH-10230030 -","og_description":"P\u0159\u00edst\u0159e\u0161ek na j\u00edzdn\u00ed kola NOTOS B 4,02 m&sup2; antracit IWH-10230030 Zahradn\u00ed domek NOTOS B je skv\u011bl\u00fdm \u0159e\u0161en\u00edm k\u00a0ukl\u00e1d\u00e1n\u00ed Va\u0161ich kol. Jeho modern\u00ed design se hod\u00ed do ka\u017ed\u00e9 zahrady. Je prostorn\u00fd, odoln\u00fd, bez hniloby a\u00a0hlodavc\u016f, bez \u00fadr\u017eby.\u00a0\u00a0 Hlavn\u00ed p\u0159ednosti: 2\u00a0V\u00fdklopn\u00e9 dve\u0159e . Chytr\u00e1 konstrukce kolejnic a\u00a0stojan\u016f s\u00a0jedn\u00edm zasunut\u00edm umo\u017e\u0148uje rychl\u00fd a\u00a0snadn\u00fd p\u0159\u00edstup k\u00a0j\u00edzdn\u00edm kol\u016fm Bezpe\u010dn\u00fd z\u00e1mek: [&hellip;]","og_url":"https:\/\/www.domstavpro.com\/index.php\/produkt\/originalni-pristresek-na-jizdni-kola-notos-b-4-02-m2-antracit-iwh-10230030-16316\/","og_image":[{"width":1000,"height":525,"url":"https:\/\/www.domstavpro.com\/wp-content\/uploads\/2026\/SK0027361-CZ20260425-093449-0-1777080896-pristresek-na-jizdni-kola-notos-b-4-02-m2-antracit-iwh-1023.webp","type":"image\/webp"}],"twitter_card":"summary_large_image","twitter_misc":{"Odhadovan\u00e1 doba \u010dten\u00ed":"1 minuta"},"schema":{"@context":"https:\/\/schema.org","@graph":[{"@type":"WebPage","@id":"https:\/\/www.domstavpro.com\/index.php\/produkt\/originalni-pristresek-na-jizdni-kola-notos-b-4-02-m2-antracit-iwh-10230030-16316\/","url":"https:\/\/www.domstavpro.com\/index.php\/produkt\/originalni-pristresek-na-jizdni-kola-notos-b-4-02-m2-antracit-iwh-10230030-16316\/","name":"Origin\u00e1ln\u00ed P\u0159\u00edst\u0159e\u0161ek na j\u00edzdn\u00ed kola NOTOS B 4,02 m2 antracit IWH-10230030 -","isPartOf":{"@id":"https:\/\/www.domstavpro.com\/#website"},"primaryImageOfPage":{"@id":"https:\/\/www.domstavpro.com\/index.php\/produkt\/originalni-pristresek-na-jizdni-kola-notos-b-4-02-m2-antracit-iwh-10230030-16316\/#primaryimage"},"image":{"@id":"https:\/\/www.domstavpro.com\/index.php\/produkt\/originalni-pristresek-na-jizdni-kola-notos-b-4-02-m2-antracit-iwh-10230030-16316\/#primaryimage"},"thumbnailUrl":"https:\/\/www.domstavpro.com\/wp-content\/uploads\/2026\/SK0027361-CZ20260425-093449-0-1777080896-pristresek-na-jizdni-kola-notos-b-4-02-m2-antracit-iwh-1023.webp","datePublished":"2026-04-27T15:08:31+00:00","breadcrumb":{"@id":"https:\/\/www.domstavpro.com\/index.php\/produkt\/originalni-pristresek-na-jizdni-kola-notos-b-4-02-m2-antracit-iwh-10230030-16316\/#breadcrumb"},"inLanguage":"cs","potentialAction":[{"@type":"ReadAction","target":["https:\/\/www.domstavpro.com\/index.php\/produkt\/originalni-pristresek-na-jizdni-kola-notos-b-4-02-m2-antracit-iwh-10230030-16316\/"]}]},{"@type":"ImageObject","inLanguage":"cs","@id":"https:\/\/www.domstavpro.com\/index.php\/produkt\/originalni-pristresek-na-jizdni-kola-notos-b-4-02-m2-antracit-iwh-10230030-16316\/#primaryimage","url":"https:\/\/www.domstavpro.com\/wp-content\/uploads\/2026\/SK0027361-CZ20260425-093449-0-1777080896-pristresek-na-jizdni-kola-notos-b-4-02-m2-antracit-iwh-1023.webp","contentUrl":"https:\/\/www.domstavpro.com\/wp-content\/uploads\/2026\/SK0027361-CZ20260425-093449-0-1777080896-pristresek-na-jizdni-kola-notos-b-4-02-m2-antracit-iwh-1023.webp","width":1000,"height":525},{"@type":"BreadcrumbList","@id":"https:\/\/www.domstavpro.com\/index.php\/produkt\/originalni-pristresek-na-jizdni-kola-notos-b-4-02-m2-antracit-iwh-10230030-16316\/#breadcrumb","itemListElement":[{"@type":"ListItem","position":1,"name":"Home","item":"https:\/\/www.domstavpro.com\/"},{"@type":"ListItem","position":2,"name":"Products","item":"https:\/\/www.domstavpro.com\/index.php\/products\/"},{"@type":"ListItem","position":3,"name":"Origin\u00e1ln\u00ed P\u0159\u00edst\u0159e\u0161ek na j\u00edzdn\u00ed kola NOTOS B 4,02 m2 antracit IWH-10230030"}]},{"@type":"WebSite","@id":"https:\/\/www.domstavpro.com\/#website","url":"https:\/\/www.domstavpro.com\/","name":"","description":"","potentialAction":[{"@type":"SearchAction","target":{"@type":"EntryPoint","urlTemplate":"https:\/\/www.domstavpro.com\/?s={search_term_string}"},"query-input":{"@type":"PropertyValueSpecification","valueRequired":true,"valueName":"search_term_string"}}],"inLanguage":"cs"}]}},"_links":{"self":[{"href":"https:\/\/www.domstavpro.com\/index.php\/wp-json\/wp\/v2\/product\/16316","targetHints":{"allow":["GET"]}}],"collection":[{"href":"https:\/\/www.domstavpro.com\/index.php\/wp-json\/wp\/v2\/product"}],"about":[{"href":"https:\/\/www.domstavpro.com\/index.php\/wp-json\/wp\/v2\/types\/product"}],"replies":[{"embeddable":true,"href":"https:\/\/www.domstavpro.com\/index.php\/wp-json\/wp\/v2\/comments?post=16316"}],"wp:featuredmedia":[{"embeddable":true,"href":"https:\/\/www.domstavpro.com\/index.php\/wp-json\/wp\/v2\/media\/16416"}],"wp:attachment":[{"href":"https:\/\/www.domstavpro.com\/index.php\/wp-json\/wp\/v2\/media?parent=16316"}],"wp:term":[{"taxonomy":"product_brand","embeddable":true,"href":"https:\/\/www.domstavpro.com\/index.php\/wp-json\/wp\/v2\/product_brand?post=16316"},{"taxonomy":"product_cat","embeddable":true,"href":"https:\/\/www.domstavpro.com\/index.php\/wp-json\/wp\/v2\/product_cat?post=16316"},{"taxonomy":"product_tag","embeddable":true,"href":"https:\/\/www.domstavpro.com\/index.php\/wp-json\/wp\/v2\/product_tag?post=16316"}],"curies":[{"name":"wp","href":"https:\/\/api.w.org\/{rel}","templated":true}]}}