{"id":16315,"date":"2026-04-27T15:08:31","date_gmt":"2026-04-27T15:08:31","guid":{"rendered":""},"modified":"2026-04-27T15:08:31","modified_gmt":"2026-04-27T15:08:31","slug":"rychle-dodani-pristresek-na-drevo-plechovy-hestia-aw-c-svetle-seda-iwh-10230027-16315","status":"publish","type":"product","link":"https:\/\/www.domstavpro.com\/index.php\/produkt\/rychle-dodani-pristresek-na-drevo-plechovy-hestia-aw-c-svetle-seda-iwh-10230027-16315\/","title":{"rendered":"Rychl\u00e9 Dod\u00e1n\u00ed P\u0159\u00edst\u0159e\u0161ek na d\u0159evo plechov\u00fd HESTIA AW-C sv\u011btle \u0161ed\u00e1 IWH-10230027"},"content":{"rendered":"<div id=\"e7573626\" class=\"pages\">\n<div>\n<div id=\"PDDescription\" class=\"UserContentView userContent v1a v1 bs-view dcon dc164 PDDescription\" ><dc-con><dc-con><bs-empty><\/bs-empty><\/dc-con><dc-con>        <\/p>\n<div class=\"customDescription\">                    <\/div>\n<p><\/dc-con><dc-con>P\u0159\u00edst\u0159e\u0161ek na d\u0159evo plechov\u00fd HESTIA AW-C sv\u011btle \u0161ed\u00e1 IWH-10230027<\/dc-con><\/dc-con><\/div>\n<div id=\"PDDescription2\" class=\"UserContentView userContent v1a v1 bs-view dcon dc165 PDDescription2\" >\n<p><strong>P\u0159\u00edst\u0159e\u0161ek na d\u0159evo plechov\u00fd HESTIA AW-C<\/strong><\/p>\n<p     >je skv\u011bl\u00fdm \u0159e\u0161en\u00edm k\u00a0uskladn\u011bn\u00ed va\u0161eho d\u0159eva. Jeho modern\u00ed design se hod\u00ed do ka\u017ed\u00e9 zahrady. M\u00e1 jednoduch\u00fd, ale elegantn\u00ed design.<\/p>\n<p     ><strong>Hlavn\u00ed p\u0159ednosti:<\/strong><\/p>\n<div     >\n<ul     >\n<li     ><strong>vyroben z\u00a0kvalitn\u00edch ocelov\u00fdch plech\u016f\u00a0<\/strong><\/li>\n<\/ul>\n<\/div>\n<p><strong>\u00a0 \u00a0 \u00a0 \u00a0 Pent st\u0159echa\u00a0 &#8211;\u00a0 p<\/strong><strong>ro snadn\u011bj\u0161\u00ed odvod vody a\u00a0sn\u011bhu<\/strong><\/p>\n<ul     >\n<li     ><strong>robustn\u00ed a\u00a0stabiln\u00ed struktura<\/strong><\/li>\n<li     ><strong>otev\u0159en\u00fd p\u0159edn\u00ed design umo\u017e\u0148uj\u00edc\u00ed rychl\u00fd a\u00a0snadn\u00fd p\u0159\u00edstup<\/strong><\/li>\n<li     ><strong>snadn\u00e9 sestaven\u00ed pomoc\u00ed manu\u00e1lu<\/strong><\/li>\n<\/ul>\n<p     ><strong>Rozm\u011bry:<\/strong><\/p>\n<ul     >\n<li     >celkov\u00e1 v\u00fd\u0161ka: 190 cm<\/li>\n<li     >celkov\u00e1 \u0161\u00ed\u0159ka bez st\u0159echy: 290 cm<\/li>\n<li     >celkov\u00e1 \u0161\u00ed\u0159ka se st\u0159echou: 302 cm<\/li>\n<li     >d\u00e9lka\/hloubka bez st\u0159echy: 105 cm<\/li>\n<li     >d\u00e9lka\/hloubka se st\u0159echou: 119 cm<\/li>\n<\/ul>\n<\/div><\/div>\n<div id=\"PDTable3\" class=\"ProductDetailTableView v3a v3 bs-view dcon dc185 PDTable3\" >\n<table>\n<thead><\/thead>\n<tbody>\n<tr class=\"attribute attr_bsshop_maker\">\n<td class=\"caption\">V\u00fdrobce<\/td>\n<td class=\"value\">IWHome<\/td>\n<\/tr>\n<tr class=\"weight\">\n<td class=\"caption\"><span>Hmotnost<\/span><\/td>\n<td class=\"value\"><span>33,00 kg<\/span><\/td>\n<\/tr>\n<\/tbody>\n<\/table>\n<\/div>\n<\/div>\n<div id=\"e7573627\" class=\"tabs\">\n","protected":false},"excerpt":{"rendered":"<p>P\u0159\u00edst\u0159e\u0161ek na d\u0159evo plechov\u00fd HESTIA AW-C sv\u011btle \u0161ed\u00e1 IWH-10230027 P\u0159\u00edst\u0159e\u0161ek na d\u0159evo plechov\u00fd HESTIA AW-C je skv\u011bl\u00fdm \u0159e\u0161en\u00edm k\u00a0uskladn\u011bn\u00ed va\u0161eho d\u0159eva. Jeho modern\u00ed design se hod\u00ed do ka\u017ed\u00e9 zahrady. M\u00e1 jednoduch\u00fd, ale elegantn\u00ed design. Hlavn\u00ed p\u0159ednosti: vyroben z\u00a0kvalitn\u00edch ocelov\u00fdch plech\u016f\u00a0 \u00a0 \u00a0 \u00a0 \u00a0 Pent st\u0159echa\u00a0 &#8211;\u00a0 pro snadn\u011bj\u0161\u00ed odvod vody a\u00a0sn\u011bhu robustn\u00ed a\u00a0stabiln\u00ed struktura [&hellip;]<\/p>\n","protected":false},"featured_media":16415,"comment_status":"open","ping_status":"open","template":"","meta":[],"product_brand":[],"product_cat":[66],"product_tag":[],"class_list":{"0":"post-16315","1":"product","2":"type-product","3":"status-publish","4":"has-post-thumbnail","6":"product_cat-pochutiny-dum-a-zahrada","8":"first","9":"instock","10":"sale","11":"shipping-taxable","12":"purchasable","13":"product-type-simple"},"yoast_head":"<!-- This site is optimized with the Yoast SEO plugin v26.8 - https:\/\/yoast.com\/product\/yoast-seo-wordpress\/ -->\n<title>Rychl\u00e9 Dod\u00e1n\u00ed P\u0159\u00edst\u0159e\u0161ek na d\u0159evo plechov\u00fd HESTIA AW-C sv\u011btle \u0161ed\u00e1 IWH-10230027 -<\/title>\n<meta name=\"robots\" content=\"index, follow, max-snippet:-1, max-image-preview:large, max-video-preview:-1\" \/>\n<link rel=\"canonical\" href=\"https:\/\/www.domstavpro.com\/index.php\/produkt\/rychle-dodani-pristresek-na-drevo-plechovy-hestia-aw-c-svetle-seda-iwh-10230027-16315\/\" \/>\n<meta property=\"og:locale\" content=\"cs_CZ\" \/>\n<meta property=\"og:type\" content=\"article\" \/>\n<meta property=\"og:title\" content=\"Rychl\u00e9 Dod\u00e1n\u00ed P\u0159\u00edst\u0159e\u0161ek na d\u0159evo plechov\u00fd HESTIA AW-C sv\u011btle \u0161ed\u00e1 IWH-10230027 -\" \/>\n<meta property=\"og:description\" content=\"P\u0159\u00edst\u0159e\u0161ek na d\u0159evo plechov\u00fd HESTIA AW-C sv\u011btle \u0161ed\u00e1 IWH-10230027 P\u0159\u00edst\u0159e\u0161ek na d\u0159evo plechov\u00fd HESTIA AW-C je skv\u011bl\u00fdm \u0159e\u0161en\u00edm k\u00a0uskladn\u011bn\u00ed va\u0161eho d\u0159eva. Jeho modern\u00ed design se hod\u00ed do ka\u017ed\u00e9 zahrady. M\u00e1 jednoduch\u00fd, ale elegantn\u00ed design. Hlavn\u00ed p\u0159ednosti: vyroben z\u00a0kvalitn\u00edch ocelov\u00fdch plech\u016f\u00a0 \u00a0 \u00a0 \u00a0 \u00a0 Pent st\u0159echa\u00a0 &#8211;\u00a0 pro snadn\u011bj\u0161\u00ed odvod vody a\u00a0sn\u011bhu robustn\u00ed a\u00a0stabiln\u00ed struktura [&hellip;]\" \/>\n<meta property=\"og:url\" content=\"https:\/\/www.domstavpro.com\/index.php\/produkt\/rychle-dodani-pristresek-na-drevo-plechovy-hestia-aw-c-svetle-seda-iwh-10230027-16315\/\" \/>\n<meta property=\"og:image\" content=\"https:\/\/www.domstavpro.com\/wp-content\/uploads\/2026\/SK0027360-CZ20260425-093449-0-1777080896-pristresek-na-drevo-plechovy-hestia-aw-c-svetle-seda-iwh-10.webp\" \/>\n\t<meta property=\"og:image:width\" content=\"1000\" \/>\n\t<meta property=\"og:image:height\" content=\"525\" \/>\n\t<meta property=\"og:image:type\" content=\"image\/webp\" \/>\n<meta name=\"twitter:card\" content=\"summary_large_image\" \/>\n<meta name=\"twitter:label1\" content=\"Odhadovan\u00e1 doba \u010dten\u00ed\" \/>\n\t<meta name=\"twitter:data1\" content=\"1 minuta\" \/>\n<script type=\"application\/ld+json\" class=\"yoast-schema-graph\">{\"@context\":\"https:\/\/schema.org\",\"@graph\":[{\"@type\":\"WebPage\",\"@id\":\"https:\/\/www.domstavpro.com\/index.php\/produkt\/rychle-dodani-pristresek-na-drevo-plechovy-hestia-aw-c-svetle-seda-iwh-10230027-16315\/\",\"url\":\"https:\/\/www.domstavpro.com\/index.php\/produkt\/rychle-dodani-pristresek-na-drevo-plechovy-hestia-aw-c-svetle-seda-iwh-10230027-16315\/\",\"name\":\"Rychl\u00e9 Dod\u00e1n\u00ed P\u0159\u00edst\u0159e\u0161ek na d\u0159evo plechov\u00fd HESTIA AW-C sv\u011btle \u0161ed\u00e1 IWH-10230027 -\",\"isPartOf\":{\"@id\":\"https:\/\/www.domstavpro.com\/#website\"},\"primaryImageOfPage\":{\"@id\":\"https:\/\/www.domstavpro.com\/index.php\/produkt\/rychle-dodani-pristresek-na-drevo-plechovy-hestia-aw-c-svetle-seda-iwh-10230027-16315\/#primaryimage\"},\"image\":{\"@id\":\"https:\/\/www.domstavpro.com\/index.php\/produkt\/rychle-dodani-pristresek-na-drevo-plechovy-hestia-aw-c-svetle-seda-iwh-10230027-16315\/#primaryimage\"},\"thumbnailUrl\":\"https:\/\/www.domstavpro.com\/wp-content\/uploads\/2026\/SK0027360-CZ20260425-093449-0-1777080896-pristresek-na-drevo-plechovy-hestia-aw-c-svetle-seda-iwh-10.webp\",\"datePublished\":\"2026-04-27T15:08:31+00:00\",\"breadcrumb\":{\"@id\":\"https:\/\/www.domstavpro.com\/index.php\/produkt\/rychle-dodani-pristresek-na-drevo-plechovy-hestia-aw-c-svetle-seda-iwh-10230027-16315\/#breadcrumb\"},\"inLanguage\":\"cs\",\"potentialAction\":[{\"@type\":\"ReadAction\",\"target\":[\"https:\/\/www.domstavpro.com\/index.php\/produkt\/rychle-dodani-pristresek-na-drevo-plechovy-hestia-aw-c-svetle-seda-iwh-10230027-16315\/\"]}]},{\"@type\":\"ImageObject\",\"inLanguage\":\"cs\",\"@id\":\"https:\/\/www.domstavpro.com\/index.php\/produkt\/rychle-dodani-pristresek-na-drevo-plechovy-hestia-aw-c-svetle-seda-iwh-10230027-16315\/#primaryimage\",\"url\":\"https:\/\/www.domstavpro.com\/wp-content\/uploads\/2026\/SK0027360-CZ20260425-093449-0-1777080896-pristresek-na-drevo-plechovy-hestia-aw-c-svetle-seda-iwh-10.webp\",\"contentUrl\":\"https:\/\/www.domstavpro.com\/wp-content\/uploads\/2026\/SK0027360-CZ20260425-093449-0-1777080896-pristresek-na-drevo-plechovy-hestia-aw-c-svetle-seda-iwh-10.webp\",\"width\":1000,\"height\":525},{\"@type\":\"BreadcrumbList\",\"@id\":\"https:\/\/www.domstavpro.com\/index.php\/produkt\/rychle-dodani-pristresek-na-drevo-plechovy-hestia-aw-c-svetle-seda-iwh-10230027-16315\/#breadcrumb\",\"itemListElement\":[{\"@type\":\"ListItem\",\"position\":1,\"name\":\"Home\",\"item\":\"https:\/\/www.domstavpro.com\/\"},{\"@type\":\"ListItem\",\"position\":2,\"name\":\"Products\",\"item\":\"https:\/\/www.domstavpro.com\/index.php\/products\/\"},{\"@type\":\"ListItem\",\"position\":3,\"name\":\"Rychl\u00e9 Dod\u00e1n\u00ed P\u0159\u00edst\u0159e\u0161ek na d\u0159evo plechov\u00fd HESTIA AW-C sv\u011btle \u0161ed\u00e1 IWH-10230027\"}]},{\"@type\":\"WebSite\",\"@id\":\"https:\/\/www.domstavpro.com\/#website\",\"url\":\"https:\/\/www.domstavpro.com\/\",\"name\":\"\",\"description\":\"\",\"potentialAction\":[{\"@type\":\"SearchAction\",\"target\":{\"@type\":\"EntryPoint\",\"urlTemplate\":\"https:\/\/www.domstavpro.com\/?s={search_term_string}\"},\"query-input\":{\"@type\":\"PropertyValueSpecification\",\"valueRequired\":true,\"valueName\":\"search_term_string\"}}],\"inLanguage\":\"cs\"}]}<\/script>\n<!-- \/ Yoast SEO plugin. -->","yoast_head_json":{"title":"Rychl\u00e9 Dod\u00e1n\u00ed P\u0159\u00edst\u0159e\u0161ek na d\u0159evo plechov\u00fd HESTIA AW-C sv\u011btle \u0161ed\u00e1 IWH-10230027 -","robots":{"index":"index","follow":"follow","max-snippet":"max-snippet:-1","max-image-preview":"max-image-preview:large","max-video-preview":"max-video-preview:-1"},"canonical":"https:\/\/www.domstavpro.com\/index.php\/produkt\/rychle-dodani-pristresek-na-drevo-plechovy-hestia-aw-c-svetle-seda-iwh-10230027-16315\/","og_locale":"cs_CZ","og_type":"article","og_title":"Rychl\u00e9 Dod\u00e1n\u00ed P\u0159\u00edst\u0159e\u0161ek na d\u0159evo plechov\u00fd HESTIA AW-C sv\u011btle \u0161ed\u00e1 IWH-10230027 -","og_description":"P\u0159\u00edst\u0159e\u0161ek na d\u0159evo plechov\u00fd HESTIA AW-C sv\u011btle \u0161ed\u00e1 IWH-10230027 P\u0159\u00edst\u0159e\u0161ek na d\u0159evo plechov\u00fd HESTIA AW-C je skv\u011bl\u00fdm \u0159e\u0161en\u00edm k\u00a0uskladn\u011bn\u00ed va\u0161eho d\u0159eva. Jeho modern\u00ed design se hod\u00ed do ka\u017ed\u00e9 zahrady. M\u00e1 jednoduch\u00fd, ale elegantn\u00ed design. Hlavn\u00ed p\u0159ednosti: vyroben z\u00a0kvalitn\u00edch ocelov\u00fdch plech\u016f\u00a0 \u00a0 \u00a0 \u00a0 \u00a0 Pent st\u0159echa\u00a0 &#8211;\u00a0 pro snadn\u011bj\u0161\u00ed odvod vody a\u00a0sn\u011bhu robustn\u00ed a\u00a0stabiln\u00ed struktura [&hellip;]","og_url":"https:\/\/www.domstavpro.com\/index.php\/produkt\/rychle-dodani-pristresek-na-drevo-plechovy-hestia-aw-c-svetle-seda-iwh-10230027-16315\/","og_image":[{"width":1000,"height":525,"url":"https:\/\/www.domstavpro.com\/wp-content\/uploads\/2026\/SK0027360-CZ20260425-093449-0-1777080896-pristresek-na-drevo-plechovy-hestia-aw-c-svetle-seda-iwh-10.webp","type":"image\/webp"}],"twitter_card":"summary_large_image","twitter_misc":{"Odhadovan\u00e1 doba \u010dten\u00ed":"1 minuta"},"schema":{"@context":"https:\/\/schema.org","@graph":[{"@type":"WebPage","@id":"https:\/\/www.domstavpro.com\/index.php\/produkt\/rychle-dodani-pristresek-na-drevo-plechovy-hestia-aw-c-svetle-seda-iwh-10230027-16315\/","url":"https:\/\/www.domstavpro.com\/index.php\/produkt\/rychle-dodani-pristresek-na-drevo-plechovy-hestia-aw-c-svetle-seda-iwh-10230027-16315\/","name":"Rychl\u00e9 Dod\u00e1n\u00ed P\u0159\u00edst\u0159e\u0161ek na d\u0159evo plechov\u00fd HESTIA AW-C sv\u011btle \u0161ed\u00e1 IWH-10230027 -","isPartOf":{"@id":"https:\/\/www.domstavpro.com\/#website"},"primaryImageOfPage":{"@id":"https:\/\/www.domstavpro.com\/index.php\/produkt\/rychle-dodani-pristresek-na-drevo-plechovy-hestia-aw-c-svetle-seda-iwh-10230027-16315\/#primaryimage"},"image":{"@id":"https:\/\/www.domstavpro.com\/index.php\/produkt\/rychle-dodani-pristresek-na-drevo-plechovy-hestia-aw-c-svetle-seda-iwh-10230027-16315\/#primaryimage"},"thumbnailUrl":"https:\/\/www.domstavpro.com\/wp-content\/uploads\/2026\/SK0027360-CZ20260425-093449-0-1777080896-pristresek-na-drevo-plechovy-hestia-aw-c-svetle-seda-iwh-10.webp","datePublished":"2026-04-27T15:08:31+00:00","breadcrumb":{"@id":"https:\/\/www.domstavpro.com\/index.php\/produkt\/rychle-dodani-pristresek-na-drevo-plechovy-hestia-aw-c-svetle-seda-iwh-10230027-16315\/#breadcrumb"},"inLanguage":"cs","potentialAction":[{"@type":"ReadAction","target":["https:\/\/www.domstavpro.com\/index.php\/produkt\/rychle-dodani-pristresek-na-drevo-plechovy-hestia-aw-c-svetle-seda-iwh-10230027-16315\/"]}]},{"@type":"ImageObject","inLanguage":"cs","@id":"https:\/\/www.domstavpro.com\/index.php\/produkt\/rychle-dodani-pristresek-na-drevo-plechovy-hestia-aw-c-svetle-seda-iwh-10230027-16315\/#primaryimage","url":"https:\/\/www.domstavpro.com\/wp-content\/uploads\/2026\/SK0027360-CZ20260425-093449-0-1777080896-pristresek-na-drevo-plechovy-hestia-aw-c-svetle-seda-iwh-10.webp","contentUrl":"https:\/\/www.domstavpro.com\/wp-content\/uploads\/2026\/SK0027360-CZ20260425-093449-0-1777080896-pristresek-na-drevo-plechovy-hestia-aw-c-svetle-seda-iwh-10.webp","width":1000,"height":525},{"@type":"BreadcrumbList","@id":"https:\/\/www.domstavpro.com\/index.php\/produkt\/rychle-dodani-pristresek-na-drevo-plechovy-hestia-aw-c-svetle-seda-iwh-10230027-16315\/#breadcrumb","itemListElement":[{"@type":"ListItem","position":1,"name":"Home","item":"https:\/\/www.domstavpro.com\/"},{"@type":"ListItem","position":2,"name":"Products","item":"https:\/\/www.domstavpro.com\/index.php\/products\/"},{"@type":"ListItem","position":3,"name":"Rychl\u00e9 Dod\u00e1n\u00ed P\u0159\u00edst\u0159e\u0161ek na d\u0159evo plechov\u00fd HESTIA AW-C sv\u011btle \u0161ed\u00e1 IWH-10230027"}]},{"@type":"WebSite","@id":"https:\/\/www.domstavpro.com\/#website","url":"https:\/\/www.domstavpro.com\/","name":"","description":"","potentialAction":[{"@type":"SearchAction","target":{"@type":"EntryPoint","urlTemplate":"https:\/\/www.domstavpro.com\/?s={search_term_string}"},"query-input":{"@type":"PropertyValueSpecification","valueRequired":true,"valueName":"search_term_string"}}],"inLanguage":"cs"}]}},"_links":{"self":[{"href":"https:\/\/www.domstavpro.com\/index.php\/wp-json\/wp\/v2\/product\/16315","targetHints":{"allow":["GET"]}}],"collection":[{"href":"https:\/\/www.domstavpro.com\/index.php\/wp-json\/wp\/v2\/product"}],"about":[{"href":"https:\/\/www.domstavpro.com\/index.php\/wp-json\/wp\/v2\/types\/product"}],"replies":[{"embeddable":true,"href":"https:\/\/www.domstavpro.com\/index.php\/wp-json\/wp\/v2\/comments?post=16315"}],"wp:featuredmedia":[{"embeddable":true,"href":"https:\/\/www.domstavpro.com\/index.php\/wp-json\/wp\/v2\/media\/16415"}],"wp:attachment":[{"href":"https:\/\/www.domstavpro.com\/index.php\/wp-json\/wp\/v2\/media?parent=16315"}],"wp:term":[{"taxonomy":"product_brand","embeddable":true,"href":"https:\/\/www.domstavpro.com\/index.php\/wp-json\/wp\/v2\/product_brand?post=16315"},{"taxonomy":"product_cat","embeddable":true,"href":"https:\/\/www.domstavpro.com\/index.php\/wp-json\/wp\/v2\/product_cat?post=16315"},{"taxonomy":"product_tag","embeddable":true,"href":"https:\/\/www.domstavpro.com\/index.php\/wp-json\/wp\/v2\/product_tag?post=16315"}],"curies":[{"name":"wp","href":"https:\/\/api.w.org\/{rel}","templated":true}]}}