{"id":16313,"date":"2026-04-27T15:08:31","date_gmt":"2026-04-27T15:08:31","guid":{"rendered":""},"modified":"2026-04-27T15:08:31","modified_gmt":"2026-04-27T15:08:31","slug":"omezena-nabidka-pristresek-na-drevo-plechovy-eos-gw-a-1ks-antracit-iwh-10230035-vyprodej-16313","status":"publish","type":"product","link":"https:\/\/www.domstavpro.com\/index.php\/produkt\/omezena-nabidka-pristresek-na-drevo-plechovy-eos-gw-a-1ks-antracit-iwh-10230035-vyprodej-16313\/","title":{"rendered":"Omezen\u00e1 Nab\u00eddka P\u0159\u00edst\u0159e\u0161ek na d\u0159evo plechov\u00fd EOS GW-A 1ks antracit IWH-10230035 &#8211; v\u00fdprodej"},"content":{"rendered":"<div id=\"e8182192\" class=\"pages\">\n<div>\n<div id=\"PDDescription\" class=\"UserContentView userContent v1a v1 bs-view dcon dc164 PDDescription\" ><dc-con><dc-con><bs-empty><\/bs-empty><\/dc-con><dc-con>        <\/p>\n<div class=\"customDescription\">                    <\/div>\n<p><\/dc-con><dc-con>P\u0159\u00edst\u0159e\u0161ek na d\u0159evo plechov\u00fd EOS GW-A 1ks antracit IWH-10230035<\/dc-con><\/dc-con><\/div>\n<div id=\"PDDescription2\" class=\"UserContentView userContent v1a v1 bs-view dcon dc165 PDDescription2\" >\n<p>P\u0159\u00edst\u0159e\u0161ek na d\u0159evo plechov\u00fd EOS GW-A antracit<strong> (1ks).<\/strong>\u00a0<\/p>\n<p><span      >Na fotografi\u00edch je zn\u00e1zorn\u011bno mo\u017en\u00e9 sestaven\u00ed p\u0159i v\u00edce kusech s\u00a0produktem:\u00a0<\/span><strong     >Dr\u017e\u00e1k r\u00e1mu pro p\u0159\u00edst\u0159e\u0161ek na d\u0159evo EOS GW-A 2ks v\u00a0balen\u00ed IWH-10240012<\/strong><span      >\u00a0<\/span><\/p>\n<p><strong>Tento p\u0159\u00edst\u0159e\u0161ek na d\u0159evo m\u00e1me v\u00a0nab\u00eddce i\u00a0v\u00a0setu po 3\u00a0a\u00a06\u00a0kusech (v\u010detn\u011b 2\u00a0ks dr\u017e\u00e1k\u016f).<\/strong><\/p>\n<p><strong>Materi\u00e1l a\u00a0hlavn\u00ed p\u0159ednosti:<\/strong><\/p>\n<ul>\n<li>pultov\u00e1 st\u0159e\u0161n\u00ed konstrukce a\u00a0vodn\u00ed okap zaji\u0161\u0165uj\u00edc\u00ed snadn\u00fd odvod de\u0161t\u011b a\u00a0sn\u011bhu<\/li>\n<li>otev\u0159en\u00fd design umo\u017e\u0148uj\u00edc\u00ed rychl\u00fd a\u00a0snadn\u00fd p\u0159\u00edstup<\/li>\n<li>velk\u00e1 \u00falo\u017en\u00e1 kapacita<\/li>\n<li>vyroben\u00e9 z\u00a0robustn\u00edch \u017e\u00e1rov\u011b zinkovan\u00fdch ocelov\u00fdch panel\u016f<\/li>\n<li>m\u016f\u017ee b\u00fdt pou\u017eit jako p\u0159\u00edst\u0159e\u0161ek na d\u0159evo, zahradn\u00ed stroje aj.<\/li>\n<\/ul>\n<p><strong>Rozm\u011bry:<\/strong><\/p>\n<p>\u0161\u00ed\u0159ka: 92 cm<br     \/>hloubka\/d\u00e9lka:\u00a060 cm<br     \/>v\u00fd\u0161ka: 80\u00a0 cm<\/p>\n<\/div><\/div>\n<div id=\"PDTable3\" class=\"ProductDetailTableView v3a v3 bs-view dcon dc185 PDTable3\" >\n<table>\n<thead><\/thead>\n<tbody>\n<tr class=\"attribute attr_bsshop_maker\">\n<td class=\"caption\">V\u00fdrobce<\/td>\n<td class=\"value\">IWHome<\/td>\n<\/tr>\n<tr class=\"weight\">\n<td class=\"caption\"><span>Hmotnost<\/span><\/td>\n<td class=\"value\"><span>10,00 kg<\/span><\/td>\n<\/tr>\n<\/tbody>\n<\/table>\n<\/div>\n<\/div>\n<div id=\"e8182193\" class=\"tabs\">\n","protected":false},"excerpt":{"rendered":"<p>P\u0159\u00edst\u0159e\u0161ek na d\u0159evo plechov\u00fd EOS GW-A 1ks antracit IWH-10230035 P\u0159\u00edst\u0159e\u0161ek na d\u0159evo plechov\u00fd EOS GW-A antracit (1ks).\u00a0 Na fotografi\u00edch je zn\u00e1zorn\u011bno mo\u017en\u00e9 sestaven\u00ed p\u0159i v\u00edce kusech s\u00a0produktem:\u00a0Dr\u017e\u00e1k r\u00e1mu pro p\u0159\u00edst\u0159e\u0161ek na d\u0159evo EOS GW-A 2ks v\u00a0balen\u00ed IWH-10240012\u00a0 Tento p\u0159\u00edst\u0159e\u0161ek na d\u0159evo m\u00e1me v\u00a0nab\u00eddce i\u00a0v\u00a0setu po 3\u00a0a\u00a06\u00a0kusech (v\u010detn\u011b 2\u00a0ks dr\u017e\u00e1k\u016f). Materi\u00e1l a\u00a0hlavn\u00ed p\u0159ednosti: pultov\u00e1 st\u0159e\u0161n\u00ed konstrukce [&hellip;]<\/p>\n","protected":false},"featured_media":16413,"comment_status":"open","ping_status":"open","template":"","meta":[],"product_brand":[],"product_cat":[66],"product_tag":[],"class_list":{"0":"post-16313","1":"product","2":"type-product","3":"status-publish","4":"has-post-thumbnail","6":"product_cat-pochutiny-dum-a-zahrada","8":"first","9":"instock","10":"sale","11":"shipping-taxable","12":"purchasable","13":"product-type-simple"},"yoast_head":"<!-- This site is optimized with the Yoast SEO plugin v26.8 - https:\/\/yoast.com\/product\/yoast-seo-wordpress\/ -->\n<title>Omezen\u00e1 Nab\u00eddka P\u0159\u00edst\u0159e\u0161ek na d\u0159evo plechov\u00fd EOS GW-A 1ks antracit IWH-10230035 - v\u00fdprodej -<\/title>\n<meta name=\"robots\" content=\"index, follow, max-snippet:-1, max-image-preview:large, max-video-preview:-1\" \/>\n<link rel=\"canonical\" href=\"https:\/\/www.domstavpro.com\/index.php\/produkt\/omezena-nabidka-pristresek-na-drevo-plechovy-eos-gw-a-1ks-antracit-iwh-10230035-vyprodej-16313\/\" \/>\n<meta property=\"og:locale\" content=\"cs_CZ\" \/>\n<meta property=\"og:type\" content=\"article\" \/>\n<meta property=\"og:title\" content=\"Omezen\u00e1 Nab\u00eddka P\u0159\u00edst\u0159e\u0161ek na d\u0159evo plechov\u00fd EOS GW-A 1ks antracit IWH-10230035 - v\u00fdprodej -\" \/>\n<meta property=\"og:description\" content=\"P\u0159\u00edst\u0159e\u0161ek na d\u0159evo plechov\u00fd EOS GW-A 1ks antracit IWH-10230035 P\u0159\u00edst\u0159e\u0161ek na d\u0159evo plechov\u00fd EOS GW-A antracit (1ks).\u00a0 Na fotografi\u00edch je zn\u00e1zorn\u011bno mo\u017en\u00e9 sestaven\u00ed p\u0159i v\u00edce kusech s\u00a0produktem:\u00a0Dr\u017e\u00e1k r\u00e1mu pro p\u0159\u00edst\u0159e\u0161ek na d\u0159evo EOS GW-A 2ks v\u00a0balen\u00ed IWH-10240012\u00a0 Tento p\u0159\u00edst\u0159e\u0161ek na d\u0159evo m\u00e1me v\u00a0nab\u00eddce i\u00a0v\u00a0setu po 3\u00a0a\u00a06\u00a0kusech (v\u010detn\u011b 2\u00a0ks dr\u017e\u00e1k\u016f). Materi\u00e1l a\u00a0hlavn\u00ed p\u0159ednosti: pultov\u00e1 st\u0159e\u0161n\u00ed konstrukce [&hellip;]\" \/>\n<meta property=\"og:url\" content=\"https:\/\/www.domstavpro.com\/index.php\/produkt\/omezena-nabidka-pristresek-na-drevo-plechovy-eos-gw-a-1ks-antracit-iwh-10230035-vyprodej-16313\/\" \/>\n<meta property=\"og:image\" content=\"https:\/\/www.domstavpro.com\/wp-content\/uploads\/2026\/SK0027358-CZ20260425-093449-0-1777080896-pristresek-na-drevo-plechovy-eos-gw-a-1ks-antracit-iwh-1023.webp\" \/>\n\t<meta property=\"og:image:width\" content=\"1000\" \/>\n\t<meta property=\"og:image:height\" content=\"525\" \/>\n\t<meta property=\"og:image:type\" content=\"image\/webp\" \/>\n<meta name=\"twitter:card\" content=\"summary_large_image\" \/>\n<meta name=\"twitter:label1\" content=\"Odhadovan\u00e1 doba \u010dten\u00ed\" \/>\n\t<meta name=\"twitter:data1\" content=\"1 minuta\" \/>\n<script type=\"application\/ld+json\" class=\"yoast-schema-graph\">{\"@context\":\"https:\/\/schema.org\",\"@graph\":[{\"@type\":\"WebPage\",\"@id\":\"https:\/\/www.domstavpro.com\/index.php\/produkt\/omezena-nabidka-pristresek-na-drevo-plechovy-eos-gw-a-1ks-antracit-iwh-10230035-vyprodej-16313\/\",\"url\":\"https:\/\/www.domstavpro.com\/index.php\/produkt\/omezena-nabidka-pristresek-na-drevo-plechovy-eos-gw-a-1ks-antracit-iwh-10230035-vyprodej-16313\/\",\"name\":\"Omezen\u00e1 Nab\u00eddka P\u0159\u00edst\u0159e\u0161ek na d\u0159evo plechov\u00fd EOS GW-A 1ks antracit IWH-10230035 - v\u00fdprodej -\",\"isPartOf\":{\"@id\":\"https:\/\/www.domstavpro.com\/#website\"},\"primaryImageOfPage\":{\"@id\":\"https:\/\/www.domstavpro.com\/index.php\/produkt\/omezena-nabidka-pristresek-na-drevo-plechovy-eos-gw-a-1ks-antracit-iwh-10230035-vyprodej-16313\/#primaryimage\"},\"image\":{\"@id\":\"https:\/\/www.domstavpro.com\/index.php\/produkt\/omezena-nabidka-pristresek-na-drevo-plechovy-eos-gw-a-1ks-antracit-iwh-10230035-vyprodej-16313\/#primaryimage\"},\"thumbnailUrl\":\"https:\/\/www.domstavpro.com\/wp-content\/uploads\/2026\/SK0027358-CZ20260425-093449-0-1777080896-pristresek-na-drevo-plechovy-eos-gw-a-1ks-antracit-iwh-1023.webp\",\"datePublished\":\"2026-04-27T15:08:31+00:00\",\"breadcrumb\":{\"@id\":\"https:\/\/www.domstavpro.com\/index.php\/produkt\/omezena-nabidka-pristresek-na-drevo-plechovy-eos-gw-a-1ks-antracit-iwh-10230035-vyprodej-16313\/#breadcrumb\"},\"inLanguage\":\"cs\",\"potentialAction\":[{\"@type\":\"ReadAction\",\"target\":[\"https:\/\/www.domstavpro.com\/index.php\/produkt\/omezena-nabidka-pristresek-na-drevo-plechovy-eos-gw-a-1ks-antracit-iwh-10230035-vyprodej-16313\/\"]}]},{\"@type\":\"ImageObject\",\"inLanguage\":\"cs\",\"@id\":\"https:\/\/www.domstavpro.com\/index.php\/produkt\/omezena-nabidka-pristresek-na-drevo-plechovy-eos-gw-a-1ks-antracit-iwh-10230035-vyprodej-16313\/#primaryimage\",\"url\":\"https:\/\/www.domstavpro.com\/wp-content\/uploads\/2026\/SK0027358-CZ20260425-093449-0-1777080896-pristresek-na-drevo-plechovy-eos-gw-a-1ks-antracit-iwh-1023.webp\",\"contentUrl\":\"https:\/\/www.domstavpro.com\/wp-content\/uploads\/2026\/SK0027358-CZ20260425-093449-0-1777080896-pristresek-na-drevo-plechovy-eos-gw-a-1ks-antracit-iwh-1023.webp\",\"width\":1000,\"height\":525},{\"@type\":\"BreadcrumbList\",\"@id\":\"https:\/\/www.domstavpro.com\/index.php\/produkt\/omezena-nabidka-pristresek-na-drevo-plechovy-eos-gw-a-1ks-antracit-iwh-10230035-vyprodej-16313\/#breadcrumb\",\"itemListElement\":[{\"@type\":\"ListItem\",\"position\":1,\"name\":\"Home\",\"item\":\"https:\/\/www.domstavpro.com\/\"},{\"@type\":\"ListItem\",\"position\":2,\"name\":\"Products\",\"item\":\"https:\/\/www.domstavpro.com\/index.php\/products\/\"},{\"@type\":\"ListItem\",\"position\":3,\"name\":\"Omezen\u00e1 Nab\u00eddka P\u0159\u00edst\u0159e\u0161ek na d\u0159evo plechov\u00fd EOS GW-A 1ks antracit IWH-10230035 &#8211; v\u00fdprodej\"}]},{\"@type\":\"WebSite\",\"@id\":\"https:\/\/www.domstavpro.com\/#website\",\"url\":\"https:\/\/www.domstavpro.com\/\",\"name\":\"\",\"description\":\"\",\"potentialAction\":[{\"@type\":\"SearchAction\",\"target\":{\"@type\":\"EntryPoint\",\"urlTemplate\":\"https:\/\/www.domstavpro.com\/?s={search_term_string}\"},\"query-input\":{\"@type\":\"PropertyValueSpecification\",\"valueRequired\":true,\"valueName\":\"search_term_string\"}}],\"inLanguage\":\"cs\"}]}<\/script>\n<!-- \/ Yoast SEO plugin. -->","yoast_head_json":{"title":"Omezen\u00e1 Nab\u00eddka P\u0159\u00edst\u0159e\u0161ek na d\u0159evo plechov\u00fd EOS GW-A 1ks antracit IWH-10230035 - v\u00fdprodej -","robots":{"index":"index","follow":"follow","max-snippet":"max-snippet:-1","max-image-preview":"max-image-preview:large","max-video-preview":"max-video-preview:-1"},"canonical":"https:\/\/www.domstavpro.com\/index.php\/produkt\/omezena-nabidka-pristresek-na-drevo-plechovy-eos-gw-a-1ks-antracit-iwh-10230035-vyprodej-16313\/","og_locale":"cs_CZ","og_type":"article","og_title":"Omezen\u00e1 Nab\u00eddka P\u0159\u00edst\u0159e\u0161ek na d\u0159evo plechov\u00fd EOS GW-A 1ks antracit IWH-10230035 - v\u00fdprodej -","og_description":"P\u0159\u00edst\u0159e\u0161ek na d\u0159evo plechov\u00fd EOS GW-A 1ks antracit IWH-10230035 P\u0159\u00edst\u0159e\u0161ek na d\u0159evo plechov\u00fd EOS GW-A antracit (1ks).\u00a0 Na fotografi\u00edch je zn\u00e1zorn\u011bno mo\u017en\u00e9 sestaven\u00ed p\u0159i v\u00edce kusech s\u00a0produktem:\u00a0Dr\u017e\u00e1k r\u00e1mu pro p\u0159\u00edst\u0159e\u0161ek na d\u0159evo EOS GW-A 2ks v\u00a0balen\u00ed IWH-10240012\u00a0 Tento p\u0159\u00edst\u0159e\u0161ek na d\u0159evo m\u00e1me v\u00a0nab\u00eddce i\u00a0v\u00a0setu po 3\u00a0a\u00a06\u00a0kusech (v\u010detn\u011b 2\u00a0ks dr\u017e\u00e1k\u016f). Materi\u00e1l a\u00a0hlavn\u00ed p\u0159ednosti: pultov\u00e1 st\u0159e\u0161n\u00ed konstrukce [&hellip;]","og_url":"https:\/\/www.domstavpro.com\/index.php\/produkt\/omezena-nabidka-pristresek-na-drevo-plechovy-eos-gw-a-1ks-antracit-iwh-10230035-vyprodej-16313\/","og_image":[{"width":1000,"height":525,"url":"https:\/\/www.domstavpro.com\/wp-content\/uploads\/2026\/SK0027358-CZ20260425-093449-0-1777080896-pristresek-na-drevo-plechovy-eos-gw-a-1ks-antracit-iwh-1023.webp","type":"image\/webp"}],"twitter_card":"summary_large_image","twitter_misc":{"Odhadovan\u00e1 doba \u010dten\u00ed":"1 minuta"},"schema":{"@context":"https:\/\/schema.org","@graph":[{"@type":"WebPage","@id":"https:\/\/www.domstavpro.com\/index.php\/produkt\/omezena-nabidka-pristresek-na-drevo-plechovy-eos-gw-a-1ks-antracit-iwh-10230035-vyprodej-16313\/","url":"https:\/\/www.domstavpro.com\/index.php\/produkt\/omezena-nabidka-pristresek-na-drevo-plechovy-eos-gw-a-1ks-antracit-iwh-10230035-vyprodej-16313\/","name":"Omezen\u00e1 Nab\u00eddka P\u0159\u00edst\u0159e\u0161ek na d\u0159evo plechov\u00fd EOS GW-A 1ks antracit IWH-10230035 - v\u00fdprodej -","isPartOf":{"@id":"https:\/\/www.domstavpro.com\/#website"},"primaryImageOfPage":{"@id":"https:\/\/www.domstavpro.com\/index.php\/produkt\/omezena-nabidka-pristresek-na-drevo-plechovy-eos-gw-a-1ks-antracit-iwh-10230035-vyprodej-16313\/#primaryimage"},"image":{"@id":"https:\/\/www.domstavpro.com\/index.php\/produkt\/omezena-nabidka-pristresek-na-drevo-plechovy-eos-gw-a-1ks-antracit-iwh-10230035-vyprodej-16313\/#primaryimage"},"thumbnailUrl":"https:\/\/www.domstavpro.com\/wp-content\/uploads\/2026\/SK0027358-CZ20260425-093449-0-1777080896-pristresek-na-drevo-plechovy-eos-gw-a-1ks-antracit-iwh-1023.webp","datePublished":"2026-04-27T15:08:31+00:00","breadcrumb":{"@id":"https:\/\/www.domstavpro.com\/index.php\/produkt\/omezena-nabidka-pristresek-na-drevo-plechovy-eos-gw-a-1ks-antracit-iwh-10230035-vyprodej-16313\/#breadcrumb"},"inLanguage":"cs","potentialAction":[{"@type":"ReadAction","target":["https:\/\/www.domstavpro.com\/index.php\/produkt\/omezena-nabidka-pristresek-na-drevo-plechovy-eos-gw-a-1ks-antracit-iwh-10230035-vyprodej-16313\/"]}]},{"@type":"ImageObject","inLanguage":"cs","@id":"https:\/\/www.domstavpro.com\/index.php\/produkt\/omezena-nabidka-pristresek-na-drevo-plechovy-eos-gw-a-1ks-antracit-iwh-10230035-vyprodej-16313\/#primaryimage","url":"https:\/\/www.domstavpro.com\/wp-content\/uploads\/2026\/SK0027358-CZ20260425-093449-0-1777080896-pristresek-na-drevo-plechovy-eos-gw-a-1ks-antracit-iwh-1023.webp","contentUrl":"https:\/\/www.domstavpro.com\/wp-content\/uploads\/2026\/SK0027358-CZ20260425-093449-0-1777080896-pristresek-na-drevo-plechovy-eos-gw-a-1ks-antracit-iwh-1023.webp","width":1000,"height":525},{"@type":"BreadcrumbList","@id":"https:\/\/www.domstavpro.com\/index.php\/produkt\/omezena-nabidka-pristresek-na-drevo-plechovy-eos-gw-a-1ks-antracit-iwh-10230035-vyprodej-16313\/#breadcrumb","itemListElement":[{"@type":"ListItem","position":1,"name":"Home","item":"https:\/\/www.domstavpro.com\/"},{"@type":"ListItem","position":2,"name":"Products","item":"https:\/\/www.domstavpro.com\/index.php\/products\/"},{"@type":"ListItem","position":3,"name":"Omezen\u00e1 Nab\u00eddka P\u0159\u00edst\u0159e\u0161ek na d\u0159evo plechov\u00fd EOS GW-A 1ks antracit IWH-10230035 &#8211; v\u00fdprodej"}]},{"@type":"WebSite","@id":"https:\/\/www.domstavpro.com\/#website","url":"https:\/\/www.domstavpro.com\/","name":"","description":"","potentialAction":[{"@type":"SearchAction","target":{"@type":"EntryPoint","urlTemplate":"https:\/\/www.domstavpro.com\/?s={search_term_string}"},"query-input":{"@type":"PropertyValueSpecification","valueRequired":true,"valueName":"search_term_string"}}],"inLanguage":"cs"}]}},"_links":{"self":[{"href":"https:\/\/www.domstavpro.com\/index.php\/wp-json\/wp\/v2\/product\/16313","targetHints":{"allow":["GET"]}}],"collection":[{"href":"https:\/\/www.domstavpro.com\/index.php\/wp-json\/wp\/v2\/product"}],"about":[{"href":"https:\/\/www.domstavpro.com\/index.php\/wp-json\/wp\/v2\/types\/product"}],"replies":[{"embeddable":true,"href":"https:\/\/www.domstavpro.com\/index.php\/wp-json\/wp\/v2\/comments?post=16313"}],"wp:featuredmedia":[{"embeddable":true,"href":"https:\/\/www.domstavpro.com\/index.php\/wp-json\/wp\/v2\/media\/16413"}],"wp:attachment":[{"href":"https:\/\/www.domstavpro.com\/index.php\/wp-json\/wp\/v2\/media?parent=16313"}],"wp:term":[{"taxonomy":"product_brand","embeddable":true,"href":"https:\/\/www.domstavpro.com\/index.php\/wp-json\/wp\/v2\/product_brand?post=16313"},{"taxonomy":"product_cat","embeddable":true,"href":"https:\/\/www.domstavpro.com\/index.php\/wp-json\/wp\/v2\/product_cat?post=16313"},{"taxonomy":"product_tag","embeddable":true,"href":"https:\/\/www.domstavpro.com\/index.php\/wp-json\/wp\/v2\/product_tag?post=16313"}],"curies":[{"name":"wp","href":"https:\/\/api.w.org\/{rel}","templated":true}]}}