{"id":16307,"date":"2026-04-27T15:08:31","date_gmt":"2026-04-27T15:08:31","guid":{"rendered":""},"modified":"2026-04-27T15:08:31","modified_gmt":"2026-04-27T15:08:31","slug":"zahradni-domek-lucifer-a-3-53-m2-antracit-iwh-10230025-kup-ted-16307","status":"publish","type":"product","link":"https:\/\/www.domstavpro.com\/index.php\/produkt\/zahradni-domek-lucifer-a-3-53-m2-antracit-iwh-10230025-kup-ted-16307\/","title":{"rendered":"Zahradn\u00ed domek LUCIFER A 3,53 m2 antracit IWH-10230025 Kup Te\u010f"},"content":{"rendered":"<div id=\"e8176311\" class=\"pages\">\n<div>\n<div id=\"PDDescription\" class=\"UserContentView userContent v1a v1 bs-view dcon dc164 PDDescription\" ><dc-con><dc-con><bs-empty><\/bs-empty><\/dc-con><dc-con>        <\/p>\n<div class=\"customDescription\">                    <\/div>\n<p><\/dc-con><dc-con>Zahradn\u00ed domek LUCIFER A 3,53 m&sup2; antracit IWH-10230025<\/dc-con><\/dc-con><\/div>\n<div id=\"PDDescription2\" class=\"UserContentView userContent v1a v1 bs-view dcon dc165 PDDescription2\" >\n<p><strong>Zahradn\u00ed domek LUCIFER A<\/strong><\/p>\n<p>je skv\u011bl\u00fdm \u0159e\u0161en\u00edm k\u00a0ukl\u00e1d\u00e1n\u00ed Va\u0161eho zahradn\u00edho n\u00e1\u010din\u00ed a\u00a0n\u00e1\u0159ad\u00ed. Jeho modern\u00ed design se hod\u00ed do ka\u017ed\u00e9 zahrady. Je prostorn\u00fd, odoln\u00fd, bez hniloby a\u00a0hlodavc\u016f, bez \u00fadr\u017eby. M\u00e1 jednoduch\u00fd, ale elegantn\u00ed design.<\/p>\n<p><strong>Konstrukce 2\u00a0v\u00a01<\/strong>\u00a0poskytuje ide\u00e1ln\u00ed \u0159e\u0161en\u00ed pro skladov\u00e1n\u00ed zahradn\u00edch pot\u0159eb, kol a\u00a0n\u00e1bytku i\u00a0palivov\u00e9ho d\u0159eva.<\/p>\n<p><strong>Hlavn\u00ed p\u0159ednosti:<\/strong><\/p>\n<p><strong>Rampa z\u00a0pozinkovan\u00e9 oceli<\/strong>\u00a0poskytujte snadn\u00fd vstup pro velk\u00e9 objekty.<\/p>\n<p><strong>Dvoje uzamykateln\u00e9 \u0161irok\u00e9 posuvn\u00e9 dve\u0159e<\/strong><span>\u00a0&#8211;\u00a0u<\/span>zamykateln\u00e9 kliky (visac\u00ed z\u00e1mek nen\u00ed sou\u010d\u00e1st\u00ed dod\u00e1vky)<\/p>\n<p><strong>Konstrukce \u0161ikm\u00e9 st\u0159echy Apex<\/strong>\u00a0umo\u017e\u0148uje rychl\u00e9 odv\u00e1d\u011bn\u00ed de\u0161t\u011b a\u00a0sn\u011bhu.<\/p>\n<p><strong>4\u00a0patentovan\u00e9 ventila\u010dn\u00ed pr\u016fduchy<\/strong>\u00a0odoln\u00e9 proti de\u0161ti zajist\u00ed dobr\u00e9 v\u011btr\u00e1n\u00ed a\u00a0sv\u011btlo.<\/p>\n<div><strong>Materi\u00e1l:<\/strong><\/div>\n<p><strong>0,25 mm kvalitn\u00ed<\/strong>\u00a0dvojit\u011b p\u0159edlakovan\u00e9 pozinkovan\u00e9 ocelov\u00e9 plechy<\/p>\n<p><strong>0,5-0,8 mm kvalitn\u00ed<\/strong>\u00a0r\u00e1m z\u00a0pozinkovan\u00e9 oceli<\/p>\n<p><strong>Snadn\u00e9 sestaven\u00ed pomoc\u00ed manu\u00e1lu<\/strong><\/p>\n<p>Domek je bez podlahy.<\/p>\n<p><strong>Rozm\u011bry:<\/strong><\/p>\n<ul>\n<li>celkov\u00e1 v\u00fd\u0161ka: 195 cm<\/li>\n<li>v\u00fd\u0161ka dve\u0159\u00ed. 162 cm<\/li>\n<li>celkov\u00e1 \u0161\u00ed\u0159ka bez st\u0159echy: 268 cm<\/li>\n<li>celkov\u00e1 \u0161\u00ed\u0159ka se st\u0159echou: 278 cm<\/li>\n<li>\u0161\u00ed\u0159ka dve\u0159\u00ed: 96 cm<\/li>\n<li>d\u00e9lka\/hloubka bez st\u0159echy: 117 cm<\/li>\n<li>d\u00e9lka\/hloubka se st\u0159echou: 127 cm<\/li>\n<\/ul>\n<\/div><\/div>\n<div id=\"PDTable3\" class=\"ProductDetailTableView v3a v3 bs-view dcon dc185 PDTable3\" >\n<table>\n<thead><\/thead>\n<tbody>\n<tr class=\"attribute attr_Podlahova attr_konstrukce\">\n<td class=\"caption\">podlahova konstrukce<\/td>\n<td class=\"value\">Ne<\/td>\n<\/tr>\n<tr class=\"attribute attr_material\">\n<td class=\"caption\">Materi\u00e1l<\/td>\n<td class=\"value\">kov<\/td>\n<\/tr>\n<tr class=\"attribute attr_bsshop_maker\">\n<td class=\"caption\">V\u00fdrobce<\/td>\n<td class=\"value\">IWHome<\/td>\n<\/tr>\n<tr class=\"attribute attr_kategorie\">\n<td class=\"caption\">Kategorie<\/td>\n<td class=\"value\">Zahradn\u00ed domky<\/td>\n<\/tr>\n<tr class=\"attribute attr_vyska attr_cm\">\n<td class=\"caption\">V\u00fd\u0161ka v cm<\/td>\n<td class=\"value\">195<\/td>\n<\/tr>\n<tr class=\"attribute attr_hloubka attr_delka attr_vnitrni attr_cm\">\n<td class=\"caption\">Hloubka \/ D\u00e9lka &#8211; Vnit\u0159n\u00ed (cm)<\/td>\n<td class=\"value\">117<\/td>\n<\/tr>\n<tr class=\"attribute attr_hloubka attr_delka attr_vnejsi attr_cm\">\n<td class=\"caption\">Hloubka \/ D\u00e9lka &#8211; Vn\u011bj\u0161\u00ed (cm)<\/td>\n<td class=\"value\">127<\/td>\n<\/tr>\n<tr class=\"attribute attr_sirka attr_vnitrni attr_cm\">\n<td class=\"caption\">\u0160\u00ed\u0159ka &#8211; Vnit\u0159n\u00ed (cm)<\/td>\n<td class=\"value\">268<\/td>\n<\/tr>\n<tr class=\"attribute attr_sirka attr_vnejsi attr_cm\">\n<td class=\"caption\">\u0160\u00ed\u0159ka &#8211; Vn\u011bj\u0161\u00ed (cm)<\/td>\n<td class=\"value\">278<\/td>\n<\/tr>\n<tr class=\"attribute attr_vyska attr_dveri\">\n<td class=\"caption\">V\u00fd\u0161ka dve\u0159\u00ed (cm)<\/td>\n<td class=\"value\">162<\/td>\n<\/tr>\n<tr class=\"attribute attr_tloustka attr_steny\">\n<td class=\"caption\">Tlou\u0161\u0165ka st\u011bny<\/td>\n<td class=\"value\">0,25<\/td>\n<\/tr>\n<tr class=\"attribute attr_zastavena attr_plocha\">\n<td class=\"caption\">Zastav\u011bn\u00e1 plocha (m2)<\/td>\n<td class=\"value\">3,53<\/td>\n<\/tr>\n<tr class=\"attribute attr_sirka attr_dveri\">\n<td class=\"caption\">\u0160\u00ed\u0159ka dve\u0159\u00ed (cm)<\/td>\n<td class=\"value\">96<\/td>\n<\/tr>\n<tr class=\"weight\">\n<td class=\"caption\"><span>Hmotnost<\/span><\/td>\n<td class=\"value\"><span>58,00 kg<\/span><\/td>\n<\/tr>\n<\/tbody>\n<\/table>\n<\/div>\n<\/div>\n<div id=\"e8176312\" class=\"tabs\">\n","protected":false},"excerpt":{"rendered":"<p>Zahradn\u00ed domek LUCIFER A 3,53 m&sup2; antracit IWH-10230025 Zahradn\u00ed domek LUCIFER A je skv\u011bl\u00fdm \u0159e\u0161en\u00edm k\u00a0ukl\u00e1d\u00e1n\u00ed Va\u0161eho zahradn\u00edho n\u00e1\u010din\u00ed a\u00a0n\u00e1\u0159ad\u00ed. Jeho modern\u00ed design se hod\u00ed do ka\u017ed\u00e9 zahrady. Je prostorn\u00fd, odoln\u00fd, bez hniloby a\u00a0hlodavc\u016f, bez \u00fadr\u017eby. M\u00e1 jednoduch\u00fd, ale elegantn\u00ed design. Konstrukce 2\u00a0v\u00a01\u00a0poskytuje ide\u00e1ln\u00ed \u0159e\u0161en\u00ed pro skladov\u00e1n\u00ed zahradn\u00edch pot\u0159eb, kol a\u00a0n\u00e1bytku i\u00a0palivov\u00e9ho d\u0159eva. Hlavn\u00ed p\u0159ednosti: [&hellip;]<\/p>\n","protected":false},"featured_media":16407,"comment_status":"open","ping_status":"open","template":"","meta":[],"product_brand":[],"product_cat":[66],"product_tag":[],"class_list":{"0":"post-16307","1":"product","2":"type-product","3":"status-publish","4":"has-post-thumbnail","6":"product_cat-pochutiny-dum-a-zahrada","8":"first","9":"instock","10":"sale","11":"shipping-taxable","12":"purchasable","13":"product-type-simple"},"yoast_head":"<!-- This site is optimized with the Yoast SEO plugin v26.8 - https:\/\/yoast.com\/product\/yoast-seo-wordpress\/ -->\n<title>Zahradn\u00ed domek LUCIFER A 3,53 m2 antracit IWH-10230025 Kup Te\u010f -<\/title>\n<meta name=\"robots\" content=\"index, follow, max-snippet:-1, max-image-preview:large, max-video-preview:-1\" \/>\n<link rel=\"canonical\" href=\"https:\/\/www.domstavpro.com\/index.php\/produkt\/zahradni-domek-lucifer-a-3-53-m2-antracit-iwh-10230025-kup-ted-16307\/\" \/>\n<meta property=\"og:locale\" content=\"cs_CZ\" \/>\n<meta property=\"og:type\" content=\"article\" \/>\n<meta property=\"og:title\" content=\"Zahradn\u00ed domek LUCIFER A 3,53 m2 antracit IWH-10230025 Kup Te\u010f -\" \/>\n<meta property=\"og:description\" content=\"Zahradn\u00ed domek LUCIFER A 3,53 m&sup2; antracit IWH-10230025 Zahradn\u00ed domek LUCIFER A je skv\u011bl\u00fdm \u0159e\u0161en\u00edm k\u00a0ukl\u00e1d\u00e1n\u00ed Va\u0161eho zahradn\u00edho n\u00e1\u010din\u00ed a\u00a0n\u00e1\u0159ad\u00ed. Jeho modern\u00ed design se hod\u00ed do ka\u017ed\u00e9 zahrady. Je prostorn\u00fd, odoln\u00fd, bez hniloby a\u00a0hlodavc\u016f, bez \u00fadr\u017eby. M\u00e1 jednoduch\u00fd, ale elegantn\u00ed design. Konstrukce 2\u00a0v\u00a01\u00a0poskytuje ide\u00e1ln\u00ed \u0159e\u0161en\u00ed pro skladov\u00e1n\u00ed zahradn\u00edch pot\u0159eb, kol a\u00a0n\u00e1bytku i\u00a0palivov\u00e9ho d\u0159eva. Hlavn\u00ed p\u0159ednosti: [&hellip;]\" \/>\n<meta property=\"og:url\" content=\"https:\/\/www.domstavpro.com\/index.php\/produkt\/zahradni-domek-lucifer-a-3-53-m2-antracit-iwh-10230025-kup-ted-16307\/\" \/>\n<meta property=\"og:image\" content=\"https:\/\/www.domstavpro.com\/wp-content\/uploads\/2026\/SK0027352-CZ20260425-093449-0-1777080896-zahradni-domek-lucifer-a-3-53-m2-antracit-iwh-10230025.webp\" \/>\n\t<meta property=\"og:image:width\" content=\"1000\" \/>\n\t<meta property=\"og:image:height\" content=\"525\" \/>\n\t<meta property=\"og:image:type\" content=\"image\/webp\" \/>\n<meta name=\"twitter:card\" content=\"summary_large_image\" \/>\n<meta name=\"twitter:label1\" content=\"Odhadovan\u00e1 doba \u010dten\u00ed\" \/>\n\t<meta name=\"twitter:data1\" content=\"1 minuta\" \/>\n<script type=\"application\/ld+json\" class=\"yoast-schema-graph\">{\"@context\":\"https:\/\/schema.org\",\"@graph\":[{\"@type\":\"WebPage\",\"@id\":\"https:\/\/www.domstavpro.com\/index.php\/produkt\/zahradni-domek-lucifer-a-3-53-m2-antracit-iwh-10230025-kup-ted-16307\/\",\"url\":\"https:\/\/www.domstavpro.com\/index.php\/produkt\/zahradni-domek-lucifer-a-3-53-m2-antracit-iwh-10230025-kup-ted-16307\/\",\"name\":\"Zahradn\u00ed domek LUCIFER A 3,53 m2 antracit IWH-10230025 Kup Te\u010f -\",\"isPartOf\":{\"@id\":\"https:\/\/www.domstavpro.com\/#website\"},\"primaryImageOfPage\":{\"@id\":\"https:\/\/www.domstavpro.com\/index.php\/produkt\/zahradni-domek-lucifer-a-3-53-m2-antracit-iwh-10230025-kup-ted-16307\/#primaryimage\"},\"image\":{\"@id\":\"https:\/\/www.domstavpro.com\/index.php\/produkt\/zahradni-domek-lucifer-a-3-53-m2-antracit-iwh-10230025-kup-ted-16307\/#primaryimage\"},\"thumbnailUrl\":\"https:\/\/www.domstavpro.com\/wp-content\/uploads\/2026\/SK0027352-CZ20260425-093449-0-1777080896-zahradni-domek-lucifer-a-3-53-m2-antracit-iwh-10230025.webp\",\"datePublished\":\"2026-04-27T15:08:31+00:00\",\"breadcrumb\":{\"@id\":\"https:\/\/www.domstavpro.com\/index.php\/produkt\/zahradni-domek-lucifer-a-3-53-m2-antracit-iwh-10230025-kup-ted-16307\/#breadcrumb\"},\"inLanguage\":\"cs\",\"potentialAction\":[{\"@type\":\"ReadAction\",\"target\":[\"https:\/\/www.domstavpro.com\/index.php\/produkt\/zahradni-domek-lucifer-a-3-53-m2-antracit-iwh-10230025-kup-ted-16307\/\"]}]},{\"@type\":\"ImageObject\",\"inLanguage\":\"cs\",\"@id\":\"https:\/\/www.domstavpro.com\/index.php\/produkt\/zahradni-domek-lucifer-a-3-53-m2-antracit-iwh-10230025-kup-ted-16307\/#primaryimage\",\"url\":\"https:\/\/www.domstavpro.com\/wp-content\/uploads\/2026\/SK0027352-CZ20260425-093449-0-1777080896-zahradni-domek-lucifer-a-3-53-m2-antracit-iwh-10230025.webp\",\"contentUrl\":\"https:\/\/www.domstavpro.com\/wp-content\/uploads\/2026\/SK0027352-CZ20260425-093449-0-1777080896-zahradni-domek-lucifer-a-3-53-m2-antracit-iwh-10230025.webp\",\"width\":1000,\"height\":525},{\"@type\":\"BreadcrumbList\",\"@id\":\"https:\/\/www.domstavpro.com\/index.php\/produkt\/zahradni-domek-lucifer-a-3-53-m2-antracit-iwh-10230025-kup-ted-16307\/#breadcrumb\",\"itemListElement\":[{\"@type\":\"ListItem\",\"position\":1,\"name\":\"Home\",\"item\":\"https:\/\/www.domstavpro.com\/\"},{\"@type\":\"ListItem\",\"position\":2,\"name\":\"Products\",\"item\":\"https:\/\/www.domstavpro.com\/index.php\/products\/\"},{\"@type\":\"ListItem\",\"position\":3,\"name\":\"Zahradn\u00ed domek LUCIFER A 3,53 m2 antracit IWH-10230025 Kup Te\u010f\"}]},{\"@type\":\"WebSite\",\"@id\":\"https:\/\/www.domstavpro.com\/#website\",\"url\":\"https:\/\/www.domstavpro.com\/\",\"name\":\"\",\"description\":\"\",\"potentialAction\":[{\"@type\":\"SearchAction\",\"target\":{\"@type\":\"EntryPoint\",\"urlTemplate\":\"https:\/\/www.domstavpro.com\/?s={search_term_string}\"},\"query-input\":{\"@type\":\"PropertyValueSpecification\",\"valueRequired\":true,\"valueName\":\"search_term_string\"}}],\"inLanguage\":\"cs\"}]}<\/script>\n<!-- \/ Yoast SEO plugin. -->","yoast_head_json":{"title":"Zahradn\u00ed domek LUCIFER A 3,53 m2 antracit IWH-10230025 Kup Te\u010f -","robots":{"index":"index","follow":"follow","max-snippet":"max-snippet:-1","max-image-preview":"max-image-preview:large","max-video-preview":"max-video-preview:-1"},"canonical":"https:\/\/www.domstavpro.com\/index.php\/produkt\/zahradni-domek-lucifer-a-3-53-m2-antracit-iwh-10230025-kup-ted-16307\/","og_locale":"cs_CZ","og_type":"article","og_title":"Zahradn\u00ed domek LUCIFER A 3,53 m2 antracit IWH-10230025 Kup Te\u010f -","og_description":"Zahradn\u00ed domek LUCIFER A 3,53 m&sup2; antracit IWH-10230025 Zahradn\u00ed domek LUCIFER A je skv\u011bl\u00fdm \u0159e\u0161en\u00edm k\u00a0ukl\u00e1d\u00e1n\u00ed Va\u0161eho zahradn\u00edho n\u00e1\u010din\u00ed a\u00a0n\u00e1\u0159ad\u00ed. Jeho modern\u00ed design se hod\u00ed do ka\u017ed\u00e9 zahrady. Je prostorn\u00fd, odoln\u00fd, bez hniloby a\u00a0hlodavc\u016f, bez \u00fadr\u017eby. M\u00e1 jednoduch\u00fd, ale elegantn\u00ed design. Konstrukce 2\u00a0v\u00a01\u00a0poskytuje ide\u00e1ln\u00ed \u0159e\u0161en\u00ed pro skladov\u00e1n\u00ed zahradn\u00edch pot\u0159eb, kol a\u00a0n\u00e1bytku i\u00a0palivov\u00e9ho d\u0159eva. Hlavn\u00ed p\u0159ednosti: [&hellip;]","og_url":"https:\/\/www.domstavpro.com\/index.php\/produkt\/zahradni-domek-lucifer-a-3-53-m2-antracit-iwh-10230025-kup-ted-16307\/","og_image":[{"width":1000,"height":525,"url":"https:\/\/www.domstavpro.com\/wp-content\/uploads\/2026\/SK0027352-CZ20260425-093449-0-1777080896-zahradni-domek-lucifer-a-3-53-m2-antracit-iwh-10230025.webp","type":"image\/webp"}],"twitter_card":"summary_large_image","twitter_misc":{"Odhadovan\u00e1 doba \u010dten\u00ed":"1 minuta"},"schema":{"@context":"https:\/\/schema.org","@graph":[{"@type":"WebPage","@id":"https:\/\/www.domstavpro.com\/index.php\/produkt\/zahradni-domek-lucifer-a-3-53-m2-antracit-iwh-10230025-kup-ted-16307\/","url":"https:\/\/www.domstavpro.com\/index.php\/produkt\/zahradni-domek-lucifer-a-3-53-m2-antracit-iwh-10230025-kup-ted-16307\/","name":"Zahradn\u00ed domek LUCIFER A 3,53 m2 antracit IWH-10230025 Kup Te\u010f -","isPartOf":{"@id":"https:\/\/www.domstavpro.com\/#website"},"primaryImageOfPage":{"@id":"https:\/\/www.domstavpro.com\/index.php\/produkt\/zahradni-domek-lucifer-a-3-53-m2-antracit-iwh-10230025-kup-ted-16307\/#primaryimage"},"image":{"@id":"https:\/\/www.domstavpro.com\/index.php\/produkt\/zahradni-domek-lucifer-a-3-53-m2-antracit-iwh-10230025-kup-ted-16307\/#primaryimage"},"thumbnailUrl":"https:\/\/www.domstavpro.com\/wp-content\/uploads\/2026\/SK0027352-CZ20260425-093449-0-1777080896-zahradni-domek-lucifer-a-3-53-m2-antracit-iwh-10230025.webp","datePublished":"2026-04-27T15:08:31+00:00","breadcrumb":{"@id":"https:\/\/www.domstavpro.com\/index.php\/produkt\/zahradni-domek-lucifer-a-3-53-m2-antracit-iwh-10230025-kup-ted-16307\/#breadcrumb"},"inLanguage":"cs","potentialAction":[{"@type":"ReadAction","target":["https:\/\/www.domstavpro.com\/index.php\/produkt\/zahradni-domek-lucifer-a-3-53-m2-antracit-iwh-10230025-kup-ted-16307\/"]}]},{"@type":"ImageObject","inLanguage":"cs","@id":"https:\/\/www.domstavpro.com\/index.php\/produkt\/zahradni-domek-lucifer-a-3-53-m2-antracit-iwh-10230025-kup-ted-16307\/#primaryimage","url":"https:\/\/www.domstavpro.com\/wp-content\/uploads\/2026\/SK0027352-CZ20260425-093449-0-1777080896-zahradni-domek-lucifer-a-3-53-m2-antracit-iwh-10230025.webp","contentUrl":"https:\/\/www.domstavpro.com\/wp-content\/uploads\/2026\/SK0027352-CZ20260425-093449-0-1777080896-zahradni-domek-lucifer-a-3-53-m2-antracit-iwh-10230025.webp","width":1000,"height":525},{"@type":"BreadcrumbList","@id":"https:\/\/www.domstavpro.com\/index.php\/produkt\/zahradni-domek-lucifer-a-3-53-m2-antracit-iwh-10230025-kup-ted-16307\/#breadcrumb","itemListElement":[{"@type":"ListItem","position":1,"name":"Home","item":"https:\/\/www.domstavpro.com\/"},{"@type":"ListItem","position":2,"name":"Products","item":"https:\/\/www.domstavpro.com\/index.php\/products\/"},{"@type":"ListItem","position":3,"name":"Zahradn\u00ed domek LUCIFER A 3,53 m2 antracit IWH-10230025 Kup Te\u010f"}]},{"@type":"WebSite","@id":"https:\/\/www.domstavpro.com\/#website","url":"https:\/\/www.domstavpro.com\/","name":"","description":"","potentialAction":[{"@type":"SearchAction","target":{"@type":"EntryPoint","urlTemplate":"https:\/\/www.domstavpro.com\/?s={search_term_string}"},"query-input":{"@type":"PropertyValueSpecification","valueRequired":true,"valueName":"search_term_string"}}],"inLanguage":"cs"}]}},"_links":{"self":[{"href":"https:\/\/www.domstavpro.com\/index.php\/wp-json\/wp\/v2\/product\/16307","targetHints":{"allow":["GET"]}}],"collection":[{"href":"https:\/\/www.domstavpro.com\/index.php\/wp-json\/wp\/v2\/product"}],"about":[{"href":"https:\/\/www.domstavpro.com\/index.php\/wp-json\/wp\/v2\/types\/product"}],"replies":[{"embeddable":true,"href":"https:\/\/www.domstavpro.com\/index.php\/wp-json\/wp\/v2\/comments?post=16307"}],"wp:featuredmedia":[{"embeddable":true,"href":"https:\/\/www.domstavpro.com\/index.php\/wp-json\/wp\/v2\/media\/16407"}],"wp:attachment":[{"href":"https:\/\/www.domstavpro.com\/index.php\/wp-json\/wp\/v2\/media?parent=16307"}],"wp:term":[{"taxonomy":"product_brand","embeddable":true,"href":"https:\/\/www.domstavpro.com\/index.php\/wp-json\/wp\/v2\/product_brand?post=16307"},{"taxonomy":"product_cat","embeddable":true,"href":"https:\/\/www.domstavpro.com\/index.php\/wp-json\/wp\/v2\/product_cat?post=16307"},{"taxonomy":"product_tag","embeddable":true,"href":"https:\/\/www.domstavpro.com\/index.php\/wp-json\/wp\/v2\/product_tag?post=16307"}],"curies":[{"name":"wp","href":"https:\/\/api.w.org\/{rel}","templated":true}]}}