{"id":16306,"date":"2026-04-27T15:08:31","date_gmt":"2026-04-27T15:08:31","guid":{"rendered":""},"modified":"2026-04-27T15:08:31","modified_gmt":"2026-04-27T15:08:31","slug":"zavesne-kreslo-faio-staroruzova-iwh-10190010-vyprodej-vyhodna-nabidka-16306","status":"publish","type":"product","link":"https:\/\/www.domstavpro.com\/index.php\/produkt\/zavesne-kreslo-faio-staroruzova-iwh-10190010-vyprodej-vyhodna-nabidka-16306\/","title":{"rendered":"Z\u00e1v\u011bsn\u00e9 k\u0159eslo FAIO staror\u016f\u017eov\u00e1 IWH-10190010 &#8211; v\u00fdprodej V\u00fdhodn\u00e1 Nab\u00eddka"},"content":{"rendered":"<div id=\"e7569762\" class=\"pages\">\n<div>\n<div id=\"PDDescription\" class=\"UserContentView userContent v1a v1 bs-view dcon dc164 PDDescription\" ><dc-con><dc-con><bs-empty><\/bs-empty><\/dc-con><dc-con>        <\/p>\n<div class=\"customDescription\">                    <\/div>\n<p><\/dc-con><dc-con>Z\u00e1v\u011bsn\u00e9 k\u0159eslo FAIO staror\u016f\u017eov\u00e1 IWH-10190010<\/dc-con><\/dc-con><\/div>\n<div id=\"PDDescription2\" class=\"UserContentView userContent v1a v1 bs-view dcon dc165 PDDescription2\" >\n<p><strong>Z\u00e1v\u011bsn\u00e9 zahradn\u00ed k\u0159eslo Faio<\/strong><\/p>\n<p>pohodln\u00e9 k\u0159eslo zav\u011b\u0161en\u00e9 na \u010derstv\u00e9m vzduchu ve va\u0161\u00ed zahrad\u011b nebo i\u00a0lo\u017enici v\u00e1m zp\u0159\u00edjemn\u00ed den. K\u0159eslo je vystlan\u00e9 m\u011bkk\u00fdmi pol\u0161t\u00e1\u0159i. Obl\u00edb\u00edte si ho p\u0159i po\u0159\u00e1d\u00e1n\u00ed zahradn\u00ed p\u00e1rty, grilov\u00e1n\u00ed nebo p\u0159i relaxaci p\u0159i letn\u00edm slun\u011bn\u00ed u\u00a0baz\u00e9nu.\u00a0\u00a0<\/p>\n<p><strong>Stojan nen\u00ed sou\u010d\u00e1st\u00ed balen\u00ed, je mo\u017en\u00e9 si jej doobjednat.<\/strong><\/p>\n<p><strong>materi\u00e1l:<\/strong>\u00a0bavlna, polyester\u00a0<\/p>\n<p><strong>rozm\u011br k\u0159esla<\/strong>:\u00a0100 x\u00a0130 cm<\/p>\n<p><strong>rozm\u011br pol\u0161t\u00e1\u0159\u016f:<\/strong>\u00a0(\u0161\/h) 40 \u00d7 40 cm<\/p>\n<p><strong>rozp\u011brka z\u00a0tvrd\u00e9ho masivn\u00edho d\u0159eva o\u00a0pr\u016fm\u011bru 3,5 cm a\u00a0d\u00e9lce 95 cm<\/strong><\/p>\n<p><strong>nosnost do 120 kg<\/strong><\/p>\n<\/div><\/div>\n<div id=\"PDTable3\" class=\"ProductDetailTableView v3a v3 bs-view dcon dc185 PDTable3\" >\n<table>\n<thead><\/thead>\n<tbody>\n<tr class=\"attribute attr_bsshop_maker\">\n<td class=\"caption\">V\u00fdrobce<\/td>\n<td class=\"value\">IWHome<\/td>\n<\/tr>\n<tr class=\"weight\">\n<td class=\"caption\"><span>Hmotnost<\/span><\/td>\n<td class=\"value\"><span>5,00 kg<\/span><\/td>\n<\/tr>\n<\/tbody>\n<\/table>\n<\/div>\n<\/div>\n<div id=\"e7569763\" class=\"tabs\">\n","protected":false},"excerpt":{"rendered":"<p>Z\u00e1v\u011bsn\u00e9 k\u0159eslo FAIO staror\u016f\u017eov\u00e1 IWH-10190010 Z\u00e1v\u011bsn\u00e9 zahradn\u00ed k\u0159eslo Faio pohodln\u00e9 k\u0159eslo zav\u011b\u0161en\u00e9 na \u010derstv\u00e9m vzduchu ve va\u0161\u00ed zahrad\u011b nebo i\u00a0lo\u017enici v\u00e1m zp\u0159\u00edjemn\u00ed den. K\u0159eslo je vystlan\u00e9 m\u011bkk\u00fdmi pol\u0161t\u00e1\u0159i. Obl\u00edb\u00edte si ho p\u0159i po\u0159\u00e1d\u00e1n\u00ed zahradn\u00ed p\u00e1rty, grilov\u00e1n\u00ed nebo p\u0159i relaxaci p\u0159i letn\u00edm slun\u011bn\u00ed u\u00a0baz\u00e9nu.\u00a0\u00a0 Stojan nen\u00ed sou\u010d\u00e1st\u00ed balen\u00ed, je mo\u017en\u00e9 si jej doobjednat. materi\u00e1l:\u00a0bavlna, polyester\u00a0 rozm\u011br [&hellip;]<\/p>\n","protected":false},"featured_media":16406,"comment_status":"open","ping_status":"open","template":"","meta":[],"product_brand":[],"product_cat":[66],"product_tag":[],"class_list":{"0":"post-16306","1":"product","2":"type-product","3":"status-publish","4":"has-post-thumbnail","6":"product_cat-pochutiny-dum-a-zahrada","8":"first","9":"instock","10":"sale","11":"shipping-taxable","12":"purchasable","13":"product-type-simple"},"yoast_head":"<!-- This site is optimized with the Yoast SEO plugin v26.8 - https:\/\/yoast.com\/product\/yoast-seo-wordpress\/ -->\n<title>Z\u00e1v\u011bsn\u00e9 k\u0159eslo FAIO staror\u016f\u017eov\u00e1 IWH-10190010 - v\u00fdprodej V\u00fdhodn\u00e1 Nab\u00eddka -<\/title>\n<meta name=\"robots\" content=\"index, follow, max-snippet:-1, max-image-preview:large, max-video-preview:-1\" \/>\n<link rel=\"canonical\" href=\"https:\/\/www.domstavpro.com\/index.php\/produkt\/zavesne-kreslo-faio-staroruzova-iwh-10190010-vyprodej-vyhodna-nabidka-16306\/\" \/>\n<meta property=\"og:locale\" content=\"cs_CZ\" \/>\n<meta property=\"og:type\" content=\"article\" \/>\n<meta property=\"og:title\" content=\"Z\u00e1v\u011bsn\u00e9 k\u0159eslo FAIO staror\u016f\u017eov\u00e1 IWH-10190010 - v\u00fdprodej V\u00fdhodn\u00e1 Nab\u00eddka -\" \/>\n<meta property=\"og:description\" content=\"Z\u00e1v\u011bsn\u00e9 k\u0159eslo FAIO staror\u016f\u017eov\u00e1 IWH-10190010 Z\u00e1v\u011bsn\u00e9 zahradn\u00ed k\u0159eslo Faio pohodln\u00e9 k\u0159eslo zav\u011b\u0161en\u00e9 na \u010derstv\u00e9m vzduchu ve va\u0161\u00ed zahrad\u011b nebo i\u00a0lo\u017enici v\u00e1m zp\u0159\u00edjemn\u00ed den. K\u0159eslo je vystlan\u00e9 m\u011bkk\u00fdmi pol\u0161t\u00e1\u0159i. Obl\u00edb\u00edte si ho p\u0159i po\u0159\u00e1d\u00e1n\u00ed zahradn\u00ed p\u00e1rty, grilov\u00e1n\u00ed nebo p\u0159i relaxaci p\u0159i letn\u00edm slun\u011bn\u00ed u\u00a0baz\u00e9nu.\u00a0\u00a0 Stojan nen\u00ed sou\u010d\u00e1st\u00ed balen\u00ed, je mo\u017en\u00e9 si jej doobjednat. materi\u00e1l:\u00a0bavlna, polyester\u00a0 rozm\u011br [&hellip;]\" \/>\n<meta property=\"og:url\" content=\"https:\/\/www.domstavpro.com\/index.php\/produkt\/zavesne-kreslo-faio-staroruzova-iwh-10190010-vyprodej-vyhodna-nabidka-16306\/\" \/>\n<meta property=\"og:image\" content=\"https:\/\/www.domstavpro.com\/wp-content\/uploads\/2026\/SK0027351-CZ20260425-093449-0-1777080896-zavesne-kreslo-faio-staroruzova-iwh-10190010-vyprodej.webp\" \/>\n\t<meta property=\"og:image:width\" content=\"1000\" \/>\n\t<meta property=\"og:image:height\" content=\"525\" \/>\n\t<meta property=\"og:image:type\" content=\"image\/webp\" \/>\n<meta name=\"twitter:card\" content=\"summary_large_image\" \/>\n<meta name=\"twitter:label1\" content=\"Odhadovan\u00e1 doba \u010dten\u00ed\" \/>\n\t<meta name=\"twitter:data1\" content=\"1 minuta\" \/>\n<script type=\"application\/ld+json\" class=\"yoast-schema-graph\">{\"@context\":\"https:\/\/schema.org\",\"@graph\":[{\"@type\":\"WebPage\",\"@id\":\"https:\/\/www.domstavpro.com\/index.php\/produkt\/zavesne-kreslo-faio-staroruzova-iwh-10190010-vyprodej-vyhodna-nabidka-16306\/\",\"url\":\"https:\/\/www.domstavpro.com\/index.php\/produkt\/zavesne-kreslo-faio-staroruzova-iwh-10190010-vyprodej-vyhodna-nabidka-16306\/\",\"name\":\"Z\u00e1v\u011bsn\u00e9 k\u0159eslo FAIO staror\u016f\u017eov\u00e1 IWH-10190010 - v\u00fdprodej V\u00fdhodn\u00e1 Nab\u00eddka -\",\"isPartOf\":{\"@id\":\"https:\/\/www.domstavpro.com\/#website\"},\"primaryImageOfPage\":{\"@id\":\"https:\/\/www.domstavpro.com\/index.php\/produkt\/zavesne-kreslo-faio-staroruzova-iwh-10190010-vyprodej-vyhodna-nabidka-16306\/#primaryimage\"},\"image\":{\"@id\":\"https:\/\/www.domstavpro.com\/index.php\/produkt\/zavesne-kreslo-faio-staroruzova-iwh-10190010-vyprodej-vyhodna-nabidka-16306\/#primaryimage\"},\"thumbnailUrl\":\"https:\/\/www.domstavpro.com\/wp-content\/uploads\/2026\/SK0027351-CZ20260425-093449-0-1777080896-zavesne-kreslo-faio-staroruzova-iwh-10190010-vyprodej.webp\",\"datePublished\":\"2026-04-27T15:08:31+00:00\",\"breadcrumb\":{\"@id\":\"https:\/\/www.domstavpro.com\/index.php\/produkt\/zavesne-kreslo-faio-staroruzova-iwh-10190010-vyprodej-vyhodna-nabidka-16306\/#breadcrumb\"},\"inLanguage\":\"cs\",\"potentialAction\":[{\"@type\":\"ReadAction\",\"target\":[\"https:\/\/www.domstavpro.com\/index.php\/produkt\/zavesne-kreslo-faio-staroruzova-iwh-10190010-vyprodej-vyhodna-nabidka-16306\/\"]}]},{\"@type\":\"ImageObject\",\"inLanguage\":\"cs\",\"@id\":\"https:\/\/www.domstavpro.com\/index.php\/produkt\/zavesne-kreslo-faio-staroruzova-iwh-10190010-vyprodej-vyhodna-nabidka-16306\/#primaryimage\",\"url\":\"https:\/\/www.domstavpro.com\/wp-content\/uploads\/2026\/SK0027351-CZ20260425-093449-0-1777080896-zavesne-kreslo-faio-staroruzova-iwh-10190010-vyprodej.webp\",\"contentUrl\":\"https:\/\/www.domstavpro.com\/wp-content\/uploads\/2026\/SK0027351-CZ20260425-093449-0-1777080896-zavesne-kreslo-faio-staroruzova-iwh-10190010-vyprodej.webp\",\"width\":1000,\"height\":525},{\"@type\":\"BreadcrumbList\",\"@id\":\"https:\/\/www.domstavpro.com\/index.php\/produkt\/zavesne-kreslo-faio-staroruzova-iwh-10190010-vyprodej-vyhodna-nabidka-16306\/#breadcrumb\",\"itemListElement\":[{\"@type\":\"ListItem\",\"position\":1,\"name\":\"Home\",\"item\":\"https:\/\/www.domstavpro.com\/\"},{\"@type\":\"ListItem\",\"position\":2,\"name\":\"Products\",\"item\":\"https:\/\/www.domstavpro.com\/index.php\/products\/\"},{\"@type\":\"ListItem\",\"position\":3,\"name\":\"Z\u00e1v\u011bsn\u00e9 k\u0159eslo FAIO staror\u016f\u017eov\u00e1 IWH-10190010 &#8211; v\u00fdprodej V\u00fdhodn\u00e1 Nab\u00eddka\"}]},{\"@type\":\"WebSite\",\"@id\":\"https:\/\/www.domstavpro.com\/#website\",\"url\":\"https:\/\/www.domstavpro.com\/\",\"name\":\"\",\"description\":\"\",\"potentialAction\":[{\"@type\":\"SearchAction\",\"target\":{\"@type\":\"EntryPoint\",\"urlTemplate\":\"https:\/\/www.domstavpro.com\/?s={search_term_string}\"},\"query-input\":{\"@type\":\"PropertyValueSpecification\",\"valueRequired\":true,\"valueName\":\"search_term_string\"}}],\"inLanguage\":\"cs\"}]}<\/script>\n<!-- \/ Yoast SEO plugin. -->","yoast_head_json":{"title":"Z\u00e1v\u011bsn\u00e9 k\u0159eslo FAIO staror\u016f\u017eov\u00e1 IWH-10190010 - v\u00fdprodej V\u00fdhodn\u00e1 Nab\u00eddka -","robots":{"index":"index","follow":"follow","max-snippet":"max-snippet:-1","max-image-preview":"max-image-preview:large","max-video-preview":"max-video-preview:-1"},"canonical":"https:\/\/www.domstavpro.com\/index.php\/produkt\/zavesne-kreslo-faio-staroruzova-iwh-10190010-vyprodej-vyhodna-nabidka-16306\/","og_locale":"cs_CZ","og_type":"article","og_title":"Z\u00e1v\u011bsn\u00e9 k\u0159eslo FAIO staror\u016f\u017eov\u00e1 IWH-10190010 - v\u00fdprodej V\u00fdhodn\u00e1 Nab\u00eddka -","og_description":"Z\u00e1v\u011bsn\u00e9 k\u0159eslo FAIO staror\u016f\u017eov\u00e1 IWH-10190010 Z\u00e1v\u011bsn\u00e9 zahradn\u00ed k\u0159eslo Faio pohodln\u00e9 k\u0159eslo zav\u011b\u0161en\u00e9 na \u010derstv\u00e9m vzduchu ve va\u0161\u00ed zahrad\u011b nebo i\u00a0lo\u017enici v\u00e1m zp\u0159\u00edjemn\u00ed den. K\u0159eslo je vystlan\u00e9 m\u011bkk\u00fdmi pol\u0161t\u00e1\u0159i. Obl\u00edb\u00edte si ho p\u0159i po\u0159\u00e1d\u00e1n\u00ed zahradn\u00ed p\u00e1rty, grilov\u00e1n\u00ed nebo p\u0159i relaxaci p\u0159i letn\u00edm slun\u011bn\u00ed u\u00a0baz\u00e9nu.\u00a0\u00a0 Stojan nen\u00ed sou\u010d\u00e1st\u00ed balen\u00ed, je mo\u017en\u00e9 si jej doobjednat. materi\u00e1l:\u00a0bavlna, polyester\u00a0 rozm\u011br [&hellip;]","og_url":"https:\/\/www.domstavpro.com\/index.php\/produkt\/zavesne-kreslo-faio-staroruzova-iwh-10190010-vyprodej-vyhodna-nabidka-16306\/","og_image":[{"width":1000,"height":525,"url":"https:\/\/www.domstavpro.com\/wp-content\/uploads\/2026\/SK0027351-CZ20260425-093449-0-1777080896-zavesne-kreslo-faio-staroruzova-iwh-10190010-vyprodej.webp","type":"image\/webp"}],"twitter_card":"summary_large_image","twitter_misc":{"Odhadovan\u00e1 doba \u010dten\u00ed":"1 minuta"},"schema":{"@context":"https:\/\/schema.org","@graph":[{"@type":"WebPage","@id":"https:\/\/www.domstavpro.com\/index.php\/produkt\/zavesne-kreslo-faio-staroruzova-iwh-10190010-vyprodej-vyhodna-nabidka-16306\/","url":"https:\/\/www.domstavpro.com\/index.php\/produkt\/zavesne-kreslo-faio-staroruzova-iwh-10190010-vyprodej-vyhodna-nabidka-16306\/","name":"Z\u00e1v\u011bsn\u00e9 k\u0159eslo FAIO staror\u016f\u017eov\u00e1 IWH-10190010 - v\u00fdprodej V\u00fdhodn\u00e1 Nab\u00eddka -","isPartOf":{"@id":"https:\/\/www.domstavpro.com\/#website"},"primaryImageOfPage":{"@id":"https:\/\/www.domstavpro.com\/index.php\/produkt\/zavesne-kreslo-faio-staroruzova-iwh-10190010-vyprodej-vyhodna-nabidka-16306\/#primaryimage"},"image":{"@id":"https:\/\/www.domstavpro.com\/index.php\/produkt\/zavesne-kreslo-faio-staroruzova-iwh-10190010-vyprodej-vyhodna-nabidka-16306\/#primaryimage"},"thumbnailUrl":"https:\/\/www.domstavpro.com\/wp-content\/uploads\/2026\/SK0027351-CZ20260425-093449-0-1777080896-zavesne-kreslo-faio-staroruzova-iwh-10190010-vyprodej.webp","datePublished":"2026-04-27T15:08:31+00:00","breadcrumb":{"@id":"https:\/\/www.domstavpro.com\/index.php\/produkt\/zavesne-kreslo-faio-staroruzova-iwh-10190010-vyprodej-vyhodna-nabidka-16306\/#breadcrumb"},"inLanguage":"cs","potentialAction":[{"@type":"ReadAction","target":["https:\/\/www.domstavpro.com\/index.php\/produkt\/zavesne-kreslo-faio-staroruzova-iwh-10190010-vyprodej-vyhodna-nabidka-16306\/"]}]},{"@type":"ImageObject","inLanguage":"cs","@id":"https:\/\/www.domstavpro.com\/index.php\/produkt\/zavesne-kreslo-faio-staroruzova-iwh-10190010-vyprodej-vyhodna-nabidka-16306\/#primaryimage","url":"https:\/\/www.domstavpro.com\/wp-content\/uploads\/2026\/SK0027351-CZ20260425-093449-0-1777080896-zavesne-kreslo-faio-staroruzova-iwh-10190010-vyprodej.webp","contentUrl":"https:\/\/www.domstavpro.com\/wp-content\/uploads\/2026\/SK0027351-CZ20260425-093449-0-1777080896-zavesne-kreslo-faio-staroruzova-iwh-10190010-vyprodej.webp","width":1000,"height":525},{"@type":"BreadcrumbList","@id":"https:\/\/www.domstavpro.com\/index.php\/produkt\/zavesne-kreslo-faio-staroruzova-iwh-10190010-vyprodej-vyhodna-nabidka-16306\/#breadcrumb","itemListElement":[{"@type":"ListItem","position":1,"name":"Home","item":"https:\/\/www.domstavpro.com\/"},{"@type":"ListItem","position":2,"name":"Products","item":"https:\/\/www.domstavpro.com\/index.php\/products\/"},{"@type":"ListItem","position":3,"name":"Z\u00e1v\u011bsn\u00e9 k\u0159eslo FAIO staror\u016f\u017eov\u00e1 IWH-10190010 &#8211; v\u00fdprodej V\u00fdhodn\u00e1 Nab\u00eddka"}]},{"@type":"WebSite","@id":"https:\/\/www.domstavpro.com\/#website","url":"https:\/\/www.domstavpro.com\/","name":"","description":"","potentialAction":[{"@type":"SearchAction","target":{"@type":"EntryPoint","urlTemplate":"https:\/\/www.domstavpro.com\/?s={search_term_string}"},"query-input":{"@type":"PropertyValueSpecification","valueRequired":true,"valueName":"search_term_string"}}],"inLanguage":"cs"}]}},"_links":{"self":[{"href":"https:\/\/www.domstavpro.com\/index.php\/wp-json\/wp\/v2\/product\/16306","targetHints":{"allow":["GET"]}}],"collection":[{"href":"https:\/\/www.domstavpro.com\/index.php\/wp-json\/wp\/v2\/product"}],"about":[{"href":"https:\/\/www.domstavpro.com\/index.php\/wp-json\/wp\/v2\/types\/product"}],"replies":[{"embeddable":true,"href":"https:\/\/www.domstavpro.com\/index.php\/wp-json\/wp\/v2\/comments?post=16306"}],"wp:featuredmedia":[{"embeddable":true,"href":"https:\/\/www.domstavpro.com\/index.php\/wp-json\/wp\/v2\/media\/16406"}],"wp:attachment":[{"href":"https:\/\/www.domstavpro.com\/index.php\/wp-json\/wp\/v2\/media?parent=16306"}],"wp:term":[{"taxonomy":"product_brand","embeddable":true,"href":"https:\/\/www.domstavpro.com\/index.php\/wp-json\/wp\/v2\/product_brand?post=16306"},{"taxonomy":"product_cat","embeddable":true,"href":"https:\/\/www.domstavpro.com\/index.php\/wp-json\/wp\/v2\/product_cat?post=16306"},{"taxonomy":"product_tag","embeddable":true,"href":"https:\/\/www.domstavpro.com\/index.php\/wp-json\/wp\/v2\/product_tag?post=16306"}],"curies":[{"name":"wp","href":"https:\/\/api.w.org\/{rel}","templated":true}]}}