{"id":16305,"date":"2026-04-27T15:08:31","date_gmt":"2026-04-27T15:08:31","guid":{"rendered":""},"modified":"2026-04-27T15:08:31","modified_gmt":"2026-04-27T15:08:31","slug":"zavesne-kreslo-ambrosia-staroruzova-iwh-10190004-vyprodej-horka-nabidka-16305","status":"publish","type":"product","link":"https:\/\/www.domstavpro.com\/index.php\/produkt\/zavesne-kreslo-ambrosia-staroruzova-iwh-10190004-vyprodej-horka-nabidka-16305\/","title":{"rendered":"Z\u00e1v\u011bsn\u00e9 k\u0159eslo AMBROSIA staror\u016f\u017eov\u00e1 IWH-10190004 &#8211; v\u00fdprodej Hork\u00e1 Nab\u00eddka"},"content":{"rendered":"<div id=\"e7569313\" class=\"pages\">\n<div>\n<div id=\"PDDescription\" class=\"UserContentView userContent v1a v1 bs-view dcon dc164 PDDescription\" ><dc-con><dc-con><bs-empty><\/bs-empty><\/dc-con><dc-con>        <\/p>\n<div class=\"customDescription\">                    <\/div>\n<p><\/dc-con><dc-con>Z\u00e1v\u011bsn\u00e9 k\u0159eslo AMBROSIA staror\u016f\u017eov\u00e1 IWH-10190004<\/dc-con><\/dc-con><\/div>\n<div id=\"PDDescription2\" class=\"UserContentView userContent v1a v1 bs-view dcon dc165 PDDescription2\" >\n<p><strong>Pohodln\u00e9 a\u00a0elegantn\u00ed z\u00e1v\u011bsn\u00e9 k\u0159eslo Ambrosia<\/strong><\/p>\n<p>Kr\u00e1sn\u011b m\u011bkk\u00fd pol\u0161t\u00e1\u0159 (lze dokoupit zvl\u00e1\u0161\u0165 k\u00a0tomuto k\u0159eslu) a\u00a0bavln\u011bn\u00e1 vazba spolu s\u00a0ozdobn\u00fdmi st\u0159apci zajist\u00ed pohodl\u00ed pro ka\u017ed\u00e9ho.<\/p>\n<p>Konstrukce je vyrobena z\u00a0oceli, polyesteru a\u00a0bavlny a\u00a0je velmi stabiln\u00ed a\u00a0pru\u017en\u00e1.<\/p>\n<p><strong>Stojan nen\u00ed sou\u010d\u00e1st\u00ed balen\u00ed, je mo\u017en\u00e9 si jej doobjednat.<\/strong><\/p>\n<p><strong>Hlavn\u00ed p\u0159ednosti:<\/strong><\/p>\n<ul>\n<li>atraktivn\u00ed design<\/li>\n<li>m\u011bkk\u00fd, velk\u00fd pol\u0161t\u00e1\u0159<\/li>\n<li>pevn\u00fd ocelov\u00fd r\u00e1m<\/li>\n<li>pro vnit\u0159n\u00ed i\u00a0venkovn\u00ed pou\u017eit\u00ed<\/li>\n<li>dekora\u010dn\u00ed st\u0159apce<\/li>\n<li>n\u00edzk\u00e1 hmotnost<\/li>\n<\/ul>\n<p><strong>Technick\u00e9 parametry:<\/strong><\/p>\n<ul>\n<li>Rozm\u011bry v rozlo\u017een\u00e9m stavu\u00a0(\u0160xVxH) :\u00a0cca 80 x\u00a0130 x\u00a075 cm<\/li>\n<li>Rozm\u011bry ve slo\u017een\u00e9m stavu (\u0160xVxH): cca 80x80x5<\/li>\n<li>\u0160\u00ed\u0159ka: 80<\/li>\n<li>Hloubka: 60<\/li>\n<li>V\u00fd\u0161ka: cca 130<\/li>\n<li>Pr\u016fm\u011br sed\u00e1ku: cca 60 cm<\/li>\n<li>D\u00e9lka st\u0159apc\u016f: cca 18cm<\/li>\n<li>Zadn\u00ed popruhy : cca 1,5 x 112 cm<\/li>\n<li>P\u0159edn\u00ed popruhy : cca 1,5 x 90 cm<\/li>\n<\/ul>\n<\/div><\/div>\n<div id=\"PDTable3\" class=\"ProductDetailTableView v3a v3 bs-view dcon dc185 PDTable3\" >\n<table>\n<thead><\/thead>\n<tbody>\n<tr class=\"attribute attr_bsshop_maker\">\n<td class=\"caption\">V\u00fdrobce<\/td>\n<td class=\"value\">IWHome<\/td>\n<\/tr>\n<tr class=\"weight\">\n<td class=\"caption\"><span>Hmotnost<\/span><\/td>\n<td class=\"value\"><span>5,00 kg<\/span><\/td>\n<\/tr>\n<\/tbody>\n<\/table>\n<\/div>\n<\/div>\n<div id=\"e7569314\" class=\"tabs\">\n","protected":false},"excerpt":{"rendered":"<p>Z\u00e1v\u011bsn\u00e9 k\u0159eslo AMBROSIA staror\u016f\u017eov\u00e1 IWH-10190004 Pohodln\u00e9 a\u00a0elegantn\u00ed z\u00e1v\u011bsn\u00e9 k\u0159eslo Ambrosia Kr\u00e1sn\u011b m\u011bkk\u00fd pol\u0161t\u00e1\u0159 (lze dokoupit zvl\u00e1\u0161\u0165 k\u00a0tomuto k\u0159eslu) a\u00a0bavln\u011bn\u00e1 vazba spolu s\u00a0ozdobn\u00fdmi st\u0159apci zajist\u00ed pohodl\u00ed pro ka\u017ed\u00e9ho. Konstrukce je vyrobena z\u00a0oceli, polyesteru a\u00a0bavlny a\u00a0je velmi stabiln\u00ed a\u00a0pru\u017en\u00e1. Stojan nen\u00ed sou\u010d\u00e1st\u00ed balen\u00ed, je mo\u017en\u00e9 si jej doobjednat. Hlavn\u00ed p\u0159ednosti: atraktivn\u00ed design m\u011bkk\u00fd, velk\u00fd pol\u0161t\u00e1\u0159 pevn\u00fd ocelov\u00fd [&hellip;]<\/p>\n","protected":false},"featured_media":16405,"comment_status":"open","ping_status":"open","template":"","meta":[],"product_brand":[],"product_cat":[66],"product_tag":[],"class_list":{"0":"post-16305","1":"product","2":"type-product","3":"status-publish","4":"has-post-thumbnail","6":"product_cat-pochutiny-dum-a-zahrada","8":"first","9":"instock","10":"sale","11":"shipping-taxable","12":"purchasable","13":"product-type-simple"},"yoast_head":"<!-- This site is optimized with the Yoast SEO plugin v26.8 - https:\/\/yoast.com\/product\/yoast-seo-wordpress\/ -->\n<title>Z\u00e1v\u011bsn\u00e9 k\u0159eslo AMBROSIA staror\u016f\u017eov\u00e1 IWH-10190004 - v\u00fdprodej Hork\u00e1 Nab\u00eddka -<\/title>\n<meta name=\"robots\" content=\"index, follow, max-snippet:-1, max-image-preview:large, max-video-preview:-1\" \/>\n<link rel=\"canonical\" href=\"https:\/\/www.domstavpro.com\/index.php\/produkt\/zavesne-kreslo-ambrosia-staroruzova-iwh-10190004-vyprodej-horka-nabidka-16305\/\" \/>\n<meta property=\"og:locale\" content=\"cs_CZ\" \/>\n<meta property=\"og:type\" content=\"article\" \/>\n<meta property=\"og:title\" content=\"Z\u00e1v\u011bsn\u00e9 k\u0159eslo AMBROSIA staror\u016f\u017eov\u00e1 IWH-10190004 - v\u00fdprodej Hork\u00e1 Nab\u00eddka -\" \/>\n<meta property=\"og:description\" content=\"Z\u00e1v\u011bsn\u00e9 k\u0159eslo AMBROSIA staror\u016f\u017eov\u00e1 IWH-10190004 Pohodln\u00e9 a\u00a0elegantn\u00ed z\u00e1v\u011bsn\u00e9 k\u0159eslo Ambrosia Kr\u00e1sn\u011b m\u011bkk\u00fd pol\u0161t\u00e1\u0159 (lze dokoupit zvl\u00e1\u0161\u0165 k\u00a0tomuto k\u0159eslu) a\u00a0bavln\u011bn\u00e1 vazba spolu s\u00a0ozdobn\u00fdmi st\u0159apci zajist\u00ed pohodl\u00ed pro ka\u017ed\u00e9ho. Konstrukce je vyrobena z\u00a0oceli, polyesteru a\u00a0bavlny a\u00a0je velmi stabiln\u00ed a\u00a0pru\u017en\u00e1. Stojan nen\u00ed sou\u010d\u00e1st\u00ed balen\u00ed, je mo\u017en\u00e9 si jej doobjednat. Hlavn\u00ed p\u0159ednosti: atraktivn\u00ed design m\u011bkk\u00fd, velk\u00fd pol\u0161t\u00e1\u0159 pevn\u00fd ocelov\u00fd [&hellip;]\" \/>\n<meta property=\"og:url\" content=\"https:\/\/www.domstavpro.com\/index.php\/produkt\/zavesne-kreslo-ambrosia-staroruzova-iwh-10190004-vyprodej-horka-nabidka-16305\/\" \/>\n<meta property=\"og:image\" content=\"https:\/\/www.domstavpro.com\/wp-content\/uploads\/2026\/SK0027350-CZ20260425-093449-0-1777080896-zavesne-kreslo-ambrosia-staroruzova-iwh-10190004-vyprodej.j.webp\" \/>\n\t<meta property=\"og:image:width\" content=\"1000\" \/>\n\t<meta property=\"og:image:height\" content=\"525\" \/>\n\t<meta property=\"og:image:type\" content=\"image\/webp\" \/>\n<meta name=\"twitter:card\" content=\"summary_large_image\" \/>\n<meta name=\"twitter:label1\" content=\"Odhadovan\u00e1 doba \u010dten\u00ed\" \/>\n\t<meta name=\"twitter:data1\" content=\"1 minuta\" \/>\n<script type=\"application\/ld+json\" class=\"yoast-schema-graph\">{\"@context\":\"https:\/\/schema.org\",\"@graph\":[{\"@type\":\"WebPage\",\"@id\":\"https:\/\/www.domstavpro.com\/index.php\/produkt\/zavesne-kreslo-ambrosia-staroruzova-iwh-10190004-vyprodej-horka-nabidka-16305\/\",\"url\":\"https:\/\/www.domstavpro.com\/index.php\/produkt\/zavesne-kreslo-ambrosia-staroruzova-iwh-10190004-vyprodej-horka-nabidka-16305\/\",\"name\":\"Z\u00e1v\u011bsn\u00e9 k\u0159eslo AMBROSIA staror\u016f\u017eov\u00e1 IWH-10190004 - v\u00fdprodej Hork\u00e1 Nab\u00eddka -\",\"isPartOf\":{\"@id\":\"https:\/\/www.domstavpro.com\/#website\"},\"primaryImageOfPage\":{\"@id\":\"https:\/\/www.domstavpro.com\/index.php\/produkt\/zavesne-kreslo-ambrosia-staroruzova-iwh-10190004-vyprodej-horka-nabidka-16305\/#primaryimage\"},\"image\":{\"@id\":\"https:\/\/www.domstavpro.com\/index.php\/produkt\/zavesne-kreslo-ambrosia-staroruzova-iwh-10190004-vyprodej-horka-nabidka-16305\/#primaryimage\"},\"thumbnailUrl\":\"https:\/\/www.domstavpro.com\/wp-content\/uploads\/2026\/SK0027350-CZ20260425-093449-0-1777080896-zavesne-kreslo-ambrosia-staroruzova-iwh-10190004-vyprodej.j.webp\",\"datePublished\":\"2026-04-27T15:08:31+00:00\",\"breadcrumb\":{\"@id\":\"https:\/\/www.domstavpro.com\/index.php\/produkt\/zavesne-kreslo-ambrosia-staroruzova-iwh-10190004-vyprodej-horka-nabidka-16305\/#breadcrumb\"},\"inLanguage\":\"cs\",\"potentialAction\":[{\"@type\":\"ReadAction\",\"target\":[\"https:\/\/www.domstavpro.com\/index.php\/produkt\/zavesne-kreslo-ambrosia-staroruzova-iwh-10190004-vyprodej-horka-nabidka-16305\/\"]}]},{\"@type\":\"ImageObject\",\"inLanguage\":\"cs\",\"@id\":\"https:\/\/www.domstavpro.com\/index.php\/produkt\/zavesne-kreslo-ambrosia-staroruzova-iwh-10190004-vyprodej-horka-nabidka-16305\/#primaryimage\",\"url\":\"https:\/\/www.domstavpro.com\/wp-content\/uploads\/2026\/SK0027350-CZ20260425-093449-0-1777080896-zavesne-kreslo-ambrosia-staroruzova-iwh-10190004-vyprodej.j.webp\",\"contentUrl\":\"https:\/\/www.domstavpro.com\/wp-content\/uploads\/2026\/SK0027350-CZ20260425-093449-0-1777080896-zavesne-kreslo-ambrosia-staroruzova-iwh-10190004-vyprodej.j.webp\",\"width\":1000,\"height\":525},{\"@type\":\"BreadcrumbList\",\"@id\":\"https:\/\/www.domstavpro.com\/index.php\/produkt\/zavesne-kreslo-ambrosia-staroruzova-iwh-10190004-vyprodej-horka-nabidka-16305\/#breadcrumb\",\"itemListElement\":[{\"@type\":\"ListItem\",\"position\":1,\"name\":\"Home\",\"item\":\"https:\/\/www.domstavpro.com\/\"},{\"@type\":\"ListItem\",\"position\":2,\"name\":\"Products\",\"item\":\"https:\/\/www.domstavpro.com\/index.php\/products\/\"},{\"@type\":\"ListItem\",\"position\":3,\"name\":\"Z\u00e1v\u011bsn\u00e9 k\u0159eslo AMBROSIA staror\u016f\u017eov\u00e1 IWH-10190004 &#8211; v\u00fdprodej Hork\u00e1 Nab\u00eddka\"}]},{\"@type\":\"WebSite\",\"@id\":\"https:\/\/www.domstavpro.com\/#website\",\"url\":\"https:\/\/www.domstavpro.com\/\",\"name\":\"\",\"description\":\"\",\"potentialAction\":[{\"@type\":\"SearchAction\",\"target\":{\"@type\":\"EntryPoint\",\"urlTemplate\":\"https:\/\/www.domstavpro.com\/?s={search_term_string}\"},\"query-input\":{\"@type\":\"PropertyValueSpecification\",\"valueRequired\":true,\"valueName\":\"search_term_string\"}}],\"inLanguage\":\"cs\"}]}<\/script>\n<!-- \/ Yoast SEO plugin. -->","yoast_head_json":{"title":"Z\u00e1v\u011bsn\u00e9 k\u0159eslo AMBROSIA staror\u016f\u017eov\u00e1 IWH-10190004 - v\u00fdprodej Hork\u00e1 Nab\u00eddka -","robots":{"index":"index","follow":"follow","max-snippet":"max-snippet:-1","max-image-preview":"max-image-preview:large","max-video-preview":"max-video-preview:-1"},"canonical":"https:\/\/www.domstavpro.com\/index.php\/produkt\/zavesne-kreslo-ambrosia-staroruzova-iwh-10190004-vyprodej-horka-nabidka-16305\/","og_locale":"cs_CZ","og_type":"article","og_title":"Z\u00e1v\u011bsn\u00e9 k\u0159eslo AMBROSIA staror\u016f\u017eov\u00e1 IWH-10190004 - v\u00fdprodej Hork\u00e1 Nab\u00eddka -","og_description":"Z\u00e1v\u011bsn\u00e9 k\u0159eslo AMBROSIA staror\u016f\u017eov\u00e1 IWH-10190004 Pohodln\u00e9 a\u00a0elegantn\u00ed z\u00e1v\u011bsn\u00e9 k\u0159eslo Ambrosia Kr\u00e1sn\u011b m\u011bkk\u00fd pol\u0161t\u00e1\u0159 (lze dokoupit zvl\u00e1\u0161\u0165 k\u00a0tomuto k\u0159eslu) a\u00a0bavln\u011bn\u00e1 vazba spolu s\u00a0ozdobn\u00fdmi st\u0159apci zajist\u00ed pohodl\u00ed pro ka\u017ed\u00e9ho. Konstrukce je vyrobena z\u00a0oceli, polyesteru a\u00a0bavlny a\u00a0je velmi stabiln\u00ed a\u00a0pru\u017en\u00e1. Stojan nen\u00ed sou\u010d\u00e1st\u00ed balen\u00ed, je mo\u017en\u00e9 si jej doobjednat. Hlavn\u00ed p\u0159ednosti: atraktivn\u00ed design m\u011bkk\u00fd, velk\u00fd pol\u0161t\u00e1\u0159 pevn\u00fd ocelov\u00fd [&hellip;]","og_url":"https:\/\/www.domstavpro.com\/index.php\/produkt\/zavesne-kreslo-ambrosia-staroruzova-iwh-10190004-vyprodej-horka-nabidka-16305\/","og_image":[{"width":1000,"height":525,"url":"https:\/\/www.domstavpro.com\/wp-content\/uploads\/2026\/SK0027350-CZ20260425-093449-0-1777080896-zavesne-kreslo-ambrosia-staroruzova-iwh-10190004-vyprodej.j.webp","type":"image\/webp"}],"twitter_card":"summary_large_image","twitter_misc":{"Odhadovan\u00e1 doba \u010dten\u00ed":"1 minuta"},"schema":{"@context":"https:\/\/schema.org","@graph":[{"@type":"WebPage","@id":"https:\/\/www.domstavpro.com\/index.php\/produkt\/zavesne-kreslo-ambrosia-staroruzova-iwh-10190004-vyprodej-horka-nabidka-16305\/","url":"https:\/\/www.domstavpro.com\/index.php\/produkt\/zavesne-kreslo-ambrosia-staroruzova-iwh-10190004-vyprodej-horka-nabidka-16305\/","name":"Z\u00e1v\u011bsn\u00e9 k\u0159eslo AMBROSIA staror\u016f\u017eov\u00e1 IWH-10190004 - v\u00fdprodej Hork\u00e1 Nab\u00eddka -","isPartOf":{"@id":"https:\/\/www.domstavpro.com\/#website"},"primaryImageOfPage":{"@id":"https:\/\/www.domstavpro.com\/index.php\/produkt\/zavesne-kreslo-ambrosia-staroruzova-iwh-10190004-vyprodej-horka-nabidka-16305\/#primaryimage"},"image":{"@id":"https:\/\/www.domstavpro.com\/index.php\/produkt\/zavesne-kreslo-ambrosia-staroruzova-iwh-10190004-vyprodej-horka-nabidka-16305\/#primaryimage"},"thumbnailUrl":"https:\/\/www.domstavpro.com\/wp-content\/uploads\/2026\/SK0027350-CZ20260425-093449-0-1777080896-zavesne-kreslo-ambrosia-staroruzova-iwh-10190004-vyprodej.j.webp","datePublished":"2026-04-27T15:08:31+00:00","breadcrumb":{"@id":"https:\/\/www.domstavpro.com\/index.php\/produkt\/zavesne-kreslo-ambrosia-staroruzova-iwh-10190004-vyprodej-horka-nabidka-16305\/#breadcrumb"},"inLanguage":"cs","potentialAction":[{"@type":"ReadAction","target":["https:\/\/www.domstavpro.com\/index.php\/produkt\/zavesne-kreslo-ambrosia-staroruzova-iwh-10190004-vyprodej-horka-nabidka-16305\/"]}]},{"@type":"ImageObject","inLanguage":"cs","@id":"https:\/\/www.domstavpro.com\/index.php\/produkt\/zavesne-kreslo-ambrosia-staroruzova-iwh-10190004-vyprodej-horka-nabidka-16305\/#primaryimage","url":"https:\/\/www.domstavpro.com\/wp-content\/uploads\/2026\/SK0027350-CZ20260425-093449-0-1777080896-zavesne-kreslo-ambrosia-staroruzova-iwh-10190004-vyprodej.j.webp","contentUrl":"https:\/\/www.domstavpro.com\/wp-content\/uploads\/2026\/SK0027350-CZ20260425-093449-0-1777080896-zavesne-kreslo-ambrosia-staroruzova-iwh-10190004-vyprodej.j.webp","width":1000,"height":525},{"@type":"BreadcrumbList","@id":"https:\/\/www.domstavpro.com\/index.php\/produkt\/zavesne-kreslo-ambrosia-staroruzova-iwh-10190004-vyprodej-horka-nabidka-16305\/#breadcrumb","itemListElement":[{"@type":"ListItem","position":1,"name":"Home","item":"https:\/\/www.domstavpro.com\/"},{"@type":"ListItem","position":2,"name":"Products","item":"https:\/\/www.domstavpro.com\/index.php\/products\/"},{"@type":"ListItem","position":3,"name":"Z\u00e1v\u011bsn\u00e9 k\u0159eslo AMBROSIA staror\u016f\u017eov\u00e1 IWH-10190004 &#8211; v\u00fdprodej Hork\u00e1 Nab\u00eddka"}]},{"@type":"WebSite","@id":"https:\/\/www.domstavpro.com\/#website","url":"https:\/\/www.domstavpro.com\/","name":"","description":"","potentialAction":[{"@type":"SearchAction","target":{"@type":"EntryPoint","urlTemplate":"https:\/\/www.domstavpro.com\/?s={search_term_string}"},"query-input":{"@type":"PropertyValueSpecification","valueRequired":true,"valueName":"search_term_string"}}],"inLanguage":"cs"}]}},"_links":{"self":[{"href":"https:\/\/www.domstavpro.com\/index.php\/wp-json\/wp\/v2\/product\/16305","targetHints":{"allow":["GET"]}}],"collection":[{"href":"https:\/\/www.domstavpro.com\/index.php\/wp-json\/wp\/v2\/product"}],"about":[{"href":"https:\/\/www.domstavpro.com\/index.php\/wp-json\/wp\/v2\/types\/product"}],"replies":[{"embeddable":true,"href":"https:\/\/www.domstavpro.com\/index.php\/wp-json\/wp\/v2\/comments?post=16305"}],"wp:featuredmedia":[{"embeddable":true,"href":"https:\/\/www.domstavpro.com\/index.php\/wp-json\/wp\/v2\/media\/16405"}],"wp:attachment":[{"href":"https:\/\/www.domstavpro.com\/index.php\/wp-json\/wp\/v2\/media?parent=16305"}],"wp:term":[{"taxonomy":"product_brand","embeddable":true,"href":"https:\/\/www.domstavpro.com\/index.php\/wp-json\/wp\/v2\/product_brand?post=16305"},{"taxonomy":"product_cat","embeddable":true,"href":"https:\/\/www.domstavpro.com\/index.php\/wp-json\/wp\/v2\/product_cat?post=16305"},{"taxonomy":"product_tag","embeddable":true,"href":"https:\/\/www.domstavpro.com\/index.php\/wp-json\/wp\/v2\/product_tag?post=16305"}],"curies":[{"name":"wp","href":"https:\/\/api.w.org\/{rel}","templated":true}]}}