{"id":16293,"date":"2026-04-27T15:08:31","date_gmt":"2026-04-27T15:08:31","guid":{"rendered":""},"modified":"2026-04-27T15:08:31","modified_gmt":"2026-04-27T15:08:31","slug":"nizka-cena-grundfos-obehove-cerpadlo-magna1-25-60-180-1x230v-50hz-pn10-16293","status":"publish","type":"product","link":"https:\/\/www.domstavpro.com\/index.php\/produkt\/nizka-cena-grundfos-obehove-cerpadlo-magna1-25-60-180-1x230v-50hz-pn10-16293\/","title":{"rendered":"N\u00edzk\u00e1 Cena GRUNDFOS Ob\u011bhov\u00e9 \u010derpadlo MAGNA1 25-60 180 1x230V 50Hz PN10"},"content":{"rendered":"<div id=\"e8170481\" class=\"pages\">\n<div>\n<div id=\"PDDescription\" class=\"UserContentView userContent v1a v1 bs-view dcon dc164 PDDescription\" ><dc-con><dc-con><bs-empty><\/bs-empty><\/dc-con><dc-con>        <\/p>\n<div class=\"customDescription\">                    <\/div>\n<p><\/dc-con><dc-con><\/p>\n<h3 style=\"margin: 18px 0px 9px; padding: 0px; border: 0px currentColor; color: #223b56; text-transform: uppercase; line-height: 1.1; text-indent: 0px; letter-spacing: normal; font-family: Poppins, sans-serif; font-size: 20px; font-style: normal; font-weight: 600; word-spacing: 0px; vertical-align: baseline; white-space: normal; box-sizing: border-box; orphans: 2; widows: 2; font-stretch: inherit; background-color: #ffffff; -webkit-font-smoothing: antialiased; font-variant-ligatures: normal; font-variant-caps: normal; font-variant-numeric: inherit; font-variant-east-asian: inherit; -webkit-text-stroke-width: 0px; text-decoration-thickness: initial; text-decoration-style: initial; text-decoration-color: initial;\">POPIS:<\/h3>\n<p style=\"margin: 0px 0px 1em; padding: 0px; border: 0px currentColor; text-align: left; color: #333333; text-transform: none; line-height: inherit; text-indent: 0px; letter-spacing: normal; font-family: sans-serif; font-size: 15px; font-style: normal; font-weight: 400; word-spacing: 0px; vertical-align: baseline; white-space: normal; min-height: 1px; box-sizing: border-box; orphans: 2; widows: 2; font-stretch: inherit; background-color: #ffffff; -webkit-font-smoothing: antialiased; font-variant-ligatures: normal; font-variant-caps: normal; font-variant-numeric: inherit; font-variant-east-asian: inherit; -webkit-text-stroke-width: 0px; text-decoration-thickness: initial; text-decoration-style: initial; text-decoration-color: initial;\">ALPHA1 L je technicky a funk\u010dn\u011b vylep\u0161en\u00fd n\u00e1stupce \u010derpadel ALPHA2 L.<br style=\"box-sizing: border-box; -webkit-font-smoothing: antialiased;\"><br style=\"box-sizing: border-box; -webkit-font-smoothing: antialiased;\">D\u00edky sv\u00e9 kompaktn\u00ed konstrukci, n\u00edzk\u00e9 spot\u0159eb\u011b el.energie a vysok\u00e9 \u00fa\u010dinnosti najde uplatn\u011bn\u00ed v \u0161irok\u00e9 \u0161k\u00e1le z\u00e1kladn\u00edch aplikac\u00ed, kde nepot\u0159ebujete pokro\u010dil\u00e9 funkce vysp\u011blej\u0161\u00edch ob\u011bhov\u00fdch \u010derpadel Grundfos.<br style=\"box-sizing: border-box; -webkit-font-smoothing: antialiased;\"><br style=\"box-sizing: border-box; -webkit-font-smoothing: antialiased;\">Nab\u00edz\u00ed jednoduch\u00e9 p\u0159ipojen\u00ed, snadn\u00e9 nastaven\u00ed a nov\u011b i \u0159\u00edzen\u00ed v\u00fdkonu \u010derpadla pomoc\u00ed PWM sign\u00e1lu. Je ide\u00e1ln\u00ed n\u00e1hradou za star\u00e1, nefunk\u010dn\u00ed nebo ne\u00fa\u010dinn\u00e1 \u010derpadla bez nutnosti p\u0159ebyte\u010dn\u00fdch n\u00e1hradn\u00edch d\u00edl\u016f.<\/p>\n<h3 style=\"margin: 18px 0px 9px; padding: 0px; border: 0px currentColor; color: #223b56; text-transform: uppercase; line-height: 1.1; text-indent: 0px; letter-spacing: normal; font-family: Poppins, sans-serif; font-size: 20px; font-style: normal; font-weight: 600; word-spacing: 0px; vertical-align: baseline; white-space: normal; box-sizing: border-box; orphans: 2; widows: 2; font-stretch: inherit; background-color: #ffffff; -webkit-font-smoothing: antialiased; font-variant-ligatures: normal; font-variant-caps: normal; font-variant-numeric: inherit; font-variant-east-asian: inherit; -webkit-text-stroke-width: 0px; text-decoration-thickness: initial; text-decoration-style: initial; text-decoration-color: initial;\">TECHNICK\u00c9 INFORMACE:<\/h3>\n<ul style=\"margin: 1em 0px 2em; padding: 0px 0px 0px 15px; border: 0px currentColor; color: #333333; text-transform: none; line-height: 1.6; text-indent: 0px; letter-spacing: normal; font-family: sans-serif; font-size: 14px; font-style: normal; font-weight: 400; word-spacing: 0px; vertical-align: baseline; white-space: normal; box-sizing: border-box; orphans: 2; widows: 2; font-stretch: inherit; background-color: #ffffff; -webkit-font-smoothing: antialiased; font-variant-ligatures: normal; font-variant-caps: normal; font-variant-numeric: inherit; font-variant-east-asian: inherit; -webkit-text-stroke-width: 0px; text-decoration-thickness: initial; text-decoration-style: initial; text-decoration-color: initial;\">\n<li style=\"margin: 0px; padding: 0px; border: 0px currentColor; color: #333333; line-height: inherit; font-family: sans-serif; font-size: 14px; font-style: inherit; font-variant: inherit; font-weight: inherit; vertical-align: baseline; box-sizing: border-box; font-stretch: inherit; -webkit-font-smoothing: antialiased;\">Teplota kapaliny: +2 \u00b0C a\u017e +95 \u00b0C<\/li>\n<li style=\"margin: 0px; padding: 0px; border: 0px currentColor; color: #333333; line-height: inherit; font-family: sans-serif; font-size: 14px; font-style: inherit; font-variant: inherit; font-weight: inherit; vertical-align: baseline; box-sizing: border-box; font-stretch: inherit; -webkit-font-smoothing: antialiased;\">Provozn\u00ed tlak: max. 10 bar\u016f (PN10)<\/li>\n<\/ul>\n<p style=\"margin: 0px 0px 1em; padding: 0px; border: 0px currentColor; text-align: left; color: #333333; text-transform: none; line-height: inherit; text-indent: 0px; letter-spacing: normal; font-family: sans-serif; font-size: 15px; font-style: normal; font-weight: 400; word-spacing: 0px; vertical-align: baseline; white-space: normal; min-height: 1px; box-sizing: border-box; orphans: 2; widows: 2; font-stretch: inherit; background-color: #ffffff; -webkit-font-smoothing: antialiased; font-variant-ligatures: normal; font-variant-caps: normal; font-variant-numeric: inherit; font-variant-east-asian: inherit; -webkit-text-stroke-width: 0px; text-decoration-thickness: initial; text-decoration-style: initial; text-decoration-color: initial;\">Hmotnost pro v\u00fdpo\u010det ceny p\u0159epravy: 3 kg<\/p>\n<p><\/dc-con><\/dc-con><\/div>\n<div id=\"PDDescription2\" class=\"UserContentView userContent v1a v1 bs-view dcon dc165 PDDescription2\" >\n<p><img decoding=\"async\" src=\"https:\/\/www.neptun.cz\/7770-thickbox_default\/alpha1-l-25-60-130-obehove-cerpadlo.jpg\"><\/p>\n<\/div><\/div>\n<div id=\"PDTable3\" class=\"ProductDetailTableView v3a v3 bs-view dcon dc185 PDTable3\" >\n<table>\n<thead><\/thead>\n<tbody>\n<tr class=\"attribute attr_bsshop_maker\">\n<td class=\"caption\">V\u00fdrobce<\/td>\n<td class=\"value\">Grundfos<\/td>\n<\/tr>\n<tr class=\"weight\">\n<td class=\"caption\"><span>Hmotnost<\/span><\/td>\n<td class=\"value\"><span>2,08 kg<\/span><\/td>\n<\/tr>\n<\/tbody>\n<\/table>\n<\/div>\n<div id=\"ProductMedia\" class=\"ProductMediaView MediaViewBase v1a v1 bs-view dcon dc409 ProductMedia\" ><bs-empty><\/bs-empty><\/p>\n<div class=\"files\">\n<div class=\"title sub\">Soubory<\/div>\n<p><a href=\"\/media\/28213\/03-cs-grundfosliterature-5247523.pdf?&amp;key=ZGpmIyQwNUZfMjgyMTM=\" class=\"pdf\">Katalogov&#253; list<\/a><a href=\"\/media\/28214\/01-cs-grundfosliterature-4925278.pdf?&amp;key=ZGpmIyQwNUZfMjgyMTQ=\" class=\"pdf\">N&#225;vod k obsluze<\/a><\/div>\n<p><bs-empty><\/bs-empty><\/div>\n<div id=\"PdProductGpsr\" class=\"ProductGpsrView v1a v1 bs-view dcon dc217 PdProductGpsr\" >\n<div class=\"subject\"><dc-root class=\"dcon dc219\"><span class=\"title\">Zodpov\u011bdn&#253; subjekt:<\/span><dc-con><dc-con><span class=\"company\">GRUNDFOS Sales Czechia and Slovakia s.r.o.<\/span><span class=\"name\">Grundfos<\/span><\/dc-con><dc-con><span class=\"street\">\u010cajkovsk&#233;ho 21<\/span><span class=\"city\">Olomouc<\/span><span class=\"zip\">779 00<\/span><span class=\"country\">\u010cesko<\/span><\/dc-con><span class=\"email\">gcz@grundfos.com<\/span><span class=\"phone\">585 716 111<\/span><bs-empty><\/bs-empty><a href=\"https:\/\/www.grundfos.com\/cz\/contact\/contact-us?tab=Kontaktujte-n%C3%A1s\" class=\"link\" target=\"_blank\">https:\/\/www.grundfos.com\/cz\/contact\/contact-us?tab=Kontaktujte-n%C3%A1s<\/a><\/dc-con><bs-empty><\/bs-empty><\/dc-root><\/div>\n<p><bs-empty><\/bs-empty><\/div>\n<\/div>\n<div id=\"e8170482\" class=\"tabs\">\n","protected":false},"excerpt":{"rendered":"<p>POPIS: ALPHA1 L je technicky a funk\u010dn\u011b vylep\u0161en\u00fd n\u00e1stupce \u010derpadel ALPHA2 L.D\u00edky sv\u00e9 kompaktn\u00ed konstrukci, n\u00edzk\u00e9 spot\u0159eb\u011b el.energie a vysok\u00e9 \u00fa\u010dinnosti najde uplatn\u011bn\u00ed v \u0161irok\u00e9 \u0161k\u00e1le z\u00e1kladn\u00edch aplikac\u00ed, kde nepot\u0159ebujete pokro\u010dil\u00e9 funkce vysp\u011blej\u0161\u00edch ob\u011bhov\u00fdch \u010derpadel Grundfos.Nab\u00edz\u00ed jednoduch\u00e9 p\u0159ipojen\u00ed, snadn\u00e9 nastaven\u00ed a nov\u011b i \u0159\u00edzen\u00ed v\u00fdkonu \u010derpadla pomoc\u00ed PWM sign\u00e1lu. Je ide\u00e1ln\u00ed n\u00e1hradou za star\u00e1, nefunk\u010dn\u00ed [&hellip;]<\/p>\n","protected":false},"featured_media":16393,"comment_status":"open","ping_status":"open","template":"","meta":[],"product_brand":[],"product_cat":[65],"product_tag":[],"class_list":{"0":"post-16293","1":"product","2":"type-product","3":"status-publish","4":"has-post-thumbnail","6":"product_cat-cerpadla-vod-225-rny","8":"first","9":"instock","10":"sale","11":"shipping-taxable","12":"purchasable","13":"product-type-simple"},"yoast_head":"<!-- This site is optimized with the Yoast SEO plugin v26.8 - https:\/\/yoast.com\/product\/yoast-seo-wordpress\/ -->\n<title>N\u00edzk\u00e1 Cena GRUNDFOS Ob\u011bhov\u00e9 \u010derpadlo MAGNA1 25-60 180 1x230V 50Hz PN10 -<\/title>\n<meta name=\"robots\" content=\"index, follow, max-snippet:-1, max-image-preview:large, max-video-preview:-1\" \/>\n<link rel=\"canonical\" href=\"https:\/\/www.domstavpro.com\/index.php\/produkt\/nizka-cena-grundfos-obehove-cerpadlo-magna1-25-60-180-1x230v-50hz-pn10-16293\/\" \/>\n<meta property=\"og:locale\" content=\"cs_CZ\" \/>\n<meta property=\"og:type\" content=\"article\" \/>\n<meta property=\"og:title\" content=\"N\u00edzk\u00e1 Cena GRUNDFOS Ob\u011bhov\u00e9 \u010derpadlo MAGNA1 25-60 180 1x230V 50Hz PN10 -\" \/>\n<meta property=\"og:description\" content=\"POPIS: ALPHA1 L je technicky a funk\u010dn\u011b vylep\u0161en\u00fd n\u00e1stupce \u010derpadel ALPHA2 L.D\u00edky sv\u00e9 kompaktn\u00ed konstrukci, n\u00edzk\u00e9 spot\u0159eb\u011b el.energie a vysok\u00e9 \u00fa\u010dinnosti najde uplatn\u011bn\u00ed v \u0161irok\u00e9 \u0161k\u00e1le z\u00e1kladn\u00edch aplikac\u00ed, kde nepot\u0159ebujete pokro\u010dil\u00e9 funkce vysp\u011blej\u0161\u00edch ob\u011bhov\u00fdch \u010derpadel Grundfos.Nab\u00edz\u00ed jednoduch\u00e9 p\u0159ipojen\u00ed, snadn\u00e9 nastaven\u00ed a nov\u011b i \u0159\u00edzen\u00ed v\u00fdkonu \u010derpadla pomoc\u00ed PWM sign\u00e1lu. Je ide\u00e1ln\u00ed n\u00e1hradou za star\u00e1, nefunk\u010dn\u00ed [&hellip;]\" \/>\n<meta property=\"og:url\" content=\"https:\/\/www.domstavpro.com\/index.php\/produkt\/nizka-cena-grundfos-obehove-cerpadlo-magna1-25-60-180-1x230v-50hz-pn10-16293\/\" \/>\n<meta property=\"og:image\" content=\"https:\/\/www.domstavpro.com\/wp-content\/uploads\/2026\/SK0027337-CZ20260425-093449-0-1777080896-grundfos-obehove-cerpadlo-magna1-25-60-180-1x230v-50hz-pn10.webp\" \/>\n\t<meta property=\"og:image:width\" content=\"1000\" \/>\n\t<meta property=\"og:image:height\" content=\"525\" \/>\n\t<meta property=\"og:image:type\" content=\"image\/webp\" \/>\n<meta name=\"twitter:card\" content=\"summary_large_image\" \/>\n<meta name=\"twitter:label1\" content=\"Odhadovan\u00e1 doba \u010dten\u00ed\" \/>\n\t<meta name=\"twitter:data1\" content=\"1 minuta\" \/>\n<script type=\"application\/ld+json\" class=\"yoast-schema-graph\">{\"@context\":\"https:\/\/schema.org\",\"@graph\":[{\"@type\":\"WebPage\",\"@id\":\"https:\/\/www.domstavpro.com\/index.php\/produkt\/nizka-cena-grundfos-obehove-cerpadlo-magna1-25-60-180-1x230v-50hz-pn10-16293\/\",\"url\":\"https:\/\/www.domstavpro.com\/index.php\/produkt\/nizka-cena-grundfos-obehove-cerpadlo-magna1-25-60-180-1x230v-50hz-pn10-16293\/\",\"name\":\"N\u00edzk\u00e1 Cena GRUNDFOS Ob\u011bhov\u00e9 \u010derpadlo MAGNA1 25-60 180 1x230V 50Hz PN10 -\",\"isPartOf\":{\"@id\":\"https:\/\/www.domstavpro.com\/#website\"},\"primaryImageOfPage\":{\"@id\":\"https:\/\/www.domstavpro.com\/index.php\/produkt\/nizka-cena-grundfos-obehove-cerpadlo-magna1-25-60-180-1x230v-50hz-pn10-16293\/#primaryimage\"},\"image\":{\"@id\":\"https:\/\/www.domstavpro.com\/index.php\/produkt\/nizka-cena-grundfos-obehove-cerpadlo-magna1-25-60-180-1x230v-50hz-pn10-16293\/#primaryimage\"},\"thumbnailUrl\":\"https:\/\/www.domstavpro.com\/wp-content\/uploads\/2026\/SK0027337-CZ20260425-093449-0-1777080896-grundfos-obehove-cerpadlo-magna1-25-60-180-1x230v-50hz-pn10.webp\",\"datePublished\":\"2026-04-27T15:08:31+00:00\",\"breadcrumb\":{\"@id\":\"https:\/\/www.domstavpro.com\/index.php\/produkt\/nizka-cena-grundfos-obehove-cerpadlo-magna1-25-60-180-1x230v-50hz-pn10-16293\/#breadcrumb\"},\"inLanguage\":\"cs\",\"potentialAction\":[{\"@type\":\"ReadAction\",\"target\":[\"https:\/\/www.domstavpro.com\/index.php\/produkt\/nizka-cena-grundfos-obehove-cerpadlo-magna1-25-60-180-1x230v-50hz-pn10-16293\/\"]}]},{\"@type\":\"ImageObject\",\"inLanguage\":\"cs\",\"@id\":\"https:\/\/www.domstavpro.com\/index.php\/produkt\/nizka-cena-grundfos-obehove-cerpadlo-magna1-25-60-180-1x230v-50hz-pn10-16293\/#primaryimage\",\"url\":\"https:\/\/www.domstavpro.com\/wp-content\/uploads\/2026\/SK0027337-CZ20260425-093449-0-1777080896-grundfos-obehove-cerpadlo-magna1-25-60-180-1x230v-50hz-pn10.webp\",\"contentUrl\":\"https:\/\/www.domstavpro.com\/wp-content\/uploads\/2026\/SK0027337-CZ20260425-093449-0-1777080896-grundfos-obehove-cerpadlo-magna1-25-60-180-1x230v-50hz-pn10.webp\",\"width\":1000,\"height\":525},{\"@type\":\"BreadcrumbList\",\"@id\":\"https:\/\/www.domstavpro.com\/index.php\/produkt\/nizka-cena-grundfos-obehove-cerpadlo-magna1-25-60-180-1x230v-50hz-pn10-16293\/#breadcrumb\",\"itemListElement\":[{\"@type\":\"ListItem\",\"position\":1,\"name\":\"Home\",\"item\":\"https:\/\/www.domstavpro.com\/\"},{\"@type\":\"ListItem\",\"position\":2,\"name\":\"Products\",\"item\":\"https:\/\/www.domstavpro.com\/index.php\/products\/\"},{\"@type\":\"ListItem\",\"position\":3,\"name\":\"N\u00edzk\u00e1 Cena GRUNDFOS Ob\u011bhov\u00e9 \u010derpadlo MAGNA1 25-60 180 1x230V 50Hz PN10\"}]},{\"@type\":\"WebSite\",\"@id\":\"https:\/\/www.domstavpro.com\/#website\",\"url\":\"https:\/\/www.domstavpro.com\/\",\"name\":\"\",\"description\":\"\",\"potentialAction\":[{\"@type\":\"SearchAction\",\"target\":{\"@type\":\"EntryPoint\",\"urlTemplate\":\"https:\/\/www.domstavpro.com\/?s={search_term_string}\"},\"query-input\":{\"@type\":\"PropertyValueSpecification\",\"valueRequired\":true,\"valueName\":\"search_term_string\"}}],\"inLanguage\":\"cs\"}]}<\/script>\n<!-- \/ Yoast SEO plugin. -->","yoast_head_json":{"title":"N\u00edzk\u00e1 Cena GRUNDFOS Ob\u011bhov\u00e9 \u010derpadlo MAGNA1 25-60 180 1x230V 50Hz PN10 -","robots":{"index":"index","follow":"follow","max-snippet":"max-snippet:-1","max-image-preview":"max-image-preview:large","max-video-preview":"max-video-preview:-1"},"canonical":"https:\/\/www.domstavpro.com\/index.php\/produkt\/nizka-cena-grundfos-obehove-cerpadlo-magna1-25-60-180-1x230v-50hz-pn10-16293\/","og_locale":"cs_CZ","og_type":"article","og_title":"N\u00edzk\u00e1 Cena GRUNDFOS Ob\u011bhov\u00e9 \u010derpadlo MAGNA1 25-60 180 1x230V 50Hz PN10 -","og_description":"POPIS: ALPHA1 L je technicky a funk\u010dn\u011b vylep\u0161en\u00fd n\u00e1stupce \u010derpadel ALPHA2 L.D\u00edky sv\u00e9 kompaktn\u00ed konstrukci, n\u00edzk\u00e9 spot\u0159eb\u011b el.energie a vysok\u00e9 \u00fa\u010dinnosti najde uplatn\u011bn\u00ed v \u0161irok\u00e9 \u0161k\u00e1le z\u00e1kladn\u00edch aplikac\u00ed, kde nepot\u0159ebujete pokro\u010dil\u00e9 funkce vysp\u011blej\u0161\u00edch ob\u011bhov\u00fdch \u010derpadel Grundfos.Nab\u00edz\u00ed jednoduch\u00e9 p\u0159ipojen\u00ed, snadn\u00e9 nastaven\u00ed a nov\u011b i \u0159\u00edzen\u00ed v\u00fdkonu \u010derpadla pomoc\u00ed PWM sign\u00e1lu. Je ide\u00e1ln\u00ed n\u00e1hradou za star\u00e1, nefunk\u010dn\u00ed [&hellip;]","og_url":"https:\/\/www.domstavpro.com\/index.php\/produkt\/nizka-cena-grundfos-obehove-cerpadlo-magna1-25-60-180-1x230v-50hz-pn10-16293\/","og_image":[{"width":1000,"height":525,"url":"https:\/\/www.domstavpro.com\/wp-content\/uploads\/2026\/SK0027337-CZ20260425-093449-0-1777080896-grundfos-obehove-cerpadlo-magna1-25-60-180-1x230v-50hz-pn10.webp","type":"image\/webp"}],"twitter_card":"summary_large_image","twitter_misc":{"Odhadovan\u00e1 doba \u010dten\u00ed":"1 minuta"},"schema":{"@context":"https:\/\/schema.org","@graph":[{"@type":"WebPage","@id":"https:\/\/www.domstavpro.com\/index.php\/produkt\/nizka-cena-grundfos-obehove-cerpadlo-magna1-25-60-180-1x230v-50hz-pn10-16293\/","url":"https:\/\/www.domstavpro.com\/index.php\/produkt\/nizka-cena-grundfos-obehove-cerpadlo-magna1-25-60-180-1x230v-50hz-pn10-16293\/","name":"N\u00edzk\u00e1 Cena GRUNDFOS Ob\u011bhov\u00e9 \u010derpadlo MAGNA1 25-60 180 1x230V 50Hz PN10 -","isPartOf":{"@id":"https:\/\/www.domstavpro.com\/#website"},"primaryImageOfPage":{"@id":"https:\/\/www.domstavpro.com\/index.php\/produkt\/nizka-cena-grundfos-obehove-cerpadlo-magna1-25-60-180-1x230v-50hz-pn10-16293\/#primaryimage"},"image":{"@id":"https:\/\/www.domstavpro.com\/index.php\/produkt\/nizka-cena-grundfos-obehove-cerpadlo-magna1-25-60-180-1x230v-50hz-pn10-16293\/#primaryimage"},"thumbnailUrl":"https:\/\/www.domstavpro.com\/wp-content\/uploads\/2026\/SK0027337-CZ20260425-093449-0-1777080896-grundfos-obehove-cerpadlo-magna1-25-60-180-1x230v-50hz-pn10.webp","datePublished":"2026-04-27T15:08:31+00:00","breadcrumb":{"@id":"https:\/\/www.domstavpro.com\/index.php\/produkt\/nizka-cena-grundfos-obehove-cerpadlo-magna1-25-60-180-1x230v-50hz-pn10-16293\/#breadcrumb"},"inLanguage":"cs","potentialAction":[{"@type":"ReadAction","target":["https:\/\/www.domstavpro.com\/index.php\/produkt\/nizka-cena-grundfos-obehove-cerpadlo-magna1-25-60-180-1x230v-50hz-pn10-16293\/"]}]},{"@type":"ImageObject","inLanguage":"cs","@id":"https:\/\/www.domstavpro.com\/index.php\/produkt\/nizka-cena-grundfos-obehove-cerpadlo-magna1-25-60-180-1x230v-50hz-pn10-16293\/#primaryimage","url":"https:\/\/www.domstavpro.com\/wp-content\/uploads\/2026\/SK0027337-CZ20260425-093449-0-1777080896-grundfos-obehove-cerpadlo-magna1-25-60-180-1x230v-50hz-pn10.webp","contentUrl":"https:\/\/www.domstavpro.com\/wp-content\/uploads\/2026\/SK0027337-CZ20260425-093449-0-1777080896-grundfos-obehove-cerpadlo-magna1-25-60-180-1x230v-50hz-pn10.webp","width":1000,"height":525},{"@type":"BreadcrumbList","@id":"https:\/\/www.domstavpro.com\/index.php\/produkt\/nizka-cena-grundfos-obehove-cerpadlo-magna1-25-60-180-1x230v-50hz-pn10-16293\/#breadcrumb","itemListElement":[{"@type":"ListItem","position":1,"name":"Home","item":"https:\/\/www.domstavpro.com\/"},{"@type":"ListItem","position":2,"name":"Products","item":"https:\/\/www.domstavpro.com\/index.php\/products\/"},{"@type":"ListItem","position":3,"name":"N\u00edzk\u00e1 Cena GRUNDFOS Ob\u011bhov\u00e9 \u010derpadlo MAGNA1 25-60 180 1x230V 50Hz PN10"}]},{"@type":"WebSite","@id":"https:\/\/www.domstavpro.com\/#website","url":"https:\/\/www.domstavpro.com\/","name":"","description":"","potentialAction":[{"@type":"SearchAction","target":{"@type":"EntryPoint","urlTemplate":"https:\/\/www.domstavpro.com\/?s={search_term_string}"},"query-input":{"@type":"PropertyValueSpecification","valueRequired":true,"valueName":"search_term_string"}}],"inLanguage":"cs"}]}},"_links":{"self":[{"href":"https:\/\/www.domstavpro.com\/index.php\/wp-json\/wp\/v2\/product\/16293","targetHints":{"allow":["GET"]}}],"collection":[{"href":"https:\/\/www.domstavpro.com\/index.php\/wp-json\/wp\/v2\/product"}],"about":[{"href":"https:\/\/www.domstavpro.com\/index.php\/wp-json\/wp\/v2\/types\/product"}],"replies":[{"embeddable":true,"href":"https:\/\/www.domstavpro.com\/index.php\/wp-json\/wp\/v2\/comments?post=16293"}],"wp:featuredmedia":[{"embeddable":true,"href":"https:\/\/www.domstavpro.com\/index.php\/wp-json\/wp\/v2\/media\/16393"}],"wp:attachment":[{"href":"https:\/\/www.domstavpro.com\/index.php\/wp-json\/wp\/v2\/media?parent=16293"}],"wp:term":[{"taxonomy":"product_brand","embeddable":true,"href":"https:\/\/www.domstavpro.com\/index.php\/wp-json\/wp\/v2\/product_brand?post=16293"},{"taxonomy":"product_cat","embeddable":true,"href":"https:\/\/www.domstavpro.com\/index.php\/wp-json\/wp\/v2\/product_cat?post=16293"},{"taxonomy":"product_tag","embeddable":true,"href":"https:\/\/www.domstavpro.com\/index.php\/wp-json\/wp\/v2\/product_tag?post=16293"}],"curies":[{"name":"wp","href":"https:\/\/api.w.org\/{rel}","templated":true}]}}