{"id":16184,"date":"2026-04-27T15:08:30","date_gmt":"2026-04-27T15:08:30","guid":{"rendered":""},"modified":"2026-04-27T15:08:30","modified_gmt":"2026-04-27T15:08:30","slug":"cenovy-hit-platinium-bezdratova-meteostanice-sun-16184","status":"publish","type":"product","link":"https:\/\/www.domstavpro.com\/index.php\/produkt\/cenovy-hit-platinium-bezdratova-meteostanice-sun-16184\/","title":{"rendered":"Cenov\u00fd Hit Platinium Bezdr\u00e1tov\u00e1 meteostanice SUN"},"content":{"rendered":"<div id=\"e8167316\" class=\"pages\">\n<div>\n<div id=\"PDDescription\" class=\"UserContentView userContent v1a v1 bs-view dcon dc164 PDDescription\" ><dc-con><dc-con><bs-empty><\/bs-empty><\/dc-con><dc-con>        <\/p>\n<div class=\"customDescription\">                    <\/div>\n<p><\/dc-con><dc-con><\/p>\n<h2>Bezdr\u00e1tov\u00e1 meteostanice SUN &#8211; s r\u00e1diem \u0159\u00edzen\u00fdmi hodinami<\/h2>\n<p>Modern\u00ed a p\u0159ehledn\u00e1<strong> meteorologick\u00e1 stanice<\/strong> s bezdr\u00e1tov\u00fdm senzorem m\u011b\u0159en\u00ed teploty, monitorov\u00e1n\u00edm vnit\u0159n\u00ed i venkovn\u00ed teploty a vlhkosti, r\u00e1diem \u0159\u00edzen\u00fdmi hodinami a dal\u0161\u00edmi funkcemi. <strong>Meteorologick\u00e1 stanice<\/strong> je zaj\u00edmav\u00fdm a praktick\u00fdm dopl\u0148kem do ka\u017ed\u00e9ho interi\u00e9ru.<\/p>\n<h3>Meteostanice SUN &#8211; technick\u00e9 parametry:<\/h3>\n<p>&#8211; sedm funk\u010dn\u00edch tla\u010d\u00edtek<br \/>&#8211; po zapnut\u00ed a nebo po restartu meteostanice, se za\u010dne vyhled\u00e1vat sign\u00e1l pro synchronizaci \u010dasu (RCC)<br \/>&#8211; digit\u00e1ln\u00ed zobrazen\u00ed \u010dasu<br \/>&#8211; m\u011b\u0159en\u00ed <strong>barometrick\u00e9ho tlaku<\/strong><br \/>&#8211; rozmez\u00ed <strong>vnit\u0159n\u00ed teploty<\/strong>: od 0\u00b0C do +50\u00b0C<br \/>&#8211; rozmez\u00ed <strong>venkovn\u00ed teploty<\/strong>: od -40\u00b0C do +70\u00b0C<br \/> &#8211; rozmez\u00ed <strong>vnit\u0159n\u00ed\/venkovn\u00ed vlhkosti<\/strong>: od 20% do 99%<br \/>&#8211; z\u00e1znam min.\/max. nam\u011b\u0159en\u00e9 hodnoty<br \/>&#8211; <strong>LED podsv\u00edcen\u00ed<\/strong><br \/> &#8211; <strong>1x bezdr\u00e1tov\u00e9 \u010didlo<\/strong> sou\u010d\u00e1st\u00ed dod\u00e1vky, dosah a\u017e 100 m<br \/>&#8211; p\u0159edpov\u011b\u010f po\u010das\u00ed<br \/>&#8211; funkce alarmu mraziv\u00e9ho po\u010das\u00ed<br \/>&#8211; f\u00e1ze m\u011bs\u00edce<br \/>&#8211; dvojit\u00fd alarm<\/p>\n<p> <strong>Nap\u00e1jen\u00ed:<\/strong> <br \/>&#8211; p\u0159\u00edstroj na s\u00ed\u0165ov\u00fd adapt\u00e9r (je sou\u010d\u00e1st\u00ed dod\u00e1vky) nebo na baterie (3 ks 1,5V AAA, nejsou sou\u010d\u00e1st\u00ed dod\u00e1vky)<br \/>&#8211; \u010didlo 2 ks bateri\u00ed 1,5V AA (nejsou sou\u010d\u00e1st\u00ed dod\u00e1vky)<\/p>\n<p><strong>Rozm\u011br:<\/strong> <br \/>20,6 x 2,2 x 12,9 cm<\/p>\n<p>Na<strong> meteostanici SUN<\/strong> poskytujeme z\u00e1ruku v d\u00e9lce 24 m\u011bs\u00edc\u016f.<\/p>\n<p><\/dc-con><\/dc-con><\/div>\n<\/p><\/div>\n<div id=\"PDTable3\" class=\"ProductDetailTableView v3a v3 bs-view dcon dc185 PDTable3\" >\n<table>\n<thead><\/thead>\n<tbody>\n<tr class=\"attribute attr_bsshop_maker\">\n<td class=\"caption\">V\u00fdrobce<\/td>\n<td class=\"value\">Platinium<\/td>\n<\/tr>\n<\/tbody>\n<\/table>\n<\/div>\n<div id=\"ProductMedia\" class=\"ProductMediaView MediaViewBase v1a v1 bs-view dcon dc409 ProductMedia\" ><bs-empty><\/bs-empty><\/p>\n<div class=\"files\">\n<div class=\"title sub\">Soubory<\/div>\n<p><a href=\"\/media\/9902\/meteostanice-sun.pdf?&amp;key=ZGpmIyQwNUZfOTkwMg==\" class=\"pdf\">meteostanice_sun.pdf<\/a><\/div>\n<p><bs-empty><\/bs-empty><\/div>\n<\/div>\n<div id=\"e8167317\" class=\"tabs\">\n","protected":false},"excerpt":{"rendered":"<p>Bezdr\u00e1tov\u00e1 meteostanice SUN &#8211; s r\u00e1diem \u0159\u00edzen\u00fdmi hodinami Modern\u00ed a p\u0159ehledn\u00e1 meteorologick\u00e1 stanice s bezdr\u00e1tov\u00fdm senzorem m\u011b\u0159en\u00ed teploty, monitorov\u00e1n\u00edm vnit\u0159n\u00ed i venkovn\u00ed teploty a vlhkosti, r\u00e1diem \u0159\u00edzen\u00fdmi hodinami a dal\u0161\u00edmi funkcemi. Meteorologick\u00e1 stanice je zaj\u00edmav\u00fdm a praktick\u00fdm dopl\u0148kem do ka\u017ed\u00e9ho interi\u00e9ru. Meteostanice SUN &#8211; technick\u00e9 parametry: &#8211; sedm funk\u010dn\u00edch tla\u010d\u00edtek&#8211; po zapnut\u00ed a nebo po [&hellip;]<\/p>\n","protected":false},"featured_media":16284,"comment_status":"open","ping_status":"open","template":"","meta":[],"product_brand":[],"product_cat":[66],"product_tag":[],"class_list":{"0":"post-16184","1":"product","2":"type-product","3":"status-publish","4":"has-post-thumbnail","6":"product_cat-pochutiny-dum-a-zahrada","8":"first","9":"instock","10":"sale","11":"shipping-taxable","12":"purchasable","13":"product-type-simple"},"yoast_head":"<!-- This site is optimized with the Yoast SEO plugin v26.8 - https:\/\/yoast.com\/product\/yoast-seo-wordpress\/ -->\n<title>Cenov\u00fd Hit Platinium Bezdr\u00e1tov\u00e1 meteostanice SUN -<\/title>\n<meta name=\"robots\" content=\"index, follow, max-snippet:-1, max-image-preview:large, max-video-preview:-1\" \/>\n<link rel=\"canonical\" href=\"https:\/\/www.domstavpro.com\/index.php\/produkt\/cenovy-hit-platinium-bezdratova-meteostanice-sun-16184\/\" \/>\n<meta property=\"og:locale\" content=\"cs_CZ\" \/>\n<meta property=\"og:type\" content=\"article\" \/>\n<meta property=\"og:title\" content=\"Cenov\u00fd Hit Platinium Bezdr\u00e1tov\u00e1 meteostanice SUN -\" \/>\n<meta property=\"og:description\" content=\"Bezdr\u00e1tov\u00e1 meteostanice SUN &#8211; s r\u00e1diem \u0159\u00edzen\u00fdmi hodinami Modern\u00ed a p\u0159ehledn\u00e1 meteorologick\u00e1 stanice s bezdr\u00e1tov\u00fdm senzorem m\u011b\u0159en\u00ed teploty, monitorov\u00e1n\u00edm vnit\u0159n\u00ed i venkovn\u00ed teploty a vlhkosti, r\u00e1diem \u0159\u00edzen\u00fdmi hodinami a dal\u0161\u00edmi funkcemi. Meteorologick\u00e1 stanice je zaj\u00edmav\u00fdm a praktick\u00fdm dopl\u0148kem do ka\u017ed\u00e9ho interi\u00e9ru. Meteostanice SUN &#8211; technick\u00e9 parametry: &#8211; sedm funk\u010dn\u00edch tla\u010d\u00edtek&#8211; po zapnut\u00ed a nebo po [&hellip;]\" \/>\n<meta property=\"og:url\" content=\"https:\/\/www.domstavpro.com\/index.php\/produkt\/cenovy-hit-platinium-bezdratova-meteostanice-sun-16184\/\" \/>\n<meta property=\"og:image\" content=\"https:\/\/www.domstavpro.com\/wp-content\/uploads\/2026\/SK0027328-CZ20260425-093449-0-1777080896-platinium-bezdratova-meteostanice-sun.webp\" \/>\n\t<meta property=\"og:image:width\" content=\"1000\" \/>\n\t<meta property=\"og:image:height\" content=\"525\" \/>\n\t<meta property=\"og:image:type\" content=\"image\/webp\" \/>\n<meta name=\"twitter:card\" content=\"summary_large_image\" \/>\n<meta name=\"twitter:label1\" content=\"Odhadovan\u00e1 doba \u010dten\u00ed\" \/>\n\t<meta name=\"twitter:data1\" content=\"1 minuta\" \/>\n<script type=\"application\/ld+json\" class=\"yoast-schema-graph\">{\"@context\":\"https:\/\/schema.org\",\"@graph\":[{\"@type\":\"WebPage\",\"@id\":\"https:\/\/www.domstavpro.com\/index.php\/produkt\/cenovy-hit-platinium-bezdratova-meteostanice-sun-16184\/\",\"url\":\"https:\/\/www.domstavpro.com\/index.php\/produkt\/cenovy-hit-platinium-bezdratova-meteostanice-sun-16184\/\",\"name\":\"Cenov\u00fd Hit Platinium Bezdr\u00e1tov\u00e1 meteostanice SUN -\",\"isPartOf\":{\"@id\":\"https:\/\/www.domstavpro.com\/#website\"},\"primaryImageOfPage\":{\"@id\":\"https:\/\/www.domstavpro.com\/index.php\/produkt\/cenovy-hit-platinium-bezdratova-meteostanice-sun-16184\/#primaryimage\"},\"image\":{\"@id\":\"https:\/\/www.domstavpro.com\/index.php\/produkt\/cenovy-hit-platinium-bezdratova-meteostanice-sun-16184\/#primaryimage\"},\"thumbnailUrl\":\"https:\/\/www.domstavpro.com\/wp-content\/uploads\/2026\/SK0027328-CZ20260425-093449-0-1777080896-platinium-bezdratova-meteostanice-sun.webp\",\"datePublished\":\"2026-04-27T15:08:30+00:00\",\"breadcrumb\":{\"@id\":\"https:\/\/www.domstavpro.com\/index.php\/produkt\/cenovy-hit-platinium-bezdratova-meteostanice-sun-16184\/#breadcrumb\"},\"inLanguage\":\"cs\",\"potentialAction\":[{\"@type\":\"ReadAction\",\"target\":[\"https:\/\/www.domstavpro.com\/index.php\/produkt\/cenovy-hit-platinium-bezdratova-meteostanice-sun-16184\/\"]}]},{\"@type\":\"ImageObject\",\"inLanguage\":\"cs\",\"@id\":\"https:\/\/www.domstavpro.com\/index.php\/produkt\/cenovy-hit-platinium-bezdratova-meteostanice-sun-16184\/#primaryimage\",\"url\":\"https:\/\/www.domstavpro.com\/wp-content\/uploads\/2026\/SK0027328-CZ20260425-093449-0-1777080896-platinium-bezdratova-meteostanice-sun.webp\",\"contentUrl\":\"https:\/\/www.domstavpro.com\/wp-content\/uploads\/2026\/SK0027328-CZ20260425-093449-0-1777080896-platinium-bezdratova-meteostanice-sun.webp\",\"width\":1000,\"height\":525},{\"@type\":\"BreadcrumbList\",\"@id\":\"https:\/\/www.domstavpro.com\/index.php\/produkt\/cenovy-hit-platinium-bezdratova-meteostanice-sun-16184\/#breadcrumb\",\"itemListElement\":[{\"@type\":\"ListItem\",\"position\":1,\"name\":\"Home\",\"item\":\"https:\/\/www.domstavpro.com\/\"},{\"@type\":\"ListItem\",\"position\":2,\"name\":\"Products\",\"item\":\"https:\/\/www.domstavpro.com\/index.php\/products\/\"},{\"@type\":\"ListItem\",\"position\":3,\"name\":\"Cenov\u00fd Hit Platinium Bezdr\u00e1tov\u00e1 meteostanice SUN\"}]},{\"@type\":\"WebSite\",\"@id\":\"https:\/\/www.domstavpro.com\/#website\",\"url\":\"https:\/\/www.domstavpro.com\/\",\"name\":\"\",\"description\":\"\",\"potentialAction\":[{\"@type\":\"SearchAction\",\"target\":{\"@type\":\"EntryPoint\",\"urlTemplate\":\"https:\/\/www.domstavpro.com\/?s={search_term_string}\"},\"query-input\":{\"@type\":\"PropertyValueSpecification\",\"valueRequired\":true,\"valueName\":\"search_term_string\"}}],\"inLanguage\":\"cs\"}]}<\/script>\n<!-- \/ Yoast SEO plugin. -->","yoast_head_json":{"title":"Cenov\u00fd Hit Platinium Bezdr\u00e1tov\u00e1 meteostanice SUN -","robots":{"index":"index","follow":"follow","max-snippet":"max-snippet:-1","max-image-preview":"max-image-preview:large","max-video-preview":"max-video-preview:-1"},"canonical":"https:\/\/www.domstavpro.com\/index.php\/produkt\/cenovy-hit-platinium-bezdratova-meteostanice-sun-16184\/","og_locale":"cs_CZ","og_type":"article","og_title":"Cenov\u00fd Hit Platinium Bezdr\u00e1tov\u00e1 meteostanice SUN -","og_description":"Bezdr\u00e1tov\u00e1 meteostanice SUN &#8211; s r\u00e1diem \u0159\u00edzen\u00fdmi hodinami Modern\u00ed a p\u0159ehledn\u00e1 meteorologick\u00e1 stanice s bezdr\u00e1tov\u00fdm senzorem m\u011b\u0159en\u00ed teploty, monitorov\u00e1n\u00edm vnit\u0159n\u00ed i venkovn\u00ed teploty a vlhkosti, r\u00e1diem \u0159\u00edzen\u00fdmi hodinami a dal\u0161\u00edmi funkcemi. Meteorologick\u00e1 stanice je zaj\u00edmav\u00fdm a praktick\u00fdm dopl\u0148kem do ka\u017ed\u00e9ho interi\u00e9ru. Meteostanice SUN &#8211; technick\u00e9 parametry: &#8211; sedm funk\u010dn\u00edch tla\u010d\u00edtek&#8211; po zapnut\u00ed a nebo po [&hellip;]","og_url":"https:\/\/www.domstavpro.com\/index.php\/produkt\/cenovy-hit-platinium-bezdratova-meteostanice-sun-16184\/","og_image":[{"width":1000,"height":525,"url":"https:\/\/www.domstavpro.com\/wp-content\/uploads\/2026\/SK0027328-CZ20260425-093449-0-1777080896-platinium-bezdratova-meteostanice-sun.webp","type":"image\/webp"}],"twitter_card":"summary_large_image","twitter_misc":{"Odhadovan\u00e1 doba \u010dten\u00ed":"1 minuta"},"schema":{"@context":"https:\/\/schema.org","@graph":[{"@type":"WebPage","@id":"https:\/\/www.domstavpro.com\/index.php\/produkt\/cenovy-hit-platinium-bezdratova-meteostanice-sun-16184\/","url":"https:\/\/www.domstavpro.com\/index.php\/produkt\/cenovy-hit-platinium-bezdratova-meteostanice-sun-16184\/","name":"Cenov\u00fd Hit Platinium Bezdr\u00e1tov\u00e1 meteostanice SUN -","isPartOf":{"@id":"https:\/\/www.domstavpro.com\/#website"},"primaryImageOfPage":{"@id":"https:\/\/www.domstavpro.com\/index.php\/produkt\/cenovy-hit-platinium-bezdratova-meteostanice-sun-16184\/#primaryimage"},"image":{"@id":"https:\/\/www.domstavpro.com\/index.php\/produkt\/cenovy-hit-platinium-bezdratova-meteostanice-sun-16184\/#primaryimage"},"thumbnailUrl":"https:\/\/www.domstavpro.com\/wp-content\/uploads\/2026\/SK0027328-CZ20260425-093449-0-1777080896-platinium-bezdratova-meteostanice-sun.webp","datePublished":"2026-04-27T15:08:30+00:00","breadcrumb":{"@id":"https:\/\/www.domstavpro.com\/index.php\/produkt\/cenovy-hit-platinium-bezdratova-meteostanice-sun-16184\/#breadcrumb"},"inLanguage":"cs","potentialAction":[{"@type":"ReadAction","target":["https:\/\/www.domstavpro.com\/index.php\/produkt\/cenovy-hit-platinium-bezdratova-meteostanice-sun-16184\/"]}]},{"@type":"ImageObject","inLanguage":"cs","@id":"https:\/\/www.domstavpro.com\/index.php\/produkt\/cenovy-hit-platinium-bezdratova-meteostanice-sun-16184\/#primaryimage","url":"https:\/\/www.domstavpro.com\/wp-content\/uploads\/2026\/SK0027328-CZ20260425-093449-0-1777080896-platinium-bezdratova-meteostanice-sun.webp","contentUrl":"https:\/\/www.domstavpro.com\/wp-content\/uploads\/2026\/SK0027328-CZ20260425-093449-0-1777080896-platinium-bezdratova-meteostanice-sun.webp","width":1000,"height":525},{"@type":"BreadcrumbList","@id":"https:\/\/www.domstavpro.com\/index.php\/produkt\/cenovy-hit-platinium-bezdratova-meteostanice-sun-16184\/#breadcrumb","itemListElement":[{"@type":"ListItem","position":1,"name":"Home","item":"https:\/\/www.domstavpro.com\/"},{"@type":"ListItem","position":2,"name":"Products","item":"https:\/\/www.domstavpro.com\/index.php\/products\/"},{"@type":"ListItem","position":3,"name":"Cenov\u00fd Hit Platinium Bezdr\u00e1tov\u00e1 meteostanice SUN"}]},{"@type":"WebSite","@id":"https:\/\/www.domstavpro.com\/#website","url":"https:\/\/www.domstavpro.com\/","name":"","description":"","potentialAction":[{"@type":"SearchAction","target":{"@type":"EntryPoint","urlTemplate":"https:\/\/www.domstavpro.com\/?s={search_term_string}"},"query-input":{"@type":"PropertyValueSpecification","valueRequired":true,"valueName":"search_term_string"}}],"inLanguage":"cs"}]}},"_links":{"self":[{"href":"https:\/\/www.domstavpro.com\/index.php\/wp-json\/wp\/v2\/product\/16184","targetHints":{"allow":["GET"]}}],"collection":[{"href":"https:\/\/www.domstavpro.com\/index.php\/wp-json\/wp\/v2\/product"}],"about":[{"href":"https:\/\/www.domstavpro.com\/index.php\/wp-json\/wp\/v2\/types\/product"}],"replies":[{"embeddable":true,"href":"https:\/\/www.domstavpro.com\/index.php\/wp-json\/wp\/v2\/comments?post=16184"}],"wp:featuredmedia":[{"embeddable":true,"href":"https:\/\/www.domstavpro.com\/index.php\/wp-json\/wp\/v2\/media\/16284"}],"wp:attachment":[{"href":"https:\/\/www.domstavpro.com\/index.php\/wp-json\/wp\/v2\/media?parent=16184"}],"wp:term":[{"taxonomy":"product_brand","embeddable":true,"href":"https:\/\/www.domstavpro.com\/index.php\/wp-json\/wp\/v2\/product_brand?post=16184"},{"taxonomy":"product_cat","embeddable":true,"href":"https:\/\/www.domstavpro.com\/index.php\/wp-json\/wp\/v2\/product_cat?post=16184"},{"taxonomy":"product_tag","embeddable":true,"href":"https:\/\/www.domstavpro.com\/index.php\/wp-json\/wp\/v2\/product_tag?post=16184"}],"curies":[{"name":"wp","href":"https:\/\/api.w.org\/{rel}","templated":true}]}}