{"id":16183,"date":"2026-04-27T15:08:30","date_gmt":"2026-04-27T15:08:30","guid":{"rendered":""},"modified":"2026-04-27T15:08:30","modified_gmt":"2026-04-27T15:08:30","slug":"homelife-koupelnova-stolicka-vyskove-stavitelna-svs21-bila-nova-kolekce-16183","status":"publish","type":"product","link":"https:\/\/www.domstavpro.com\/index.php\/produkt\/homelife-koupelnova-stolicka-vyskove-stavitelna-svs21-bila-nova-kolekce-16183\/","title":{"rendered":"HomeLife Koupelnov\u00e1 stoli\u010dka v\u00fd\u0161kov\u011b staviteln\u00e1 SVS21, b\u00edl\u00e1 Nov\u00e1 Kolekce"},"content":{"rendered":"<div id=\"e7557909\" class=\"pages\">\n<div>\n<div id=\"PDDescription\" class=\"UserContentView userContent v1a v1 bs-view dcon dc164 PDDescription\" ><dc-con><dc-con><bs-empty><\/bs-empty><\/dc-con><dc-con>        <\/p>\n<div class=\"customDescription\">                    <\/div>\n<p><\/dc-con><dc-con><\/p>\n<h2>Koupelnov\u00e1 stoli\u010dka v\u00fd\u0161kov\u011b staviteln\u00e1<\/h2>\n<p><strong>V\u00fd\u0161kov\u011b staviteln\u00e1 stoli\u010dka<\/strong> je d\u00edky univerz\u00e1ln\u00ed b\u00edl\u00e9 barv\u011b vhodn\u00e1 do ka\u017ed\u00e9 koupelny.<strong> Koupelnovou stoli\u010dku s nastavitelnou v\u00fd\u0161kou<\/strong> sedu ocen\u00ed zejm\u00e9na senio\u0159i a h\u016f\u0159e pohybliv\u00e9 osoby, kter\u00e9 vzhledem ke sv\u00e9mu zdravotn\u00edmu stavu nejsou schopni p\u0159i osobn\u00ed hygien\u011b vyu\u017e\u00edt standardn\u011b vybavenou sprchu.<strong> Koupelnov\u00e1 stoli\u010dka<\/strong> zajist\u00ed komfort a bezpe\u010d\u00ed p\u0159i koup\u00e1n\u00ed, je lehk\u00e1, stabiln\u00ed, s velmi snadnou \u00fadr\u017ebou.<\/p>\n<h3>Koupelnov\u00e1 stoli\u010dka v\u00fd\u0161kov\u011b staviteln\u00e1 &#8211; parametry:<\/h3>\n<ul>\n<li>kvalitn\u00ed hlin\u00edkov\u00e1 konstrukce odoln\u00e1 korozi<\/li>\n<li>plastov\u00e9 sed\u00e1tko<\/li>\n<li>protiskluzov\u00e9 koncovky (rozte\u010d nohou 34 cm)<\/li>\n<li><strong>nastaviteln\u00e1 v\u00fd\u0161ka 35 \u2013 53 cm <\/strong>(v 8 stupn\u00edch)<strong><br \/><\/strong><\/li>\n<li>pr\u016fm\u011br cca 32 cm<\/li>\n<li>maxim\u00e1ln\u00ed <strong>v\u00e1hov\u00e9 zat\u00ed\u017een\u00ed 120 kg<\/strong><\/li>\n<\/ul>\n<p>Na\u00a0<strong>koupelnovou stoli\u010dku v\u00fd\u0161kov\u011b stavitelnou<\/strong> poskytujeme z\u00e1ruku v d\u00e9lce 24 m\u011bs\u00edc\u016f.<\/p>\n<p><\/dc-con><\/dc-con><\/div>\n<\/p><\/div>\n<div id=\"PDTable3\" class=\"ProductDetailTableView v3a v3 bs-view dcon dc185 PDTable3\" >\n<table>\n<thead><\/thead>\n<tbody>\n<tr class=\"attribute attr_pouziti\">\n<td class=\"caption\">Pou\u017eit\u00ed<\/td>\n<td class=\"value\">Sed\u00e1tka<\/td>\n<\/tr>\n<tr class=\"attribute attr_bsshop_maker\">\n<td class=\"caption\">V\u00fdrobce<\/td>\n<td class=\"value\">HomeLife<\/td>\n<\/tr>\n<\/tbody>\n<\/table>\n<\/div>\n<div id=\"ProductMedia\" class=\"ProductMediaView MediaViewBase v1a v1 bs-view dcon dc409 ProductMedia\" ><bs-empty><\/bs-empty><\/p>\n<div class=\"files\">\n<div class=\"title sub\">Soubory<\/div>\n<p><a href=\"\/media\/9901\/stolicka-koupelnova-vyskove-stavitelna.pdf?&amp;key=ZGpmIyQwNUZfOTkwMQ==\" class=\"pdf\">stolicka_koupelnova_vyskove_stavitelna.pdf<\/a><\/div>\n<p><bs-empty><\/bs-empty><\/div>\n<\/div>\n<div id=\"e7557910\" class=\"tabs\">\n","protected":false},"excerpt":{"rendered":"<p>Koupelnov\u00e1 stoli\u010dka v\u00fd\u0161kov\u011b staviteln\u00e1 V\u00fd\u0161kov\u011b staviteln\u00e1 stoli\u010dka je d\u00edky univerz\u00e1ln\u00ed b\u00edl\u00e9 barv\u011b vhodn\u00e1 do ka\u017ed\u00e9 koupelny. Koupelnovou stoli\u010dku s nastavitelnou v\u00fd\u0161kou sedu ocen\u00ed zejm\u00e9na senio\u0159i a h\u016f\u0159e pohybliv\u00e9 osoby, kter\u00e9 vzhledem ke sv\u00e9mu zdravotn\u00edmu stavu nejsou schopni p\u0159i osobn\u00ed hygien\u011b vyu\u017e\u00edt standardn\u011b vybavenou sprchu. Koupelnov\u00e1 stoli\u010dka zajist\u00ed komfort a bezpe\u010d\u00ed p\u0159i koup\u00e1n\u00ed, je lehk\u00e1, stabiln\u00ed, [&hellip;]<\/p>\n","protected":false},"featured_media":16283,"comment_status":"open","ping_status":"open","template":"","meta":[],"product_brand":[],"product_cat":[66],"product_tag":[],"class_list":{"0":"post-16183","1":"product","2":"type-product","3":"status-publish","4":"has-post-thumbnail","6":"product_cat-pochutiny-dum-a-zahrada","8":"first","9":"instock","10":"sale","11":"shipping-taxable","12":"purchasable","13":"product-type-simple"},"yoast_head":"<!-- This site is optimized with the Yoast SEO plugin v26.8 - https:\/\/yoast.com\/product\/yoast-seo-wordpress\/ -->\n<title>HomeLife Koupelnov\u00e1 stoli\u010dka v\u00fd\u0161kov\u011b staviteln\u00e1 SVS21, b\u00edl\u00e1 Nov\u00e1 Kolekce -<\/title>\n<meta name=\"robots\" content=\"index, follow, max-snippet:-1, max-image-preview:large, max-video-preview:-1\" \/>\n<link rel=\"canonical\" href=\"https:\/\/www.domstavpro.com\/index.php\/produkt\/homelife-koupelnova-stolicka-vyskove-stavitelna-svs21-bila-nova-kolekce-16183\/\" \/>\n<meta property=\"og:locale\" content=\"cs_CZ\" \/>\n<meta property=\"og:type\" content=\"article\" \/>\n<meta property=\"og:title\" content=\"HomeLife Koupelnov\u00e1 stoli\u010dka v\u00fd\u0161kov\u011b staviteln\u00e1 SVS21, b\u00edl\u00e1 Nov\u00e1 Kolekce -\" \/>\n<meta property=\"og:description\" content=\"Koupelnov\u00e1 stoli\u010dka v\u00fd\u0161kov\u011b staviteln\u00e1 V\u00fd\u0161kov\u011b staviteln\u00e1 stoli\u010dka je d\u00edky univerz\u00e1ln\u00ed b\u00edl\u00e9 barv\u011b vhodn\u00e1 do ka\u017ed\u00e9 koupelny. Koupelnovou stoli\u010dku s nastavitelnou v\u00fd\u0161kou sedu ocen\u00ed zejm\u00e9na senio\u0159i a h\u016f\u0159e pohybliv\u00e9 osoby, kter\u00e9 vzhledem ke sv\u00e9mu zdravotn\u00edmu stavu nejsou schopni p\u0159i osobn\u00ed hygien\u011b vyu\u017e\u00edt standardn\u011b vybavenou sprchu. Koupelnov\u00e1 stoli\u010dka zajist\u00ed komfort a bezpe\u010d\u00ed p\u0159i koup\u00e1n\u00ed, je lehk\u00e1, stabiln\u00ed, [&hellip;]\" \/>\n<meta property=\"og:url\" content=\"https:\/\/www.domstavpro.com\/index.php\/produkt\/homelife-koupelnova-stolicka-vyskove-stavitelna-svs21-bila-nova-kolekce-16183\/\" \/>\n<meta property=\"og:image\" content=\"https:\/\/www.domstavpro.com\/wp-content\/uploads\/2026\/SK0027327-CZ20260425-093449-0-1777080896-homelife-koupelnova-stolicka-vyskove-stavitelna-svs21-bila..webp\" \/>\n\t<meta property=\"og:image:width\" content=\"1000\" \/>\n\t<meta property=\"og:image:height\" content=\"525\" \/>\n\t<meta property=\"og:image:type\" content=\"image\/webp\" \/>\n<meta name=\"twitter:card\" content=\"summary_large_image\" \/>\n<meta name=\"twitter:label1\" content=\"Odhadovan\u00e1 doba \u010dten\u00ed\" \/>\n\t<meta name=\"twitter:data1\" content=\"1 minuta\" \/>\n<script type=\"application\/ld+json\" class=\"yoast-schema-graph\">{\"@context\":\"https:\/\/schema.org\",\"@graph\":[{\"@type\":\"WebPage\",\"@id\":\"https:\/\/www.domstavpro.com\/index.php\/produkt\/homelife-koupelnova-stolicka-vyskove-stavitelna-svs21-bila-nova-kolekce-16183\/\",\"url\":\"https:\/\/www.domstavpro.com\/index.php\/produkt\/homelife-koupelnova-stolicka-vyskove-stavitelna-svs21-bila-nova-kolekce-16183\/\",\"name\":\"HomeLife Koupelnov\u00e1 stoli\u010dka v\u00fd\u0161kov\u011b staviteln\u00e1 SVS21, b\u00edl\u00e1 Nov\u00e1 Kolekce -\",\"isPartOf\":{\"@id\":\"https:\/\/www.domstavpro.com\/#website\"},\"primaryImageOfPage\":{\"@id\":\"https:\/\/www.domstavpro.com\/index.php\/produkt\/homelife-koupelnova-stolicka-vyskove-stavitelna-svs21-bila-nova-kolekce-16183\/#primaryimage\"},\"image\":{\"@id\":\"https:\/\/www.domstavpro.com\/index.php\/produkt\/homelife-koupelnova-stolicka-vyskove-stavitelna-svs21-bila-nova-kolekce-16183\/#primaryimage\"},\"thumbnailUrl\":\"https:\/\/www.domstavpro.com\/wp-content\/uploads\/2026\/SK0027327-CZ20260425-093449-0-1777080896-homelife-koupelnova-stolicka-vyskove-stavitelna-svs21-bila..webp\",\"datePublished\":\"2026-04-27T15:08:30+00:00\",\"breadcrumb\":{\"@id\":\"https:\/\/www.domstavpro.com\/index.php\/produkt\/homelife-koupelnova-stolicka-vyskove-stavitelna-svs21-bila-nova-kolekce-16183\/#breadcrumb\"},\"inLanguage\":\"cs\",\"potentialAction\":[{\"@type\":\"ReadAction\",\"target\":[\"https:\/\/www.domstavpro.com\/index.php\/produkt\/homelife-koupelnova-stolicka-vyskove-stavitelna-svs21-bila-nova-kolekce-16183\/\"]}]},{\"@type\":\"ImageObject\",\"inLanguage\":\"cs\",\"@id\":\"https:\/\/www.domstavpro.com\/index.php\/produkt\/homelife-koupelnova-stolicka-vyskove-stavitelna-svs21-bila-nova-kolekce-16183\/#primaryimage\",\"url\":\"https:\/\/www.domstavpro.com\/wp-content\/uploads\/2026\/SK0027327-CZ20260425-093449-0-1777080896-homelife-koupelnova-stolicka-vyskove-stavitelna-svs21-bila..webp\",\"contentUrl\":\"https:\/\/www.domstavpro.com\/wp-content\/uploads\/2026\/SK0027327-CZ20260425-093449-0-1777080896-homelife-koupelnova-stolicka-vyskove-stavitelna-svs21-bila..webp\",\"width\":1000,\"height\":525},{\"@type\":\"BreadcrumbList\",\"@id\":\"https:\/\/www.domstavpro.com\/index.php\/produkt\/homelife-koupelnova-stolicka-vyskove-stavitelna-svs21-bila-nova-kolekce-16183\/#breadcrumb\",\"itemListElement\":[{\"@type\":\"ListItem\",\"position\":1,\"name\":\"Home\",\"item\":\"https:\/\/www.domstavpro.com\/\"},{\"@type\":\"ListItem\",\"position\":2,\"name\":\"Products\",\"item\":\"https:\/\/www.domstavpro.com\/index.php\/products\/\"},{\"@type\":\"ListItem\",\"position\":3,\"name\":\"HomeLife Koupelnov\u00e1 stoli\u010dka v\u00fd\u0161kov\u011b staviteln\u00e1 SVS21, b\u00edl\u00e1 Nov\u00e1 Kolekce\"}]},{\"@type\":\"WebSite\",\"@id\":\"https:\/\/www.domstavpro.com\/#website\",\"url\":\"https:\/\/www.domstavpro.com\/\",\"name\":\"\",\"description\":\"\",\"potentialAction\":[{\"@type\":\"SearchAction\",\"target\":{\"@type\":\"EntryPoint\",\"urlTemplate\":\"https:\/\/www.domstavpro.com\/?s={search_term_string}\"},\"query-input\":{\"@type\":\"PropertyValueSpecification\",\"valueRequired\":true,\"valueName\":\"search_term_string\"}}],\"inLanguage\":\"cs\"}]}<\/script>\n<!-- \/ Yoast SEO plugin. -->","yoast_head_json":{"title":"HomeLife Koupelnov\u00e1 stoli\u010dka v\u00fd\u0161kov\u011b staviteln\u00e1 SVS21, b\u00edl\u00e1 Nov\u00e1 Kolekce -","robots":{"index":"index","follow":"follow","max-snippet":"max-snippet:-1","max-image-preview":"max-image-preview:large","max-video-preview":"max-video-preview:-1"},"canonical":"https:\/\/www.domstavpro.com\/index.php\/produkt\/homelife-koupelnova-stolicka-vyskove-stavitelna-svs21-bila-nova-kolekce-16183\/","og_locale":"cs_CZ","og_type":"article","og_title":"HomeLife Koupelnov\u00e1 stoli\u010dka v\u00fd\u0161kov\u011b staviteln\u00e1 SVS21, b\u00edl\u00e1 Nov\u00e1 Kolekce -","og_description":"Koupelnov\u00e1 stoli\u010dka v\u00fd\u0161kov\u011b staviteln\u00e1 V\u00fd\u0161kov\u011b staviteln\u00e1 stoli\u010dka je d\u00edky univerz\u00e1ln\u00ed b\u00edl\u00e9 barv\u011b vhodn\u00e1 do ka\u017ed\u00e9 koupelny. Koupelnovou stoli\u010dku s nastavitelnou v\u00fd\u0161kou sedu ocen\u00ed zejm\u00e9na senio\u0159i a h\u016f\u0159e pohybliv\u00e9 osoby, kter\u00e9 vzhledem ke sv\u00e9mu zdravotn\u00edmu stavu nejsou schopni p\u0159i osobn\u00ed hygien\u011b vyu\u017e\u00edt standardn\u011b vybavenou sprchu. Koupelnov\u00e1 stoli\u010dka zajist\u00ed komfort a bezpe\u010d\u00ed p\u0159i koup\u00e1n\u00ed, je lehk\u00e1, stabiln\u00ed, [&hellip;]","og_url":"https:\/\/www.domstavpro.com\/index.php\/produkt\/homelife-koupelnova-stolicka-vyskove-stavitelna-svs21-bila-nova-kolekce-16183\/","og_image":[{"width":1000,"height":525,"url":"https:\/\/www.domstavpro.com\/wp-content\/uploads\/2026\/SK0027327-CZ20260425-093449-0-1777080896-homelife-koupelnova-stolicka-vyskove-stavitelna-svs21-bila..webp","type":"image\/webp"}],"twitter_card":"summary_large_image","twitter_misc":{"Odhadovan\u00e1 doba \u010dten\u00ed":"1 minuta"},"schema":{"@context":"https:\/\/schema.org","@graph":[{"@type":"WebPage","@id":"https:\/\/www.domstavpro.com\/index.php\/produkt\/homelife-koupelnova-stolicka-vyskove-stavitelna-svs21-bila-nova-kolekce-16183\/","url":"https:\/\/www.domstavpro.com\/index.php\/produkt\/homelife-koupelnova-stolicka-vyskove-stavitelna-svs21-bila-nova-kolekce-16183\/","name":"HomeLife Koupelnov\u00e1 stoli\u010dka v\u00fd\u0161kov\u011b staviteln\u00e1 SVS21, b\u00edl\u00e1 Nov\u00e1 Kolekce -","isPartOf":{"@id":"https:\/\/www.domstavpro.com\/#website"},"primaryImageOfPage":{"@id":"https:\/\/www.domstavpro.com\/index.php\/produkt\/homelife-koupelnova-stolicka-vyskove-stavitelna-svs21-bila-nova-kolekce-16183\/#primaryimage"},"image":{"@id":"https:\/\/www.domstavpro.com\/index.php\/produkt\/homelife-koupelnova-stolicka-vyskove-stavitelna-svs21-bila-nova-kolekce-16183\/#primaryimage"},"thumbnailUrl":"https:\/\/www.domstavpro.com\/wp-content\/uploads\/2026\/SK0027327-CZ20260425-093449-0-1777080896-homelife-koupelnova-stolicka-vyskove-stavitelna-svs21-bila..webp","datePublished":"2026-04-27T15:08:30+00:00","breadcrumb":{"@id":"https:\/\/www.domstavpro.com\/index.php\/produkt\/homelife-koupelnova-stolicka-vyskove-stavitelna-svs21-bila-nova-kolekce-16183\/#breadcrumb"},"inLanguage":"cs","potentialAction":[{"@type":"ReadAction","target":["https:\/\/www.domstavpro.com\/index.php\/produkt\/homelife-koupelnova-stolicka-vyskove-stavitelna-svs21-bila-nova-kolekce-16183\/"]}]},{"@type":"ImageObject","inLanguage":"cs","@id":"https:\/\/www.domstavpro.com\/index.php\/produkt\/homelife-koupelnova-stolicka-vyskove-stavitelna-svs21-bila-nova-kolekce-16183\/#primaryimage","url":"https:\/\/www.domstavpro.com\/wp-content\/uploads\/2026\/SK0027327-CZ20260425-093449-0-1777080896-homelife-koupelnova-stolicka-vyskove-stavitelna-svs21-bila..webp","contentUrl":"https:\/\/www.domstavpro.com\/wp-content\/uploads\/2026\/SK0027327-CZ20260425-093449-0-1777080896-homelife-koupelnova-stolicka-vyskove-stavitelna-svs21-bila..webp","width":1000,"height":525},{"@type":"BreadcrumbList","@id":"https:\/\/www.domstavpro.com\/index.php\/produkt\/homelife-koupelnova-stolicka-vyskove-stavitelna-svs21-bila-nova-kolekce-16183\/#breadcrumb","itemListElement":[{"@type":"ListItem","position":1,"name":"Home","item":"https:\/\/www.domstavpro.com\/"},{"@type":"ListItem","position":2,"name":"Products","item":"https:\/\/www.domstavpro.com\/index.php\/products\/"},{"@type":"ListItem","position":3,"name":"HomeLife Koupelnov\u00e1 stoli\u010dka v\u00fd\u0161kov\u011b staviteln\u00e1 SVS21, b\u00edl\u00e1 Nov\u00e1 Kolekce"}]},{"@type":"WebSite","@id":"https:\/\/www.domstavpro.com\/#website","url":"https:\/\/www.domstavpro.com\/","name":"","description":"","potentialAction":[{"@type":"SearchAction","target":{"@type":"EntryPoint","urlTemplate":"https:\/\/www.domstavpro.com\/?s={search_term_string}"},"query-input":{"@type":"PropertyValueSpecification","valueRequired":true,"valueName":"search_term_string"}}],"inLanguage":"cs"}]}},"_links":{"self":[{"href":"https:\/\/www.domstavpro.com\/index.php\/wp-json\/wp\/v2\/product\/16183","targetHints":{"allow":["GET"]}}],"collection":[{"href":"https:\/\/www.domstavpro.com\/index.php\/wp-json\/wp\/v2\/product"}],"about":[{"href":"https:\/\/www.domstavpro.com\/index.php\/wp-json\/wp\/v2\/types\/product"}],"replies":[{"embeddable":true,"href":"https:\/\/www.domstavpro.com\/index.php\/wp-json\/wp\/v2\/comments?post=16183"}],"wp:featuredmedia":[{"embeddable":true,"href":"https:\/\/www.domstavpro.com\/index.php\/wp-json\/wp\/v2\/media\/16283"}],"wp:attachment":[{"href":"https:\/\/www.domstavpro.com\/index.php\/wp-json\/wp\/v2\/media?parent=16183"}],"wp:term":[{"taxonomy":"product_brand","embeddable":true,"href":"https:\/\/www.domstavpro.com\/index.php\/wp-json\/wp\/v2\/product_brand?post=16183"},{"taxonomy":"product_cat","embeddable":true,"href":"https:\/\/www.domstavpro.com\/index.php\/wp-json\/wp\/v2\/product_cat?post=16183"},{"taxonomy":"product_tag","embeddable":true,"href":"https:\/\/www.domstavpro.com\/index.php\/wp-json\/wp\/v2\/product_tag?post=16183"}],"curies":[{"name":"wp","href":"https:\/\/api.w.org\/{rel}","templated":true}]}}