{"id":16170,"date":"2026-04-27T15:08:30","date_gmt":"2026-04-27T15:08:30","guid":{"rendered":""},"modified":"2026-04-27T15:08:30","modified_gmt":"2026-04-27T15:08:30","slug":"znackovy-novaservis-drzak-kartacku-greta-chrom-agr03-16170","status":"publish","type":"product","link":"https:\/\/www.domstavpro.com\/index.php\/produkt\/znackovy-novaservis-drzak-kartacku-greta-chrom-agr03-16170\/","title":{"rendered":"Zna\u010dkov\u00fd NOVASERVIS Dr\u017e\u00e1k kart\u00e1\u010dk\u016f GRETA, chrom &#8211; AGR03"},"content":{"rendered":"<div id=\"e7551599\" class=\"pages\">\n<div>\n<div id=\"PDDescription2\" class=\"UserContentView userContent v1a v1 bs-view dcon dc165 PDDescription2\" >NALEP NEBO VRTEJ. Modern\u00ed tvary pro nejn\u00e1ro\u010dn\u011bj\u0161\u00ed.&lt;br \/&gt; Koupelnov\u00e9 dopl\u0148ky v proveden\u00ed chrom s \u0161irokou \u0159adou typ\u016f, kter\u00e9 p\u0159esn\u011b odpov\u00eddaj\u00ed pot\u0159eb\u00e1m z\u00e1kazn\u00edk\u016f. &lt;b&gt;Prodlou\u017een\u00e1 z\u00e1ruka\u00a03\u00a0roky.&lt;\/b&gt;&lt;br \/&gt;Lepidlo 6100,L nen\u00ed sou\u010d\u00e1st\u00ed balen\u00ed.<\/div>\n<\/p><\/div>\n<div id=\"PDTable3\" class=\"ProductDetailTableView v3a v3 bs-view dcon dc185 PDTable3\" >\n<table>\n<thead><\/thead>\n<tbody>\n<tr class=\"attribute attr_pouziti\">\n<td class=\"caption\">Pou\u017eit\u00ed<\/td>\n<td class=\"value\">Dr\u017e\u00e1k na kart\u00e1\u010dky a pastu<\/td>\n<\/tr>\n<tr class=\"weight\">\n<td class=\"caption\"><span>Hmotnost<\/span><\/td>\n<td class=\"value\"><span>0,42 kg<\/span><\/td>\n<\/tr>\n<\/tbody>\n<\/table>\n<\/div>\n<div id=\"ProductMedia\" class=\"ProductMediaView MediaViewBase v1a v1 bs-view dcon dc409 ProductMedia\" ><bs-empty><\/bs-empty><\/p>\n<div class=\"files\">\n<div class=\"title sub\">Soubory<\/div>\n<p><a href=\"\/media\/11668\/agr03.jpg?&amp;key=ZGpmIyQwNUZfMTE2Njg=\" class=\"jpg\">agr03.jpg<\/a><\/div>\n<p><bs-empty><\/bs-empty><\/div>\n<\/div>\n<div id=\"e7551600\" class=\"tabs\">\n","protected":false},"excerpt":{"rendered":"<p>NALEP NEBO VRTEJ. Modern\u00ed tvary pro nejn\u00e1ro\u010dn\u011bj\u0161\u00ed.&lt;br \/&gt; Koupelnov\u00e9 dopl\u0148ky v proveden\u00ed chrom s \u0161irokou \u0159adou typ\u016f, kter\u00e9 p\u0159esn\u011b odpov\u00eddaj\u00ed pot\u0159eb\u00e1m z\u00e1kazn\u00edk\u016f. &lt;b&gt;Prodlou\u017een\u00e1 z\u00e1ruka\u00a03\u00a0roky.&lt;\/b&gt;&lt;br \/&gt;Lepidlo 6100,L nen\u00ed sou\u010d\u00e1st\u00ed balen\u00ed. Pou\u017eit\u00ed Dr\u017e\u00e1k na kart\u00e1\u010dky a pastu Hmotnost 0,42 kg Soubory agr03.jpg<\/p>\n","protected":false},"featured_media":16270,"comment_status":"open","ping_status":"open","template":"","meta":[],"product_brand":[],"product_cat":[61],"product_tag":[],"class_list":{"0":"post-16170","1":"product","2":"type-product","3":"status-publish","4":"has-post-thumbnail","6":"product_cat-vybaven-237-koupelny","8":"first","9":"instock","10":"sale","11":"shipping-taxable","12":"purchasable","13":"product-type-simple"},"yoast_head":"<!-- This site is optimized with the Yoast SEO plugin v26.8 - https:\/\/yoast.com\/product\/yoast-seo-wordpress\/ -->\n<title>Zna\u010dkov\u00fd NOVASERVIS Dr\u017e\u00e1k kart\u00e1\u010dk\u016f GRETA, chrom - AGR03 -<\/title>\n<meta name=\"robots\" content=\"index, follow, max-snippet:-1, max-image-preview:large, max-video-preview:-1\" \/>\n<link rel=\"canonical\" href=\"https:\/\/www.domstavpro.com\/index.php\/produkt\/znackovy-novaservis-drzak-kartacku-greta-chrom-agr03-16170\/\" \/>\n<meta property=\"og:locale\" content=\"cs_CZ\" \/>\n<meta property=\"og:type\" content=\"article\" \/>\n<meta property=\"og:title\" content=\"Zna\u010dkov\u00fd NOVASERVIS Dr\u017e\u00e1k kart\u00e1\u010dk\u016f GRETA, chrom - AGR03 -\" \/>\n<meta property=\"og:description\" content=\"NALEP NEBO VRTEJ. Modern\u00ed tvary pro nejn\u00e1ro\u010dn\u011bj\u0161\u00ed.&lt;br \/&gt; Koupelnov\u00e9 dopl\u0148ky v proveden\u00ed chrom s \u0161irokou \u0159adou typ\u016f, kter\u00e9 p\u0159esn\u011b odpov\u00eddaj\u00ed pot\u0159eb\u00e1m z\u00e1kazn\u00edk\u016f. &lt;b&gt;Prodlou\u017een\u00e1 z\u00e1ruka\u00a03\u00a0roky.&lt;\/b&gt;&lt;br \/&gt;Lepidlo 6100,L nen\u00ed sou\u010d\u00e1st\u00ed balen\u00ed. Pou\u017eit\u00ed Dr\u017e\u00e1k na kart\u00e1\u010dky a pastu Hmotnost 0,42 kg Soubory agr03.jpg\" \/>\n<meta property=\"og:url\" content=\"https:\/\/www.domstavpro.com\/index.php\/produkt\/znackovy-novaservis-drzak-kartacku-greta-chrom-agr03-16170\/\" \/>\n<meta property=\"og:image\" content=\"https:\/\/www.domstavpro.com\/wp-content\/uploads\/2026\/SK0027313-CZ20260425-093449-0-1777080896-novaservis-drzak-kartacku-greta-chrom-agr03.webp\" \/>\n\t<meta property=\"og:image:width\" content=\"1000\" \/>\n\t<meta property=\"og:image:height\" content=\"525\" \/>\n\t<meta property=\"og:image:type\" content=\"image\/webp\" \/>\n<meta name=\"twitter:card\" content=\"summary_large_image\" \/>\n<script type=\"application\/ld+json\" class=\"yoast-schema-graph\">{\"@context\":\"https:\/\/schema.org\",\"@graph\":[{\"@type\":\"WebPage\",\"@id\":\"https:\/\/www.domstavpro.com\/index.php\/produkt\/znackovy-novaservis-drzak-kartacku-greta-chrom-agr03-16170\/\",\"url\":\"https:\/\/www.domstavpro.com\/index.php\/produkt\/znackovy-novaservis-drzak-kartacku-greta-chrom-agr03-16170\/\",\"name\":\"Zna\u010dkov\u00fd NOVASERVIS Dr\u017e\u00e1k kart\u00e1\u010dk\u016f GRETA, chrom - AGR03 -\",\"isPartOf\":{\"@id\":\"https:\/\/www.domstavpro.com\/#website\"},\"primaryImageOfPage\":{\"@id\":\"https:\/\/www.domstavpro.com\/index.php\/produkt\/znackovy-novaservis-drzak-kartacku-greta-chrom-agr03-16170\/#primaryimage\"},\"image\":{\"@id\":\"https:\/\/www.domstavpro.com\/index.php\/produkt\/znackovy-novaservis-drzak-kartacku-greta-chrom-agr03-16170\/#primaryimage\"},\"thumbnailUrl\":\"https:\/\/www.domstavpro.com\/wp-content\/uploads\/2026\/SK0027313-CZ20260425-093449-0-1777080896-novaservis-drzak-kartacku-greta-chrom-agr03.webp\",\"datePublished\":\"2026-04-27T15:08:30+00:00\",\"breadcrumb\":{\"@id\":\"https:\/\/www.domstavpro.com\/index.php\/produkt\/znackovy-novaservis-drzak-kartacku-greta-chrom-agr03-16170\/#breadcrumb\"},\"inLanguage\":\"cs\",\"potentialAction\":[{\"@type\":\"ReadAction\",\"target\":[\"https:\/\/www.domstavpro.com\/index.php\/produkt\/znackovy-novaservis-drzak-kartacku-greta-chrom-agr03-16170\/\"]}]},{\"@type\":\"ImageObject\",\"inLanguage\":\"cs\",\"@id\":\"https:\/\/www.domstavpro.com\/index.php\/produkt\/znackovy-novaservis-drzak-kartacku-greta-chrom-agr03-16170\/#primaryimage\",\"url\":\"https:\/\/www.domstavpro.com\/wp-content\/uploads\/2026\/SK0027313-CZ20260425-093449-0-1777080896-novaservis-drzak-kartacku-greta-chrom-agr03.webp\",\"contentUrl\":\"https:\/\/www.domstavpro.com\/wp-content\/uploads\/2026\/SK0027313-CZ20260425-093449-0-1777080896-novaservis-drzak-kartacku-greta-chrom-agr03.webp\",\"width\":1000,\"height\":525},{\"@type\":\"BreadcrumbList\",\"@id\":\"https:\/\/www.domstavpro.com\/index.php\/produkt\/znackovy-novaservis-drzak-kartacku-greta-chrom-agr03-16170\/#breadcrumb\",\"itemListElement\":[{\"@type\":\"ListItem\",\"position\":1,\"name\":\"Home\",\"item\":\"https:\/\/www.domstavpro.com\/\"},{\"@type\":\"ListItem\",\"position\":2,\"name\":\"Products\",\"item\":\"https:\/\/www.domstavpro.com\/index.php\/products\/\"},{\"@type\":\"ListItem\",\"position\":3,\"name\":\"Zna\u010dkov\u00fd NOVASERVIS Dr\u017e\u00e1k kart\u00e1\u010dk\u016f GRETA, chrom &#8211; AGR03\"}]},{\"@type\":\"WebSite\",\"@id\":\"https:\/\/www.domstavpro.com\/#website\",\"url\":\"https:\/\/www.domstavpro.com\/\",\"name\":\"\",\"description\":\"\",\"potentialAction\":[{\"@type\":\"SearchAction\",\"target\":{\"@type\":\"EntryPoint\",\"urlTemplate\":\"https:\/\/www.domstavpro.com\/?s={search_term_string}\"},\"query-input\":{\"@type\":\"PropertyValueSpecification\",\"valueRequired\":true,\"valueName\":\"search_term_string\"}}],\"inLanguage\":\"cs\"}]}<\/script>\n<!-- \/ Yoast SEO plugin. -->","yoast_head_json":{"title":"Zna\u010dkov\u00fd NOVASERVIS Dr\u017e\u00e1k kart\u00e1\u010dk\u016f GRETA, chrom - AGR03 -","robots":{"index":"index","follow":"follow","max-snippet":"max-snippet:-1","max-image-preview":"max-image-preview:large","max-video-preview":"max-video-preview:-1"},"canonical":"https:\/\/www.domstavpro.com\/index.php\/produkt\/znackovy-novaservis-drzak-kartacku-greta-chrom-agr03-16170\/","og_locale":"cs_CZ","og_type":"article","og_title":"Zna\u010dkov\u00fd NOVASERVIS Dr\u017e\u00e1k kart\u00e1\u010dk\u016f GRETA, chrom - AGR03 -","og_description":"NALEP NEBO VRTEJ. Modern\u00ed tvary pro nejn\u00e1ro\u010dn\u011bj\u0161\u00ed.&lt;br \/&gt; Koupelnov\u00e9 dopl\u0148ky v proveden\u00ed chrom s \u0161irokou \u0159adou typ\u016f, kter\u00e9 p\u0159esn\u011b odpov\u00eddaj\u00ed pot\u0159eb\u00e1m z\u00e1kazn\u00edk\u016f. &lt;b&gt;Prodlou\u017een\u00e1 z\u00e1ruka\u00a03\u00a0roky.&lt;\/b&gt;&lt;br \/&gt;Lepidlo 6100,L nen\u00ed sou\u010d\u00e1st\u00ed balen\u00ed. Pou\u017eit\u00ed Dr\u017e\u00e1k na kart\u00e1\u010dky a pastu Hmotnost 0,42 kg Soubory agr03.jpg","og_url":"https:\/\/www.domstavpro.com\/index.php\/produkt\/znackovy-novaservis-drzak-kartacku-greta-chrom-agr03-16170\/","og_image":[{"width":1000,"height":525,"url":"https:\/\/www.domstavpro.com\/wp-content\/uploads\/2026\/SK0027313-CZ20260425-093449-0-1777080896-novaservis-drzak-kartacku-greta-chrom-agr03.webp","type":"image\/webp"}],"twitter_card":"summary_large_image","schema":{"@context":"https:\/\/schema.org","@graph":[{"@type":"WebPage","@id":"https:\/\/www.domstavpro.com\/index.php\/produkt\/znackovy-novaservis-drzak-kartacku-greta-chrom-agr03-16170\/","url":"https:\/\/www.domstavpro.com\/index.php\/produkt\/znackovy-novaservis-drzak-kartacku-greta-chrom-agr03-16170\/","name":"Zna\u010dkov\u00fd NOVASERVIS Dr\u017e\u00e1k kart\u00e1\u010dk\u016f GRETA, chrom - AGR03 -","isPartOf":{"@id":"https:\/\/www.domstavpro.com\/#website"},"primaryImageOfPage":{"@id":"https:\/\/www.domstavpro.com\/index.php\/produkt\/znackovy-novaservis-drzak-kartacku-greta-chrom-agr03-16170\/#primaryimage"},"image":{"@id":"https:\/\/www.domstavpro.com\/index.php\/produkt\/znackovy-novaservis-drzak-kartacku-greta-chrom-agr03-16170\/#primaryimage"},"thumbnailUrl":"https:\/\/www.domstavpro.com\/wp-content\/uploads\/2026\/SK0027313-CZ20260425-093449-0-1777080896-novaservis-drzak-kartacku-greta-chrom-agr03.webp","datePublished":"2026-04-27T15:08:30+00:00","breadcrumb":{"@id":"https:\/\/www.domstavpro.com\/index.php\/produkt\/znackovy-novaservis-drzak-kartacku-greta-chrom-agr03-16170\/#breadcrumb"},"inLanguage":"cs","potentialAction":[{"@type":"ReadAction","target":["https:\/\/www.domstavpro.com\/index.php\/produkt\/znackovy-novaservis-drzak-kartacku-greta-chrom-agr03-16170\/"]}]},{"@type":"ImageObject","inLanguage":"cs","@id":"https:\/\/www.domstavpro.com\/index.php\/produkt\/znackovy-novaservis-drzak-kartacku-greta-chrom-agr03-16170\/#primaryimage","url":"https:\/\/www.domstavpro.com\/wp-content\/uploads\/2026\/SK0027313-CZ20260425-093449-0-1777080896-novaservis-drzak-kartacku-greta-chrom-agr03.webp","contentUrl":"https:\/\/www.domstavpro.com\/wp-content\/uploads\/2026\/SK0027313-CZ20260425-093449-0-1777080896-novaservis-drzak-kartacku-greta-chrom-agr03.webp","width":1000,"height":525},{"@type":"BreadcrumbList","@id":"https:\/\/www.domstavpro.com\/index.php\/produkt\/znackovy-novaservis-drzak-kartacku-greta-chrom-agr03-16170\/#breadcrumb","itemListElement":[{"@type":"ListItem","position":1,"name":"Home","item":"https:\/\/www.domstavpro.com\/"},{"@type":"ListItem","position":2,"name":"Products","item":"https:\/\/www.domstavpro.com\/index.php\/products\/"},{"@type":"ListItem","position":3,"name":"Zna\u010dkov\u00fd NOVASERVIS Dr\u017e\u00e1k kart\u00e1\u010dk\u016f GRETA, chrom &#8211; AGR03"}]},{"@type":"WebSite","@id":"https:\/\/www.domstavpro.com\/#website","url":"https:\/\/www.domstavpro.com\/","name":"","description":"","potentialAction":[{"@type":"SearchAction","target":{"@type":"EntryPoint","urlTemplate":"https:\/\/www.domstavpro.com\/?s={search_term_string}"},"query-input":{"@type":"PropertyValueSpecification","valueRequired":true,"valueName":"search_term_string"}}],"inLanguage":"cs"}]}},"_links":{"self":[{"href":"https:\/\/www.domstavpro.com\/index.php\/wp-json\/wp\/v2\/product\/16170","targetHints":{"allow":["GET"]}}],"collection":[{"href":"https:\/\/www.domstavpro.com\/index.php\/wp-json\/wp\/v2\/product"}],"about":[{"href":"https:\/\/www.domstavpro.com\/index.php\/wp-json\/wp\/v2\/types\/product"}],"replies":[{"embeddable":true,"href":"https:\/\/www.domstavpro.com\/index.php\/wp-json\/wp\/v2\/comments?post=16170"}],"wp:featuredmedia":[{"embeddable":true,"href":"https:\/\/www.domstavpro.com\/index.php\/wp-json\/wp\/v2\/media\/16270"}],"wp:attachment":[{"href":"https:\/\/www.domstavpro.com\/index.php\/wp-json\/wp\/v2\/media?parent=16170"}],"wp:term":[{"taxonomy":"product_brand","embeddable":true,"href":"https:\/\/www.domstavpro.com\/index.php\/wp-json\/wp\/v2\/product_brand?post=16170"},{"taxonomy":"product_cat","embeddable":true,"href":"https:\/\/www.domstavpro.com\/index.php\/wp-json\/wp\/v2\/product_cat?post=16170"},{"taxonomy":"product_tag","embeddable":true,"href":"https:\/\/www.domstavpro.com\/index.php\/wp-json\/wp\/v2\/product_tag?post=16170"}],"curies":[{"name":"wp","href":"https:\/\/api.w.org\/{rel}","templated":true}]}}