{"id":16093,"date":"2026-04-27T15:08:30","date_gmt":"2026-04-27T15:08:30","guid":{"rendered":""},"modified":"2026-04-27T15:08:30","modified_gmt":"2026-04-27T15:08:30","slug":"profi-tools-stipac-drivi-pm4t-370-akcni-nabidka-16093","status":"publish","type":"product","link":"https:\/\/www.domstavpro.com\/index.php\/produkt\/profi-tools-stipac-drivi-pm4t-370-akcni-nabidka-16093\/","title":{"rendered":"Profi Tools \u0160t\u00edpa\u010d d\u0159\u00edv\u00ed PM4T-370 Ak\u010dn\u00ed Nab\u00eddka"},"content":{"rendered":"<div id=\"e7508006\" class=\"pages\">\n<div>\n<div id=\"PDDescription\" class=\"UserContentView userContent v1a v1 bs-view dcon dc164 PDDescription\" ><dc-con><dc-con><bs-empty><\/bs-empty><\/dc-con><dc-con>        <\/p>\n<div class=\"customDescription\">                    <\/div>\n<p><\/dc-con><dc-con><\/p>\n<h2>\u0160t\u00edpa\u010d d\u0159\u00edv\u00ed<\/h2>\n<p>Mobiln\u00ed horizont\u00e1ln\u00ed <strong>\u0161t\u00edpa\u010d d\u0159\u00edv\u00ed <\/strong>s velmi jednouduchou obsluhou<strong>.\u00a0<\/strong><strong>\u0160t\u00edpa\u010d d\u0159\u00edv\u00ed<\/strong> je neoceniteln\u00fdm pomocn\u00edkem pro ty, kte\u0159\u00ed pou\u017e\u00edvaj\u00ed krb nebo d\u0159evo na vyt\u00e1p\u011bn\u00ed &#8211; doma, na chat\u011b nebo chalup\u011b. Na rozd\u00edl od klasick\u00e9 sekery \u0161t\u00edpa\u010d pracuje ti\u0161e a bezpe\u010dn\u011b.<\/p>\n<p>U <strong>\u0161t\u00edpa\u010de d\u0159\u00edv\u00ed<\/strong> ocen\u00edte snadnou obsluhu, m\u00e1 stabiln\u00ed ocelovou konstrukci.<\/p>\n<h3>\u0160t\u00edpa\u010d d\u0159\u00edv\u00ed &#8211; technick\u00e9 parametry:<\/h3>\n<ul>\n<li>\u0161t\u00edpac\u00ed s\u00edla 4 tuny<\/li>\n<li>v\u00fdkon 1500 W<\/li>\n<li>max. d\u00e9lka polena 37 cm<\/li>\n<li>pr\u016fm\u011br \u0161t\u00edpan\u00fdch polen a\u017e 25 cm<\/li>\n<li>rozm\u011br 78 x 27 x 51 cm<\/li>\n<li>hmotnost 42 kg<\/li>\n<li>hydraulick\u00fd tlak 16 MPa<\/li>\n<li>230V<\/li>\n<\/ul>\n<p><span style=\"color: #0000ff;\"><span style=\"color: #000000;\"><strong>K\u0159\u00ed\u017eov\u00fd n\u00e1stavec <\/strong>usnadn\u00ed pr\u00e1ci se \u0161t\u00edpa\u010dem\u00a0d\u0159\u00edv\u00ed &#8211; ramena k\u0159\u00ed\u017eov\u00e9ho n\u00e1stavce rozd\u011bl\u00ed poleno na 4 d\u00edly, \u010d\u00edm\u017e podstatn\u011b zrychluje pr\u00e1ci.<\/span><\/span><\/p>\n<p><strong>Stojan ke \u0161t\u00edpa\u010di d\u0159\u00edv\u00ed <\/strong>k na\u0161emu horizont\u00e1ln\u00edmu \u0161t\u00edpa\u010di d\u0159\u00edv\u00ed PM4T-370, kter\u00fd umo\u017e\u0148uje \u0161t\u00edp\u00e1n\u00ed ve vzp\u0159\u00edmen\u00e9 poloze<strong>.\u00a0<\/strong><strong>\u0160t\u00edpa\u010d d\u0159\u00edv\u00ed<\/strong> je neoceniteln\u00fdm pomocn\u00edkem pro ty, kte\u0159\u00ed pou\u017e\u00edvaj\u00ed krb nebo d\u0159evo na vyt\u00e1p\u011bn\u00ed &#8211; doma, na chat\u011b nebo chalup\u011b. Na rozd\u00edl od klasick\u00e9 sekery \u0161t\u00edpa\u010d pracuje ti\u0161e a bezpe\u010dn\u011b.<\/p>\n<p><\/dc-con><\/dc-con><\/div>\n<\/p><\/div>\n<div id=\"PDTable3\" class=\"ProductDetailTableView v3a v3 bs-view dcon dc185 PDTable3\" >\n<table>\n<thead><\/thead>\n<tbody>\n<tr class=\"attribute attr_bsshop_maker\">\n<td class=\"caption\">V\u00fdrobce<\/td>\n<td class=\"value\">Profi Tools<\/td>\n<\/tr>\n<tr class=\"weight\">\n<td class=\"caption\"><span>Hmotnost<\/span><\/td>\n<td class=\"value\"><span>42,00 kg<\/span><\/td>\n<\/tr>\n<\/tbody>\n<\/table>\n<\/div>\n<div id=\"ProductMedia\" class=\"ProductMediaView MediaViewBase v1a v1 bs-view dcon dc409 ProductMedia\" ><bs-empty><\/bs-empty><\/p>\n<div class=\"files\">\n<div class=\"title sub\">Soubory<\/div>\n<p><a href=\"\/media\/9756\/stipac-drivi-1.pdf?&amp;key=ZGpmIyQwNUZfOTc1Ng==\" class=\"pdf\">stipac_drivi_1.pdf<\/a><\/div>\n<p><bs-empty><\/bs-empty><\/div>\n<\/div>\n<div id=\"e7508007\" class=\"tabs\">\n","protected":false},"excerpt":{"rendered":"<p>\u0160t\u00edpa\u010d d\u0159\u00edv\u00ed Mobiln\u00ed horizont\u00e1ln\u00ed \u0161t\u00edpa\u010d d\u0159\u00edv\u00ed s velmi jednouduchou obsluhou.\u00a0\u0160t\u00edpa\u010d d\u0159\u00edv\u00ed je neoceniteln\u00fdm pomocn\u00edkem pro ty, kte\u0159\u00ed pou\u017e\u00edvaj\u00ed krb nebo d\u0159evo na vyt\u00e1p\u011bn\u00ed &#8211; doma, na chat\u011b nebo chalup\u011b. Na rozd\u00edl od klasick\u00e9 sekery \u0161t\u00edpa\u010d pracuje ti\u0161e a bezpe\u010dn\u011b. U \u0161t\u00edpa\u010de d\u0159\u00edv\u00ed ocen\u00edte snadnou obsluhu, m\u00e1 stabiln\u00ed ocelovou konstrukci. \u0160t\u00edpa\u010d d\u0159\u00edv\u00ed &#8211; technick\u00e9 parametry: \u0161t\u00edpac\u00ed [&hellip;]<\/p>\n","protected":false},"featured_media":16193,"comment_status":"open","ping_status":"open","template":"","meta":[],"product_brand":[],"product_cat":[66],"product_tag":[],"class_list":{"0":"post-16093","1":"product","2":"type-product","3":"status-publish","4":"has-post-thumbnail","6":"product_cat-pochutiny-dum-a-zahrada","8":"first","9":"instock","10":"sale","11":"shipping-taxable","12":"purchasable","13":"product-type-simple"},"yoast_head":"<!-- This site is optimized with the Yoast SEO plugin v26.8 - https:\/\/yoast.com\/product\/yoast-seo-wordpress\/ -->\n<title>Profi Tools \u0160t\u00edpa\u010d d\u0159\u00edv\u00ed PM4T-370 Ak\u010dn\u00ed Nab\u00eddka -<\/title>\n<meta name=\"robots\" content=\"index, follow, max-snippet:-1, max-image-preview:large, max-video-preview:-1\" \/>\n<link rel=\"canonical\" href=\"https:\/\/www.domstavpro.com\/index.php\/produkt\/profi-tools-stipac-drivi-pm4t-370-akcni-nabidka-16093\/\" \/>\n<meta property=\"og:locale\" content=\"cs_CZ\" \/>\n<meta property=\"og:type\" content=\"article\" \/>\n<meta property=\"og:title\" content=\"Profi Tools \u0160t\u00edpa\u010d d\u0159\u00edv\u00ed PM4T-370 Ak\u010dn\u00ed Nab\u00eddka -\" \/>\n<meta property=\"og:description\" content=\"\u0160t\u00edpa\u010d d\u0159\u00edv\u00ed Mobiln\u00ed horizont\u00e1ln\u00ed \u0161t\u00edpa\u010d d\u0159\u00edv\u00ed s velmi jednouduchou obsluhou.\u00a0\u0160t\u00edpa\u010d d\u0159\u00edv\u00ed je neoceniteln\u00fdm pomocn\u00edkem pro ty, kte\u0159\u00ed pou\u017e\u00edvaj\u00ed krb nebo d\u0159evo na vyt\u00e1p\u011bn\u00ed &#8211; doma, na chat\u011b nebo chalup\u011b. Na rozd\u00edl od klasick\u00e9 sekery \u0161t\u00edpa\u010d pracuje ti\u0161e a bezpe\u010dn\u011b. U \u0161t\u00edpa\u010de d\u0159\u00edv\u00ed ocen\u00edte snadnou obsluhu, m\u00e1 stabiln\u00ed ocelovou konstrukci. \u0160t\u00edpa\u010d d\u0159\u00edv\u00ed &#8211; technick\u00e9 parametry: \u0161t\u00edpac\u00ed [&hellip;]\" \/>\n<meta property=\"og:url\" content=\"https:\/\/www.domstavpro.com\/index.php\/produkt\/profi-tools-stipac-drivi-pm4t-370-akcni-nabidka-16093\/\" \/>\n<meta property=\"og:image\" content=\"https:\/\/www.domstavpro.com\/wp-content\/uploads\/2026\/SK0027236-CZ20260425-093449-0-1777080896-profi-tools-stipac-drivi-pm4t-370.webp\" \/>\n\t<meta property=\"og:image:width\" content=\"1000\" \/>\n\t<meta property=\"og:image:height\" content=\"525\" \/>\n\t<meta property=\"og:image:type\" content=\"image\/webp\" \/>\n<meta name=\"twitter:card\" content=\"summary_large_image\" \/>\n<meta name=\"twitter:label1\" content=\"Odhadovan\u00e1 doba \u010dten\u00ed\" \/>\n\t<meta name=\"twitter:data1\" content=\"1 minuta\" \/>\n<script type=\"application\/ld+json\" class=\"yoast-schema-graph\">{\"@context\":\"https:\/\/schema.org\",\"@graph\":[{\"@type\":\"WebPage\",\"@id\":\"https:\/\/www.domstavpro.com\/index.php\/produkt\/profi-tools-stipac-drivi-pm4t-370-akcni-nabidka-16093\/\",\"url\":\"https:\/\/www.domstavpro.com\/index.php\/produkt\/profi-tools-stipac-drivi-pm4t-370-akcni-nabidka-16093\/\",\"name\":\"Profi Tools \u0160t\u00edpa\u010d d\u0159\u00edv\u00ed PM4T-370 Ak\u010dn\u00ed Nab\u00eddka -\",\"isPartOf\":{\"@id\":\"https:\/\/www.domstavpro.com\/#website\"},\"primaryImageOfPage\":{\"@id\":\"https:\/\/www.domstavpro.com\/index.php\/produkt\/profi-tools-stipac-drivi-pm4t-370-akcni-nabidka-16093\/#primaryimage\"},\"image\":{\"@id\":\"https:\/\/www.domstavpro.com\/index.php\/produkt\/profi-tools-stipac-drivi-pm4t-370-akcni-nabidka-16093\/#primaryimage\"},\"thumbnailUrl\":\"https:\/\/www.domstavpro.com\/wp-content\/uploads\/2026\/SK0027236-CZ20260425-093449-0-1777080896-profi-tools-stipac-drivi-pm4t-370.webp\",\"datePublished\":\"2026-04-27T15:08:30+00:00\",\"breadcrumb\":{\"@id\":\"https:\/\/www.domstavpro.com\/index.php\/produkt\/profi-tools-stipac-drivi-pm4t-370-akcni-nabidka-16093\/#breadcrumb\"},\"inLanguage\":\"cs\",\"potentialAction\":[{\"@type\":\"ReadAction\",\"target\":[\"https:\/\/www.domstavpro.com\/index.php\/produkt\/profi-tools-stipac-drivi-pm4t-370-akcni-nabidka-16093\/\"]}]},{\"@type\":\"ImageObject\",\"inLanguage\":\"cs\",\"@id\":\"https:\/\/www.domstavpro.com\/index.php\/produkt\/profi-tools-stipac-drivi-pm4t-370-akcni-nabidka-16093\/#primaryimage\",\"url\":\"https:\/\/www.domstavpro.com\/wp-content\/uploads\/2026\/SK0027236-CZ20260425-093449-0-1777080896-profi-tools-stipac-drivi-pm4t-370.webp\",\"contentUrl\":\"https:\/\/www.domstavpro.com\/wp-content\/uploads\/2026\/SK0027236-CZ20260425-093449-0-1777080896-profi-tools-stipac-drivi-pm4t-370.webp\",\"width\":1000,\"height\":525},{\"@type\":\"BreadcrumbList\",\"@id\":\"https:\/\/www.domstavpro.com\/index.php\/produkt\/profi-tools-stipac-drivi-pm4t-370-akcni-nabidka-16093\/#breadcrumb\",\"itemListElement\":[{\"@type\":\"ListItem\",\"position\":1,\"name\":\"Home\",\"item\":\"https:\/\/www.domstavpro.com\/\"},{\"@type\":\"ListItem\",\"position\":2,\"name\":\"Products\",\"item\":\"https:\/\/www.domstavpro.com\/index.php\/products\/\"},{\"@type\":\"ListItem\",\"position\":3,\"name\":\"Profi Tools \u0160t\u00edpa\u010d d\u0159\u00edv\u00ed PM4T-370 Ak\u010dn\u00ed Nab\u00eddka\"}]},{\"@type\":\"WebSite\",\"@id\":\"https:\/\/www.domstavpro.com\/#website\",\"url\":\"https:\/\/www.domstavpro.com\/\",\"name\":\"\",\"description\":\"\",\"potentialAction\":[{\"@type\":\"SearchAction\",\"target\":{\"@type\":\"EntryPoint\",\"urlTemplate\":\"https:\/\/www.domstavpro.com\/?s={search_term_string}\"},\"query-input\":{\"@type\":\"PropertyValueSpecification\",\"valueRequired\":true,\"valueName\":\"search_term_string\"}}],\"inLanguage\":\"cs\"}]}<\/script>\n<!-- \/ Yoast SEO plugin. -->","yoast_head_json":{"title":"Profi Tools \u0160t\u00edpa\u010d d\u0159\u00edv\u00ed PM4T-370 Ak\u010dn\u00ed Nab\u00eddka -","robots":{"index":"index","follow":"follow","max-snippet":"max-snippet:-1","max-image-preview":"max-image-preview:large","max-video-preview":"max-video-preview:-1"},"canonical":"https:\/\/www.domstavpro.com\/index.php\/produkt\/profi-tools-stipac-drivi-pm4t-370-akcni-nabidka-16093\/","og_locale":"cs_CZ","og_type":"article","og_title":"Profi Tools \u0160t\u00edpa\u010d d\u0159\u00edv\u00ed PM4T-370 Ak\u010dn\u00ed Nab\u00eddka -","og_description":"\u0160t\u00edpa\u010d d\u0159\u00edv\u00ed Mobiln\u00ed horizont\u00e1ln\u00ed \u0161t\u00edpa\u010d d\u0159\u00edv\u00ed s velmi jednouduchou obsluhou.\u00a0\u0160t\u00edpa\u010d d\u0159\u00edv\u00ed je neoceniteln\u00fdm pomocn\u00edkem pro ty, kte\u0159\u00ed pou\u017e\u00edvaj\u00ed krb nebo d\u0159evo na vyt\u00e1p\u011bn\u00ed &#8211; doma, na chat\u011b nebo chalup\u011b. Na rozd\u00edl od klasick\u00e9 sekery \u0161t\u00edpa\u010d pracuje ti\u0161e a bezpe\u010dn\u011b. U \u0161t\u00edpa\u010de d\u0159\u00edv\u00ed ocen\u00edte snadnou obsluhu, m\u00e1 stabiln\u00ed ocelovou konstrukci. \u0160t\u00edpa\u010d d\u0159\u00edv\u00ed &#8211; technick\u00e9 parametry: \u0161t\u00edpac\u00ed [&hellip;]","og_url":"https:\/\/www.domstavpro.com\/index.php\/produkt\/profi-tools-stipac-drivi-pm4t-370-akcni-nabidka-16093\/","og_image":[{"width":1000,"height":525,"url":"https:\/\/www.domstavpro.com\/wp-content\/uploads\/2026\/SK0027236-CZ20260425-093449-0-1777080896-profi-tools-stipac-drivi-pm4t-370.webp","type":"image\/webp"}],"twitter_card":"summary_large_image","twitter_misc":{"Odhadovan\u00e1 doba \u010dten\u00ed":"1 minuta"},"schema":{"@context":"https:\/\/schema.org","@graph":[{"@type":"WebPage","@id":"https:\/\/www.domstavpro.com\/index.php\/produkt\/profi-tools-stipac-drivi-pm4t-370-akcni-nabidka-16093\/","url":"https:\/\/www.domstavpro.com\/index.php\/produkt\/profi-tools-stipac-drivi-pm4t-370-akcni-nabidka-16093\/","name":"Profi Tools \u0160t\u00edpa\u010d d\u0159\u00edv\u00ed PM4T-370 Ak\u010dn\u00ed Nab\u00eddka -","isPartOf":{"@id":"https:\/\/www.domstavpro.com\/#website"},"primaryImageOfPage":{"@id":"https:\/\/www.domstavpro.com\/index.php\/produkt\/profi-tools-stipac-drivi-pm4t-370-akcni-nabidka-16093\/#primaryimage"},"image":{"@id":"https:\/\/www.domstavpro.com\/index.php\/produkt\/profi-tools-stipac-drivi-pm4t-370-akcni-nabidka-16093\/#primaryimage"},"thumbnailUrl":"https:\/\/www.domstavpro.com\/wp-content\/uploads\/2026\/SK0027236-CZ20260425-093449-0-1777080896-profi-tools-stipac-drivi-pm4t-370.webp","datePublished":"2026-04-27T15:08:30+00:00","breadcrumb":{"@id":"https:\/\/www.domstavpro.com\/index.php\/produkt\/profi-tools-stipac-drivi-pm4t-370-akcni-nabidka-16093\/#breadcrumb"},"inLanguage":"cs","potentialAction":[{"@type":"ReadAction","target":["https:\/\/www.domstavpro.com\/index.php\/produkt\/profi-tools-stipac-drivi-pm4t-370-akcni-nabidka-16093\/"]}]},{"@type":"ImageObject","inLanguage":"cs","@id":"https:\/\/www.domstavpro.com\/index.php\/produkt\/profi-tools-stipac-drivi-pm4t-370-akcni-nabidka-16093\/#primaryimage","url":"https:\/\/www.domstavpro.com\/wp-content\/uploads\/2026\/SK0027236-CZ20260425-093449-0-1777080896-profi-tools-stipac-drivi-pm4t-370.webp","contentUrl":"https:\/\/www.domstavpro.com\/wp-content\/uploads\/2026\/SK0027236-CZ20260425-093449-0-1777080896-profi-tools-stipac-drivi-pm4t-370.webp","width":1000,"height":525},{"@type":"BreadcrumbList","@id":"https:\/\/www.domstavpro.com\/index.php\/produkt\/profi-tools-stipac-drivi-pm4t-370-akcni-nabidka-16093\/#breadcrumb","itemListElement":[{"@type":"ListItem","position":1,"name":"Home","item":"https:\/\/www.domstavpro.com\/"},{"@type":"ListItem","position":2,"name":"Products","item":"https:\/\/www.domstavpro.com\/index.php\/products\/"},{"@type":"ListItem","position":3,"name":"Profi Tools \u0160t\u00edpa\u010d d\u0159\u00edv\u00ed PM4T-370 Ak\u010dn\u00ed Nab\u00eddka"}]},{"@type":"WebSite","@id":"https:\/\/www.domstavpro.com\/#website","url":"https:\/\/www.domstavpro.com\/","name":"","description":"","potentialAction":[{"@type":"SearchAction","target":{"@type":"EntryPoint","urlTemplate":"https:\/\/www.domstavpro.com\/?s={search_term_string}"},"query-input":{"@type":"PropertyValueSpecification","valueRequired":true,"valueName":"search_term_string"}}],"inLanguage":"cs"}]}},"_links":{"self":[{"href":"https:\/\/www.domstavpro.com\/index.php\/wp-json\/wp\/v2\/product\/16093","targetHints":{"allow":["GET"]}}],"collection":[{"href":"https:\/\/www.domstavpro.com\/index.php\/wp-json\/wp\/v2\/product"}],"about":[{"href":"https:\/\/www.domstavpro.com\/index.php\/wp-json\/wp\/v2\/types\/product"}],"replies":[{"embeddable":true,"href":"https:\/\/www.domstavpro.com\/index.php\/wp-json\/wp\/v2\/comments?post=16093"}],"wp:featuredmedia":[{"embeddable":true,"href":"https:\/\/www.domstavpro.com\/index.php\/wp-json\/wp\/v2\/media\/16193"}],"wp:attachment":[{"href":"https:\/\/www.domstavpro.com\/index.php\/wp-json\/wp\/v2\/media?parent=16093"}],"wp:term":[{"taxonomy":"product_brand","embeddable":true,"href":"https:\/\/www.domstavpro.com\/index.php\/wp-json\/wp\/v2\/product_brand?post=16093"},{"taxonomy":"product_cat","embeddable":true,"href":"https:\/\/www.domstavpro.com\/index.php\/wp-json\/wp\/v2\/product_cat?post=16093"},{"taxonomy":"product_tag","embeddable":true,"href":"https:\/\/www.domstavpro.com\/index.php\/wp-json\/wp\/v2\/product_tag?post=16093"}],"curies":[{"name":"wp","href":"https:\/\/api.w.org\/{rel}","templated":true}]}}