{"id":15916,"date":"2026-04-27T15:08:30","date_gmt":"2026-04-27T15:08:30","guid":{"rendered":""},"modified":"2026-04-27T15:08:30","modified_gmt":"2026-04-27T15:08:30","slug":"akce-hs-flamingo-trubka-150-mm-50cm-1-5-mm-15916","status":"publish","type":"product","link":"https:\/\/www.domstavpro.com\/index.php\/produkt\/akce-hs-flamingo-trubka-150-mm-50cm-1-5-mm-15916\/","title":{"rendered":"Akce HS Flamingo Trubka 150 mm\/50cm\/1,5 mm"},"content":{"rendered":"<div id=\"e7462599\" class=\"pages\">\n<div>\n<div id=\"PDDescription\" class=\"UserContentView userContent v1a v1 bs-view dcon dc164 PDDescription\" ><dc-con><dc-con><bs-empty><\/bs-empty><\/dc-con><dc-con>        <\/p>\n<div class=\"customDescription\">                    <\/div>\n<p><\/dc-con><dc-con>Ocelov\u00e9 kou\u0159ovody jsou ur\u010deny k viditeln\u00e9mu p\u0159ipojen\u00ed zdroj\u016f tepla na tuh\u00e1 paliva (nap\u0159. kotle na tuh\u00e1 paliva, krbov\u00e1, kachlov\u00e1 a j\u00edm podobn\u00e1 kamna) do kom\u00edna, do prost\u0159ed\u00ed oby\u010dejn\u00e9ho, bez nebezpe\u010d\u00ed v\u00fdbuchu a p\u0159\u00edtomnosti par t\u011bkav\u00fdch l\u00e1tek (dle \u010cSN 332003). Ocelov\u00e9 kou\u0159ovody jsou vyrobeny z 1,5mm plechu. V m\u00edstnosti, ve kter\u00e9 je zdroj vyt\u00e1p\u011bn\u00ed instalov\u00e1n, mus\u00ed b\u00fdt zaji\u0161t\u011bn p\u0159\u00edvod \u010derstv\u00e9ho vzduchu net\u011bsnostmi oken a dve\u0159\u00ed. Nen\u00ed-li tomu tak, mus\u00ed se do m\u00edstnosti zajistit dostate\u010dn\u00fd p\u0159\u00edvod \u010derstv\u00e9ho vzduchu pr\u016f\u0159ezem, kter\u00fd odpov\u00edd\u00e1 alespo\u0148 pr\u016f\u0159ezu pou\u017eit\u00e9ho kou\u0159ovodu zv\u011bt\u0161en\u00e9ho o 10%. <br \/>Kou\u0159ovody jsou vyr\u00e1b\u011bn\u00e9 z 1,5mm ocelov\u00e9ho plechu a lakov\u00e1ny senotermn\u00edm lakem odoln\u00fdm proti vysok\u00fdm teplot\u00e1m v barv\u011b \u010dern\u00e9. Jsou ur\u010deny k viditeln\u00e9mu p\u0159ipojen\u00ed zdroj\u016f tepla (nap\u0159. kotle na tuh\u00e1 paliva, krbov\u00e1, kachlov\u00e1 a j\u00edm podobn\u00e1 kamna do kom\u00edna). \u0160irok\u00fd sortiment d\u00edl\u016f v\u010detn\u011b zaji\u0161\u0165uje snadn\u00e9 a pohodln\u00e9 sestaven\u00ed kou\u0159ov\u00e9 cesty. Kou\u0159ovody jsou vyr\u00e1b\u011bny v \u010cesk\u00e9 republice. Certifikov\u00e1no EN 1856-2.<br \/> <\/dc-con><\/dc-con><\/div>\n<div id=\"PDDescription2\" class=\"UserContentView userContent v1a v1 bs-view dcon dc165 PDDescription2\" >\n<table class='techparam_table'>\n<tr>\n<td>Materi\u00e1l<\/td>\n<td>1,5 mm ocelov\u00fd plech <\/td>\n<\/tr>\n<tr>\n<td>Pr\u016fm\u011br<\/td>\n<td>150 mm<\/td>\n<\/tr>\n<tr>\n<td>Barva<\/td>\n<td>\u010dern\u00e1 <\/td>\n<\/tr>\n<tr>\n<td>Tepeln\u00e1 odolnost<\/td>\n<td>400 \u00b0C<\/td>\n<\/tr>\n<tr>\n<td>D\u00e9lka<\/td>\n<td>50 cm<\/td>\n<\/tr>\n<tr>\n<td>D\u00e9lka p\u0159ekryt\u00ed<\/td>\n<td>60 mm<\/td>\n<\/tr>\n<tr>\n<td>Tlou\u0161\u0165ka<\/td>\n<td>1,5 mm<\/td>\n<\/tr>\n<\/table>\n<\/div><\/div>\n<div id=\"PDTable3\" class=\"ProductDetailTableView v3a v3 bs-view dcon dc185 PDTable3\" >\n<table>\n<thead><\/thead>\n<tbody>\n<tr class=\"attribute attr_bsshop_maker\">\n<td class=\"caption\">V\u00fdrobce<\/td>\n<td class=\"value\">VAPK<\/td>\n<\/tr>\n<\/tbody>\n<\/table>\n<\/div>\n<\/div>\n<div id=\"e7462600\" class=\"tabs\">\n","protected":false},"excerpt":{"rendered":"<p>Ocelov\u00e9 kou\u0159ovody jsou ur\u010deny k viditeln\u00e9mu p\u0159ipojen\u00ed zdroj\u016f tepla na tuh\u00e1 paliva (nap\u0159. kotle na tuh\u00e1 paliva, krbov\u00e1, kachlov\u00e1 a j\u00edm podobn\u00e1 kamna) do kom\u00edna, do prost\u0159ed\u00ed oby\u010dejn\u00e9ho, bez nebezpe\u010d\u00ed v\u00fdbuchu a p\u0159\u00edtomnosti par t\u011bkav\u00fdch l\u00e1tek (dle \u010cSN 332003). Ocelov\u00e9 kou\u0159ovody jsou vyrobeny z 1,5mm plechu. V m\u00edstnosti, ve kter\u00e9 je zdroj vyt\u00e1p\u011bn\u00ed instalov\u00e1n, mus\u00ed [&hellip;]<\/p>\n","protected":false},"featured_media":16016,"comment_status":"open","ping_status":"open","template":"","meta":[],"product_brand":[],"product_cat":[67],"product_tag":[],"class_list":{"0":"post-15916","1":"product","2":"type-product","3":"status-publish","4":"has-post-thumbnail","6":"product_cat-kotle","8":"first","9":"instock","10":"sale","11":"shipping-taxable","12":"purchasable","13":"product-type-simple"},"yoast_head":"<!-- This site is optimized with the Yoast SEO plugin v26.8 - https:\/\/yoast.com\/product\/yoast-seo-wordpress\/ -->\n<title>Akce HS Flamingo Trubka 150 mm\/50cm\/1,5 mm -<\/title>\n<meta name=\"robots\" content=\"index, follow, max-snippet:-1, max-image-preview:large, max-video-preview:-1\" \/>\n<link rel=\"canonical\" href=\"https:\/\/www.domstavpro.com\/index.php\/produkt\/akce-hs-flamingo-trubka-150-mm-50cm-1-5-mm-15916\/\" \/>\n<meta property=\"og:locale\" content=\"cs_CZ\" \/>\n<meta property=\"og:type\" content=\"article\" \/>\n<meta property=\"og:title\" content=\"Akce HS Flamingo Trubka 150 mm\/50cm\/1,5 mm -\" \/>\n<meta property=\"og:description\" content=\"Ocelov\u00e9 kou\u0159ovody jsou ur\u010deny k viditeln\u00e9mu p\u0159ipojen\u00ed zdroj\u016f tepla na tuh\u00e1 paliva (nap\u0159. kotle na tuh\u00e1 paliva, krbov\u00e1, kachlov\u00e1 a j\u00edm podobn\u00e1 kamna) do kom\u00edna, do prost\u0159ed\u00ed oby\u010dejn\u00e9ho, bez nebezpe\u010d\u00ed v\u00fdbuchu a p\u0159\u00edtomnosti par t\u011bkav\u00fdch l\u00e1tek (dle \u010cSN 332003). Ocelov\u00e9 kou\u0159ovody jsou vyrobeny z 1,5mm plechu. V m\u00edstnosti, ve kter\u00e9 je zdroj vyt\u00e1p\u011bn\u00ed instalov\u00e1n, mus\u00ed [&hellip;]\" \/>\n<meta property=\"og:url\" content=\"https:\/\/www.domstavpro.com\/index.php\/produkt\/akce-hs-flamingo-trubka-150-mm-50cm-1-5-mm-15916\/\" \/>\n<meta property=\"og:image\" content=\"https:\/\/www.domstavpro.com\/wp-content\/uploads\/2026\/SK0027146-CZ20260425-093449-0-1777080896-hs-flamingo-trubka-150-mm-50cm-1-5-mm.webp\" \/>\n\t<meta property=\"og:image:width\" content=\"1000\" \/>\n\t<meta property=\"og:image:height\" content=\"525\" \/>\n\t<meta property=\"og:image:type\" content=\"image\/webp\" \/>\n<meta name=\"twitter:card\" content=\"summary_large_image\" \/>\n<meta name=\"twitter:label1\" content=\"Odhadovan\u00e1 doba \u010dten\u00ed\" \/>\n\t<meta name=\"twitter:data1\" content=\"1 minuta\" \/>\n<script type=\"application\/ld+json\" class=\"yoast-schema-graph\">{\"@context\":\"https:\/\/schema.org\",\"@graph\":[{\"@type\":\"WebPage\",\"@id\":\"https:\/\/www.domstavpro.com\/index.php\/produkt\/akce-hs-flamingo-trubka-150-mm-50cm-1-5-mm-15916\/\",\"url\":\"https:\/\/www.domstavpro.com\/index.php\/produkt\/akce-hs-flamingo-trubka-150-mm-50cm-1-5-mm-15916\/\",\"name\":\"Akce HS Flamingo Trubka 150 mm\/50cm\/1,5 mm -\",\"isPartOf\":{\"@id\":\"https:\/\/www.domstavpro.com\/#website\"},\"primaryImageOfPage\":{\"@id\":\"https:\/\/www.domstavpro.com\/index.php\/produkt\/akce-hs-flamingo-trubka-150-mm-50cm-1-5-mm-15916\/#primaryimage\"},\"image\":{\"@id\":\"https:\/\/www.domstavpro.com\/index.php\/produkt\/akce-hs-flamingo-trubka-150-mm-50cm-1-5-mm-15916\/#primaryimage\"},\"thumbnailUrl\":\"https:\/\/www.domstavpro.com\/wp-content\/uploads\/2026\/SK0027146-CZ20260425-093449-0-1777080896-hs-flamingo-trubka-150-mm-50cm-1-5-mm.webp\",\"datePublished\":\"2026-04-27T15:08:30+00:00\",\"breadcrumb\":{\"@id\":\"https:\/\/www.domstavpro.com\/index.php\/produkt\/akce-hs-flamingo-trubka-150-mm-50cm-1-5-mm-15916\/#breadcrumb\"},\"inLanguage\":\"cs\",\"potentialAction\":[{\"@type\":\"ReadAction\",\"target\":[\"https:\/\/www.domstavpro.com\/index.php\/produkt\/akce-hs-flamingo-trubka-150-mm-50cm-1-5-mm-15916\/\"]}]},{\"@type\":\"ImageObject\",\"inLanguage\":\"cs\",\"@id\":\"https:\/\/www.domstavpro.com\/index.php\/produkt\/akce-hs-flamingo-trubka-150-mm-50cm-1-5-mm-15916\/#primaryimage\",\"url\":\"https:\/\/www.domstavpro.com\/wp-content\/uploads\/2026\/SK0027146-CZ20260425-093449-0-1777080896-hs-flamingo-trubka-150-mm-50cm-1-5-mm.webp\",\"contentUrl\":\"https:\/\/www.domstavpro.com\/wp-content\/uploads\/2026\/SK0027146-CZ20260425-093449-0-1777080896-hs-flamingo-trubka-150-mm-50cm-1-5-mm.webp\",\"width\":1000,\"height\":525},{\"@type\":\"BreadcrumbList\",\"@id\":\"https:\/\/www.domstavpro.com\/index.php\/produkt\/akce-hs-flamingo-trubka-150-mm-50cm-1-5-mm-15916\/#breadcrumb\",\"itemListElement\":[{\"@type\":\"ListItem\",\"position\":1,\"name\":\"Home\",\"item\":\"https:\/\/www.domstavpro.com\/\"},{\"@type\":\"ListItem\",\"position\":2,\"name\":\"Products\",\"item\":\"https:\/\/www.domstavpro.com\/index.php\/products\/\"},{\"@type\":\"ListItem\",\"position\":3,\"name\":\"Akce HS Flamingo Trubka 150 mm\/50cm\/1,5 mm\"}]},{\"@type\":\"WebSite\",\"@id\":\"https:\/\/www.domstavpro.com\/#website\",\"url\":\"https:\/\/www.domstavpro.com\/\",\"name\":\"\",\"description\":\"\",\"potentialAction\":[{\"@type\":\"SearchAction\",\"target\":{\"@type\":\"EntryPoint\",\"urlTemplate\":\"https:\/\/www.domstavpro.com\/?s={search_term_string}\"},\"query-input\":{\"@type\":\"PropertyValueSpecification\",\"valueRequired\":true,\"valueName\":\"search_term_string\"}}],\"inLanguage\":\"cs\"}]}<\/script>\n<!-- \/ Yoast SEO plugin. -->","yoast_head_json":{"title":"Akce HS Flamingo Trubka 150 mm\/50cm\/1,5 mm -","robots":{"index":"index","follow":"follow","max-snippet":"max-snippet:-1","max-image-preview":"max-image-preview:large","max-video-preview":"max-video-preview:-1"},"canonical":"https:\/\/www.domstavpro.com\/index.php\/produkt\/akce-hs-flamingo-trubka-150-mm-50cm-1-5-mm-15916\/","og_locale":"cs_CZ","og_type":"article","og_title":"Akce HS Flamingo Trubka 150 mm\/50cm\/1,5 mm -","og_description":"Ocelov\u00e9 kou\u0159ovody jsou ur\u010deny k viditeln\u00e9mu p\u0159ipojen\u00ed zdroj\u016f tepla na tuh\u00e1 paliva (nap\u0159. kotle na tuh\u00e1 paliva, krbov\u00e1, kachlov\u00e1 a j\u00edm podobn\u00e1 kamna) do kom\u00edna, do prost\u0159ed\u00ed oby\u010dejn\u00e9ho, bez nebezpe\u010d\u00ed v\u00fdbuchu a p\u0159\u00edtomnosti par t\u011bkav\u00fdch l\u00e1tek (dle \u010cSN 332003). Ocelov\u00e9 kou\u0159ovody jsou vyrobeny z 1,5mm plechu. V m\u00edstnosti, ve kter\u00e9 je zdroj vyt\u00e1p\u011bn\u00ed instalov\u00e1n, mus\u00ed [&hellip;]","og_url":"https:\/\/www.domstavpro.com\/index.php\/produkt\/akce-hs-flamingo-trubka-150-mm-50cm-1-5-mm-15916\/","og_image":[{"width":1000,"height":525,"url":"https:\/\/www.domstavpro.com\/wp-content\/uploads\/2026\/SK0027146-CZ20260425-093449-0-1777080896-hs-flamingo-trubka-150-mm-50cm-1-5-mm.webp","type":"image\/webp"}],"twitter_card":"summary_large_image","twitter_misc":{"Odhadovan\u00e1 doba \u010dten\u00ed":"1 minuta"},"schema":{"@context":"https:\/\/schema.org","@graph":[{"@type":"WebPage","@id":"https:\/\/www.domstavpro.com\/index.php\/produkt\/akce-hs-flamingo-trubka-150-mm-50cm-1-5-mm-15916\/","url":"https:\/\/www.domstavpro.com\/index.php\/produkt\/akce-hs-flamingo-trubka-150-mm-50cm-1-5-mm-15916\/","name":"Akce HS Flamingo Trubka 150 mm\/50cm\/1,5 mm -","isPartOf":{"@id":"https:\/\/www.domstavpro.com\/#website"},"primaryImageOfPage":{"@id":"https:\/\/www.domstavpro.com\/index.php\/produkt\/akce-hs-flamingo-trubka-150-mm-50cm-1-5-mm-15916\/#primaryimage"},"image":{"@id":"https:\/\/www.domstavpro.com\/index.php\/produkt\/akce-hs-flamingo-trubka-150-mm-50cm-1-5-mm-15916\/#primaryimage"},"thumbnailUrl":"https:\/\/www.domstavpro.com\/wp-content\/uploads\/2026\/SK0027146-CZ20260425-093449-0-1777080896-hs-flamingo-trubka-150-mm-50cm-1-5-mm.webp","datePublished":"2026-04-27T15:08:30+00:00","breadcrumb":{"@id":"https:\/\/www.domstavpro.com\/index.php\/produkt\/akce-hs-flamingo-trubka-150-mm-50cm-1-5-mm-15916\/#breadcrumb"},"inLanguage":"cs","potentialAction":[{"@type":"ReadAction","target":["https:\/\/www.domstavpro.com\/index.php\/produkt\/akce-hs-flamingo-trubka-150-mm-50cm-1-5-mm-15916\/"]}]},{"@type":"ImageObject","inLanguage":"cs","@id":"https:\/\/www.domstavpro.com\/index.php\/produkt\/akce-hs-flamingo-trubka-150-mm-50cm-1-5-mm-15916\/#primaryimage","url":"https:\/\/www.domstavpro.com\/wp-content\/uploads\/2026\/SK0027146-CZ20260425-093449-0-1777080896-hs-flamingo-trubka-150-mm-50cm-1-5-mm.webp","contentUrl":"https:\/\/www.domstavpro.com\/wp-content\/uploads\/2026\/SK0027146-CZ20260425-093449-0-1777080896-hs-flamingo-trubka-150-mm-50cm-1-5-mm.webp","width":1000,"height":525},{"@type":"BreadcrumbList","@id":"https:\/\/www.domstavpro.com\/index.php\/produkt\/akce-hs-flamingo-trubka-150-mm-50cm-1-5-mm-15916\/#breadcrumb","itemListElement":[{"@type":"ListItem","position":1,"name":"Home","item":"https:\/\/www.domstavpro.com\/"},{"@type":"ListItem","position":2,"name":"Products","item":"https:\/\/www.domstavpro.com\/index.php\/products\/"},{"@type":"ListItem","position":3,"name":"Akce HS Flamingo Trubka 150 mm\/50cm\/1,5 mm"}]},{"@type":"WebSite","@id":"https:\/\/www.domstavpro.com\/#website","url":"https:\/\/www.domstavpro.com\/","name":"","description":"","potentialAction":[{"@type":"SearchAction","target":{"@type":"EntryPoint","urlTemplate":"https:\/\/www.domstavpro.com\/?s={search_term_string}"},"query-input":{"@type":"PropertyValueSpecification","valueRequired":true,"valueName":"search_term_string"}}],"inLanguage":"cs"}]}},"_links":{"self":[{"href":"https:\/\/www.domstavpro.com\/index.php\/wp-json\/wp\/v2\/product\/15916","targetHints":{"allow":["GET"]}}],"collection":[{"href":"https:\/\/www.domstavpro.com\/index.php\/wp-json\/wp\/v2\/product"}],"about":[{"href":"https:\/\/www.domstavpro.com\/index.php\/wp-json\/wp\/v2\/types\/product"}],"replies":[{"embeddable":true,"href":"https:\/\/www.domstavpro.com\/index.php\/wp-json\/wp\/v2\/comments?post=15916"}],"wp:featuredmedia":[{"embeddable":true,"href":"https:\/\/www.domstavpro.com\/index.php\/wp-json\/wp\/v2\/media\/16016"}],"wp:attachment":[{"href":"https:\/\/www.domstavpro.com\/index.php\/wp-json\/wp\/v2\/media?parent=15916"}],"wp:term":[{"taxonomy":"product_brand","embeddable":true,"href":"https:\/\/www.domstavpro.com\/index.php\/wp-json\/wp\/v2\/product_brand?post=15916"},{"taxonomy":"product_cat","embeddable":true,"href":"https:\/\/www.domstavpro.com\/index.php\/wp-json\/wp\/v2\/product_cat?post=15916"},{"taxonomy":"product_tag","embeddable":true,"href":"https:\/\/www.domstavpro.com\/index.php\/wp-json\/wp\/v2\/product_tag?post=15916"}],"curies":[{"name":"wp","href":"https:\/\/api.w.org\/{rel}","templated":true}]}}