{"id":15892,"date":"2026-04-27T15:08:30","date_gmt":"2026-04-27T15:08:30","guid":{"rendered":""},"modified":"2026-04-27T15:08:30","modified_gmt":"2026-04-27T15:08:30","slug":"znackovy-hs-flamingo-automaticka-regulace-horeni-hs-flamingo-150-mm-teplovodni-15892","status":"publish","type":"product","link":"https:\/\/www.domstavpro.com\/index.php\/produkt\/znackovy-hs-flamingo-automaticka-regulace-horeni-hs-flamingo-150-mm-teplovodni-15892\/","title":{"rendered":"Zna\u010dkov\u00fd HS Flamingo Automatick\u00e1 regulace ho\u0159en\u00ed HS Flamingo, 150 mm, teplovodn\u00ed"},"content":{"rendered":"<div id=\"e7449212\" class=\"pages\">\n<div>\n<div id=\"PDDescription\" class=\"UserContentView userContent v1a v1 bs-view dcon dc164 PDDescription\" ><dc-con><dc-con><bs-empty><\/bs-empty><\/dc-con><dc-con>        <\/p>\n<div class=\"customDescription\">                    <\/div>\n<p><\/dc-con><dc-con>AUTOMATICK\u00c1 REGULACE HO\u0158EN\u00cd<br \/>Automatick\u00e1 regulace\u00a0\u0159\u00edd\u00ed topn\u00fd okruh, ve kter\u00e9m je zdrojem tepla spalovac\u00ed za\u0159\u00edzen\u00ed Aquaflam, p\u0159\u00edpadn\u011b dal\u0161\u00ed zdroje.\u00a0Spalovac\u00ed proces je \u0159\u00edzen automaticky vzduchovou klapkou, kter\u00e1 spolupracuje s \u0159\u00edd\u00edc\u00ed jednotkou. Vyroben\u00e9 teplo je odv\u00e1d\u011bno do z\u00e1sobn\u00edku tepl\u00e9 u\u017eitkov\u00e9 vody (TUV), akumula\u010dn\u00ed n\u00e1dr\u017ee a rozvodu \u00fast\u0159edn\u00edho topen\u00ed. Regulace obsahuje t\u0159i \u010didla a d\u00e1le dok\u00e1\u017ee ovl\u00e1dat t\u0159i \u010derpadla.\u00a0D\u00edky grafick\u00e9mu displeji z\u00edsk\u00e1te okam\u017eit\u011b informaci o teplot\u00e1ch jednotliv\u00fdch \u010didel, zda jsou sepnut\u00e1 \u010derpadla nebo jin\u00fd zdroj tepla. D\u00edky t\u00e9to regulaci u\u0161et\u0159\u00edte mnoho \u010dasu regulov\u00e1n\u00edm vlo\u017eky,\u00a0zv\u00fd\u0161\u00edte svou bezpe\u010dnost a sn\u00ed\u017e\u00edte spot\u0159ebu paliva.<br \/>HLAVN\u00cd P\u0158\u00cdNOS<\/p>\n<p>reguluje pr\u016fb\u011bh ho\u0159en\u00ed<br \/>ovl\u00e1d\u00e1 cel\u00fd topn\u00fd syst\u00e9m<br \/>zaji\u0161\u0165uje v\u00fdraznou \u00fasporu paliva<br \/>graficky zn\u00e1zor\u0148uje teploty \u010didel, stav \u010derpadel a klapky<br \/>zabra\u0148uje p\u0159etopen\u00ed topn\u00e9ho syst\u00e9mu, zav\u00edr\u00e1 klapku a vyd\u00e1v\u00e1 zvukov\u00e9 sign\u00e1ly<br \/>zvy\u0161uje Va\u0161i bezpe\u010dnost<br \/>prodlu\u017euje \u017eivotnost spalovac\u00ed komory<br \/>nen\u00ed nutn\u00e1 mont\u00e1\u017e klapky (regulace je sou\u010d\u00e1st krbov\u00e9 vlo\u017eky)<br \/>mo\u017enost nastaven\u00ed n\u011bkolika jazyk\u016f<br \/>snadn\u00e9 u\u017eivatelsk\u00e9 ovl\u00e1d\u00e1n\u00ed<br \/>snadn\u00e1 instalace a zapojen\u00ed<br \/>mo\u017enost sp\u00edn\u00e1n\u00ed \/ vyp\u00edn\u00e1n\u00ed jin\u00fdch zdroj\u016f tepla (elektrick\u00fd \/ plynov\u00fd kotel atd.)<br \/>mo\u017enost \u00fapravy nastaven\u00ed jednotliv\u00fdch hodnot dle podrobn\u00e9ho manu\u00e1lu<br \/>ovl\u00e1d\u00e1n\u00ed a\u017e t\u0159\u00ed \u010derpadel + t\u0159ech teplotn\u00edch \u010didel<br \/>letn\u00ed \/ zimn\u00ed re\u017eim vyt\u00e1p\u011bn\u00ed<br \/><\/dc-con><\/dc-con><\/div>\n<div id=\"PDDescription2\" class=\"UserContentView userContent v1a v1 bs-view dcon dc165 PDDescription2\" >\n<table class='techparam_table'>\n<tr>\n<td>Nap\u011bt\u00ed<\/td>\n<td>230 V<\/td>\n<\/tr>\n<tr>\n<td>Pojistka<\/td>\n<td>6,3 A<\/td>\n<\/tr>\n<tr>\n<td>Distributor pro \u010cR a SR<\/td>\n<td>HS Flamingo s.r.o. &#8211; www.hsflamingo.cz <\/td>\n<\/tr>\n<tr>\n<td>Pr\u016fm\u011br klapky<\/td>\n<td>150 mm<\/td>\n<\/tr>\n<tr>\n<td>Minim\u00e1ln\u00ed p\u0159\u00edkon<\/td>\n<td>8 W<\/td>\n<\/tr>\n<tr>\n<td>Rozli\u0161ovac\u00ed schopnost m\u011b\u0159en\u00ed teploty<\/td>\n<td>0,5 \u00b0C<\/td>\n<\/tr>\n<tr>\n<td>Po\u010det \u010dasov\u00fdch z\u00f3n<\/td>\n<td>4 <\/td>\n<\/tr>\n<tr>\n<td>P\u0159\u00edkon bez zat\u00ed\u017een\u00ed<\/td>\n<td>5 W<\/td>\n<\/tr>\n<tr>\n<td>Maxim\u00e1ln\u00ed p\u0159ipojovan\u00fd v\u00fdkon<\/td>\n<td>750 W<\/td>\n<\/tr>\n<tr>\n<td>Provozn\u00ed podm\u00ednky<\/td>\n<td>0 \u2013 50 \u00b0C, vlhkost 10 \u2013 90% <\/td>\n<\/tr>\n<tr>\n<td>Po\u010det v\u00fdstup\u016f ovl\u00e1daj\u00edc\u00edch \u010derpadla<\/td>\n<td>3 x<\/td>\n<\/tr>\n<tr>\n<td>Po\u010det \u0159\u00eddic\u00edch beznap\u011b\u0165ov\u00fdch v\u00fdstup\u016f<\/td>\n<td>1 x<\/td>\n<\/tr>\n<tr>\n<td>Po\u010det v\u00fdstupu ovl\u00e1daj\u00edc\u00ed pohon vzduchov\u00e9 klapky<\/td>\n<td>1 x<\/td>\n<\/tr>\n<tr>\n<td>Po\u010det teplotn\u00edch \u010didel<\/td>\n<td>3 x<\/td>\n<\/tr>\n<tr>\n<td>P\u0159esnost m\u011b\u0159en\u00ed teploty<\/td>\n<td>2 \u00b0C<\/td>\n<\/tr>\n<\/table>\n<\/div><\/div>\n<div id=\"PDTable3\" class=\"ProductDetailTableView v3a v3 bs-view dcon dc185 PDTable3\" >\n<table>\n<thead><\/thead>\n<tbody>\n<tr class=\"attribute attr_typ\">\n<td class=\"caption\">Typ<\/td>\n<td class=\"value\">Regulace<\/td>\n<\/tr>\n<tr class=\"attribute attr_bsshop_maker\">\n<td class=\"caption\">V\u00fdrobce<\/td>\n<td class=\"value\">TATAREK<\/td>\n<\/tr>\n<\/tbody>\n<\/table>\n<\/div>\n<\/div>\n<div id=\"e7449213\" class=\"tabs\">\n","protected":false},"excerpt":{"rendered":"<p>AUTOMATICK\u00c1 REGULACE HO\u0158EN\u00cdAutomatick\u00e1 regulace\u00a0\u0159\u00edd\u00ed topn\u00fd okruh, ve kter\u00e9m je zdrojem tepla spalovac\u00ed za\u0159\u00edzen\u00ed Aquaflam, p\u0159\u00edpadn\u011b dal\u0161\u00ed zdroje.\u00a0Spalovac\u00ed proces je \u0159\u00edzen automaticky vzduchovou klapkou, kter\u00e1 spolupracuje s \u0159\u00edd\u00edc\u00ed jednotkou. Vyroben\u00e9 teplo je odv\u00e1d\u011bno do z\u00e1sobn\u00edku tepl\u00e9 u\u017eitkov\u00e9 vody (TUV), akumula\u010dn\u00ed n\u00e1dr\u017ee a rozvodu \u00fast\u0159edn\u00edho topen\u00ed. Regulace obsahuje t\u0159i \u010didla a d\u00e1le dok\u00e1\u017ee ovl\u00e1dat t\u0159i \u010derpadla.\u00a0D\u00edky grafick\u00e9mu [&hellip;]<\/p>\n","protected":false},"featured_media":15992,"comment_status":"open","ping_status":"open","template":"","meta":[],"product_brand":[],"product_cat":[60],"product_tag":[],"class_list":{"0":"post-15892","1":"product","2":"type-product","3":"status-publish","4":"has-post-thumbnail","6":"product_cat-krby-a-kamna","8":"first","9":"instock","10":"sale","11":"shipping-taxable","12":"purchasable","13":"product-type-simple"},"yoast_head":"<!-- This site is optimized with the Yoast SEO plugin v26.8 - https:\/\/yoast.com\/product\/yoast-seo-wordpress\/ -->\n<title>Zna\u010dkov\u00fd HS Flamingo Automatick\u00e1 regulace ho\u0159en\u00ed HS Flamingo, 150 mm, teplovodn\u00ed -<\/title>\n<meta name=\"robots\" content=\"index, follow, max-snippet:-1, max-image-preview:large, max-video-preview:-1\" \/>\n<link rel=\"canonical\" href=\"https:\/\/www.domstavpro.com\/index.php\/produkt\/znackovy-hs-flamingo-automaticka-regulace-horeni-hs-flamingo-150-mm-teplovodni-15892\/\" \/>\n<meta property=\"og:locale\" content=\"cs_CZ\" \/>\n<meta property=\"og:type\" content=\"article\" \/>\n<meta property=\"og:title\" content=\"Zna\u010dkov\u00fd HS Flamingo Automatick\u00e1 regulace ho\u0159en\u00ed HS Flamingo, 150 mm, teplovodn\u00ed -\" \/>\n<meta property=\"og:description\" content=\"AUTOMATICK\u00c1 REGULACE HO\u0158EN\u00cdAutomatick\u00e1 regulace\u00a0\u0159\u00edd\u00ed topn\u00fd okruh, ve kter\u00e9m je zdrojem tepla spalovac\u00ed za\u0159\u00edzen\u00ed Aquaflam, p\u0159\u00edpadn\u011b dal\u0161\u00ed zdroje.\u00a0Spalovac\u00ed proces je \u0159\u00edzen automaticky vzduchovou klapkou, kter\u00e1 spolupracuje s \u0159\u00edd\u00edc\u00ed jednotkou. Vyroben\u00e9 teplo je odv\u00e1d\u011bno do z\u00e1sobn\u00edku tepl\u00e9 u\u017eitkov\u00e9 vody (TUV), akumula\u010dn\u00ed n\u00e1dr\u017ee a rozvodu \u00fast\u0159edn\u00edho topen\u00ed. Regulace obsahuje t\u0159i \u010didla a d\u00e1le dok\u00e1\u017ee ovl\u00e1dat t\u0159i \u010derpadla.\u00a0D\u00edky grafick\u00e9mu [&hellip;]\" \/>\n<meta property=\"og:url\" content=\"https:\/\/www.domstavpro.com\/index.php\/produkt\/znackovy-hs-flamingo-automaticka-regulace-horeni-hs-flamingo-150-mm-teplovodni-15892\/\" \/>\n<meta property=\"og:image\" content=\"https:\/\/www.domstavpro.com\/wp-content\/uploads\/2026\/SK0027122-CZ20260425-093449-0-1777080896-hs-flamingo-automaticka-regulace-horeni-hs-flamingo-150-mm-.webp\" \/>\n\t<meta property=\"og:image:width\" content=\"1000\" \/>\n\t<meta property=\"og:image:height\" content=\"525\" \/>\n\t<meta property=\"og:image:type\" content=\"image\/webp\" \/>\n<meta name=\"twitter:card\" content=\"summary_large_image\" \/>\n<meta name=\"twitter:label1\" content=\"Odhadovan\u00e1 doba \u010dten\u00ed\" \/>\n\t<meta name=\"twitter:data1\" content=\"2 minuty\" \/>\n<script type=\"application\/ld+json\" class=\"yoast-schema-graph\">{\"@context\":\"https:\/\/schema.org\",\"@graph\":[{\"@type\":\"WebPage\",\"@id\":\"https:\/\/www.domstavpro.com\/index.php\/produkt\/znackovy-hs-flamingo-automaticka-regulace-horeni-hs-flamingo-150-mm-teplovodni-15892\/\",\"url\":\"https:\/\/www.domstavpro.com\/index.php\/produkt\/znackovy-hs-flamingo-automaticka-regulace-horeni-hs-flamingo-150-mm-teplovodni-15892\/\",\"name\":\"Zna\u010dkov\u00fd HS Flamingo Automatick\u00e1 regulace ho\u0159en\u00ed HS Flamingo, 150 mm, teplovodn\u00ed -\",\"isPartOf\":{\"@id\":\"https:\/\/www.domstavpro.com\/#website\"},\"primaryImageOfPage\":{\"@id\":\"https:\/\/www.domstavpro.com\/index.php\/produkt\/znackovy-hs-flamingo-automaticka-regulace-horeni-hs-flamingo-150-mm-teplovodni-15892\/#primaryimage\"},\"image\":{\"@id\":\"https:\/\/www.domstavpro.com\/index.php\/produkt\/znackovy-hs-flamingo-automaticka-regulace-horeni-hs-flamingo-150-mm-teplovodni-15892\/#primaryimage\"},\"thumbnailUrl\":\"https:\/\/www.domstavpro.com\/wp-content\/uploads\/2026\/SK0027122-CZ20260425-093449-0-1777080896-hs-flamingo-automaticka-regulace-horeni-hs-flamingo-150-mm-.webp\",\"datePublished\":\"2026-04-27T15:08:30+00:00\",\"breadcrumb\":{\"@id\":\"https:\/\/www.domstavpro.com\/index.php\/produkt\/znackovy-hs-flamingo-automaticka-regulace-horeni-hs-flamingo-150-mm-teplovodni-15892\/#breadcrumb\"},\"inLanguage\":\"cs\",\"potentialAction\":[{\"@type\":\"ReadAction\",\"target\":[\"https:\/\/www.domstavpro.com\/index.php\/produkt\/znackovy-hs-flamingo-automaticka-regulace-horeni-hs-flamingo-150-mm-teplovodni-15892\/\"]}]},{\"@type\":\"ImageObject\",\"inLanguage\":\"cs\",\"@id\":\"https:\/\/www.domstavpro.com\/index.php\/produkt\/znackovy-hs-flamingo-automaticka-regulace-horeni-hs-flamingo-150-mm-teplovodni-15892\/#primaryimage\",\"url\":\"https:\/\/www.domstavpro.com\/wp-content\/uploads\/2026\/SK0027122-CZ20260425-093449-0-1777080896-hs-flamingo-automaticka-regulace-horeni-hs-flamingo-150-mm-.webp\",\"contentUrl\":\"https:\/\/www.domstavpro.com\/wp-content\/uploads\/2026\/SK0027122-CZ20260425-093449-0-1777080896-hs-flamingo-automaticka-regulace-horeni-hs-flamingo-150-mm-.webp\",\"width\":1000,\"height\":525},{\"@type\":\"BreadcrumbList\",\"@id\":\"https:\/\/www.domstavpro.com\/index.php\/produkt\/znackovy-hs-flamingo-automaticka-regulace-horeni-hs-flamingo-150-mm-teplovodni-15892\/#breadcrumb\",\"itemListElement\":[{\"@type\":\"ListItem\",\"position\":1,\"name\":\"Home\",\"item\":\"https:\/\/www.domstavpro.com\/\"},{\"@type\":\"ListItem\",\"position\":2,\"name\":\"Products\",\"item\":\"https:\/\/www.domstavpro.com\/index.php\/products\/\"},{\"@type\":\"ListItem\",\"position\":3,\"name\":\"Zna\u010dkov\u00fd HS Flamingo Automatick\u00e1 regulace ho\u0159en\u00ed HS Flamingo, 150 mm, teplovodn\u00ed\"}]},{\"@type\":\"WebSite\",\"@id\":\"https:\/\/www.domstavpro.com\/#website\",\"url\":\"https:\/\/www.domstavpro.com\/\",\"name\":\"\",\"description\":\"\",\"potentialAction\":[{\"@type\":\"SearchAction\",\"target\":{\"@type\":\"EntryPoint\",\"urlTemplate\":\"https:\/\/www.domstavpro.com\/?s={search_term_string}\"},\"query-input\":{\"@type\":\"PropertyValueSpecification\",\"valueRequired\":true,\"valueName\":\"search_term_string\"}}],\"inLanguage\":\"cs\"}]}<\/script>\n<!-- \/ Yoast SEO plugin. -->","yoast_head_json":{"title":"Zna\u010dkov\u00fd HS Flamingo Automatick\u00e1 regulace ho\u0159en\u00ed HS Flamingo, 150 mm, teplovodn\u00ed -","robots":{"index":"index","follow":"follow","max-snippet":"max-snippet:-1","max-image-preview":"max-image-preview:large","max-video-preview":"max-video-preview:-1"},"canonical":"https:\/\/www.domstavpro.com\/index.php\/produkt\/znackovy-hs-flamingo-automaticka-regulace-horeni-hs-flamingo-150-mm-teplovodni-15892\/","og_locale":"cs_CZ","og_type":"article","og_title":"Zna\u010dkov\u00fd HS Flamingo Automatick\u00e1 regulace ho\u0159en\u00ed HS Flamingo, 150 mm, teplovodn\u00ed -","og_description":"AUTOMATICK\u00c1 REGULACE HO\u0158EN\u00cdAutomatick\u00e1 regulace\u00a0\u0159\u00edd\u00ed topn\u00fd okruh, ve kter\u00e9m je zdrojem tepla spalovac\u00ed za\u0159\u00edzen\u00ed Aquaflam, p\u0159\u00edpadn\u011b dal\u0161\u00ed zdroje.\u00a0Spalovac\u00ed proces je \u0159\u00edzen automaticky vzduchovou klapkou, kter\u00e1 spolupracuje s \u0159\u00edd\u00edc\u00ed jednotkou. Vyroben\u00e9 teplo je odv\u00e1d\u011bno do z\u00e1sobn\u00edku tepl\u00e9 u\u017eitkov\u00e9 vody (TUV), akumula\u010dn\u00ed n\u00e1dr\u017ee a rozvodu \u00fast\u0159edn\u00edho topen\u00ed. Regulace obsahuje t\u0159i \u010didla a d\u00e1le dok\u00e1\u017ee ovl\u00e1dat t\u0159i \u010derpadla.\u00a0D\u00edky grafick\u00e9mu [&hellip;]","og_url":"https:\/\/www.domstavpro.com\/index.php\/produkt\/znackovy-hs-flamingo-automaticka-regulace-horeni-hs-flamingo-150-mm-teplovodni-15892\/","og_image":[{"width":1000,"height":525,"url":"https:\/\/www.domstavpro.com\/wp-content\/uploads\/2026\/SK0027122-CZ20260425-093449-0-1777080896-hs-flamingo-automaticka-regulace-horeni-hs-flamingo-150-mm-.webp","type":"image\/webp"}],"twitter_card":"summary_large_image","twitter_misc":{"Odhadovan\u00e1 doba \u010dten\u00ed":"2 minuty"},"schema":{"@context":"https:\/\/schema.org","@graph":[{"@type":"WebPage","@id":"https:\/\/www.domstavpro.com\/index.php\/produkt\/znackovy-hs-flamingo-automaticka-regulace-horeni-hs-flamingo-150-mm-teplovodni-15892\/","url":"https:\/\/www.domstavpro.com\/index.php\/produkt\/znackovy-hs-flamingo-automaticka-regulace-horeni-hs-flamingo-150-mm-teplovodni-15892\/","name":"Zna\u010dkov\u00fd HS Flamingo Automatick\u00e1 regulace ho\u0159en\u00ed HS Flamingo, 150 mm, teplovodn\u00ed -","isPartOf":{"@id":"https:\/\/www.domstavpro.com\/#website"},"primaryImageOfPage":{"@id":"https:\/\/www.domstavpro.com\/index.php\/produkt\/znackovy-hs-flamingo-automaticka-regulace-horeni-hs-flamingo-150-mm-teplovodni-15892\/#primaryimage"},"image":{"@id":"https:\/\/www.domstavpro.com\/index.php\/produkt\/znackovy-hs-flamingo-automaticka-regulace-horeni-hs-flamingo-150-mm-teplovodni-15892\/#primaryimage"},"thumbnailUrl":"https:\/\/www.domstavpro.com\/wp-content\/uploads\/2026\/SK0027122-CZ20260425-093449-0-1777080896-hs-flamingo-automaticka-regulace-horeni-hs-flamingo-150-mm-.webp","datePublished":"2026-04-27T15:08:30+00:00","breadcrumb":{"@id":"https:\/\/www.domstavpro.com\/index.php\/produkt\/znackovy-hs-flamingo-automaticka-regulace-horeni-hs-flamingo-150-mm-teplovodni-15892\/#breadcrumb"},"inLanguage":"cs","potentialAction":[{"@type":"ReadAction","target":["https:\/\/www.domstavpro.com\/index.php\/produkt\/znackovy-hs-flamingo-automaticka-regulace-horeni-hs-flamingo-150-mm-teplovodni-15892\/"]}]},{"@type":"ImageObject","inLanguage":"cs","@id":"https:\/\/www.domstavpro.com\/index.php\/produkt\/znackovy-hs-flamingo-automaticka-regulace-horeni-hs-flamingo-150-mm-teplovodni-15892\/#primaryimage","url":"https:\/\/www.domstavpro.com\/wp-content\/uploads\/2026\/SK0027122-CZ20260425-093449-0-1777080896-hs-flamingo-automaticka-regulace-horeni-hs-flamingo-150-mm-.webp","contentUrl":"https:\/\/www.domstavpro.com\/wp-content\/uploads\/2026\/SK0027122-CZ20260425-093449-0-1777080896-hs-flamingo-automaticka-regulace-horeni-hs-flamingo-150-mm-.webp","width":1000,"height":525},{"@type":"BreadcrumbList","@id":"https:\/\/www.domstavpro.com\/index.php\/produkt\/znackovy-hs-flamingo-automaticka-regulace-horeni-hs-flamingo-150-mm-teplovodni-15892\/#breadcrumb","itemListElement":[{"@type":"ListItem","position":1,"name":"Home","item":"https:\/\/www.domstavpro.com\/"},{"@type":"ListItem","position":2,"name":"Products","item":"https:\/\/www.domstavpro.com\/index.php\/products\/"},{"@type":"ListItem","position":3,"name":"Zna\u010dkov\u00fd HS Flamingo Automatick\u00e1 regulace ho\u0159en\u00ed HS Flamingo, 150 mm, teplovodn\u00ed"}]},{"@type":"WebSite","@id":"https:\/\/www.domstavpro.com\/#website","url":"https:\/\/www.domstavpro.com\/","name":"","description":"","potentialAction":[{"@type":"SearchAction","target":{"@type":"EntryPoint","urlTemplate":"https:\/\/www.domstavpro.com\/?s={search_term_string}"},"query-input":{"@type":"PropertyValueSpecification","valueRequired":true,"valueName":"search_term_string"}}],"inLanguage":"cs"}]}},"_links":{"self":[{"href":"https:\/\/www.domstavpro.com\/index.php\/wp-json\/wp\/v2\/product\/15892","targetHints":{"allow":["GET"]}}],"collection":[{"href":"https:\/\/www.domstavpro.com\/index.php\/wp-json\/wp\/v2\/product"}],"about":[{"href":"https:\/\/www.domstavpro.com\/index.php\/wp-json\/wp\/v2\/types\/product"}],"replies":[{"embeddable":true,"href":"https:\/\/www.domstavpro.com\/index.php\/wp-json\/wp\/v2\/comments?post=15892"}],"wp:featuredmedia":[{"embeddable":true,"href":"https:\/\/www.domstavpro.com\/index.php\/wp-json\/wp\/v2\/media\/15992"}],"wp:attachment":[{"href":"https:\/\/www.domstavpro.com\/index.php\/wp-json\/wp\/v2\/media?parent=15892"}],"wp:term":[{"taxonomy":"product_brand","embeddable":true,"href":"https:\/\/www.domstavpro.com\/index.php\/wp-json\/wp\/v2\/product_brand?post=15892"},{"taxonomy":"product_cat","embeddable":true,"href":"https:\/\/www.domstavpro.com\/index.php\/wp-json\/wp\/v2\/product_cat?post=15892"},{"taxonomy":"product_tag","embeddable":true,"href":"https:\/\/www.domstavpro.com\/index.php\/wp-json\/wp\/v2\/product_tag?post=15892"}],"curies":[{"name":"wp","href":"https:\/\/api.w.org\/{rel}","templated":true}]}}