{"id":15754,"date":"2026-04-27T15:08:29","date_gmt":"2026-04-27T15:08:29","guid":{"rendered":""},"modified":"2026-04-27T15:08:29","modified_gmt":"2026-04-27T15:08:29","slug":"hs-flamingo-prechodka-do-keramickeho-komina-160-180-mm-kamna-komin-2-mm-kup-ted-15754","status":"publish","type":"product","link":"https:\/\/www.domstavpro.com\/index.php\/produkt\/hs-flamingo-prechodka-do-keramickeho-komina-160-180-mm-kamna-komin-2-mm-kup-ted-15754\/","title":{"rendered":"HS Flamingo P\u0159echodka do keramick\u00e9ho kom\u00edna 160\/180 mm kamna\/kom\u00edn 2 mm Kup Te\u010f"},"content":{"rendered":"<div id=\"e8015136\" class=\"pages\">\n<div>\n<div id=\"PDDescription\" class=\"UserContentView userContent v1a v1 bs-view dcon dc164 PDDescription\" ><dc-con><dc-con><bs-empty><\/bs-empty><\/dc-con><dc-con>        <\/p>\n<div class=\"customDescription\">                    <\/div>\n<p><\/dc-con><dc-con>Ka\u017ed\u00e1 instalace krbu nebo kamen&nbsp;mus\u00ed b\u00fdt opat\u0159ena \u00fa\u010dinn\u00fdm a t\u011bsn\u00fdm odvodem spalin.&nbsp;Trubky a kolena&nbsp;v tlou\u0161\u0165ce 2 mm jsou&nbsp;z\u00e1rukou bezpe\u010dnosti a spolehlivosti. Odtahov\u00e9 potrub\u00ed ur\u010den\u00e9 k odvodu spalin z kamen a krbov\u00fdch vlo\u017eek i dal\u0161\u00ed p\u0159ipojovac\u00ed prvky, jako jsou p\u0159echodky, r\u016f\u017eice, zd\u011b\u0159e nebo cel\u00e9 sety jsou vysoce kvalitn\u00ed v\u00fdrobky, vyroben\u00e9 s velkou p\u0159esnost\u00ed a p\u00e9\u010d\u00ed. Jsou tedy modern\u00edmi materi\u00e1ly pro odvod spalin z krbov\u00fdch kamen a krbov\u00fdch vlo\u017eek.<br \/>Komponenty pro odvod spalin,&nbsp;nab\u00edzej\u00ed \u0161irok\u00fd sortiment&nbsp;r\u016fzn\u00fdch velikost\u00ed a proveden\u00ed. Na\u0161e nab\u00eddka zahrnuje trubky, kolena, \u017eebrovan\u00e9 trubky, klapky, p\u0159echodky, r\u016f\u017eice, zd\u011b\u0159e,&nbsp;ale tak\u00e9 anti-kondenza\u010dn\u00ed n\u00e1stavce, spojky nebo&nbsp;Y a T kusy.&nbsp;Komponenty jsou&nbsp;pokryt\u00e9 \u017e\u00e1ruvzdorn\u00fdm n\u00e1st\u0159ikem v \u010dern\u00e9 barv\u011b. Kolena jsou k dispozici v n\u011bkolika verz\u00edch &#8211; segmentov\u00e9 koleno 90\u00b0, koleno 45\u00b0 nebo univerz\u00e1ln\u00ed 4segmentov\u00e9 nastaviteln\u00e9 koleno. Na v\u00fdb\u011br jsou r\u016fzn\u00e9 pr\u016fm\u011bry jak kolen, tak trubek. Trubky&nbsp;se vyzna\u010duj\u00ed r\u016fzn\u00fdmi d\u00e9lkami &#8211; nap\u0159. trubka 25 cm, 50 cm nebo trubka 100 cm.<\/dc-con><\/dc-con><\/div>\n<div id=\"PDDescription2\" class=\"UserContentView userContent v1a v1 bs-view dcon dc165 PDDescription2\" >\n<table class='techparam_table'>\n<tr>\n<td>Materi\u00e1l<\/td>\n<td>2 mm ocelov\u00fd plech <\/td>\n<\/tr>\n<tr>\n<td>Pr\u016fm\u011br<\/td>\n<td>160\/180 mm<\/td>\n<\/tr>\n<tr>\n<td>Barva<\/td>\n<td>\u010dern\u00e1 <\/td>\n<\/tr>\n<tr>\n<td>Tepeln\u00e1 odolnost<\/td>\n<td>1000 \u00b0C<\/td>\n<\/tr>\n<tr>\n<td>D\u00e9lka<\/td>\n<td>25 cm<\/td>\n<\/tr>\n<tr>\n<td>V\u00fdrobce<\/td>\n<td>Bertrams KG, Rakousko <\/td>\n<\/tr>\n<tr>\n<td>D\u00e9lka p\u0159ekryt\u00ed<\/td>\n<td>50 mm<\/td>\n<\/tr>\n<tr>\n<td>Tlou\u0161\u0165ka<\/td>\n<td>2 mm<\/td>\n<\/tr>\n<\/table>\n<\/div><\/div>\n<div id=\"PDTable3\" class=\"ProductDetailTableView v3a v3 bs-view dcon dc185 PDTable3\" >\n<table>\n<thead><\/thead>\n<tbody>\n<tr class=\"attribute attr_bsshop_maker\">\n<td class=\"caption\">V\u00fdrobce<\/td>\n<td class=\"value\">Parkanex<\/td>\n<\/tr>\n<\/tbody>\n<\/table>\n<\/div>\n<\/div>\n<div id=\"e8015137\" class=\"tabs\">\n","protected":false},"excerpt":{"rendered":"<p>Ka\u017ed\u00e1 instalace krbu nebo kamen&nbsp;mus\u00ed b\u00fdt opat\u0159ena \u00fa\u010dinn\u00fdm a t\u011bsn\u00fdm odvodem spalin.&nbsp;Trubky a kolena&nbsp;v tlou\u0161\u0165ce 2 mm jsou&nbsp;z\u00e1rukou bezpe\u010dnosti a spolehlivosti. Odtahov\u00e9 potrub\u00ed ur\u010den\u00e9 k odvodu spalin z kamen a krbov\u00fdch vlo\u017eek i dal\u0161\u00ed p\u0159ipojovac\u00ed prvky, jako jsou p\u0159echodky, r\u016f\u017eice, zd\u011b\u0159e nebo cel\u00e9 sety jsou vysoce kvalitn\u00ed v\u00fdrobky, vyroben\u00e9 s velkou p\u0159esnost\u00ed a p\u00e9\u010d\u00ed. Jsou [&hellip;]<\/p>\n","protected":false},"featured_media":15854,"comment_status":"open","ping_status":"open","template":"","meta":[],"product_brand":[],"product_cat":[67],"product_tag":[],"class_list":{"0":"post-15754","1":"product","2":"type-product","3":"status-publish","4":"has-post-thumbnail","6":"product_cat-kotle","8":"first","9":"instock","10":"sale","11":"shipping-taxable","12":"purchasable","13":"product-type-simple"},"yoast_head":"<!-- This site is optimized with the Yoast SEO plugin v26.8 - https:\/\/yoast.com\/product\/yoast-seo-wordpress\/ -->\n<title>HS Flamingo P\u0159echodka do keramick\u00e9ho kom\u00edna 160\/180 mm kamna\/kom\u00edn 2 mm Kup Te\u010f -<\/title>\n<meta name=\"robots\" content=\"index, follow, max-snippet:-1, max-image-preview:large, max-video-preview:-1\" \/>\n<link rel=\"canonical\" href=\"https:\/\/www.domstavpro.com\/index.php\/produkt\/hs-flamingo-prechodka-do-keramickeho-komina-160-180-mm-kamna-komin-2-mm-kup-ted-15754\/\" \/>\n<meta property=\"og:locale\" content=\"cs_CZ\" \/>\n<meta property=\"og:type\" content=\"article\" \/>\n<meta property=\"og:title\" content=\"HS Flamingo P\u0159echodka do keramick\u00e9ho kom\u00edna 160\/180 mm kamna\/kom\u00edn 2 mm Kup Te\u010f -\" \/>\n<meta property=\"og:description\" content=\"Ka\u017ed\u00e1 instalace krbu nebo kamen&nbsp;mus\u00ed b\u00fdt opat\u0159ena \u00fa\u010dinn\u00fdm a t\u011bsn\u00fdm odvodem spalin.&nbsp;Trubky a kolena&nbsp;v tlou\u0161\u0165ce 2 mm jsou&nbsp;z\u00e1rukou bezpe\u010dnosti a spolehlivosti. Odtahov\u00e9 potrub\u00ed ur\u010den\u00e9 k odvodu spalin z kamen a krbov\u00fdch vlo\u017eek i dal\u0161\u00ed p\u0159ipojovac\u00ed prvky, jako jsou p\u0159echodky, r\u016f\u017eice, zd\u011b\u0159e nebo cel\u00e9 sety jsou vysoce kvalitn\u00ed v\u00fdrobky, vyroben\u00e9 s velkou p\u0159esnost\u00ed a p\u00e9\u010d\u00ed. Jsou [&hellip;]\" \/>\n<meta property=\"og:url\" content=\"https:\/\/www.domstavpro.com\/index.php\/produkt\/hs-flamingo-prechodka-do-keramickeho-komina-160-180-mm-kamna-komin-2-mm-kup-ted-15754\/\" \/>\n<meta property=\"og:image\" content=\"https:\/\/www.domstavpro.com\/wp-content\/uploads\/2026\/SK0027078-CZ20260425-093449-0-1777080896-hs-flamingo-prechodka-do-keramickeho-komina-160-180-mm-kamn.webp\" \/>\n\t<meta property=\"og:image:width\" content=\"1000\" \/>\n\t<meta property=\"og:image:height\" content=\"525\" \/>\n\t<meta property=\"og:image:type\" content=\"image\/webp\" \/>\n<meta name=\"twitter:card\" content=\"summary_large_image\" \/>\n<meta name=\"twitter:label1\" content=\"Odhadovan\u00e1 doba \u010dten\u00ed\" \/>\n\t<meta name=\"twitter:data1\" content=\"1 minuta\" \/>\n<script type=\"application\/ld+json\" class=\"yoast-schema-graph\">{\"@context\":\"https:\/\/schema.org\",\"@graph\":[{\"@type\":\"WebPage\",\"@id\":\"https:\/\/www.domstavpro.com\/index.php\/produkt\/hs-flamingo-prechodka-do-keramickeho-komina-160-180-mm-kamna-komin-2-mm-kup-ted-15754\/\",\"url\":\"https:\/\/www.domstavpro.com\/index.php\/produkt\/hs-flamingo-prechodka-do-keramickeho-komina-160-180-mm-kamna-komin-2-mm-kup-ted-15754\/\",\"name\":\"HS Flamingo P\u0159echodka do keramick\u00e9ho kom\u00edna 160\/180 mm kamna\/kom\u00edn 2 mm Kup Te\u010f -\",\"isPartOf\":{\"@id\":\"https:\/\/www.domstavpro.com\/#website\"},\"primaryImageOfPage\":{\"@id\":\"https:\/\/www.domstavpro.com\/index.php\/produkt\/hs-flamingo-prechodka-do-keramickeho-komina-160-180-mm-kamna-komin-2-mm-kup-ted-15754\/#primaryimage\"},\"image\":{\"@id\":\"https:\/\/www.domstavpro.com\/index.php\/produkt\/hs-flamingo-prechodka-do-keramickeho-komina-160-180-mm-kamna-komin-2-mm-kup-ted-15754\/#primaryimage\"},\"thumbnailUrl\":\"https:\/\/www.domstavpro.com\/wp-content\/uploads\/2026\/SK0027078-CZ20260425-093449-0-1777080896-hs-flamingo-prechodka-do-keramickeho-komina-160-180-mm-kamn.webp\",\"datePublished\":\"2026-04-27T15:08:29+00:00\",\"breadcrumb\":{\"@id\":\"https:\/\/www.domstavpro.com\/index.php\/produkt\/hs-flamingo-prechodka-do-keramickeho-komina-160-180-mm-kamna-komin-2-mm-kup-ted-15754\/#breadcrumb\"},\"inLanguage\":\"cs\",\"potentialAction\":[{\"@type\":\"ReadAction\",\"target\":[\"https:\/\/www.domstavpro.com\/index.php\/produkt\/hs-flamingo-prechodka-do-keramickeho-komina-160-180-mm-kamna-komin-2-mm-kup-ted-15754\/\"]}]},{\"@type\":\"ImageObject\",\"inLanguage\":\"cs\",\"@id\":\"https:\/\/www.domstavpro.com\/index.php\/produkt\/hs-flamingo-prechodka-do-keramickeho-komina-160-180-mm-kamna-komin-2-mm-kup-ted-15754\/#primaryimage\",\"url\":\"https:\/\/www.domstavpro.com\/wp-content\/uploads\/2026\/SK0027078-CZ20260425-093449-0-1777080896-hs-flamingo-prechodka-do-keramickeho-komina-160-180-mm-kamn.webp\",\"contentUrl\":\"https:\/\/www.domstavpro.com\/wp-content\/uploads\/2026\/SK0027078-CZ20260425-093449-0-1777080896-hs-flamingo-prechodka-do-keramickeho-komina-160-180-mm-kamn.webp\",\"width\":1000,\"height\":525},{\"@type\":\"BreadcrumbList\",\"@id\":\"https:\/\/www.domstavpro.com\/index.php\/produkt\/hs-flamingo-prechodka-do-keramickeho-komina-160-180-mm-kamna-komin-2-mm-kup-ted-15754\/#breadcrumb\",\"itemListElement\":[{\"@type\":\"ListItem\",\"position\":1,\"name\":\"Home\",\"item\":\"https:\/\/www.domstavpro.com\/\"},{\"@type\":\"ListItem\",\"position\":2,\"name\":\"Products\",\"item\":\"https:\/\/www.domstavpro.com\/index.php\/products\/\"},{\"@type\":\"ListItem\",\"position\":3,\"name\":\"HS Flamingo P\u0159echodka do keramick\u00e9ho kom\u00edna 160\/180 mm kamna\/kom\u00edn 2 mm Kup Te\u010f\"}]},{\"@type\":\"WebSite\",\"@id\":\"https:\/\/www.domstavpro.com\/#website\",\"url\":\"https:\/\/www.domstavpro.com\/\",\"name\":\"\",\"description\":\"\",\"potentialAction\":[{\"@type\":\"SearchAction\",\"target\":{\"@type\":\"EntryPoint\",\"urlTemplate\":\"https:\/\/www.domstavpro.com\/?s={search_term_string}\"},\"query-input\":{\"@type\":\"PropertyValueSpecification\",\"valueRequired\":true,\"valueName\":\"search_term_string\"}}],\"inLanguage\":\"cs\"}]}<\/script>\n<!-- \/ Yoast SEO plugin. -->","yoast_head_json":{"title":"HS Flamingo P\u0159echodka do keramick\u00e9ho kom\u00edna 160\/180 mm kamna\/kom\u00edn 2 mm Kup Te\u010f -","robots":{"index":"index","follow":"follow","max-snippet":"max-snippet:-1","max-image-preview":"max-image-preview:large","max-video-preview":"max-video-preview:-1"},"canonical":"https:\/\/www.domstavpro.com\/index.php\/produkt\/hs-flamingo-prechodka-do-keramickeho-komina-160-180-mm-kamna-komin-2-mm-kup-ted-15754\/","og_locale":"cs_CZ","og_type":"article","og_title":"HS Flamingo P\u0159echodka do keramick\u00e9ho kom\u00edna 160\/180 mm kamna\/kom\u00edn 2 mm Kup Te\u010f -","og_description":"Ka\u017ed\u00e1 instalace krbu nebo kamen&nbsp;mus\u00ed b\u00fdt opat\u0159ena \u00fa\u010dinn\u00fdm a t\u011bsn\u00fdm odvodem spalin.&nbsp;Trubky a kolena&nbsp;v tlou\u0161\u0165ce 2 mm jsou&nbsp;z\u00e1rukou bezpe\u010dnosti a spolehlivosti. Odtahov\u00e9 potrub\u00ed ur\u010den\u00e9 k odvodu spalin z kamen a krbov\u00fdch vlo\u017eek i dal\u0161\u00ed p\u0159ipojovac\u00ed prvky, jako jsou p\u0159echodky, r\u016f\u017eice, zd\u011b\u0159e nebo cel\u00e9 sety jsou vysoce kvalitn\u00ed v\u00fdrobky, vyroben\u00e9 s velkou p\u0159esnost\u00ed a p\u00e9\u010d\u00ed. Jsou [&hellip;]","og_url":"https:\/\/www.domstavpro.com\/index.php\/produkt\/hs-flamingo-prechodka-do-keramickeho-komina-160-180-mm-kamna-komin-2-mm-kup-ted-15754\/","og_image":[{"width":1000,"height":525,"url":"https:\/\/www.domstavpro.com\/wp-content\/uploads\/2026\/SK0027078-CZ20260425-093449-0-1777080896-hs-flamingo-prechodka-do-keramickeho-komina-160-180-mm-kamn.webp","type":"image\/webp"}],"twitter_card":"summary_large_image","twitter_misc":{"Odhadovan\u00e1 doba \u010dten\u00ed":"1 minuta"},"schema":{"@context":"https:\/\/schema.org","@graph":[{"@type":"WebPage","@id":"https:\/\/www.domstavpro.com\/index.php\/produkt\/hs-flamingo-prechodka-do-keramickeho-komina-160-180-mm-kamna-komin-2-mm-kup-ted-15754\/","url":"https:\/\/www.domstavpro.com\/index.php\/produkt\/hs-flamingo-prechodka-do-keramickeho-komina-160-180-mm-kamna-komin-2-mm-kup-ted-15754\/","name":"HS Flamingo P\u0159echodka do keramick\u00e9ho kom\u00edna 160\/180 mm kamna\/kom\u00edn 2 mm Kup Te\u010f -","isPartOf":{"@id":"https:\/\/www.domstavpro.com\/#website"},"primaryImageOfPage":{"@id":"https:\/\/www.domstavpro.com\/index.php\/produkt\/hs-flamingo-prechodka-do-keramickeho-komina-160-180-mm-kamna-komin-2-mm-kup-ted-15754\/#primaryimage"},"image":{"@id":"https:\/\/www.domstavpro.com\/index.php\/produkt\/hs-flamingo-prechodka-do-keramickeho-komina-160-180-mm-kamna-komin-2-mm-kup-ted-15754\/#primaryimage"},"thumbnailUrl":"https:\/\/www.domstavpro.com\/wp-content\/uploads\/2026\/SK0027078-CZ20260425-093449-0-1777080896-hs-flamingo-prechodka-do-keramickeho-komina-160-180-mm-kamn.webp","datePublished":"2026-04-27T15:08:29+00:00","breadcrumb":{"@id":"https:\/\/www.domstavpro.com\/index.php\/produkt\/hs-flamingo-prechodka-do-keramickeho-komina-160-180-mm-kamna-komin-2-mm-kup-ted-15754\/#breadcrumb"},"inLanguage":"cs","potentialAction":[{"@type":"ReadAction","target":["https:\/\/www.domstavpro.com\/index.php\/produkt\/hs-flamingo-prechodka-do-keramickeho-komina-160-180-mm-kamna-komin-2-mm-kup-ted-15754\/"]}]},{"@type":"ImageObject","inLanguage":"cs","@id":"https:\/\/www.domstavpro.com\/index.php\/produkt\/hs-flamingo-prechodka-do-keramickeho-komina-160-180-mm-kamna-komin-2-mm-kup-ted-15754\/#primaryimage","url":"https:\/\/www.domstavpro.com\/wp-content\/uploads\/2026\/SK0027078-CZ20260425-093449-0-1777080896-hs-flamingo-prechodka-do-keramickeho-komina-160-180-mm-kamn.webp","contentUrl":"https:\/\/www.domstavpro.com\/wp-content\/uploads\/2026\/SK0027078-CZ20260425-093449-0-1777080896-hs-flamingo-prechodka-do-keramickeho-komina-160-180-mm-kamn.webp","width":1000,"height":525},{"@type":"BreadcrumbList","@id":"https:\/\/www.domstavpro.com\/index.php\/produkt\/hs-flamingo-prechodka-do-keramickeho-komina-160-180-mm-kamna-komin-2-mm-kup-ted-15754\/#breadcrumb","itemListElement":[{"@type":"ListItem","position":1,"name":"Home","item":"https:\/\/www.domstavpro.com\/"},{"@type":"ListItem","position":2,"name":"Products","item":"https:\/\/www.domstavpro.com\/index.php\/products\/"},{"@type":"ListItem","position":3,"name":"HS Flamingo P\u0159echodka do keramick\u00e9ho kom\u00edna 160\/180 mm kamna\/kom\u00edn 2 mm Kup Te\u010f"}]},{"@type":"WebSite","@id":"https:\/\/www.domstavpro.com\/#website","url":"https:\/\/www.domstavpro.com\/","name":"","description":"","potentialAction":[{"@type":"SearchAction","target":{"@type":"EntryPoint","urlTemplate":"https:\/\/www.domstavpro.com\/?s={search_term_string}"},"query-input":{"@type":"PropertyValueSpecification","valueRequired":true,"valueName":"search_term_string"}}],"inLanguage":"cs"}]}},"_links":{"self":[{"href":"https:\/\/www.domstavpro.com\/index.php\/wp-json\/wp\/v2\/product\/15754","targetHints":{"allow":["GET"]}}],"collection":[{"href":"https:\/\/www.domstavpro.com\/index.php\/wp-json\/wp\/v2\/product"}],"about":[{"href":"https:\/\/www.domstavpro.com\/index.php\/wp-json\/wp\/v2\/types\/product"}],"replies":[{"embeddable":true,"href":"https:\/\/www.domstavpro.com\/index.php\/wp-json\/wp\/v2\/comments?post=15754"}],"wp:featuredmedia":[{"embeddable":true,"href":"https:\/\/www.domstavpro.com\/index.php\/wp-json\/wp\/v2\/media\/15854"}],"wp:attachment":[{"href":"https:\/\/www.domstavpro.com\/index.php\/wp-json\/wp\/v2\/media?parent=15754"}],"wp:term":[{"taxonomy":"product_brand","embeddable":true,"href":"https:\/\/www.domstavpro.com\/index.php\/wp-json\/wp\/v2\/product_brand?post=15754"},{"taxonomy":"product_cat","embeddable":true,"href":"https:\/\/www.domstavpro.com\/index.php\/wp-json\/wp\/v2\/product_cat?post=15754"},{"taxonomy":"product_tag","embeddable":true,"href":"https:\/\/www.domstavpro.com\/index.php\/wp-json\/wp\/v2\/product_tag?post=15754"}],"curies":[{"name":"wp","href":"https:\/\/api.w.org\/{rel}","templated":true}]}}