{"id":15504,"date":"2026-04-27T15:08:29","date_gmt":"2026-04-27T15:08:29","guid":{"rendered":""},"modified":"2026-04-27T15:08:29","modified_gmt":"2026-04-27T15:08:29","slug":"ihned-k-objednani-hs-flamingo-krbove-naradi-21027282-15504","status":"publish","type":"product","link":"https:\/\/www.domstavpro.com\/index.php\/produkt\/ihned-k-objednani-hs-flamingo-krbove-naradi-21027282-15504\/","title":{"rendered":"Ihned K Objedn\u00e1n\u00ed HS Flamingo Krbov\u00e9 n\u00e1\u0159ad\u00ed 21027282"},"content":{"rendered":"<div id=\"e7317827\" class=\"pages\">\n<div>\n<div id=\"PDDescription\" class=\"UserContentView userContent v1a v1 bs-view dcon dc164 PDDescription\" ><dc-con><dc-con><bs-empty><\/bs-empty><\/dc-con><dc-con>        <\/p>\n<div class=\"customDescription\">                    <\/div>\n<p><\/dc-con><dc-con>Kovov\u00e9 krbov\u00e9 n\u00e1\u0159ad\u00ed je ned\u00edlnou sou\u010d\u00e1st\u00ed pot\u0159ebn\u00e9ho p\u0159\u00edslu\u0161enstv\u00ed krbov\u00fdch kamen a vlo\u017eek. Je v\u00fdborn\u00fdm pomocn\u00edkem p\u0159i manipulaci s d\u0159ev\u011bn\u00fdmi poleny v topeni\u0161ti. D\u00edky smet\u00e1\u010dku a lopatce je tento set n\u00e1\u0159ad\u00ed vhodn\u00fd p\u0159i \u010di\u0161t\u011bn\u00ed Va\u0161eho krbu nebo kamen.<\/dc-con><\/dc-con><\/div>\n<div id=\"PDDescription2\" class=\"UserContentView userContent v1a v1 bs-view dcon dc165 PDDescription2\" >\n<table class='techparam_table'>\n<tr>\n<td>V\u00fd\u0161ka<\/td>\n<td>58 cm<\/td>\n<\/tr>\n<tr>\n<td>Barva<\/td>\n<td>\u010dern\u00e1 <\/td>\n<\/tr>\n<tr>\n<td>Pr\u016fm\u011br<\/td>\n<td>15 cm<\/td>\n<\/tr>\n<tr>\n<td>Obsahuje<\/td>\n<td>lopatka, smet\u00e1k, pohrab\u00e1\u010d <\/td>\n<\/tr>\n<tr>\n<td>Materi\u00e1l<\/td>\n<td>kov <\/td>\n<\/tr>\n<\/table>\n<\/div><\/div>\n<div id=\"PDTable3\" class=\"ProductDetailTableView v3a v3 bs-view dcon dc185 PDTable3\" >\n<table>\n<thead><\/thead>\n<tbody>\n<tr class=\"attribute attr_typ\">\n<td class=\"caption\">Typ<\/td>\n<td class=\"value\">Krbov\u00e9 n\u00e1\u0159ad\u00ed<\/td>\n<\/tr>\n<tr class=\"attribute attr_bsshop_maker\">\n<td class=\"caption\">V\u00fdrobce<\/td>\n<td class=\"value\">Lienbacher<\/td>\n<\/tr>\n<\/tbody>\n<\/table>\n<\/div>\n<\/div>\n<div id=\"e7317828\" class=\"tabs\">\n","protected":false},"excerpt":{"rendered":"<p>Kovov\u00e9 krbov\u00e9 n\u00e1\u0159ad\u00ed je ned\u00edlnou sou\u010d\u00e1st\u00ed pot\u0159ebn\u00e9ho p\u0159\u00edslu\u0161enstv\u00ed krbov\u00fdch kamen a vlo\u017eek. Je v\u00fdborn\u00fdm pomocn\u00edkem p\u0159i manipulaci s d\u0159ev\u011bn\u00fdmi poleny v topeni\u0161ti. D\u00edky smet\u00e1\u010dku a lopatce je tento set n\u00e1\u0159ad\u00ed vhodn\u00fd p\u0159i \u010di\u0161t\u011bn\u00ed Va\u0161eho krbu nebo kamen. V\u00fd\u0161ka 58 cm Barva \u010dern\u00e1 Pr\u016fm\u011br 15 cm Obsahuje lopatka, smet\u00e1k, pohrab\u00e1\u010d Materi\u00e1l kov Typ Krbov\u00e9 n\u00e1\u0159ad\u00ed V\u00fdrobce [&hellip;]<\/p>\n","protected":false},"featured_media":15604,"comment_status":"open","ping_status":"open","template":"","meta":[],"product_brand":[],"product_cat":[60],"product_tag":[],"class_list":{"0":"post-15504","1":"product","2":"type-product","3":"status-publish","4":"has-post-thumbnail","6":"product_cat-krby-a-kamna","8":"first","9":"instock","10":"sale","11":"shipping-taxable","12":"purchasable","13":"product-type-simple"},"yoast_head":"<!-- This site is optimized with the Yoast SEO plugin v26.8 - https:\/\/yoast.com\/product\/yoast-seo-wordpress\/ -->\n<title>Ihned K Objedn\u00e1n\u00ed HS Flamingo Krbov\u00e9 n\u00e1\u0159ad\u00ed 21027282 -<\/title>\n<meta name=\"robots\" content=\"index, follow, max-snippet:-1, max-image-preview:large, max-video-preview:-1\" \/>\n<link rel=\"canonical\" href=\"https:\/\/www.domstavpro.com\/index.php\/produkt\/ihned-k-objednani-hs-flamingo-krbove-naradi-21027282-15504\/\" \/>\n<meta property=\"og:locale\" content=\"cs_CZ\" \/>\n<meta property=\"og:type\" content=\"article\" \/>\n<meta property=\"og:title\" content=\"Ihned K Objedn\u00e1n\u00ed HS Flamingo Krbov\u00e9 n\u00e1\u0159ad\u00ed 21027282 -\" \/>\n<meta property=\"og:description\" content=\"Kovov\u00e9 krbov\u00e9 n\u00e1\u0159ad\u00ed je ned\u00edlnou sou\u010d\u00e1st\u00ed pot\u0159ebn\u00e9ho p\u0159\u00edslu\u0161enstv\u00ed krbov\u00fdch kamen a vlo\u017eek. Je v\u00fdborn\u00fdm pomocn\u00edkem p\u0159i manipulaci s d\u0159ev\u011bn\u00fdmi poleny v topeni\u0161ti. D\u00edky smet\u00e1\u010dku a lopatce je tento set n\u00e1\u0159ad\u00ed vhodn\u00fd p\u0159i \u010di\u0161t\u011bn\u00ed Va\u0161eho krbu nebo kamen. V\u00fd\u0161ka 58 cm Barva \u010dern\u00e1 Pr\u016fm\u011br 15 cm Obsahuje lopatka, smet\u00e1k, pohrab\u00e1\u010d Materi\u00e1l kov Typ Krbov\u00e9 n\u00e1\u0159ad\u00ed V\u00fdrobce [&hellip;]\" \/>\n<meta property=\"og:url\" content=\"https:\/\/www.domstavpro.com\/index.php\/produkt\/ihned-k-objednani-hs-flamingo-krbove-naradi-21027282-15504\/\" \/>\n<meta property=\"og:image\" content=\"https:\/\/www.domstavpro.com\/wp-content\/uploads\/2026\/SK0026928-CZ20260425-093449-0-1777080896-hs-flamingo-krbove-naradi-21027282.webp\" \/>\n\t<meta property=\"og:image:width\" content=\"1000\" \/>\n\t<meta property=\"og:image:height\" content=\"525\" \/>\n\t<meta property=\"og:image:type\" content=\"image\/webp\" \/>\n<meta name=\"twitter:card\" content=\"summary_large_image\" \/>\n<script type=\"application\/ld+json\" class=\"yoast-schema-graph\">{\"@context\":\"https:\/\/schema.org\",\"@graph\":[{\"@type\":\"WebPage\",\"@id\":\"https:\/\/www.domstavpro.com\/index.php\/produkt\/ihned-k-objednani-hs-flamingo-krbove-naradi-21027282-15504\/\",\"url\":\"https:\/\/www.domstavpro.com\/index.php\/produkt\/ihned-k-objednani-hs-flamingo-krbove-naradi-21027282-15504\/\",\"name\":\"Ihned K Objedn\u00e1n\u00ed HS Flamingo Krbov\u00e9 n\u00e1\u0159ad\u00ed 21027282 -\",\"isPartOf\":{\"@id\":\"https:\/\/www.domstavpro.com\/#website\"},\"primaryImageOfPage\":{\"@id\":\"https:\/\/www.domstavpro.com\/index.php\/produkt\/ihned-k-objednani-hs-flamingo-krbove-naradi-21027282-15504\/#primaryimage\"},\"image\":{\"@id\":\"https:\/\/www.domstavpro.com\/index.php\/produkt\/ihned-k-objednani-hs-flamingo-krbove-naradi-21027282-15504\/#primaryimage\"},\"thumbnailUrl\":\"https:\/\/www.domstavpro.com\/wp-content\/uploads\/2026\/SK0026928-CZ20260425-093449-0-1777080896-hs-flamingo-krbove-naradi-21027282.webp\",\"datePublished\":\"2026-04-27T15:08:29+00:00\",\"breadcrumb\":{\"@id\":\"https:\/\/www.domstavpro.com\/index.php\/produkt\/ihned-k-objednani-hs-flamingo-krbove-naradi-21027282-15504\/#breadcrumb\"},\"inLanguage\":\"cs\",\"potentialAction\":[{\"@type\":\"ReadAction\",\"target\":[\"https:\/\/www.domstavpro.com\/index.php\/produkt\/ihned-k-objednani-hs-flamingo-krbove-naradi-21027282-15504\/\"]}]},{\"@type\":\"ImageObject\",\"inLanguage\":\"cs\",\"@id\":\"https:\/\/www.domstavpro.com\/index.php\/produkt\/ihned-k-objednani-hs-flamingo-krbove-naradi-21027282-15504\/#primaryimage\",\"url\":\"https:\/\/www.domstavpro.com\/wp-content\/uploads\/2026\/SK0026928-CZ20260425-093449-0-1777080896-hs-flamingo-krbove-naradi-21027282.webp\",\"contentUrl\":\"https:\/\/www.domstavpro.com\/wp-content\/uploads\/2026\/SK0026928-CZ20260425-093449-0-1777080896-hs-flamingo-krbove-naradi-21027282.webp\",\"width\":1000,\"height\":525},{\"@type\":\"BreadcrumbList\",\"@id\":\"https:\/\/www.domstavpro.com\/index.php\/produkt\/ihned-k-objednani-hs-flamingo-krbove-naradi-21027282-15504\/#breadcrumb\",\"itemListElement\":[{\"@type\":\"ListItem\",\"position\":1,\"name\":\"Home\",\"item\":\"https:\/\/www.domstavpro.com\/\"},{\"@type\":\"ListItem\",\"position\":2,\"name\":\"Products\",\"item\":\"https:\/\/www.domstavpro.com\/index.php\/products\/\"},{\"@type\":\"ListItem\",\"position\":3,\"name\":\"Ihned K Objedn\u00e1n\u00ed HS Flamingo Krbov\u00e9 n\u00e1\u0159ad\u00ed 21027282\"}]},{\"@type\":\"WebSite\",\"@id\":\"https:\/\/www.domstavpro.com\/#website\",\"url\":\"https:\/\/www.domstavpro.com\/\",\"name\":\"\",\"description\":\"\",\"potentialAction\":[{\"@type\":\"SearchAction\",\"target\":{\"@type\":\"EntryPoint\",\"urlTemplate\":\"https:\/\/www.domstavpro.com\/?s={search_term_string}\"},\"query-input\":{\"@type\":\"PropertyValueSpecification\",\"valueRequired\":true,\"valueName\":\"search_term_string\"}}],\"inLanguage\":\"cs\"}]}<\/script>\n<!-- \/ Yoast SEO plugin. -->","yoast_head_json":{"title":"Ihned K Objedn\u00e1n\u00ed HS Flamingo Krbov\u00e9 n\u00e1\u0159ad\u00ed 21027282 -","robots":{"index":"index","follow":"follow","max-snippet":"max-snippet:-1","max-image-preview":"max-image-preview:large","max-video-preview":"max-video-preview:-1"},"canonical":"https:\/\/www.domstavpro.com\/index.php\/produkt\/ihned-k-objednani-hs-flamingo-krbove-naradi-21027282-15504\/","og_locale":"cs_CZ","og_type":"article","og_title":"Ihned K Objedn\u00e1n\u00ed HS Flamingo Krbov\u00e9 n\u00e1\u0159ad\u00ed 21027282 -","og_description":"Kovov\u00e9 krbov\u00e9 n\u00e1\u0159ad\u00ed je ned\u00edlnou sou\u010d\u00e1st\u00ed pot\u0159ebn\u00e9ho p\u0159\u00edslu\u0161enstv\u00ed krbov\u00fdch kamen a vlo\u017eek. Je v\u00fdborn\u00fdm pomocn\u00edkem p\u0159i manipulaci s d\u0159ev\u011bn\u00fdmi poleny v topeni\u0161ti. D\u00edky smet\u00e1\u010dku a lopatce je tento set n\u00e1\u0159ad\u00ed vhodn\u00fd p\u0159i \u010di\u0161t\u011bn\u00ed Va\u0161eho krbu nebo kamen. V\u00fd\u0161ka 58 cm Barva \u010dern\u00e1 Pr\u016fm\u011br 15 cm Obsahuje lopatka, smet\u00e1k, pohrab\u00e1\u010d Materi\u00e1l kov Typ Krbov\u00e9 n\u00e1\u0159ad\u00ed V\u00fdrobce [&hellip;]","og_url":"https:\/\/www.domstavpro.com\/index.php\/produkt\/ihned-k-objednani-hs-flamingo-krbove-naradi-21027282-15504\/","og_image":[{"width":1000,"height":525,"url":"https:\/\/www.domstavpro.com\/wp-content\/uploads\/2026\/SK0026928-CZ20260425-093449-0-1777080896-hs-flamingo-krbove-naradi-21027282.webp","type":"image\/webp"}],"twitter_card":"summary_large_image","schema":{"@context":"https:\/\/schema.org","@graph":[{"@type":"WebPage","@id":"https:\/\/www.domstavpro.com\/index.php\/produkt\/ihned-k-objednani-hs-flamingo-krbove-naradi-21027282-15504\/","url":"https:\/\/www.domstavpro.com\/index.php\/produkt\/ihned-k-objednani-hs-flamingo-krbove-naradi-21027282-15504\/","name":"Ihned K Objedn\u00e1n\u00ed HS Flamingo Krbov\u00e9 n\u00e1\u0159ad\u00ed 21027282 -","isPartOf":{"@id":"https:\/\/www.domstavpro.com\/#website"},"primaryImageOfPage":{"@id":"https:\/\/www.domstavpro.com\/index.php\/produkt\/ihned-k-objednani-hs-flamingo-krbove-naradi-21027282-15504\/#primaryimage"},"image":{"@id":"https:\/\/www.domstavpro.com\/index.php\/produkt\/ihned-k-objednani-hs-flamingo-krbove-naradi-21027282-15504\/#primaryimage"},"thumbnailUrl":"https:\/\/www.domstavpro.com\/wp-content\/uploads\/2026\/SK0026928-CZ20260425-093449-0-1777080896-hs-flamingo-krbove-naradi-21027282.webp","datePublished":"2026-04-27T15:08:29+00:00","breadcrumb":{"@id":"https:\/\/www.domstavpro.com\/index.php\/produkt\/ihned-k-objednani-hs-flamingo-krbove-naradi-21027282-15504\/#breadcrumb"},"inLanguage":"cs","potentialAction":[{"@type":"ReadAction","target":["https:\/\/www.domstavpro.com\/index.php\/produkt\/ihned-k-objednani-hs-flamingo-krbove-naradi-21027282-15504\/"]}]},{"@type":"ImageObject","inLanguage":"cs","@id":"https:\/\/www.domstavpro.com\/index.php\/produkt\/ihned-k-objednani-hs-flamingo-krbove-naradi-21027282-15504\/#primaryimage","url":"https:\/\/www.domstavpro.com\/wp-content\/uploads\/2026\/SK0026928-CZ20260425-093449-0-1777080896-hs-flamingo-krbove-naradi-21027282.webp","contentUrl":"https:\/\/www.domstavpro.com\/wp-content\/uploads\/2026\/SK0026928-CZ20260425-093449-0-1777080896-hs-flamingo-krbove-naradi-21027282.webp","width":1000,"height":525},{"@type":"BreadcrumbList","@id":"https:\/\/www.domstavpro.com\/index.php\/produkt\/ihned-k-objednani-hs-flamingo-krbove-naradi-21027282-15504\/#breadcrumb","itemListElement":[{"@type":"ListItem","position":1,"name":"Home","item":"https:\/\/www.domstavpro.com\/"},{"@type":"ListItem","position":2,"name":"Products","item":"https:\/\/www.domstavpro.com\/index.php\/products\/"},{"@type":"ListItem","position":3,"name":"Ihned K Objedn\u00e1n\u00ed HS Flamingo Krbov\u00e9 n\u00e1\u0159ad\u00ed 21027282"}]},{"@type":"WebSite","@id":"https:\/\/www.domstavpro.com\/#website","url":"https:\/\/www.domstavpro.com\/","name":"","description":"","potentialAction":[{"@type":"SearchAction","target":{"@type":"EntryPoint","urlTemplate":"https:\/\/www.domstavpro.com\/?s={search_term_string}"},"query-input":{"@type":"PropertyValueSpecification","valueRequired":true,"valueName":"search_term_string"}}],"inLanguage":"cs"}]}},"_links":{"self":[{"href":"https:\/\/www.domstavpro.com\/index.php\/wp-json\/wp\/v2\/product\/15504","targetHints":{"allow":["GET"]}}],"collection":[{"href":"https:\/\/www.domstavpro.com\/index.php\/wp-json\/wp\/v2\/product"}],"about":[{"href":"https:\/\/www.domstavpro.com\/index.php\/wp-json\/wp\/v2\/types\/product"}],"replies":[{"embeddable":true,"href":"https:\/\/www.domstavpro.com\/index.php\/wp-json\/wp\/v2\/comments?post=15504"}],"wp:featuredmedia":[{"embeddable":true,"href":"https:\/\/www.domstavpro.com\/index.php\/wp-json\/wp\/v2\/media\/15604"}],"wp:attachment":[{"href":"https:\/\/www.domstavpro.com\/index.php\/wp-json\/wp\/v2\/media?parent=15504"}],"wp:term":[{"taxonomy":"product_brand","embeddable":true,"href":"https:\/\/www.domstavpro.com\/index.php\/wp-json\/wp\/v2\/product_brand?post=15504"},{"taxonomy":"product_cat","embeddable":true,"href":"https:\/\/www.domstavpro.com\/index.php\/wp-json\/wp\/v2\/product_cat?post=15504"},{"taxonomy":"product_tag","embeddable":true,"href":"https:\/\/www.domstavpro.com\/index.php\/wp-json\/wp\/v2\/product_tag?post=15504"}],"curies":[{"name":"wp","href":"https:\/\/api.w.org\/{rel}","templated":true}]}}