{"id":15497,"date":"2026-04-27T15:08:29","date_gmt":"2026-04-27T15:08:29","guid":{"rendered":""},"modified":"2026-04-27T15:08:29","modified_gmt":"2026-04-27T15:08:29","slug":"reginox-amsterdam-560-black-metalic-silvery-cenove-vyhodny-15497","status":"publish","type":"product","link":"https:\/\/www.domstavpro.com\/index.php\/produkt\/reginox-amsterdam-560-black-metalic-silvery-cenove-vyhodny-15497\/","title":{"rendered":"Reginox Amsterdam 560 Black metalic (silvery) Cenov\u011b V\u00fdhodn\u00fd"},"content":{"rendered":"<div id=\"e7314056\" class=\"pages\">\n<div>\n<div id=\"PDDescription\" class=\"UserContentView userContent v1a v1 bs-view dcon dc164 PDDescription\" ><dc-con><dc-con><bs-empty><\/bs-empty><\/dc-con><dc-con>        <\/p>\n<div class=\"customDescription\">                    <\/div>\n<p><\/dc-con><dc-con><\/p>\n<div class=\"rowNewText\">\n<p>Kvalitn\u00ed granitov\u00fd jednod\u0159ez Amsterdam 560, vyr\u00e1b\u011bn\u00fd holandskou firmou <b>Reginox.&nbsp;<\/b><\/p>\n<\/div>\n<div class=\"rowNewText\">\n<p><b>Kuchy\u0148sk\u00fd d\u0159ez Reginox Amsterdam 560 <\/b>pat\u0159\u00ed k velmi obl\u00edben\u00fdm jedno vani\u010dkov\u00fdm d\u0159ez\u016fm v elegantn\u00edm designu. Atraktivn\u00ed vzhled, ide\u00e1ln\u00ed rozm\u011bry p\u0159edur\u010duj\u00ed d\u0159ez do v\u011bt\u0161iny b\u011b\u017en\u00fdch kuchyn\u00ed.<\/p>\n<\/div>\n<div class=\"rowNewText\">\n<p>D\u0159ez disponuje dostate\u010dn\u011b hlubokou vani\u010dkou, kter\u00e1 poskytne dostatek m\u00edsta pro myt\u00ed velk\u00fdch n\u00e1dob jako jsou pe\u010d\u00edc\u00ed plechy nebo objemn\u00e9 hrnce.&nbsp;<\/p>\n<\/div>\n<div class=\"rowNewText\">\n<p>V\u00fdhodou granitov\u00e9ho d\u0159ezu je jeho je mimo\u0159\u00e1dn\u011b hladk\u00fd, p\u0159\u00edpadn\u00e9 ne\u010distoty se nemaj\u00ed kde usadit. \u00dadr\u017eba se prov\u00e1d\u00ed pouh\u00fdm set\u0159en\u00edm vlhk\u00fdm had\u0159\u00edkem. <\/p>\n<\/div>\n<div class=\"rowNewText\">\n<p>Vysok\u00e1 barevn\u00e1 variabilita a mo\u017enost slad\u011bn\u00ed se zbytkem kuchyn\u011b, jednoduch\u00e1 \u00fadr\u017eba a atraktivn\u00ed design. Mezi hlavn\u00ed p\u0159ednosti pat\u0159\u00ed vynikaj\u00edc\u00ed odolnost proti n\u00e1razu, po\u0161kr\u00e1ban\u00ed a vysok\u00fdm teplot\u00e1m.<\/p>\n<\/div>\n<div class=\"rowNewText\">\n<p>Povrch d\u0159ez\u016f Reginox je mimo\u0159\u00e1dn\u011b hladk\u00fd, p\u0159\u00edpadn\u00e9 ne\u010distoty se nemaj\u00ed kde usadit. \u00dadr\u017eba se prov\u00e1d\u00ed pouh\u00fdm set\u0159en\u00edm vlhk\u00fdm had\u0159\u00edkem.<\/p>\n<\/div>\n<div class=\"rowNewText\">\n<p><b>Kl\u00ed\u010dov\u00e9 vlastnosti kuchy\u0148sk\u00e9ho d\u0159ezu REGINOX AMSTERDAM 560<\/b><\/p>\n<\/div>\n<div class=\"rowNewText\">\n<ul>\n<li>barevn\u00e9 proveden\u00ed \u010dern\u00e9, b\u00edl\u00e9, \u0161ed\u00e9 a kovov\u00e9<\/li>\n<li>Amsterdam m\u00e1 prodlou\u017eenou 10ti letou z\u00e1ruku<\/li>\n<li>ide\u00e1ln\u00ed volba do men\u0161\u00edch kuchyn\u00ed<\/li>\n<li>dostate\u010dn\u011b hlubok\u00e1 vani\u010dka 20 cm<\/li>\n<li>granit je odoln\u00fd proti po\u0161kr\u00e1b\u00e1n\u00ed i vysok\u00fdm teplot\u00e1m<\/li>\n<li>minim\u00e1ln\u00ed \u0161\u00ed\u0159ka sk\u0159\u00ed\u0148ky je 60 cm<\/li>\n<\/ul>\n<\/div>\n<p><\/dc-con><\/dc-con><\/div>\n<div id=\"PDDescription2\" class=\"UserContentView userContent v1a v1 bs-view dcon dc165 PDDescription2\" >\n<table class='techparam_table'>\n<tr>\n<td>Mo\u017enost odvrtat dal\u0161\u00ed otvor<\/td>\n<td>Ne<\/td>\n<\/tr>\n<tr>\n<td>Materi\u00e1l d\u0159ezu<\/td>\n<td>Granit<\/td>\n<\/tr>\n<tr>\n<td>Typ d\u0159ezu<\/td>\n<td>Jednod\u0159ez<\/td>\n<\/tr>\n<tr>\n<td>\u0160\u00ed\u0159ka obalu<\/td>\n<td>57,5<\/td>\n<\/tr>\n<tr>\n<td>V\u00fd\u0161ka obalu<\/td>\n<td>20,8<\/td>\n<\/tr>\n<tr>\n<td>Hloubka obalu<\/td>\n<td>47,5<\/td>\n<\/tr>\n<tr>\n<td>V\u00e1ha v\u010d. obalu (kg)<\/td>\n<td>8<\/td>\n<\/tr>\n<tr>\n<td>\u0160\u00ed\u0159ka d\u0159ezu<\/td>\n<td>56<\/td>\n<\/tr>\n<tr>\n<td>D\u00e9lka d\u0159ezu<\/td>\n<td>46<\/td>\n<\/tr>\n<tr>\n<td>Hloubka d\u0159ezu<\/td>\n<td>20<\/td>\n<\/tr>\n<tr>\n<td>Hmotnost d\u0159ezu (kg)<\/td>\n<td>7<\/td>\n<\/tr>\n<tr>\n<td>D\u00e9lka vani\u010dky<\/td>\n<td>40<\/td>\n<\/tr>\n<tr>\n<td>\u0160\u00ed\u0159ka vani\u010dky<\/td>\n<td>50<\/td>\n<\/tr>\n<tr>\n<td>Hloubka vani\u010dky<\/td>\n<td>20<\/td>\n<\/tr>\n<tr>\n<td>Minim\u00e1ln\u00ed \u0161\u00ed\u0159ka sk\u0159\u00ednky<\/td>\n<td>60<\/td>\n<\/tr>\n<tr>\n<td>\u0160\u00ed\u0159ka kuchy\u0148sk\u00e9 sk\u0159\u00ed\u0148ky<\/td>\n<td>60 cm<\/td>\n<\/tr>\n<tr>\n<td>Orientace<\/td>\n<td>Bez orientace<\/td>\n<\/tr>\n<tr>\n<td>Styl d\u0159ezu<\/td>\n<td>Rustik\u00e1ln\u00ed \/ Retro d\u0159ezy<\/td>\n<\/tr>\n<tr>\n<td>Z\u00e1ruka<\/td>\n<td>10 let<\/td>\n<\/tr>\n<tr>\n<td>Typ mont\u00e1\u017ee d\u0159ezu<\/td>\n<td>Horn\u00ed<\/td>\n<\/tr>\n<tr>\n<td>V\u00fdpus\u0165 d\u0159ezu<\/td>\n<td>9 cm<\/td>\n<\/tr>\n<tr>\n<td>Excentrick\u00e9 ovl\u00e1d\u00e1n\u00ed v\u00fdpust\u011b<\/td>\n<td>Ne<\/td>\n<\/tr>\n<tr>\n<td>P\u0159edvrtan\u00fd otvor <\/td>\n<td>Ne<\/td>\n<\/tr>\n<tr>\n<td>Pr\u016fm\u011br vani\u010dky<\/td>\n<td>ne<\/td>\n<\/tr>\n<tr>\n<td>K\u00f3d zbo\u017e\u00ed TARIC<\/td>\n<td>68029390<\/td>\n<\/tr>\n<tr>\n<td>Tvar d\u0159ezu<\/td>\n<td>Obd\u00e9ln\u00edkov\u00fd <\/td>\n<\/tr>\n<tr>\n<td>Kulat\u00fd d\u0159ez<\/td>\n<td>Ne<\/td>\n<\/tr>\n<\/table>\n<\/div><\/div>\n<div id=\"PDTable3\" class=\"ProductDetailTableView v3a v3 bs-view dcon dc185 PDTable3\" >\n<table>\n<thead><\/thead>\n<tbody>\n<tr class=\"attribute attr_material\">\n<td class=\"caption\">Materi\u00e1l<\/td>\n<td class=\"value\">Granit<\/td>\n<\/tr>\n<tr class=\"attribute attr_typ\">\n<td class=\"caption\">Typ<\/td>\n<td class=\"value\">Bez odkap\u00e1vac\u00ed plochy<\/td>\n<\/tr>\n<tr class=\"attribute attr_bsshop_maker\">\n<td class=\"caption\">V\u00fdrobce<\/td>\n<td class=\"value\">Reginox<\/td>\n<\/tr>\n<\/tbody>\n<\/table>\n<\/div>\n<div id=\"ProductMedia\" class=\"ProductMediaView MediaViewBase v1a v1 bs-view dcon dc409 ProductMedia\" ><bs-empty><\/bs-empty><\/p>\n<div class=\"files\">\n<div class=\"title sub\">Soubory<\/div>\n<p><a href=\"\/media\/10211\/amsterdam-50-produktovy-list-ke-stazeni.pdf?&amp;key=ZGpmIyQwNUZfMTAyMTE=\" class=\"pdf\">Amsterdam_50_produktovy_list_ke_stazeni.pdf<\/a><\/div>\n<p><bs-empty><\/bs-empty><\/div>\n<\/div>\n<div id=\"e7314057\" class=\"tabs\">\n","protected":false},"excerpt":{"rendered":"<p>Kvalitn\u00ed granitov\u00fd jednod\u0159ez Amsterdam 560, vyr\u00e1b\u011bn\u00fd holandskou firmou Reginox.&nbsp; Kuchy\u0148sk\u00fd d\u0159ez Reginox Amsterdam 560 pat\u0159\u00ed k velmi obl\u00edben\u00fdm jedno vani\u010dkov\u00fdm d\u0159ez\u016fm v elegantn\u00edm designu. Atraktivn\u00ed vzhled, ide\u00e1ln\u00ed rozm\u011bry p\u0159edur\u010duj\u00ed d\u0159ez do v\u011bt\u0161iny b\u011b\u017en\u00fdch kuchyn\u00ed. D\u0159ez disponuje dostate\u010dn\u011b hlubokou vani\u010dkou, kter\u00e1 poskytne dostatek m\u00edsta pro myt\u00ed velk\u00fdch n\u00e1dob jako jsou pe\u010d\u00edc\u00ed plechy nebo objemn\u00e9 hrnce.&nbsp; V\u00fdhodou [&hellip;]<\/p>\n","protected":false},"featured_media":15597,"comment_status":"open","ping_status":"open","template":"","meta":[],"product_brand":[],"product_cat":[66],"product_tag":[],"class_list":{"0":"post-15497","1":"product","2":"type-product","3":"status-publish","4":"has-post-thumbnail","6":"product_cat-pochutiny-dum-a-zahrada","8":"first","9":"instock","10":"sale","11":"shipping-taxable","12":"purchasable","13":"product-type-simple"},"yoast_head":"<!-- This site is optimized with the Yoast SEO plugin v26.8 - https:\/\/yoast.com\/product\/yoast-seo-wordpress\/ -->\n<title>Reginox Amsterdam 560 Black metalic (silvery) Cenov\u011b V\u00fdhodn\u00fd -<\/title>\n<meta name=\"robots\" content=\"index, follow, max-snippet:-1, max-image-preview:large, max-video-preview:-1\" \/>\n<link rel=\"canonical\" href=\"https:\/\/www.domstavpro.com\/index.php\/produkt\/reginox-amsterdam-560-black-metalic-silvery-cenove-vyhodny-15497\/\" \/>\n<meta property=\"og:locale\" content=\"cs_CZ\" \/>\n<meta property=\"og:type\" content=\"article\" \/>\n<meta property=\"og:title\" content=\"Reginox Amsterdam 560 Black metalic (silvery) Cenov\u011b V\u00fdhodn\u00fd -\" \/>\n<meta property=\"og:description\" content=\"Kvalitn\u00ed granitov\u00fd jednod\u0159ez Amsterdam 560, vyr\u00e1b\u011bn\u00fd holandskou firmou Reginox.&nbsp; Kuchy\u0148sk\u00fd d\u0159ez Reginox Amsterdam 560 pat\u0159\u00ed k velmi obl\u00edben\u00fdm jedno vani\u010dkov\u00fdm d\u0159ez\u016fm v elegantn\u00edm designu. Atraktivn\u00ed vzhled, ide\u00e1ln\u00ed rozm\u011bry p\u0159edur\u010duj\u00ed d\u0159ez do v\u011bt\u0161iny b\u011b\u017en\u00fdch kuchyn\u00ed. D\u0159ez disponuje dostate\u010dn\u011b hlubokou vani\u010dkou, kter\u00e1 poskytne dostatek m\u00edsta pro myt\u00ed velk\u00fdch n\u00e1dob jako jsou pe\u010d\u00edc\u00ed plechy nebo objemn\u00e9 hrnce.&nbsp; V\u00fdhodou [&hellip;]\" \/>\n<meta property=\"og:url\" content=\"https:\/\/www.domstavpro.com\/index.php\/produkt\/reginox-amsterdam-560-black-metalic-silvery-cenove-vyhodny-15497\/\" \/>\n<meta property=\"og:image\" content=\"https:\/\/www.domstavpro.com\/wp-content\/uploads\/2026\/SK0026921-CZ20260425-093449-0-1777080896-reginox-amsterdam-560-black-metalic-silvery.webp\" \/>\n\t<meta property=\"og:image:width\" content=\"1000\" \/>\n\t<meta property=\"og:image:height\" content=\"525\" \/>\n\t<meta property=\"og:image:type\" content=\"image\/webp\" \/>\n<meta name=\"twitter:card\" content=\"summary_large_image\" \/>\n<meta name=\"twitter:label1\" content=\"Odhadovan\u00e1 doba \u010dten\u00ed\" \/>\n\t<meta name=\"twitter:data1\" content=\"2 minuty\" \/>\n<script type=\"application\/ld+json\" class=\"yoast-schema-graph\">{\"@context\":\"https:\/\/schema.org\",\"@graph\":[{\"@type\":\"WebPage\",\"@id\":\"https:\/\/www.domstavpro.com\/index.php\/produkt\/reginox-amsterdam-560-black-metalic-silvery-cenove-vyhodny-15497\/\",\"url\":\"https:\/\/www.domstavpro.com\/index.php\/produkt\/reginox-amsterdam-560-black-metalic-silvery-cenove-vyhodny-15497\/\",\"name\":\"Reginox Amsterdam 560 Black metalic (silvery) Cenov\u011b V\u00fdhodn\u00fd -\",\"isPartOf\":{\"@id\":\"https:\/\/www.domstavpro.com\/#website\"},\"primaryImageOfPage\":{\"@id\":\"https:\/\/www.domstavpro.com\/index.php\/produkt\/reginox-amsterdam-560-black-metalic-silvery-cenove-vyhodny-15497\/#primaryimage\"},\"image\":{\"@id\":\"https:\/\/www.domstavpro.com\/index.php\/produkt\/reginox-amsterdam-560-black-metalic-silvery-cenove-vyhodny-15497\/#primaryimage\"},\"thumbnailUrl\":\"https:\/\/www.domstavpro.com\/wp-content\/uploads\/2026\/SK0026921-CZ20260425-093449-0-1777080896-reginox-amsterdam-560-black-metalic-silvery.webp\",\"datePublished\":\"2026-04-27T15:08:29+00:00\",\"breadcrumb\":{\"@id\":\"https:\/\/www.domstavpro.com\/index.php\/produkt\/reginox-amsterdam-560-black-metalic-silvery-cenove-vyhodny-15497\/#breadcrumb\"},\"inLanguage\":\"cs\",\"potentialAction\":[{\"@type\":\"ReadAction\",\"target\":[\"https:\/\/www.domstavpro.com\/index.php\/produkt\/reginox-amsterdam-560-black-metalic-silvery-cenove-vyhodny-15497\/\"]}]},{\"@type\":\"ImageObject\",\"inLanguage\":\"cs\",\"@id\":\"https:\/\/www.domstavpro.com\/index.php\/produkt\/reginox-amsterdam-560-black-metalic-silvery-cenove-vyhodny-15497\/#primaryimage\",\"url\":\"https:\/\/www.domstavpro.com\/wp-content\/uploads\/2026\/SK0026921-CZ20260425-093449-0-1777080896-reginox-amsterdam-560-black-metalic-silvery.webp\",\"contentUrl\":\"https:\/\/www.domstavpro.com\/wp-content\/uploads\/2026\/SK0026921-CZ20260425-093449-0-1777080896-reginox-amsterdam-560-black-metalic-silvery.webp\",\"width\":1000,\"height\":525},{\"@type\":\"BreadcrumbList\",\"@id\":\"https:\/\/www.domstavpro.com\/index.php\/produkt\/reginox-amsterdam-560-black-metalic-silvery-cenove-vyhodny-15497\/#breadcrumb\",\"itemListElement\":[{\"@type\":\"ListItem\",\"position\":1,\"name\":\"Home\",\"item\":\"https:\/\/www.domstavpro.com\/\"},{\"@type\":\"ListItem\",\"position\":2,\"name\":\"Products\",\"item\":\"https:\/\/www.domstavpro.com\/index.php\/products\/\"},{\"@type\":\"ListItem\",\"position\":3,\"name\":\"Reginox Amsterdam 560 Black metalic (silvery) Cenov\u011b V\u00fdhodn\u00fd\"}]},{\"@type\":\"WebSite\",\"@id\":\"https:\/\/www.domstavpro.com\/#website\",\"url\":\"https:\/\/www.domstavpro.com\/\",\"name\":\"\",\"description\":\"\",\"potentialAction\":[{\"@type\":\"SearchAction\",\"target\":{\"@type\":\"EntryPoint\",\"urlTemplate\":\"https:\/\/www.domstavpro.com\/?s={search_term_string}\"},\"query-input\":{\"@type\":\"PropertyValueSpecification\",\"valueRequired\":true,\"valueName\":\"search_term_string\"}}],\"inLanguage\":\"cs\"}]}<\/script>\n<!-- \/ Yoast SEO plugin. -->","yoast_head_json":{"title":"Reginox Amsterdam 560 Black metalic (silvery) Cenov\u011b V\u00fdhodn\u00fd -","robots":{"index":"index","follow":"follow","max-snippet":"max-snippet:-1","max-image-preview":"max-image-preview:large","max-video-preview":"max-video-preview:-1"},"canonical":"https:\/\/www.domstavpro.com\/index.php\/produkt\/reginox-amsterdam-560-black-metalic-silvery-cenove-vyhodny-15497\/","og_locale":"cs_CZ","og_type":"article","og_title":"Reginox Amsterdam 560 Black metalic (silvery) Cenov\u011b V\u00fdhodn\u00fd -","og_description":"Kvalitn\u00ed granitov\u00fd jednod\u0159ez Amsterdam 560, vyr\u00e1b\u011bn\u00fd holandskou firmou Reginox.&nbsp; Kuchy\u0148sk\u00fd d\u0159ez Reginox Amsterdam 560 pat\u0159\u00ed k velmi obl\u00edben\u00fdm jedno vani\u010dkov\u00fdm d\u0159ez\u016fm v elegantn\u00edm designu. Atraktivn\u00ed vzhled, ide\u00e1ln\u00ed rozm\u011bry p\u0159edur\u010duj\u00ed d\u0159ez do v\u011bt\u0161iny b\u011b\u017en\u00fdch kuchyn\u00ed. D\u0159ez disponuje dostate\u010dn\u011b hlubokou vani\u010dkou, kter\u00e1 poskytne dostatek m\u00edsta pro myt\u00ed velk\u00fdch n\u00e1dob jako jsou pe\u010d\u00edc\u00ed plechy nebo objemn\u00e9 hrnce.&nbsp; V\u00fdhodou [&hellip;]","og_url":"https:\/\/www.domstavpro.com\/index.php\/produkt\/reginox-amsterdam-560-black-metalic-silvery-cenove-vyhodny-15497\/","og_image":[{"width":1000,"height":525,"url":"https:\/\/www.domstavpro.com\/wp-content\/uploads\/2026\/SK0026921-CZ20260425-093449-0-1777080896-reginox-amsterdam-560-black-metalic-silvery.webp","type":"image\/webp"}],"twitter_card":"summary_large_image","twitter_misc":{"Odhadovan\u00e1 doba \u010dten\u00ed":"2 minuty"},"schema":{"@context":"https:\/\/schema.org","@graph":[{"@type":"WebPage","@id":"https:\/\/www.domstavpro.com\/index.php\/produkt\/reginox-amsterdam-560-black-metalic-silvery-cenove-vyhodny-15497\/","url":"https:\/\/www.domstavpro.com\/index.php\/produkt\/reginox-amsterdam-560-black-metalic-silvery-cenove-vyhodny-15497\/","name":"Reginox Amsterdam 560 Black metalic (silvery) Cenov\u011b V\u00fdhodn\u00fd -","isPartOf":{"@id":"https:\/\/www.domstavpro.com\/#website"},"primaryImageOfPage":{"@id":"https:\/\/www.domstavpro.com\/index.php\/produkt\/reginox-amsterdam-560-black-metalic-silvery-cenove-vyhodny-15497\/#primaryimage"},"image":{"@id":"https:\/\/www.domstavpro.com\/index.php\/produkt\/reginox-amsterdam-560-black-metalic-silvery-cenove-vyhodny-15497\/#primaryimage"},"thumbnailUrl":"https:\/\/www.domstavpro.com\/wp-content\/uploads\/2026\/SK0026921-CZ20260425-093449-0-1777080896-reginox-amsterdam-560-black-metalic-silvery.webp","datePublished":"2026-04-27T15:08:29+00:00","breadcrumb":{"@id":"https:\/\/www.domstavpro.com\/index.php\/produkt\/reginox-amsterdam-560-black-metalic-silvery-cenove-vyhodny-15497\/#breadcrumb"},"inLanguage":"cs","potentialAction":[{"@type":"ReadAction","target":["https:\/\/www.domstavpro.com\/index.php\/produkt\/reginox-amsterdam-560-black-metalic-silvery-cenove-vyhodny-15497\/"]}]},{"@type":"ImageObject","inLanguage":"cs","@id":"https:\/\/www.domstavpro.com\/index.php\/produkt\/reginox-amsterdam-560-black-metalic-silvery-cenove-vyhodny-15497\/#primaryimage","url":"https:\/\/www.domstavpro.com\/wp-content\/uploads\/2026\/SK0026921-CZ20260425-093449-0-1777080896-reginox-amsterdam-560-black-metalic-silvery.webp","contentUrl":"https:\/\/www.domstavpro.com\/wp-content\/uploads\/2026\/SK0026921-CZ20260425-093449-0-1777080896-reginox-amsterdam-560-black-metalic-silvery.webp","width":1000,"height":525},{"@type":"BreadcrumbList","@id":"https:\/\/www.domstavpro.com\/index.php\/produkt\/reginox-amsterdam-560-black-metalic-silvery-cenove-vyhodny-15497\/#breadcrumb","itemListElement":[{"@type":"ListItem","position":1,"name":"Home","item":"https:\/\/www.domstavpro.com\/"},{"@type":"ListItem","position":2,"name":"Products","item":"https:\/\/www.domstavpro.com\/index.php\/products\/"},{"@type":"ListItem","position":3,"name":"Reginox Amsterdam 560 Black metalic (silvery) Cenov\u011b V\u00fdhodn\u00fd"}]},{"@type":"WebSite","@id":"https:\/\/www.domstavpro.com\/#website","url":"https:\/\/www.domstavpro.com\/","name":"","description":"","potentialAction":[{"@type":"SearchAction","target":{"@type":"EntryPoint","urlTemplate":"https:\/\/www.domstavpro.com\/?s={search_term_string}"},"query-input":{"@type":"PropertyValueSpecification","valueRequired":true,"valueName":"search_term_string"}}],"inLanguage":"cs"}]}},"_links":{"self":[{"href":"https:\/\/www.domstavpro.com\/index.php\/wp-json\/wp\/v2\/product\/15497","targetHints":{"allow":["GET"]}}],"collection":[{"href":"https:\/\/www.domstavpro.com\/index.php\/wp-json\/wp\/v2\/product"}],"about":[{"href":"https:\/\/www.domstavpro.com\/index.php\/wp-json\/wp\/v2\/types\/product"}],"replies":[{"embeddable":true,"href":"https:\/\/www.domstavpro.com\/index.php\/wp-json\/wp\/v2\/comments?post=15497"}],"wp:featuredmedia":[{"embeddable":true,"href":"https:\/\/www.domstavpro.com\/index.php\/wp-json\/wp\/v2\/media\/15597"}],"wp:attachment":[{"href":"https:\/\/www.domstavpro.com\/index.php\/wp-json\/wp\/v2\/media?parent=15497"}],"wp:term":[{"taxonomy":"product_brand","embeddable":true,"href":"https:\/\/www.domstavpro.com\/index.php\/wp-json\/wp\/v2\/product_brand?post=15497"},{"taxonomy":"product_cat","embeddable":true,"href":"https:\/\/www.domstavpro.com\/index.php\/wp-json\/wp\/v2\/product_cat?post=15497"},{"taxonomy":"product_tag","embeddable":true,"href":"https:\/\/www.domstavpro.com\/index.php\/wp-json\/wp\/v2\/product_tag?post=15497"}],"curies":[{"name":"wp","href":"https:\/\/api.w.org\/{rel}","templated":true}]}}