{"id":15494,"date":"2026-04-27T15:08:29","date_gmt":"2026-04-27T15:08:29","guid":{"rendered":""},"modified":"2026-04-27T15:08:29","modified_gmt":"2026-04-27T15:08:29","slug":"akcni-cena-jet-dryer-airtap-2v1-15494","status":"publish","type":"product","link":"https:\/\/www.domstavpro.com\/index.php\/produkt\/akcni-cena-jet-dryer-airtap-2v1-15494\/","title":{"rendered":"Ak\u010dn\u00ed Cena Jet Dryer AIRTAP 2v1"},"content":{"rendered":"<div id=\"e7311982\" class=\"pages\">\n<div>\n<div id=\"PDDescription\" class=\"UserContentView userContent v1a v1 bs-view dcon dc164 PDDescription\" ><dc-con><dc-con><bs-empty><\/bs-empty><\/dc-con><dc-con>        <\/p>\n<div class=\"customDescription\">                    <\/div>\n<p><\/dc-con><dc-con><\/p>\n<div class=\"rowNewText\">\n<p>Kombinovan\u00e1 automatick\u00e1 baterie a vysou\u0161e\u010d rukou, d\u00edky kter\u00e9 si jednodu\u0161e umyjete a osu\u0161\u00edte ruce na jednom m\u00edst\u011b. Nejsou pot\u0159eba ubrousky, ani dal\u0161\u00ed su\u0161\u00edc\u00ed za\u0159\u00edzen\u00ed, zab\u00edraj\u00edc\u00ed prostor v m\u00edstnosti. Zaji\u0161\u0165uje nejvy\u0161\u0161\u00ed standard hygieny a komfort.<\/p>\n<\/div>\n<div class=\"rowNewText\">\n<h3>Inovativn\u00ed su\u0161en\u00ed rukou<\/h3>\n<\/div>\n<div class=\"rowNewText\">\n<p>D\u00edky zabudovan\u00e9mu vysou\u0161e\u010di rukou Jet Dryer v&nbsp;umyvadlov\u00e9 baterii AIRTAP se u\u017e nemus\u00edte po umyt\u00ed rukou p\u0159esouvat k&nbsp;vysou\u0161e\u010di pop\u0159 si ut\u00edrat ruce pap\u00edrov\u00fdmi ubrousky. Sv\u00e9 ruce si pohodln\u011b umyjete a vysu\u0161\u00edte b\u011bhem 10-15 vte\u0159in na jednom m\u00edst\u011b \u2013 p\u0159\u00edmo v&nbsp;umyvadle.<\/p>\n<\/div>\n<div class=\"rowNewText\">\n<p>Baterie disponuje bo\u010dn\u00edmi rameny s&nbsp;pod\u00e9ln\u00fdmi tryskami, kter\u00e9 st\u00edraj\u00ed vodu z&nbsp;rukou proudem vzduchu rovnou do umyvadla. Podlaha, tak z\u016fst\u00e1v\u00e1 such\u00e1 a maxim\u00e1ln\u011b bezpe\u010dn\u00e1.<\/p>\n<\/div>\n<div class=\"rowNewText\">\n<h3>Snadn\u00e9 a hygienick\u00e9 pou\u017eit\u00ed<\/h3>\n<\/div>\n<div class=\"rowNewText\">\n<p>Hygienick\u00e9 myt\u00ed a su\u0161en\u00ed rukou \u2013 jednoduch\u00e9, rychl\u00e9 a pohodln\u00e9. Sv\u00e9 ruce jednodu\u0161e vlo\u017e\u00edte doprost\u0159ed pod vodovodn\u00ed baterii, automaticky za\u010dne t\u00e9ct voda o p\u0159edem nastaven\u00e9 teplot\u011b. Po stran\u00e1ch baterie se nach\u00e1z\u00ed dv\u011b trysky vysou\u0161e\u010de. Spu\u0161t\u011bn\u00ed vysou\u0161e\u010de je rovn\u011b\u017e bezkontaktn\u00ed, sta\u010d\u00ed pod trysky vsunout ruce a dle pot\u0159eby je osu\u0161it.&nbsp;&nbsp;<\/p>\n<\/div>\n<div class=\"rowNewText\">\n<h3>Odoln\u00fd a kompaktn\u00ed<\/h3>\n<\/div>\n<div class=\"rowNewText\">\n<p>\u00da\u010dinn\u00e9 vysokorychlostn\u00ed su\u0161en\u00ed rukou ve spojen\u00ed dvou za\u0159\u00edzen\u00ed do jednoho, jako nejkomfortn\u011bj\u0161\u00ed \u0159e\u0161en\u00ed.&nbsp;T\u011blo baterie je byteln\u00e9 a vyrobeno z&nbsp;chromovan\u00e9 oceli. Jednotka vysou\u0161e\u010de je bezpe\u010dn\u011b skryta pod umyvadlem, a tak i chr\u00e1n\u011bn\u00e1 proti p\u0159\u00edpadn\u00fdm vandal\u016fm. Kombinovan\u00e1 baterie s&nbsp;vysou\u0161e\u010dem, \u0161et\u0159\u00ed m\u00edsto na toalet\u00e1ch. Provoz na toalet\u00e1ch je rychlej\u0161\u00ed, bez prodlev a \u010dek\u00e1n\u00ed, proto\u017ee ka\u017ed\u00e9 umyvadlo disponuje vlastn\u00edm vysou\u0161e\u010dem.<\/p>\n<\/div>\n<div class=\"rowNewText\">\n<h3>Hepa filtrace<\/h3>\n<\/div>\n<div class=\"rowNewText\">\n<p>Vysou\u0161e\u010d Jet Dryer AIRTAP je vybaven Hepa filtrem (H13), kter\u00fd zaji\u0161\u0165uje nejvy\u0161\u0161\u00ed stupe\u0148 hygieny. Vzduch proch\u00e1zej\u00edc\u00ed vysou\u0161e\u010dem je pro\u010di\u0161\u0165ov\u00e1n filtrem se zachycen\u00edm a\u017e 99.9 % bakteri\u00ed a vir\u016f.<\/p>\n<\/div>\n<div class=\"rowNewText\">\n<h3>Automatick\u00fd oh\u0159ev vzduchu<\/h3>\n<\/div>\n<div class=\"rowNewText\">\n<p>V p\u0159\u00edpad\u011b, \u017ee je teplota na toalet\u00e1ch n\u00edzk\u00e1, Jet Dryer AIRTAP&nbsp;automaticky zapne oh\u0159ev vzduchu.<\/p>\n<\/div>\n<div class=\"rowNewText\">\n<h3>\u010cist\u00e1 a bezpe\u010dn\u00e1 podlaha<\/h3>\n<\/div>\n<div class=\"rowNewText\">\n<p>Ruce jsou osou\u0161eny rovnou v&nbsp;umyvadle, tak\u017ee podlaha z\u016fst\u00e1v\u00e1 st\u00e1le such\u00e1, (bez kapek nebo kalu\u017e\u00ed jako pod n\u00e1st\u011bnn\u00fdmi vysou\u0161e\u010di), nehroz\u00ed tak uklouznut\u00ed a p\u0159\u00edpadn\u00e9 zran\u011bn\u00ed. Odpad\u00e1 starost s&nbsp;vyn\u00e1\u0161en\u00edm ko\u0161\u016f, eliminuje se pou\u017e\u00edv\u00e1n\u00ed pap\u00edrov\u00fdch ut\u011brek a ubrousk\u016f.<\/p>\n<\/div>\n<div class=\"rowNewText\">\n<h3>Bezpe\u010dn\u00fd provoz<\/h3>\n<\/div>\n<div class=\"rowNewText\">\n<p>Vysou\u0161e\u010d Jet Dryer AIRTAP je krom\u011b ochrany proti zkratu a p\u0159et\u00ed\u017een\u00ed vybaven tak\u00e9 funkc\u00ed auto stop (zabudovan\u00fd \u010dasova\u010d). V p\u0159\u00edpad\u011b p\u0159\u00edli\u0161 dlouh\u00e9ho provozu se automaticky vypne. Vysou\u0161en\u00ed je vypnuto po 45 sekund\u00e1ch nep\u0159etr\u017eit\u00e9ho provozu, vodovodn\u00ed baterie po 60 sekund\u00e1ch provozu.<\/p>\n<\/div>\n<div class=\"rowNewText\">\n<h3>Nastaviteln\u00e1 teplota vody<\/h3>\n<\/div>\n<div class=\"rowNewText\">\n<p>P\u0159esnou teplotu vody z&nbsp;baterie zaji\u0161\u0165uje zabudovan\u00fd termostatick\u00fd sm\u011b\u0161ovac\u00ed ventil. Pomoc\u00ed oto\u010dn\u00e9 hlavice regulace na lev\u00e9m boku motorov\u00e9 jednotky lze jednodu\u0161e nastavit po\u017eadovanou v\u00fdstupn\u00ed teplotu. S automatick\u00fdm sm\u011b\u0161ovac\u00edm ventilem je tak udr\u017eov\u00e1na konstantn\u00ed teplota vody, bez ohledu na p\u0159\u00edpadn\u00e9 teplotn\u00ed v\u00fdkyvy ve vodovodn\u00edm \u0159\u00e1du.&nbsp;&nbsp;<\/p>\n<\/div>\n<div class=\"rowNewText\">\n<h3>Jednoduch\u00e1 mont\u00e1\u017e<\/h3>\n<\/div>\n<div class=\"rowNewText\">\n<p>Instalace a mont\u00e1\u017e baterie nevy\u017eaduje nutnost stavebn\u00edch \u00faprav. Jednotka vysou\u0161e\u010de se jednodu\u0161e p\u0159ipevn\u00ed na ze\u010f pod umyvadlo nebo do umyvadlov\u00e9 sk\u0159\u00ed\u0148ky.<\/p>\n<\/div>\n<div class=\"rowNewText\">\n<h2>Upozorn\u011bn\u00ed:<\/h2>\n<\/div>\n<div class=\"rowNewText\">\n<p>Vysou\u0161e\u010d v baterii&nbsp; Jet Dryer AIRTAP 2v1 &#8211; hranat\u00e1 nen\u00ed vhodn\u00fd pro instalaci do nerezov\u00fdch umyvadel. M\u016f\u017ee doch\u00e1zet k odlesk\u016fm a k samospou\u0161t\u011bn\u00ed baterie.&nbsp;<\/p>\n<\/div>\n<div class=\"rowNewText\">\n<p>Pro spr\u00e1vnou funkci senzoru je baterie ur\u010dena pouze pro umyvadla s minim\u00e1ln\u00edm vnit\u0159n\u00edm rozm\u011brem 350 \u00d7 300 mm (\u0161\u00ed\u0159ka \u00d7 hloubka) a minim\u00e1ln\u00ed vnit\u0159n\u00ed hloubkou 100 mm. V\u00edce informac\u00ed najdete v n\u00e1vodu.<\/p>\n<\/div>\n<p><\/dc-con><\/dc-con><\/div>\n<div id=\"PDDescription2\" class=\"UserContentView userContent v1a v1 bs-view dcon dc165 PDDescription2\" >\n<table class='techparam_table'>\n<tr>\n<td>Model<\/td>\n<td>Jet Dryer Air Tap &#8211; hranat\u00e1<\/td>\n<\/tr>\n<tr>\n<td>Pou\u017eit\u00ed<\/td>\n<td>Reprezentativn\u00ed um\u00fdv\u00e1rny a koupelny, frekventovan\u00e9 provozy, m\u00edsta limitovan\u00e9 prostorem<\/td>\n<\/tr>\n<tr>\n<td>Zp\u016fsob upevn\u011bn\u00ed jednotky<\/td>\n<td>Postaven\u00ed pod umyvadlo\/ n\u00e1st\u011bnn\u00e1<\/td>\n<\/tr>\n<tr>\n<td>Hlu\u010dnost &#8211; hladina zvuku<\/td>\n<td>75 dB<\/td>\n<\/tr>\n<tr>\n<td>Materi\u00e1l t\u011bla baterie<\/td>\n<td>Nerezov\u00e1 ocel<\/td>\n<\/tr>\n<tr>\n<td>Povrchov\u00e1 \u00faprava- barevn\u00e9 proveden\u00ed<\/td>\n<td>Chrom leskl\u00fd<\/td>\n<\/tr>\n<tr>\n<td>Ovl\u00e1dac\u00ed prvky<\/td>\n<td>Teplota vody mixovac\u00edm ventilem<\/td>\n<\/tr>\n<tr>\n<td>Indikace stavu<\/td>\n<td>Ne<\/td>\n<\/tr>\n<tr>\n<td>Spou\u0161t\u011bc\u00ed syst\u00e9m (zap\u00edn\u00e1n\u00ed, ovl\u00e1d\u00e1n\u00ed)<\/td>\n<td>Automatick\u00fd- infra\u010derven\u00fd senzor<\/td>\n<\/tr>\n<tr>\n<td>Oh\u0159ev vzduchu<\/td>\n<td>Automatick\u00fd dle okoln\u00ed teploty (pod 25\u2103)<\/td>\n<\/tr>\n<tr>\n<td>Zm\u011bna rychlosti motoru\/ proudu vzduchu<\/td>\n<td>1 rychlost<\/td>\n<\/tr>\n<tr>\n<td>Proud vzduchu<\/td>\n<td>95 m\/s<\/td>\n<\/tr>\n<tr>\n<td>Provozn\u00ed teplota<\/td>\n<td>5-65\u2103<\/td>\n<\/tr>\n<tr>\n<td>Standardn\u00ed filtr vzduchu<\/td>\n<td>Ne<\/td>\n<\/tr>\n<tr>\n<td>HEPA filtr<\/td>\n<td>Ano<\/td>\n<\/tr>\n<tr>\n<td>T\u0159\u00edda HEPA filtru<\/td>\n<td>H13<\/td>\n<\/tr>\n<tr>\n<td>Vstupn\u00ed nap\u011bt\u00ed <\/td>\n<td>220-240 V<\/td>\n<\/tr>\n<tr>\n<td>Frekvence<\/td>\n<td>50\/60 Hz<\/td>\n<\/tr>\n<tr>\n<td>P\u0159\u00edkon<\/td>\n<td>1 200 W<\/td>\n<\/tr>\n<tr>\n<td>V\u00fdkon topn\u00e9ho t\u011blesa<\/td>\n<td>bez oh\u0159evu vzduchu<\/td>\n<\/tr>\n<tr>\n<td>V\u00fdkon Motoru<\/td>\n<td>700 W<\/td>\n<\/tr>\n<tr>\n<td>Typ motoru<\/td>\n<td>DC bezuhl\u00edkov\u00fd motor<\/td>\n<\/tr>\n<tr>\n<td>Proudov\u00fd odb\u011br<\/td>\n<td>5,5 A<\/td>\n<\/tr>\n<tr>\n<td>Pohotovostn\u00ed re\u017eim &#8211; standby<\/td>\n<td>< 2 W<\/td>\n<\/tr>\n<tr>\n<td>Nap\u00e1jec\u00ed kabel<\/td>\n<td>Z\u00e1str\u010dka CEE 7\/7<\/td>\n<\/tr>\n<tr>\n<td>Ochrana p\u0159ed p\u0159\u00edli\u0161 dlouh\u00fdm pou\u017eit\u00edm<\/td>\n<td>ano, max. 30 s<\/td>\n<\/tr>\n<tr>\n<td>Nadproudov\u00e1 ochrana, proti p\u0159eh\u0159\u00e1t\u00ed a zkratu<\/td>\n<td>Ano<\/td>\n<\/tr>\n<tr>\n<td>T\u0159\u00edda el. ochrany<\/td>\n<td>II. (zes\u00edlen\u00e1 izolace)<\/td>\n<\/tr>\n<tr>\n<td>Stupe\u0148 kryt\u00ed<\/td>\n<td>IP24<\/td>\n<\/tr>\n<tr>\n<td>Z\u00e1ruka<\/td>\n<td>3 roky<\/td>\n<\/tr>\n<tr>\n<td>Sp\u00ednac\u00ed vzd\u00e1lenost<\/td>\n<td>8-12 cm<\/td>\n<\/tr>\n<tr>\n<td>Vhodn\u00e1 teplota vody<\/td>\n<td>0-80 \u00b0C<\/td>\n<\/tr>\n<tr>\n<td>Materi\u00e1l krytu jednotky<\/td>\n<td>B\u00edl\u00fd ABS plast<\/td>\n<\/tr>\n<tr>\n<td>D\u00e9lka nap\u00e1jec\u00edho kabelu<\/td>\n<td>75 cm<\/td>\n<\/tr>\n<tr>\n<td>Rozm\u011bry t\u011bla baterie<\/td>\n<td>141 x 260 x 175 mm (v\/\u0161\/h)<\/td>\n<\/tr>\n<tr>\n<td>Zp\u016fsob upevn\u011bn\u00ed baterie<\/td>\n<td>Do otvoru umyvadla<\/td>\n<\/tr>\n<tr>\n<td>Rozm\u011bry balen\u00ed <\/td>\n<td>325x530x255 mm (v\/\u0161\/h)<\/td>\n<\/tr>\n<tr>\n<td>Rozm\u011bry jednotky\t<\/td>\n<td>315x216x191 mm (v\/\u0161\/h)<\/td>\n<\/tr>\n<tr>\n<td>Hmotnost jednotky<\/td>\n<td>5,7 kg<\/td>\n<\/tr>\n<tr>\n<td>V\u00e1ha v\u010d. obalu (kg)<\/td>\n<td>7,5<\/td>\n<\/tr>\n<tr>\n<td>\u0160\u00ed\u0159ka obalu (cm)<\/td>\n<td>53<\/td>\n<\/tr>\n<tr>\n<td>V\u00fd\u0161ka obalu (cm)<\/td>\n<td>32,5<\/td>\n<\/tr>\n<tr>\n<td>Hloubka obalu (cm)<\/td>\n<td>25,5<\/td>\n<\/tr>\n<tr>\n<td>Zp\u016fsob balen\u00ed<\/td>\n<td>Ochrann\u00e1 f\u00f3lie, polystyr\u00e9nov\u00fd obal, kartonov\u00fd box<\/td>\n<\/tr>\n<tr>\n<td>K\u00f3d zbo\u017e\u00ed TARIC<\/td>\n<td>85163300<\/td>\n<\/tr>\n<tr>\n<td>Materi\u00e1l krytu<\/td>\n<td>Nerezov\u00e1 ocel<\/td>\n<\/tr>\n<tr>\n<td>Typ<\/td>\n<td>V baterii<\/td>\n<\/tr>\n<tr>\n<td>Pr\u016ftok vody<\/td>\n<td>a\u017e 7 l\/min. p\u0159i tlaku 0,4 mpa<\/td>\n<\/tr>\n<tr>\n<td>Provozn\u00ed tlak vody<\/td>\n<td>0,1-0,8 mpa<\/td>\n<\/tr>\n<\/table>\n<\/div><\/div>\n<div id=\"PDTable3\" class=\"ProductDetailTableView v3a v3 bs-view dcon dc185 PDTable3\" >\n<table>\n<thead><\/thead>\n<tbody>\n<tr class=\"attribute attr_Pouziti\">\n<td class=\"caption\">Pou\u017eit\u00ed<\/td>\n<td class=\"value\">Reprezentativn\u00ed um\u00fdv\u00e1rny a koupelny, frekventovan\u00e9 provozy, m\u00edsta limitovan\u00e9 prostorem<\/td>\n<\/tr>\n<tr class=\"attribute attr_bsshop_maker\">\n<td class=\"caption\">V\u00fdrobce<\/td>\n<td class=\"value\">Jet Dryer<\/td>\n<\/tr>\n<tr class=\"attribute attr_prikon\">\n<td class=\"caption\">P\u0159\u00edkon &#8211; kW<\/td>\n<td class=\"value\">1200<\/td>\n<\/tr>\n<\/tbody>\n<\/table>\n<\/div>\n<div id=\"ProductMedia\" class=\"ProductMediaView MediaViewBase v1a v1 bs-view dcon dc409 ProductMedia\" ><bs-empty><\/bs-empty><\/p>\n<div class=\"files\">\n<div class=\"title sub\">Soubory<\/div>\n<p><a href=\"\/media\/15231\/navod-jet-dryer-airtap-cz.pdf?&amp;key=ZGpmIyQwNUZfMTUyMzE=\" class=\"pdf\">Navod-Jet-Dryer-AIRTAP-CZ.pdf<\/a><a href=\"\/media\/15232\/technicky-list-jet-dryer-airtap.pdf?&amp;key=ZGpmIyQwNUZfMTUyMzI=\" class=\"pdf\">Technicky-list-Jet-Dryer-AIRTAP.pdf<\/a><\/div>\n<p><bs-empty><\/bs-empty><\/div>\n<\/div>\n<div id=\"e7311983\" class=\"tabs\">\n","protected":false},"excerpt":{"rendered":"<p>Kombinovan\u00e1 automatick\u00e1 baterie a vysou\u0161e\u010d rukou, d\u00edky kter\u00e9 si jednodu\u0161e umyjete a osu\u0161\u00edte ruce na jednom m\u00edst\u011b. Nejsou pot\u0159eba ubrousky, ani dal\u0161\u00ed su\u0161\u00edc\u00ed za\u0159\u00edzen\u00ed, zab\u00edraj\u00edc\u00ed prostor v m\u00edstnosti. Zaji\u0161\u0165uje nejvy\u0161\u0161\u00ed standard hygieny a komfort. Inovativn\u00ed su\u0161en\u00ed rukou D\u00edky zabudovan\u00e9mu vysou\u0161e\u010di rukou Jet Dryer v&nbsp;umyvadlov\u00e9 baterii AIRTAP se u\u017e nemus\u00edte po umyt\u00ed rukou p\u0159esouvat k&nbsp;vysou\u0161e\u010di pop\u0159 [&hellip;]<\/p>\n","protected":false},"featured_media":15594,"comment_status":"open","ping_status":"open","template":"","meta":[],"product_brand":[],"product_cat":[61],"product_tag":[],"class_list":{"0":"post-15494","1":"product","2":"type-product","3":"status-publish","4":"has-post-thumbnail","6":"product_cat-vybaven-237-koupelny","8":"first","9":"instock","10":"sale","11":"shipping-taxable","12":"purchasable","13":"product-type-simple"},"yoast_head":"<!-- This site is optimized with the Yoast SEO plugin v26.8 - https:\/\/yoast.com\/product\/yoast-seo-wordpress\/ -->\n<title>Ak\u010dn\u00ed Cena Jet Dryer AIRTAP 2v1 -<\/title>\n<meta name=\"robots\" content=\"index, follow, max-snippet:-1, max-image-preview:large, max-video-preview:-1\" \/>\n<link rel=\"canonical\" href=\"https:\/\/www.domstavpro.com\/index.php\/produkt\/akcni-cena-jet-dryer-airtap-2v1-15494\/\" \/>\n<meta property=\"og:locale\" content=\"cs_CZ\" \/>\n<meta property=\"og:type\" content=\"article\" \/>\n<meta property=\"og:title\" content=\"Ak\u010dn\u00ed Cena Jet Dryer AIRTAP 2v1 -\" \/>\n<meta property=\"og:description\" content=\"Kombinovan\u00e1 automatick\u00e1 baterie a vysou\u0161e\u010d rukou, d\u00edky kter\u00e9 si jednodu\u0161e umyjete a osu\u0161\u00edte ruce na jednom m\u00edst\u011b. Nejsou pot\u0159eba ubrousky, ani dal\u0161\u00ed su\u0161\u00edc\u00ed za\u0159\u00edzen\u00ed, zab\u00edraj\u00edc\u00ed prostor v m\u00edstnosti. Zaji\u0161\u0165uje nejvy\u0161\u0161\u00ed standard hygieny a komfort. Inovativn\u00ed su\u0161en\u00ed rukou D\u00edky zabudovan\u00e9mu vysou\u0161e\u010di rukou Jet Dryer v&nbsp;umyvadlov\u00e9 baterii AIRTAP se u\u017e nemus\u00edte po umyt\u00ed rukou p\u0159esouvat k&nbsp;vysou\u0161e\u010di pop\u0159 [&hellip;]\" \/>\n<meta property=\"og:url\" content=\"https:\/\/www.domstavpro.com\/index.php\/produkt\/akcni-cena-jet-dryer-airtap-2v1-15494\/\" \/>\n<meta property=\"og:image\" content=\"https:\/\/www.domstavpro.com\/wp-content\/uploads\/2026\/SK0026918-CZ20260425-093449-0-1777080896-jet-dryer-airtap-2v1.webp\" \/>\n\t<meta property=\"og:image:width\" content=\"1000\" \/>\n\t<meta property=\"og:image:height\" content=\"525\" \/>\n\t<meta property=\"og:image:type\" content=\"image\/webp\" \/>\n<meta name=\"twitter:card\" content=\"summary_large_image\" \/>\n<meta name=\"twitter:label1\" content=\"Odhadovan\u00e1 doba \u010dten\u00ed\" \/>\n\t<meta name=\"twitter:data1\" content=\"5 minut\" \/>\n<script type=\"application\/ld+json\" class=\"yoast-schema-graph\">{\"@context\":\"https:\/\/schema.org\",\"@graph\":[{\"@type\":\"WebPage\",\"@id\":\"https:\/\/www.domstavpro.com\/index.php\/produkt\/akcni-cena-jet-dryer-airtap-2v1-15494\/\",\"url\":\"https:\/\/www.domstavpro.com\/index.php\/produkt\/akcni-cena-jet-dryer-airtap-2v1-15494\/\",\"name\":\"Ak\u010dn\u00ed Cena Jet Dryer AIRTAP 2v1 -\",\"isPartOf\":{\"@id\":\"https:\/\/www.domstavpro.com\/#website\"},\"primaryImageOfPage\":{\"@id\":\"https:\/\/www.domstavpro.com\/index.php\/produkt\/akcni-cena-jet-dryer-airtap-2v1-15494\/#primaryimage\"},\"image\":{\"@id\":\"https:\/\/www.domstavpro.com\/index.php\/produkt\/akcni-cena-jet-dryer-airtap-2v1-15494\/#primaryimage\"},\"thumbnailUrl\":\"https:\/\/www.domstavpro.com\/wp-content\/uploads\/2026\/SK0026918-CZ20260425-093449-0-1777080896-jet-dryer-airtap-2v1.webp\",\"datePublished\":\"2026-04-27T15:08:29+00:00\",\"breadcrumb\":{\"@id\":\"https:\/\/www.domstavpro.com\/index.php\/produkt\/akcni-cena-jet-dryer-airtap-2v1-15494\/#breadcrumb\"},\"inLanguage\":\"cs\",\"potentialAction\":[{\"@type\":\"ReadAction\",\"target\":[\"https:\/\/www.domstavpro.com\/index.php\/produkt\/akcni-cena-jet-dryer-airtap-2v1-15494\/\"]}]},{\"@type\":\"ImageObject\",\"inLanguage\":\"cs\",\"@id\":\"https:\/\/www.domstavpro.com\/index.php\/produkt\/akcni-cena-jet-dryer-airtap-2v1-15494\/#primaryimage\",\"url\":\"https:\/\/www.domstavpro.com\/wp-content\/uploads\/2026\/SK0026918-CZ20260425-093449-0-1777080896-jet-dryer-airtap-2v1.webp\",\"contentUrl\":\"https:\/\/www.domstavpro.com\/wp-content\/uploads\/2026\/SK0026918-CZ20260425-093449-0-1777080896-jet-dryer-airtap-2v1.webp\",\"width\":1000,\"height\":525},{\"@type\":\"BreadcrumbList\",\"@id\":\"https:\/\/www.domstavpro.com\/index.php\/produkt\/akcni-cena-jet-dryer-airtap-2v1-15494\/#breadcrumb\",\"itemListElement\":[{\"@type\":\"ListItem\",\"position\":1,\"name\":\"Home\",\"item\":\"https:\/\/www.domstavpro.com\/\"},{\"@type\":\"ListItem\",\"position\":2,\"name\":\"Products\",\"item\":\"https:\/\/www.domstavpro.com\/index.php\/products\/\"},{\"@type\":\"ListItem\",\"position\":3,\"name\":\"Ak\u010dn\u00ed Cena Jet Dryer AIRTAP 2v1\"}]},{\"@type\":\"WebSite\",\"@id\":\"https:\/\/www.domstavpro.com\/#website\",\"url\":\"https:\/\/www.domstavpro.com\/\",\"name\":\"\",\"description\":\"\",\"potentialAction\":[{\"@type\":\"SearchAction\",\"target\":{\"@type\":\"EntryPoint\",\"urlTemplate\":\"https:\/\/www.domstavpro.com\/?s={search_term_string}\"},\"query-input\":{\"@type\":\"PropertyValueSpecification\",\"valueRequired\":true,\"valueName\":\"search_term_string\"}}],\"inLanguage\":\"cs\"}]}<\/script>\n<!-- \/ Yoast SEO plugin. -->","yoast_head_json":{"title":"Ak\u010dn\u00ed Cena Jet Dryer AIRTAP 2v1 -","robots":{"index":"index","follow":"follow","max-snippet":"max-snippet:-1","max-image-preview":"max-image-preview:large","max-video-preview":"max-video-preview:-1"},"canonical":"https:\/\/www.domstavpro.com\/index.php\/produkt\/akcni-cena-jet-dryer-airtap-2v1-15494\/","og_locale":"cs_CZ","og_type":"article","og_title":"Ak\u010dn\u00ed Cena Jet Dryer AIRTAP 2v1 -","og_description":"Kombinovan\u00e1 automatick\u00e1 baterie a vysou\u0161e\u010d rukou, d\u00edky kter\u00e9 si jednodu\u0161e umyjete a osu\u0161\u00edte ruce na jednom m\u00edst\u011b. Nejsou pot\u0159eba ubrousky, ani dal\u0161\u00ed su\u0161\u00edc\u00ed za\u0159\u00edzen\u00ed, zab\u00edraj\u00edc\u00ed prostor v m\u00edstnosti. Zaji\u0161\u0165uje nejvy\u0161\u0161\u00ed standard hygieny a komfort. Inovativn\u00ed su\u0161en\u00ed rukou D\u00edky zabudovan\u00e9mu vysou\u0161e\u010di rukou Jet Dryer v&nbsp;umyvadlov\u00e9 baterii AIRTAP se u\u017e nemus\u00edte po umyt\u00ed rukou p\u0159esouvat k&nbsp;vysou\u0161e\u010di pop\u0159 [&hellip;]","og_url":"https:\/\/www.domstavpro.com\/index.php\/produkt\/akcni-cena-jet-dryer-airtap-2v1-15494\/","og_image":[{"width":1000,"height":525,"url":"https:\/\/www.domstavpro.com\/wp-content\/uploads\/2026\/SK0026918-CZ20260425-093449-0-1777080896-jet-dryer-airtap-2v1.webp","type":"image\/webp"}],"twitter_card":"summary_large_image","twitter_misc":{"Odhadovan\u00e1 doba \u010dten\u00ed":"5 minut"},"schema":{"@context":"https:\/\/schema.org","@graph":[{"@type":"WebPage","@id":"https:\/\/www.domstavpro.com\/index.php\/produkt\/akcni-cena-jet-dryer-airtap-2v1-15494\/","url":"https:\/\/www.domstavpro.com\/index.php\/produkt\/akcni-cena-jet-dryer-airtap-2v1-15494\/","name":"Ak\u010dn\u00ed Cena Jet Dryer AIRTAP 2v1 -","isPartOf":{"@id":"https:\/\/www.domstavpro.com\/#website"},"primaryImageOfPage":{"@id":"https:\/\/www.domstavpro.com\/index.php\/produkt\/akcni-cena-jet-dryer-airtap-2v1-15494\/#primaryimage"},"image":{"@id":"https:\/\/www.domstavpro.com\/index.php\/produkt\/akcni-cena-jet-dryer-airtap-2v1-15494\/#primaryimage"},"thumbnailUrl":"https:\/\/www.domstavpro.com\/wp-content\/uploads\/2026\/SK0026918-CZ20260425-093449-0-1777080896-jet-dryer-airtap-2v1.webp","datePublished":"2026-04-27T15:08:29+00:00","breadcrumb":{"@id":"https:\/\/www.domstavpro.com\/index.php\/produkt\/akcni-cena-jet-dryer-airtap-2v1-15494\/#breadcrumb"},"inLanguage":"cs","potentialAction":[{"@type":"ReadAction","target":["https:\/\/www.domstavpro.com\/index.php\/produkt\/akcni-cena-jet-dryer-airtap-2v1-15494\/"]}]},{"@type":"ImageObject","inLanguage":"cs","@id":"https:\/\/www.domstavpro.com\/index.php\/produkt\/akcni-cena-jet-dryer-airtap-2v1-15494\/#primaryimage","url":"https:\/\/www.domstavpro.com\/wp-content\/uploads\/2026\/SK0026918-CZ20260425-093449-0-1777080896-jet-dryer-airtap-2v1.webp","contentUrl":"https:\/\/www.domstavpro.com\/wp-content\/uploads\/2026\/SK0026918-CZ20260425-093449-0-1777080896-jet-dryer-airtap-2v1.webp","width":1000,"height":525},{"@type":"BreadcrumbList","@id":"https:\/\/www.domstavpro.com\/index.php\/produkt\/akcni-cena-jet-dryer-airtap-2v1-15494\/#breadcrumb","itemListElement":[{"@type":"ListItem","position":1,"name":"Home","item":"https:\/\/www.domstavpro.com\/"},{"@type":"ListItem","position":2,"name":"Products","item":"https:\/\/www.domstavpro.com\/index.php\/products\/"},{"@type":"ListItem","position":3,"name":"Ak\u010dn\u00ed Cena Jet Dryer AIRTAP 2v1"}]},{"@type":"WebSite","@id":"https:\/\/www.domstavpro.com\/#website","url":"https:\/\/www.domstavpro.com\/","name":"","description":"","potentialAction":[{"@type":"SearchAction","target":{"@type":"EntryPoint","urlTemplate":"https:\/\/www.domstavpro.com\/?s={search_term_string}"},"query-input":{"@type":"PropertyValueSpecification","valueRequired":true,"valueName":"search_term_string"}}],"inLanguage":"cs"}]}},"_links":{"self":[{"href":"https:\/\/www.domstavpro.com\/index.php\/wp-json\/wp\/v2\/product\/15494","targetHints":{"allow":["GET"]}}],"collection":[{"href":"https:\/\/www.domstavpro.com\/index.php\/wp-json\/wp\/v2\/product"}],"about":[{"href":"https:\/\/www.domstavpro.com\/index.php\/wp-json\/wp\/v2\/types\/product"}],"replies":[{"embeddable":true,"href":"https:\/\/www.domstavpro.com\/index.php\/wp-json\/wp\/v2\/comments?post=15494"}],"wp:featuredmedia":[{"embeddable":true,"href":"https:\/\/www.domstavpro.com\/index.php\/wp-json\/wp\/v2\/media\/15594"}],"wp:attachment":[{"href":"https:\/\/www.domstavpro.com\/index.php\/wp-json\/wp\/v2\/media?parent=15494"}],"wp:term":[{"taxonomy":"product_brand","embeddable":true,"href":"https:\/\/www.domstavpro.com\/index.php\/wp-json\/wp\/v2\/product_brand?post=15494"},{"taxonomy":"product_cat","embeddable":true,"href":"https:\/\/www.domstavpro.com\/index.php\/wp-json\/wp\/v2\/product_cat?post=15494"},{"taxonomy":"product_tag","embeddable":true,"href":"https:\/\/www.domstavpro.com\/index.php\/wp-json\/wp\/v2\/product_tag?post=15494"}],"curies":[{"name":"wp","href":"https:\/\/api.w.org\/{rel}","templated":true}]}}