{"id":15345,"date":"2026-04-27T15:08:29","date_gmt":"2026-04-27T15:08:29","guid":{"rendered":""},"modified":"2026-04-27T15:08:29","modified_gmt":"2026-04-27T15:08:29","slug":"bgs-prenosny-box-na-naradi-plast-vcetne-naradi-66-dilna-must-have-15345","status":"publish","type":"product","link":"https:\/\/www.domstavpro.com\/index.php\/produkt\/bgs-prenosny-box-na-naradi-plast-vcetne-naradi-66-dilna-must-have-15345\/","title":{"rendered":"BGS P\u0159enosn\u00fd box na n\u00e1\u0159ad\u00ed, plast, v\u010detn\u011b n\u00e1\u0159ad\u00ed, 66 d\u00edln\u00e1 Must-Have"},"content":{"rendered":"<div id=\"e7875215\" class=\"pages\">\n<div>\n<div id=\"PDDescription\" class=\"UserContentView userContent v1a v1 bs-view dcon dc164 PDDescription\" ><dc-con><dc-con><bs-empty><\/bs-empty><\/dc-con><dc-con>        <\/p>\n<div class=\"customDescription\">                    <\/div>\n<p><\/dc-con><dc-con><\/p>\n<ul>\n<li>otev\u0159en\u00fd kuf\u0159\u00edk se dv\u011bma velk\u00fdmi samostatn\u00fdmi p\u0159ihr\u00e1dkami pro p\u0159epravu n\u00e1\u0159ad\u00ed a mal\u00fdch d\u00edl\u016f<\/li>\n<li>vhodn\u00fd tak\u00e9 pro tekutiny a plechovky<\/li>\n<li>samostatn\u00e9 perforace, za\u010dlen\u011bn\u00e9 do okraje, pro vkl\u00e1d\u00e1n\u00ed \u0161roubov\u00e1ky<\/li>\n<li>dv\u011b mal\u00e9 \u00falo\u017en\u00e9 p\u0159ihr\u00e1dky vedle rukojeti na \u0161rouby a matice<\/li>\n<li>plastov\u00e1 rukoje\u0165 pro velk\u00e9 zat\u00ed\u017een\u00ed \u2013 s velkorys\u00fdm vybr\u00e1n\u00edm pro snadnou p\u0159epravu<\/li>\n<li>stohovateln\u00e9<\/li>\n<li>s prohlubn\u011bmi na boc\u00edch a ve spodn\u00ed \u010d\u00e1sti pro n\u00e1slednou mont\u00e1\u017e a upevn\u011bn\u00ed 6 p\u0159ep\u00e1\u017eek (BGS 70222 &#8211; nen\u00ed sou\u010d\u00e1st\u00ed dod\u00e1vky) pro jednotliv\u00e9 p\u0159ihr\u00e1dky<\/li>\n<li>vn\u011bj\u0161\u00ed rozm\u011bry: 395 x 290 x 125 mm<\/li>\n<li>v\u00fd\u0161ka v\u010detn\u011b rukojeti: 190 mm<\/li>\n<li>vnit\u0159n\u00ed rozm\u011bry (naho\u0159e): 350 x 260 x 120 mm<\/li>\n<li>jednotliv\u00e9 p\u0159ihr\u00e1dky vnit\u0159n\u00ed rozm\u011bry (naho\u0159e): 350 x 103 x 120 mm<\/li>\n<li>jednotliv\u00e9 p\u0159ihr\u00e1dky vnit\u0159n\u00ed rozm\u011bry (spodn\u00ed plocha): 325 x 78 mm<\/li>\n<\/ul>\n<p><strong>rozsah dod\u00e1vky:<\/strong><\/p>\n<p>< ul><\/p>\n<li>1 kuf\u0159\u00edk na p\u0159en\u00e1\u0161en\u00ed n\u00e1\u0159ad\u00ed, zes\u00edlen\u00fd plast (BGS 70220)<\/li>\n<li>1 sada barevn\u00fdch bit\u016f, 32 ks. (BGS 4816)<\/li>\n<li>1 n\u00e1sada odst\u0159edivky na bity, vnit\u0159n\u00ed \u0161estihran 6,3 mm (1\/4&#8243;), 200 mm (BGS 217)<\/li>\n<li>1 kle\u0161t\u011b na vodn\u00ed pumpu, typ s pouzdrem , 240 mm (BGS 75111)<\/li>\n<li>1 d\u0159ev\u011bn\u00fd skl\u00e1dac\u00ed metr, 2 m (BGS 2053)<\/li>\n<li>1 strojnick\u00e9 kladivo, sklolamin\u00e1tov\u00e1 n\u00e1sada, 300 g (BGS 3852)<\/li>\n<p>< li>1 sada kl\u00ed\u010d\u016f typu L, extra dlouh\u00e1, vnit\u0159n\u00ed \u0161estihran \/ vnit\u0159n\u00ed \u0161estihran s kulovou hlavou 1,5 &#8211; 10 mm, 9 ks (BGS 790)<\/p>\n<li>1 \u0161roubov\u00e1k, dr\u00e1\u017eka SL 4 mm, d\u00e9lka \u010depele 80 mm (BGS 4929)<\/li>\n<li>1 \u0161roubov\u00e1k, dr\u00e1\u017eka SL 5,5 mm, d\u00e9lka \u010depele 125 mm (BGS 4930)<\/li>\n<li>1 \u0161roubov\u00e1k, dr\u00e1\u017eka SL 6,5 mm, d\u00e9lka \u010depele 150 mm (BGS 4931 )<\/li>\n<li>1 \u0161roubov\u00e1k, k\u0159\u00ed\u017eov\u00e1 dr\u00e1\u017eka PH1, d\u00e9lka \u010depele 80 mm (BGS 4935)<\/li>\n<li>1 \u0161roubov\u00e1k k\u0159\u00ed\u017eov\u00e1 dr\u00e1\u017eka PH2, d\u00e9lka \u010depele 100 mm (BGS 4936)<\/li>\n<p>< li>1 hlin\u00edkov\u00e1 vodov\u00e1ha, 300 mm (BGS 3574)<\/p>\n<li>1 bezdr\u00e1tov\u00e1 ohebn\u00e1 lampa, COB-LED, 5 W, s nab\u00edjec\u00edm kabelem USB (BGS 85334)<\/li>\n<li>1 zacvak\u00e1vac\u00ed- vyp\u00ednac\u00ed n\u016f\u017e | \u0161\u00ed\u0159ka \u010depele 18 mm (BGS 7958)<\/li>\n<li>1 kombinovan\u00fd kl\u00ed\u010d, 6 mm (BGS 1056)<\/li>\n<li>1 kombinovan\u00fd kl\u00ed\u010d er, 8 mm (BGS 1058)<\/li>\n<li>1 kombinovan\u00fd kl\u00ed\u010d, 10 mm (BGS 1060)<\/li>\n<li>1 kombinovan\u00fd kl\u00ed\u010d, 12 mm (BGS 1062)<\/li>\n<li>1 o\u010dkov\u00fd kl\u00ed\u010d, 13 mm (BGS 1063)<\/li>\n<li>1 o\u010dkoploch\u00fd kl\u00ed\u010d, 14 mm (BGS 1064)<\/li>\n<li>1 o\u010dkoploch\u00fd kl\u00ed\u010d, 17 mm (BGS 1067)<\/li>\n<li> 1 kombinovan\u00fd kl\u00ed\u010d, 19 mm (BGS 1069)<\/li>\n<li>1 kombinovan\u00e9 kle\u0161t\u011b, 175 mm (BGS 370)<\/li>\n<li>1 \u0161v\u00e9dsk\u00fd diagon\u00e1ln\u00ed bo\u010dn\u00ed n\u016f\u017e, 165 mm (BGS 393)<\/li>\n<li>1 m\u011b\u0159ic\u00ed p\u00e1ska, 19 mm x 5 m (BGS 8394)<\/li>\n<li>1 hlin\u00edkov\u00fd r\u00e1m pily na \u017eelezo, 150 mm (BGS 2083)<\/li>\n<p> <iframe width=\"560\" height=\"315\" src=\"https:\/\/www.youtube.com\/embed\/H8INZDFem9w\" title=\"YouTube video player\" frameborder=\"0\" allow=\"accelerometer; autoplay; clipboard-write; encrypted-media; gyroscope; picture-in-picture; web-share\" allowfullscreen><\/iframe><\/dc-con><\/dc-con><\/div>\n<div id=\"PDDescription2\" class=\"UserContentView userContent v1a v1 bs-view dcon dc165 PDDescription2\" >V\u00dd\u0160KA BALEN\u00cd<\/div>\n<\/p><\/div>\n<div id=\"PDTable3\" class=\"ProductDetailTableView v3a v3 bs-view dcon dc185 PDTable3\" >\n<table>\n<thead><\/thead>\n<tbody>\n<tr class=\"attribute attr_bsshop_maker\">\n<td class=\"caption\">V\u00fdrobce<\/td>\n<td class=\"value\">BGS Technic<\/td>\n<\/tr>\n<\/tbody>\n<\/table>\n<\/div>\n<div id=\"PdProductGpsr\" class=\"ProductGpsrView v1a v1 bs-view dcon dc217 PdProductGpsr\" >\n<div class=\"subject\"><dc-root class=\"dcon dc219\"><span class=\"title\">Zodpov\u011bdn&#253; subjekt:<\/span><dc-con><dc-con><span class=\"company\">BGS technik KG<\/span><span class=\"name\">BGS Technic<\/span><\/dc-con><dc-con><span class=\"street\">Bandwirkerstr. 3<\/span><span class=\"city\">Wermelskirchen<\/span><span class=\"zip\">429 29<\/span><span class=\"country\">N\u011bmecko<\/span><\/dc-con><span class=\"email\">mail@bgs-technic.de<\/span><span class=\"phone\">+49 2196-720480<\/span><bs-empty><\/bs-empty><a href=\"https:\/\/www.bgstechnic.com\/\" class=\"link\" target=\"_blank\">https:\/\/www.bgstechnic.com\/<\/a><\/dc-con><bs-empty><\/bs-empty><\/dc-root><\/div>\n<p><bs-empty><\/bs-empty><\/div>\n<\/div>\n<div id=\"e7875216\" class=\"tabs\">\n","protected":false},"excerpt":{"rendered":"<p>otev\u0159en\u00fd kuf\u0159\u00edk se dv\u011bma velk\u00fdmi samostatn\u00fdmi p\u0159ihr\u00e1dkami pro p\u0159epravu n\u00e1\u0159ad\u00ed a mal\u00fdch d\u00edl\u016f vhodn\u00fd tak\u00e9 pro tekutiny a plechovky samostatn\u00e9 perforace, za\u010dlen\u011bn\u00e9 do okraje, pro vkl\u00e1d\u00e1n\u00ed \u0161roubov\u00e1ky dv\u011b mal\u00e9 \u00falo\u017en\u00e9 p\u0159ihr\u00e1dky vedle rukojeti na \u0161rouby a matice plastov\u00e1 rukoje\u0165 pro velk\u00e9 zat\u00ed\u017een\u00ed \u2013 s velkorys\u00fdm vybr\u00e1n\u00edm pro snadnou p\u0159epravu stohovateln\u00e9 s prohlubn\u011bmi na boc\u00edch a [&hellip;]<\/p>\n","protected":false},"featured_media":15445,"comment_status":"open","ping_status":"open","template":"","meta":[],"product_brand":[],"product_cat":[64],"product_tag":[],"class_list":{"0":"post-15345","1":"product","2":"type-product","3":"status-publish","4":"has-post-thumbnail","6":"product_cat-rucn-237-n-225-rad-237-a-d-237-lna","8":"first","9":"instock","10":"sale","11":"shipping-taxable","12":"purchasable","13":"product-type-simple"},"yoast_head":"<!-- This site is optimized with the Yoast SEO plugin v26.8 - https:\/\/yoast.com\/product\/yoast-seo-wordpress\/ -->\n<title>BGS P\u0159enosn\u00fd box na n\u00e1\u0159ad\u00ed, plast, v\u010detn\u011b n\u00e1\u0159ad\u00ed, 66 d\u00edln\u00e1 Must-Have -<\/title>\n<meta name=\"robots\" content=\"index, follow, max-snippet:-1, max-image-preview:large, max-video-preview:-1\" \/>\n<link rel=\"canonical\" href=\"https:\/\/www.domstavpro.com\/index.php\/produkt\/bgs-prenosny-box-na-naradi-plast-vcetne-naradi-66-dilna-must-have-15345\/\" \/>\n<meta property=\"og:locale\" content=\"cs_CZ\" \/>\n<meta property=\"og:type\" content=\"article\" \/>\n<meta property=\"og:title\" content=\"BGS P\u0159enosn\u00fd box na n\u00e1\u0159ad\u00ed, plast, v\u010detn\u011b n\u00e1\u0159ad\u00ed, 66 d\u00edln\u00e1 Must-Have -\" \/>\n<meta property=\"og:description\" content=\"otev\u0159en\u00fd kuf\u0159\u00edk se dv\u011bma velk\u00fdmi samostatn\u00fdmi p\u0159ihr\u00e1dkami pro p\u0159epravu n\u00e1\u0159ad\u00ed a mal\u00fdch d\u00edl\u016f vhodn\u00fd tak\u00e9 pro tekutiny a plechovky samostatn\u00e9 perforace, za\u010dlen\u011bn\u00e9 do okraje, pro vkl\u00e1d\u00e1n\u00ed \u0161roubov\u00e1ky dv\u011b mal\u00e9 \u00falo\u017en\u00e9 p\u0159ihr\u00e1dky vedle rukojeti na \u0161rouby a matice plastov\u00e1 rukoje\u0165 pro velk\u00e9 zat\u00ed\u017een\u00ed \u2013 s velkorys\u00fdm vybr\u00e1n\u00edm pro snadnou p\u0159epravu stohovateln\u00e9 s prohlubn\u011bmi na boc\u00edch a [&hellip;]\" \/>\n<meta property=\"og:url\" content=\"https:\/\/www.domstavpro.com\/index.php\/produkt\/bgs-prenosny-box-na-naradi-plast-vcetne-naradi-66-dilna-must-have-15345\/\" \/>\n<meta property=\"og:image\" content=\"https:\/\/www.domstavpro.com\/wp-content\/uploads\/2026\/SK0026859-CZ20260425-093449-0-1777080896-bgs-prenosny-box-na-naradi-plast-vcetne-naradi-66-dilna.webp\" \/>\n\t<meta property=\"og:image:width\" content=\"1000\" \/>\n\t<meta property=\"og:image:height\" content=\"525\" \/>\n\t<meta property=\"og:image:type\" content=\"image\/webp\" \/>\n<meta name=\"twitter:card\" content=\"summary_large_image\" \/>\n<meta name=\"twitter:label1\" content=\"Odhadovan\u00e1 doba \u010dten\u00ed\" \/>\n\t<meta name=\"twitter:data1\" content=\"2 minuty\" \/>\n<script type=\"application\/ld+json\" class=\"yoast-schema-graph\">{\"@context\":\"https:\/\/schema.org\",\"@graph\":[{\"@type\":\"WebPage\",\"@id\":\"https:\/\/www.domstavpro.com\/index.php\/produkt\/bgs-prenosny-box-na-naradi-plast-vcetne-naradi-66-dilna-must-have-15345\/\",\"url\":\"https:\/\/www.domstavpro.com\/index.php\/produkt\/bgs-prenosny-box-na-naradi-plast-vcetne-naradi-66-dilna-must-have-15345\/\",\"name\":\"BGS P\u0159enosn\u00fd box na n\u00e1\u0159ad\u00ed, plast, v\u010detn\u011b n\u00e1\u0159ad\u00ed, 66 d\u00edln\u00e1 Must-Have -\",\"isPartOf\":{\"@id\":\"https:\/\/www.domstavpro.com\/#website\"},\"primaryImageOfPage\":{\"@id\":\"https:\/\/www.domstavpro.com\/index.php\/produkt\/bgs-prenosny-box-na-naradi-plast-vcetne-naradi-66-dilna-must-have-15345\/#primaryimage\"},\"image\":{\"@id\":\"https:\/\/www.domstavpro.com\/index.php\/produkt\/bgs-prenosny-box-na-naradi-plast-vcetne-naradi-66-dilna-must-have-15345\/#primaryimage\"},\"thumbnailUrl\":\"https:\/\/www.domstavpro.com\/wp-content\/uploads\/2026\/SK0026859-CZ20260425-093449-0-1777080896-bgs-prenosny-box-na-naradi-plast-vcetne-naradi-66-dilna.webp\",\"datePublished\":\"2026-04-27T15:08:29+00:00\",\"breadcrumb\":{\"@id\":\"https:\/\/www.domstavpro.com\/index.php\/produkt\/bgs-prenosny-box-na-naradi-plast-vcetne-naradi-66-dilna-must-have-15345\/#breadcrumb\"},\"inLanguage\":\"cs\",\"potentialAction\":[{\"@type\":\"ReadAction\",\"target\":[\"https:\/\/www.domstavpro.com\/index.php\/produkt\/bgs-prenosny-box-na-naradi-plast-vcetne-naradi-66-dilna-must-have-15345\/\"]}]},{\"@type\":\"ImageObject\",\"inLanguage\":\"cs\",\"@id\":\"https:\/\/www.domstavpro.com\/index.php\/produkt\/bgs-prenosny-box-na-naradi-plast-vcetne-naradi-66-dilna-must-have-15345\/#primaryimage\",\"url\":\"https:\/\/www.domstavpro.com\/wp-content\/uploads\/2026\/SK0026859-CZ20260425-093449-0-1777080896-bgs-prenosny-box-na-naradi-plast-vcetne-naradi-66-dilna.webp\",\"contentUrl\":\"https:\/\/www.domstavpro.com\/wp-content\/uploads\/2026\/SK0026859-CZ20260425-093449-0-1777080896-bgs-prenosny-box-na-naradi-plast-vcetne-naradi-66-dilna.webp\",\"width\":1000,\"height\":525},{\"@type\":\"BreadcrumbList\",\"@id\":\"https:\/\/www.domstavpro.com\/index.php\/produkt\/bgs-prenosny-box-na-naradi-plast-vcetne-naradi-66-dilna-must-have-15345\/#breadcrumb\",\"itemListElement\":[{\"@type\":\"ListItem\",\"position\":1,\"name\":\"Home\",\"item\":\"https:\/\/www.domstavpro.com\/\"},{\"@type\":\"ListItem\",\"position\":2,\"name\":\"Products\",\"item\":\"https:\/\/www.domstavpro.com\/index.php\/products\/\"},{\"@type\":\"ListItem\",\"position\":3,\"name\":\"BGS P\u0159enosn\u00fd box na n\u00e1\u0159ad\u00ed, plast, v\u010detn\u011b n\u00e1\u0159ad\u00ed, 66 d\u00edln\u00e1 Must-Have\"}]},{\"@type\":\"WebSite\",\"@id\":\"https:\/\/www.domstavpro.com\/#website\",\"url\":\"https:\/\/www.domstavpro.com\/\",\"name\":\"\",\"description\":\"\",\"potentialAction\":[{\"@type\":\"SearchAction\",\"target\":{\"@type\":\"EntryPoint\",\"urlTemplate\":\"https:\/\/www.domstavpro.com\/?s={search_term_string}\"},\"query-input\":{\"@type\":\"PropertyValueSpecification\",\"valueRequired\":true,\"valueName\":\"search_term_string\"}}],\"inLanguage\":\"cs\"}]}<\/script>\n<!-- \/ Yoast SEO plugin. -->","yoast_head_json":{"title":"BGS P\u0159enosn\u00fd box na n\u00e1\u0159ad\u00ed, plast, v\u010detn\u011b n\u00e1\u0159ad\u00ed, 66 d\u00edln\u00e1 Must-Have -","robots":{"index":"index","follow":"follow","max-snippet":"max-snippet:-1","max-image-preview":"max-image-preview:large","max-video-preview":"max-video-preview:-1"},"canonical":"https:\/\/www.domstavpro.com\/index.php\/produkt\/bgs-prenosny-box-na-naradi-plast-vcetne-naradi-66-dilna-must-have-15345\/","og_locale":"cs_CZ","og_type":"article","og_title":"BGS P\u0159enosn\u00fd box na n\u00e1\u0159ad\u00ed, plast, v\u010detn\u011b n\u00e1\u0159ad\u00ed, 66 d\u00edln\u00e1 Must-Have -","og_description":"otev\u0159en\u00fd kuf\u0159\u00edk se dv\u011bma velk\u00fdmi samostatn\u00fdmi p\u0159ihr\u00e1dkami pro p\u0159epravu n\u00e1\u0159ad\u00ed a mal\u00fdch d\u00edl\u016f vhodn\u00fd tak\u00e9 pro tekutiny a plechovky samostatn\u00e9 perforace, za\u010dlen\u011bn\u00e9 do okraje, pro vkl\u00e1d\u00e1n\u00ed \u0161roubov\u00e1ky dv\u011b mal\u00e9 \u00falo\u017en\u00e9 p\u0159ihr\u00e1dky vedle rukojeti na \u0161rouby a matice plastov\u00e1 rukoje\u0165 pro velk\u00e9 zat\u00ed\u017een\u00ed \u2013 s velkorys\u00fdm vybr\u00e1n\u00edm pro snadnou p\u0159epravu stohovateln\u00e9 s prohlubn\u011bmi na boc\u00edch a [&hellip;]","og_url":"https:\/\/www.domstavpro.com\/index.php\/produkt\/bgs-prenosny-box-na-naradi-plast-vcetne-naradi-66-dilna-must-have-15345\/","og_image":[{"width":1000,"height":525,"url":"https:\/\/www.domstavpro.com\/wp-content\/uploads\/2026\/SK0026859-CZ20260425-093449-0-1777080896-bgs-prenosny-box-na-naradi-plast-vcetne-naradi-66-dilna.webp","type":"image\/webp"}],"twitter_card":"summary_large_image","twitter_misc":{"Odhadovan\u00e1 doba \u010dten\u00ed":"2 minuty"},"schema":{"@context":"https:\/\/schema.org","@graph":[{"@type":"WebPage","@id":"https:\/\/www.domstavpro.com\/index.php\/produkt\/bgs-prenosny-box-na-naradi-plast-vcetne-naradi-66-dilna-must-have-15345\/","url":"https:\/\/www.domstavpro.com\/index.php\/produkt\/bgs-prenosny-box-na-naradi-plast-vcetne-naradi-66-dilna-must-have-15345\/","name":"BGS P\u0159enosn\u00fd box na n\u00e1\u0159ad\u00ed, plast, v\u010detn\u011b n\u00e1\u0159ad\u00ed, 66 d\u00edln\u00e1 Must-Have -","isPartOf":{"@id":"https:\/\/www.domstavpro.com\/#website"},"primaryImageOfPage":{"@id":"https:\/\/www.domstavpro.com\/index.php\/produkt\/bgs-prenosny-box-na-naradi-plast-vcetne-naradi-66-dilna-must-have-15345\/#primaryimage"},"image":{"@id":"https:\/\/www.domstavpro.com\/index.php\/produkt\/bgs-prenosny-box-na-naradi-plast-vcetne-naradi-66-dilna-must-have-15345\/#primaryimage"},"thumbnailUrl":"https:\/\/www.domstavpro.com\/wp-content\/uploads\/2026\/SK0026859-CZ20260425-093449-0-1777080896-bgs-prenosny-box-na-naradi-plast-vcetne-naradi-66-dilna.webp","datePublished":"2026-04-27T15:08:29+00:00","breadcrumb":{"@id":"https:\/\/www.domstavpro.com\/index.php\/produkt\/bgs-prenosny-box-na-naradi-plast-vcetne-naradi-66-dilna-must-have-15345\/#breadcrumb"},"inLanguage":"cs","potentialAction":[{"@type":"ReadAction","target":["https:\/\/www.domstavpro.com\/index.php\/produkt\/bgs-prenosny-box-na-naradi-plast-vcetne-naradi-66-dilna-must-have-15345\/"]}]},{"@type":"ImageObject","inLanguage":"cs","@id":"https:\/\/www.domstavpro.com\/index.php\/produkt\/bgs-prenosny-box-na-naradi-plast-vcetne-naradi-66-dilna-must-have-15345\/#primaryimage","url":"https:\/\/www.domstavpro.com\/wp-content\/uploads\/2026\/SK0026859-CZ20260425-093449-0-1777080896-bgs-prenosny-box-na-naradi-plast-vcetne-naradi-66-dilna.webp","contentUrl":"https:\/\/www.domstavpro.com\/wp-content\/uploads\/2026\/SK0026859-CZ20260425-093449-0-1777080896-bgs-prenosny-box-na-naradi-plast-vcetne-naradi-66-dilna.webp","width":1000,"height":525},{"@type":"BreadcrumbList","@id":"https:\/\/www.domstavpro.com\/index.php\/produkt\/bgs-prenosny-box-na-naradi-plast-vcetne-naradi-66-dilna-must-have-15345\/#breadcrumb","itemListElement":[{"@type":"ListItem","position":1,"name":"Home","item":"https:\/\/www.domstavpro.com\/"},{"@type":"ListItem","position":2,"name":"Products","item":"https:\/\/www.domstavpro.com\/index.php\/products\/"},{"@type":"ListItem","position":3,"name":"BGS P\u0159enosn\u00fd box na n\u00e1\u0159ad\u00ed, plast, v\u010detn\u011b n\u00e1\u0159ad\u00ed, 66 d\u00edln\u00e1 Must-Have"}]},{"@type":"WebSite","@id":"https:\/\/www.domstavpro.com\/#website","url":"https:\/\/www.domstavpro.com\/","name":"","description":"","potentialAction":[{"@type":"SearchAction","target":{"@type":"EntryPoint","urlTemplate":"https:\/\/www.domstavpro.com\/?s={search_term_string}"},"query-input":{"@type":"PropertyValueSpecification","valueRequired":true,"valueName":"search_term_string"}}],"inLanguage":"cs"}]}},"_links":{"self":[{"href":"https:\/\/www.domstavpro.com\/index.php\/wp-json\/wp\/v2\/product\/15345","targetHints":{"allow":["GET"]}}],"collection":[{"href":"https:\/\/www.domstavpro.com\/index.php\/wp-json\/wp\/v2\/product"}],"about":[{"href":"https:\/\/www.domstavpro.com\/index.php\/wp-json\/wp\/v2\/types\/product"}],"replies":[{"embeddable":true,"href":"https:\/\/www.domstavpro.com\/index.php\/wp-json\/wp\/v2\/comments?post=15345"}],"wp:featuredmedia":[{"embeddable":true,"href":"https:\/\/www.domstavpro.com\/index.php\/wp-json\/wp\/v2\/media\/15445"}],"wp:attachment":[{"href":"https:\/\/www.domstavpro.com\/index.php\/wp-json\/wp\/v2\/media?parent=15345"}],"wp:term":[{"taxonomy":"product_brand","embeddable":true,"href":"https:\/\/www.domstavpro.com\/index.php\/wp-json\/wp\/v2\/product_brand?post=15345"},{"taxonomy":"product_cat","embeddable":true,"href":"https:\/\/www.domstavpro.com\/index.php\/wp-json\/wp\/v2\/product_cat?post=15345"},{"taxonomy":"product_tag","embeddable":true,"href":"https:\/\/www.domstavpro.com\/index.php\/wp-json\/wp\/v2\/product_tag?post=15345"}],"curies":[{"name":"wp","href":"https:\/\/api.w.org\/{rel}","templated":true}]}}