{"id":15342,"date":"2026-04-27T15:08:29","date_gmt":"2026-04-27T15:08:29","guid":{"rendered":""},"modified":"2026-04-27T15:08:29","modified_gmt":"2026-04-27T15:08:29","slug":"bgs-sada-trychtyru-o-55-125-mm-4dilna-znackovy-15342","status":"publish","type":"product","link":"https:\/\/www.domstavpro.com\/index.php\/produkt\/bgs-sada-trychtyru-o-55-125-mm-4dilna-znackovy-15342\/","title":{"rendered":"BGS Sada trycht\u00fd\u0159\u016f, O 55 &#8211; 125 mm, 4d\u00edln\u00e1 Zna\u010dkov\u00fd"},"content":{"rendered":"<div id=\"e7874264\" class=\"pages\">\n<div>\n<div id=\"PDDescription\" class=\"UserContentView userContent v1a v1 bs-view dcon dc164 PDDescription\" ><dc-con><dc-con><bs-empty><\/bs-empty><\/dc-con><dc-con>        <\/p>\n<div class=\"customDescription\">                    <\/div>\n<p><\/dc-con><dc-con><\/p>\n<ul>\n<li>univerz\u00e1ln\u00ed\u00a0oblasti\u00a0pou\u017eit\u00ed<\/li>\n<li>pro\u00a0bezpe\u010dn\u00fd\u00a0p\u0159enos\u00a0v\u0161ech\u00a0druh\u016f\u00a0kapalin nebo jin\u00fdch materi\u00e1l\u016f, jako jsou potraviny<\/li>\n<li>bezpe\u010dn\u00e9 pro potraviny<\/li>\n<li>s\u00a0uchopen\u00edm a\u00a0z\u00e1v\u011bsn\u00e9\u00a0o\u010dko\u00a0pro\u00a0snadn\u00e9\u00a0pou\u017eit\u00ed<\/li>\n<li>odoln\u00e9 proti rozbit\u00ed<\/li>\n<li>odoln\u00e9\u00a0na oleji,\u00a0benzinu\u00a0a\u00a0kyselin\u011b<\/li>\n<\/ul>\n<p><strong>\u00a0rozsah\u00a0dod\u00e1vky:<\/ strong><\/p>\n<ul>\n<li>1\u00a0n\u00e1levka\n<ul>\n<li>vn\u011bj\u0161\u00ed O: 55 mm<\/li>\n<li>vnit\u0159n\u00ed O: 50 mm<\/li>\n<li>vn\u011bj\u0161\u00ed O\u00a0v\u00fdstup: 8 mm <\/li>\n<li>vnit\u0159n\u00ed O\u00a0v\u00fdstupu: 5 mm<\/li>\n<li>v\u00fd\u0161ka\u00a0trysky\u00a0\/max. hloubka\u00a0pono\u0159en\u00ed: 37 mm<\/li>\n<\/ul>\n<\/li>\n<li>1\u00a0n\u00e1levka\n<ul>\n<li>vn\u011bj\u0161\u00ed O: 75 mm<\/li>\n<li>vnit\u0159n\u00ed O: 68 mm<\/li>\n<li>vn\u011bj\u0161\u00ed O\u00a0v\u00fdstupu: 11 mm<\/li>\n<li>vnit\u0159n\u00ed O\u00a0v\u00fdstupu: 9 mm<\/li>\n<li>v\u00fd\u0161ka\u00a0trysky\u00a0\/max. hloubka\u00a0pono\u0159en\u00ed: 37 mm<\/li>\n<\/ul>\n<\/li>\n<li>1\u00a0n\u00e1levka\n<ul>\n<li>vn\u011bj\u0161\u00ed O: 100 mm<\/li>\n<li>vnit\u0159n\u00ed O: 94 mm<\/li>\n<li>vn\u011bj\u0161\u00ed O\u00a0v\u00fdstupu: 12 mm<\/li>\n<li>vnit\u0159n\u00ed O\u00a0v\u00fdstupu: 11 mm<\/li>\n<li>v\u00fd\u0161ka\u00a0trysky\u00a0\/max. hloubka\u00a0pono\u0159en\u00ed: 37 mm<\/li>\n<\/ul>\n<\/li>\n<li>1\u00a0n\u00e1levka\n<ul>\n<li>vn\u011bj\u0161\u00ed O: 125 mm<\/li>\n<li>vnit\u0159n\u00ed O: 116 mm<\/li>\n<li>vn\u011bj\u0161\u00ed O\u00a0v\u00fdstupu: 15 mm<\/li>\n<li>vnit\u0159n\u00ed O\u00a0v\u00fdstupu: 13 mm<\/li>\n<li>v\u00fd\u0161ka\u00a0trysky\u00a0\/max. hloubka\u00a0pono\u0159en\u00ed: 37\u00a0mm<\/li>\n<\/ul>\n<\/li>\n<\/ul>\n<p><\/dc-con><\/dc-con><\/div>\n<div id=\"PDDescription2\" class=\"UserContentView userContent v1a v1 bs-view dcon dc165 PDDescription2\" >V\u00dd\u0160KA BALEN\u00cd<\/div>\n<\/p><\/div>\n<div id=\"PDTable3\" class=\"ProductDetailTableView v3a v3 bs-view dcon dc185 PDTable3\" >\n<table>\n<thead><\/thead>\n<tbody>\n<tr class=\"attribute attr_bsshop_maker\">\n<td class=\"caption\">V\u00fdrobce<\/td>\n<td class=\"value\">BGS Technic<\/td>\n<\/tr>\n<\/tbody>\n<\/table>\n<\/div>\n<div id=\"PdProductGpsr\" class=\"ProductGpsrView v1a v1 bs-view dcon dc217 PdProductGpsr\" >\n<div class=\"subject\"><dc-root class=\"dcon dc219\"><span class=\"title\">Zodpov\u011bdn&#253; subjekt:<\/span><dc-con><dc-con><span class=\"company\">BGS technik KG<\/span><span class=\"name\">BGS Technic<\/span><\/dc-con><dc-con><span class=\"street\">Bandwirkerstr. 3<\/span><span class=\"city\">Wermelskirchen<\/span><span class=\"zip\">429 29<\/span><span class=\"country\">N\u011bmecko<\/span><\/dc-con><span class=\"email\">mail@bgs-technic.de<\/span><span class=\"phone\">+49 2196-720480<\/span><bs-empty><\/bs-empty><a href=\"https:\/\/www.bgstechnic.com\/\" class=\"link\" target=\"_blank\">https:\/\/www.bgstechnic.com\/<\/a><\/dc-con><bs-empty><\/bs-empty><\/dc-root><\/div>\n<p><bs-empty><\/bs-empty><\/div>\n<\/div>\n<div id=\"e7874265\" class=\"tabs\">\n","protected":false},"excerpt":{"rendered":"<p>univerz\u00e1ln\u00ed\u00a0oblasti\u00a0pou\u017eit\u00ed pro\u00a0bezpe\u010dn\u00fd\u00a0p\u0159enos\u00a0v\u0161ech\u00a0druh\u016f\u00a0kapalin nebo jin\u00fdch materi\u00e1l\u016f, jako jsou potraviny bezpe\u010dn\u00e9 pro potraviny s\u00a0uchopen\u00edm a\u00a0z\u00e1v\u011bsn\u00e9\u00a0o\u010dko\u00a0pro\u00a0snadn\u00e9\u00a0pou\u017eit\u00ed odoln\u00e9 proti rozbit\u00ed odoln\u00e9\u00a0na oleji,\u00a0benzinu\u00a0a\u00a0kyselin\u011b \u00a0rozsah\u00a0dod\u00e1vky: 1\u00a0n\u00e1levka vn\u011bj\u0161\u00ed O: 55 mm vnit\u0159n\u00ed O: 50 mm vn\u011bj\u0161\u00ed O\u00a0v\u00fdstup: 8 mm vnit\u0159n\u00ed O\u00a0v\u00fdstupu: 5 mm v\u00fd\u0161ka\u00a0trysky\u00a0\/max. hloubka\u00a0pono\u0159en\u00ed: 37 mm 1\u00a0n\u00e1levka vn\u011bj\u0161\u00ed O: 75 mm vnit\u0159n\u00ed O: 68 mm vn\u011bj\u0161\u00ed O\u00a0v\u00fdstupu: 11 mm vnit\u0159n\u00ed O\u00a0v\u00fdstupu: [&hellip;]<\/p>\n","protected":false},"featured_media":15442,"comment_status":"open","ping_status":"open","template":"","meta":[],"product_brand":[],"product_cat":[64],"product_tag":[],"class_list":{"0":"post-15342","1":"product","2":"type-product","3":"status-publish","4":"has-post-thumbnail","6":"product_cat-rucn-237-n-225-rad-237-a-d-237-lna","8":"first","9":"instock","10":"sale","11":"shipping-taxable","12":"purchasable","13":"product-type-simple"},"yoast_head":"<!-- This site is optimized with the Yoast SEO plugin v26.8 - https:\/\/yoast.com\/product\/yoast-seo-wordpress\/ -->\n<title>BGS Sada trycht\u00fd\u0159\u016f, O 55 - 125 mm, 4d\u00edln\u00e1 Zna\u010dkov\u00fd -<\/title>\n<meta name=\"robots\" content=\"index, follow, max-snippet:-1, max-image-preview:large, max-video-preview:-1\" \/>\n<link rel=\"canonical\" href=\"https:\/\/www.domstavpro.com\/index.php\/produkt\/bgs-sada-trychtyru-o-55-125-mm-4dilna-znackovy-15342\/\" \/>\n<meta property=\"og:locale\" content=\"cs_CZ\" \/>\n<meta property=\"og:type\" content=\"article\" \/>\n<meta property=\"og:title\" content=\"BGS Sada trycht\u00fd\u0159\u016f, O 55 - 125 mm, 4d\u00edln\u00e1 Zna\u010dkov\u00fd -\" \/>\n<meta property=\"og:description\" content=\"univerz\u00e1ln\u00ed\u00a0oblasti\u00a0pou\u017eit\u00ed pro\u00a0bezpe\u010dn\u00fd\u00a0p\u0159enos\u00a0v\u0161ech\u00a0druh\u016f\u00a0kapalin nebo jin\u00fdch materi\u00e1l\u016f, jako jsou potraviny bezpe\u010dn\u00e9 pro potraviny s\u00a0uchopen\u00edm a\u00a0z\u00e1v\u011bsn\u00e9\u00a0o\u010dko\u00a0pro\u00a0snadn\u00e9\u00a0pou\u017eit\u00ed odoln\u00e9 proti rozbit\u00ed odoln\u00e9\u00a0na oleji,\u00a0benzinu\u00a0a\u00a0kyselin\u011b \u00a0rozsah\u00a0dod\u00e1vky: 1\u00a0n\u00e1levka vn\u011bj\u0161\u00ed O: 55 mm vnit\u0159n\u00ed O: 50 mm vn\u011bj\u0161\u00ed O\u00a0v\u00fdstup: 8 mm vnit\u0159n\u00ed O\u00a0v\u00fdstupu: 5 mm v\u00fd\u0161ka\u00a0trysky\u00a0\/max. hloubka\u00a0pono\u0159en\u00ed: 37 mm 1\u00a0n\u00e1levka vn\u011bj\u0161\u00ed O: 75 mm vnit\u0159n\u00ed O: 68 mm vn\u011bj\u0161\u00ed O\u00a0v\u00fdstupu: 11 mm vnit\u0159n\u00ed O\u00a0v\u00fdstupu: [&hellip;]\" \/>\n<meta property=\"og:url\" content=\"https:\/\/www.domstavpro.com\/index.php\/produkt\/bgs-sada-trychtyru-o-55-125-mm-4dilna-znackovy-15342\/\" \/>\n<meta property=\"og:image\" content=\"https:\/\/www.domstavpro.com\/wp-content\/uploads\/2026\/SK0026856-CZ20260425-093449-0-1777080896-bgs-sada-trychtyru-o-55-125-mm-4dilna.webp\" \/>\n\t<meta property=\"og:image:width\" content=\"1000\" \/>\n\t<meta property=\"og:image:height\" content=\"525\" \/>\n\t<meta property=\"og:image:type\" content=\"image\/webp\" \/>\n<meta name=\"twitter:card\" content=\"summary_large_image\" \/>\n<meta name=\"twitter:label1\" content=\"Odhadovan\u00e1 doba \u010dten\u00ed\" \/>\n\t<meta name=\"twitter:data1\" content=\"1 minuta\" \/>\n<script type=\"application\/ld+json\" class=\"yoast-schema-graph\">{\"@context\":\"https:\/\/schema.org\",\"@graph\":[{\"@type\":\"WebPage\",\"@id\":\"https:\/\/www.domstavpro.com\/index.php\/produkt\/bgs-sada-trychtyru-o-55-125-mm-4dilna-znackovy-15342\/\",\"url\":\"https:\/\/www.domstavpro.com\/index.php\/produkt\/bgs-sada-trychtyru-o-55-125-mm-4dilna-znackovy-15342\/\",\"name\":\"BGS Sada trycht\u00fd\u0159\u016f, O 55 - 125 mm, 4d\u00edln\u00e1 Zna\u010dkov\u00fd -\",\"isPartOf\":{\"@id\":\"https:\/\/www.domstavpro.com\/#website\"},\"primaryImageOfPage\":{\"@id\":\"https:\/\/www.domstavpro.com\/index.php\/produkt\/bgs-sada-trychtyru-o-55-125-mm-4dilna-znackovy-15342\/#primaryimage\"},\"image\":{\"@id\":\"https:\/\/www.domstavpro.com\/index.php\/produkt\/bgs-sada-trychtyru-o-55-125-mm-4dilna-znackovy-15342\/#primaryimage\"},\"thumbnailUrl\":\"https:\/\/www.domstavpro.com\/wp-content\/uploads\/2026\/SK0026856-CZ20260425-093449-0-1777080896-bgs-sada-trychtyru-o-55-125-mm-4dilna.webp\",\"datePublished\":\"2026-04-27T15:08:29+00:00\",\"breadcrumb\":{\"@id\":\"https:\/\/www.domstavpro.com\/index.php\/produkt\/bgs-sada-trychtyru-o-55-125-mm-4dilna-znackovy-15342\/#breadcrumb\"},\"inLanguage\":\"cs\",\"potentialAction\":[{\"@type\":\"ReadAction\",\"target\":[\"https:\/\/www.domstavpro.com\/index.php\/produkt\/bgs-sada-trychtyru-o-55-125-mm-4dilna-znackovy-15342\/\"]}]},{\"@type\":\"ImageObject\",\"inLanguage\":\"cs\",\"@id\":\"https:\/\/www.domstavpro.com\/index.php\/produkt\/bgs-sada-trychtyru-o-55-125-mm-4dilna-znackovy-15342\/#primaryimage\",\"url\":\"https:\/\/www.domstavpro.com\/wp-content\/uploads\/2026\/SK0026856-CZ20260425-093449-0-1777080896-bgs-sada-trychtyru-o-55-125-mm-4dilna.webp\",\"contentUrl\":\"https:\/\/www.domstavpro.com\/wp-content\/uploads\/2026\/SK0026856-CZ20260425-093449-0-1777080896-bgs-sada-trychtyru-o-55-125-mm-4dilna.webp\",\"width\":1000,\"height\":525},{\"@type\":\"BreadcrumbList\",\"@id\":\"https:\/\/www.domstavpro.com\/index.php\/produkt\/bgs-sada-trychtyru-o-55-125-mm-4dilna-znackovy-15342\/#breadcrumb\",\"itemListElement\":[{\"@type\":\"ListItem\",\"position\":1,\"name\":\"Home\",\"item\":\"https:\/\/www.domstavpro.com\/\"},{\"@type\":\"ListItem\",\"position\":2,\"name\":\"Products\",\"item\":\"https:\/\/www.domstavpro.com\/index.php\/products\/\"},{\"@type\":\"ListItem\",\"position\":3,\"name\":\"BGS Sada trycht\u00fd\u0159\u016f, O 55 &#8211; 125 mm, 4d\u00edln\u00e1 Zna\u010dkov\u00fd\"}]},{\"@type\":\"WebSite\",\"@id\":\"https:\/\/www.domstavpro.com\/#website\",\"url\":\"https:\/\/www.domstavpro.com\/\",\"name\":\"\",\"description\":\"\",\"potentialAction\":[{\"@type\":\"SearchAction\",\"target\":{\"@type\":\"EntryPoint\",\"urlTemplate\":\"https:\/\/www.domstavpro.com\/?s={search_term_string}\"},\"query-input\":{\"@type\":\"PropertyValueSpecification\",\"valueRequired\":true,\"valueName\":\"search_term_string\"}}],\"inLanguage\":\"cs\"}]}<\/script>\n<!-- \/ Yoast SEO plugin. -->","yoast_head_json":{"title":"BGS Sada trycht\u00fd\u0159\u016f, O 55 - 125 mm, 4d\u00edln\u00e1 Zna\u010dkov\u00fd -","robots":{"index":"index","follow":"follow","max-snippet":"max-snippet:-1","max-image-preview":"max-image-preview:large","max-video-preview":"max-video-preview:-1"},"canonical":"https:\/\/www.domstavpro.com\/index.php\/produkt\/bgs-sada-trychtyru-o-55-125-mm-4dilna-znackovy-15342\/","og_locale":"cs_CZ","og_type":"article","og_title":"BGS Sada trycht\u00fd\u0159\u016f, O 55 - 125 mm, 4d\u00edln\u00e1 Zna\u010dkov\u00fd -","og_description":"univerz\u00e1ln\u00ed\u00a0oblasti\u00a0pou\u017eit\u00ed pro\u00a0bezpe\u010dn\u00fd\u00a0p\u0159enos\u00a0v\u0161ech\u00a0druh\u016f\u00a0kapalin nebo jin\u00fdch materi\u00e1l\u016f, jako jsou potraviny bezpe\u010dn\u00e9 pro potraviny s\u00a0uchopen\u00edm a\u00a0z\u00e1v\u011bsn\u00e9\u00a0o\u010dko\u00a0pro\u00a0snadn\u00e9\u00a0pou\u017eit\u00ed odoln\u00e9 proti rozbit\u00ed odoln\u00e9\u00a0na oleji,\u00a0benzinu\u00a0a\u00a0kyselin\u011b \u00a0rozsah\u00a0dod\u00e1vky: 1\u00a0n\u00e1levka vn\u011bj\u0161\u00ed O: 55 mm vnit\u0159n\u00ed O: 50 mm vn\u011bj\u0161\u00ed O\u00a0v\u00fdstup: 8 mm vnit\u0159n\u00ed O\u00a0v\u00fdstupu: 5 mm v\u00fd\u0161ka\u00a0trysky\u00a0\/max. hloubka\u00a0pono\u0159en\u00ed: 37 mm 1\u00a0n\u00e1levka vn\u011bj\u0161\u00ed O: 75 mm vnit\u0159n\u00ed O: 68 mm vn\u011bj\u0161\u00ed O\u00a0v\u00fdstupu: 11 mm vnit\u0159n\u00ed O\u00a0v\u00fdstupu: [&hellip;]","og_url":"https:\/\/www.domstavpro.com\/index.php\/produkt\/bgs-sada-trychtyru-o-55-125-mm-4dilna-znackovy-15342\/","og_image":[{"width":1000,"height":525,"url":"https:\/\/www.domstavpro.com\/wp-content\/uploads\/2026\/SK0026856-CZ20260425-093449-0-1777080896-bgs-sada-trychtyru-o-55-125-mm-4dilna.webp","type":"image\/webp"}],"twitter_card":"summary_large_image","twitter_misc":{"Odhadovan\u00e1 doba \u010dten\u00ed":"1 minuta"},"schema":{"@context":"https:\/\/schema.org","@graph":[{"@type":"WebPage","@id":"https:\/\/www.domstavpro.com\/index.php\/produkt\/bgs-sada-trychtyru-o-55-125-mm-4dilna-znackovy-15342\/","url":"https:\/\/www.domstavpro.com\/index.php\/produkt\/bgs-sada-trychtyru-o-55-125-mm-4dilna-znackovy-15342\/","name":"BGS Sada trycht\u00fd\u0159\u016f, O 55 - 125 mm, 4d\u00edln\u00e1 Zna\u010dkov\u00fd -","isPartOf":{"@id":"https:\/\/www.domstavpro.com\/#website"},"primaryImageOfPage":{"@id":"https:\/\/www.domstavpro.com\/index.php\/produkt\/bgs-sada-trychtyru-o-55-125-mm-4dilna-znackovy-15342\/#primaryimage"},"image":{"@id":"https:\/\/www.domstavpro.com\/index.php\/produkt\/bgs-sada-trychtyru-o-55-125-mm-4dilna-znackovy-15342\/#primaryimage"},"thumbnailUrl":"https:\/\/www.domstavpro.com\/wp-content\/uploads\/2026\/SK0026856-CZ20260425-093449-0-1777080896-bgs-sada-trychtyru-o-55-125-mm-4dilna.webp","datePublished":"2026-04-27T15:08:29+00:00","breadcrumb":{"@id":"https:\/\/www.domstavpro.com\/index.php\/produkt\/bgs-sada-trychtyru-o-55-125-mm-4dilna-znackovy-15342\/#breadcrumb"},"inLanguage":"cs","potentialAction":[{"@type":"ReadAction","target":["https:\/\/www.domstavpro.com\/index.php\/produkt\/bgs-sada-trychtyru-o-55-125-mm-4dilna-znackovy-15342\/"]}]},{"@type":"ImageObject","inLanguage":"cs","@id":"https:\/\/www.domstavpro.com\/index.php\/produkt\/bgs-sada-trychtyru-o-55-125-mm-4dilna-znackovy-15342\/#primaryimage","url":"https:\/\/www.domstavpro.com\/wp-content\/uploads\/2026\/SK0026856-CZ20260425-093449-0-1777080896-bgs-sada-trychtyru-o-55-125-mm-4dilna.webp","contentUrl":"https:\/\/www.domstavpro.com\/wp-content\/uploads\/2026\/SK0026856-CZ20260425-093449-0-1777080896-bgs-sada-trychtyru-o-55-125-mm-4dilna.webp","width":1000,"height":525},{"@type":"BreadcrumbList","@id":"https:\/\/www.domstavpro.com\/index.php\/produkt\/bgs-sada-trychtyru-o-55-125-mm-4dilna-znackovy-15342\/#breadcrumb","itemListElement":[{"@type":"ListItem","position":1,"name":"Home","item":"https:\/\/www.domstavpro.com\/"},{"@type":"ListItem","position":2,"name":"Products","item":"https:\/\/www.domstavpro.com\/index.php\/products\/"},{"@type":"ListItem","position":3,"name":"BGS Sada trycht\u00fd\u0159\u016f, O 55 &#8211; 125 mm, 4d\u00edln\u00e1 Zna\u010dkov\u00fd"}]},{"@type":"WebSite","@id":"https:\/\/www.domstavpro.com\/#website","url":"https:\/\/www.domstavpro.com\/","name":"","description":"","potentialAction":[{"@type":"SearchAction","target":{"@type":"EntryPoint","urlTemplate":"https:\/\/www.domstavpro.com\/?s={search_term_string}"},"query-input":{"@type":"PropertyValueSpecification","valueRequired":true,"valueName":"search_term_string"}}],"inLanguage":"cs"}]}},"_links":{"self":[{"href":"https:\/\/www.domstavpro.com\/index.php\/wp-json\/wp\/v2\/product\/15342","targetHints":{"allow":["GET"]}}],"collection":[{"href":"https:\/\/www.domstavpro.com\/index.php\/wp-json\/wp\/v2\/product"}],"about":[{"href":"https:\/\/www.domstavpro.com\/index.php\/wp-json\/wp\/v2\/types\/product"}],"replies":[{"embeddable":true,"href":"https:\/\/www.domstavpro.com\/index.php\/wp-json\/wp\/v2\/comments?post=15342"}],"wp:featuredmedia":[{"embeddable":true,"href":"https:\/\/www.domstavpro.com\/index.php\/wp-json\/wp\/v2\/media\/15442"}],"wp:attachment":[{"href":"https:\/\/www.domstavpro.com\/index.php\/wp-json\/wp\/v2\/media?parent=15342"}],"wp:term":[{"taxonomy":"product_brand","embeddable":true,"href":"https:\/\/www.domstavpro.com\/index.php\/wp-json\/wp\/v2\/product_brand?post=15342"},{"taxonomy":"product_cat","embeddable":true,"href":"https:\/\/www.domstavpro.com\/index.php\/wp-json\/wp\/v2\/product_cat?post=15342"},{"taxonomy":"product_tag","embeddable":true,"href":"https:\/\/www.domstavpro.com\/index.php\/wp-json\/wp\/v2\/product_tag?post=15342"}],"curies":[{"name":"wp","href":"https:\/\/api.w.org\/{rel}","templated":true}]}}