{"id":15322,"date":"2026-04-27T15:08:29","date_gmt":"2026-04-27T15:08:29","guid":{"rendered":""},"modified":"2026-04-27T15:08:29","modified_gmt":"2026-04-27T15:08:29","slug":"bgs-multifunkcni-pomocne-spousteci-zarizeni-a-mobilni-elektricke-napajeni-5-v-1-18-ah-casove-omezene-15322","status":"publish","type":"product","link":"https:\/\/www.domstavpro.com\/index.php\/produkt\/bgs-multifunkcni-pomocne-spousteci-zarizeni-a-mobilni-elektricke-napajeni-5-v-1-18-ah-casove-omezene-15322\/","title":{"rendered":"BGS Multifunk\u010dn\u00ed pomocn\u00e9 spou\u0161t\u011bc\u00ed za\u0159\u00edzen\u00ed a mobiln\u00ed elektrick\u00e9 nap\u00e1jen\u00ed, 5 v\u00a01, 18\u00a0Ah \u010casov\u011b Omezen\u00e9"},"content":{"rendered":"<div id=\"e7859437\" class=\"pages\">\n<div>\n<div id=\"PDDescription\" class=\"UserContentView userContent v1a v1 bs-view dcon dc164 PDDescription\" ><dc-con><dc-con><bs-empty><\/bs-empty><\/dc-con><dc-con>        <\/p>\n<div class=\"customDescription\">                    <\/div>\n<p><\/dc-con><dc-con><\/p>\n<ul>\n<li>p\u0159enosn\u00e1 elektr\u00e1rna s kapacitou 18 Ah<\/li>\n<li>odoln\u00e1, robustn\u00ed a zes\u00edlen\u00e1 plastov\u00e1 pouzdrov\u00e1 konstrukce<\/li>\n<li>pro nab\u00edjen\u00ed d\u016fle\u017eit\u00fdch za\u0159\u00edzen\u00ed nez\u00e1visle na sob\u011b a v\u017edy p\u0159ipravena k pou\u017eit\u00ed<\/li>\n<li>plastov\u00e1 rukoje\u0165 pro velk\u00e9 zat\u00ed\u017een\u00ed \u2013 s velkorys\u00fdm vybr\u00e1n\u00edm pro snadnou p\u0159epravu<\/li>\n<li>s ochrann\u00fdm obvodem a automatickou pojistkou<\/li>\n<li>zapnut\u00ed\/vypnut\u00ed<\/li>\n<li >indik\u00e1tor stavu nabit\u00ed<\/li>\n<li>dr\u017e\u00e1k pro startovac\u00ed kabely \/ svorky<\/li>\n<\/ul>\n<ul>\n<li>spojuje 5 funkc\u00ed v jednom kompaktn\u00edm za\u0159\u00edzen\u00ed\n<ul>\n<li>multifunk\u010dn\u00ed startovac\u00ed start\u00e9r se startem -up kabel a izolovan\u00e9 svorky<\/li>\n<li>kompresor v\u010detn\u011b adapt\u00e9r\u016f pro hu\u0161t\u011bn\u00ed pneumatik, m\u00ed\u010d\u016f, pl\u00e1\u0161\u0165\u016f j\u00edzdn\u00edch kol atd.<\/li>\n<li>funkce powerbanky pro nab\u00edjen\u00ed smartphon\u016f, tablet\u016f atd.<\/li>\n<li >mobiln\u00ed nap\u00e1jec\u00ed zdroj 220 V<\/li>\n<li>integrovan\u00e9 LED sv\u011btlo<\/li>\n<\/ul>\n<\/li>\n<\/ul>\n<ul>\n<li>nouzov\u00e9 nouzov\u00e9 startovac\u00ed za\u0159\u00edzen\u00ed na vozidlech s 12V elektrick\u00fdm syst\u00e9mem (max. 1250 A)<\/li>\n<li>nap\u00e1jen\u00ed 2 za\u0159\u00edzen\u00ed se z\u00e1str\u010dkou elektrick\u00e9ho syst\u00e9mu vozidla (12 V \/ 10 A)<\/li>\n<li>nap\u00e1jen\u00ed pro 2 za\u0159\u00edzen\u00ed s konektorem USB-A (5 V \/ 2 A)<\/li>\n<li>nap\u00e1jen\u00ed pro 2 za\u0159\u00edzen\u00ed se z\u00e1suvkou 220 V<\/li>\n<li>s vestav\u011bn\u00e1 jasn\u00e1 LED lampa<\/li>\n<\/ul>\n<ul>\n<li>kapacita baterie: 18 Ah<\/li>\n<li>\u0161pi\u010dkov\u00fd proud s pomocn\u00fdm startem: 1250 A<\/li>\n<li>LED lampa: 2,5 W<\/li>\n<li>USB v\u00fdstup: 5 V \/ 2 A (2 z\u00e1suvky)<\/li>\n<li>12 V v\u00fdstup: 10 A (max. 15 A) (2 z\u00e1suvky)<\/li>\n<li>220V m\u011bni\u010d<\/li>\n<li>trval\u00fd v\u00fdkon: max. 400 W (\u0161pi\u010dkov\u00fd: 800 W) (2 z\u00e1suvky)<\/li>\n<li>vzduchov\u00fd kompresor: max. 10,3 bar (150 psi)<\/li>\n<li>teplota nab\u00edjen\u00ed: 0 &#8211; 40 \u00b0C<\/li>\n<\/ul>\n<p><strong>rozsah dod\u00e1vky:<\/strong><\/p>\n<ul>\n<li>1 startovac\u00ed za\u0159\u00edzen\u00ed<\/li>\n<li>1 startovac\u00ed kabel se svorkami<\/li>\n<li>1 hadi\u010dka pro hu\u0161t\u011bn\u00ed pneumatik<\/li>\n<li>3 plnic\u00ed adapt\u00e9ry<\/li>\n<li>2 n\u00e1hradn\u00ed pojistky<\/li>\n<li>1 nab\u00edje\u010dka<\/li>\n<\/ul>\n<p><\/dc-con><\/dc-con><\/div>\n<div id=\"PDDescription2\" class=\"UserContentView userContent v1a v1 bs-view dcon dc165 PDDescription2\" >V\u00dd\u0160KA BALEN\u00cd<\/div>\n<\/p><\/div>\n<div id=\"PDTable3\" class=\"ProductDetailTableView v3a v3 bs-view dcon dc185 PDTable3\" >\n<table>\n<thead><\/thead>\n<tbody>\n<tr class=\"attribute attr_bsshop_maker\">\n<td class=\"caption\">V\u00fdrobce<\/td>\n<td class=\"value\">BGS Technic<\/td>\n<\/tr>\n<\/tbody>\n<\/table>\n<\/div>\n<div id=\"PdProductGpsr\" class=\"ProductGpsrView v1a v1 bs-view dcon dc217 PdProductGpsr\" >\n<div class=\"subject\"><dc-root class=\"dcon dc219\"><span class=\"title\">Zodpov\u011bdn&#253; subjekt:<\/span><dc-con><dc-con><span class=\"company\">BGS technik KG<\/span><span class=\"name\">BGS Technic<\/span><\/dc-con><dc-con><span class=\"street\">Bandwirkerstr. 3<\/span><span class=\"city\">Wermelskirchen<\/span><span class=\"zip\">429 29<\/span><span class=\"country\">N\u011bmecko<\/span><\/dc-con><span class=\"email\">mail@bgs-technic.de<\/span><span class=\"phone\">+49 2196-720480<\/span><bs-empty><\/bs-empty><a href=\"https:\/\/www.bgstechnic.com\/\" class=\"link\" target=\"_blank\">https:\/\/www.bgstechnic.com\/<\/a><\/dc-con><bs-empty><\/bs-empty><\/dc-root><\/div>\n<p><bs-empty><\/bs-empty><\/div>\n<\/div>\n<div id=\"e7859438\" class=\"tabs\">\n","protected":false},"excerpt":{"rendered":"<p>p\u0159enosn\u00e1 elektr\u00e1rna s kapacitou 18 Ah odoln\u00e1, robustn\u00ed a zes\u00edlen\u00e1 plastov\u00e1 pouzdrov\u00e1 konstrukce pro nab\u00edjen\u00ed d\u016fle\u017eit\u00fdch za\u0159\u00edzen\u00ed nez\u00e1visle na sob\u011b a v\u017edy p\u0159ipravena k pou\u017eit\u00ed plastov\u00e1 rukoje\u0165 pro velk\u00e9 zat\u00ed\u017een\u00ed \u2013 s velkorys\u00fdm vybr\u00e1n\u00edm pro snadnou p\u0159epravu s ochrann\u00fdm obvodem a automatickou pojistkou zapnut\u00ed\/vypnut\u00ed indik\u00e1tor stavu nabit\u00ed dr\u017e\u00e1k pro startovac\u00ed kabely \/ svorky spojuje 5 [&hellip;]<\/p>\n","protected":false},"featured_media":15422,"comment_status":"open","ping_status":"open","template":"","meta":[],"product_brand":[],"product_cat":[64],"product_tag":[],"class_list":{"0":"post-15322","1":"product","2":"type-product","3":"status-publish","4":"has-post-thumbnail","6":"product_cat-rucn-237-n-225-rad-237-a-d-237-lna","8":"first","9":"instock","10":"sale","11":"shipping-taxable","12":"purchasable","13":"product-type-simple"},"yoast_head":"<!-- This site is optimized with the Yoast SEO plugin v26.8 - https:\/\/yoast.com\/product\/yoast-seo-wordpress\/ -->\n<title>BGS Multifunk\u010dn\u00ed pomocn\u00e9 spou\u0161t\u011bc\u00ed za\u0159\u00edzen\u00ed a mobiln\u00ed elektrick\u00e9 nap\u00e1jen\u00ed, 5 v\u00a01, 18\u00a0Ah \u010casov\u011b Omezen\u00e9 -<\/title>\n<meta name=\"robots\" content=\"index, follow, max-snippet:-1, max-image-preview:large, max-video-preview:-1\" \/>\n<link rel=\"canonical\" href=\"https:\/\/www.domstavpro.com\/index.php\/produkt\/bgs-multifunkcni-pomocne-spousteci-zarizeni-a-mobilni-elektricke-napajeni-5-v-1-18-ah-casove-omezene-15322\/\" \/>\n<meta property=\"og:locale\" content=\"cs_CZ\" \/>\n<meta property=\"og:type\" content=\"article\" \/>\n<meta property=\"og:title\" content=\"BGS Multifunk\u010dn\u00ed pomocn\u00e9 spou\u0161t\u011bc\u00ed za\u0159\u00edzen\u00ed a mobiln\u00ed elektrick\u00e9 nap\u00e1jen\u00ed, 5 v\u00a01, 18\u00a0Ah \u010casov\u011b Omezen\u00e9 -\" \/>\n<meta property=\"og:description\" content=\"p\u0159enosn\u00e1 elektr\u00e1rna s kapacitou 18 Ah odoln\u00e1, robustn\u00ed a zes\u00edlen\u00e1 plastov\u00e1 pouzdrov\u00e1 konstrukce pro nab\u00edjen\u00ed d\u016fle\u017eit\u00fdch za\u0159\u00edzen\u00ed nez\u00e1visle na sob\u011b a v\u017edy p\u0159ipravena k pou\u017eit\u00ed plastov\u00e1 rukoje\u0165 pro velk\u00e9 zat\u00ed\u017een\u00ed \u2013 s velkorys\u00fdm vybr\u00e1n\u00edm pro snadnou p\u0159epravu s ochrann\u00fdm obvodem a automatickou pojistkou zapnut\u00ed\/vypnut\u00ed indik\u00e1tor stavu nabit\u00ed dr\u017e\u00e1k pro startovac\u00ed kabely \/ svorky spojuje 5 [&hellip;]\" \/>\n<meta property=\"og:url\" content=\"https:\/\/www.domstavpro.com\/index.php\/produkt\/bgs-multifunkcni-pomocne-spousteci-zarizeni-a-mobilni-elektricke-napajeni-5-v-1-18-ah-casove-omezene-15322\/\" \/>\n<meta property=\"og:image\" content=\"https:\/\/www.domstavpro.com\/wp-content\/uploads\/2026\/SK0026836-CZ20260425-093449-0-1777080896-bgs-multifunkcni-pomocne-spousteci-zarizeni-a-mobilni-elekt.webp\" \/>\n\t<meta property=\"og:image:width\" content=\"1000\" \/>\n\t<meta property=\"og:image:height\" content=\"525\" \/>\n\t<meta property=\"og:image:type\" content=\"image\/webp\" \/>\n<meta name=\"twitter:card\" content=\"summary_large_image\" \/>\n<meta name=\"twitter:label1\" content=\"Odhadovan\u00e1 doba \u010dten\u00ed\" \/>\n\t<meta name=\"twitter:data1\" content=\"1 minuta\" \/>\n<script type=\"application\/ld+json\" class=\"yoast-schema-graph\">{\"@context\":\"https:\/\/schema.org\",\"@graph\":[{\"@type\":\"WebPage\",\"@id\":\"https:\/\/www.domstavpro.com\/index.php\/produkt\/bgs-multifunkcni-pomocne-spousteci-zarizeni-a-mobilni-elektricke-napajeni-5-v-1-18-ah-casove-omezene-15322\/\",\"url\":\"https:\/\/www.domstavpro.com\/index.php\/produkt\/bgs-multifunkcni-pomocne-spousteci-zarizeni-a-mobilni-elektricke-napajeni-5-v-1-18-ah-casove-omezene-15322\/\",\"name\":\"BGS Multifunk\u010dn\u00ed pomocn\u00e9 spou\u0161t\u011bc\u00ed za\u0159\u00edzen\u00ed a mobiln\u00ed elektrick\u00e9 nap\u00e1jen\u00ed, 5 v\u00a01, 18\u00a0Ah \u010casov\u011b Omezen\u00e9 -\",\"isPartOf\":{\"@id\":\"https:\/\/www.domstavpro.com\/#website\"},\"primaryImageOfPage\":{\"@id\":\"https:\/\/www.domstavpro.com\/index.php\/produkt\/bgs-multifunkcni-pomocne-spousteci-zarizeni-a-mobilni-elektricke-napajeni-5-v-1-18-ah-casove-omezene-15322\/#primaryimage\"},\"image\":{\"@id\":\"https:\/\/www.domstavpro.com\/index.php\/produkt\/bgs-multifunkcni-pomocne-spousteci-zarizeni-a-mobilni-elektricke-napajeni-5-v-1-18-ah-casove-omezene-15322\/#primaryimage\"},\"thumbnailUrl\":\"https:\/\/www.domstavpro.com\/wp-content\/uploads\/2026\/SK0026836-CZ20260425-093449-0-1777080896-bgs-multifunkcni-pomocne-spousteci-zarizeni-a-mobilni-elekt.webp\",\"datePublished\":\"2026-04-27T15:08:29+00:00\",\"breadcrumb\":{\"@id\":\"https:\/\/www.domstavpro.com\/index.php\/produkt\/bgs-multifunkcni-pomocne-spousteci-zarizeni-a-mobilni-elektricke-napajeni-5-v-1-18-ah-casove-omezene-15322\/#breadcrumb\"},\"inLanguage\":\"cs\",\"potentialAction\":[{\"@type\":\"ReadAction\",\"target\":[\"https:\/\/www.domstavpro.com\/index.php\/produkt\/bgs-multifunkcni-pomocne-spousteci-zarizeni-a-mobilni-elektricke-napajeni-5-v-1-18-ah-casove-omezene-15322\/\"]}]},{\"@type\":\"ImageObject\",\"inLanguage\":\"cs\",\"@id\":\"https:\/\/www.domstavpro.com\/index.php\/produkt\/bgs-multifunkcni-pomocne-spousteci-zarizeni-a-mobilni-elektricke-napajeni-5-v-1-18-ah-casove-omezene-15322\/#primaryimage\",\"url\":\"https:\/\/www.domstavpro.com\/wp-content\/uploads\/2026\/SK0026836-CZ20260425-093449-0-1777080896-bgs-multifunkcni-pomocne-spousteci-zarizeni-a-mobilni-elekt.webp\",\"contentUrl\":\"https:\/\/www.domstavpro.com\/wp-content\/uploads\/2026\/SK0026836-CZ20260425-093449-0-1777080896-bgs-multifunkcni-pomocne-spousteci-zarizeni-a-mobilni-elekt.webp\",\"width\":1000,\"height\":525},{\"@type\":\"BreadcrumbList\",\"@id\":\"https:\/\/www.domstavpro.com\/index.php\/produkt\/bgs-multifunkcni-pomocne-spousteci-zarizeni-a-mobilni-elektricke-napajeni-5-v-1-18-ah-casove-omezene-15322\/#breadcrumb\",\"itemListElement\":[{\"@type\":\"ListItem\",\"position\":1,\"name\":\"Home\",\"item\":\"https:\/\/www.domstavpro.com\/\"},{\"@type\":\"ListItem\",\"position\":2,\"name\":\"Products\",\"item\":\"https:\/\/www.domstavpro.com\/index.php\/products\/\"},{\"@type\":\"ListItem\",\"position\":3,\"name\":\"BGS Multifunk\u010dn\u00ed pomocn\u00e9 spou\u0161t\u011bc\u00ed za\u0159\u00edzen\u00ed a mobiln\u00ed elektrick\u00e9 nap\u00e1jen\u00ed, 5 v\u00a01, 18\u00a0Ah \u010casov\u011b Omezen\u00e9\"}]},{\"@type\":\"WebSite\",\"@id\":\"https:\/\/www.domstavpro.com\/#website\",\"url\":\"https:\/\/www.domstavpro.com\/\",\"name\":\"\",\"description\":\"\",\"potentialAction\":[{\"@type\":\"SearchAction\",\"target\":{\"@type\":\"EntryPoint\",\"urlTemplate\":\"https:\/\/www.domstavpro.com\/?s={search_term_string}\"},\"query-input\":{\"@type\":\"PropertyValueSpecification\",\"valueRequired\":true,\"valueName\":\"search_term_string\"}}],\"inLanguage\":\"cs\"}]}<\/script>\n<!-- \/ Yoast SEO plugin. -->","yoast_head_json":{"title":"BGS Multifunk\u010dn\u00ed pomocn\u00e9 spou\u0161t\u011bc\u00ed za\u0159\u00edzen\u00ed a mobiln\u00ed elektrick\u00e9 nap\u00e1jen\u00ed, 5 v\u00a01, 18\u00a0Ah \u010casov\u011b Omezen\u00e9 -","robots":{"index":"index","follow":"follow","max-snippet":"max-snippet:-1","max-image-preview":"max-image-preview:large","max-video-preview":"max-video-preview:-1"},"canonical":"https:\/\/www.domstavpro.com\/index.php\/produkt\/bgs-multifunkcni-pomocne-spousteci-zarizeni-a-mobilni-elektricke-napajeni-5-v-1-18-ah-casove-omezene-15322\/","og_locale":"cs_CZ","og_type":"article","og_title":"BGS Multifunk\u010dn\u00ed pomocn\u00e9 spou\u0161t\u011bc\u00ed za\u0159\u00edzen\u00ed a mobiln\u00ed elektrick\u00e9 nap\u00e1jen\u00ed, 5 v\u00a01, 18\u00a0Ah \u010casov\u011b Omezen\u00e9 -","og_description":"p\u0159enosn\u00e1 elektr\u00e1rna s kapacitou 18 Ah odoln\u00e1, robustn\u00ed a zes\u00edlen\u00e1 plastov\u00e1 pouzdrov\u00e1 konstrukce pro nab\u00edjen\u00ed d\u016fle\u017eit\u00fdch za\u0159\u00edzen\u00ed nez\u00e1visle na sob\u011b a v\u017edy p\u0159ipravena k pou\u017eit\u00ed plastov\u00e1 rukoje\u0165 pro velk\u00e9 zat\u00ed\u017een\u00ed \u2013 s velkorys\u00fdm vybr\u00e1n\u00edm pro snadnou p\u0159epravu s ochrann\u00fdm obvodem a automatickou pojistkou zapnut\u00ed\/vypnut\u00ed indik\u00e1tor stavu nabit\u00ed dr\u017e\u00e1k pro startovac\u00ed kabely \/ svorky spojuje 5 [&hellip;]","og_url":"https:\/\/www.domstavpro.com\/index.php\/produkt\/bgs-multifunkcni-pomocne-spousteci-zarizeni-a-mobilni-elektricke-napajeni-5-v-1-18-ah-casove-omezene-15322\/","og_image":[{"width":1000,"height":525,"url":"https:\/\/www.domstavpro.com\/wp-content\/uploads\/2026\/SK0026836-CZ20260425-093449-0-1777080896-bgs-multifunkcni-pomocne-spousteci-zarizeni-a-mobilni-elekt.webp","type":"image\/webp"}],"twitter_card":"summary_large_image","twitter_misc":{"Odhadovan\u00e1 doba \u010dten\u00ed":"1 minuta"},"schema":{"@context":"https:\/\/schema.org","@graph":[{"@type":"WebPage","@id":"https:\/\/www.domstavpro.com\/index.php\/produkt\/bgs-multifunkcni-pomocne-spousteci-zarizeni-a-mobilni-elektricke-napajeni-5-v-1-18-ah-casove-omezene-15322\/","url":"https:\/\/www.domstavpro.com\/index.php\/produkt\/bgs-multifunkcni-pomocne-spousteci-zarizeni-a-mobilni-elektricke-napajeni-5-v-1-18-ah-casove-omezene-15322\/","name":"BGS Multifunk\u010dn\u00ed pomocn\u00e9 spou\u0161t\u011bc\u00ed za\u0159\u00edzen\u00ed a mobiln\u00ed elektrick\u00e9 nap\u00e1jen\u00ed, 5 v\u00a01, 18\u00a0Ah \u010casov\u011b Omezen\u00e9 -","isPartOf":{"@id":"https:\/\/www.domstavpro.com\/#website"},"primaryImageOfPage":{"@id":"https:\/\/www.domstavpro.com\/index.php\/produkt\/bgs-multifunkcni-pomocne-spousteci-zarizeni-a-mobilni-elektricke-napajeni-5-v-1-18-ah-casove-omezene-15322\/#primaryimage"},"image":{"@id":"https:\/\/www.domstavpro.com\/index.php\/produkt\/bgs-multifunkcni-pomocne-spousteci-zarizeni-a-mobilni-elektricke-napajeni-5-v-1-18-ah-casove-omezene-15322\/#primaryimage"},"thumbnailUrl":"https:\/\/www.domstavpro.com\/wp-content\/uploads\/2026\/SK0026836-CZ20260425-093449-0-1777080896-bgs-multifunkcni-pomocne-spousteci-zarizeni-a-mobilni-elekt.webp","datePublished":"2026-04-27T15:08:29+00:00","breadcrumb":{"@id":"https:\/\/www.domstavpro.com\/index.php\/produkt\/bgs-multifunkcni-pomocne-spousteci-zarizeni-a-mobilni-elektricke-napajeni-5-v-1-18-ah-casove-omezene-15322\/#breadcrumb"},"inLanguage":"cs","potentialAction":[{"@type":"ReadAction","target":["https:\/\/www.domstavpro.com\/index.php\/produkt\/bgs-multifunkcni-pomocne-spousteci-zarizeni-a-mobilni-elektricke-napajeni-5-v-1-18-ah-casove-omezene-15322\/"]}]},{"@type":"ImageObject","inLanguage":"cs","@id":"https:\/\/www.domstavpro.com\/index.php\/produkt\/bgs-multifunkcni-pomocne-spousteci-zarizeni-a-mobilni-elektricke-napajeni-5-v-1-18-ah-casove-omezene-15322\/#primaryimage","url":"https:\/\/www.domstavpro.com\/wp-content\/uploads\/2026\/SK0026836-CZ20260425-093449-0-1777080896-bgs-multifunkcni-pomocne-spousteci-zarizeni-a-mobilni-elekt.webp","contentUrl":"https:\/\/www.domstavpro.com\/wp-content\/uploads\/2026\/SK0026836-CZ20260425-093449-0-1777080896-bgs-multifunkcni-pomocne-spousteci-zarizeni-a-mobilni-elekt.webp","width":1000,"height":525},{"@type":"BreadcrumbList","@id":"https:\/\/www.domstavpro.com\/index.php\/produkt\/bgs-multifunkcni-pomocne-spousteci-zarizeni-a-mobilni-elektricke-napajeni-5-v-1-18-ah-casove-omezene-15322\/#breadcrumb","itemListElement":[{"@type":"ListItem","position":1,"name":"Home","item":"https:\/\/www.domstavpro.com\/"},{"@type":"ListItem","position":2,"name":"Products","item":"https:\/\/www.domstavpro.com\/index.php\/products\/"},{"@type":"ListItem","position":3,"name":"BGS Multifunk\u010dn\u00ed pomocn\u00e9 spou\u0161t\u011bc\u00ed za\u0159\u00edzen\u00ed a mobiln\u00ed elektrick\u00e9 nap\u00e1jen\u00ed, 5 v\u00a01, 18\u00a0Ah \u010casov\u011b Omezen\u00e9"}]},{"@type":"WebSite","@id":"https:\/\/www.domstavpro.com\/#website","url":"https:\/\/www.domstavpro.com\/","name":"","description":"","potentialAction":[{"@type":"SearchAction","target":{"@type":"EntryPoint","urlTemplate":"https:\/\/www.domstavpro.com\/?s={search_term_string}"},"query-input":{"@type":"PropertyValueSpecification","valueRequired":true,"valueName":"search_term_string"}}],"inLanguage":"cs"}]}},"_links":{"self":[{"href":"https:\/\/www.domstavpro.com\/index.php\/wp-json\/wp\/v2\/product\/15322","targetHints":{"allow":["GET"]}}],"collection":[{"href":"https:\/\/www.domstavpro.com\/index.php\/wp-json\/wp\/v2\/product"}],"about":[{"href":"https:\/\/www.domstavpro.com\/index.php\/wp-json\/wp\/v2\/types\/product"}],"replies":[{"embeddable":true,"href":"https:\/\/www.domstavpro.com\/index.php\/wp-json\/wp\/v2\/comments?post=15322"}],"wp:featuredmedia":[{"embeddable":true,"href":"https:\/\/www.domstavpro.com\/index.php\/wp-json\/wp\/v2\/media\/15422"}],"wp:attachment":[{"href":"https:\/\/www.domstavpro.com\/index.php\/wp-json\/wp\/v2\/media?parent=15322"}],"wp:term":[{"taxonomy":"product_brand","embeddable":true,"href":"https:\/\/www.domstavpro.com\/index.php\/wp-json\/wp\/v2\/product_brand?post=15322"},{"taxonomy":"product_cat","embeddable":true,"href":"https:\/\/www.domstavpro.com\/index.php\/wp-json\/wp\/v2\/product_cat?post=15322"},{"taxonomy":"product_tag","embeddable":true,"href":"https:\/\/www.domstavpro.com\/index.php\/wp-json\/wp\/v2\/product_tag?post=15322"}],"curies":[{"name":"wp","href":"https:\/\/api.w.org\/{rel}","templated":true}]}}