{"id":15321,"date":"2026-04-27T15:08:29","date_gmt":"2026-04-27T15:08:29","guid":{"rendered":""},"modified":"2026-04-27T15:08:29","modified_gmt":"2026-04-27T15:08:29","slug":"akcni-cena-bgs-akumulatorovy-vzduchovy-kompresor-15321","status":"publish","type":"product","link":"https:\/\/www.domstavpro.com\/index.php\/produkt\/akcni-cena-bgs-akumulatorovy-vzduchovy-kompresor-15321\/","title":{"rendered":"Ak\u010dn\u00ed Cena BGS Akumul\u00e1torov\u00fd vzduchov\u00fd kompresor"},"content":{"rendered":"<div id=\"e7858384\" class=\"pages\">\n<div>\n<div id=\"PDDescription\" class=\"UserContentView userContent v1a v1 bs-view dcon dc164 PDDescription\" ><dc-con><dc-con><bs-empty><\/bs-empty><\/dc-con><dc-con>        <\/p>\n<div class=\"customDescription\">                    <\/div>\n<p><\/dc-con><dc-con><\/p>\n<ul>\n<li>velmi \u0161ikovn\u00e1 a v\u00fdkonn\u00e1 bateriov\u00e1 vzduchov\u00e1 pumpa<\/li>\n<li>\u0161irok\u00e1 \u0161k\u00e1la aplikac\u00ed ve spojen\u00ed s v\u00fdm\u011bnn\u00fdmi ventilov\u00fdmi n\u00e1stavci<\/li>\n<li>vhodn\u00e1 pro hu\u0161t\u011bn\u00ed pneumatik vozidel a j\u00edzdn\u00edch kol a nafukovac\u00edch hra\u010dek a sportovn\u00edch pot\u0159eb <\/li>\n<li>pro na\u0161roubov\u00e1n\u00ed hadice (d\u00e9lka: 135 mm) na ventilky<\/li>\n<li>digit\u00e1ln\u00ed LCD displej pro nastaven\u00ed po\u017eadovan\u00e9ho tlaku v pneumatik\u00e1ch<\/li>\n<li>jednotky tlaku:\u00a010,3 bar (150 PSI)<\/li>\n<li>vzduchov\u00fd kompresor lze provozovat pomoc\u00ed dvou r\u016fzn\u00fdch zdroj\u016f energie<\/li>\n<li>v\u010d. nab\u00edjec\u00ed kabel s p\u0159ipojen\u00edm do z\u00e1str\u010dky zapalova\u010de<\/li>\n<li>v\u010d. lithium-iontov\u00e1 baterie s nap\u00e1jec\u00edm zdrojem<\/li>\n<li>s LED sv\u00edtilnou pro osv\u011btlen\u00ed pracovn\u00ed plochy<\/li>\n<li>vizu\u00e1ln\u00ed displej stavu baterie se 3 LED diodami<\/li>\n<li>funkce automatick\u00e9ho zastaven\u00ed co nejd\u0159\u00edve p\u0159i dosa\u017een\u00ed p\u0159ednastaven\u00e9ho tlaku v pneumatik\u00e1ch<\/li>\n<li>LED sv\u011btlo<\/li>\n<\/ul>\n<ul>\n<li>Kapacita baterie: 2000 mAh<\/li>\n<li>Proud: 4,5 A<\/li>\n<li>\u0160pi\u010dkov\u00fd proud: 8 A<\/li>\n<li>V\u00fdstup USB: 5 V \/ 1 A<\/li>\n<\/ul>\n<p><strong>Rozsah dod\u00e1vky:<\/strong><\/p>\n<p>< ul><\/p>\n<li>1 akumul\u00e1torov\u00e1 vzduchov\u00e1 pumpa<\/li>\n<li>1 lithium-iontov\u00e1 baterie 12 V<\/li>\n<li>1 bateriov\u00fd adapt\u00e9r s 12 V nab\u00edjec\u00edm kabelem do auta (1 m) pro z\u00e1str\u010dku zapalova\u010de<\/li >\n<li>1 adapt\u00e9r ve tvaru jehly (na sportovn\u00ed n\u00e1\u010din\u00ed a m\u00ed\u010de)<\/li>\n<li>2 adapt\u00e9ry k\u00f3nick\u00fd hrot (pro lod\u011b, nafukovac\u00ed matrace a plaveck\u00e9 pom\u016fcky)<\/li>\n<li>1 nab\u00edje\u010dka, 110\u2013240 V \/ 14,8 V (0,8 A)<\/li>\n<\/ul>\n<p><\/dc-con><\/dc-con><\/div>\n<div id=\"PDDescription2\" class=\"UserContentView userContent v1a v1 bs-view dcon dc165 PDDescription2\" >V\u00dd\u0160KA BALEN\u00cd<\/div>\n<\/p><\/div>\n<div id=\"PDTable3\" class=\"ProductDetailTableView v3a v3 bs-view dcon dc185 PDTable3\" >\n<table>\n<thead><\/thead>\n<tbody>\n<tr class=\"attribute attr_bsshop_maker\">\n<td class=\"caption\">V\u00fdrobce<\/td>\n<td class=\"value\">BGS Technic<\/td>\n<\/tr>\n<\/tbody>\n<\/table>\n<\/div>\n<div id=\"PdProductGpsr\" class=\"ProductGpsrView v1a v1 bs-view dcon dc217 PdProductGpsr\" >\n<div class=\"subject\"><dc-root class=\"dcon dc219\"><span class=\"title\">Zodpov\u011bdn&#253; subjekt:<\/span><dc-con><dc-con><span class=\"company\">BGS technik KG<\/span><span class=\"name\">BGS Technic<\/span><\/dc-con><dc-con><span class=\"street\">Bandwirkerstr. 3<\/span><span class=\"city\">Wermelskirchen<\/span><span class=\"zip\">429 29<\/span><span class=\"country\">N\u011bmecko<\/span><\/dc-con><span class=\"email\">mail@bgs-technic.de<\/span><span class=\"phone\">+49 2196-720480<\/span><bs-empty><\/bs-empty><a href=\"https:\/\/www.bgstechnic.com\/\" class=\"link\" target=\"_blank\">https:\/\/www.bgstechnic.com\/<\/a><\/dc-con><bs-empty><\/bs-empty><\/dc-root><\/div>\n<p><bs-empty><\/bs-empty><\/div>\n<\/div>\n<div id=\"e7858385\" class=\"tabs\">\n","protected":false},"excerpt":{"rendered":"<p>velmi \u0161ikovn\u00e1 a v\u00fdkonn\u00e1 bateriov\u00e1 vzduchov\u00e1 pumpa \u0161irok\u00e1 \u0161k\u00e1la aplikac\u00ed ve spojen\u00ed s v\u00fdm\u011bnn\u00fdmi ventilov\u00fdmi n\u00e1stavci vhodn\u00e1 pro hu\u0161t\u011bn\u00ed pneumatik vozidel a j\u00edzdn\u00edch kol a nafukovac\u00edch hra\u010dek a sportovn\u00edch pot\u0159eb pro na\u0161roubov\u00e1n\u00ed hadice (d\u00e9lka: 135 mm) na ventilky digit\u00e1ln\u00ed LCD displej pro nastaven\u00ed po\u017eadovan\u00e9ho tlaku v pneumatik\u00e1ch jednotky tlaku:\u00a010,3 bar (150 PSI) vzduchov\u00fd kompresor lze [&hellip;]<\/p>\n","protected":false},"featured_media":15421,"comment_status":"open","ping_status":"open","template":"","meta":[],"product_brand":[],"product_cat":[64],"product_tag":[],"class_list":{"0":"post-15321","1":"product","2":"type-product","3":"status-publish","4":"has-post-thumbnail","6":"product_cat-rucn-237-n-225-rad-237-a-d-237-lna","8":"first","9":"instock","10":"sale","11":"shipping-taxable","12":"purchasable","13":"product-type-simple"},"yoast_head":"<!-- This site is optimized with the Yoast SEO plugin v26.8 - https:\/\/yoast.com\/product\/yoast-seo-wordpress\/ -->\n<title>Ak\u010dn\u00ed Cena BGS Akumul\u00e1torov\u00fd vzduchov\u00fd kompresor -<\/title>\n<meta name=\"robots\" content=\"index, follow, max-snippet:-1, max-image-preview:large, max-video-preview:-1\" \/>\n<link rel=\"canonical\" href=\"https:\/\/www.domstavpro.com\/index.php\/produkt\/akcni-cena-bgs-akumulatorovy-vzduchovy-kompresor-15321\/\" \/>\n<meta property=\"og:locale\" content=\"cs_CZ\" \/>\n<meta property=\"og:type\" content=\"article\" \/>\n<meta property=\"og:title\" content=\"Ak\u010dn\u00ed Cena BGS Akumul\u00e1torov\u00fd vzduchov\u00fd kompresor -\" \/>\n<meta property=\"og:description\" content=\"velmi \u0161ikovn\u00e1 a v\u00fdkonn\u00e1 bateriov\u00e1 vzduchov\u00e1 pumpa \u0161irok\u00e1 \u0161k\u00e1la aplikac\u00ed ve spojen\u00ed s v\u00fdm\u011bnn\u00fdmi ventilov\u00fdmi n\u00e1stavci vhodn\u00e1 pro hu\u0161t\u011bn\u00ed pneumatik vozidel a j\u00edzdn\u00edch kol a nafukovac\u00edch hra\u010dek a sportovn\u00edch pot\u0159eb pro na\u0161roubov\u00e1n\u00ed hadice (d\u00e9lka: 135 mm) na ventilky digit\u00e1ln\u00ed LCD displej pro nastaven\u00ed po\u017eadovan\u00e9ho tlaku v pneumatik\u00e1ch jednotky tlaku:\u00a010,3 bar (150 PSI) vzduchov\u00fd kompresor lze [&hellip;]\" \/>\n<meta property=\"og:url\" content=\"https:\/\/www.domstavpro.com\/index.php\/produkt\/akcni-cena-bgs-akumulatorovy-vzduchovy-kompresor-15321\/\" \/>\n<meta property=\"og:image\" content=\"https:\/\/www.domstavpro.com\/wp-content\/uploads\/2026\/SK0026835-CZ20260425-093449-0-1777080896-bgs-akumulatorovy-vzduchovy-kompresor.webp\" \/>\n\t<meta property=\"og:image:width\" content=\"1000\" \/>\n\t<meta property=\"og:image:height\" content=\"525\" \/>\n\t<meta property=\"og:image:type\" content=\"image\/webp\" \/>\n<meta name=\"twitter:card\" content=\"summary_large_image\" \/>\n<meta name=\"twitter:label1\" content=\"Odhadovan\u00e1 doba \u010dten\u00ed\" \/>\n\t<meta name=\"twitter:data1\" content=\"1 minuta\" \/>\n<script type=\"application\/ld+json\" class=\"yoast-schema-graph\">{\"@context\":\"https:\/\/schema.org\",\"@graph\":[{\"@type\":\"WebPage\",\"@id\":\"https:\/\/www.domstavpro.com\/index.php\/produkt\/akcni-cena-bgs-akumulatorovy-vzduchovy-kompresor-15321\/\",\"url\":\"https:\/\/www.domstavpro.com\/index.php\/produkt\/akcni-cena-bgs-akumulatorovy-vzduchovy-kompresor-15321\/\",\"name\":\"Ak\u010dn\u00ed Cena BGS Akumul\u00e1torov\u00fd vzduchov\u00fd kompresor -\",\"isPartOf\":{\"@id\":\"https:\/\/www.domstavpro.com\/#website\"},\"primaryImageOfPage\":{\"@id\":\"https:\/\/www.domstavpro.com\/index.php\/produkt\/akcni-cena-bgs-akumulatorovy-vzduchovy-kompresor-15321\/#primaryimage\"},\"image\":{\"@id\":\"https:\/\/www.domstavpro.com\/index.php\/produkt\/akcni-cena-bgs-akumulatorovy-vzduchovy-kompresor-15321\/#primaryimage\"},\"thumbnailUrl\":\"https:\/\/www.domstavpro.com\/wp-content\/uploads\/2026\/SK0026835-CZ20260425-093449-0-1777080896-bgs-akumulatorovy-vzduchovy-kompresor.webp\",\"datePublished\":\"2026-04-27T15:08:29+00:00\",\"breadcrumb\":{\"@id\":\"https:\/\/www.domstavpro.com\/index.php\/produkt\/akcni-cena-bgs-akumulatorovy-vzduchovy-kompresor-15321\/#breadcrumb\"},\"inLanguage\":\"cs\",\"potentialAction\":[{\"@type\":\"ReadAction\",\"target\":[\"https:\/\/www.domstavpro.com\/index.php\/produkt\/akcni-cena-bgs-akumulatorovy-vzduchovy-kompresor-15321\/\"]}]},{\"@type\":\"ImageObject\",\"inLanguage\":\"cs\",\"@id\":\"https:\/\/www.domstavpro.com\/index.php\/produkt\/akcni-cena-bgs-akumulatorovy-vzduchovy-kompresor-15321\/#primaryimage\",\"url\":\"https:\/\/www.domstavpro.com\/wp-content\/uploads\/2026\/SK0026835-CZ20260425-093449-0-1777080896-bgs-akumulatorovy-vzduchovy-kompresor.webp\",\"contentUrl\":\"https:\/\/www.domstavpro.com\/wp-content\/uploads\/2026\/SK0026835-CZ20260425-093449-0-1777080896-bgs-akumulatorovy-vzduchovy-kompresor.webp\",\"width\":1000,\"height\":525},{\"@type\":\"BreadcrumbList\",\"@id\":\"https:\/\/www.domstavpro.com\/index.php\/produkt\/akcni-cena-bgs-akumulatorovy-vzduchovy-kompresor-15321\/#breadcrumb\",\"itemListElement\":[{\"@type\":\"ListItem\",\"position\":1,\"name\":\"Home\",\"item\":\"https:\/\/www.domstavpro.com\/\"},{\"@type\":\"ListItem\",\"position\":2,\"name\":\"Products\",\"item\":\"https:\/\/www.domstavpro.com\/index.php\/products\/\"},{\"@type\":\"ListItem\",\"position\":3,\"name\":\"Ak\u010dn\u00ed Cena BGS Akumul\u00e1torov\u00fd vzduchov\u00fd kompresor\"}]},{\"@type\":\"WebSite\",\"@id\":\"https:\/\/www.domstavpro.com\/#website\",\"url\":\"https:\/\/www.domstavpro.com\/\",\"name\":\"\",\"description\":\"\",\"potentialAction\":[{\"@type\":\"SearchAction\",\"target\":{\"@type\":\"EntryPoint\",\"urlTemplate\":\"https:\/\/www.domstavpro.com\/?s={search_term_string}\"},\"query-input\":{\"@type\":\"PropertyValueSpecification\",\"valueRequired\":true,\"valueName\":\"search_term_string\"}}],\"inLanguage\":\"cs\"}]}<\/script>\n<!-- \/ Yoast SEO plugin. -->","yoast_head_json":{"title":"Ak\u010dn\u00ed Cena BGS Akumul\u00e1torov\u00fd vzduchov\u00fd kompresor -","robots":{"index":"index","follow":"follow","max-snippet":"max-snippet:-1","max-image-preview":"max-image-preview:large","max-video-preview":"max-video-preview:-1"},"canonical":"https:\/\/www.domstavpro.com\/index.php\/produkt\/akcni-cena-bgs-akumulatorovy-vzduchovy-kompresor-15321\/","og_locale":"cs_CZ","og_type":"article","og_title":"Ak\u010dn\u00ed Cena BGS Akumul\u00e1torov\u00fd vzduchov\u00fd kompresor -","og_description":"velmi \u0161ikovn\u00e1 a v\u00fdkonn\u00e1 bateriov\u00e1 vzduchov\u00e1 pumpa \u0161irok\u00e1 \u0161k\u00e1la aplikac\u00ed ve spojen\u00ed s v\u00fdm\u011bnn\u00fdmi ventilov\u00fdmi n\u00e1stavci vhodn\u00e1 pro hu\u0161t\u011bn\u00ed pneumatik vozidel a j\u00edzdn\u00edch kol a nafukovac\u00edch hra\u010dek a sportovn\u00edch pot\u0159eb pro na\u0161roubov\u00e1n\u00ed hadice (d\u00e9lka: 135 mm) na ventilky digit\u00e1ln\u00ed LCD displej pro nastaven\u00ed po\u017eadovan\u00e9ho tlaku v pneumatik\u00e1ch jednotky tlaku:\u00a010,3 bar (150 PSI) vzduchov\u00fd kompresor lze [&hellip;]","og_url":"https:\/\/www.domstavpro.com\/index.php\/produkt\/akcni-cena-bgs-akumulatorovy-vzduchovy-kompresor-15321\/","og_image":[{"width":1000,"height":525,"url":"https:\/\/www.domstavpro.com\/wp-content\/uploads\/2026\/SK0026835-CZ20260425-093449-0-1777080896-bgs-akumulatorovy-vzduchovy-kompresor.webp","type":"image\/webp"}],"twitter_card":"summary_large_image","twitter_misc":{"Odhadovan\u00e1 doba \u010dten\u00ed":"1 minuta"},"schema":{"@context":"https:\/\/schema.org","@graph":[{"@type":"WebPage","@id":"https:\/\/www.domstavpro.com\/index.php\/produkt\/akcni-cena-bgs-akumulatorovy-vzduchovy-kompresor-15321\/","url":"https:\/\/www.domstavpro.com\/index.php\/produkt\/akcni-cena-bgs-akumulatorovy-vzduchovy-kompresor-15321\/","name":"Ak\u010dn\u00ed Cena BGS Akumul\u00e1torov\u00fd vzduchov\u00fd kompresor -","isPartOf":{"@id":"https:\/\/www.domstavpro.com\/#website"},"primaryImageOfPage":{"@id":"https:\/\/www.domstavpro.com\/index.php\/produkt\/akcni-cena-bgs-akumulatorovy-vzduchovy-kompresor-15321\/#primaryimage"},"image":{"@id":"https:\/\/www.domstavpro.com\/index.php\/produkt\/akcni-cena-bgs-akumulatorovy-vzduchovy-kompresor-15321\/#primaryimage"},"thumbnailUrl":"https:\/\/www.domstavpro.com\/wp-content\/uploads\/2026\/SK0026835-CZ20260425-093449-0-1777080896-bgs-akumulatorovy-vzduchovy-kompresor.webp","datePublished":"2026-04-27T15:08:29+00:00","breadcrumb":{"@id":"https:\/\/www.domstavpro.com\/index.php\/produkt\/akcni-cena-bgs-akumulatorovy-vzduchovy-kompresor-15321\/#breadcrumb"},"inLanguage":"cs","potentialAction":[{"@type":"ReadAction","target":["https:\/\/www.domstavpro.com\/index.php\/produkt\/akcni-cena-bgs-akumulatorovy-vzduchovy-kompresor-15321\/"]}]},{"@type":"ImageObject","inLanguage":"cs","@id":"https:\/\/www.domstavpro.com\/index.php\/produkt\/akcni-cena-bgs-akumulatorovy-vzduchovy-kompresor-15321\/#primaryimage","url":"https:\/\/www.domstavpro.com\/wp-content\/uploads\/2026\/SK0026835-CZ20260425-093449-0-1777080896-bgs-akumulatorovy-vzduchovy-kompresor.webp","contentUrl":"https:\/\/www.domstavpro.com\/wp-content\/uploads\/2026\/SK0026835-CZ20260425-093449-0-1777080896-bgs-akumulatorovy-vzduchovy-kompresor.webp","width":1000,"height":525},{"@type":"BreadcrumbList","@id":"https:\/\/www.domstavpro.com\/index.php\/produkt\/akcni-cena-bgs-akumulatorovy-vzduchovy-kompresor-15321\/#breadcrumb","itemListElement":[{"@type":"ListItem","position":1,"name":"Home","item":"https:\/\/www.domstavpro.com\/"},{"@type":"ListItem","position":2,"name":"Products","item":"https:\/\/www.domstavpro.com\/index.php\/products\/"},{"@type":"ListItem","position":3,"name":"Ak\u010dn\u00ed Cena BGS Akumul\u00e1torov\u00fd vzduchov\u00fd kompresor"}]},{"@type":"WebSite","@id":"https:\/\/www.domstavpro.com\/#website","url":"https:\/\/www.domstavpro.com\/","name":"","description":"","potentialAction":[{"@type":"SearchAction","target":{"@type":"EntryPoint","urlTemplate":"https:\/\/www.domstavpro.com\/?s={search_term_string}"},"query-input":{"@type":"PropertyValueSpecification","valueRequired":true,"valueName":"search_term_string"}}],"inLanguage":"cs"}]}},"_links":{"self":[{"href":"https:\/\/www.domstavpro.com\/index.php\/wp-json\/wp\/v2\/product\/15321","targetHints":{"allow":["GET"]}}],"collection":[{"href":"https:\/\/www.domstavpro.com\/index.php\/wp-json\/wp\/v2\/product"}],"about":[{"href":"https:\/\/www.domstavpro.com\/index.php\/wp-json\/wp\/v2\/types\/product"}],"replies":[{"embeddable":true,"href":"https:\/\/www.domstavpro.com\/index.php\/wp-json\/wp\/v2\/comments?post=15321"}],"wp:featuredmedia":[{"embeddable":true,"href":"https:\/\/www.domstavpro.com\/index.php\/wp-json\/wp\/v2\/media\/15421"}],"wp:attachment":[{"href":"https:\/\/www.domstavpro.com\/index.php\/wp-json\/wp\/v2\/media?parent=15321"}],"wp:term":[{"taxonomy":"product_brand","embeddable":true,"href":"https:\/\/www.domstavpro.com\/index.php\/wp-json\/wp\/v2\/product_brand?post=15321"},{"taxonomy":"product_cat","embeddable":true,"href":"https:\/\/www.domstavpro.com\/index.php\/wp-json\/wp\/v2\/product_cat?post=15321"},{"taxonomy":"product_tag","embeddable":true,"href":"https:\/\/www.domstavpro.com\/index.php\/wp-json\/wp\/v2\/product_tag?post=15321"}],"curies":[{"name":"wp","href":"https:\/\/api.w.org\/{rel}","templated":true}]}}