{"id":15319,"date":"2026-04-27T15:08:29","date_gmt":"2026-04-27T15:08:29","guid":{"rendered":""},"modified":"2026-04-27T15:08:29","modified_gmt":"2026-04-27T15:08:29","slug":"zlevneny-protherm-regulator-sestava-set-miset-vcetne-kabeloveho-venk-cidla-15319","status":"publish","type":"product","link":"https:\/\/www.domstavpro.com\/produkt\/zlevneny-protherm-regulator-sestava-set-miset-vcetne-kabeloveho-venk-cidla-15319\/","title":{"rendered":"Zlevn\u011bn\u00fd PROTHERM Regul\u00e1tor sestava Set MiSet v\u010detn\u011b kabelov\u00e9ho venk. \u010didla"},"content":{"rendered":"<div id=\"e7853855\" class=\"pages\">\n<div>\n<div id=\"PDDescription\" class=\"UserContentView userContent v1a v1 bs-view dcon dc164 PDDescription\" ><dc-con><dc-con><bs-empty><\/bs-empty><\/dc-con><dc-con>        <\/p>\n<div class=\"customDescription\">                    <\/div>\n<p><\/dc-con><dc-con><\/p>\n<p><strong>Protherm regul\u00e1tor sestava Set MiSet v\u010detn\u011b kabelov\u00e9ho venk. \u010didla<\/strong><\/p>\n<p><strong>Tento termostat nelze p\u0159ipojit na Wi-Fi a ovladat pomoc\u00ed mobiln\u00edho telefonu.<\/strong><\/p>\n<p>Sestava regul\u00e1toru MiSet a kabelov\u00e9ho venkovn\u00edho \u010didla.<\/p>\n<p>MiSet (SRT 380) Prostorov\u00fd regul\u00e1tor s ekvitermn\u00ed regulac\u00ed (po p\u0159ipojen\u00ed venkovn\u00edho \u010didla) a eBus komunikac\u00ed umo\u017e\u0148uje nastavit t\u00fddenn\u00ed program s mo\u017enost\u00ed kombinace 12 r\u016fzn\u00fdch \u010dasov\u00fdch \u00fasek\u016f. Pomoc\u00ed regul\u00e1toru je mo\u017en\u00e9 nastavit program teploty tepl\u00e9 vody, po\u017eadovanou komfortn\u00ed a \u00fatlumovou teplotu v m\u00edstnosti a ekvitermn\u00ed re\u017eim, bez pou\u017eit\u00ed bateri\u00ed &#8211; regul\u00e1tor je nap\u00e1jen z kotle. Ur\u010deno pro v\u0161echny kotle Protherm.<\/p>\n<p><\/dc-con><\/dc-con><\/div>\n<\/p><\/div>\n<div id=\"PDTable3\" class=\"ProductDetailTableView v3a v3 bs-view dcon dc185 PDTable3\" >\n<table>\n<thead><\/thead>\n<tbody>\n<tr class=\"attribute attr_typ\">\n<td class=\"caption\">Typ<\/td>\n<td class=\"value\">Dr\u00e1tov\u00e9<\/td>\n<\/tr>\n<tr class=\"attribute attr_kategorie\">\n<td class=\"caption\">Kategorie<\/td>\n<td class=\"value\">Digit\u00e1ln\u00ed<\/td>\n<\/tr>\n<tr class=\"attribute attr_bsshop_maker\">\n<td class=\"caption\">V\u00fdrobce<\/td>\n<td class=\"value\">Protherm<\/td>\n<\/tr>\n<\/tbody>\n<\/table>\n<\/div>\n<div id=\"ProductMedia\" class=\"ProductMediaView MediaViewBase v1a v1 bs-view dcon dc409 ProductMedia\" ><bs-empty><\/bs-empty><\/p>\n<div class=\"files\">\n<div class=\"title sub\">Soubory<\/div>\n<p><a href=\"\/media\/9732\/projekcni-podklady-miset-srt-380f.pdf?&amp;key=ZGpmIyQwNUZfOTczMg==\" class=\"pdf\">Projek\u010dn&#237; podklady MiSet SRT 380f<\/a><a href=\"\/media\/9733\/navod-k-obsluze-a-k-instalaci-miset-srt-380f.pdf?&amp;key=ZGpmIyQwNUZfOTczMw==\" class=\"pdf\">N&#225;vod k obsluze a k instalaci MiSet SRT 380f<\/a><a href=\"\/media\/9734\/miset-srt-380f.pdf?&amp;key=ZGpmIyQwNUZfOTczNA==\" class=\"pdf\">miset_SRT_380f<\/a><\/div>\n<p><bs-empty><\/bs-empty><\/div>\n<\/div>\n<div id=\"e7853856\" class=\"tabs\">\n","protected":false},"excerpt":{"rendered":"<p>Protherm regul\u00e1tor sestava Set MiSet v\u010detn\u011b kabelov\u00e9ho venk. \u010didla Tento termostat nelze p\u0159ipojit na Wi-Fi a ovladat pomoc\u00ed mobiln\u00edho telefonu. Sestava regul\u00e1toru MiSet a kabelov\u00e9ho venkovn\u00edho \u010didla. MiSet (SRT 380) Prostorov\u00fd regul\u00e1tor s ekvitermn\u00ed regulac\u00ed (po p\u0159ipojen\u00ed venkovn\u00edho \u010didla) a eBus komunikac\u00ed umo\u017e\u0148uje nastavit t\u00fddenn\u00ed program s mo\u017enost\u00ed kombinace 12 r\u016fzn\u00fdch \u010dasov\u00fdch \u00fasek\u016f. Pomoc\u00ed regul\u00e1toru [&hellip;]<\/p>\n","protected":false},"featured_media":15419,"template":"","meta":[],"product_brand":[],"product_cat":[62],"product_tag":[],"class_list":{"0":"post-15319","1":"product","2":"type-product","3":"status-publish","4":"has-post-thumbnail","6":"product_cat-regulace-termostaty","8":"first","9":"instock","10":"sale","11":"shipping-taxable","12":"purchasable","13":"product-type-simple"},"yoast_head":"<!-- This site is optimized with the Yoast SEO plugin v26.8 - https:\/\/yoast.com\/product\/yoast-seo-wordpress\/ -->\n<title>Zlevn\u011bn\u00fd PROTHERM Regul\u00e1tor sestava Set MiSet v\u010detn\u011b kabelov\u00e9ho venk. \u010didla - Hlavn\u00ed kl\u00ed\u010dov\u00e1 slova<\/title>\n<meta name=\"robots\" content=\"index, follow, max-snippet:-1, max-image-preview:large, max-video-preview:-1\" \/>\n<link rel=\"canonical\" href=\"https:\/\/www.domstavpro.com\/index.php\/produkt\/zlevneny-protherm-regulator-sestava-set-miset-vcetne-kabeloveho-venk-cidla-15319\/\" \/>\n<meta property=\"og:locale\" content=\"cs_CZ\" \/>\n<meta property=\"og:type\" content=\"article\" \/>\n<meta property=\"og:title\" content=\"Zlevn\u011bn\u00fd PROTHERM Regul\u00e1tor sestava Set MiSet v\u010detn\u011b kabelov\u00e9ho venk. \u010didla - Hlavn\u00ed kl\u00ed\u010dov\u00e1 slova\" \/>\n<meta property=\"og:description\" content=\"Protherm regul\u00e1tor sestava Set MiSet v\u010detn\u011b kabelov\u00e9ho venk. \u010didla Tento termostat nelze p\u0159ipojit na Wi-Fi a ovladat pomoc\u00ed mobiln\u00edho telefonu. Sestava regul\u00e1toru MiSet a kabelov\u00e9ho venkovn\u00edho \u010didla. MiSet (SRT 380) Prostorov\u00fd regul\u00e1tor s ekvitermn\u00ed regulac\u00ed (po p\u0159ipojen\u00ed venkovn\u00edho \u010didla) a eBus komunikac\u00ed umo\u017e\u0148uje nastavit t\u00fddenn\u00ed program s mo\u017enost\u00ed kombinace 12 r\u016fzn\u00fdch \u010dasov\u00fdch \u00fasek\u016f. Pomoc\u00ed regul\u00e1toru [&hellip;]\" \/>\n<meta property=\"og:url\" content=\"https:\/\/www.domstavpro.com\/index.php\/produkt\/zlevneny-protherm-regulator-sestava-set-miset-vcetne-kabeloveho-venk-cidla-15319\/\" \/>\n<meta property=\"og:site_name\" content=\"Hlavn\u00ed kl\u00ed\u010dov\u00e1 slova\" \/>\n<meta property=\"og:image\" content=\"https:\/\/www.domstavpro.com\/wp-content\/uploads\/2026\/SK0026833-CZ20260425-093449-0-1777080896-protherm-regulator-sestava-set-miset-vcetne-kabeloveho-venk.webp\" \/>\n\t<meta property=\"og:image:width\" content=\"1000\" \/>\n\t<meta property=\"og:image:height\" content=\"525\" \/>\n\t<meta property=\"og:image:type\" content=\"image\/webp\" \/>\n<meta name=\"twitter:card\" content=\"summary_large_image\" \/>\n<meta name=\"twitter:label1\" content=\"Odhadovan\u00e1 doba \u010dten\u00ed\" \/>\n\t<meta name=\"twitter:data1\" content=\"1 minuta\" \/>\n<script type=\"application\/ld+json\" class=\"yoast-schema-graph\">{\"@context\":\"https:\/\/schema.org\",\"@graph\":[{\"@type\":\"WebPage\",\"@id\":\"https:\/\/www.domstavpro.com\/index.php\/produkt\/zlevneny-protherm-regulator-sestava-set-miset-vcetne-kabeloveho-venk-cidla-15319\/\",\"url\":\"https:\/\/www.domstavpro.com\/index.php\/produkt\/zlevneny-protherm-regulator-sestava-set-miset-vcetne-kabeloveho-venk-cidla-15319\/\",\"name\":\"Zlevn\u011bn\u00fd PROTHERM Regul\u00e1tor sestava Set MiSet v\u010detn\u011b kabelov\u00e9ho venk. \u010didla - Hlavn\u00ed kl\u00ed\u010dov\u00e1 slova\",\"isPartOf\":{\"@id\":\"https:\/\/www.domstavpro.com\/#website\"},\"primaryImageOfPage\":{\"@id\":\"https:\/\/www.domstavpro.com\/index.php\/produkt\/zlevneny-protherm-regulator-sestava-set-miset-vcetne-kabeloveho-venk-cidla-15319\/#primaryimage\"},\"image\":{\"@id\":\"https:\/\/www.domstavpro.com\/index.php\/produkt\/zlevneny-protherm-regulator-sestava-set-miset-vcetne-kabeloveho-venk-cidla-15319\/#primaryimage\"},\"thumbnailUrl\":\"https:\/\/www.domstavpro.com\/wp-content\/uploads\/2026\/SK0026833-CZ20260425-093449-0-1777080896-protherm-regulator-sestava-set-miset-vcetne-kabeloveho-venk.webp\",\"datePublished\":\"2026-04-27T15:08:29+00:00\",\"breadcrumb\":{\"@id\":\"https:\/\/www.domstavpro.com\/index.php\/produkt\/zlevneny-protherm-regulator-sestava-set-miset-vcetne-kabeloveho-venk-cidla-15319\/#breadcrumb\"},\"inLanguage\":\"cs\",\"potentialAction\":[{\"@type\":\"ReadAction\",\"target\":[\"https:\/\/www.domstavpro.com\/index.php\/produkt\/zlevneny-protherm-regulator-sestava-set-miset-vcetne-kabeloveho-venk-cidla-15319\/\"]}]},{\"@type\":\"ImageObject\",\"inLanguage\":\"cs\",\"@id\":\"https:\/\/www.domstavpro.com\/index.php\/produkt\/zlevneny-protherm-regulator-sestava-set-miset-vcetne-kabeloveho-venk-cidla-15319\/#primaryimage\",\"url\":\"https:\/\/www.domstavpro.com\/wp-content\/uploads\/2026\/SK0026833-CZ20260425-093449-0-1777080896-protherm-regulator-sestava-set-miset-vcetne-kabeloveho-venk.webp\",\"contentUrl\":\"https:\/\/www.domstavpro.com\/wp-content\/uploads\/2026\/SK0026833-CZ20260425-093449-0-1777080896-protherm-regulator-sestava-set-miset-vcetne-kabeloveho-venk.webp\",\"width\":1000,\"height\":525},{\"@type\":\"BreadcrumbList\",\"@id\":\"https:\/\/www.domstavpro.com\/index.php\/produkt\/zlevneny-protherm-regulator-sestava-set-miset-vcetne-kabeloveho-venk-cidla-15319\/#breadcrumb\",\"itemListElement\":[{\"@type\":\"ListItem\",\"position\":1,\"name\":\"Home\",\"item\":\"https:\/\/www.domstavpro.com\/\"},{\"@type\":\"ListItem\",\"position\":2,\"name\":\"Products\",\"item\":\"https:\/\/www.domstavpro.com\/products\/\"},{\"@type\":\"ListItem\",\"position\":3,\"name\":\"Zlevn\u011bn\u00fd PROTHERM Regul\u00e1tor sestava Set MiSet v\u010detn\u011b kabelov\u00e9ho venk. \u010didla\"}]},{\"@type\":\"WebSite\",\"@id\":\"https:\/\/www.domstavpro.com\/#website\",\"url\":\"https:\/\/www.domstavpro.com\/\",\"name\":\"Hlavn\u00ed kl\u00ed\u010dov\u00e1 slova\",\"description\":\"Hlavn\u00ed kl\u00ed\u010dov\u00e1 slova\",\"publisher\":{\"@id\":\"https:\/\/www.domstavpro.com\/#organization\"},\"potentialAction\":[{\"@type\":\"SearchAction\",\"target\":{\"@type\":\"EntryPoint\",\"urlTemplate\":\"https:\/\/www.domstavpro.com\/?s={search_term_string}\"},\"query-input\":{\"@type\":\"PropertyValueSpecification\",\"valueRequired\":true,\"valueName\":\"search_term_string\"}}],\"inLanguage\":\"cs\"},{\"@type\":\"Organization\",\"@id\":\"https:\/\/www.domstavpro.com\/#organization\",\"name\":\"Hlavn\u00ed kl\u00ed\u010dov\u00e1 slova\",\"url\":\"https:\/\/www.domstavpro.com\/\",\"logo\":{\"@type\":\"ImageObject\",\"inLanguage\":\"cs\",\"@id\":\"https:\/\/www.domstavpro.com\/#\/schema\/logo\/image\/\",\"url\":\"https:\/\/www.domstavpro.com\/wp-content\/uploads\/2026\/04\/domstavpro_vector_logo.svg\",\"contentUrl\":\"https:\/\/www.domstavpro.com\/wp-content\/uploads\/2026\/04\/domstavpro_vector_logo.svg\",\"width\":820,\"height\":180,\"caption\":\"Hlavn\u00ed kl\u00ed\u010dov\u00e1 slova\"},\"image\":{\"@id\":\"https:\/\/www.domstavpro.com\/#\/schema\/logo\/image\/\"}}]}<\/script>\n<!-- \/ Yoast SEO plugin. -->","yoast_head_json":{"title":"Zlevn\u011bn\u00fd PROTHERM Regul\u00e1tor sestava Set MiSet v\u010detn\u011b kabelov\u00e9ho venk. \u010didla - Hlavn\u00ed kl\u00ed\u010dov\u00e1 slova","robots":{"index":"index","follow":"follow","max-snippet":"max-snippet:-1","max-image-preview":"max-image-preview:large","max-video-preview":"max-video-preview:-1"},"canonical":"https:\/\/www.domstavpro.com\/index.php\/produkt\/zlevneny-protherm-regulator-sestava-set-miset-vcetne-kabeloveho-venk-cidla-15319\/","og_locale":"cs_CZ","og_type":"article","og_title":"Zlevn\u011bn\u00fd PROTHERM Regul\u00e1tor sestava Set MiSet v\u010detn\u011b kabelov\u00e9ho venk. \u010didla - Hlavn\u00ed kl\u00ed\u010dov\u00e1 slova","og_description":"Protherm regul\u00e1tor sestava Set MiSet v\u010detn\u011b kabelov\u00e9ho venk. \u010didla Tento termostat nelze p\u0159ipojit na Wi-Fi a ovladat pomoc\u00ed mobiln\u00edho telefonu. Sestava regul\u00e1toru MiSet a kabelov\u00e9ho venkovn\u00edho \u010didla. MiSet (SRT 380) Prostorov\u00fd regul\u00e1tor s ekvitermn\u00ed regulac\u00ed (po p\u0159ipojen\u00ed venkovn\u00edho \u010didla) a eBus komunikac\u00ed umo\u017e\u0148uje nastavit t\u00fddenn\u00ed program s mo\u017enost\u00ed kombinace 12 r\u016fzn\u00fdch \u010dasov\u00fdch \u00fasek\u016f. Pomoc\u00ed regul\u00e1toru [&hellip;]","og_url":"https:\/\/www.domstavpro.com\/index.php\/produkt\/zlevneny-protherm-regulator-sestava-set-miset-vcetne-kabeloveho-venk-cidla-15319\/","og_site_name":"Hlavn\u00ed kl\u00ed\u010dov\u00e1 slova","og_image":[{"width":1000,"height":525,"url":"https:\/\/www.domstavpro.com\/wp-content\/uploads\/2026\/SK0026833-CZ20260425-093449-0-1777080896-protherm-regulator-sestava-set-miset-vcetne-kabeloveho-venk.webp","type":"image\/webp"}],"twitter_card":"summary_large_image","twitter_misc":{"Odhadovan\u00e1 doba \u010dten\u00ed":"1 minuta"},"schema":{"@context":"https:\/\/schema.org","@graph":[{"@type":"WebPage","@id":"https:\/\/www.domstavpro.com\/index.php\/produkt\/zlevneny-protherm-regulator-sestava-set-miset-vcetne-kabeloveho-venk-cidla-15319\/","url":"https:\/\/www.domstavpro.com\/index.php\/produkt\/zlevneny-protherm-regulator-sestava-set-miset-vcetne-kabeloveho-venk-cidla-15319\/","name":"Zlevn\u011bn\u00fd PROTHERM Regul\u00e1tor sestava Set MiSet v\u010detn\u011b kabelov\u00e9ho venk. \u010didla - Hlavn\u00ed kl\u00ed\u010dov\u00e1 slova","isPartOf":{"@id":"https:\/\/www.domstavpro.com\/#website"},"primaryImageOfPage":{"@id":"https:\/\/www.domstavpro.com\/index.php\/produkt\/zlevneny-protherm-regulator-sestava-set-miset-vcetne-kabeloveho-venk-cidla-15319\/#primaryimage"},"image":{"@id":"https:\/\/www.domstavpro.com\/index.php\/produkt\/zlevneny-protherm-regulator-sestava-set-miset-vcetne-kabeloveho-venk-cidla-15319\/#primaryimage"},"thumbnailUrl":"https:\/\/www.domstavpro.com\/wp-content\/uploads\/2026\/SK0026833-CZ20260425-093449-0-1777080896-protherm-regulator-sestava-set-miset-vcetne-kabeloveho-venk.webp","datePublished":"2026-04-27T15:08:29+00:00","breadcrumb":{"@id":"https:\/\/www.domstavpro.com\/index.php\/produkt\/zlevneny-protherm-regulator-sestava-set-miset-vcetne-kabeloveho-venk-cidla-15319\/#breadcrumb"},"inLanguage":"cs","potentialAction":[{"@type":"ReadAction","target":["https:\/\/www.domstavpro.com\/index.php\/produkt\/zlevneny-protherm-regulator-sestava-set-miset-vcetne-kabeloveho-venk-cidla-15319\/"]}]},{"@type":"ImageObject","inLanguage":"cs","@id":"https:\/\/www.domstavpro.com\/index.php\/produkt\/zlevneny-protherm-regulator-sestava-set-miset-vcetne-kabeloveho-venk-cidla-15319\/#primaryimage","url":"https:\/\/www.domstavpro.com\/wp-content\/uploads\/2026\/SK0026833-CZ20260425-093449-0-1777080896-protherm-regulator-sestava-set-miset-vcetne-kabeloveho-venk.webp","contentUrl":"https:\/\/www.domstavpro.com\/wp-content\/uploads\/2026\/SK0026833-CZ20260425-093449-0-1777080896-protherm-regulator-sestava-set-miset-vcetne-kabeloveho-venk.webp","width":1000,"height":525},{"@type":"BreadcrumbList","@id":"https:\/\/www.domstavpro.com\/index.php\/produkt\/zlevneny-protherm-regulator-sestava-set-miset-vcetne-kabeloveho-venk-cidla-15319\/#breadcrumb","itemListElement":[{"@type":"ListItem","position":1,"name":"Home","item":"https:\/\/www.domstavpro.com\/"},{"@type":"ListItem","position":2,"name":"Products","item":"https:\/\/www.domstavpro.com\/products\/"},{"@type":"ListItem","position":3,"name":"Zlevn\u011bn\u00fd PROTHERM Regul\u00e1tor sestava Set MiSet v\u010detn\u011b kabelov\u00e9ho venk. \u010didla"}]},{"@type":"WebSite","@id":"https:\/\/www.domstavpro.com\/#website","url":"https:\/\/www.domstavpro.com\/","name":"Hlavn\u00ed kl\u00ed\u010dov\u00e1 slova","description":"Hlavn\u00ed kl\u00ed\u010dov\u00e1 slova","publisher":{"@id":"https:\/\/www.domstavpro.com\/#organization"},"potentialAction":[{"@type":"SearchAction","target":{"@type":"EntryPoint","urlTemplate":"https:\/\/www.domstavpro.com\/?s={search_term_string}"},"query-input":{"@type":"PropertyValueSpecification","valueRequired":true,"valueName":"search_term_string"}}],"inLanguage":"cs"},{"@type":"Organization","@id":"https:\/\/www.domstavpro.com\/#organization","name":"Hlavn\u00ed kl\u00ed\u010dov\u00e1 slova","url":"https:\/\/www.domstavpro.com\/","logo":{"@type":"ImageObject","inLanguage":"cs","@id":"https:\/\/www.domstavpro.com\/#\/schema\/logo\/image\/","url":"https:\/\/www.domstavpro.com\/wp-content\/uploads\/2026\/04\/domstavpro_vector_logo.svg","contentUrl":"https:\/\/www.domstavpro.com\/wp-content\/uploads\/2026\/04\/domstavpro_vector_logo.svg","width":820,"height":180,"caption":"Hlavn\u00ed kl\u00ed\u010dov\u00e1 slova"},"image":{"@id":"https:\/\/www.domstavpro.com\/#\/schema\/logo\/image\/"}}]}},"_links":{"self":[{"href":"https:\/\/www.domstavpro.com\/wp-json\/wp\/v2\/product\/15319","targetHints":{"allow":["GET"]}}],"collection":[{"href":"https:\/\/www.domstavpro.com\/wp-json\/wp\/v2\/product"}],"about":[{"href":"https:\/\/www.domstavpro.com\/wp-json\/wp\/v2\/types\/product"}],"wp:featuredmedia":[{"embeddable":true,"href":"https:\/\/www.domstavpro.com\/wp-json\/wp\/v2\/media\/15419"}],"wp:attachment":[{"href":"https:\/\/www.domstavpro.com\/wp-json\/wp\/v2\/media?parent=15319"}],"wp:term":[{"taxonomy":"product_brand","embeddable":true,"href":"https:\/\/www.domstavpro.com\/wp-json\/wp\/v2\/product_brand?post=15319"},{"taxonomy":"product_cat","embeddable":true,"href":"https:\/\/www.domstavpro.com\/wp-json\/wp\/v2\/product_cat?post=15319"},{"taxonomy":"product_tag","embeddable":true,"href":"https:\/\/www.domstavpro.com\/wp-json\/wp\/v2\/product_tag?post=15319"}],"curies":[{"name":"wp","href":"https:\/\/api.w.org\/{rel}","templated":true}]}}