{"id":15305,"date":"2026-04-27T15:08:29","date_gmt":"2026-04-27T15:08:29","guid":{"rendered":""},"modified":"2026-04-27T15:08:29","modified_gmt":"2026-04-27T15:08:29","slug":"zlevneny-sprchovy-set-z-kory-lite-ctvrtkruh-90-cm-chrom-alu-sklo-grape-a-vanicky-z-liteho-mramoru-15305","status":"publish","type":"product","link":"https:\/\/www.domstavpro.com\/index.php\/produkt\/zlevneny-sprchovy-set-z-kory-lite-ctvrtkruh-90-cm-chrom-alu-sklo-grape-a-vanicky-z-liteho-mramoru-15305\/","title":{"rendered":"Zlevn\u011bn\u00fd Sprchov\u00fd set z Kory Lite, \u010dtvrtkruh, 90 cm, chrom ALU, sklo Grape a vani\u010dky z lit\u00e9ho mramoru."},"content":{"rendered":"<div id=\"e7840582\" class=\"pages\">\n<div>\n<div id=\"PDDescription\" class=\"UserContentView userContent v1a v1 bs-view dcon dc164 PDDescription\" ><dc-con><dc-con><bs-empty><\/bs-empty><\/dc-con><dc-con>        <\/p>\n<div class=\"customDescription\">                    <\/div>\n<p><\/dc-con><dc-con><\/p>\n<div>Sprchov\u00e9 kouty ze s\u00e9rie Kora, kter\u00e1 vn\u00e1\u0161\u00ed do ekonomick\u00e9 t\u0159\u00eddy nov\u00fd rozm\u011br kvality. Tlou\u0161\u0165ka bezpe\u010dnostn\u00edho skla je 4 mm. Sklo v \u010dir\u00e9m proveden\u00ed, chrom ALU. Sprchov\u00fd kout je osazen posuvn\u00fdmi dve\u0159mi, kter\u00e9 maj\u00ed lo\u017eiskov\u00e9 pojezdy s excentrick\u00fdm usazen\u00edm (mo\u017enost perfektn\u00edho se\u0159\u00edzen\u00ed). Dorazy zaji\u0161\u0165uj\u00ed minim\u00e1ln\u00ed n\u00e1razy p\u0159i otev\u00edr\u00e1n\u00ed a zav\u00edr\u00e1n\u00ed sprchov\u00e9ho koutu. <br \/>Spodn\u00ed pojezdy umo\u017e\u0148uj\u00ed odklopen\u00ed posuvn\u00e9 \u010d\u00e1sti sprchov\u00e9ho koutu a vy\u010di\u0161t\u011bn\u00ed b\u011b\u017en\u011b nedostupn\u00fdch m\u00edst. T\u011bsnost mezi pevnou a posuvnou \u010d\u00e1st\u00ed je zaji\u0161t\u011bna st\u00edrac\u00edmi silikonov\u00fdmi li\u0161tami na obou dvou \u010d\u00e1stech, nejedn\u00e1 se v\u0161ak o hermeticky uzav\u0159en\u00fd v\u00fdrobek.<\/p>\n<p>Sprchov\u00e9 vani\u010dky z lit\u00e9ho mramoru jsou opat\u0159eny ochrannou vrstvou Gelcoat, kter\u00e1 zaji\u0161\u0165uje st\u00e1lobarevnost a odolnost proti n\u00e1razu. <br \/>Tyto sprchov\u00e9 vani\u010dky, p\u0159edstavuj\u00ed nad\u010dasov\u00e9 a elegantn\u00ed \u0159e\u0161en\u00ed. <br \/>&#8211; snadn\u00e1 \u00fadr\u017eba <br \/>&#8211; vysok\u00e1 odolnost<br \/>&#8211; nad\u010dasov\u00fd materi\u00e1l<br \/>&#8211; otvor pro sifon o 90 mm<br \/>&#8211; v\u010d. sifonu <\/p>\n<p>Varianta mont\u00e1\u017ee lit\u00fdch vani\u010dek:<br \/>&#8211; na no\u017ei\u010dk\u00e1ch s panelem<br \/>&#8211; na no\u017ei\u010dk\u00e1ch obezd\u011bn\u00e1 <br \/>&#8211; usazen\u00e1 na dla\u017ebu<br \/>&#8211; podezd\u011bn\u00e1<\/div>\n<table class='techparam_table'>\n<tr>\n<td>Typ<\/td>\n<td>Sprchov\u00fd kout<\/td>\n<\/tr>\n<tr>\n<td>Sklo<\/td>\n<td>Grape<\/td>\n<\/tr>\n<tr>\n<td>Tvar<\/td>\n<td>\u010ctvrtkruh<\/td>\n<\/tr>\n<tr>\n<td>Barva<\/td>\n<td>Chrom<\/td>\n<\/tr>\n<tr>\n<td>S\u00e9rie<\/td>\n<td>Kora lite<\/td>\n<\/tr>\n<tr>\n<td>\u0160\u00ed\u0159ka<\/td>\n<td>900 mm<\/td>\n<\/tr>\n<tr>\n<td>Hloubka<\/td>\n<td>900 mm<\/td>\n<\/tr>\n<tr>\n<td>Polom\u011br<\/td>\n<td>R550<\/td>\n<\/tr>\n<tr>\n<td>Materi\u00e1l<\/td>\n<td>Hlin\u00edkov\u00e9 profily<\/td>\n<\/tr>\n<tr>\n<td>Proveden\u00ed<\/td>\n<td>L\/P univers\u00e1ln\u00ed<\/td>\n<\/tr>\n<tr>\n<td>Konstrukce<\/td>\n<td>Dve\u0159e \/ Dve\u0159e<\/td>\n<\/tr>\n<tr>\n<td>D\u00e9lka\/V\u00fd\u0161ka<\/td>\n<td>1850 mm<\/td>\n<\/tr>\n<tr>\n<td>Stavitelnost<\/td>\n<td>880-900 x 880-900<\/td>\n<\/tr>\n<tr>\n<td>Tlou\u0161\u0165ka skla<\/td>\n<td>4 mm<\/td>\n<\/tr>\n<tr>\n<td>Vstupn\u00ed otvor<\/td>\n<td>545<\/td>\n<\/tr>\n<tr>\n<td>Zp\u016fsob otev\u00edr\u00e1n\u00ed<\/td>\n<td>Zasunovac\u00ed<\/td>\n<\/tr>\n<\/table>\n<p><\/dc-con><\/dc-con><\/div>\n<\/p><\/div>\n<div id=\"PDTable3\" class=\"ProductDetailTableView v3a v3 bs-view dcon dc185 PDTable3\" >\n<table>\n<thead><\/thead>\n<tbody>\n<tr class=\"attribute attr_kategorie\">\n<td class=\"caption\">Kategorie<\/td>\n<td class=\"value\">\u010ctvrtkruh<\/td>\n<\/tr>\n<tr class=\"attribute attr_typskla\">\n<td class=\"caption\">Typ skla<\/td>\n<td class=\"value\">Grape<\/td>\n<\/tr>\n<tr class=\"attribute attr_radius\">\n<td class=\"caption\">R\u00e1dius<\/td>\n<td class=\"value\">R55<\/td>\n<\/tr>\n<tr class=\"attribute attr_bsshop_maker\">\n<td class=\"caption\">V\u00fdrobce<\/td>\n<td class=\"value\">Mereo<\/td>\n<\/tr>\n<\/tbody>\n<\/table>\n<\/div>\n<div id=\"ProductMedia\" class=\"ProductMediaView MediaViewBase v1a v1 bs-view dcon dc409 ProductMedia\" ><bs-empty><\/bs-empty><\/p>\n<div class=\"files\">\n<div class=\"title sub\">Soubory<\/div>\n<p><a href=\"\/media\/31800\/kora-lite-ctvrtkruh-navod-4mm-jazyky.pdf?&amp;key=ZGpmIyQwNUZfMzE4MDA=\" class=\"pdf\">KORA_LITE_ctvrtkruh_navod_4mm_jazyky.pdf<\/a><a href=\"\/media\/43157\/h6756481fc910f-kora-lite-ctvrtkruh-navod-4mm-jazyky-pdf-2024-04-02-09-32-17.pdf?&amp;key=ZGpmIyQwNUZfNDMxNTc=\" class=\"pdf\">h6756481fc910f-kora-lite-ctvrtkruh-navod-4mm-jazyky-pdf-2024-04-02-09-32-17.pdf<\/a><\/div>\n<p><bs-empty><\/bs-empty><\/div>\n<div id=\"PdProductGpsr\" class=\"ProductGpsrView v1a v1 bs-view dcon dc217 PdProductGpsr\" >\n<div class=\"subject\"><dc-root class=\"dcon dc219\"><span class=\"title\">Zodpov\u011bdn&#253; subjekt:<\/span><dc-con><dc-con><span class=\"company\">MSO Trade a.s.<\/span><span class=\"name\">MSO Trade<\/span><\/dc-con><dc-con><span class=\"street\">Svatoborsk&#225; 1431\/87c<\/span><span class=\"city\">Kyjov<\/span><span class=\"zip\">697 01<\/span><span class=\"country\">\u010cesko<\/span><\/dc-con><span class=\"email\">objednavky@msotrade.cz<\/span><span class=\"phone\">518 398 831<\/span><bs-empty><\/bs-empty><a href=\"https:\/\/www.msotrade.cz\/kontakt\/\" class=\"link\" target=\"_blank\">https:\/\/www.msotrade.cz\/kontakt\/<\/a><\/dc-con><bs-empty><\/bs-empty><\/dc-root><\/div>\n<p><bs-empty><\/bs-empty><\/div>\n<\/div>\n<div id=\"e7840583\" class=\"tabs\">\n","protected":false},"excerpt":{"rendered":"<p>Sprchov\u00e9 kouty ze s\u00e9rie Kora, kter\u00e1 vn\u00e1\u0161\u00ed do ekonomick\u00e9 t\u0159\u00eddy nov\u00fd rozm\u011br kvality. Tlou\u0161\u0165ka bezpe\u010dnostn\u00edho skla je 4 mm. Sklo v \u010dir\u00e9m proveden\u00ed, chrom ALU. Sprchov\u00fd kout je osazen posuvn\u00fdmi dve\u0159mi, kter\u00e9 maj\u00ed lo\u017eiskov\u00e9 pojezdy s excentrick\u00fdm usazen\u00edm (mo\u017enost perfektn\u00edho se\u0159\u00edzen\u00ed). Dorazy zaji\u0161\u0165uj\u00ed minim\u00e1ln\u00ed n\u00e1razy p\u0159i otev\u00edr\u00e1n\u00ed a zav\u00edr\u00e1n\u00ed sprchov\u00e9ho koutu. Spodn\u00ed pojezdy umo\u017e\u0148uj\u00ed odklopen\u00ed [&hellip;]<\/p>\n","protected":false},"featured_media":15405,"comment_status":"open","ping_status":"open","template":"","meta":[],"product_brand":[],"product_cat":[61],"product_tag":[],"class_list":{"0":"post-15305","1":"product","2":"type-product","3":"status-publish","4":"has-post-thumbnail","6":"product_cat-vybaven-237-koupelny","8":"first","9":"instock","10":"sale","11":"shipping-taxable","12":"purchasable","13":"product-type-simple"},"yoast_head":"<!-- This site is optimized with the Yoast SEO plugin v26.8 - https:\/\/yoast.com\/product\/yoast-seo-wordpress\/ -->\n<title>Zlevn\u011bn\u00fd Sprchov\u00fd set z Kory Lite, \u010dtvrtkruh, 90 cm, chrom ALU, sklo Grape a vani\u010dky z lit\u00e9ho mramoru. -<\/title>\n<meta name=\"robots\" content=\"index, follow, max-snippet:-1, max-image-preview:large, max-video-preview:-1\" \/>\n<link rel=\"canonical\" href=\"https:\/\/www.domstavpro.com\/index.php\/produkt\/zlevneny-sprchovy-set-z-kory-lite-ctvrtkruh-90-cm-chrom-alu-sklo-grape-a-vanicky-z-liteho-mramoru-15305\/\" \/>\n<meta property=\"og:locale\" content=\"cs_CZ\" \/>\n<meta property=\"og:type\" content=\"article\" \/>\n<meta property=\"og:title\" content=\"Zlevn\u011bn\u00fd Sprchov\u00fd set z Kory Lite, \u010dtvrtkruh, 90 cm, chrom ALU, sklo Grape a vani\u010dky z lit\u00e9ho mramoru. -\" \/>\n<meta property=\"og:description\" content=\"Sprchov\u00e9 kouty ze s\u00e9rie Kora, kter\u00e1 vn\u00e1\u0161\u00ed do ekonomick\u00e9 t\u0159\u00eddy nov\u00fd rozm\u011br kvality. Tlou\u0161\u0165ka bezpe\u010dnostn\u00edho skla je 4 mm. Sklo v \u010dir\u00e9m proveden\u00ed, chrom ALU. Sprchov\u00fd kout je osazen posuvn\u00fdmi dve\u0159mi, kter\u00e9 maj\u00ed lo\u017eiskov\u00e9 pojezdy s excentrick\u00fdm usazen\u00edm (mo\u017enost perfektn\u00edho se\u0159\u00edzen\u00ed). Dorazy zaji\u0161\u0165uj\u00ed minim\u00e1ln\u00ed n\u00e1razy p\u0159i otev\u00edr\u00e1n\u00ed a zav\u00edr\u00e1n\u00ed sprchov\u00e9ho koutu. Spodn\u00ed pojezdy umo\u017e\u0148uj\u00ed odklopen\u00ed [&hellip;]\" \/>\n<meta property=\"og:url\" content=\"https:\/\/www.domstavpro.com\/index.php\/produkt\/zlevneny-sprchovy-set-z-kory-lite-ctvrtkruh-90-cm-chrom-alu-sklo-grape-a-vanicky-z-liteho-mramoru-15305\/\" \/>\n<meta property=\"og:image\" content=\"https:\/\/www.domstavpro.com\/wp-content\/uploads\/2026\/SK0026819-CZ20260425-093449-0-1777080896-sprchovy-set-z-kory-lite-ctvrtkruh-90-cm-chrom-alu-sklo-gra.webp\" \/>\n\t<meta property=\"og:image:width\" content=\"1000\" \/>\n\t<meta property=\"og:image:height\" content=\"525\" \/>\n\t<meta property=\"og:image:type\" content=\"image\/webp\" \/>\n<meta name=\"twitter:card\" content=\"summary_large_image\" \/>\n<meta name=\"twitter:label1\" content=\"Odhadovan\u00e1 doba \u010dten\u00ed\" \/>\n\t<meta name=\"twitter:data1\" content=\"1 minuta\" \/>\n<script type=\"application\/ld+json\" class=\"yoast-schema-graph\">{\"@context\":\"https:\/\/schema.org\",\"@graph\":[{\"@type\":\"WebPage\",\"@id\":\"https:\/\/www.domstavpro.com\/index.php\/produkt\/zlevneny-sprchovy-set-z-kory-lite-ctvrtkruh-90-cm-chrom-alu-sklo-grape-a-vanicky-z-liteho-mramoru-15305\/\",\"url\":\"https:\/\/www.domstavpro.com\/index.php\/produkt\/zlevneny-sprchovy-set-z-kory-lite-ctvrtkruh-90-cm-chrom-alu-sklo-grape-a-vanicky-z-liteho-mramoru-15305\/\",\"name\":\"Zlevn\u011bn\u00fd Sprchov\u00fd set z Kory Lite, \u010dtvrtkruh, 90 cm, chrom ALU, sklo Grape a vani\u010dky z lit\u00e9ho mramoru. -\",\"isPartOf\":{\"@id\":\"https:\/\/www.domstavpro.com\/#website\"},\"primaryImageOfPage\":{\"@id\":\"https:\/\/www.domstavpro.com\/index.php\/produkt\/zlevneny-sprchovy-set-z-kory-lite-ctvrtkruh-90-cm-chrom-alu-sklo-grape-a-vanicky-z-liteho-mramoru-15305\/#primaryimage\"},\"image\":{\"@id\":\"https:\/\/www.domstavpro.com\/index.php\/produkt\/zlevneny-sprchovy-set-z-kory-lite-ctvrtkruh-90-cm-chrom-alu-sklo-grape-a-vanicky-z-liteho-mramoru-15305\/#primaryimage\"},\"thumbnailUrl\":\"https:\/\/www.domstavpro.com\/wp-content\/uploads\/2026\/SK0026819-CZ20260425-093449-0-1777080896-sprchovy-set-z-kory-lite-ctvrtkruh-90-cm-chrom-alu-sklo-gra.webp\",\"datePublished\":\"2026-04-27T15:08:29+00:00\",\"breadcrumb\":{\"@id\":\"https:\/\/www.domstavpro.com\/index.php\/produkt\/zlevneny-sprchovy-set-z-kory-lite-ctvrtkruh-90-cm-chrom-alu-sklo-grape-a-vanicky-z-liteho-mramoru-15305\/#breadcrumb\"},\"inLanguage\":\"cs\",\"potentialAction\":[{\"@type\":\"ReadAction\",\"target\":[\"https:\/\/www.domstavpro.com\/index.php\/produkt\/zlevneny-sprchovy-set-z-kory-lite-ctvrtkruh-90-cm-chrom-alu-sklo-grape-a-vanicky-z-liteho-mramoru-15305\/\"]}]},{\"@type\":\"ImageObject\",\"inLanguage\":\"cs\",\"@id\":\"https:\/\/www.domstavpro.com\/index.php\/produkt\/zlevneny-sprchovy-set-z-kory-lite-ctvrtkruh-90-cm-chrom-alu-sklo-grape-a-vanicky-z-liteho-mramoru-15305\/#primaryimage\",\"url\":\"https:\/\/www.domstavpro.com\/wp-content\/uploads\/2026\/SK0026819-CZ20260425-093449-0-1777080896-sprchovy-set-z-kory-lite-ctvrtkruh-90-cm-chrom-alu-sklo-gra.webp\",\"contentUrl\":\"https:\/\/www.domstavpro.com\/wp-content\/uploads\/2026\/SK0026819-CZ20260425-093449-0-1777080896-sprchovy-set-z-kory-lite-ctvrtkruh-90-cm-chrom-alu-sklo-gra.webp\",\"width\":1000,\"height\":525},{\"@type\":\"BreadcrumbList\",\"@id\":\"https:\/\/www.domstavpro.com\/index.php\/produkt\/zlevneny-sprchovy-set-z-kory-lite-ctvrtkruh-90-cm-chrom-alu-sklo-grape-a-vanicky-z-liteho-mramoru-15305\/#breadcrumb\",\"itemListElement\":[{\"@type\":\"ListItem\",\"position\":1,\"name\":\"Home\",\"item\":\"https:\/\/www.domstavpro.com\/\"},{\"@type\":\"ListItem\",\"position\":2,\"name\":\"Products\",\"item\":\"https:\/\/www.domstavpro.com\/index.php\/products\/\"},{\"@type\":\"ListItem\",\"position\":3,\"name\":\"Zlevn\u011bn\u00fd Sprchov\u00fd set z Kory Lite, \u010dtvrtkruh, 90 cm, chrom ALU, sklo Grape a vani\u010dky z lit\u00e9ho mramoru.\"}]},{\"@type\":\"WebSite\",\"@id\":\"https:\/\/www.domstavpro.com\/#website\",\"url\":\"https:\/\/www.domstavpro.com\/\",\"name\":\"\",\"description\":\"\",\"potentialAction\":[{\"@type\":\"SearchAction\",\"target\":{\"@type\":\"EntryPoint\",\"urlTemplate\":\"https:\/\/www.domstavpro.com\/?s={search_term_string}\"},\"query-input\":{\"@type\":\"PropertyValueSpecification\",\"valueRequired\":true,\"valueName\":\"search_term_string\"}}],\"inLanguage\":\"cs\"}]}<\/script>\n<!-- \/ Yoast SEO plugin. -->","yoast_head_json":{"title":"Zlevn\u011bn\u00fd Sprchov\u00fd set z Kory Lite, \u010dtvrtkruh, 90 cm, chrom ALU, sklo Grape a vani\u010dky z lit\u00e9ho mramoru. -","robots":{"index":"index","follow":"follow","max-snippet":"max-snippet:-1","max-image-preview":"max-image-preview:large","max-video-preview":"max-video-preview:-1"},"canonical":"https:\/\/www.domstavpro.com\/index.php\/produkt\/zlevneny-sprchovy-set-z-kory-lite-ctvrtkruh-90-cm-chrom-alu-sklo-grape-a-vanicky-z-liteho-mramoru-15305\/","og_locale":"cs_CZ","og_type":"article","og_title":"Zlevn\u011bn\u00fd Sprchov\u00fd set z Kory Lite, \u010dtvrtkruh, 90 cm, chrom ALU, sklo Grape a vani\u010dky z lit\u00e9ho mramoru. -","og_description":"Sprchov\u00e9 kouty ze s\u00e9rie Kora, kter\u00e1 vn\u00e1\u0161\u00ed do ekonomick\u00e9 t\u0159\u00eddy nov\u00fd rozm\u011br kvality. Tlou\u0161\u0165ka bezpe\u010dnostn\u00edho skla je 4 mm. Sklo v \u010dir\u00e9m proveden\u00ed, chrom ALU. Sprchov\u00fd kout je osazen posuvn\u00fdmi dve\u0159mi, kter\u00e9 maj\u00ed lo\u017eiskov\u00e9 pojezdy s excentrick\u00fdm usazen\u00edm (mo\u017enost perfektn\u00edho se\u0159\u00edzen\u00ed). Dorazy zaji\u0161\u0165uj\u00ed minim\u00e1ln\u00ed n\u00e1razy p\u0159i otev\u00edr\u00e1n\u00ed a zav\u00edr\u00e1n\u00ed sprchov\u00e9ho koutu. Spodn\u00ed pojezdy umo\u017e\u0148uj\u00ed odklopen\u00ed [&hellip;]","og_url":"https:\/\/www.domstavpro.com\/index.php\/produkt\/zlevneny-sprchovy-set-z-kory-lite-ctvrtkruh-90-cm-chrom-alu-sklo-grape-a-vanicky-z-liteho-mramoru-15305\/","og_image":[{"width":1000,"height":525,"url":"https:\/\/www.domstavpro.com\/wp-content\/uploads\/2026\/SK0026819-CZ20260425-093449-0-1777080896-sprchovy-set-z-kory-lite-ctvrtkruh-90-cm-chrom-alu-sklo-gra.webp","type":"image\/webp"}],"twitter_card":"summary_large_image","twitter_misc":{"Odhadovan\u00e1 doba \u010dten\u00ed":"1 minuta"},"schema":{"@context":"https:\/\/schema.org","@graph":[{"@type":"WebPage","@id":"https:\/\/www.domstavpro.com\/index.php\/produkt\/zlevneny-sprchovy-set-z-kory-lite-ctvrtkruh-90-cm-chrom-alu-sklo-grape-a-vanicky-z-liteho-mramoru-15305\/","url":"https:\/\/www.domstavpro.com\/index.php\/produkt\/zlevneny-sprchovy-set-z-kory-lite-ctvrtkruh-90-cm-chrom-alu-sklo-grape-a-vanicky-z-liteho-mramoru-15305\/","name":"Zlevn\u011bn\u00fd Sprchov\u00fd set z Kory Lite, \u010dtvrtkruh, 90 cm, chrom ALU, sklo Grape a vani\u010dky z lit\u00e9ho mramoru. -","isPartOf":{"@id":"https:\/\/www.domstavpro.com\/#website"},"primaryImageOfPage":{"@id":"https:\/\/www.domstavpro.com\/index.php\/produkt\/zlevneny-sprchovy-set-z-kory-lite-ctvrtkruh-90-cm-chrom-alu-sklo-grape-a-vanicky-z-liteho-mramoru-15305\/#primaryimage"},"image":{"@id":"https:\/\/www.domstavpro.com\/index.php\/produkt\/zlevneny-sprchovy-set-z-kory-lite-ctvrtkruh-90-cm-chrom-alu-sklo-grape-a-vanicky-z-liteho-mramoru-15305\/#primaryimage"},"thumbnailUrl":"https:\/\/www.domstavpro.com\/wp-content\/uploads\/2026\/SK0026819-CZ20260425-093449-0-1777080896-sprchovy-set-z-kory-lite-ctvrtkruh-90-cm-chrom-alu-sklo-gra.webp","datePublished":"2026-04-27T15:08:29+00:00","breadcrumb":{"@id":"https:\/\/www.domstavpro.com\/index.php\/produkt\/zlevneny-sprchovy-set-z-kory-lite-ctvrtkruh-90-cm-chrom-alu-sklo-grape-a-vanicky-z-liteho-mramoru-15305\/#breadcrumb"},"inLanguage":"cs","potentialAction":[{"@type":"ReadAction","target":["https:\/\/www.domstavpro.com\/index.php\/produkt\/zlevneny-sprchovy-set-z-kory-lite-ctvrtkruh-90-cm-chrom-alu-sklo-grape-a-vanicky-z-liteho-mramoru-15305\/"]}]},{"@type":"ImageObject","inLanguage":"cs","@id":"https:\/\/www.domstavpro.com\/index.php\/produkt\/zlevneny-sprchovy-set-z-kory-lite-ctvrtkruh-90-cm-chrom-alu-sklo-grape-a-vanicky-z-liteho-mramoru-15305\/#primaryimage","url":"https:\/\/www.domstavpro.com\/wp-content\/uploads\/2026\/SK0026819-CZ20260425-093449-0-1777080896-sprchovy-set-z-kory-lite-ctvrtkruh-90-cm-chrom-alu-sklo-gra.webp","contentUrl":"https:\/\/www.domstavpro.com\/wp-content\/uploads\/2026\/SK0026819-CZ20260425-093449-0-1777080896-sprchovy-set-z-kory-lite-ctvrtkruh-90-cm-chrom-alu-sklo-gra.webp","width":1000,"height":525},{"@type":"BreadcrumbList","@id":"https:\/\/www.domstavpro.com\/index.php\/produkt\/zlevneny-sprchovy-set-z-kory-lite-ctvrtkruh-90-cm-chrom-alu-sklo-grape-a-vanicky-z-liteho-mramoru-15305\/#breadcrumb","itemListElement":[{"@type":"ListItem","position":1,"name":"Home","item":"https:\/\/www.domstavpro.com\/"},{"@type":"ListItem","position":2,"name":"Products","item":"https:\/\/www.domstavpro.com\/index.php\/products\/"},{"@type":"ListItem","position":3,"name":"Zlevn\u011bn\u00fd Sprchov\u00fd set z Kory Lite, \u010dtvrtkruh, 90 cm, chrom ALU, sklo Grape a vani\u010dky z lit\u00e9ho mramoru."}]},{"@type":"WebSite","@id":"https:\/\/www.domstavpro.com\/#website","url":"https:\/\/www.domstavpro.com\/","name":"","description":"","potentialAction":[{"@type":"SearchAction","target":{"@type":"EntryPoint","urlTemplate":"https:\/\/www.domstavpro.com\/?s={search_term_string}"},"query-input":{"@type":"PropertyValueSpecification","valueRequired":true,"valueName":"search_term_string"}}],"inLanguage":"cs"}]}},"_links":{"self":[{"href":"https:\/\/www.domstavpro.com\/index.php\/wp-json\/wp\/v2\/product\/15305","targetHints":{"allow":["GET"]}}],"collection":[{"href":"https:\/\/www.domstavpro.com\/index.php\/wp-json\/wp\/v2\/product"}],"about":[{"href":"https:\/\/www.domstavpro.com\/index.php\/wp-json\/wp\/v2\/types\/product"}],"replies":[{"embeddable":true,"href":"https:\/\/www.domstavpro.com\/index.php\/wp-json\/wp\/v2\/comments?post=15305"}],"wp:featuredmedia":[{"embeddable":true,"href":"https:\/\/www.domstavpro.com\/index.php\/wp-json\/wp\/v2\/media\/15405"}],"wp:attachment":[{"href":"https:\/\/www.domstavpro.com\/index.php\/wp-json\/wp\/v2\/media?parent=15305"}],"wp:term":[{"taxonomy":"product_brand","embeddable":true,"href":"https:\/\/www.domstavpro.com\/index.php\/wp-json\/wp\/v2\/product_brand?post=15305"},{"taxonomy":"product_cat","embeddable":true,"href":"https:\/\/www.domstavpro.com\/index.php\/wp-json\/wp\/v2\/product_cat?post=15305"},{"taxonomy":"product_tag","embeddable":true,"href":"https:\/\/www.domstavpro.com\/index.php\/wp-json\/wp\/v2\/product_tag?post=15305"}],"curies":[{"name":"wp","href":"https:\/\/api.w.org\/{rel}","templated":true}]}}